{"id":15,"date":"2018-02-22T10:54:38","date_gmt":"2018-02-22T10:54:38","guid":{"rendered":"http:\/\/localhost\/ull\/doctorados\/?page_id=13"},"modified":"2025-05-20T11:37:13","modified_gmt":"2025-05-20T11:37:13","slug":"inicio","status":"publish","type":"page","link":"https:\/\/www.ull.es\/doctorados\/educacion-extincion\/","title":{"rendered":"Inicio"},"content":{"rendered":"\n<div class=\"wp-block-stackable-columns alignfull stk-block-columns stk-block stk-78697e3 stk-block-background stk--has-background-overlay\" data-block-id=\"78697e3\"><style>.stk-78697e3 {background-image:url(http:\/\/www.ull.es\/doctorados\/ciencias-salud\/wp-content\/uploads\/sites\/2\/2019\/06\/AzulClaro_BannerDoctorados.jpg) !important;}<\/style><div class=\"stk-row stk-inner-blocks stk-block-content stk-content-align stk-78697e3-column alignfull\">\n<div class=\"wp-block-stackable-column stk-block-column stk-column stk-block stk-e8e90b6\" data-v=\"4\" data-block-id=\"e8e90b6\"><div class=\"stk-column-wrapper stk-block-column__content stk-container stk-e8e90b6-container stk--no-background stk--no-padding\"><div class=\"stk-block-content stk-inner-blocks stk-e8e90b6-inner-blocks\">\n<div class=\"wp-block-stackable-heading stk-block-heading stk-block-heading--v2 stk-block stk-1a85851\" id=\"programa-de-doctorado-en-educacion-en-extincion\" data-block-id=\"1a85851\"><style>.stk-1a85851 {padding-top:3% !important;padding-bottom:3% !important;}.stk-1a85851 .stk-block-heading__text{font-size:35px !important;color:#ffffff !important;font-weight:300 !important;font-family:\"ArgentumSans\", Sans-serif !important;}@media screen and (max-width: 1023px){.stk-1a85851 .stk-block-heading__text{font-size:35px !important;}}<\/style><h2 class=\"stk-block-heading__text has-text-color has-text-align-center\">Programa de Doctorado en Educaci\u00f3n (En extinci\u00f3n)<\/h2><\/div>\n<\/div><\/div><\/div>\n<\/div><\/div>\n\n\n\n<div class=\"wp-block-stackable-columns stk-block-columns stk-block stk-d73d9a8 stk-block-background\" data-block-id=\"d73d9a8\"><style>.stk-d73d9a8 {background-color:#ffffff !important;margin-top:-30px !important;}.stk-d73d9a8:before{background-color:#ffffff !important;}<\/style><div class=\"stk-row stk-inner-blocks stk-block-content stk-content-align stk-d73d9a8-column\">\n<div class=\"wp-block-stackable-column stk-block-column stk-column stk-block stk-b3b8294\" data-v=\"4\" data-block-id=\"b3b8294\"><div class=\"stk-column-wrapper stk-block-column__content stk-container stk-b3b8294-container stk--no-background stk--no-padding\"><div class=\"stk-block-content stk-inner-blocks stk-b3b8294-inner-blocks\">\n<div class=\"shortcode-descripcion\">\n    <p>El Doctorado en Educaci\u00f3n de la Universidad de La Laguna responde a las necesidades presentes y futuras de investigaci\u00f3n en el campo de la educaci\u00f3n, en un contexto social que incluyen el cambio y la innovaci\u00f3n como reto, hacia la sostenibilidad, el desarrollo tecnol\u00f3gico, la atenci\u00f3n a la diversidad, la educaci\u00f3n a lo largo de la vida y el bienestar. Desde un marco social europeo consolidado, ampl\u00eda su proyecci\u00f3n internacional hacia la incorporaci\u00f3n de otros escenarios, como son los espacios africanos y americanos, a trav\u00e9s de programas de cooperaci\u00f3n interuniversitaria que facilitan la extensi\u00f3n de la oferta a estudiantes de otras universidades y la movilidad y el intercambio de todo el alumnado. Todo esto se plasma en el desarrollo de dos l\u00edneas de investigaci\u00f3n, que aglutinan una amplia relaci\u00f3n de situaciones y problemas objeto de investigaci\u00f3n.<\/p><\/div>\n\n\n\n\n\n<div class=\"wp-block-stackable-spacer stk-block-spacer stk--no-padding stk-block stk-5e19c01\" data-block-id=\"5e19c01\"><\/div>\n<\/div><\/div><\/div>\n<\/div><\/div>\n\n\n\n<div class=\"wp-block-stackable-columns alignfull stk-block-columns stk-block stk-3627255 stk-block-background\" data-block-id=\"3627255\"><style>.stk-3627255 {margin-bottom:50px !important;}<\/style><div class=\"stk-row stk-inner-blocks stk-block-content stk-content-align stk-3627255-column alignfull\">\n<div class=\"wp-block-stackable-column stk-block-column stk-column stk-block stk-81e665a\" data-v=\"4\" data-block-id=\"81e665a\"><div class=\"stk-column-wrapper stk-block-column__content stk-container stk-81e665a-container stk--no-background stk--no-padding\"><div class=\"stk-block-content stk-inner-blocks stk-81e665a-inner-blocks\">\n<div class=\"wp-block-stackable-columns alignwide stk-block-columns stk-block stk-235020b\" data-block-id=\"235020b\"><style>.stk-235020b {padding-right:15% !important;padding-left:15% !important;margin-bottom:10px !important;}.stk-235020b-column{--stk-column-gap:25px !important;}<\/style><div class=\"stk-row stk-inner-blocks stk-block-content stk-content-align stk-235020b-column alignwide\">\n<div class=\"wp-block-stackable-column stk-block-column stk-column stk-block stk-332643c stk-block-background\" data-v=\"4\" data-block-id=\"332643c\"><style>.stk-332643c {background-color:#44919d !important;padding-top:5px !important;padding-bottom:50px !important;padding-left:5px !important;}.stk-332643c:before{background-color:#44919d !important;}<\/style><div class=\"stk-column-wrapper stk-block-column__content stk-container stk-332643c-container stk--no-background stk--no-padding\"><div class=\"stk-block-content stk-inner-blocks stk-332643c-inner-blocks\">\n<div class=\"wp-block-stackable-text stk-block-text stk-block stk-2f7ec9f\" data-block-id=\"2f7ec9f\"><style>.stk-2f7ec9f {padding-bottom:50px !important;}.stk-2f7ec9f .stk-block-text__text{font-size:22px !important;color:#ffffff !important;}@media screen and (max-width: 1023px){.stk-2f7ec9f .stk-block-text__text{font-size:22px !important;}}<\/style><p class=\"stk-block-text__text has-text-color\">Acceso y admisi\u00f3n<\/p><\/div>\n<\/div><a class=\"stk-link stk-block-link stk--transparent-overlay\" href=\"https:\/\/www.ull.es\/doctorados\/educacion-extincion\/informacion-academica\/acceso-admision\/\" aria-hidden=\"true\" tabindex=\"-1\" target=\"_blank\" rel=\"noopener\"><\/a><\/div><\/div>\n\n\n\n<div class=\"wp-block-stackable-column stk-block-column stk-column stk-block stk-3e8bacf stk-block-background\" data-v=\"4\" data-block-id=\"3e8bacf\"><style>.stk-3e8bacf {background-color:#5c068c !important;padding-top:5px !important;padding-left:5px !important;}.stk-3e8bacf:before{background-color:#5c068c !important;}<\/style><div class=\"stk-column-wrapper stk-block-column__content stk-container stk-3e8bacf-container stk--no-background stk--no-padding\"><div class=\"stk-block-content stk-inner-blocks stk-3e8bacf-inner-blocks\">\n<div class=\"wp-block-stackable-text stk-block-text stk-block stk-1dc0fd9\" data-block-id=\"1dc0fd9\"><style>.stk-1dc0fd9 .stk-block-text__text{font-size:22px !important;color:#ffffff !important;}@media screen and (max-width: 1023px){.stk-1dc0fd9 .stk-block-text__text{font-size:22px !important;}}<\/style><p class=\"stk-block-text__text has-text-color\">Actividades formativas<\/p><\/div>\n<\/div><a class=\"stk-link stk-block-link stk--transparent-overlay\" href=\"https:\/\/www.ull.es\/doctorados\/educacion-extincion\/organizacion-del-programa\/actividades-formativas\/\" aria-hidden=\"true\" tabindex=\"-1\" target=\"_blank\" rel=\"noopener\"><\/a><\/div><\/div>\n\n\n\n<div class=\"wp-block-stackable-column stk-block-column stk-column stk-block stk-4dd0507 stk-block-background\" data-v=\"4\" data-block-id=\"4dd0507\"><style>.stk-4dd0507 {background-color:#028ace !important;padding-top:5px !important;padding-left:5px !important;}.stk-4dd0507:before{background-color:#028ace !important;}<\/style><div class=\"stk-column-wrapper stk-block-column__content stk-container stk-4dd0507-container stk--no-background stk--no-padding\"><div class=\"stk-block-content stk-inner-blocks stk-4dd0507-inner-blocks\">\n<div class=\"wp-block-stackable-text stk-block-text stk-block stk-beb6de7\" data-block-id=\"beb6de7\"><style>.stk-beb6de7 .stk-block-text__text{font-size:22px !important;color:#ffffff !important;}@media screen and (max-width: 1023px){.stk-beb6de7 .stk-block-text__text{font-size:22px !important;}}<\/style><p class=\"stk-block-text__text has-text-color\">Portal del Estudiante<\/p><\/div>\n<\/div><a class=\"stk-link stk-block-link stk--transparent-overlay\" href=\"https:\/\/www.ull.es\/estudiantes\" aria-hidden=\"true\" tabindex=\"-1\" target=\"_blank\" rel=\"noopener\"><\/a><\/div><\/div>\n<\/div><\/div>\n\n\n\n<div class=\"wp-block-stackable-columns alignwide stk-block-columns stk-block stk-83cae4f\" data-block-id=\"83cae4f\"><style>.stk-83cae4f {padding-right:15% !important;padding-bottom:0% !important;padding-left:15% !important;}.stk-83cae4f-column{--stk-column-gap:25px !important;}<\/style><div class=\"stk-row stk-inner-blocks stk-block-content stk-content-align stk-83cae4f-column alignwide\">\n<div class=\"wp-block-stackable-column stk-block-column stk-column stk-block stk-4197904 stk-block-background\" data-v=\"4\" data-block-id=\"4197904\"><style>.stk-4197904 {background-color:#44919d !important;padding-top:5px !important;padding-bottom:10px !important;padding-left:5px !important;}.stk-4197904:before{background-color:#44919d !important;}<\/style><div class=\"stk-column-wrapper stk-block-column__content stk-container stk-4197904-container stk--no-background stk--no-padding\"><div class=\"stk-block-content stk-inner-blocks stk-4197904-inner-blocks\">\n<div class=\"wp-block-stackable-text stk-block-text stk-block stk-2bce2de\" data-block-id=\"2bce2de\"><style>.stk-2bce2de {padding-bottom:50px !important;}.stk-2bce2de .stk-block-text__text{font-size:22px !important;color:#ffffff !important;}@media screen and (max-width: 1023px){.stk-2bce2de .stk-block-text__text{font-size:22px !important;}}<\/style><p class=\"stk-block-text__text has-text-color\">Supervisi\u00f3n de tesis<\/p><\/div>\n\n\n\n<div class=\"wp-block-stackable-icon stk-block-icon stk-block stk-36656ac\" data-block-id=\"36656ac\"><style>.stk-36656ac {padding-bottom:0px !important;}.stk-36656ac .stk--svg-wrapper .stk--inner-svg svg:last-child{height:20px !important;width:20px !important;}.stk-36656ac .stk--svg-wrapper .stk--inner-svg svg:last-child, .stk-36656ac .stk--svg-wrapper .stk--inner-svg svg:last-child :is(g, path, rect, polygon, ellipse){fill:#ffffff !important;}<\/style><span class=\"stk--svg-wrapper\"><div class=\"stk--inner-svg\"><svg style=\"height:0;width:0\"><defs><linearGradient id=\"linear-gradient-36656ac\" x1=\"0\" x2=\"100%\" y1=\"0\" y2=\"0\"><stop offset=\"0%\" style=\"stop-opacity:1;stop-color:var(--linear-gradient-36656-ac-color-1)\"><\/stop><stop offset=\"100%\" style=\"stop-opacity:1;stop-color:var(--linear-gradient-36656-ac-color-2)\"><\/stop><\/linearGradient><\/defs><\/svg><svg xmlns=\"http:\/\/www.w3.org\/2000\/svg\" viewBox=\"0 0 448 512\" aria-hidden=\"true\" width=\"32\" height=\"32\"><path d=\"M152 24c0-13.3-10.7-24-24-24s-24 10.7-24 24V64H64C28.7 64 0 92.7 0 128v16 48V448c0 35.3 28.7 64 64 64H384c35.3 0 64-28.7 64-64V192 144 128c0-35.3-28.7-64-64-64H344V24c0-13.3-10.7-24-24-24s-24 10.7-24 24V64H152V24zM48 192h80v56H48V192zm0 104h80v64H48V296zm128 0h96v64H176V296zm144 0h80v64H320V296zm80-48H320V192h80v56zm0 160v40c0 8.8-7.2 16-16 16H320V408h80zm-128 0v56H176V408h96zm-144 0v56H64c-8.8 0-16-7.2-16-16V408h80zM272 248H176V192h96v56z\"><\/path><\/svg><\/div><\/span><\/div>\n<\/div><a class=\"stk-link stk-block-link stk--transparent-overlay\" href=\"https:\/\/www.ull.es\/doctorados\/educacion-extincion\/organizacion-del-programa\/supervision-tesis\/\" aria-hidden=\"true\" tabindex=\"-1\" target=\"_blank\" rel=\"noopener\"><\/a><\/div><\/div>\n\n\n\n<div class=\"wp-block-stackable-column stk-block-column stk-column stk-block stk-c7cdf8b stk-block-background\" data-v=\"4\" data-block-id=\"c7cdf8b\"><style>.stk-c7cdf8b {background-color:#5c068c !important;padding-top:5px !important;padding-bottom:0px !important;padding-left:5px !important;}.stk-c7cdf8b:before{background-color:#5c068c !important;}.stk-c7cdf8b-container{padding-top:0px !important;padding-right:0px !important;padding-bottom:0px !important;padding-left:0px !important;}<\/style><div class=\"stk-column-wrapper stk-block-column__content stk-container stk-c7cdf8b-container stk--no-background stk--no-padding\"><div class=\"stk-block-content stk-inner-blocks stk-c7cdf8b-inner-blocks\">\n<div class=\"wp-block-stackable-text stk-block-text stk-block stk-89e36f6\" data-block-id=\"89e36f6\"><style>.stk-89e36f6 {margin-bottom:80px !important;}.stk-89e36f6 .stk-block-text__text{font-size:22px !important;color:#ffffff !important;}@media screen and (max-width: 1023px){.stk-89e36f6 .stk-block-text__text{font-size:22px !important;}}<\/style><p class=\"stk-block-text__text has-text-color\">Memorias de verificaci\u00f3n<\/p><\/div>\n\n\n\n<div class=\"wp-block-stackable-icon stk-block-icon stk-block stk-91472fa\" data-block-id=\"91472fa\"><style>.stk-91472fa {padding-bottom:0px !important;}.stk-91472fa .stk--svg-wrapper .stk--inner-svg svg:last-child{height:20px !important;width:20px !important;}.stk-91472fa .stk--svg-wrapper .stk--inner-svg svg:last-child, .stk-91472fa .stk--svg-wrapper .stk--inner-svg svg:last-child :is(g, path, rect, polygon, ellipse){fill:#ffffff !important;}<\/style><span class=\"stk--svg-wrapper\"><div class=\"stk--inner-svg\"><svg style=\"height:0;width:0\"><defs><linearGradient id=\"linear-gradient-91472fa\" x1=\"0\" x2=\"100%\" y1=\"0\" y2=\"0\"><stop offset=\"0%\" style=\"stop-opacity:1;stop-color:var(--linear-gradient-91472-fa-color-1)\"><\/stop><stop offset=\"100%\" style=\"stop-opacity:1;stop-color:var(--linear-gradient-91472-fa-color-2)\"><\/stop><\/linearGradient><\/defs><\/svg><svg xmlns=\"http:\/\/www.w3.org\/2000\/svg\" viewBox=\"0 0 512 512\" aria-hidden=\"true\" width=\"32\" height=\"32\"><path d=\"M184 48H328c4.4 0 8 3.6 8 8V96H176V56c0-4.4 3.6-8 8-8zm-56 8V96H64C28.7 96 0 124.7 0 160v96H192 320 512V160c0-35.3-28.7-64-64-64H384V56c0-30.9-25.1-56-56-56H184c-30.9 0-56 25.1-56 56zM512 288H320v32c0 17.7-14.3 32-32 32H224c-17.7 0-32-14.3-32-32V288H0V416c0 35.3 28.7 64 64 64H448c35.3 0 64-28.7 64-64V288z\"><\/path><\/svg><\/div><\/span><\/div>\n<\/div><a class=\"stk-link stk-block-link stk--transparent-overlay\" href=\"https:\/\/drive.google.com\/file\/d\/0Bxi8Rp1_THQzdDRjSDRaTnFCNDg\/view\" aria-hidden=\"true\" tabindex=\"-1\" target=\"_blank\" rel=\"noopener\"><\/a><\/div><\/div>\n\n\n\n<div class=\"wp-block-stackable-column stk-block-column stk-column stk-block stk-1da3656 stk-block-background\" data-v=\"4\" data-block-id=\"1da3656\"><style>.stk-1da3656 {background-color:#028ace !important;padding-top:5px !important;padding-bottom:0px !important;padding-left:5px !important;}.stk-1da3656:before{background-color:#028ace !important;}.stk-1da3656-container{padding-top:0px !important;padding-right:0px !important;padding-bottom:0px !important;padding-left:0px !important;}<\/style><div class=\"stk-column-wrapper stk-block-column__content stk-container stk-1da3656-container stk--no-background stk--no-padding\"><div class=\"stk-block-content stk-inner-blocks stk-1da3656-inner-blocks\">\n<div class=\"wp-block-stackable-text stk-block-text stk-block stk-95e91ff\" data-block-id=\"95e91ff\"><style>.stk-95e91ff {margin-bottom:80px !important;}.stk-95e91ff .stk-block-text__text{font-size:22px !important;color:#ffffff !important;}@media screen and (max-width: 1023px){.stk-95e91ff .stk-block-text__text{font-size:22px !important;}}<\/style><p class=\"stk-block-text__text has-text-color\">L\u00edneas de investigaci\u00f3n<\/p><\/div>\n\n\n\n<div class=\"wp-block-stackable-icon stk-block-icon stk-block stk-dbece95\" data-block-id=\"dbece95\"><style>.stk-dbece95 {padding-bottom:0px !important;}.stk-dbece95 .stk--svg-wrapper .stk--inner-svg svg:last-child{height:20px !important;width:20px !important;}.stk-dbece95 .stk--svg-wrapper .stk--inner-svg svg:last-child, .stk-dbece95 .stk--svg-wrapper .stk--inner-svg svg:last-child :is(g, path, rect, polygon, ellipse){fill:#ffffff !important;}<\/style><span class=\"stk--svg-wrapper\"><div class=\"stk--inner-svg\"><svg style=\"height:0;width:0\"><defs><linearGradient id=\"linear-gradient-dbece95\" x1=\"0\" x2=\"100%\" y1=\"0\" y2=\"0\"><stop offset=\"0%\" style=\"stop-opacity:1;stop-color:var(--linear-gradient-dbece-95-color-1)\"><\/stop><stop offset=\"100%\" style=\"stop-opacity:1;stop-color:var(--linear-gradient-dbece-95-color-2)\"><\/stop><\/linearGradient><\/defs><\/svg><svg xmlns=\"http:\/\/www.w3.org\/2000\/svg\" viewBox=\"0 0 512 512\" aria-hidden=\"true\" width=\"32\" height=\"32\"><path d=\"M256 512A256 256 0 1 0 256 0a256 256 0 1 0 0 512zM216 336h24V272H216c-13.3 0-24-10.7-24-24s10.7-24 24-24h48c13.3 0 24 10.7 24 24v88h8c13.3 0 24 10.7 24 24s-10.7 24-24 24H216c-13.3 0-24-10.7-24-24s10.7-24 24-24zm40-208a32 32 0 1 1 0 64 32 32 0 1 1 0-64z\"><\/path><\/svg><\/div><\/span><\/div>\n<\/div><a class=\"stk-link stk-block-link stk--transparent-overlay\" href=\"https:\/\/www.ull.es\/doctorados\/educacion-extincion\/organizacion-del-programa\/lineas-de-investigacion\/\" aria-hidden=\"true\" tabindex=\"-1\" target=\"_blank\" rel=\"noopener\"><\/a><\/div><\/div>\n<\/div><\/div>\n<\/div><\/div><\/div>\n<\/div><\/div>\n\n\n\n<div class=\"wp-block-stackable-columns alignwide stk-block-columns stk-block stk-926ebf0\" data-block-id=\"926ebf0\"><style>.stk-926ebf0 {padding-right:25% !important;padding-left:25% !important;}<\/style><div class=\"stk-row stk-inner-blocks stk-block-content stk-content-align stk-926ebf0-column alignwide\">\n<div class=\"wp-block-stackable-column stk-block-column stk-column stk-block stk-2cb2308\" data-v=\"4\" data-block-id=\"2cb2308\"><style>@media screen and (min-width: 768px){.stk-2cb2308 {flex:var(--stk-flex-grow, 1) 1 calc(66.666% - var(--stk-column-gap, 0px) * 1 \/ 2 ) !important;}}<\/style><div class=\"stk-column-wrapper stk-block-column__content stk-container stk-2cb2308-container stk--no-background stk--no-padding\"><div class=\"stk-block-content stk-inner-blocks stk-2cb2308-inner-blocks\"><style>\n    .news-group .bg-size {\n        background-position: center;\n        background-size: cover;\n        width: 100%;\n        height: 48px;\n    }\n    .news-group .list-group-item-text {\n        font-size: 13px;\n    }\n    .news-group .col-md-3 {\n        padding-right: 0;\n    }\n    .news-group .list-group-item-date {\n        font-size: 11px;\n        color: #A4A4A4;\n        margin-bottom: 2px;\n        text-transform: uppercase;\n    }\n\n    .mensaje.alert-warning{\n        font-size: 12px;\n        margin: 14px !important;\n        padding: 4px 8px;\n        color: #cca60b;\n    }\n\n<\/style>\n\n<div class=\"panel panel-default\">\n    <div class=\"panel-heading\">\n        <h3 class=\"panel-title\">Notificaciones<\/h3>\n    <\/div>\n\n    <div class=\"list-group news-group\">\n                            <a href=\"https:\/\/www.ull.es\/portal\/noticias\/2026\/la-investigadora-de-la-ull-melanie-calero-premiada-por-el-uso-de-ia-en-la-deteccion-del-riesgo-de-suicidio-en-adolescentes\/\" class=\"list-group-item\">\n                    <div class=\"row\">\n                        <div class=\"col-md-12\">\n                            <p class=\"list-group-item-date\">\n                                25 Feb 2026 - 12:30 UTC                            <\/p>\n                            <p class=\"list-group-item-text\">La investigadora de la ULL Melanie Calero, premiada por el uso de IA en la detecci\u00f3n del riesgo de suicidio en adolescentes<\/p>\n                        <\/div>\n                    <\/div>\n                <\/a>\n                            <a href=\"https:\/\/www.ull.es\/portal\/noticias\/2026\/tesis-ull-nuevos-biomarcadores-lupus-eritematoso-sistemico\/\" class=\"list-group-item\">\n                    <div class=\"row\">\n                        <div class=\"col-md-12\">\n                            <p class=\"list-group-item-date\">\n                                10 Feb 2026 - 13:30 UTC                            <\/p>\n                            <p class=\"list-group-item-text\">Una tesis de la ULL analiza nuevos biomarcadores para mejorar el seguimiento del lupus eritematoso sist\u00e9mico<\/p>\n                        <\/div>\n                    <\/div>\n                <\/a>\n                            <a href=\"https:\/\/www.ull.es\/portal\/noticias\/2024\/publicacion-de-la-convocatoria-de-premios-extraordinarios-de-doctorado-de-la-universidad-de-la-laguna-a-las-tesis-defendidas-en-el-curso-academico-2021-2022\/\" class=\"list-group-item\">\n                    <div class=\"row\">\n                        <div class=\"col-md-12\">\n                            <p class=\"list-group-item-date\">\n                                27 Feb 2024 - 08:50 UTC                            <\/p>\n                            <p class=\"list-group-item-text\">Publicaci\u00f3n de la convocatoria de Premios Extraordinarios de Doctorado de la Universidad de La Laguna a las Tesis defendidas en el curso acad\u00e9mico 2021\/2022<\/p>\n                        <\/div>\n                    <\/div>\n                <\/a>\n                            <a href=\"https:\/\/www.ull.es\/portal\/noticias\/2021\/doctorado-ciencias-salud-red-internacional\/\" class=\"list-group-item\">\n                    <div class=\"row\">\n                        <div class=\"col-md-12\">\n                            <p class=\"list-group-item-date\">\n                                25 Aug 2021 - 12:24 UTC                            <\/p>\n                            <p class=\"list-group-item-text\">El Programa de Doctorado en Ciencias de la Salud de la ULL se incorpora a una prestigiosa red internacional<\/p>\n                        <\/div>\n                    <\/div>\n                <\/a>\n                            <a href=\"https:\/\/www.ull.es\/portal\/noticias\/2020\/la-escuela-de-doctorado-y-estudios-de-posgrado-de-la-ull-invita-a-su-alumnado-a-la-jornada-informativa-de-doctorado\/\" class=\"list-group-item\">\n                    <div class=\"row\">\n                        <div class=\"col-md-12\">\n                            <p class=\"list-group-item-date\">\n                                16 Apr 2020 - 14:11 UTC                            <\/p>\n                            <p class=\"list-group-item-text\">La Escuela de Doctorado y Estudios de Posgrado de la ULL invita a su alumnado a la Jornada Informativa de Doctorado<\/p>\n                        <\/div>\n                    <\/div>\n                <\/a>\n                <\/div>\n    <div class=\"panel-footer\">\n        <a href=\"https:\/\/www.ull.es\/portal\/noticias\/?cat=4019\">M\u00c1S NOTIFICACIONES <i class=\"fa fa-chevron-right\"><\/i><\/a>\n    <\/div>\n\n\n<\/div>\n<\/div><\/div><\/div>\n\n\n\n<div class=\"wp-block-stackable-column stk-block-column stk-column stk-block stk-7627f19\" data-v=\"4\" data-block-id=\"7627f19\"><style>@media screen and (min-width: 768px){.stk-7627f19 {flex:var(--stk-flex-grow, 1) 1 calc(33.334% - var(--stk-column-gap, 0px) * 1 \/ 2 ) !important;}}<\/style><div class=\"stk-column-wrapper stk-block-column__content stk-container stk-7627f19-container stk--no-background stk--no-padding\"><div class=\"stk-block-content stk-inner-blocks stk-7627f19-inner-blocks\">\n<ul class=\"widget-box\">\n<li class='contacto-header'>Informaci\u00f3n de contacto<\/li><li><i class=\"fa fa-map-marker\"><\/i> Avda. Astrof\u00edsico Francisco S\u00e1nchez, SN. Edificio Calabaza \u2013 AN.2D Apdo. 456 38200 San Crist\u00f3bal de La Laguna<\/li><li><i class=\"fa fa-envelope\"><\/i>  <a href=mailto:doctorado.educacion@ull.es>doctorado.educacion@ull.es<\/a><\/li><li><i class=\"fa fa-calendar\"><\/i><a href=\"http:\/\/citaprevia.ull.es\/index.php?s=edpo\"> Cita previa<\/a><\/li>\n<\/ul>\n\n\n<\/div><\/div><\/div>\n<\/div><\/div>\n","protected":false},"excerpt":{"rendered":"<p>Programa de Doctorado en Educaci\u00f3n (En extinci\u00f3n) Acceso y admisi\u00f3n Actividades formativas Portal del Estudiante Supervisi\u00f3n de tesis Memorias de verificaci\u00f3n L\u00edneas de investigaci\u00f3n<\/p>\n","protected":false},"author":1,"featured_media":0,"parent":0,"menu_order":0,"comment_status":"closed","ping_status":"closed","template":"templates\/template-frontpage.php","meta":{"_acf_changed":false,"footnotes":""},"class_list":["post-15","page","type-page","status-publish","hentry"],"acf":[],"publishpress_future_action":{"enabled":false,"date":"2026-04-18 23:15:55","action":"change-status","newStatus":"draft","terms":[],"taxonomy":"","extraData":[]},"publishpress_future_workflow_manual_trigger":{"enabledWorkflows":[]},"_links":{"self":[{"href":"https:\/\/www.ull.es\/doctorados\/educacion-extincion\/wp-json\/wp\/v2\/pages\/15","targetHints":{"allow":["GET"]}}],"collection":[{"href":"https:\/\/www.ull.es\/doctorados\/educacion-extincion\/wp-json\/wp\/v2\/pages"}],"about":[{"href":"https:\/\/www.ull.es\/doctorados\/educacion-extincion\/wp-json\/wp\/v2\/types\/page"}],"author":[{"embeddable":true,"href":"https:\/\/www.ull.es\/doctorados\/educacion-extincion\/wp-json\/wp\/v2\/users\/1"}],"replies":[{"embeddable":true,"href":"https:\/\/www.ull.es\/doctorados\/educacion-extincion\/wp-json\/wp\/v2\/comments?post=15"}],"version-history":[{"count":24,"href":"https:\/\/www.ull.es\/doctorados\/educacion-extincion\/wp-json\/wp\/v2\/pages\/15\/revisions"}],"predecessor-version":[{"id":271,"href":"https:\/\/www.ull.es\/doctorados\/educacion-extincion\/wp-json\/wp\/v2\/pages\/15\/revisions\/271"}],"wp:attachment":[{"href":"https:\/\/www.ull.es\/doctorados\/educacion-extincion\/wp-json\/wp\/v2\/media?parent=15"}],"curies":[{"name":"wp","href":"https:\/\/api.w.org\/{rel}","templated":true}]}}