{"id":72,"date":"2018-02-22T13:28:20","date_gmt":"2018-02-22T13:28:20","guid":{"rendered":"http:\/\/www.ull.es\/doctorados\/educacion-extincion\/?page_id=72"},"modified":"2025-05-20T12:19:43","modified_gmt":"2025-05-20T12:19:43","slug":"seguimiento-doctorando","status":"publish","type":"page","link":"https:\/\/www.ull.es\/doctorados\/educacion-extincion\/organizacion-del-programa\/seguimiento-doctorando\/","title":{"rendered":"Seguimiento del doctorando"},"content":{"rendered":"\n<div class=\"wp-block-stackable-columns stk-block-columns stk-block stk-8b59b96\" data-block-id=\"8b59b96\"><style>.stk-8b59b96 .stk--block-align-8b59b96{align-items:flex-start !important;}.stk-8b59b96-column{--stk-columns-spacing:0px !important;--stk-column-gap:50px !important;}<\/style><div class=\"stk-row stk-inner-blocks stk--block-align-8b59b96 stk-block-content stk-content-align stk-8b59b96-column\">\n<div class=\"wp-block-stackable-column stk-block-column stk-column stk-block stk-dbb7e15\" data-v=\"4\" data-block-id=\"dbb7e15\"><style>@media screen and (min-width: 768px){.stk-dbb7e15 {flex:var(--stk-flex-grow, 1) 1 66.7% !important;}}<\/style><div class=\"stk-column-wrapper stk-block-column__content stk-container stk-dbb7e15-container stk--no-background stk--no-padding\"><div class=\"stk-block-content stk-inner-blocks stk-dbb7e15-inner-blocks\">\n<div class=\"wp-block-stackable-heading stk-block-heading stk-block-heading--v2 stk-block stk-cc0239e\" id=\"complementos-de-formacion\" data-block-id=\"cc0239e\"><style>.stk-cc0239e .stk-block-heading__text{font-weight:500 !important;}<\/style><h1 class=\"stk-block-heading__text\">Seguimiento del doctorando<\/h1><\/div>\n\n\n\n<div class=\"wp-block-stackable-text stk-block-text stk-block stk-47c7476\" data-block-id=\"47c7476\"><p class=\"stk-block-text__text\"><strong>Comisi\u00f3n Acad\u00e9mica del Programa de Doctorado<\/strong><\/p><\/div>\n\n\n\n<p>Esta comisi\u00f3n estar\u00e1 formada por:<\/p>\n\n\n\n<p>Coordinador acad\u00e9mico<\/p>\n\n\n\n<p>Decano\/a o Vicedecano\/a en quien delegue<\/p>\n\n\n\n<p>3 representantes de la l\u00ednea de investigaci\u00f3n L1 \u00abInnovaci\u00f3n e investigaci\u00f3n en educaci\u00f3n\u00bb.<\/p>\n\n\n\n<p>2 representantes de la l\u00ednea de investigaci\u00f3n L2 \u00abEnse\u00f1anza y aprendizaje en \u00e1reas de conocimiento espec\u00edficas\u00bb.<\/p>\n\n\n\n<p><strong>Supervisi\u00f3n y seguimiento del doctorando.-<\/strong><\/p>\n\n\n\n<p>Una vez matriculado el doctorando, el tutor y el director establecer\u00e1n su documento de actividades personalizado a efectos del registro individualizado&nbsp;de control a que se refiere el art\u00edculo 2.5 del Reglamento de Ense\u00f1anzas Oficiales de Doctorado de la Universidad de La Laguna. En el se inscribir\u00e1n&nbsp;todas las actividades de inter\u00e9s para el desarrollo del doctorando, seg\u00fan regule la universidad, la Escuela de Doctorado, el \u00f3rgano responsable&nbsp;del programa de doctorado o la propia comisi\u00f3n acad\u00e9mica y ser\u00e1 regularmente revisado por el tutor y el director de tesis y evaluado por la comisi\u00f3n&nbsp;acad\u00e9mica responsable del programa de doctorado a que se refiere el art\u00edculo 14 del citado Reglamento.<\/p>\n\n\n\n<p>Antes de la finalizaci\u00f3n del primer a\u00f1o el doctorando elaborar\u00e1 un Plan de investigaci\u00f3n que incluir\u00e1, al menos, la metodolog\u00eda a utilizar y los objetivos&nbsp;a alcanzar, as\u00ed como los medios y la planificaci\u00f3n temporal para lograrlos. Dicho Plan se podr\u00e1 mejorar y detallar a lo largo de su estancia en el&nbsp;programa y debe estar avalado por el tutor y el director.<\/p>\n\n\n\n<p>Anualmente la comisi\u00f3n acad\u00e9mica del programa evaluar\u00e1 el desarrollo del Plan de investigaci\u00f3n y el documento de actividades desarrolladas por el&nbsp;doctorando junto con los informes que, a tal efecto, deber\u00e1n emitir el tutor y el director.<\/p>\n\n\n\n<p>La evaluaci\u00f3n positiva ser\u00e1 requisito indispensable para continuar en el programa.<\/p>\n\n\n\n<p>En caso de evaluaci\u00f3n negativa, la comisi\u00f3n acad\u00e9mica emitir\u00e1 un informe motivando la misma, en el que se propondr\u00e1n las medidas correctoras&nbsp;oportunas de cara a la siguiente evaluaci\u00f3n. En el caso de evaluaci\u00f3n negativa, el doctorando deber\u00e1 ser de nuevo evaluado en el plazo de seis meses,&nbsp;a cuyo efecto elaborar\u00e1 un nuevo Plan de investigaci\u00f3n. En el supuesto de producirse una nueva evaluaci\u00f3n negativa, el doctorando causar\u00e1&nbsp;baja definitiva en el programa.<\/p>\n\n\n\n<p><strong>Procedimiento utilizado por la Comisi\u00f3n Acad\u00e9mica para la asignaci\u00f3n del tutor y del director de tesis del doctorando.-<\/strong><\/p>\n\n\n\n<p>Los tutores y directores de tesis ser\u00e1n asignados teniendo en cuenta al menos los siguientes criterios:<\/p>\n\n\n\n<p>\u2013 A cada doctorando se le intentar\u00e1 asignar el tutor que el propio doctorando proponga siempre que la propuesta venga con el visto bueno del investigador.<\/p>\n\n\n\n<p>\u2013 A cada investigador se le asignar\u00e1 un m\u00e1ximo de dos doctorandos por a\u00f1o, sin superar en ning\u00fan caso el n\u00famero de 4 direcciones simult\u00e1neas.<\/p>\n\n\n\n<p>\u2013 En la medida de lo posible, el tutor y director coincidir\u00e1n, siendo diferentes cuando el director de la tesis sea un investigador no perteneciente a la&nbsp;ULL, puesto que el tutor siempre debe pertenecer a la ULL.<\/p>\n\n\n\n<p>\u2013 En el caso de tutor y director diferentes, el tutor, previo consentimiento del director, podr\u00e1 actuar como codirector.<\/p>\n\n\n\n<p><strong>Procedimiento para el control del Documento de Actividades de cada Doctorando y certificaci\u00f3n de sus datos.-<\/strong><\/p>\n\n\n\n<p>Tras la admisi\u00f3n en el Programa de Doctorado, la Comisi\u00f3n Acad\u00e9mica, con el Compromiso de Supervisi\u00f3n firmado entre el doctorando y la Universidad (firmas del tutor, Coordinador del Programa de Doctorado de Educaci\u00f3n, responsable de la ULL y posteriormente del director de la tesis), abrir\u00e1 el Documento de Actividades del Doctorando (DAD), cuyo formato se ajustar\u00e1 al modelo establecido en la Gu\u00eda de Buenas Pr\u00e1cticas, teniendo en cuenta las especificaciones de este PD, y cuyo soporte ser\u00e1 electr\u00f3nico a trav\u00e9s de p\u00e1gina web.<\/p>\n\n\n\n<p>Todas las actividades realizadas por el doctorando dentro del Programa de Doctorado de Educaci\u00f3n quedar\u00e1n registradas en el DAD. Al mismo tendr\u00e1n&nbsp;acceso, (a trav\u00e9s de una clave y contrase\u00f1a con diferentes niveles de acceso), para consulta e incorporaci\u00f3n de registros, el doctorando, su tutor,&nbsp;su Director de tesis, la CA, la Escuela de Doctorado y la Comisi\u00f3n de Doctorado.<\/p>\n\n\n\n<p>En el DAD, aparte de los datos de identificaci\u00f3n, habr\u00e1 un primer un apartado en el que el tutor\/Director indiquen el m\u00ednimo de actividades, entre las&nbsp;propuestas por el Programa de Doctorado de Educaci\u00f3n, que el doctorando debe realizar. A continuaci\u00f3n, en el segundo apartado figurar\u00e1n las actividades&nbsp;que va realizando el doctorando.<\/p>\n\n\n\n<p>Para cada una de las actividades:<\/p>\n\n\n\n<p>a) el doctorando describir\u00e1 la finalidad de la actividad, su relaci\u00f3n con el Plan de Investigaci\u00f3n (PI) y los datos de identificaci\u00f3n de la misma (tipo, t\u00edtulo,&nbsp;instituci\u00f3n organizadora, ponentes o responsables, lugar y fecha de realizaci\u00f3n, su duraci\u00f3n en horas).<\/p>\n\n\n\n<p>b) El tutor\/Director autorizar\u00e1 la realizaci\u00f3n de la actividad y para ello incorporar\u00e1 su firma de autorizaci\u00f3n.<\/p>\n\n\n\n<p>c) Y una vez, que el doctorando la haya realizado y entregado el correspondiente justificante de la misma al tutor y\/o Director, \u00e9ste incorporar\u00e1 su&nbsp;firma de verificaci\u00f3n \/ certificaci\u00f3n.<\/p>\n\n\n\n<p>A este Documento de Actividades del Doctorando el tutor y\/o Director de tesis incorporar\u00e1n los informes anuales que realicen y la Comisi\u00f3n Acad\u00e9mica incorporar\u00e1 las evaluaciones anuales.<\/p>\n\n\n\n<p>Las caracter\u00edsticas, requisitos y documentaci\u00f3n a presentar para la superaci\u00f3n de las actividades formativas las puede consultar en el siguiente&nbsp;<a href=\"https:\/\/drive.google.com\/open?id=1t5MPHPeNzCNPO4MehcaZYZ6B_WUTWOuG\" target=\"_blank\" rel=\"noreferrer noopener\" target=\"_blank\" rel=\"noopener\">enlace<\/a>.<\/p>\n\n\n\n<p><strong>Procedimiento para la valoraci\u00f3n anual del Plan de Investigaci\u00f3n y del Documento de Actividades del doctorando<\/strong><\/p>\n\n\n\n<p>Antes de la finalizaci\u00f3n de su primer a\u00f1o en el Programa de Doctorado y solapado con el primer informe anual de su beca o contrato predoctoral, el&nbsp;doctorando elaborar\u00e1 un Plan de Investigaci\u00f3n(PI), que incluir\u00e1 la siguiente informaci\u00f3n: introducci\u00f3n y justificaci\u00f3n del tema objeto de estudio; hip\u00f3tesis&nbsp;de trabajo y principales objetivos a alcanzar; metodolog\u00eda a utilizar; medios y recursos materiales disponibles; planificaci\u00f3n temporal ajustada a&nbsp;tres a\u00f1os, y principales referencias bibliogr\u00e1ficas.<\/p>\n\n\n\n<p>Este PI, avalado por el Director de tesis y, si fuera diferente del mismo, por el tutor del doctorando, ser\u00e1 aprobado por la Comisi\u00f3n Acad\u00e9mica del&nbsp;Programa de Doctorado (a trav\u00e9s de las agregaciones de sus firmas en dicho documento, en el caso de la CA la firma la realizar\u00e1 el Coordinador) y&nbsp;se incorporar\u00e1 al Documento de Actividades del Doctorando. Esta incorporaci\u00f3n se realizar\u00e1 en el plazo m\u00e1ximo de 10 d\u00edas h\u00e1biles tras su presentaci\u00f3n&nbsp;por el doctorando.<\/p>\n\n\n\n<p>En la segunda y tercera anualidad el contenido del Plan de Investigaci\u00f3n del doctorando variar\u00e1, ya que en el mismo reflejar\u00e1 los siguientes aspectos:<\/p>\n\n\n\n<p>\u2013 Revisi\u00f3n de objetivos cubiertos y competencias adquiridas sobre la planificaci\u00f3n presentada inicialmente (en el 1\u00ba a\u00f1o) para el periodo de investigaci\u00f3n&nbsp;correspondiente al a\u00f1o vencido de investigaci\u00f3n. Se analizar\u00e1n los objetivos y tareas planteados para el a\u00f1o de investigaci\u00f3n de acuerdo con&nbsp;el Proyecto de Tesis. Entre las tareas programadas para esta fase de la investigaci\u00f3n se contemplan la formaci\u00f3n transversal y espec\u00edfica, es decir,&nbsp;las actividades realizadas y reflejadas en el Documento de Actividades.<\/p>\n\n\n\n<p>\u2013 Resumen de los resultados m\u00e1s relevantes y cumplimiento de los objetivos planteados y, en su caso, dificultades encontradas que han impedido&nbsp;su ejecuci\u00f3n.<\/p>\n\n\n\n<p>\u2013 Reajustes o cambios en los objetivos y tareas planteados para los a\u00f1os sucesivos de investigaci\u00f3n.<\/p>\n\n\n\n<p>\u2013 Satisfacci\u00f3n con la labor de tutela del director de tesis. Frecuencia de reuniones con \u00e9l para revisar su progreso. En caso negativo, explicar las razones.<\/p>\n\n\n\n<p>\u2013 Previsi\u00f3n motivada de la necesidad de pedir una pr\u00f3rroga al t\u00e9rmino del tercer a\u00f1o de investigaci\u00f3n.<\/p>\n\n\n\n<p>La Comisi\u00f3n Acad\u00e9mica del Programa de Doctorado en Educaci\u00f3n ser\u00e1 la encargada de evaluar anualmente en enero el Documento de Actividades&nbsp;del Doctorando (DAD), el Plan de Investigaci\u00f3n (PI) y el estado de desarrollo de su tesis doctoral. Esta funci\u00f3n de evaluaci\u00f3n se ver\u00e1 facilitada&nbsp;por los informes anuales de valoraci\u00f3n\/seguimiento que realizar\u00e1n el tutor y el Director de Tesis (informes que se unificar\u00e1n en uno solo, en caso de&nbsp;coincidir tutor y Director) ya que en los mismos se tratar\u00e1n aspectos relativos a la calidad de la formaci\u00f3n del doctorando, la adecuaci\u00f3n de las actividades&nbsp;realizadas a su trabajo de investigaci\u00f3n y los progresos en la realizaci\u00f3n de la Tesis. M\u00e1s concretamente, tutor y Director informar\u00e1n sobre los&nbsp;siguientes elementos y concluir\u00e1n con una valoraci\u00f3n del desempe\u00f1o del doctorando en t\u00e9rminos de favorable o desfavorable:<\/p>\n\n\n\n<p>\u2013 Grado de cumplimiento de las actividades programadas y, en su caso, los cambios introducidos en la planificaci\u00f3n.<br>\u2013 Grado de aprovechamiento\/rendimiento de las actividades realizadas para el trabajo de investigaci\u00f3n del doctorando.<br>\u2013 Tipo y frecuencia de seguimiento del progreso del doctorando, como por ejemplo, reuniones mensuales.<br>\u2013 Progresos realizados para la consecuci\u00f3n de la elaboraci\u00f3n de la tesis doctoral y la adquisici\u00f3n de competencias. Se indicar\u00e1 si se ha encontrado<br>alguna dificultad.<br>\u2013 Valoraci\u00f3n general del rendimiento, respecto al cumplimiento de tareas, resultados obtenidos (publicaciones, congresos, etc.) y competencias adquiridas.<br>\u2013 A partir del 2\u00ba a\u00f1o de investigaci\u00f3n se analiza la estimaci\u00f3n del tiempo necesario para la terminaci\u00f3n de la tesis y, en su caso, si se prev\u00e9 la necesidad&nbsp;de pedir una pr\u00f3rroga al terminar el 3\u00ba a\u00f1o de investigaci\u00f3n. En el caso de que el Director considere inviable la finalizaci\u00f3n con \u00e9xito de la investigaci\u00f3n,&nbsp;indicar\u00e1 las causas.<\/p>\n\n\n\n<p>Estos informes tambi\u00e9n se incorporar\u00e1n, junto con el Informe de Evaluaci\u00f3n anual de la Comisi\u00f3n Acad\u00e9mica, al Documento de Actividades del Doctorando.&nbsp;La evaluaci\u00f3n positiva por parte de la Comisi\u00f3n Acad\u00e9mica ser\u00e1 requisito indispensable para continuar en el Programa de Doctorado. En&nbsp;caso de evaluaci\u00f3n negativa, que ser\u00e1 debidamente motivada, el doctorando deber\u00e1 ser de nuevo evaluado en el plazo de seis meses, a cuyo efecto&nbsp;elaborar\u00e1 un nuevo Plan de Investigaci\u00f3n. En el supuesto de producirse una nueva evaluaci\u00f3n negativa el doctorando causar\u00e1 baja definitiva en el&nbsp;Programa de Doctorado.<\/p>\n\n\n\n<p>Por otra parte, la informaci\u00f3n relativa a la previsi\u00f3n de estancias en otros centros, cotutelas y menciones internacionales puede verse en los apartados&nbsp;5.3 sobre tesis para la menci\u00f3n de doctor internacional, as\u00ed como en la actividad n\u00ba4 denominada\u00bb movilidad\u00bb.<\/p>\n\n\n\n<p>La Comisi\u00f3n de Doctorado, siempre que existan las condiciones oportunas tanto acad\u00e9micas como econ\u00f3micas, promover\u00e1 y facilitar\u00e1 la participaci\u00f3n&nbsp;de expertos internacionales en las comisiones de seguimiento, en la emisi\u00f3n de informes previos a la presentaci\u00f3n de las tesis doctorales as\u00ed&nbsp;como en los tribunales de lectura de tesis.<\/p>\n<\/div><\/div><\/div>\n\n\n\n<div class=\"wp-block-stackable-column stk-block-column stk-column stk-block stk-53ec762 stk-block-background\" data-v=\"4\" data-block-id=\"53ec762\"><style>.stk-53ec762-inner-blocks{row-gap:0px !important;}.stk-53ec762 {background-color:var(--stk-global-color-60833, #5c068c) !important;padding-top:0px !important;padding-right:0px !important;padding-bottom:0px !important;padding-left:0px !important;}.stk-53ec762:before{background-color:var(--stk-global-color-60833, #5c068c) !important;}@media screen and (min-width: 768px){.stk-53ec762 {flex:var(--stk-flex-grow, 1) 1 33.3% !important;}}<\/style><div class=\"stk-column-wrapper stk-block-column__content stk-container stk-53ec762-container stk--no-background stk--no-padding\"><div class=\"stk-block-content stk-inner-blocks stk-53ec762-inner-blocks\">\n<div class=\"wp-block-stackable-heading stk-block-heading stk-block-heading--v2 stk-block stk-23581e5\" id=\"organizacion-del-programa\" data-block-id=\"23581e5\"><style>.stk-23581e5 {padding-top:10px !important;padding-right:10px !important;padding-bottom:10px !important;padding-left:10px !important;margin-bottom:0px !important;}.stk-23581e5 .stk-block-heading__text{font-size:16px !important;color:#ffffff !important;font-weight:800 !important;}@media screen and (max-width: 1023px){.stk-23581e5 .stk-block-heading__text{font-size:16px !important;}}<\/style><h2 class=\"stk-block-heading__text has-text-color\">Organizaci\u00f3n del programa<\/h2><\/div>\n\n\n\n<div class=\"wp-block-stackable-button-group stk-block-button-group stk-block stk-6109c77\" data-block-id=\"6109c77\"><style>.stk-6109c77 .stk-button-group{flex-wrap:wrap !important;flex-direction:column !important;align-items:stretch !important;--stk-button-group-flex-wrap:auto !important;}.stk-6109c77 .stk-block{flex-basis:auto !important;}.stk-6109c77 .stk-block-button, .stk-6109c77 .stk-block-icon-button{flex:1 0 auto !important;}.stk-6109c77 .stk-button-group .stk-block-button{width:unset !important;}.stk-6109c77 {padding-left:0px !important;margin-bottom:0px !important;}.stk-6109c77 .stk-inner-blocks{column-gap:11px !important;row-gap:0px !important;}<\/style><div class=\"stk-row stk-inner-blocks has-text-align-left stk-block-content stk-button-group\">\n<div class=\"wp-block-stackable-button stk-block-button has-text-align-left stk-block stk-112bc87\" data-block-id=\"112bc87\"><style>.stk-112bc87 , .stk-112bc87 .stk-button{width:100% !important;}.stk-112bc87 {flex:1 0 var(--stk-button-group-flex-wrap, 0) !important;}.stk-112bc87 .stk-button{background:var(--stk-global-color-92696, #eeeeee) !important;}.stk-112bc87 .stk-button:before{border-style:solid !important;border-color:#ffffff !important;border-top-width:1px !important;border-right-width:0px !important;border-bottom-width:0px !important;border-left-width:0px !important;}.stk-112bc87 .stk-button .stk--inner-svg svg:last-child{margin-inline-start:100px !important;}.stk-112bc87 .stk-button__inner-text{font-size:16px !important;color:#5a5a5a !important;line-height:28px !important;font-weight:400 !important;font-family:\"Montserrat\", Sans-serif !important;}@media screen and (max-width: 1023px){.stk-112bc87 .stk-button__inner-text{font-size:16px !important;}}<\/style><a class=\"stk-link stk-button stk--hover-effect-darken\" href=\"https:\/\/www.ull.es\/doctorados\/educacion-extincion\/organizacion-del-programa\/actividades-formativas\/\" target=\"_blank\" rel=\"noopener\"><span class=\"has-text-color stk-button__inner-text\">Actividades formativas<\/span><\/a><\/div>\n\n\n\n<div class=\"wp-block-stackable-button stk-block-button has-text-align-left stk-block stk-232d8ea\" data-block-id=\"232d8ea\"><style>.stk-232d8ea , .stk-232d8ea .stk-button{width:100% !important;}.stk-232d8ea {flex:1 0 var(--stk-button-group-flex-wrap, 0) !important;}.stk-232d8ea .stk-button{background:var(--stk-global-color-92696, #eeeeee) !important;}.stk-232d8ea .stk-button:before{border-style:solid !important;border-color:#ffffff !important;border-top-width:1px !important;border-right-width:0px !important;border-bottom-width:0px !important;border-left-width:0px !important;}.stk-232d8ea .stk-button .stk--inner-svg svg:last-child{margin-inline-start:100px !important;}.stk-232d8ea .stk-button__inner-text{font-size:16px !important;color:#5a5a5a !important;line-height:28px !important;font-weight:400 !important;font-family:\"Montserrat\", Sans-serif !important;}@media screen and (max-width: 1023px){.stk-232d8ea .stk-button__inner-text{font-size:16px !important;}}<\/style><a class=\"stk-link stk-button stk--hover-effect-darken\" href=\"https:\/\/www.ull.es\/doctorados\/educacion-extincion\/organizacion-del-programa\/competencias\/\" target=\"_blank\" rel=\"noopener\"><span class=\"has-text-color stk-button__inner-text\">Competencias<\/span><\/a><\/div>\n\n\n\n<div class=\"wp-block-stackable-button stk-block-button has-text-align-left stk-block stk-c2a1bc4\" data-block-id=\"c2a1bc4\"><style>.stk-c2a1bc4 , .stk-c2a1bc4 .stk-button{width:100% !important;}.stk-c2a1bc4 {flex:1 0 var(--stk-button-group-flex-wrap, 0) !important;}.stk-c2a1bc4 .stk-button{background:var(--stk-global-color-92696, #eeeeee) !important;}.stk-c2a1bc4 .stk-button:before{border-style:solid !important;border-color:#ffffff !important;border-top-width:1px !important;border-right-width:0px !important;border-bottom-width:0px !important;border-left-width:0px !important;}.stk-c2a1bc4 .stk-button .stk--inner-svg svg:last-child{margin-inline-start:100px !important;}.stk-c2a1bc4 .stk-button__inner-text{font-size:16px !important;color:#5a5a5a !important;line-height:28px !important;font-weight:400 !important;font-family:\"Montserrat\", Sans-serif !important;}@media screen and (max-width: 1023px){.stk-c2a1bc4 .stk-button__inner-text{font-size:16px !important;}}<\/style><a class=\"stk-link stk-button stk--hover-effect-darken\" href=\"https:\/\/www.ull.es\/doctorados\/educacion-extincion\/organizacion-del-programa\/lineas-de-investigacion\/\" target=\"_blank\" rel=\"noopener\"><span class=\"has-text-color stk-button__inner-text\">L\u00edneas de investigaci\u00f3n<\/span><\/a><\/div>\n\n\n\n<div class=\"wp-block-stackable-button stk-block-button has-text-align-left stk-block stk-c510372\" data-block-id=\"c510372\"><style>.stk-c510372 , .stk-c510372 .stk-button{width:100% !important;}.stk-c510372 {flex:1 0 var(--stk-button-group-flex-wrap, 0) !important;}.stk-c510372 .stk-button{background:var(--stk-global-color-92696, #eeeeee) !important;}.stk-c510372 .stk-button:before{border-style:solid !important;border-color:#ffffff !important;border-top-width:1px !important;border-right-width:0px !important;border-bottom-width:0px !important;border-left-width:0px !important;}.stk-c510372 .stk-button .stk--inner-svg svg:last-child{margin-inline-start:100px !important;}.stk-c510372 .stk-button__inner-text{font-size:16px !important;color:#5a5a5a !important;line-height:28px !important;font-weight:400 !important;font-family:\"Montserrat\", Sans-serif !important;}@media screen and (max-width: 1023px){.stk-c510372 .stk-button__inner-text{font-size:16px !important;}}<\/style><a class=\"stk-link stk-button stk--hover-effect-darken\" href=\"https:\/\/www.ull.es\/doctorados\/educacion-extincion\/organizacion-del-programa\/normativa-presentacion-lectura-tesis\/\" target=\"_blank\" rel=\"noopener\"><span class=\"has-text-color stk-button__inner-text\">Normativa de presentaci\u00f3n y lectura de tesis<\/span><\/a><\/div>\n\n\n\n<div class=\"wp-block-stackable-button stk-block-button has-text-align-left stk-block stk-602a897\" data-block-id=\"602a897\"><style>.stk-602a897 {padding-left:5px !important;flex:1 0 var(--stk-button-group-flex-wrap, 0) !important;}.stk-602a897 , .stk-602a897 .stk-button{width:100% !important;}.stk-602a897 .stk-button{background:#dddddd !important;}.stk-602a897 .stk-button .stk--inner-svg svg:last-child{margin-inline-end:100px !important;}.stk-602a897 .stk-button__inner-text{font-size:16px !important;color:#5a5a5a !important;line-height:28px !important;font-weight:700 !important;font-family:\"Montserrat\", Sans-serif !important;}@media screen and (max-width: 1023px){.stk-602a897 .stk-button__inner-text{font-size:16px !important;}}<\/style><a class=\"stk-link stk-button stk--hover-effect-darken\" href=\"\" target=\"_blank\" rel=\"noopener\"><span class=\"has-text-color stk-button__inner-text\">Seguimiento del doctorando<\/span><\/a><\/div>\n\n\n\n<div class=\"wp-block-stackable-button stk-block-button has-text-align-left stk-block stk-1ae85c8\" data-block-id=\"1ae85c8\"><style>.stk-1ae85c8 , .stk-1ae85c8 .stk-button{width:100% !important;}.stk-1ae85c8 {flex:1 0 var(--stk-button-group-flex-wrap, 0) !important;}.stk-1ae85c8 .stk-button{background:var(--stk-global-color-92696, #eeeeee) !important;}.stk-1ae85c8 .stk-button:before{border-style:solid !important;border-color:#ffffff !important;border-top-width:1px !important;border-right-width:0px !important;border-bottom-width:0px !important;border-left-width:0px !important;}.stk-1ae85c8 .stk-button .stk--inner-svg svg:last-child{margin-inline-start:100px !important;}.stk-1ae85c8 .stk-button__inner-text{font-size:16px !important;color:#5a5a5a !important;line-height:28px !important;font-weight:400 !important;font-family:\"Montserrat\", Sans-serif !important;}@media screen and (max-width: 1023px){.stk-1ae85c8 .stk-button__inner-text{font-size:16px !important;}}<\/style><a class=\"stk-link stk-button stk--hover-effect-darken\" href=\"https:\/\/www.ull.es\/doctorados\/educacion-extincion\/organizacion-del-programa\/supervision-tesis\/\" target=\"_blank\" rel=\"noopener\"><span class=\"has-text-color stk-button__inner-text\">Supervisi\u00f3n de tesis<\/span><\/a><\/div>\n<\/div><\/div>\n<\/div><\/div><\/div>\n<\/div><\/div>\n","protected":false},"excerpt":{"rendered":"<p>Seguimiento del doctorando Comisi\u00f3n Acad\u00e9mica del Programa de Doctorado Esta comisi\u00f3n estar\u00e1 formada por: Coordinador acad\u00e9mico Decano\/a o Vicedecano\/a en quien delegue 3 representantes de la l\u00ednea de investigaci\u00f3n L1 \u00abInnovaci\u00f3n e investigaci\u00f3n en educaci\u00f3n\u00bb. 2 representantes de la l\u00ednea de investigaci\u00f3n L2 \u00abEnse\u00f1anza y aprendizaje en \u00e1reas de conocimiento espec\u00edficas\u00bb. Supervisi\u00f3n y seguimiento del&#8230;<\/p>\n","protected":false},"author":1,"featured_media":0,"parent":27,"menu_order":0,"comment_status":"closed","ping_status":"closed","template":"templates\/template-100-width.php","meta":{"_acf_changed":false,"footnotes":""},"class_list":["post-72","page","type-page","status-publish","hentry"],"acf":[],"publishpress_future_action":{"enabled":false,"date":"2026-04-19 05:36:37","action":"change-status","newStatus":"draft","terms":[],"taxonomy":"","extraData":[]},"publishpress_future_workflow_manual_trigger":{"enabledWorkflows":[]},"_links":{"self":[{"href":"https:\/\/www.ull.es\/doctorados\/educacion-extincion\/wp-json\/wp\/v2\/pages\/72","targetHints":{"allow":["GET"]}}],"collection":[{"href":"https:\/\/www.ull.es\/doctorados\/educacion-extincion\/wp-json\/wp\/v2\/pages"}],"about":[{"href":"https:\/\/www.ull.es\/doctorados\/educacion-extincion\/wp-json\/wp\/v2\/types\/page"}],"author":[{"embeddable":true,"href":"https:\/\/www.ull.es\/doctorados\/educacion-extincion\/wp-json\/wp\/v2\/users\/1"}],"replies":[{"embeddable":true,"href":"https:\/\/www.ull.es\/doctorados\/educacion-extincion\/wp-json\/wp\/v2\/comments?post=72"}],"version-history":[{"count":4,"href":"https:\/\/www.ull.es\/doctorados\/educacion-extincion\/wp-json\/wp\/v2\/pages\/72\/revisions"}],"predecessor-version":[{"id":292,"href":"https:\/\/www.ull.es\/doctorados\/educacion-extincion\/wp-json\/wp\/v2\/pages\/72\/revisions\/292"}],"up":[{"embeddable":true,"href":"https:\/\/www.ull.es\/doctorados\/educacion-extincion\/wp-json\/wp\/v2\/pages\/27"}],"wp:attachment":[{"href":"https:\/\/www.ull.es\/doctorados\/educacion-extincion\/wp-json\/wp\/v2\/media?parent=72"}],"curies":[{"name":"wp","href":"https:\/\/api.w.org\/{rel}","templated":true}]}}