{"id":82,"date":"2018-02-22T14:14:43","date_gmt":"2018-02-22T14:14:43","guid":{"rendered":"http:\/\/www.ull.es\/doctorados\/educacion-extincion\/?page_id=82"},"modified":"2025-05-20T11:55:16","modified_gmt":"2025-05-20T11:55:16","slug":"movilidad","status":"publish","type":"page","link":"https:\/\/www.ull.es\/doctorados\/educacion-extincion\/informacion-academica\/movilidad\/","title":{"rendered":"Movilidad"},"content":{"rendered":"\n<div class=\"wp-block-stackable-columns stk-block-columns stk-block stk-8b59b96\" data-block-id=\"8b59b96\"><style>.stk-8b59b96 .stk--block-align-8b59b96{align-items:flex-start !important;}.stk-8b59b96-column{--stk-columns-spacing:0px !important;--stk-column-gap:50px !important;}<\/style><div class=\"stk-row stk-inner-blocks stk--block-align-8b59b96 stk-block-content stk-content-align stk-8b59b96-column\">\n<div class=\"wp-block-stackable-column stk-block-column stk-column stk-block stk-dbb7e15\" data-v=\"4\" data-block-id=\"dbb7e15\"><style>@media screen and (min-width: 768px){.stk-dbb7e15 {flex:var(--stk-flex-grow, 1) 1 66.7% !important;}}<\/style><div class=\"stk-column-wrapper stk-block-column__content stk-container stk-dbb7e15-container stk--no-background stk--no-padding\"><div class=\"stk-block-content stk-inner-blocks stk-dbb7e15-inner-blocks\">\n<div class=\"wp-block-stackable-heading stk-block-heading stk-block-heading--v2 stk-block stk-cc0239e\" id=\"complementos-de-formacion\" data-block-id=\"cc0239e\"><style>.stk-cc0239e .stk-block-heading__text{font-weight:500 !important;}<\/style><h1 class=\"stk-block-heading__text\">Movilidad<\/h1><\/div>\n\n\n\n<div class=\"wp-block-stackable-text stk-block-text stk-block stk-4f43cd6\" data-block-id=\"4f43cd6\"><p class=\"stk-block-text__text\">Habida cuenta el volumen de convenios de colaboraci\u00f3n con los que opera en la actualidad la Facultad de&nbsp;Educaci\u00f3n de la ULL, se ha estimado oportuno incluir en el documento en PDF los m\u00e1s destacados (el tama\u00f1o&nbsp;del archivo exceder\u00eda el total permitido por la aplicaci\u00f3n), y a continuaci\u00f3n se hace una relaci\u00f3n pormenorizado&nbsp;del total de los convenios activos, incluyendo los de movilidad Erasmus espec\u00edficos para estudios de Doctorado&nbsp;con universidades europeas. Se incluyen enlaces para su consulta pormenorizada.<\/p><\/div>\n\n\n\n<p><strong><u>A nivel internacional:<\/u><\/strong><\/p>\n\n\n\n<p><a href=\"https:\/\/docs.google.com\/document\/d\/e\/2PACX-1vSmR2n7hSnEbUrP1CAuaQmGAeLLQeQ_C7StTssKbkRrmuG356xZd7ufxRlDhYtL4VTVJ_iabN4tFyHK\/pub\" target=\"_blank\" rel=\"noreferrer noopener\" target=\"_blank\" rel=\"noopener\">Relaci\u00f3n de convenios de cooperaci\u00f3n con participaci\u00f3n de la Facultad de Educaci\u00f3n en sus anexos espec\u00edficos de&nbsp;colaboraci\u00f3n investigadora, intercambios y movilidad.<\/a><\/p>\n\n\n\n<p><strong>Convenios ERASMUS de la Facultad de Educaci\u00f3n con vinculaci\u00f3n al Doctorado<\/strong><\/p>\n\n\n\n<ul class=\"wp-block-list\">\n<li>AKADEMIA PEDAGOGICZNA w KRAKOWIE (KRAKOW)<\/li>\n\n\n\n<li>UNIVERSITATEA ALEXANDRU IOAN CUZA-IASI<\/li>\n\n\n\n<li>\u00c7UKUROVA UNIVERSITY<\/li>\n<\/ul>\n\n\n\n<p><strong>Movilidad<\/strong><\/p>\n\n\n\n<p>-N\u00famero de horas: 250<\/p>\n\n\n\n<p>-Descripci\u00f3n: Esta actividad formativa consiste en la estancia durante un periodo m\u00ednimo de 3 meses, en otro centro de investigaci\u00f3n nacional o universidad extranjera. Este \u00faltimo requisito es prescriptivo para conseguir la menci\u00f3n de Doctor Internacional.<\/p>\n\n\n\n<ul class=\"wp-block-list\">\n<li><strong>T\u00edtulo de la actividad:\u00a0<\/strong>Movilidad<\/li>\n\n\n\n<li><strong>Lengua\/s en que se escribir\u00e1:<\/strong>\u00a0Espa\u00f1ol\/ Ingl\u00e9s\/<\/li>\n\n\n\n<li><strong>Duraci\u00f3n de la actividad\u00a0<\/strong>(en n\u00famero de horas): 250 horas a lo largo de tres o cinco a\u00f1os, en funci\u00f3n de que se trate de estudiantes con dedicaci\u00f3n a tiempo\u00a0completo o con dedicaci\u00f3n a tiempo parcial.<\/li>\n\n\n\n<li><strong>Justificaci\u00f3n de la actividad<\/strong>\u00a0(competencias a adquirir por los estudiantes):<\/li>\n<\/ul>\n\n\n\n<p>Esta actividad de movilidad favorecer\u00e1 en el estudiante el desarrollo de competencias y destrezas relacionadas con saber enfrentarse a nuevas situaciones&nbsp;tanto de naturaleza acad\u00e9mica como personal, conocer otros investigadores y equipos distintos, y, en consecuencia desarrollar las capacidades&nbsp;de trabajar de manera multidisciplinaria y en otros contextos universitarios. En particular, esta actividad formativa integradora del conjunto de competencias&nbsp;b\u00e1sicas, aunque favorecer\u00e1 espec\u00edficamente el desarrollo de las siguientes:<\/p>\n\n\n\n<p>CB11 Comprensi\u00f3n sistem\u00e1tica de un campo de estudio y dominio de las habilidades y m\u00e9todos de investigaci\u00f3n relacionados con dicho campo.<\/p>\n\n\n\n<p>CB15 Capacidad de comunicaci\u00f3n con la comunidad acad\u00e9mica y cient\u00edfica y con la sociedad en general acerca de sus \u00e1mbitos de conocimiento en&nbsp;los modos e idiomas de uso habitual en su comunidad cient\u00edfica internacional.<\/p>\n\n\n\n<p>CB16 Capacidad de fomentar, en contextos acad\u00e9micos y profesionales, el avance cient\u00edfico, tecnol\u00f3gico, social, art\u00edstico o cultural dentro de una sociedad&nbsp;basada en el conocimiento.<\/p>\n\n\n\n<p>CA03Dise\u00f1ar, crear, desarrollar y emprender proyectos novedosos e innovadores en su \u00e1mbito de conocimiento.<\/p>\n\n\n\n<p>CA04 Trabajar tanto en equipo como de manera aut\u00f3noma en un contexto internacional&nbsp;o multidisciplinar.<\/p>\n\n\n\n<ul class=\"wp-block-list\">\n<li><strong>Resultados de aprendizaje:<\/strong><\/li>\n<\/ul>\n\n\n\n<p>Demostrar capacidad de integraci\u00f3n y de trabajo con otros grupos.<\/p>\n\n\n\n<p>Intercambiar conocimientos y resultados de investigaci\u00f3n en otros contextos acad\u00e9micos.<\/p>\n\n\n\n<p>Expresar ideas y comunicar procesos y resultados de investigaci\u00f3n en otro idioma.<\/p>\n\n\n\n<ul class=\"wp-block-list\">\n<li><strong>Contenidos:<\/strong><\/li>\n<\/ul>\n\n\n\n<p>Las actuaciones de movilidad van dirigidas a potenciar el intercambio y la movilidad de estudiantes en el Programa de Doctorado de Educaci\u00f3n a trav\u00e9s&nbsp;de los programas y ayudas de movilidad que se puedan establecer o a los que los estudiantes puedan concurrir. En concreto se pretende:<\/p>\n\n\n\n<p>Facilitar la realizaci\u00f3n de estancias superiores a un mes y no superiores a seis (salvo en aquellos casos en los que exista un acuerdo previo de realizaci\u00f3n&nbsp;de una parte de la Tesis en el centro de investigaci\u00f3n receptor) en centros de investigaci\u00f3n extranjeros de reconocido prestigio, realizando trabajos&nbsp;de investigaci\u00f3n que sean relevantes para su formaci\u00f3n doctoral y el desarrollo de la tesis doctoral y permitan enriquecer las l\u00edneas de investigaci\u00f3n de los diferentes grupos de investigaci\u00f3n integrados en el programa.<\/p>\n<\/div><\/div><\/div>\n\n\n\n<div class=\"wp-block-stackable-column stk-block-column stk-column stk-block stk-53ec762 stk-block-background\" data-v=\"4\" data-block-id=\"53ec762\"><style>.stk-53ec762-inner-blocks{row-gap:0px !important;}.stk-53ec762 {background-color:var(--stk-global-color-60833, #5c068c) !important;padding-top:0px !important;padding-right:0px !important;padding-bottom:0px !important;padding-left:0px !important;}.stk-53ec762:before{background-color:var(--stk-global-color-60833, #5c068c) !important;}@media screen and (min-width: 768px){.stk-53ec762 {flex:var(--stk-flex-grow, 1) 1 33.3% !important;}}<\/style><div class=\"stk-column-wrapper stk-block-column__content stk-container stk-53ec762-container stk--no-background stk--no-padding\"><div class=\"stk-block-content stk-inner-blocks stk-53ec762-inner-blocks\">\n<div class=\"wp-block-stackable-heading stk-block-heading stk-block-heading--v2 stk-block stk-23581e5\" id=\"informacion-academica\" data-block-id=\"23581e5\"><style>.stk-23581e5 {padding-top:10px !important;padding-right:10px !important;padding-bottom:10px !important;padding-left:10px !important;margin-bottom:0px !important;}.stk-23581e5 .stk-block-heading__text{font-size:16px !important;color:#ffffff !important;font-weight:800 !important;}@media screen and (max-width: 1023px){.stk-23581e5 .stk-block-heading__text{font-size:16px !important;}}<\/style><h2 class=\"stk-block-heading__text has-text-color\">Informaci\u00f3n acad\u00e9mica<\/h2><\/div>\n\n\n\n<div class=\"wp-block-stackable-button-group stk-block-button-group stk-block stk-6109c77\" data-block-id=\"6109c77\"><style>.stk-6109c77 .stk-button-group{flex-wrap:wrap !important;flex-direction:column !important;align-items:stretch !important;--stk-button-group-flex-wrap:auto !important;}.stk-6109c77 .stk-block{flex-basis:auto !important;}.stk-6109c77 .stk-block-button, .stk-6109c77 .stk-block-icon-button{flex:1 0 auto !important;}.stk-6109c77 .stk-button-group .stk-block-button{width:unset !important;}.stk-6109c77 {padding-left:0px !important;margin-bottom:0px !important;}.stk-6109c77 .stk-inner-blocks{column-gap:11px !important;row-gap:0px !important;}<\/style><div class=\"stk-row stk-inner-blocks has-text-align-left stk-block-content stk-button-group\">\n<div class=\"wp-block-stackable-button stk-block-button has-text-align-left stk-block stk-112bc87\" data-block-id=\"112bc87\"><style>.stk-112bc87 , .stk-112bc87 .stk-button{width:100% !important;}.stk-112bc87 {flex:1 0 var(--stk-button-group-flex-wrap, 0) !important;}.stk-112bc87 .stk-button{background:var(--stk-global-color-92696, #eeeeee) !important;}.stk-112bc87 .stk-button:before{border-style:solid !important;border-color:#ffffff !important;border-top-width:1px !important;border-right-width:0px !important;border-bottom-width:0px !important;border-left-width:0px !important;}.stk-112bc87 .stk-button .stk--inner-svg svg:last-child{margin-inline-start:100px !important;}.stk-112bc87 .stk-button__inner-text{font-size:16px !important;color:#5a5a5a !important;line-height:28px !important;font-weight:400 !important;font-family:\"Montserrat\", Sans-serif !important;}@media screen and (max-width: 1023px){.stk-112bc87 .stk-button__inner-text{font-size:16px !important;}}<\/style><a class=\"stk-link stk-button stk--hover-effect-darken\" href=\"https:\/\/www.ull.es\/doctorados\/educacion-extincion\/informacion-academica\/acceso-admision\/\" target=\"_blank\" rel=\"noopener\"><span class=\"has-text-color stk-button__inner-text\">Acceso y admisi\u00f3n<\/span><\/a><\/div>\n\n\n\n<div class=\"wp-block-stackable-button stk-block-button has-text-align-left stk-block stk-c510372\" data-block-id=\"c510372\"><style>.stk-c510372 , .stk-c510372 .stk-button{width:100% !important;}.stk-c510372 {flex:1 0 var(--stk-button-group-flex-wrap, 0) !important;}.stk-c510372 .stk-button{background:var(--stk-global-color-92696, #eeeeee) !important;}.stk-c510372 .stk-button:before{border-style:solid !important;border-color:#ffffff !important;border-top-width:1px !important;border-right-width:0px !important;border-bottom-width:0px !important;border-left-width:0px !important;}.stk-c510372 .stk-button .stk--inner-svg svg:last-child{margin-inline-start:100px !important;}.stk-c510372 .stk-button__inner-text{font-size:16px !important;color:#5a5a5a !important;line-height:28px !important;font-weight:400 !important;font-family:\"Montserrat\", Sans-serif !important;}@media screen and (max-width: 1023px){.stk-c510372 .stk-button__inner-text{font-size:16px !important;}}<\/style><a class=\"stk-link stk-button stk--hover-effect-darken\" href=\"https:\/\/www.ull.es\/doctorados\/educacion-extincion\/informacion-academica\/comision-coordinacion-academica\/\" target=\"_blank\" rel=\"noopener\"><span class=\"has-text-color stk-button__inner-text\">Comisi\u00f3n y Coordinaci\u00f3n Acad\u00e9mica<\/span><\/a><\/div>\n\n\n\n<div class=\"wp-block-stackable-button stk-block-button has-text-align-left stk-block stk-c2a1bc4\" data-block-id=\"c2a1bc4\"><style>.stk-c2a1bc4 , .stk-c2a1bc4 .stk-button{width:100% !important;}.stk-c2a1bc4 {flex:1 0 var(--stk-button-group-flex-wrap, 0) !important;}.stk-c2a1bc4 .stk-button{background:var(--stk-global-color-92696, #eeeeee) !important;}.stk-c2a1bc4 .stk-button:before{border-style:solid !important;border-color:#ffffff !important;border-top-width:1px !important;border-right-width:0px !important;border-bottom-width:0px !important;border-left-width:0px !important;}.stk-c2a1bc4 .stk-button .stk--inner-svg svg:last-child{margin-inline-start:100px !important;}.stk-c2a1bc4 .stk-button__inner-text{font-size:16px !important;color:#5a5a5a !important;line-height:28px !important;font-weight:400 !important;font-family:\"Montserrat\", Sans-serif !important;}@media screen and (max-width: 1023px){.stk-c2a1bc4 .stk-button__inner-text{font-size:16px !important;}}<\/style><a class=\"stk-link stk-button stk--hover-effect-darken\" href=\"https:\/\/www.ull.es\/doctorados\/educacion-extincion\/informacion-academica\/descripcion-del-titulo\/\" target=\"_blank\" rel=\"noopener\"><span class=\"has-text-color stk-button__inner-text\">Descripci\u00f3n del t\u00edtulo<\/span><\/a><\/div>\n\n\n\n<div class=\"wp-block-stackable-button stk-block-button has-text-align-left stk-block stk-602a897\" data-block-id=\"602a897\"><style>.stk-602a897 {padding-left:5px !important;flex:1 0 var(--stk-button-group-flex-wrap, 0) !important;}.stk-602a897 , .stk-602a897 .stk-button{width:100% !important;}.stk-602a897 .stk-button{background:#dddddd !important;}.stk-602a897 .stk-button .stk--inner-svg svg:last-child{margin-inline-end:100px !important;}.stk-602a897 .stk-button__inner-text{font-size:16px !important;color:#5a5a5a !important;line-height:28px !important;font-weight:700 !important;font-family:\"Montserrat\", Sans-serif !important;}@media screen and (max-width: 1023px){.stk-602a897 .stk-button__inner-text{font-size:16px !important;}}<\/style><a class=\"stk-link stk-button stk--hover-effect-darken\" href=\"\" target=\"_blank\" rel=\"noopener\"><span class=\"has-text-color stk-button__inner-text\">Movilidad<\/span><\/a><\/div>\n<\/div><\/div>\n<\/div><\/div><\/div>\n<\/div><\/div>\n","protected":false},"excerpt":{"rendered":"<p>Movilidad Habida cuenta el volumen de convenios de colaboraci\u00f3n con los que opera en la actualidad la Facultad de&nbsp;Educaci\u00f3n de la ULL, se ha estimado oportuno incluir en el documento en PDF los m\u00e1s destacados (el tama\u00f1o&nbsp;del archivo exceder\u00eda el total permitido por la aplicaci\u00f3n), y a continuaci\u00f3n se hace una relaci\u00f3n pormenorizado&nbsp;del total de&#8230;<\/p>\n","protected":false},"author":1,"featured_media":0,"parent":17,"menu_order":0,"comment_status":"closed","ping_status":"closed","template":"templates\/template-100-width.php","meta":{"_acf_changed":false,"footnotes":""},"class_list":["post-82","page","type-page","status-publish","hentry"],"acf":[],"publishpress_future_action":{"enabled":false,"date":"2026-04-19 06:06:28","action":"change-status","newStatus":"draft","terms":[],"taxonomy":"","extraData":[]},"publishpress_future_workflow_manual_trigger":{"enabledWorkflows":[]},"_links":{"self":[{"href":"https:\/\/www.ull.es\/doctorados\/educacion-extincion\/wp-json\/wp\/v2\/pages\/82","targetHints":{"allow":["GET"]}}],"collection":[{"href":"https:\/\/www.ull.es\/doctorados\/educacion-extincion\/wp-json\/wp\/v2\/pages"}],"about":[{"href":"https:\/\/www.ull.es\/doctorados\/educacion-extincion\/wp-json\/wp\/v2\/types\/page"}],"author":[{"embeddable":true,"href":"https:\/\/www.ull.es\/doctorados\/educacion-extincion\/wp-json\/wp\/v2\/users\/1"}],"replies":[{"embeddable":true,"href":"https:\/\/www.ull.es\/doctorados\/educacion-extincion\/wp-json\/wp\/v2\/comments?post=82"}],"version-history":[{"count":5,"href":"https:\/\/www.ull.es\/doctorados\/educacion-extincion\/wp-json\/wp\/v2\/pages\/82\/revisions"}],"predecessor-version":[{"id":282,"href":"https:\/\/www.ull.es\/doctorados\/educacion-extincion\/wp-json\/wp\/v2\/pages\/82\/revisions\/282"}],"up":[{"embeddable":true,"href":"https:\/\/www.ull.es\/doctorados\/educacion-extincion\/wp-json\/wp\/v2\/pages\/17"}],"wp:attachment":[{"href":"https:\/\/www.ull.es\/doctorados\/educacion-extincion\/wp-json\/wp\/v2\/media?parent=82"}],"curies":[{"name":"wp","href":"https:\/\/api.w.org\/{rel}","templated":true}]}}