{"id":88,"date":"2018-02-22T14:20:39","date_gmt":"2018-02-22T14:20:39","guid":{"rendered":"http:\/\/www.ull.es\/doctorados\/educacion-extincion\/?page_id=88"},"modified":"2025-05-20T12:27:10","modified_gmt":"2025-05-20T12:27:10","slug":"documentacion-evaluacion-titulo","status":"publish","type":"page","link":"https:\/\/www.ull.es\/doctorados\/educacion-extincion\/calidad\/documentacion-evaluacion-titulo\/","title":{"rendered":"Documentaci\u00f3n de evaluaci\u00f3n del t\u00edtulo"},"content":{"rendered":"\n<div class=\"wp-block-stackable-columns stk-block-columns stk-block stk-8b59b96\" data-block-id=\"8b59b96\"><style>.stk-8b59b96 .stk--block-align-8b59b96{align-items:flex-start !important;}.stk-8b59b96-column{--stk-columns-spacing:0px !important;--stk-column-gap:50px !important;}<\/style><div class=\"stk-row stk-inner-blocks stk--block-align-8b59b96 stk-block-content stk-content-align stk-8b59b96-column\">\n<div class=\"wp-block-stackable-column stk-block-column stk-column stk-block stk-dbb7e15\" data-v=\"4\" data-block-id=\"dbb7e15\"><style>@media screen and (min-width: 768px){.stk-dbb7e15 {flex:var(--stk-flex-grow, 1) 1 66.7% !important;}}<\/style><div class=\"stk-column-wrapper stk-block-column__content stk-container stk-dbb7e15-container stk--no-background stk--no-padding\"><div class=\"stk-block-content stk-inner-blocks stk-dbb7e15-inner-blocks\">\n<div class=\"wp-block-stackable-heading stk-block-heading stk-block-heading--v2 stk-block stk-cc0239e\" id=\"complementos-de-formacion\" data-block-id=\"cc0239e\"><style>.stk-cc0239e .stk-block-heading__text{font-weight:500 !important;}<\/style><h1 class=\"stk-block-heading__text\">Documentaci\u00f3n de evaluaci\u00f3n del t\u00edtulo<\/h1><\/div>\n\n\n\n<div class=\"wp-block-stackable-text stk-block-text stk-block stk-c5ba493\" data-block-id=\"c5ba493\"><p class=\"stk-block-text__text\">Las titulaciones oficiales de Grado, M\u00e1ster y Doctorado est\u00e1n sometidas, a un modelo de evaluaci\u00f3n dividido en tres fases que conforman su ciclo de vida (ciclo VSMA): ex ante (Verificaci\u00f3n), durante (Seguimiento y Modificaci\u00f3n) y ex post (renovaci\u00f3n de la Acreditaci\u00f3n). Este proceso de evaluaci\u00f3n, revisi\u00f3n y mejora se realiza con el objetivo de garantizar la calidad de las titulaciones y asegurar que se cumple con los requisitos y criterios establecidos en el marco del Espacio Europeo de Educaci\u00f3n Superior (EEES).<\/p><\/div>\n\n\n\n<p>El modelo queda recogido en la&nbsp;<a href=\"https:\/\/www.boe.es\/buscar\/act.php?id=BOE-A-2023-7500\" target=\"_blank\" rel=\"noreferrer noopener\" target=\"_blank\" rel=\"noopener\">Ley Org\u00e1nica 2\/2023<\/a>, del Sistema Universitario (LOSU) y en los Reales Decretos de ordenaci\u00f3n de las ense\u00f1anzas universitarias: fundamentalmente el&nbsp;<a href=\"https:\/\/www.boe.es\/buscar\/act.php?id=BOE-A-2021-15781\" target=\"_blank\" rel=\"noreferrer noopener\" target=\"_blank\" rel=\"noopener\">RD 822\/2021<\/a>, por el que se establece la organizaci\u00f3n de las ense\u00f1anzas universitarias y del procedimiento de aseguramiento de su calidad; el&nbsp;<a href=\"https:\/\/www.boe.es\/buscar\/act.php?id=BOE-A-2011-2541\" target=\"_blank\" rel=\"noreferrer noopener\" target=\"_blank\" rel=\"noopener\">RD 99\/2011<\/a>, por el que se regulan las ense\u00f1anzas oficiales de doctorado y el&nbsp;<a href=\"https:\/\/www.boe.es\/buscar\/act.php?id=BOE-A-2021-12613\" target=\"_blank\" rel=\"noreferrer noopener\" target=\"_blank\" rel=\"noopener\">RD 640\/2021<\/a>, de creaci\u00f3n, reconocimiento y autorizaci\u00f3n de universidades y centros universitarios, y acreditaci\u00f3n institucional de centros universitarios.<\/p>\n\n\n\n<p>Puede consultarse la documentaci\u00f3n oficial de los procesos de evaluaci\u00f3n del t\u00edtulo que certifica el cumplimiento de los est\u00e1ndares de calidad en los siguientes apartados.<\/p>\n\n\n\n<details class=\"wp-block-stackable-accordion stk-block-accordion stk-inner-blocks stk-block-content stk-block stk-7c390cd is-style-default\" id=\"complementos-de-formacion\" data-block-id=\"7c390cd\"><style>.stk-7c390cd {margin-bottom:11px !important;}<\/style>\n<summary class=\"wp-block-stackable-column stk-block-column stk-column stk-block stk-c927805 stk-block-background stk--container-small stk-block-accordion__heading\" data-v=\"4\" data-block-id=\"c927805\"><style>.stk-c927805 {padding-top:2px !important;padding-right:2px !important;padding-bottom:2px !important;padding-left:2px !important;}<\/style><div class=\"stk-column-wrapper stk-block-column__content stk-container stk-c927805-container stk--no-background stk--no-padding\"><div class=\"stk-block-content stk-inner-blocks stk-c927805-inner-blocks\">\n<div class=\"wp-block-stackable-icon-label stk-block-icon-label stk-block stk-7935446\" data-block-id=\"7935446\"><div class=\"stk-row stk-inner-blocks stk-block-content\">\n<div class=\"wp-block-stackable-heading stk-block-heading stk-block-heading--v2 stk-block stk-31863c1\" id=\"verificacion-modificacion\" data-block-id=\"31863c1\"><style>.stk-31863c1 .stk-block-heading__text{color:#666666 !important;font-weight:700 !important;font-family:\"ArgentumSans\", Sans-serif !important;}<\/style><h4 class=\"stk-block-heading__text has-text-color\">Verificaci\u00f3n\/ Modificaci\u00f3n<\/h4><\/div>\n\n\n\n<div class=\"wp-block-stackable-icon stk-block-icon stk-block stk-9a468d5\" data-block-id=\"9a468d5\"><span class=\"stk--svg-wrapper\"><div class=\"stk--inner-svg\"><svg style=\"height:0;width:0\"><defs><linearGradient id=\"linear-gradient-9a468d5\" x1=\"0\" x2=\"100%\" y1=\"0\" y2=\"0\"><stop offset=\"0%\" style=\"stop-opacity:1;stop-color:var(--linear-gradient-9-a-468-d-5-color-1)\"><\/stop><stop offset=\"100%\" style=\"stop-opacity:1;stop-color:var(--linear-gradient-9-a-468-d-5-color-2)\"><\/stop><\/linearGradient><\/defs><\/svg><svg data-prefix=\"fas\" data-icon=\"chevron-down\" class=\"svg-inline--fa fa-chevron-down fa-w-14\" xmlns=\"http:\/\/www.w3.org\/2000\/svg\" viewBox=\"0 0 448 512\" aria-hidden=\"true\" width=\"32\" height=\"32\"><path fill=\"currentColor\" d=\"M207.029 381.476L12.686 187.132c-9.373-9.373-9.373-24.569 0-33.941l22.667-22.667c9.357-9.357 24.522-9.375 33.901-.04L224 284.505l154.745-154.021c9.379-9.335 24.544-9.317 33.901.04l22.667 22.667c9.373 9.373 9.373 24.569 0 33.941L240.971 381.476c-9.373 9.372-24.569 9.372-33.942 0z\"><\/path><\/svg><\/div><\/span><\/div>\n<\/div><\/div>\n<\/div><\/div><\/summary>\n\n\n\n<div class=\"wp-block-stackable-column stk-block-column stk-column stk-block stk-5222666 stk-block-accordion__content\" data-v=\"4\" data-block-id=\"5222666\"><div class=\"stk-column-wrapper stk-block-column__content stk-container stk-5222666-container stk--no-background stk--no-padding\"><div class=\"stk-block-content stk-inner-blocks stk-5222666-inner-blocks\">\n<div class=\"wp-block-stackable-text stk-block-text stk-block stk-8866a8d\" data-block-id=\"8866a8d\"><p class=\"stk-block-text__text\"><strong>Memoria de Verificaci\u00f3n\/Modificaci\u00f3n<\/strong><\/p><\/div>\n\n\n\n<ul class=\"wp-block-list\">\n<li><a href=\"https:\/\/drive.google.com\/open?id=0Bxi8Rp1_THQzdDRjSDRaTnFCNDg\" target=\"_blank\" rel=\"noreferrer noopener\" target=\"_blank\" rel=\"noopener\">Memoria del Doctorado en Educaci\u00f3n<\/a><\/li>\n\n\n\n<li><a href=\"https:\/\/www.educacion.gob.es\/ruct\/estudiouniversidad.action?codigoCiclo=SC&amp;codigoEstudio=5601047&amp;actual=universidad\" target=\"_blank\" rel=\"noreferrer noopener\" target=\"_blank\" rel=\"noopener\">Enlace al Registro de Universidades, Centros y T\u00edtulos (RUCT)<\/a><\/li>\n<\/ul>\n\n\n\n<p><strong>Documentos de tr\u00e1mite: ANECA-Consejo Universidades (Ministerio Educaci\u00f3n)<\/strong><\/p>\n\n\n\n<ul class=\"wp-block-list\">\n<li><a href=\"https:\/\/drive.google.com\/open?id=1gG04rLvuA6AFU9r6zfeYnVrpFh6dXCK5\" target=\"_blank\" rel=\"noreferrer noopener\" target=\"_blank\" rel=\"noopener\">Informe Final Favorable de Verificaci\u00f3n (2014)<\/a><\/li>\n\n\n\n<li>Resoluci\u00f3n de Verificaci\u00f3n del Consejo de Universidades<\/li>\n<\/ul>\n\n\n\n<p><strong>Documentos de tr\u00e1mite:&nbsp;<\/strong><strong>ACCUEE-<\/strong><strong>ACECAU (CCAA Canarias)<\/strong><\/p>\n\n\n\n<ul class=\"wp-block-list\">\n<li><a href=\"https:\/\/drive.google.com\/open?id=1Cd66t3NpiPrmTXABZzCWuFGEKcLoz-m5\" target=\"_blank\" rel=\"noreferrer noopener\" target=\"_blank\" rel=\"noopener\">Informe Definitivo Favorable de Autorizaci\u00f3n de la Implantaci\u00f3n<\/a><\/li>\n<\/ul>\n\n\n\n<p><strong>Publicaci\u00f3n Plan de Estudios (BOC-BOE)<\/strong><\/p>\n\n\n\n<p><a href=\"https:\/\/www.boe.es\/diario_boe\/txt.php?id=BOE-A-2014-10575\" target=\"_blank\" rel=\"noreferrer noopener\" target=\"_blank\" rel=\"noopener\">Publicaci\u00f3n BOE (Resoluci\u00f3n de 2 de octubre de 2014)<\/a><\/p>\n\n\n\n<p><a href=\"http:\/\/www.gobiernodecanarias.org\/boc\/2014\/114\/003.html\" target=\"_blank\" rel=\"noreferrer noopener\" target=\"_blank\" rel=\"noopener\">Publicaci\u00f3n BOC (Decreto 62\/2014, de 5 de junio: autorizaci\u00f3n)<\/a><\/p>\n<\/div><\/div><\/div>\n<\/details>\n\n\n\n<details class=\"wp-block-stackable-accordion stk-block-accordion stk-inner-blocks stk-block-content stk-block stk-88a7c9c is-style-default\" id=\"complementos-de-formacion\" data-block-id=\"88a7c9c\"><style>.stk-88a7c9c {margin-bottom:10px !important;}<\/style>\n<summary class=\"wp-block-stackable-column stk-block-column stk-column stk-block stk-27019df stk-block-background stk--container-small stk-block-accordion__heading\" data-v=\"4\" data-block-id=\"27019df\"><style>.stk-27019df {padding-top:2px !important;padding-right:2px !important;padding-bottom:2px !important;padding-left:2px !important;}<\/style><div class=\"stk-column-wrapper stk-block-column__content stk-container stk-27019df-container stk--no-background stk--no-padding\"><div class=\"stk-block-content stk-inner-blocks stk-27019df-inner-blocks\">\n<div class=\"wp-block-stackable-icon-label stk-block-icon-label stk-block stk-9c9ce7e\" data-block-id=\"9c9ce7e\"><div class=\"stk-row stk-inner-blocks stk-block-content\">\n<div class=\"wp-block-stackable-heading stk-block-heading stk-block-heading--v2 stk-block stk-bcb6d4e\" id=\"seguimiento\" data-block-id=\"bcb6d4e\"><style>.stk-bcb6d4e .stk-block-heading__text{color:#666666 !important;font-weight:700 !important;font-family:\"ArgentumSans\", Sans-serif !important;}<\/style><h4 class=\"stk-block-heading__text has-text-color\">Seguimiento<\/h4><\/div>\n\n\n\n<div class=\"wp-block-stackable-icon stk-block-icon stk-block stk-61c8ad3\" data-block-id=\"61c8ad3\"><span class=\"stk--svg-wrapper\"><div class=\"stk--inner-svg\"><svg style=\"height:0;width:0\"><defs><linearGradient id=\"linear-gradient-61c8ad3\" x1=\"0\" x2=\"100%\" y1=\"0\" y2=\"0\"><stop offset=\"0%\" style=\"stop-opacity:1;stop-color:var(--linear-gradient-61-c-8-ad-3-color-1)\"><\/stop><stop offset=\"100%\" style=\"stop-opacity:1;stop-color:var(--linear-gradient-61-c-8-ad-3-color-2)\"><\/stop><\/linearGradient><\/defs><\/svg><svg data-prefix=\"fas\" data-icon=\"chevron-down\" class=\"svg-inline--fa fa-chevron-down fa-w-14\" xmlns=\"http:\/\/www.w3.org\/2000\/svg\" viewBox=\"0 0 448 512\" aria-hidden=\"true\" width=\"32\" height=\"32\"><path fill=\"currentColor\" d=\"M207.029 381.476L12.686 187.132c-9.373-9.373-9.373-24.569 0-33.941l22.667-22.667c9.357-9.357 24.522-9.375 33.901-.04L224 284.505l154.745-154.021c9.379-9.335 24.544-9.317 33.901.04l22.667 22.667c9.373 9.373 9.373 24.569 0 33.941L240.971 381.476c-9.373 9.372-24.569 9.372-33.942 0z\"><\/path><\/svg><\/div><\/span><\/div>\n<\/div><\/div>\n<\/div><\/div><\/summary>\n\n\n\n<div class=\"wp-block-stackable-column stk-block-column stk-column stk-block stk-76d605c stk-block-accordion__content\" data-v=\"4\" data-block-id=\"76d605c\"><div class=\"stk-column-wrapper stk-block-column__content stk-container stk-76d605c-container stk--no-background stk--no-padding\"><div class=\"stk-block-content stk-inner-blocks stk-76d605c-inner-blocks\">\n<div class=\"wp-block-stackable-text stk-block-text stk-block stk-287324e\" data-block-id=\"287324e\"><p class=\"stk-block-text__text\">En l\u00ednea con las directrices establecidas a nivel nacional (RD 861\/2010), la Agencia Canaria de Calidad Universitaria y Evaluaci\u00f3n Educativa (ACCUEE) establece el Protocolo de Seguimiento que deben seguir las Titulaciones Oficiales de la Comunidad Aut\u00f3noma Canaria, el cual se centra fundamentalmente en la informaci\u00f3n que las universidades deben publicar y actualizar, y en la importancia del Sistema de Garant\u00eda Interna de Calidad (SGIC) y los mecanismos dise\u00f1ados para realizar el seguimiento de las mismas y su posterior acreditaci\u00f3n.<\/p><\/div>\n<\/div><\/div><\/div>\n<\/details>\n\n\n\n<details class=\"wp-block-stackable-accordion stk-block-accordion stk-inner-blocks stk-block-content stk-block stk-6320006 is-style-default\" id=\"complementos-de-formacion\" data-block-id=\"6320006\"><style>.stk-6320006 {margin-bottom:9px !important;}<\/style>\n<summary class=\"wp-block-stackable-column stk-block-column stk-column stk-block stk-ae2ad76 stk-block-background stk--container-small stk-block-accordion__heading\" data-v=\"4\" data-block-id=\"ae2ad76\"><style>.stk-ae2ad76 {padding-top:2px !important;padding-right:2px !important;padding-bottom:2px !important;padding-left:2px !important;}<\/style><div class=\"stk-column-wrapper stk-block-column__content stk-container stk-ae2ad76-container stk--no-background stk--no-padding\"><div class=\"stk-block-content stk-inner-blocks stk-ae2ad76-inner-blocks\">\n<div class=\"wp-block-stackable-icon-label stk-block-icon-label stk-block stk-16db2af\" data-block-id=\"16db2af\"><div class=\"stk-row stk-inner-blocks stk-block-content\">\n<div class=\"wp-block-stackable-heading stk-block-heading stk-block-heading--v2 stk-block stk-a35761a\" id=\"acreditacion\" data-block-id=\"a35761a\"><style>.stk-a35761a .stk-block-heading__text{color:#666666 !important;font-weight:700 !important;font-family:\"ArgentumSans\", Sans-serif !important;}<\/style><h4 class=\"stk-block-heading__text has-text-color\">Acreditaci\u00f3n<\/h4><\/div>\n\n\n\n<div class=\"wp-block-stackable-icon stk-block-icon stk-block stk-38bb3f8\" data-block-id=\"38bb3f8\"><span class=\"stk--svg-wrapper\"><div class=\"stk--inner-svg\"><svg style=\"height:0;width:0\"><defs><linearGradient id=\"linear-gradient-38bb3f8\" x1=\"0\" x2=\"100%\" y1=\"0\" y2=\"0\"><stop offset=\"0%\" style=\"stop-opacity:1;stop-color:var(--linear-gradient-38-bb-3-f-8-color-1)\"><\/stop><stop offset=\"100%\" style=\"stop-opacity:1;stop-color:var(--linear-gradient-38-bb-3-f-8-color-2)\"><\/stop><\/linearGradient><\/defs><\/svg><svg data-prefix=\"fas\" data-icon=\"chevron-down\" class=\"svg-inline--fa fa-chevron-down fa-w-14\" xmlns=\"http:\/\/www.w3.org\/2000\/svg\" viewBox=\"0 0 448 512\" aria-hidden=\"true\" width=\"32\" height=\"32\"><path fill=\"currentColor\" d=\"M207.029 381.476L12.686 187.132c-9.373-9.373-9.373-24.569 0-33.941l22.667-22.667c9.357-9.357 24.522-9.375 33.901-.04L224 284.505l154.745-154.021c9.379-9.335 24.544-9.317 33.901.04l22.667 22.667c9.373 9.373 9.373 24.569 0 33.941L240.971 381.476c-9.373 9.372-24.569 9.372-33.942 0z\"><\/path><\/svg><\/div><\/span><\/div>\n<\/div><\/div>\n<\/div><\/div><\/summary>\n\n\n\n<div class=\"wp-block-stackable-column stk-block-column stk-column stk-block stk-81ecc51 stk-block-accordion__content\" data-v=\"4\" data-block-id=\"81ecc51\"><div class=\"stk-column-wrapper stk-block-column__content stk-container stk-81ecc51-container stk--no-background stk--no-padding\"><div class=\"stk-block-content stk-inner-blocks stk-81ecc51-inner-blocks\">\n<div class=\"wp-block-stackable-text stk-block-text stk-block stk-7508b1a\" data-block-id=\"7508b1a\"><p class=\"stk-block-text__text\">El Programa de Doctorado en Educaci\u00f3n se someter\u00e1 al proceso de renovaci\u00f3n de la acreditaci\u00f3n, antes de la finalizaci\u00f3n del sexto a\u00f1o desde la\u00a0<a href=\"https:\/\/www.educacion.gob.es\/ruct\/estudiouniversidad.action?codigoCiclo=SC&amp;codigoEstudio=5601047&amp;actual=universidad\" target=\"_blank\" rel=\"noreferrer noopener\" target=\"_blank\" rel=\"noopener\">fecha de verificaci\u00f3n<\/a>\u00a0del t\u00edtulo o desde la fecha de su \u00faltima acreditaci\u00f3n.<\/p><\/div>\n<\/div><\/div><\/div>\n<\/details>\n<\/div><\/div><\/div>\n\n\n\n<div class=\"wp-block-stackable-column stk-block-column stk-column stk-block stk-53ec762 stk-block-background\" data-v=\"4\" data-block-id=\"53ec762\"><style>.stk-53ec762-inner-blocks{row-gap:0px !important;}.stk-53ec762 {background-color:var(--stk-global-color-60833, #5c068c) !important;padding-top:0px !important;padding-right:0px !important;padding-bottom:0px !important;padding-left:0px !important;}.stk-53ec762:before{background-color:var(--stk-global-color-60833, #5c068c) !important;}@media screen and (min-width: 768px){.stk-53ec762 {flex:var(--stk-flex-grow, 1) 1 33.3% !important;}}<\/style><div class=\"stk-column-wrapper stk-block-column__content stk-container stk-53ec762-container stk--no-background stk--no-padding\"><div class=\"stk-block-content stk-inner-blocks stk-53ec762-inner-blocks\">\n<div class=\"wp-block-stackable-heading stk-block-heading stk-block-heading--v2 stk-block stk-23581e5\" id=\"informacion-academica\" data-block-id=\"23581e5\"><style>.stk-23581e5 {padding-top:10px !important;padding-right:10px !important;padding-bottom:10px !important;padding-left:10px !important;margin-bottom:0px !important;}.stk-23581e5 .stk-block-heading__text{font-size:16px !important;color:#ffffff !important;font-weight:800 !important;}@media screen and (max-width: 1023px){.stk-23581e5 .stk-block-heading__text{font-size:16px !important;}}<\/style><h2 class=\"stk-block-heading__text has-text-color\">Informaci\u00f3n acad\u00e9mica<\/h2><\/div>\n\n\n\n<div class=\"wp-block-stackable-button-group stk-block-button-group stk-block stk-6109c77\" data-block-id=\"6109c77\"><style>.stk-6109c77 .stk-button-group{flex-wrap:wrap !important;flex-direction:column !important;align-items:stretch !important;--stk-button-group-flex-wrap:auto !important;}.stk-6109c77 .stk-block{flex-basis:auto !important;}.stk-6109c77 .stk-block-button, .stk-6109c77 .stk-block-icon-button{flex:1 0 auto !important;}.stk-6109c77 .stk-button-group .stk-block-button{width:unset !important;}.stk-6109c77 {padding-left:0px !important;margin-bottom:0px !important;}.stk-6109c77 .stk-inner-blocks{column-gap:11px !important;row-gap:0px !important;}<\/style><div class=\"stk-row stk-inner-blocks has-text-align-left stk-block-content stk-button-group\">\n<div class=\"wp-block-stackable-button stk-block-button has-text-align-left stk-block stk-602a897\" data-block-id=\"602a897\"><style>.stk-602a897 {padding-left:5px !important;flex:1 0 var(--stk-button-group-flex-wrap, 0) !important;}.stk-602a897 , .stk-602a897 .stk-button{width:100% !important;}.stk-602a897 .stk-button{background:#dddddd !important;}.stk-602a897 .stk-button .stk--inner-svg svg:last-child{margin-inline-end:100px !important;}.stk-602a897 .stk-button__inner-text{font-size:16px !important;color:#5a5a5a !important;line-height:28px !important;font-weight:700 !important;font-family:\"Montserrat\", Sans-serif !important;}@media screen and (max-width: 1023px){.stk-602a897 .stk-button__inner-text{font-size:16px !important;}}<\/style><a class=\"stk-link stk-button stk--hover-effect-darken\" href=\"https:\/\/www.ull.es\/admision-becas\/ebau\/\" target=\"_blank\" rel=\"noopener\"><span class=\"has-text-color stk-button__inner-text\">Documentaci\u00f3n de evaluaci\u00f3n del t\u00edtulo<\/span><\/a><\/div>\n\n\n\n<div class=\"wp-block-stackable-button stk-block-button has-text-align-left stk-block stk-c510372\" data-block-id=\"c510372\"><style>.stk-c510372 , .stk-c510372 .stk-button{width:100% !important;}.stk-c510372 {flex:1 0 var(--stk-button-group-flex-wrap, 0) !important;}.stk-c510372 .stk-button{background:var(--stk-global-color-92696, #eeeeee) !important;}.stk-c510372 .stk-button:before{border-style:solid !important;border-color:#ffffff !important;border-top-width:1px !important;border-right-width:0px !important;border-bottom-width:0px !important;border-left-width:0px !important;}.stk-c510372 .stk-button .stk--inner-svg svg:last-child{margin-inline-start:100px !important;}.stk-c510372 .stk-button__inner-text{font-size:16px !important;color:#5a5a5a !important;line-height:28px !important;font-weight:400 !important;font-family:\"Montserrat\", Sans-serif !important;}@media screen and (max-width: 1023px){.stk-c510372 .stk-button__inner-text{font-size:16px !important;}}<\/style><a class=\"stk-link stk-button stk--hover-effect-darken\" href=\"https:\/\/www.ull.es\/doctorados\/arte-humanidades\/calidad\/indicadores-y-resultados-del-titulo\/\" target=\"_blank\" rel=\"noopener\"><span class=\"has-text-color stk-button__inner-text\">Indicadores y resultados del t\u00edtulo<\/span><\/a><\/div>\n\n\n\n<div class=\"wp-block-stackable-button stk-block-button has-text-align-left stk-block stk-c2a1bc4\" data-block-id=\"c2a1bc4\"><style>.stk-c2a1bc4 , .stk-c2a1bc4 .stk-button{width:100% !important;}.stk-c2a1bc4 {flex:1 0 var(--stk-button-group-flex-wrap, 0) !important;}.stk-c2a1bc4 .stk-button{background:var(--stk-global-color-92696, #eeeeee) !important;}.stk-c2a1bc4 .stk-button:before{border-style:solid !important;border-color:#ffffff !important;border-top-width:1px !important;border-right-width:0px !important;border-bottom-width:0px !important;border-left-width:0px !important;}.stk-c2a1bc4 .stk-button .stk--inner-svg svg:last-child{margin-inline-start:100px !important;}.stk-c2a1bc4 .stk-button__inner-text{font-size:16px !important;color:#5a5a5a !important;line-height:28px !important;font-weight:400 !important;font-family:\"Montserrat\", Sans-serif !important;}@media screen and (max-width: 1023px){.stk-c2a1bc4 .stk-button__inner-text{font-size:16px !important;}}<\/style><a class=\"stk-link stk-button stk--hover-effect-darken\" href=\"https:\/\/www.ull.es\/doctorados\/arte-humanidades\/calidad\/reclamaciones-quejas-y-sugerencias\/\" target=\"_blank\" rel=\"noopener\"><span class=\"has-text-color stk-button__inner-text\">Reclamaciones, quejas y sugerencias<\/span><\/a><\/div>\n\n\n\n<div class=\"wp-block-stackable-button stk-block-button has-text-align-left stk-block stk-112bc87\" data-block-id=\"112bc87\"><style>.stk-112bc87 , .stk-112bc87 .stk-button{width:100% !important;}.stk-112bc87 {flex:1 0 var(--stk-button-group-flex-wrap, 0) !important;}.stk-112bc87 .stk-button{background:var(--stk-global-color-92696, #eeeeee) !important;}.stk-112bc87 .stk-button:before{border-style:solid !important;border-color:#ffffff !important;border-top-width:1px !important;border-right-width:0px !important;border-bottom-width:0px !important;border-left-width:0px !important;}.stk-112bc87 .stk-button .stk--inner-svg svg:last-child{margin-inline-start:100px !important;}.stk-112bc87 .stk-button__inner-text{font-size:16px !important;color:#5a5a5a !important;line-height:28px !important;font-weight:400 !important;font-family:\"Montserrat\", Sans-serif !important;}@media screen and (max-width: 1023px){.stk-112bc87 .stk-button__inner-text{font-size:16px !important;}}<\/style><a class=\"stk-link stk-button stk--hover-effect-darken\" href=\"https:\/\/www.ull.es\/doctorados\/arte-humanidades\/calidad\/sistema-de-garantia-interna-de-calidad\/\" target=\"_blank\" rel=\"noopener\"><span class=\"has-text-color stk-button__inner-text\">Sistema de Garant\u00eda Interna de Calidad<\/span><\/a><\/div>\n<\/div><\/div>\n<\/div><\/div><\/div>\n<\/div><\/div>\n\n\n\n<p><\/p>\n","protected":false},"excerpt":{"rendered":"<p>Documentaci\u00f3n de evaluaci\u00f3n del t\u00edtulo Las titulaciones oficiales de Grado, M\u00e1ster y Doctorado est\u00e1n sometidas, a un modelo de evaluaci\u00f3n dividido en tres fases que conforman su ciclo de vida (ciclo VSMA): ex ante (Verificaci\u00f3n), durante (Seguimiento y Modificaci\u00f3n) y ex post (renovaci\u00f3n de la Acreditaci\u00f3n). Este proceso de evaluaci\u00f3n, revisi\u00f3n y mejora se realiza&#8230;<\/p>\n","protected":false},"author":1,"featured_media":0,"parent":84,"menu_order":0,"comment_status":"closed","ping_status":"closed","template":"templates\/template-100-width.php","meta":{"_acf_changed":false,"footnotes":""},"class_list":["post-88","page","type-page","status-publish","hentry"],"acf":[],"publishpress_future_action":{"enabled":false,"date":"2026-04-19 04:40:12","action":"change-status","newStatus":"draft","terms":[],"taxonomy":"","extraData":[]},"publishpress_future_workflow_manual_trigger":{"enabledWorkflows":[]},"_links":{"self":[{"href":"https:\/\/www.ull.es\/doctorados\/educacion-extincion\/wp-json\/wp\/v2\/pages\/88","targetHints":{"allow":["GET"]}}],"collection":[{"href":"https:\/\/www.ull.es\/doctorados\/educacion-extincion\/wp-json\/wp\/v2\/pages"}],"about":[{"href":"https:\/\/www.ull.es\/doctorados\/educacion-extincion\/wp-json\/wp\/v2\/types\/page"}],"author":[{"embeddable":true,"href":"https:\/\/www.ull.es\/doctorados\/educacion-extincion\/wp-json\/wp\/v2\/users\/1"}],"replies":[{"embeddable":true,"href":"https:\/\/www.ull.es\/doctorados\/educacion-extincion\/wp-json\/wp\/v2\/comments?post=88"}],"version-history":[{"count":12,"href":"https:\/\/www.ull.es\/doctorados\/educacion-extincion\/wp-json\/wp\/v2\/pages\/88\/revisions"}],"predecessor-version":[{"id":296,"href":"https:\/\/www.ull.es\/doctorados\/educacion-extincion\/wp-json\/wp\/v2\/pages\/88\/revisions\/296"}],"up":[{"embeddable":true,"href":"https:\/\/www.ull.es\/doctorados\/educacion-extincion\/wp-json\/wp\/v2\/pages\/84"}],"wp:attachment":[{"href":"https:\/\/www.ull.es\/doctorados\/educacion-extincion\/wp-json\/wp\/v2\/media?parent=88"}],"curies":[{"name":"wp","href":"https:\/\/api.w.org\/{rel}","templated":true}]}}