{"id":90,"date":"2018-02-22T14:23:10","date_gmt":"2018-02-22T14:23:10","guid":{"rendered":"http:\/\/www.ull.es\/doctorados\/educacion\/?page_id=90"},"modified":"2025-08-20T08:40:16","modified_gmt":"2025-08-20T08:40:16","slug":"comision-coordinacion-academica","status":"publish","type":"page","link":"https:\/\/www.ull.es\/doctorados\/educacion\/en\/informacion-academica\/comision-coordinacion-academica\/","title":{"rendered":"Academic Commission and Coordination"},"content":{"rendered":"\n<div class=\"wp-block-stackable-columns alignfull stk-block-columns stk-block stk-2314a6b\" data-block-id=\"2314a6b\"><style>.stk-2314a6b {padding-bottom:0px !important;margin-top:-100px !important;margin-bottom:0px !important;}<\/style><div class=\"stk-row stk-inner-blocks stk-block-content stk-content-align stk-2314a6b-column alignfull\">\n<div class=\"wp-block-stackable-column stk-block-column stk-column stk-block stk-1d1764d\" data-v=\"4\" data-block-id=\"1d1764d\"><div class=\"stk-column-wrapper stk-block-column__content stk-container stk-1d1764d-container stk--no-background stk--no-padding\"><div class=\"stk-block-content stk-inner-blocks stk-1d1764d-inner-blocks\"><style id=\"depicter-1-inline-pre-css\">\n\n.depicter-1:not(.depicter-ready){\n\theight:450px;\n}\n\n\/***** Tablet *****\/\n@media screen and (max-width: 1024px){\n\n.depicter-1:not(.depicter-ready){\n\theight:700px;\n}\n\n}\n\/***** Mobile *****\/\n@media screen and (max-width: 767px){\n\n.depicter-1:not(.depicter-ready){\n\theight:360px;\n}\n\n}\n<\/style>\n<div id=\"depicter-1\" class=\"depicter depicter-document depicter-revert depicter-1 depicter-layout-fullwidth\">\n\n<div class=\"depicter-loading-container depicter-loading dotFlashing-dark\"><div class=\"depicter-loading-dark depicter-dot-flashing\">\n   <span><\/span>\n   <span><\/span>\n   <span><\/span>\n<\/div>\n<\/div>\n<div id=\"depicter-1-section-1\" class=\"depicter-section depicter-1-section-1\" data-name=\"Section 1\" data-type=\"section\" data-local-id=\"section-1\">\n<picture class=\"depicter-bg\">\n<source data-depicter-srcset=\"https:\/\/www.ull.es\/doctorados\/educacion\/wp-content\/uploads\/sites\/4\/2025\/05\/Headers-Doctorados_Doctorado-Ciencias-de-la-Educacion-768x248.jpg, https:\/\/www.ull.es\/doctorados\/educacion\/wp-content\/uploads\/sites\/4\/2025\/05\/Headers-Doctorados_Doctorado-Ciencias-de-la-Educacion.jpg 2x\" srcset=\"data:image\/gif;base64,R0lGODlhAQABAIAAAAAAAP\/\/\/yH5BAEAAAAALAAAAAABAAEAAAIBRAA7\" media=\"(max-width: 1024px)\" \/>\n\n<source data-depicter-srcset=\"https:\/\/www.ull.es\/doctorados\/educacion\/wp-content\/uploads\/sites\/4\/2025\/05\/Headers-Doctorados_Doctorado-Ciencias-de-la-Educacion.jpg, https:\/\/www.ull.es\/doctorados\/educacion\/wp-content\/uploads\/sites\/4\/2025\/05\/Headers-Doctorados_Doctorado-Ciencias-de-la-Educacion-2000x645.jpg 2x\" srcset=\"data:image\/gif;base64,R0lGODlhAQABAIAAAAAAAP\/\/\/yH5BAEAAAAALAAAAAABAAEAAAIBRAA7\" media=\"(min-width: 1025px)\" \/>\n<img decoding=\"async\" src=\"data:image\/gif;base64,R0lGODlhAQABAIAAAAAAAP\/\/\/yH5BAEAAAAALAAAAAABAAEAAAIBRAA7\" data-ken-burns=\"false\" data-tablet-ken-burns=\"false\" data-mobile-ken-burns=\"false\" alt=\"\" data-depicter-src=\"https:\/\/www.ull.es\/doctorados\/educacion\/wp-content\/uploads\/sites\/4\/2025\/05\/Headers-Doctorados_Doctorado-Ciencias-de-la-Educacion.jpg\" data-object-fit=\"custom,custom,\" data-object-position=\"center top,,\" data-crop=\"{'focalPoint':{'x':0.5,'y':0.5},'mediaSize':{'width':1395.3488372093024736386723816394805908203125,'height':450}}\" data-tablet-crop=\"{'focalPoint':{'x':0.5,'y':0.5},'mediaSize':{'width':2170.54263565891460530110634863376617431640625,'height':700}}\" data-mobile-crop=\"{'focalPoint':{'x':0.5,'y':0.5},'mediaSize':{'width':2294.57364341085258274688385426998138427734375,'height':740}}\" \/>\n<\/picture>\n\n\n<h1 id=\"depicter-1-element-5\" class=\"depicter-element depicter-layer depicter-1-element-5\" data-type=\"text\" data-wrap=\"true\" data-name=\"Text 2\" data-local-id=\"element-5\" data-offset=\"x:0px;y:140px;origin:tl\" data-tablet-offset=\"x:215px;y:194px;origin:tl\" data-mobile-offset=\"x:7px;y:84px;origin:tl\" data-width=\"1200px,auto,348px\" data-height=\"auto,auto,auto\" data-responsive-scale=\"true,,\">Programa de Doctorado en Ciencias de la Educaci\u00f3n<\/h1>\n\n<div id=\"depicter-1-element-10\" class=\"depicter-element depicter-layer depicter-1-element-10\" data-type=\"shape\" data-wrap=\"true\" data-name=\"Shape 1\" data-local-id=\"element-10\" data-offset=\"x:0px;y:311px;origin:tl\" data-tablet-offset=\"x:215px;y:426px;origin:tl\" data-mobile-offset=\"x:7px;y:287px;origin:tl\" data-width=\"978px,647px,307px\" data-height=\"8px,8px,8px\" data-responsive-scale=\"true,,\"><\/div>\n<\/div>\n<\/div>\n<script>\n(window.depicterSetups = window.depicterSetups || []).push(function(){\n\tDepicter.basePath = 'https:\/\/www.ull.es\/doctorados\/educacion\/wp-content\/plugins\/depicter\/resources\/scripts\/player\/';\n\tconst dpPlayer = Depicter.setup('.depicter-1',\n\t\t{\"width\":[\"1200\",\"1024\",\"360\"],\"height\":[\"450\",\"700\",\"360\"],\"view\":\"basic\",\"keepAspectRatio\":true,\"preload\":0,\"layout\":\"fullwidth\",\"rtl\":false,\"initAfterAppear\":false,\"ajaxApiUrl\":\"https:\\\/\\\/www.ull.es\\\/doctorados\\\/educacion\\\/wp-admin\\\/admin-ajax.php\",\"mouseSwipe\":true,\"touchSwipe\":true,\"useWatermark\":false}\n\t);\n});\n<\/script><\/div><\/div><\/div>\n<\/div><\/div>\n\n\n\n<div class=\"wp-block-stackable-columns alignfull stk-block-columns stk--hide-mobile stk-block stk-6394276 stk-block-background\" data-block-id=\"6394276\"><style>.stk-6394276 {background-color:#f33f4e !important;padding-top:10px !important;margin-bottom:0px !important;}.stk-6394276:before{background-color:#f33f4e !important;}<\/style><div class=\"stk-row stk-inner-blocks stk-block-content stk-content-align stk-6394276-column alignfull\">\n<div class=\"wp-block-stackable-column stk-block-column stk-column stk-block stk-8a66885\" data-v=\"4\" data-block-id=\"8a66885\"><div class=\"stk-column-wrapper stk-block-column__content stk-container stk-8a66885-container stk--no-background stk--no-padding\"><div class=\"stk-block-content stk-inner-blocks stk-8a66885-inner-blocks\">\n<div class=\"wp-block-stackable-spacer stk-block-spacer stk--no-padding stk-block stk-bc89b3e\" data-block-id=\"bc89b3e\"><style>.stk-bc89b3e {height:0px !important;}<\/style><\/div>\n<\/div><\/div><\/div>\n<\/div><\/div>\n\n\n\n<div class=\"wp-block-stackable-columns stk-block-columns stk-block stk-8b59b96\" data-block-id=\"8b59b96\"><style>.stk-8b59b96 .stk--block-align-8b59b96{align-items:flex-start !important;}.stk-8b59b96 {margin-top:50px !important;}.stk-8b59b96-column{--stk-columns-spacing:0px !important;--stk-column-gap:50px !important;}<\/style><div class=\"stk-row stk-inner-blocks stk--block-align-8b59b96 stk-block-content stk-content-align stk-8b59b96-column\">\n<div class=\"wp-block-stackable-column stk-block-column stk-column stk-block stk-dbb7e15\" data-v=\"4\" data-block-id=\"dbb7e15\"><style>@media screen and (min-width: 768px){.stk-dbb7e15 {flex:var(--stk-flex-grow, 1) 1 66.7% !important;}}<\/style><div class=\"stk-column-wrapper stk-block-column__content stk-container stk-dbb7e15-container stk--no-background stk--no-padding\"><div class=\"stk-block-content stk-inner-blocks stk-dbb7e15-inner-blocks\">\n<div class=\"wp-block-stackable-heading stk-block-heading stk-block-heading--v2 stk-block stk-cc0239e\" id=\"complementos-de-formacion\" data-block-id=\"cc0239e\"><style>.stk-cc0239e .stk-block-heading__text{color:#000000 !important;font-weight:500 !important;}<\/style><h1 class=\"stk-block-heading__text has-text-color has-text-align-center-mobile\">Comisi\u00f3n y Coordinaci\u00f3n Acad\u00e9mica<\/h1><\/div>\n\n\n\n<div class=\"wp-block-stackable-text stk-block-text stk-block stk-20fa74e\" data-block-id=\"20fa74e\"><p class=\"stk-block-text__text\">La Comisi\u00f3n Acad\u00e9mica del Programa de Doctorado en Ciencias de la Educaci\u00f3n por la ULL y la ULPGC, seg\u00fan los Reglamentos de estudios de doctorado de ambas universidades, estar\u00e1 compuesta por un m\u00e1ximo de nueve profesores o profesoras y\/o investigadores o investigadoras participantes en el mismo, incluyendo al coordinador o coordinadora acad\u00e9mico, que ser\u00e1 nombrado por el rector o rectora de la ULL, que ejercer\u00e1 como presidente o presidenta de la misma.<\/p><\/div>\n\n\n\n<p>Los otros ocho miembros de la Comisi\u00f3n Acad\u00e9mica pertenecer\u00e1n cuatro a la ULL y cuatro a la ULPGC y ser\u00e1n elegidos entre y por el profesorado y\/ o investigadores o investigadoras incorporados en el Programa. En la Comisi\u00f3n Acad\u00e9mica deber\u00e1 integrarse, al menos, un miembro de cada l\u00ednea de investigaci\u00f3n por cada universidad que conforme el Programa de Doctorado en Ciencias de la Educaci\u00f3n por la ULL y la ULPGC.<\/p>\n\n\n\n<p>Los miembros de la Comisi\u00f3n Acad\u00e9mica que sean profesores o profesoras, o investigadores o investigadoras, deber\u00e1n reunir los mismos requisitos establecidos para ser director o directora de tesis en el correspondiente Programa de Doctorado.<\/p>\n\n\n\n<p>Adem\u00e1s, podr\u00e1n integrarse como miembros invitados a la Comisi\u00f3n Acad\u00e9mica representantes de las entidades externas al Programa de Doctorado que colaboren en su desarrollo, en un n\u00famero no superior a tres. En caso necesario se establecer\u00e1 un sistema rotatorio de designaci\u00f3n de representantes por parte de las entidades externas que tendr\u00e1n voz sin voto. Algunas entidades externas colaboradoras con las universidades p\u00fablicas canarias son Cabildos Insulares, Hospitales y Centros de educaci\u00f3n formal y no formal de Canarias. Los representantes que dichas instituciones env\u00eden como miembros invitados en la Comisi\u00f3n Acad\u00e9mica deber\u00e1n poseer el t\u00edtulo de doctor o doctora.<\/p>\n\n\n\n<style>\n    .shortcode-equipo h2 {\n        margin-bottom: 10px !important;\n    }\n<\/style>\n\n<div class=\"shortcode-equipo\">\n    <h2>Equipo de direcci\u00f3n<\/h2><dl><dt><strong>Directora acad\u00e9mica<\/strong><\/dt><dd> <a href='https:\/\/www.ull.es\/directorio\/search\/?busqueda=Olga Mar\u00eda Alegre de la Rosa' target='_blank'>Olga Mar\u00eda Alegre de la Rosa<\/a><\/dd><\/dl><h2>Comisi\u00f3n acad\u00e9mica<\/h2><dl><dt><strong>Comisi\u00f3n Acad\u00e9mica de la ULL y de la ULPGC<\/strong><\/dt><dd> <a href='https:\/\/www.ull.es\/directorio\/search\/?busqueda=Olga Mar\u00eda Alegre de la Rosa  (ULL)' target='_blank'>Olga Mar\u00eda Alegre de la Rosa  (ULL)<\/a><\/dd><dd> <a href='https:\/\/www.ull.es\/directorio\/search\/?busqueda=Manuel Ferraz Lorenzo (ULL)' target='_blank'>Manuel Ferraz Lorenzo (ULL)<\/a><\/dd><dd> <a href='https:\/\/www.ull.es\/directorio\/search\/?busqueda=Juan Antonio Rodr\u00edguez Hern\u00e1ndez  (ULL)' target='_blank'>Juan Antonio Rodr\u00edguez Hern\u00e1ndez  (ULL)<\/a><\/dd><dd> <a href='https:\/\/www.ull.es\/directorio\/search\/?busqueda=Jorge Miguel Fern\u00e1ndez Cabrera  (ULL)' target='_blank'>Jorge Miguel Fern\u00e1ndez Cabrera  (ULL)<\/a><\/dd><\/dl>\n<\/div>\n\n\n\n\n<div class=\"wp-block-stackable-text stk-block-text stk-block stk-560edf1\" data-block-id=\"560edf1\"><p class=\"stk-block-text__text\"><strong>Otras Comisiones<\/strong><\/p><\/div>\n\n\n\n<p><a href=\"https:\/\/www.ull.es\/centros\/escuela-doctorado-estudios-posgrado\/informacion-general\/consejo-de-direccion\/#comisiones\" target=\"_blank\" rel=\"noopener\">Puede consultar las comisiones vinculadas a la titulaci\u00f3n, accediendo al apartado correspondiente de la web de la Escuela de Doctorado y Estudios de Posgrado<\/a><\/p>\n<\/div><\/div><\/div>\n\n\n\n<div class=\"wp-block-stackable-column stk-block-column stk-column stk-block stk-53ec762\" data-v=\"4\" data-block-id=\"53ec762\"><style>.stk-53ec762-inner-blocks{row-gap:0px !important;}.stk-53ec762 {padding-top:0px !important;padding-right:0px !important;padding-bottom:0px !important;padding-left:0px !important;}@media screen and (min-width: 768px){.stk-53ec762 {flex:var(--stk-flex-grow, 1) 1 33.3% !important;}}<\/style><div class=\"stk-column-wrapper stk-block-column__content stk-container stk-53ec762-container stk--no-background stk--no-padding\"><div class=\"stk-block-content stk-inner-blocks stk-53ec762-inner-blocks\">\n\n<ul class=\"widget-box\">\n<li class='contacto-header'>Informaci\u00f3n de contacto<\/li><li><i class=\"fa fa-map-marker\"><\/i> Avda. Astrof\u00edsico Francisco S\u00e1nchez, SN. Edificio Calabaza \u2013 AN.2D Apdo. 456 38200 San Crist\u00f3bal de La Laguna<\/li><li><i class=\"fa fa-envelope\"><\/i>  <a href=mailto:doct122@ull.es>doct122@ull.es<\/a><\/li><li><i class=\"fa fa-calendar\"><\/i><a href=\"http:\/\/citaprevia.ull.es\/index.php?s=edpo\"> Cita previa<\/a><\/li>\n<\/ul>\n\n\n<\/div><\/div><\/div>\n<\/div><\/div>\n","protected":false},"excerpt":{"rendered":"<p>Academic Committee and Coordination The Academic Committee of the Doctoral Program in Educational Sciences at the ULL and the ULPGC, according to the Doctoral Studies Regulations of both universities, will be composed of a maximum of nine professors and\/or researchers participating in the program, including the coordinator...<\/p>","protected":false},"author":1,"featured_media":0,"parent":17,"menu_order":0,"comment_status":"closed","ping_status":"closed","template":"templates\/template-frontpage.php","meta":{"_acf_changed":false,"footnotes":""},"class_list":["post-90","page","type-page","status-publish","hentry"],"acf":[],"publishpress_future_action":{"enabled":false,"date":"2026-04-27 17:59:19","action":"change-status","newStatus":"draft","terms":[],"taxonomy":"","extraData":[]},"publishpress_future_workflow_manual_trigger":{"enabledWorkflows":[]},"_links":{"self":[{"href":"https:\/\/www.ull.es\/doctorados\/educacion\/en\/wp-json\/wp\/v2\/pages\/90","targetHints":{"allow":["GET"]}}],"collection":[{"href":"https:\/\/www.ull.es\/doctorados\/educacion\/en\/wp-json\/wp\/v2\/pages"}],"about":[{"href":"https:\/\/www.ull.es\/doctorados\/educacion\/en\/wp-json\/wp\/v2\/types\/page"}],"author":[{"embeddable":true,"href":"https:\/\/www.ull.es\/doctorados\/educacion\/en\/wp-json\/wp\/v2\/users\/1"}],"replies":[{"embeddable":true,"href":"https:\/\/www.ull.es\/doctorados\/educacion\/en\/wp-json\/wp\/v2\/comments?post=90"}],"version-history":[{"count":82,"href":"https:\/\/www.ull.es\/doctorados\/educacion\/en\/wp-json\/wp\/v2\/pages\/90\/revisions"}],"predecessor-version":[{"id":531,"href":"https:\/\/www.ull.es\/doctorados\/educacion\/en\/wp-json\/wp\/v2\/pages\/90\/revisions\/531"}],"up":[{"embeddable":true,"href":"https:\/\/www.ull.es\/doctorados\/educacion\/en\/wp-json\/wp\/v2\/pages\/17"}],"wp:attachment":[{"href":"https:\/\/www.ull.es\/doctorados\/educacion\/en\/wp-json\/wp\/v2\/media?parent=90"}],"curies":[{"name":"wp","href":"https:\/\/api.w.org\/{rel}","templated":true}]}}