{"id":30,"date":"2018-02-22T11:23:48","date_gmt":"2018-02-22T11:23:48","guid":{"rendered":"http:\/\/localhost\/ull\/doctorados\/?page_id=30"},"modified":"2025-08-20T08:43:11","modified_gmt":"2025-08-20T08:43:11","slug":"lineas-de-investigacion","status":"publish","type":"page","link":"https:\/\/www.ull.es\/doctorados\/educacion\/fr\/organizacion-del-programa\/lineas-de-investigacion\/","title":{"rendered":"Lignes de recherche"},"content":{"rendered":"\n<div class=\"wp-block-stackable-columns alignfull stk-block-columns stk-block stk-2314a6b\" data-block-id=\"2314a6b\"><style>.stk-2314a6b {padding-bottom:0px !important;margin-top:-100px !important;margin-bottom:0px !important;}<\/style><div class=\"stk-row stk-inner-blocks stk-block-content stk-content-align stk-2314a6b-column alignfull\">\n<div class=\"wp-block-stackable-column stk-block-column stk-column stk-block stk-1d1764d\" data-v=\"4\" data-block-id=\"1d1764d\"><div class=\"stk-column-wrapper stk-block-column__content stk-container stk-1d1764d-container stk--no-background stk--no-padding\"><div class=\"stk-block-content stk-inner-blocks stk-1d1764d-inner-blocks\"><style id=\"depicter-1-inline-pre-css\">\n\n.depicter-1:not(.depicter-ready){\n\theight:450px;\n}\n\n\/***** Tablet *****\/\n@media screen and (max-width: 1024px){\n\n.depicter-1:not(.depicter-ready){\n\theight:700px;\n}\n\n}\n\/***** Mobile *****\/\n@media screen and (max-width: 767px){\n\n.depicter-1:not(.depicter-ready){\n\theight:360px;\n}\n\n}\n<\/style>\n<div id=\"depicter-1\" class=\"depicter depicter-document depicter-revert depicter-1 depicter-layout-fullwidth\">\n\n<div class=\"depicter-loading-container depicter-loading dotFlashing-dark\"><div class=\"depicter-loading-dark depicter-dot-flashing\">\n   <span><\/span>\n   <span><\/span>\n   <span><\/span>\n<\/div>\n<\/div>\n<div id=\"depicter-1-section-1\" class=\"depicter-section depicter-1-section-1\" data-name=\"Section 1\" data-type=\"section\" data-local-id=\"section-1\">\n<picture class=\"depicter-bg\">\n<source data-depicter-srcset=\"https:\/\/www.ull.es\/doctorados\/educacion\/wp-content\/uploads\/sites\/4\/2025\/05\/Headers-Doctorados_Doctorado-Ciencias-de-la-Educacion-768x248.jpg, https:\/\/www.ull.es\/doctorados\/educacion\/wp-content\/uploads\/sites\/4\/2025\/05\/Headers-Doctorados_Doctorado-Ciencias-de-la-Educacion.jpg 2x\" srcset=\"data:image\/gif;base64,R0lGODlhAQABAIAAAAAAAP\/\/\/yH5BAEAAAAALAAAAAABAAEAAAIBRAA7\" media=\"(max-width: 1024px)\" \/>\n\n<source data-depicter-srcset=\"https:\/\/www.ull.es\/doctorados\/educacion\/wp-content\/uploads\/sites\/4\/2025\/05\/Headers-Doctorados_Doctorado-Ciencias-de-la-Educacion.jpg, https:\/\/www.ull.es\/doctorados\/educacion\/wp-content\/uploads\/sites\/4\/2025\/05\/Headers-Doctorados_Doctorado-Ciencias-de-la-Educacion-2000x645.jpg 2x\" srcset=\"data:image\/gif;base64,R0lGODlhAQABAIAAAAAAAP\/\/\/yH5BAEAAAAALAAAAAABAAEAAAIBRAA7\" media=\"(min-width: 1025px)\" \/>\n<img decoding=\"async\" src=\"data:image\/gif;base64,R0lGODlhAQABAIAAAAAAAP\/\/\/yH5BAEAAAAALAAAAAABAAEAAAIBRAA7\" data-ken-burns=\"false\" data-tablet-ken-burns=\"false\" data-mobile-ken-burns=\"false\" alt=\"\" data-depicter-src=\"https:\/\/www.ull.es\/doctorados\/educacion\/wp-content\/uploads\/sites\/4\/2025\/05\/Headers-Doctorados_Doctorado-Ciencias-de-la-Educacion.jpg\" data-object-fit=\"custom,custom,\" data-object-position=\"center top,,\" data-crop=\"{'focalPoint':{'x':0.5,'y':0.5},'mediaSize':{'width':1395.3488372093024736386723816394805908203125,'height':450}}\" data-tablet-crop=\"{'focalPoint':{'x':0.5,'y':0.5},'mediaSize':{'width':2170.54263565891460530110634863376617431640625,'height':700}}\" data-mobile-crop=\"{'focalPoint':{'x':0.5,'y':0.5},'mediaSize':{'width':2294.57364341085258274688385426998138427734375,'height':740}}\" \/>\n<\/picture>\n\n\n<h1 id=\"depicter-1-element-5\" class=\"depicter-element depicter-layer depicter-1-element-5\" data-type=\"text\" data-wrap=\"true\" data-name=\"Text 2\" data-local-id=\"element-5\" data-offset=\"x:0px;y:140px;origin:tl\" data-tablet-offset=\"x:215px;y:194px;origin:tl\" data-mobile-offset=\"x:7px;y:84px;origin:tl\" data-width=\"1200px,auto,348px\" data-height=\"auto,auto,auto\" data-responsive-scale=\"true,,\">Programa de Doctorado en Ciencias de la Educaci\u00f3n<\/h1>\n\n<div id=\"depicter-1-element-10\" class=\"depicter-element depicter-layer depicter-1-element-10\" data-type=\"shape\" data-wrap=\"true\" data-name=\"Shape 1\" data-local-id=\"element-10\" data-offset=\"x:0px;y:311px;origin:tl\" data-tablet-offset=\"x:215px;y:426px;origin:tl\" data-mobile-offset=\"x:7px;y:287px;origin:tl\" data-width=\"978px,647px,307px\" data-height=\"8px,8px,8px\" data-responsive-scale=\"true,,\"><\/div>\n<\/div>\n<\/div>\n<script>\n(window.depicterSetups = window.depicterSetups || []).push(function(){\n\tDepicter.basePath = 'https:\/\/www.ull.es\/doctorados\/educacion\/wp-content\/plugins\/depicter\/resources\/scripts\/player\/';\n\tconst dpPlayer = Depicter.setup('.depicter-1',\n\t\t{\"width\":[\"1200\",\"1024\",\"360\"],\"height\":[\"450\",\"700\",\"360\"],\"view\":\"basic\",\"keepAspectRatio\":true,\"preload\":0,\"layout\":\"fullwidth\",\"rtl\":false,\"initAfterAppear\":false,\"ajaxApiUrl\":\"https:\\\/\\\/www.ull.es\\\/doctorados\\\/educacion\\\/wp-admin\\\/admin-ajax.php\",\"mouseSwipe\":true,\"touchSwipe\":true,\"useWatermark\":false}\n\t);\n});\n<\/script><\/div><\/div><\/div>\n<\/div><\/div>\n\n\n\n<div class=\"wp-block-stackable-columns alignfull stk-block-columns stk--hide-mobile stk-block stk-6394276 stk-block-background\" data-block-id=\"6394276\"><style>.stk-6394276 {background-color:#f33f4e !important;padding-top:10px !important;margin-bottom:0px !important;}.stk-6394276:before{background-color:#f33f4e !important;}<\/style><div class=\"stk-row stk-inner-blocks stk-block-content stk-content-align stk-6394276-column alignfull\">\n<div class=\"wp-block-stackable-column stk-block-column stk-column stk-block stk-8a66885\" data-v=\"4\" data-block-id=\"8a66885\"><div class=\"stk-column-wrapper stk-block-column__content stk-container stk-8a66885-container stk--no-background stk--no-padding\"><div class=\"stk-block-content stk-inner-blocks stk-8a66885-inner-blocks\">\n<div class=\"wp-block-stackable-spacer stk-block-spacer stk--no-padding stk-block stk-bc89b3e\" data-block-id=\"bc89b3e\"><style>.stk-bc89b3e {height:0px !important;}<\/style><\/div>\n<\/div><\/div><\/div>\n<\/div><\/div>\n\n\n\n<div class=\"wp-block-stackable-columns stk-block-columns stk-block stk-8b59b96\" data-block-id=\"8b59b96\"><style>.stk-8b59b96 .stk--block-align-8b59b96{align-items:flex-start !important;}.stk-8b59b96 {margin-top:50px !important;}.stk-8b59b96-column{--stk-columns-spacing:0px !important;--stk-column-gap:50px !important;}<\/style><div class=\"stk-row stk-inner-blocks stk--block-align-8b59b96 stk-block-content stk-content-align stk-8b59b96-column\">\n<div class=\"wp-block-stackable-column stk-block-column stk-column stk-block stk-dbb7e15\" data-v=\"4\" data-block-id=\"dbb7e15\"><style>@media screen and (min-width: 768px){.stk-dbb7e15 {flex:var(--stk-flex-grow, 1) 1 66.7% !important;}}<\/style><div class=\"stk-column-wrapper stk-block-column__content stk-container stk-dbb7e15-container stk--no-background stk--no-padding\"><div class=\"stk-block-content stk-inner-blocks stk-dbb7e15-inner-blocks\">\n<div class=\"wp-block-stackable-heading stk-block-heading stk-block-heading--v2 stk-block stk-cc0239e\" id=\"complementos-de-formacion\" data-block-id=\"cc0239e\"><style>.stk-cc0239e .stk-block-heading__text{color:#000000 !important;font-weight:500 !important;}<\/style><h1 class=\"stk-block-heading__text has-text-color\">L\u00edneas de investigaci\u00f3n<\/h1><\/div>\n\n\n\n<div class=\"wp-block-stackable-text stk-block-text stk-block stk-06400f3\" data-block-id=\"06400f3\"><p class=\"stk-block-text__text\"><strong><a href=\"https:\/\/docs.google.com\/document\/d\/1fvdKUj3e74GZVW9CkhIvpUiLdhuFvDTs\/edit?usp=drive_link&amp;ouid=113248735011275541741&amp;rtpof=true&amp;sd=true\" target=\"_blank\" rel=\"noopener\">L\u00cdNEA 1: INVESTIGACI\u00d3N E INNOVACI\u00d3N EN EDUCACI\u00d3N<\/a><\/strong><\/p><\/div>\n\n\n\n<p><strong><a href=\"https:\/\/docs.google.com\/document\/d\/1PUhG4Hguvn61zLcuTYiE68k065chH61W\/edit?usp=drive_link&amp;ouid=113248735011275541741&amp;rtpof=true&amp;sd=true\" target=\"_blank\" rel=\"noopener\">L\u00cdNEA 2: ENSE\u00d1ANZA Y APRENDIZAJE EN \u00c1REAS DE CONOCIMIENTO ESPEC\u00cdFICAS<\/a><\/strong><\/p>\n\n\n\n<p>Se pueden conocer algunas tem\u00e1ticas vinculas a las l\u00edneas de investigaci\u00f3n en los grupos de investigaci\u00f3n vinculados a las mismas:<\/p>\n\n\n\n<p><strong>Grupos de investigaci\u00f3n vinculados a la l\u00ednea 1:<\/strong><\/p>\n\n\n\n<p><a href=\"https:\/\/portalciencia.ull.es\/grupos\/6270\/detalle\" target=\"_blank\" rel=\"noreferrer noopener\" target=\"_blank\" rel=\"noopener\">GIED (Grupo de Investigaci\u00f3n para la Educaci\u00f3n en la Diversidad)<\/a><\/p>\n\n\n\n<p><a href=\"https:\/\/portalciencia.ull.es\/grupos\/6502\/detalle\" target=\"_blank\" rel=\"noreferrer noopener\" target=\"_blank\" rel=\"noopener\">ACENTEJO (Equipo de investigaci\u00f3n en dificultades del lenguaje)<\/a><\/p>\n\n\n\n<p><a href=\"https:\/\/portalciencia.ull.es\/grupos\/6259\/detalle\" target=\"_blank\" rel=\"noreferrer noopener\" target=\"_blank\" rel=\"noopener\">GIOES (Grupo de investigaci\u00f3n de orientaci\u00f3n educativa y sociolaboral)<\/a><\/p>\n\n\n\n<p><a href=\"https:\/\/portalciencia.ull.es\/grupos\/6316\/detalle\" target=\"_blank\" rel=\"noreferrer noopener\" target=\"_blank\" rel=\"noopener\">EDULLAB (Laboratorio de educaci\u00f3n y nuevas tecnolog\u00edas)<\/a><\/p>\n\n\n\n<p><a href=\"https:\/\/portalciencia.ull.es\/grupos\/6473\/detalle\" target=\"_blank\" rel=\"noreferrer noopener\" target=\"_blank\" rel=\"noopener\">GUFOI (Grupo Universitario de Formaci\u00f3n y Orientaci\u00f3n Integrada)<\/a><\/p>\n\n\n\n<p><a href=\"https:\/\/portalciencia.ull.es\/grupos\/24592\/detalle\" target=\"_blank\" rel=\"noreferrer noopener\" target=\"_blank\" rel=\"noopener\">DISAE (Grupo de investigaci\u00f3n en diversidad, salud y educaci\u00f3n)<\/a><\/p>\n\n\n\n<p><a href=\"https:\/\/portalciencia.ull.es\/grupos\/6272\/detalle\" target=\"_blank\" rel=\"noreferrer noopener\" target=\"_blank\" rel=\"noopener\">GIGNMVGNI (Grupo ITACA g\u00e9nero, masculinidades, violencia de g\u00e9nero e interculturalidad)<\/a><\/p>\n\n\n\n<p><a href=\"https:\/\/portalciencia.ull.es\/grupos\/6580\/detalle\" target=\"_blank\" rel=\"noreferrer noopener\" target=\"_blank\" rel=\"noopener\">PEDACRI (Pedagog\u00eda cr\u00edtica)<\/a><\/p>\n\n\n\n<p><a href=\"https:\/\/portalciencia.ull.es\/grupos\/6568\/detalle\" target=\"_blank\" rel=\"noreferrer noopener\" target=\"_blank\" rel=\"noopener\">2CyM (Conflicto, convivencia y mediaci\u00f3n)<\/a><\/p>\n\n\n\n<p><a href=\"https:\/\/portalciencia.ull.es\/grupos\/6438\/detalle\" target=\"_blank\" rel=\"noreferrer noopener\" target=\"_blank\" rel=\"noopener\">FADE (Familia y desarrollo humano)<\/a><\/p>\n\n\n\n<p><a href=\"https:\/\/portalciencia.ull.es\/grupos\/6544\/detalle\" target=\"_blank\" rel=\"noreferrer noopener\" target=\"_blank\" rel=\"noopener\">SAPTEM (Sociolog\u00eda y pol\u00edtica de la educaci\u00f3n)<\/a><\/p>\n\n\n\n<p><a href=\"https:\/\/portalciencia.ull.es\/grupos\/40156\/detalle\" target=\"_blank\" rel=\"noreferrer noopener\" target=\"_blank\" rel=\"noopener\">MUINED (Grupo multidisciplinar de investigaci\u00f3n educativa)<\/a><\/p>\n\n\n\n<p><a href=\"https:\/\/portalciencia.ull.es\/grupos\/35873\/detalle\" target=\"_blank\" rel=\"noreferrer noopener\" target=\"_blank\" rel=\"noopener\">GISEDU (Grupo interdisciplinar de investigaci\u00f3n sobre el pasado educativo)<\/a><\/p>\n\n\n\n<p>MES (Grupo de Investigaci\u00f3n Motivaci\u00f3n, Educaci\u00f3n y Salud)<\/p>\n\n\n\n<p><a href=\"https:\/\/aplicacionesweb.ulpgc.es\/gir\/detalle\/3391\" target=\"_blank\" rel=\"noreferrer noopener\" target=\"_blank\" rel=\"noopener\">SocDig (Sociedad digital)<\/a>&nbsp;<\/p>\n\n\n\n<p><a href=\"https:\/\/aplicacionesweb.ulpgc.es\/gir\/detalle\/3409\" target=\"_blank\" rel=\"noreferrer noopener\" target=\"_blank\" rel=\"noopener\">GIEI (Educaci\u00f3n inclusiva, inclusi\u00f3n, sociedad, familia)<\/a><\/p>\n\n\n\n<p><a href=\"https:\/\/portalciencia.ull.es\/grupos\/6385\/detalle\" target=\"_blank\" rel=\"noreferrer noopener\" target=\"_blank\" rel=\"noopener\">HEPECU (\u201cNexus\u201d de Historia de la educaci\u00f3n, Pol\u00edticas educativas y Estudios culturales)<\/a><\/p>\n\n\n\n<p><a href=\"https:\/\/portalciencia.ull.es\/grupos\/6429\/detalle\" target=\"_blank\" rel=\"noreferrer noopener\" target=\"_blank\" rel=\"noopener\">ITED (Interacci\u00f3n, Tic y educaci\u00f3n)<\/a><\/p>\n\n\n\n<p><a href=\"https:\/\/portalciencia.ull.es\/grupos\/24596\/detalle\" target=\"_blank\" rel=\"noreferrer noopener\" target=\"_blank\" rel=\"noopener\">TRESOS (Transici\u00f3n energ\u00e9tica y sostenibilidad)<\/a><\/p>\n\n\n\n<p><a href=\"https:\/\/aplicacionesweb.ulpgc.es\/gir\/detalle\/3406\" target=\"_blank\" rel=\"noreferrer noopener\" target=\"_blank\" rel=\"noopener\">DAME (Did\u00e1ctica, aprendizaje y motivaci\u00f3n en contextos espec\u00edficos)<\/a><\/p>\n\n\n\n<p>Estos grupos poseen una gran tradici\u00f3n investigadora con capacidad formativa de doctorandos en \u00e1mbitos de investigaci\u00f3n relacionados con la educaci\u00f3n. Poseen proyectos financiados en convocatorias competitivas en un n\u00famero considerable y han publicado en revistas de impacto cuyos m\u00e9ritos se destacan m\u00e1s adelante, tanto en las contribuciones destacadas de art\u00edculos en revistas de impacto cient\u00edfico y social.<\/p>\n\n\n\n<p><strong>15 profesores\/as avalistas y 28 investigadores\/as pertenecientes a la L\u00ednea 1:<\/strong><\/p>\n\n\n\n<p><strong>Avalistas:<\/strong><\/p>\n\n\n\n<p>Acosta Rodr\u00edguez, V\u00edctor (ULL)<\/p>\n\n\n\n<p>Alegre de la Rosa, Olga Mar\u00eda (ULL)<\/p>\n\n\n\n<p>\u00c1lvarez P\u00e9rez, Pedro (ULL)<\/p>\n\n\n\n<p>Area Moreira, Manuel (ULL)<\/p>\n\n\n\n<p>Axpe Caballero, M. de los \u00c1ngeles (ULL)<\/p>\n\n\n\n<p>Barrag\u00e1n Medero, Fernando (ULL)<\/p>\n\n\n\n<p>Cabrera Rodr\u00edguez, Leopoldo Jos\u00e9 (ULL)<\/p>\n\n\n\n<p>Castro S\u00e1nchez, Jos\u00e9 Juan (ULPGC)<\/p>\n\n\n\n<p>Ceballos Vacas, Esperanza (ULL)<\/p>\n\n\n\n<p>Ferraz Lorenzo, Manuel (ULL)<\/p>\n\n\n\n<p>Guzm\u00e1n Rosquete, Remedios (ULL)<\/p>\n\n\n\n<p>Gonz\u00e1lez Gonz\u00e1lez, Carina (ULL)<\/p>\n\n\n\n<p>Gonz\u00e1lez P\u00e9rez, Teresa (ULL)<\/p>\n\n\n\n<p>N\u00fa\u00f1ez Alonso, Juan Luis (ULPGC)<\/p>\n\n\n\n<p>Santana Vega, Lidia (ULL)<\/p>\n\n\n\n<p><strong>Profesorado vinculado:<\/strong><\/p>\n\n\n\n<p>Alem\u00e1n Falc\u00f3n, Jes\u00fas Ariel (ULPGC)<\/p>\n\n\n\n<p>Artiles Rodr\u00edguez, Josu\u00e9 (ULPGC)<\/p>\n\n\n\n<p>Cardenal de la Nuez, Mar\u00eda Eugenia (ULPGC)<\/p>\n\n\n\n<p>Castilla Vallejo, Jos\u00e9 Luis (ULL)<\/p>\n\n\n\n<p>D\u00edaz Megolla, Alicia (ULPGC)<\/p>\n\n\n\n<p>Escandel Berm\u00fadez, Mar\u00eda Olga (ULPGC)<\/p>\n\n\n\n<p>Fern\u00e1ndez Samiento, Celia (ULPGC)<\/p>\n\n\n\n<p>Fortea Sevilla, Mar\u00eda del Sol (ULPGC)<\/p>\n\n\n\n<p>Garc\u00e9s Delgado, Yaritza (ULL)<\/p>\n\n\n\n<p>Gonz\u00e1lez Delgado, Mariano (ULL)<\/p>\n\n\n\n<p>Gonz\u00e1lez Luis, Mar\u00eda Lourdes (ULL)<\/p>\n\n\n\n<p>Gonz\u00e1lez P\u00e9rez, Inmaculada (ULL)<\/p>\n\n\n\n<p>Guti\u00e9rrez Barroso, Josu\u00e9 (ULL)<\/p>\n\n\n\n<p>Le\u00f3n Gonz\u00e1lez-Velez, Jaime (ULPGC)<\/p>\n\n\n\n<p>L\u00f3pez Aguilar, David (ULL)<\/p>\n\n\n\n<p>Marchena G\u00f3nez, Rosa (ULPGC)<\/p>\n\n\n\n<p>Mart\u00edn Cabrera, Eduardo (ULL)<\/p>\n\n\n\n<p>Mart\u00edn Quintana, Juan Carlos (ULPGC)<\/p>\n\n\n\n<p>Mart\u00ednez Garc\u00eda, J. Saturnino (ULL)<\/p>\n\n\n\n<p>P\u00e9rez Jorge, David (ULL)<\/p>\n\n\n\n<p>Rodr\u00edguez Hern\u00e1ndez, Juan Antonio (ULL)<\/p>\n\n\n\n<p>Rodr\u00edguez Jim\u00e9nez, Mar\u00eda del Carmen (ULL)<\/p>\n\n\n\n<p>Saor\u00edn P\u00e9rez, Jos\u00e9 Luis (ULL)<\/p>\n\n\n\n<p>Sosa Alonso, Juan Jos\u00e9 (ULL)<\/p>\n\n\n\n<p>Rodr\u00edguez Pulido, Mar\u00eda Josefa (ULPGC)<\/p>\n\n\n\n<p>S\u00e1nchez Rodr\u00edguez, Josefina (ULL)<\/p>\n\n\n\n<p>Torrado Mart\u00edn-Palomino, Esther (ULL)<\/p>\n\n\n\n<p>Vega Navarro Ana M. de la Paz (ULL)<\/p>\n\n\n\n<p><strong>Grupos de investigaci\u00f3n vinculados a la l\u00ednea 2:<\/strong><\/p>\n\n\n\n<p><a href=\"https:\/\/portalciencia.ull.es\/grupos\/35883\/detalle\" target=\"_blank\" rel=\"noreferrer noopener\" target=\"_blank\" rel=\"noopener\">DICCTA (Did\u00e1ctica y Comunicaci\u00f3n en Ciencias y la Tecnolog\u00eda)<\/a><\/p>\n\n\n\n<p><a href=\"https:\/\/portalciencia.ull.es\/grupos\/6579\/detalle\" target=\"_blank\" rel=\"noreferrer noopener\" target=\"_blank\" rel=\"noopener\">GIEP (Grupo de investigaci\u00f3n en Educaci\u00f3n Pluriling\u00fce)<\/a><\/p>\n\n\n\n<p><a href=\"https:\/\/portalciencia.ull.es\/grupos\/6446\/detalle\" target=\"_blank\" rel=\"noreferrer noopener\" target=\"_blank\" rel=\"noopener\">GIIDAFD (Grupo de investigaci\u00f3n e innovaci\u00f3n docente en la actividad f\u00edsica y el deporte)<\/a><\/p>\n\n\n\n<p><a href=\"https:\/\/portalciencia.ull.es\/grupos\/6578\/detalle\" target=\"_blank\" rel=\"noreferrer noopener\" target=\"_blank\" rel=\"noopener\">IMAGO (Imago: ense\u00f1anza y aprendizaje de la lengua y la literatura)<\/a><\/p>\n\n\n\n<p><a href=\"https:\/\/portalciencia.ull.es\/grupos\/6351\/detalle\" target=\"_blank\" rel=\"noreferrer noopener\" target=\"_blank\" rel=\"noopener\">FOREYTEAM (Formulaci\u00f3n, Resoluci\u00f3n de problemas y tecnolog\u00eda en la ense\u00f1anza y aprendizaje de las matem\u00e1ticas)<\/a><\/p>\n\n\n\n<p><a href=\"https:\/\/portalciencia.ull.es\/grupos\/6254\/detalle\" target=\"_blank\" rel=\"noreferrer noopener\" target=\"_blank\" rel=\"noopener\">CSENIEGGL (Grupo Investigaci\u00f3n Geolog\u00eda y Vulcanolog\u00eda de Islas Oce\u00e1nicas)<\/a><\/p>\n\n\n\n<p><a href=\"https:\/\/iunat.ulpgc.es\/iunat-contenido-TWpRPQ\" target=\"_blank\" rel=\"noreferrer noopener\" target=\"_blank\" rel=\"noopener\">BIRB (Biolog\u00eda Integrativa y recursos biol\u00f3gicos)<\/a><\/p>\n\n\n\n<p><a href=\"https:\/\/portalciencia.ull.es\/grupos\/6557\/detalle\" target=\"_blank\" rel=\"noreferrer noopener\" target=\"_blank\" rel=\"noopener\">DEAP&amp;NT (Dificultades de aprendizaje, psicoling\u00fc\u00edstica y nuevas tecnolog\u00edas)<\/a><\/p>\n\n\n\n<p>Estos grupos poseen una gran tradici\u00f3n investigadora con capacidad formativa de doctorandos en \u00e1mbitos de investigaci\u00f3n relacionados con las did\u00e1cticas espec\u00edficas como son la did\u00e1ctica de las matem\u00e1ticas, de la lengua, de la m\u00fasica, de las ciencias experimentales y de la naturaleza, as\u00ed como de las ciencias sociales o la educaci\u00f3n f\u00edsica. Poseen proyectos financiados en convocatorias competitivas en un n\u00famero considerable y han publicado en revistas de impacto cuyos m\u00e9ritos se destacan m\u00e1s adelante tanto en las contribuciones destacadas de art\u00edculos en revistas de impacto cient\u00edfico y social.&nbsp;&nbsp;<\/p>\n\n\n\n<p><strong>Un total de 11 profesores\/as avalistas y 18 investigadores\/as pertenecientes a la L\u00ednea 2.<\/strong><\/p>\n\n\n\n<p><strong>Avalistas:<\/strong><\/p>\n\n\n\n<p>Arn\u00e1iz Castro, Patricia (ULPGC)<\/p>\n\n\n\n<p>Bruno Casta\u00f1eda, Alicia (ULL)<\/p>\n\n\n\n<p>C\u00e1ceres Lorenzo, Mar\u00eda Teresa (ULPGC)<\/p>\n\n\n\n<p>Casillas Ruiz, Ram\u00f3n (ULL)<\/p>\n\n\n\n<p>Camacho Mach\u00edn, Mat\u00edas (ULL)<\/p>\n\n\n\n<p>Eff-Darwich Pe\u00f1a, Antonio (ULL)<\/p>\n\n\n\n<p>Garc\u00eda Almeida, Desiderio Juan (ULPGC)<\/p>\n\n\n\n<p>Garc\u00eda Jim\u00e9nez, Pilar (ULPGC)<\/p>\n\n\n\n<p>Jim\u00e9nez Jim\u00e9nez, Francisco (ULL)<\/p>\n\n\n\n<p>Robaina Romero, Rafael (ULPGC)<\/p>\n\n\n\n<p>Sosa Henr\u00edquez, Pedro (ULPGC)<\/p>\n\n\n\n<p><strong>Profesorado vinculado:<\/strong><\/p>\n\n\n\n<p>Andreu Mediero, Beatr\u00edz (ULPGC)<\/p>\n\n\n\n<p>Betancor Le\u00f3n, Miguel \u00c1ngel (ULPGC)<\/p>\n\n\n\n<p>Camero Arranz, Ascensi\u00f3n (ULL)<\/p>\n\n\n\n<p>Carranza Rodr\u00edguez, Cristina (ULPGC)<\/p>\n\n\n\n<p>Clouet, Richard (ULPGC)<\/p>\n\n\n\n<p>Cu\u00e9llar Moreno, M. Jes\u00fas (ULL)<\/p>\n\n\n\n<p>D\u00edaz Armas, Jes\u00fas Sebasti\u00e1n (ULL)<\/p>\n\n\n\n<p>Fern\u00e1ndez Cabrera, Jorge Miguel (ULL)<\/p>\n\n\n\n<p>Gallardo Campos, Germ\u00e1n (ULPGC)<\/p>\n\n\n\n<p>Garc\u00eda S\u00e1nchez, Soraya (ULPGC)<\/p>\n\n\n\n<p>Gonz\u00e1lez P\u00e9rez, Sara (ULL)<\/p>\n\n\n\n<p>Luj\u00e1n Garc\u00eda, Carmen (ULPGC)<\/p>\n\n\n\n<p>Ortega Rivas, Antonio (ULL)<\/p>\n\n\n\n<p>Perdomo D\u00edaz, Josefa (ULL)<\/p>\n\n\n\n<p>Quevedo Guti\u00e9rrez, Eduardo (ULPGC)<\/p>\n\n\n\n<p>Su\u00e1rez Robaina, Juana Rosa (ULPGC)<\/p>\n\n\n\n<p>Torres Garc\u00eda, Mar\u00eda Milagros (ULPGC)<\/p>\n\n\n\n<p>Ubani Garc\u00eda, Fabiola (ULPGC)<\/p>\n<\/div><\/div><\/div>\n\n\n\n<div class=\"wp-block-stackable-column stk-block-column stk-column stk-block stk-53ec762\" data-v=\"4\" data-block-id=\"53ec762\"><style>.stk-53ec762-inner-blocks{row-gap:0px !important;}.stk-53ec762 {padding-top:0px !important;padding-right:0px !important;padding-bottom:0px !important;padding-left:0px !important;}@media screen and (min-width: 768px){.stk-53ec762 {flex:var(--stk-flex-grow, 1) 1 33.3% !important;}}<\/style><div class=\"stk-column-wrapper stk-block-column__content stk-container stk-53ec762-container stk--no-background stk--no-padding\"><div class=\"stk-block-content stk-inner-blocks stk-53ec762-inner-blocks\">\n\n<ul class=\"widget-box\">\n<li class='contacto-header'>Informaci\u00f3n de contacto<\/li><li><i class=\"fa fa-map-marker\"><\/i> Avda. Astrof\u00edsico Francisco S\u00e1nchez, SN. Edificio Calabaza \u2013 AN.2D Apdo. 456 38200 San Crist\u00f3bal de La Laguna<\/li><li><i class=\"fa fa-envelope\"><\/i>  <a href=mailto:doct122@ull.es>doct122@ull.es<\/a><\/li><li><i class=\"fa fa-calendar\"><\/i><a href=\"http:\/\/citaprevia.ull.es\/index.php?s=edpo\"> Cita previa<\/a><\/li>\n<\/ul>\n\n\n<\/div><\/div><\/div>\n<\/div><\/div>\n","protected":false},"excerpt":{"rendered":"<p>Axes de recherche AXE 1 : RECHERCHE ET INNOVATION EN \u00c9DUCATION AXE 2 : ENSEIGNEMENT ET APPRENTISSAGE DANS DES DOMAINES DE CONNAISSANCES SP\u00c9CIFIQUES Certains th\u00e8mes li\u00e9s aux axes de recherche se retrouvent dans les groupes de recherche qui leur sont li\u00e9s : Groupes de recherche li\u00e9s \u00e0 l&#039;axe 1 : GIED (Groupe de Recherche en \u00c9ducation\u2026<\/p>","protected":false},"author":1,"featured_media":0,"parent":27,"menu_order":0,"comment_status":"closed","ping_status":"closed","template":"templates\/template-frontpage.php","meta":{"_acf_changed":false,"footnotes":""},"class_list":["post-30","page","type-page","status-publish","hentry"],"acf":[],"publishpress_future_action":{"enabled":false,"date":"2026-04-24 14:43:25","action":"change-status","newStatus":"draft","terms":[],"taxonomy":"","extraData":[]},"publishpress_future_workflow_manual_trigger":{"enabledWorkflows":[]},"_links":{"self":[{"href":"https:\/\/www.ull.es\/doctorados\/educacion\/fr\/wp-json\/wp\/v2\/pages\/30","targetHints":{"allow":["GET"]}}],"collection":[{"href":"https:\/\/www.ull.es\/doctorados\/educacion\/fr\/wp-json\/wp\/v2\/pages"}],"about":[{"href":"https:\/\/www.ull.es\/doctorados\/educacion\/fr\/wp-json\/wp\/v2\/types\/page"}],"author":[{"embeddable":true,"href":"https:\/\/www.ull.es\/doctorados\/educacion\/fr\/wp-json\/wp\/v2\/users\/1"}],"replies":[{"embeddable":true,"href":"https:\/\/www.ull.es\/doctorados\/educacion\/fr\/wp-json\/wp\/v2\/comments?post=30"}],"version-history":[{"count":16,"href":"https:\/\/www.ull.es\/doctorados\/educacion\/fr\/wp-json\/wp\/v2\/pages\/30\/revisions"}],"predecessor-version":[{"id":537,"href":"https:\/\/www.ull.es\/doctorados\/educacion\/fr\/wp-json\/wp\/v2\/pages\/30\/revisions\/537"}],"up":[{"embeddable":true,"href":"https:\/\/www.ull.es\/doctorados\/educacion\/fr\/wp-json\/wp\/v2\/pages\/27"}],"wp:attachment":[{"href":"https:\/\/www.ull.es\/doctorados\/educacion\/fr\/wp-json\/wp\/v2\/media?parent=30"}],"curies":[{"name":"wp","href":"https:\/\/api.w.org\/{rel}","templated":true}]}}