{"id":70,"date":"2018-02-22T13:26:52","date_gmt":"2018-02-22T13:26:52","guid":{"rendered":"http:\/\/www.ull.es\/doctorados\/educacion\/?page_id=70"},"modified":"2025-08-20T08:44:46","modified_gmt":"2025-08-20T08:44:46","slug":"supervision-tesis","status":"publish","type":"page","link":"https:\/\/www.ull.es\/doctorados\/educacion\/organizacion-del-programa\/supervision-tesis\/","title":{"rendered":"Supervisi\u00f3n de tesis"},"content":{"rendered":"\n<div class=\"wp-block-stackable-columns alignfull stk-block-columns stk-block stk-2314a6b\" data-block-id=\"2314a6b\"><style>.stk-2314a6b {padding-bottom:0px !important;margin-top:-100px !important;margin-bottom:0px !important;}<\/style><div class=\"stk-row stk-inner-blocks stk-block-content stk-content-align stk-2314a6b-column alignfull\">\n<div class=\"wp-block-stackable-column stk-block-column stk-column stk-block stk-1d1764d\" data-v=\"4\" data-block-id=\"1d1764d\"><div class=\"stk-column-wrapper stk-block-column__content stk-container stk-1d1764d-container stk--no-background stk--no-padding\"><div class=\"stk-block-content stk-inner-blocks stk-1d1764d-inner-blocks\"><style id=\"depicter-1-inline-pre-css\">\n\n.depicter-1:not(.depicter-ready){\n\theight:450px;\n}\n\n\/***** Tablet *****\/\n@media screen and (max-width: 1024px){\n\n.depicter-1:not(.depicter-ready){\n\theight:700px;\n}\n\n}\n\/***** Mobile *****\/\n@media screen and (max-width: 767px){\n\n.depicter-1:not(.depicter-ready){\n\theight:360px;\n}\n\n}\n<\/style>\n<div id=\"depicter-1\" class=\"depicter depicter-document depicter-revert depicter-1 depicter-layout-fullwidth\">\n\n<div class=\"depicter-loading-container depicter-loading dotFlashing-dark\"><div class=\"depicter-loading-dark depicter-dot-flashing\">\n   <span><\/span>\n   <span><\/span>\n   <span><\/span>\n<\/div>\n<\/div>\n<div id=\"depicter-1-section-1\" class=\"depicter-section depicter-1-section-1\" data-name=\"Section 1\" data-type=\"section\" data-local-id=\"section-1\">\n<picture class=\"depicter-bg\">\n<source data-depicter-srcset=\"https:\/\/www.ull.es\/doctorados\/educacion\/wp-content\/uploads\/sites\/4\/2025\/05\/Headers-Doctorados_Doctorado-Ciencias-de-la-Educacion-768x248.jpg, https:\/\/www.ull.es\/doctorados\/educacion\/wp-content\/uploads\/sites\/4\/2025\/05\/Headers-Doctorados_Doctorado-Ciencias-de-la-Educacion.jpg 2x\" srcset=\"data:image\/gif;base64,R0lGODlhAQABAIAAAAAAAP\/\/\/yH5BAEAAAAALAAAAAABAAEAAAIBRAA7\" media=\"(max-width: 1024px)\" \/>\n\n<source data-depicter-srcset=\"https:\/\/www.ull.es\/doctorados\/educacion\/wp-content\/uploads\/sites\/4\/2025\/05\/Headers-Doctorados_Doctorado-Ciencias-de-la-Educacion.jpg, https:\/\/www.ull.es\/doctorados\/educacion\/wp-content\/uploads\/sites\/4\/2025\/05\/Headers-Doctorados_Doctorado-Ciencias-de-la-Educacion-2000x645.jpg 2x\" srcset=\"data:image\/gif;base64,R0lGODlhAQABAIAAAAAAAP\/\/\/yH5BAEAAAAALAAAAAABAAEAAAIBRAA7\" media=\"(min-width: 1025px)\" \/>\n<img decoding=\"async\" src=\"data:image\/gif;base64,R0lGODlhAQABAIAAAAAAAP\/\/\/yH5BAEAAAAALAAAAAABAAEAAAIBRAA7\" data-ken-burns=\"false\" data-tablet-ken-burns=\"false\" data-mobile-ken-burns=\"false\" alt=\"\" data-depicter-src=\"https:\/\/www.ull.es\/doctorados\/educacion\/wp-content\/uploads\/sites\/4\/2025\/05\/Headers-Doctorados_Doctorado-Ciencias-de-la-Educacion.jpg\" data-object-fit=\"custom,custom,\" data-object-position=\"center top,,\" data-crop=\"{'focalPoint':{'x':0.5,'y':0.5},'mediaSize':{'width':1395.3488372093024736386723816394805908203125,'height':450}}\" data-tablet-crop=\"{'focalPoint':{'x':0.5,'y':0.5},'mediaSize':{'width':2170.54263565891460530110634863376617431640625,'height':700}}\" data-mobile-crop=\"{'focalPoint':{'x':0.5,'y':0.5},'mediaSize':{'width':2294.57364341085258274688385426998138427734375,'height':740}}\" \/>\n<\/picture>\n\n\n<h1 id=\"depicter-1-element-5\" class=\"depicter-element depicter-layer depicter-1-element-5\" data-type=\"text\" data-wrap=\"true\" data-name=\"Text 2\" data-local-id=\"element-5\" data-offset=\"x:0px;y:140px;origin:tl\" data-tablet-offset=\"x:215px;y:194px;origin:tl\" data-mobile-offset=\"x:7px;y:84px;origin:tl\" data-width=\"1200px,auto,348px\" data-height=\"auto,auto,auto\" data-responsive-scale=\"true,,\">Programa de Doctorado en Ciencias de la Educaci\u00f3n<\/h1>\n\n<div id=\"depicter-1-element-10\" class=\"depicter-element depicter-layer depicter-1-element-10\" data-type=\"shape\" data-wrap=\"true\" data-name=\"Shape 1\" data-local-id=\"element-10\" data-offset=\"x:0px;y:311px;origin:tl\" data-tablet-offset=\"x:215px;y:426px;origin:tl\" data-mobile-offset=\"x:7px;y:287px;origin:tl\" data-width=\"978px,647px,307px\" data-height=\"8px,8px,8px\" data-responsive-scale=\"true,,\"><\/div>\n<\/div>\n<\/div>\n<script>\n(window.depicterSetups = window.depicterSetups || []).push(function(){\n\tDepicter.basePath = 'https:\/\/www.ull.es\/doctorados\/educacion\/wp-content\/plugins\/depicter\/resources\/scripts\/player\/';\n\tconst dpPlayer = Depicter.setup('.depicter-1',\n\t\t{\"width\":[\"1200\",\"1024\",\"360\"],\"height\":[\"450\",\"700\",\"360\"],\"view\":\"basic\",\"keepAspectRatio\":true,\"preload\":0,\"layout\":\"fullwidth\",\"rtl\":false,\"initAfterAppear\":false,\"ajaxApiUrl\":\"https:\\\/\\\/www.ull.es\\\/doctorados\\\/educacion\\\/wp-admin\\\/admin-ajax.php\",\"mouseSwipe\":true,\"touchSwipe\":true,\"useWatermark\":false}\n\t);\n});\n<\/script><\/div><\/div><\/div>\n<\/div><\/div>\n\n\n\n<div class=\"wp-block-stackable-columns alignfull stk-block-columns stk--hide-mobile stk-block stk-6394276 stk-block-background\" data-block-id=\"6394276\"><style>.stk-6394276 {background-color:#f33f4e !important;padding-top:10px !important;margin-bottom:0px !important;}.stk-6394276:before{background-color:#f33f4e !important;}<\/style><div class=\"stk-row stk-inner-blocks stk-block-content stk-content-align stk-6394276-column alignfull\">\n<div class=\"wp-block-stackable-column stk-block-column stk-column stk-block stk-8a66885\" data-v=\"4\" data-block-id=\"8a66885\"><div class=\"stk-column-wrapper stk-block-column__content stk-container stk-8a66885-container stk--no-background stk--no-padding\"><div class=\"stk-block-content stk-inner-blocks stk-8a66885-inner-blocks\">\n<div class=\"wp-block-stackable-spacer stk-block-spacer stk--no-padding stk-block stk-bc89b3e\" data-block-id=\"bc89b3e\"><style>.stk-bc89b3e {height:0px !important;}<\/style><\/div>\n<\/div><\/div><\/div>\n<\/div><\/div>\n\n\n\n<div class=\"wp-block-stackable-columns stk-block-columns stk-block stk-8b59b96\" data-block-id=\"8b59b96\"><style>.stk-8b59b96 .stk--block-align-8b59b96{align-items:flex-start !important;}.stk-8b59b96 {margin-top:50px !important;}.stk-8b59b96-column{--stk-columns-spacing:0px !important;--stk-column-gap:50px !important;}<\/style><div class=\"stk-row stk-inner-blocks stk--block-align-8b59b96 stk-block-content stk-content-align stk-8b59b96-column\">\n<div class=\"wp-block-stackable-column stk-block-column stk-column stk-block stk-dbb7e15\" data-v=\"4\" data-block-id=\"dbb7e15\"><style>@media screen and (min-width: 768px){.stk-dbb7e15 {flex:var(--stk-flex-grow, 1) 1 66.7% !important;}}<\/style><div class=\"stk-column-wrapper stk-block-column__content stk-container stk-dbb7e15-container stk--no-background stk--no-padding\"><div class=\"stk-block-content stk-inner-blocks stk-dbb7e15-inner-blocks\">\n<div class=\"wp-block-stackable-heading stk-block-heading stk-block-heading--v2 stk-block stk-cc0239e\" id=\"complementos-de-formacion\" data-block-id=\"cc0239e\"><style>.stk-cc0239e .stk-block-heading__text{color:#000000 !important;font-weight:500 !important;}<\/style><h1 class=\"stk-block-heading__text has-text-color\">Supervisi\u00f3n de tesis<\/h1><\/div>\n\n\n\n<div class=\"wp-block-stackable-text stk-block-text stk-block stk-022d17b\" data-block-id=\"022d17b\"><p class=\"stk-block-text__text\"><strong>Derechos y deberes de los doctorandos y doctorandas<\/strong><\/p><\/div>\n\n\n\n<p><a href=\"https:\/\/sede.ull.es\/ecivilis-site\/bulletinBoard\/showBulletin\/32064:1\" target=\"_blank\" rel=\"noreferrer noopener\" target=\"_blank\" rel=\"noopener\">REGLAMENTO DE ENSE\u00d1ANZAS OFICIALES DE DOCTORADO DE LA UNIVERSIDAD DE LA LAGUNA:<\/a><\/p>\n\n\n\n<p><a href=\"https:\/\/escueladoctorado.ulpgc.es\/escuela\/reglamento\" target=\"_blank\" rel=\"noreferrer noopener\" target=\"_blank\" rel=\"noopener\">REGLAMENTO DE ESTUDIOS DE DOCTORADO DE LA ULPGC<\/a><\/p>\n\n\n\n<p><strong>Procedimiento de resoluci\u00f3n de conflictos<\/strong><\/p>\n\n\n\n<p>En caso de eventual incumplimiento de alguno de los extremos incluidos en el documento de compromiso o de la concurrencia de otro desacuerdo relacionado con el desarrollo del Programa de Doctorado respecto de cada doctorando o doctoranda, cualquiera de las partes podr\u00e1 ponerlo en conocimiento del coordinador o coordinadora del Programa de Doctorado, que actuar\u00e1 como mediador o mediadora con vistas a la consecuci\u00f3n de un acuerdo un\u00e1nime que ponga t\u00e9rmino a la controversia.<\/p>\n\n\n\n<p>Si la mediaci\u00f3n no ha permitido resolver el conflicto una vez transcurridos dos meses desde la puesta en conocimiento del coordinador o coordinadora del programa de doctorado, se dar\u00e1 traslado a la Escuela de Doctorado, que habr\u00e1 de dictar resoluci\u00f3n en el plazo de tres meses, previa audiencia de las partes y del coordinador o coordinadora del Programa de Doctorado.<\/p>\n\n\n\n<p>Contra el acuerdo de la Escuela de Doctorado se puede interponer recurso de alzada ante el rector o rectora, en los t\u00e9rminos previstos en la Ley 39\/2015, de 1 de octubre, del Procedimiento Administrativo Com\u00fan de las Administraciones P\u00fablicas.<\/p>\n\n\n\n<p><strong>Tutorizaci\u00f3n de la tesis.<\/strong><\/p>\n\n\n\n<p>Una vez admitido\/a al Programa de Doctorado en Ciencias de la Educaci\u00f3n por la Universidad de La Laguna y la Universidad de Las Palmas de Gran Canaria y verificada la matr\u00edcula, a cada doctorando o doctoranda le ser\u00e1 asignado un tutor o tutora por parte de la Comisi\u00f3n Acad\u00e9mica, a partir de la carta de motivaci\u00f3n o aval que exige la normativa, que deber\u00e1 formar parte del profesorado adscrito al Programa de Doctorado. Le corresponder\u00e1 velar por la interacci\u00f3n del doctorando o doctoranda con la Comisi\u00f3n Acad\u00e9mica y su director o directora, en su caso.<\/p>\n\n\n\n<p>Con independencia de la universidad, centro o instituci\u00f3n en la que preste sus servicios, deber\u00e1 estar encuadrado en alguna de las l\u00edneas de investigaci\u00f3n que se integren en el presente Programa de Doctorado y cumplir los requisitos exigidos para la direcci\u00f3n de tesis doctorales.<\/p>\n\n\n\n<p>La Comisi\u00f3n Acad\u00e9mica del Programa de Doctorado en Ciencias de la Educaci\u00f3n por la ULL y la ULPGC puede establecer, para todos los casos, que el tutor o tutora sea el director o directora de tesis, salvo que el director o directora no sea profesor o profesora de las universidades participantes.<\/p>\n\n\n\n<p>La Comisi\u00f3n Acad\u00e9mica, o\u00eddo el doctorando o doctoranda, podr\u00e1 modificar el nombramiento del tutor o tutora asignado en cualquier momento del periodo de realizaci\u00f3n del doctorado, siempre que concurran razones justificadas. Si lo estima procedente podr\u00e1 solicitar informes del tutor o tutora y el director o directora de la tesis.<\/p>\n\n\n\n<p>Ser\u00e1n funciones del tutor o tutora:<\/p>\n\n\n\n<p>Revisar regularmente junto con el director o directora de la tesis el documento de actividades del doctorando o doctoranda, definido en el art\u00edculo 2.7 del Reglamento de Ense\u00f1anzas Oficiales de Doctorado de la ULL.<\/p>\n\n\n\n<p>Avalar junto con el director o directora de la tesis y antes de la finalizaci\u00f3n del primer a\u00f1o el plan de investigaci\u00f3n elaborado por el doctorando o doctoranda.<\/p>\n\n\n\n<p>Firmar el compromiso documental junto con la Universidad, el doctorando o doctoranda y el director o directora.<\/p>\n\n\n\n<p>Emitir y elevar anualmente a la Comisi\u00f3n Acad\u00e9mica el informe previsto en el art\u00edculo 22 del Reglamento de Ense\u00f1anzas Oficiales de Doctorado de la ULL.<\/p>\n\n\n\n<p>Asegurar la inclusi\u00f3n de la ULL y de la ULPGC en todas las comunicaciones, presentaciones y publicaciones en las que se difundan resultados de la investigaci\u00f3n desarrollada por el alumnado que tutela.<\/p>\n\n\n\n<p><strong>Direcci\u00f3n de la tesis.<\/strong><\/p>\n\n\n\n<ol class=\"wp-block-list\">\n<li>En un plazo no superior a tres meses desde la matriculaci\u00f3n del doctorando o doctoranda, la Comisi\u00f3n Acad\u00e9mica del programa le asignar\u00e1 un director o directora de tesis, que ser\u00e1 la persona responsable de la coherencia e idoneidad de las actividades de formaci\u00f3n, del impacto y novedad en su campo de la tem\u00e1tica de la tesis doctoral y de la gu\u00eda en la planificaci\u00f3n y su adecuaci\u00f3n, en su caso, a la de otros proyectos y actividades donde se inscriba el doctorando o doctoranda. Dicha asignaci\u00f3n recaer\u00e1 sobre cualquier doctora o doctor espa\u00f1ol o extranjero, con experiencia investigadora acreditada&nbsp; lo que deber\u00e1 ser verificado por la Comisi\u00f3n Acad\u00e9mica del programa de doctorado, en funci\u00f3n de sus propios criterios, que deben ser, como m\u00ednimo, los siguientes:<\/li>\n\n\n\n<li>Criterios direcci\u00f3n de tesis. Es competencia de cada universidad establecer los requisitos y exigencias para la direcci\u00f3n de tesis, al igual que para la constituci\u00f3n de tribunales de evaluaci\u00f3n y defensa de las misma, aspecto este \u00faltimo recogido en el Convenio de colaboraci\u00f3n entre ambas universidades proponentes en su cl\u00e1usula tercera y que se adjunta en esta memoria de verificaci\u00f3n en el apartado \u00abDatos de la solicitud\u00bb (1. Descripci\u00f3n del t\u00edtulo).<\/li>\n<\/ol>\n\n\n\n<p>As\u00ed, en el caso de la ULL, el REGLAMENTO DE ENSE\u00d1ANZAS OFICIALES DE DOCTORADO DE LA UNIVERSIDAD DE LA LAGUNA (<a href=\"https:\/\/sede.ull.es\/ecivilis-site\/bulletinBoard\/showBulletin\/32064:1\" target=\"_blank\" rel=\"noreferrer noopener\" target=\"_blank\" rel=\"noopener\">Aprobado en la sesi\u00f3n del Consejo de Gobierno del 22-03-2024<\/a>), establece en su art\u00edculo 10 los requisitos m\u00ednimos para ser director\/a de tesis:<\/p>\n\n\n\n<p>Art\u00edculo 10.2 (\u2026) ser doctor o doctora: a) con experiencia investigadora acreditada, seg\u00fan el art. 2.9 de este reglamento, obtenida en los \u00faltimos seis a\u00f1os. b) con experiencia investigadora acreditada, seg\u00fan el art. 2.9 de este reglamento, obtenida en un plazo superior a los \u00faltimos seis a\u00f1os, siempre y cuando est\u00e9 debidamente justificado y la comisi\u00f3n acad\u00e9mica d\u00e9 su aprobaci\u00f3n. c) con m\u00e9ritos de investigaci\u00f3n equivalentes, seg\u00fan el art. 2.10 de este reglamento. Se considerar\u00e1 que cumplen con m\u00e9ritos equivalentes, sin necesidad de verificaci\u00f3n adicional, quienes tengan un contrato postdoctoral competitivo Marie Sklodowska-Curie, Ram\u00f3n y Cajal, Juan de la Cierva, Viera y Clavijo, Mar\u00eda Zambrano, Beatriz Galindo y cualquier otro que haya sido valorado equivalente por la EDEP. Excepcionalmente, la comisi\u00f3n acad\u00e9mica de cada programa podr\u00e1 autorizar la codirecci\u00f3n por doctores o doctoras que cuentan con experiencia investigadora relevante en el \u00e1mbito cient\u00edfico de la tesis, aunque no cumplan con los requisitos de m\u00e9ritos de investigaci\u00f3n equivalente.<\/p>\n\n\n\n<p>Por su parte, en el REGLAMENTO ESTUDIOS DOCTORADO UNIVERSIDAD DE LAS PALMAS DE GRAN CANARIA (<a href=\"https:\/\/escueladoctorado.ulpgc.es\/escuela\/reglamento\" target=\"_blank\" rel=\"noreferrer noopener\" target=\"_blank\" rel=\"noopener\">aprobados en BOULPGC de 27 de enero de 2023<\/a>) en su art\u00edculo 20, se establece que:&nbsp;<\/p>\n\n\n\n<p>20.5 Los directores de tesis doctorales deber\u00e1n ser doctores con experiencia investigadora acreditada. Se entender\u00e1 que los directores re\u00fanen este requisito cuando hayan obtenido, al menos, un sexenio de investigaci\u00f3n por la Comisi\u00f3n Nacional de Evaluaci\u00f3n de la Actividad Investigadora. 6. En caso de personal no evaluable por este sistema, los directores deber\u00e1n acreditar m\u00e9ritos equivalentes que ser\u00e1n evaluados por la Comisi\u00f3n Acad\u00e9mica del correspondiente Programa de Doctorado, utilizando como referencia los criterios de la CNEAI del \u00faltimo a\u00f1o vigente.<\/p>\n\n\n\n<p>De manera gen\u00e9rica se considera que, para ser director de tesis, ser\u00e1 necesario estar en posesi\u00f3n de al menos un tramo de m\u00e9ritos de investigaci\u00f3n o m\u00e9ritos equivalentes.<\/p>\n\n\n\n<ol start=\"3\" class=\"wp-block-list\">\n<li>Se respetar\u00e1 la preferencia del doctorando en cuanto a la l\u00ednea de investigaci\u00f3n y a los directores y\/o tutores. El reglamento de doctorado indica que ha de presentar un aval del o los mismos. La Comisi\u00f3n podr\u00e1 realizar entrevistas a los responsables de las l\u00edneas ya los doctorandos. La Comisi\u00f3n Acad\u00e9mica, o\u00eddo el doctorando o doctoranda y, en su caso, el tutor o tutora del mismo, podr\u00e1 modificar el nombramiento de director o directora de tesis doctoral en cualquier momento del periodo de realizaci\u00f3n del doctorado, siempre que concurran razones justificadas. Se solicitar\u00e1 el oportuno informe del director o directora. En aquellos doctorandos que no muestren preferencias ni de l\u00edneas, ni de directores, se asignar\u00e1 el director\/a y\/o tutor\/a siguiendo el listado del profesorado adscrito en un orden de categor\u00eda y antig\u00fcedad seg\u00fan el menor n\u00famero de tesis que est\u00e9n dirigiendo en ese momento.<\/li>\n\n\n\n<li>La Comisi\u00f3n Acad\u00e9mica, o\u00eddo el doctorando o doctoranda y, en su caso, el tutor o tutora del mismo, podr\u00e1 modificar el nombramiento de director o directora de tesis doctoral en cualquier momento del periodo de realizaci\u00f3n del doctorado, siempre que concurran razones justificadas. Se solicitar\u00e1 el oportuno informe del director o directora.<\/li>\n\n\n\n<li>La tesis podr\u00e1 ser codirigida por otros doctores o doctoras cuando concurran razones de \u00edndole acad\u00e9mica o de interdisciplinariedad tem\u00e1tica o cuando se trate de programas desarrollados en colaboraci\u00f3n nacional o internacional. Para la codirecci\u00f3n de la tesis ser\u00e1 necesaria la autorizaci\u00f3n previa de la Comisi\u00f3n Acad\u00e9mica. Dicha autorizaci\u00f3n podr\u00e1 ser revocada con posterioridad si a juicio de la Comisi\u00f3n Acad\u00e9mica la codirecci\u00f3n no beneficia el desarrollo de la tesis.<\/li>\n\n\n\n<li>La Comisi\u00f3n Acad\u00e9mica del Programa de Doctorado procurar\u00e1 una distribuci\u00f3n adecuada y proporcionada del alumnado de doctorado entre las l\u00edneas de investigaci\u00f3n que componen el programa de doctorado y los directores y directoras. A estos efectos, se establecen las siguientes limitaciones: En un mismo curso acad\u00e9mico no se podr\u00e1 designar un mismo director o directora de tesis a m\u00e1s de cinco estudiantes de nuevo acceso con dedicaci\u00f3n a tiempo completo, o equivalente a tiempo parcial. Se establece que un director o directora no podr\u00e1 dirigir en el mismo curso acad\u00e9mico simult\u00e1neamente m\u00e1s de cinco tesis doctorales que se est\u00e9n realizando en r\u00e9gimen de dedicaci\u00f3n a tiempo completo, o su equivalencia a tiempo parcial. No obstante, los l\u00edmites se\u00f1alados en los apartados precedentes podr\u00e1n ser modificados por la Comisi\u00f3n Acad\u00e9mica del programa, siempre y cuando concurran circunstancias excepcionales que lo justifiquen y as\u00ed conste acreditado.<\/li>\n\n\n\n<li>La labor de tutela del doctorando o doctoranda y de direcci\u00f3n de tesis ser\u00e1 reconocida como parte de la dedicaci\u00f3n docente e investigadora del profesorado en los t\u00e9rminos que establezca la normativa correspondiente de la ULL y de la ULPGC.<\/li>\n<\/ol>\n\n\n\n<p>La tesis adem\u00e1s podr\u00e1 ser codirigida cuando concurran razones de \u00edndole acad\u00e9mica o cuando la interdisciplinariedad tem\u00e1tica o los programas desarrollados en colaboraci\u00f3n nacional o internacional as\u00ed lo justifiquen. As\u00ed mismo se apoyar\u00e1n las acciones de cotutela y las codirecciones conjuntas de tesis entre doctores o doctoras de las dos Universidades participantes, a fin de contribuir a incrementar y rentabilizar las oportunidades educativas, formativas y disciplinares que un doctorado interuniversitario como este puede brindar al alumnado del mismo. En todo caso, la codirecci\u00f3n deber\u00e1 ser previamente autorizada por la Comisi\u00f3n Acad\u00e9mica del Programa de Doctorado. Tambi\u00e9n para estimular la direcci\u00f3n de tesis doctorales las dos universidades de este programa reconocen en sus normativas, la labor de direcci\u00f3n de tesis como parte de la dedicaci\u00f3n docente e investigadora del profesorado. Estos procedimientos para incentivar y a la vez promover la direcci\u00f3n de tesis por profesionales altamente cualificados para ello, introduciendo a la vez mecanismos que reconozcan esta labor, servir\u00e1 para garantizar los objetivos declarados para este Programa, que insisten en la formaci\u00f3n de calidad de profesionales especializados en la investigaci\u00f3n comprometida con la innovaci\u00f3n y la igualdad de oportunidades en la educaci\u00f3n.<\/p>\n\n\n\n<p><strong>Documento de compromiso.<\/strong><\/p>\n\n\n\n<p>Las funciones de supervisi\u00f3n de los doctorandos y doctorandas se establecer\u00e1n mediante un compromiso documental, firmado por la direcci\u00f3n de la Escuela de Doctorado y Estudios de Posgrado de la ULL o de la Escuela de Doctorado de la ULPGC, el doctorando o doctoranda, su tutor o tutora y su director o codirectora (y en su caso, codirectores\/as). El compromiso debe ser firmado en el plazo m\u00e1ximo de tres meses desde la asignaci\u00f3n de tutor o tutora y de director o directora.<\/p>\n\n\n\n<p>El documento de compromiso, una vez suscrito por los intervinientes, ser\u00e1 archivado en el expediente del estudiante y debe contemplar aspectos relativos a los derechos de propiedad intelectual o industrial que puedan generarse en el \u00e1mbito del programa de doctorado El documento de compromiso se habr\u00e1 de ajustar al modelo que se establezca.<\/p>\n\n\n\n<p><strong>C\u00f3digo de buenas pr\u00e1cticas.<\/strong><\/p>\n\n\n\n<p>El C\u00f3digo de buenas pr\u00e1cticas de la Escuela de Doctorado y Estudios de Posgrado de la ULL se puede consultar en el&nbsp;<a href=\"https:\/\/riull.ull.es\/xmlui\/handle\/915\/13574\" target=\"_blank\" rel=\"noreferrer noopener\" target=\"_blank\" rel=\"noopener\">siguiente enlace<\/a>.<\/p>\n\n\n\n<p>El C\u00f3digo de buenas pr\u00e1cticas de la Escuela de Doctorado de la ULPGC se puede consultar en el&nbsp;<a href=\"https:\/\/escueladoctorado.ulpgc.es\/sites\/default\/files\/reglamento_de_regimen_interno_y_buenas_practicas_boulpgc.pdf\" target=\"_blank\" rel=\"noreferrer noopener\" target=\"_blank\" rel=\"noopener\">siguiente enlace<\/a>.<\/p>\n<\/div><\/div><\/div>\n\n\n\n<div class=\"wp-block-stackable-column stk-block-column stk-column stk-block stk-53ec762\" data-v=\"4\" data-block-id=\"53ec762\"><style>.stk-53ec762-inner-blocks{row-gap:0px !important;}.stk-53ec762 {padding-top:0px !important;padding-right:0px !important;padding-bottom:0px !important;padding-left:0px !important;}@media screen and (min-width: 768px){.stk-53ec762 {flex:var(--stk-flex-grow, 1) 1 33.3% !important;}}<\/style><div class=\"stk-column-wrapper stk-block-column__content stk-container stk-53ec762-container stk--no-background stk--no-padding\"><div class=\"stk-block-content stk-inner-blocks stk-53ec762-inner-blocks\">\n\n<ul class=\"widget-box\">\n<li class='contacto-header'>Informaci\u00f3n de contacto<\/li><li><i class=\"fa fa-map-marker\"><\/i> Avda. Astrof\u00edsico Francisco S\u00e1nchez, SN. Edificio Calabaza \u2013 AN.2D Apdo. 456 38200 San Crist\u00f3bal de La Laguna<\/li><li><i class=\"fa fa-envelope\"><\/i>  <a href=mailto:doct122@ull.es>doct122@ull.es<\/a><\/li><li><i class=\"fa fa-calendar\"><\/i><a href=\"http:\/\/citaprevia.ull.es\/index.php?s=edpo\"> Cita previa<\/a><\/li>\n<\/ul>\n\n\n<\/div><\/div><\/div>\n<\/div><\/div>\n","protected":false},"excerpt":{"rendered":"<p>Supervisi\u00f3n de tesis Derechos y deberes de los doctorandos y doctorandas REGLAMENTO DE ENSE\u00d1ANZAS OFICIALES DE DOCTORADO DE LA UNIVERSIDAD DE LA LAGUNA: REGLAMENTO DE ESTUDIOS DE DOCTORADO DE LA ULPGC Procedimiento de resoluci\u00f3n de conflictos En caso de eventual incumplimiento de alguno de los extremos incluidos en el documento de compromiso o de la&#8230;<\/p>\n","protected":false},"author":1,"featured_media":0,"parent":27,"menu_order":0,"comment_status":"closed","ping_status":"closed","template":"templates\/template-frontpage.php","meta":{"_acf_changed":false,"footnotes":""},"class_list":["post-70","page","type-page","status-publish","hentry"],"acf":[],"publishpress_future_action":{"enabled":false,"date":"2026-04-22 09:28:40","action":"change-status","newStatus":"draft","terms":[],"taxonomy":"","extraData":[]},"publishpress_future_workflow_manual_trigger":{"enabledWorkflows":[]},"_links":{"self":[{"href":"https:\/\/www.ull.es\/doctorados\/educacion\/wp-json\/wp\/v2\/pages\/70","targetHints":{"allow":["GET"]}}],"collection":[{"href":"https:\/\/www.ull.es\/doctorados\/educacion\/wp-json\/wp\/v2\/pages"}],"about":[{"href":"https:\/\/www.ull.es\/doctorados\/educacion\/wp-json\/wp\/v2\/types\/page"}],"author":[{"embeddable":true,"href":"https:\/\/www.ull.es\/doctorados\/educacion\/wp-json\/wp\/v2\/users\/1"}],"replies":[{"embeddable":true,"href":"https:\/\/www.ull.es\/doctorados\/educacion\/wp-json\/wp\/v2\/comments?post=70"}],"version-history":[{"count":11,"href":"https:\/\/www.ull.es\/doctorados\/educacion\/wp-json\/wp\/v2\/pages\/70\/revisions"}],"predecessor-version":[{"id":540,"href":"https:\/\/www.ull.es\/doctorados\/educacion\/wp-json\/wp\/v2\/pages\/70\/revisions\/540"}],"up":[{"embeddable":true,"href":"https:\/\/www.ull.es\/doctorados\/educacion\/wp-json\/wp\/v2\/pages\/27"}],"wp:attachment":[{"href":"https:\/\/www.ull.es\/doctorados\/educacion\/wp-json\/wp\/v2\/media?parent=70"}],"curies":[{"name":"wp","href":"https:\/\/api.w.org\/{rel}","templated":true}]}}