{"id":1427,"date":"2024-04-19T09:50:00","date_gmt":"2024-04-19T09:50:00","guid":{"rendered":"https:\/\/www.ull.es\/doctorados\/?page_id=1427"},"modified":"2026-02-13T14:07:41","modified_gmt":"2026-02-13T14:07:41","slug":"plan-de-actividades-y-proyecto-de-investigacion","status":"publish","type":"page","link":"https:\/\/www.ull.es\/doctorados\/en\/plan-de-actividades-y-proyecto-de-investigacion\/","title":{"rendered":"Activity Plan and Research Project"},"content":{"rendered":"\n<div class=\"wp-block-stackable-columns alignfull stk-block-columns stk--hide-mobile stk-block stk-2314a6b\" data-block-id=\"2314a6b\"><style>.stk-2314a6b {padding-bottom:0px !important;margin-top:-30px !important;margin-bottom:0px !important;}<\/style><div class=\"stk-row stk-inner-blocks stk-block-content stk-content-align stk-2314a6b-column alignfull\">\n<div class=\"wp-block-stackable-column stk-block-column stk-column stk-block stk-1d1764d\" data-v=\"4\" data-block-id=\"1d1764d\"><div class=\"stk-column-wrapper stk-block-column__content stk-container stk-1d1764d-container stk--no-background stk--no-padding\"><div class=\"stk-block-content stk-inner-blocks stk-1d1764d-inner-blocks\"><style id=\"depicter-4-inline-pre-css\">\n\n.depicter-4:not(.depicter-ready){\n\theight:430px;\n}\n\n\/***** Tablet *****\/\n@media screen and (max-width: 1024px){\n\n.depicter-4:not(.depicter-ready){\n\theight:700px;\n}\n\n}\n\/***** Mobile *****\/\n@media screen and (max-width: 767px){\n\n.depicter-4:not(.depicter-ready){\n\theight:740px;\n}\n\n}\n<\/style>\n<div id=\"depicter-4\" class=\"depicter depicter-document depicter-revert depicter-4 depicter-layout-fullwidth\">\n\n<div class=\"depicter-loading-container depicter-loading dotFlashing-dark\"><div class=\"depicter-loading-dark depicter-dot-flashing\">\n   <span><\/span>\n   <span><\/span>\n   <span><\/span>\n<\/div>\n<\/div>\n<div id=\"depicter-4-section-1\" class=\"depicter-section depicter-4-section-1\" data-name=\"Section 1\" data-type=\"section\" data-local-id=\"section-1\">\n<picture class=\"depicter-bg\">\n<source data-depicter-srcset=\"https:\/\/www.ull.es\/doctorados\/wp-content\/uploads\/2025\/03\/HEADERS_WEB_mobile_doctorados_2.png, https:\/\/www.ull.es\/doctorados\/wp-content\/uploads\/2025\/03\/HEADERS_WEB_mobile_doctorados_2.png 2x\" srcset=\"data:image\/gif;base64,R0lGODlhAQABAIAAAAAAAP\/\/\/yH5BAEAAAAALAAAAAABAAEAAAIBRAA7\" media=\"(max-width: 767px)\" \/>\n\n<source data-depicter-srcset=\"https:\/\/www.ull.es\/doctorados\/wp-content\/uploads\/2025\/03\/HEADERS_WEB_mobile_doctorados_2.png, https:\/\/www.ull.es\/doctorados\/wp-content\/uploads\/2025\/03\/HEADERS_WEB_mobile_doctorados_2-540x600.png 2x\" srcset=\"data:image\/gif;base64,R0lGODlhAQABAIAAAAAAAP\/\/\/yH5BAEAAAAALAAAAAABAAEAAAIBRAA7\" media=\"(max-width: 1024px)\" \/>\n\n<source data-depicter-srcset=\"https:\/\/www.ull.es\/doctorados\/wp-content\/uploads\/2025\/03\/HEADERS_WEB_ampliado_doctorados.jpg, https:\/\/www.ull.es\/doctorados\/wp-content\/uploads\/2025\/03\/HEADERS_WEB_ampliado_doctorados-1920x556.jpg 2x\" srcset=\"data:image\/gif;base64,R0lGODlhAQABAIAAAAAAAP\/\/\/yH5BAEAAAAALAAAAAABAAEAAAIBRAA7\" media=\"(min-width: 1025px)\" \/>\n<img decoding=\"async\" src=\"data:image\/gif;base64,R0lGODlhAQABAIAAAAAAAP\/\/\/yH5BAEAAAAALAAAAAABAAEAAAIBRAA7\" data-ken-burns=\"false\" data-tablet-ken-burns=\"false\" data-mobile-ken-burns=\"{'scale':1.87999999999999989341858963598497211933135986328125,'duration':'5000','focalPoint':{'x':0.5,'y':0.5},'easing':'linear'}\" alt=\"\" data-depicter-src=\"https:\/\/www.ull.es\/doctorados\/wp-content\/uploads\/2025\/03\/HEADERS_WEB_ampliado_doctorados.jpg\" data-object-fit=\"contain,,\" \/>\n<\/picture>\n\n\n<picture id=\"depicter-4-element-5\" class=\"depicter-element depicter-layer depicter-4-element-5\" data-type=\"image\" data-wrap=\"true\" data-name=\"Image 4\" data-local-id=\"element-5\" data-offset=\"x:-190px;y:0px;origin:tl\" data-width=\"1581px,,\" data-height=\"477px,,\" data-responsive-scale=\"true,,\" data-crop=\"false\">\n<source data-depicter-srcset=\"https:\/\/www.ull.es\/doctorados\/wp-content\/uploads\/2025\/03\/HEADERS_WEB_ampliado_doctorados-1581x477.jpg, https:\/\/www.ull.es\/doctorados\/wp-content\/uploads\/2025\/03\/HEADERS_WEB_ampliado_doctorados-3162x954.jpg 2x\" srcset=\"data:image\/gif;base64,R0lGODlhAQABAIAAAAAAAP\/\/\/yH5BAEAAAAALAAAAAABAAEAAAIBRAA7\" \/>\n<img decoding=\"async\" src=\"data:image\/gif;base64,R0lGODlhAQABAIAAAAAAAP\/\/\/yH5BAEAAAAALAAAAAABAAEAAAIBRAA7\" data-depicter-src=\"https:\/\/www.ull.es\/doctorados\/wp-content\/uploads\/2025\/03\/HEADERS_WEB_ampliado_doctorados-1581x477.jpg\" alt=\"\" \/>\n<\/picture><\/div>\n<\/div>\n<script>\n(window.depicterSetups = window.depicterSetups || []).push(function(){\n\tDepicter.basePath = 'https:\/\/www.ull.es\/doctorados\/wp-content\/plugins\/depicter\/resources\/scripts\/player\/';\n\tconst dpPlayer = Depicter.setup('.depicter-4',\n\t\t{\"width\":[\"1200\",\"1024\",\"360\"],\"height\":[\"430\",\"700\",\"740\"],\"view\":\"basic\",\"keepAspectRatio\":true,\"preload\":0,\"layout\":\"fullwidth\",\"rtl\":false,\"initAfterAppear\":false,\"ajaxApiUrl\":\"https:\\\/\\\/www.ull.es\\\/doctorados\\\/wp-admin\\\/admin-ajax.php\",\"mouseSwipe\":true,\"touchSwipe\":true,\"useWatermark\":false}\n\t);\n});\n<\/script><\/div><\/div><\/div>\n<\/div><\/div>\n\n\n\n<div class=\"wp-block-stackable-image alignfull stk-block-image stk--hide-desktop stk--hide-tablet stk-block stk-1162d0a\" data-block-id=\"1162d0a\"><style>.stk-1162d0a {margin-bottom:0px !important;}.stk-1162d0a .stk-img-wrapper{width:100% !important;}<\/style><figure><span class=\"stk-img-wrapper stk-image--shape-stretch\"><img loading=\"lazy\" decoding=\"async\" class=\"stk-img wp-image-3227\" src=\"http:\/\/www.ull.es\/doctorados\/wp-content\/uploads\/2025\/03\/HEADERS_WEB_mobile_doctorados_2.png\" width=\"540\" height=\"600\" srcset=\"https:\/\/www.ull.es\/doctorados\/wp-content\/uploads\/2025\/03\/HEADERS_WEB_mobile_doctorados_2.png 540w, https:\/\/www.ull.es\/doctorados\/wp-content\/uploads\/2025\/03\/HEADERS_WEB_mobile_doctorados_2-270x300.png 270w, https:\/\/www.ull.es\/doctorados\/wp-content\/uploads\/2025\/03\/HEADERS_WEB_mobile_doctorados_2-11x12.png 11w, https:\/\/www.ull.es\/doctorados\/wp-content\/uploads\/2025\/03\/HEADERS_WEB_mobile_doctorados_2-375x417.png 375w\" sizes=\"auto, (max-width: 540px) 100vw, 540px\" \/><\/span><\/figure><\/div>\n\n\n\n<div class=\"wp-block-stackable-heading alignfull stk-block-heading stk-block-heading--v2 stk-block stk-67e3263 stk-block-background\" id=\"oferta-de-doctorados-universitarios-curso-2025-2026\" data-block-id=\"67e3263\"><style>.stk-67e3263 {background-color:#f33f4e !important;padding-top:35px !important;padding-bottom:35px !important;margin-top:-40px !important;margin-bottom:41px !important;}.stk-67e3263:before{background-color:#f33f4e !important;}.stk-67e3263 .stk-block-heading__text{font-size:20px !important;color:#ffffff !important;font-weight:500 !important;font-family:\"ArgentumSans\", Sans-serif !important;}@media screen and (max-width: 1023px){.stk-67e3263 .stk-block-heading__text{font-size:20px !important;}}<\/style><h2 class=\"stk-block-heading__text has-text-color has-text-align-center\">OFERTA DE DOCTORADOS UNIVERSITARIOS CURSO 2025-2026<\/h2><\/div>\n\n\n\n<div class=\"wp-block-stackable-columns alignwide stk-block-columns stk-block stk-6d3c23a\" data-block-id=\"6d3c23a\"><style>.stk-6d3c23a {padding-right:5% !important;padding-left:5% !important;}.stk-6d3c23a-column{--stk-column-gap:35px !important;}<\/style><div class=\"stk-row stk-inner-blocks stk-block-content stk-content-align stk-6d3c23a-column alignwide\">\n<div class=\"wp-block-stackable-column stk-block-column stk-column stk-block stk-c85aebf\" data-v=\"4\" data-block-id=\"c85aebf\"><style>@media screen and (min-width: 768px){.stk-c85aebf {flex:var(--stk-flex-grow, 1) 1 calc(70% - var(--stk-column-gap, 0px) * 1 \/ 2 ) !important;}}<\/style><div class=\"stk-column-wrapper stk-block-column__content stk-container stk-c85aebf-container stk--no-background stk--no-padding\"><div class=\"stk-block-content stk-inner-blocks stk-c85aebf-inner-blocks\">\n<div class=\"wp-block-stackable-heading stk-block-heading stk-block-heading--v2 stk-block stk-37ecbc0\" id=\"plan-de-actividades-y-proyecto-de-investigacion\" data-block-id=\"37ecbc0\"><style>.stk-37ecbc0 {margin-bottom:40px !important;}.stk-37ecbc0 .stk-block-heading__text{color:#000000 !important;font-weight:700 !important;}<\/style><h1 class=\"stk-block-heading__text has-text-color\">Plan de Actividades y Proyecto de Investigaci\u00f3n<\/h1><\/div>\n\n\n\n<div class=\"wp-block-stackable-text stk-block-text stk-block stk-048e9eb\" data-block-id=\"048e9eb\"><p class=\"stk-block-text__text\">Los estudios de doctorado est\u00e1n regulados por el RD 99\/2011, de 28 de enero. Esta normativa establece el car\u00e1cter obligatorio para el alumnado de doctorado de cumplimentar el&nbsp;<strong>Registro de Actividades, el Plan de Formaci\u00f3n Personal,&nbsp;<\/strong>y el&nbsp;<strong>Plan de Investigaci\u00f3n<\/strong>.<\/p><\/div>\n\n\n\n<p>Para facilitar el cumplimiento de esta normativa, se pone a disposici\u00f3n del alumnado de doctorado y del profesorado que tutoriza o dirige tesis doctorales la herramienta inform\u00e1tica denominada&nbsp;<strong>Registro de Actividades y Plan de Investigaci\u00f3n (RAPI)<\/strong>. Esta herramienta est\u00e1 disponible en el&nbsp;&nbsp;<a href=\"https:\/\/gestuni.ull.es\/stack\/portal\/faces\/inicioServicios\" target=\"_blank\" rel=\"noreferrer noopener\" target=\"_blank\" rel=\"noopener\">Portal de servicios<\/a>&nbsp;de la ULL. Es importante remarcar que su mantenimiento y qui\u00e9n provee este servicio no es la ULL, sino Universitas XXI y es la plataforma que usa la mayor\u00eda de las universidades espa\u00f1olas.<\/p>\n\n\n\n<p>La persona matriculada en estudios de doctorado deber\u00e1 acceder al RAPI para cumplir con el tr\u00e1mite obligatorio de registrar sus&nbsp;<strong>actividades, Plan de Formaci\u00f3n Personal&nbsp;<\/strong>y su&nbsp;<strong>Plan de Investigaci\u00f3n<\/strong>. RAPI enlaza la informaci\u00f3n presentada y evaluada al expediente de cada estudiante de doctorado. Los tutores y las tutoras, directores y directoras de las tesis doctorales revisar\u00e1n los documentos accediendo al RAPI y verificando que se ajustan al correcto desarrollo de los estudios de doctorado de su alumnado. Aceptar\u00e1n o rechazar\u00e1n las actividades que se vayan realizando, as\u00ed como el Plan de Formaci\u00f3n Personal y el Plan de Investigaci\u00f3n.<\/p>\n\n\n\n<p><strong>Dentro del RAPI, el Plan de Formaci\u00f3n Personal se subir\u00e1 como una actividad m\u00e1s<\/strong>,  dado que no cuenta con una pesta\u00f1a espec\u00edfica.<\/p>\n\n\n\n<p>La comisi\u00f3n acad\u00e9mica de cada programa de doctorado realizar\u00e1 la evaluaci\u00f3n final.<\/p>\n\n\n\n<div class=\"wp-block-stackable-button-group stk-block-button-group stk-block stk-040439a\" data-block-id=\"040439a\"><style>.stk-040439a .stk-button-group{flex-direction:column !important;align-items:stretch !important;}.stk-040439a .stk-block{flex-basis:auto !important;}.stk-040439a .stk-block-button, .stk-040439a .stk-block-icon-button{flex:1 0 0% !important;}<\/style><div class=\"stk-row stk-inner-blocks stk-block-content stk-button-group\">\n<div class=\"wp-block-stackable-button stk-block-button has-text-align-center stk-block stk-0898a13\" data-block-id=\"0898a13\"><style>.stk-0898a13 .stk-button{background:#f33f4e !important;}.stk-0898a13 .stk-button__inner-text{font-weight:500 !important;}<\/style><a class=\"stk-link stk-button stk--hover-effect-darken\" href=\"https:\/\/drive.google.com\/file\/d\/1mbEj7tgxy8L3as1p1O2HwkK7VKoyUOIp\/view?usp=drive_link\" target=\"_blank\" rel=\"noopener\"><span class=\"stk-button__inner-text\">El registro y documento de actividades: el RAPI<\/span><\/a><\/div>\n\n\n\n<div class=\"wp-block-stackable-button stk-block-button has-text-align-center stk-block stk-66fb21d\" data-block-id=\"66fb21d\"><style>.stk-66fb21d .stk-button{background:#f75c76 !important;}.stk-66fb21d .stk-button__inner-text{font-weight:500 !important;}<\/style><a class=\"stk-link stk-button stk--hover-effect-darken\" href=\"https:\/\/docs.google.com\/document\/d\/1eb6JRj0bha-LvhcS2lIUajzEfrCXXY96\/edit?usp=drive_link&amp;ouid=113248735011275541741&amp;rtpof=true&amp;sd=true\" target=\"_blank\" rel=\"noopener\"><span class=\"stk-button__inner-text\">Plantilla del Plan de Formaci\u00f3n Personal<\/span><\/a><\/div>\n\n\n\n<div class=\"wp-block-stackable-button stk-block-button has-text-align-center stk-block stk-39f4218\" data-block-id=\"39f4218\"><style>.stk-39f4218 .stk-button{background:#f76f86c2 !important;}.stk-39f4218 .stk-button__inner-text{font-weight:500 !important;}<\/style><a class=\"stk-link stk-button stk--hover-effect-darken\" href=\"https:\/\/docs.google.com\/document\/d\/1eF0cJZyfRN1JB0LA_lP2w8BRBj5YHtn6\/edit?usp=drive_link&amp;ouid=113248735011275541741&amp;rtpof=true&amp;sd=true\" target=\"_blank\" rel=\"noopener\"><span class=\"stk-button__inner-text\">Plantilla Plan de Investigaci\u00f3n<\/span><\/a><\/div>\n<\/div><\/div>\n<\/div><\/div><\/div>\n\n\n\n<div class=\"wp-block-stackable-column stk-block-column stk-column stk-block stk-901a5ad\" data-v=\"4\" data-block-id=\"901a5ad\"><style>@media screen and (min-width: 768px){.stk-901a5ad {flex:var(--stk-flex-grow, 1) 1 calc(30% - var(--stk-column-gap, 0px) * 1 \/ 2 ) !important;}}<\/style><div class=\"stk-column-wrapper stk-block-column__content stk-container stk-901a5ad-container stk--no-background stk--no-padding\"><div class=\"stk-block-content stk-inner-blocks stk-901a5ad-inner-blocks\">\n<div style=\"border:2px solid black;padding:0px 30px 30px 25px\"><h4><span style=\"color: #f33f4e;font-size: 16px\"><strong>INFORMACI\u00d3N DE CONTACTO<\/strong><\/span><\/h4>\n<p style=\"font-size: 12px;line-height: 12px;font-weight: 500\"><strong style=\"font-weight: 500\">Direcci\u00f3n : <\/strong><span style=\"font-weight: 400\">Avda. Astrof\u00edsico Francisco S\u00e1nchez, SN. Edificio Calabaza\u00a0 38200 San Crist\u00f3bal de La Laguna.<\/span><\/p>\n<p style=\"font-size: 12px;line-height: 12px;font-weight: 500\"><strong style=\"font-weight: 500\">Tel\u00e9fono<\/strong>: <span style=\"color: #000000;line-height: 12px;font-weight: 400\"><a style=\"color: #000000\" target=\"_blank\" rel=\"noopener\" target=\"_blank\" rel=\"noopener\">(+34) 922 31 72 67 \/ 922 31 72 69<\/a><\/span><\/p>\n<p style=\"font-size: 12px;line-height: 12px;font-weight: 500\"><strong style=\"font-weight: 500\">Correo<\/strong>: <span style=\"color: #000000;line-height: 2px;font-weight: 400\"><a style=\"color: #000000\" href=\"mailto:doctorado@ull.es\" target=\"_blank\" rel=\"noopener\" target=\"_blank\" rel=\"noopener\">doctorado@ull.es<\/a><\/span><\/p>\n<p style=\"font-size: 12px;line-height: 12px;font-weight: 500\"><strong style=\"font-weight: 500\">Online:\u00a0<\/strong><a href=\"https:\/\/www.ull.es\/doctorados\" target=\"_blank\" rel=\"noopener\" target=\"_blank\" rel=\"noopener\">\u00a0<span style=\"color: #000000;text-decoration: underline;font-weight: 400\">P\u00e1gina web<\/span><\/a> \/ <a href=\"http:\/\/citaprevia.ull.es\/index.php?s=edpo\" target=\"_blank\" rel=\"noopener\" target=\"_blank\" rel=\"noopener\">\u00a0<span style=\"color: #000000;text-decoration: underline;font-weight: 400\">Cita previa<\/span><\/a> \/ <a href=\"https:\/\/sede.ull.es\/ecivilis-site\/catalog\/showProcedure\/484\" target=\"_blank\" rel=\"noopener\" target=\"_blank\" rel=\"noopener\">\u00a0<span style=\"color: #000000;text-decoration: underline;font-weight: 400\">Procedimiento para quejas, sugerencias y felicitaciones<\/span><\/a><\/p><\/div>\n<\/div><\/div><\/div>\n<\/div><\/div>\n","protected":false},"excerpt":{"rendered":"<p>UNIVERSITY DOCTORATE OFFERS FOR THE 2025-2026 ACADEMIC YEAR Activity Plan and Research Project Doctoral studies are regulated by Royal Decree 99\/2011, of January 28. This regulation establishes the mandatory completion of the Activity Log, the Personal Training Plan, and the Research Plan for doctoral students. To facilitate compliance\u2026<\/p>","protected":false},"author":10,"featured_media":0,"parent":0,"menu_order":0,"comment_status":"closed","ping_status":"closed","template":"templates\/template-frontpage.php","meta":{"_acf_changed":false,"footnotes":""},"class_list":["post-1427","page","type-page","status-publish","hentry"],"acf":[],"publishpress_future_action":{"enabled":false,"date":"2026-04-07 22:01:53","action":"change-status","newStatus":"draft","terms":[],"taxonomy":"","extraData":[]},"publishpress_future_workflow_manual_trigger":{"enabledWorkflows":[]},"_links":{"self":[{"href":"https:\/\/www.ull.es\/doctorados\/en\/wp-json\/wp\/v2\/pages\/1427","targetHints":{"allow":["GET"]}}],"collection":[{"href":"https:\/\/www.ull.es\/doctorados\/en\/wp-json\/wp\/v2\/pages"}],"about":[{"href":"https:\/\/www.ull.es\/doctorados\/en\/wp-json\/wp\/v2\/types\/page"}],"author":[{"embeddable":true,"href":"https:\/\/www.ull.es\/doctorados\/en\/wp-json\/wp\/v2\/users\/10"}],"replies":[{"embeddable":true,"href":"https:\/\/www.ull.es\/doctorados\/en\/wp-json\/wp\/v2\/comments?post=1427"}],"version-history":[{"count":56,"href":"https:\/\/www.ull.es\/doctorados\/en\/wp-json\/wp\/v2\/pages\/1427\/revisions"}],"predecessor-version":[{"id":4678,"href":"https:\/\/www.ull.es\/doctorados\/en\/wp-json\/wp\/v2\/pages\/1427\/revisions\/4678"}],"wp:attachment":[{"href":"https:\/\/www.ull.es\/doctorados\/en\/wp-json\/wp\/v2\/media?parent=1427"}],"curies":[{"name":"wp","href":"https:\/\/api.w.org\/{rel}","templated":true}]}}