{"id":23,"date":"2018-04-05T12:05:02","date_gmt":"2018-04-05T12:05:02","guid":{"rendered":"http:\/\/www.ull.es\/doctorados\/?page_id=23"},"modified":"2026-01-28T11:05:08","modified_gmt":"2026-01-28T11:05:08","slug":"acreditacion-de-nivel-de-idiomas","status":"publish","type":"page","link":"https:\/\/www.ull.es\/doctorados\/en\/acreditacion-de-nivel-de-idiomas\/","title":{"rendered":"Language level certification"},"content":{"rendered":"\n<div class=\"wp-block-stackable-columns alignfull stk-block-columns stk--hide-mobile stk-block stk-2314a6b\" data-block-id=\"2314a6b\"><style>.stk-2314a6b {padding-bottom:0px !important;margin-top:-30px !important;margin-bottom:0px !important;}<\/style><div class=\"stk-row stk-inner-blocks stk-block-content stk-content-align stk-2314a6b-column alignfull\">\n<div class=\"wp-block-stackable-column stk-block-column stk-column stk-block stk-1d1764d\" data-v=\"4\" data-block-id=\"1d1764d\"><div class=\"stk-column-wrapper stk-block-column__content stk-container stk-1d1764d-container stk--no-background stk--no-padding\"><div class=\"stk-block-content stk-inner-blocks stk-1d1764d-inner-blocks\"><style id=\"depicter-4-inline-pre-css\">\n\n.depicter-4:not(.depicter-ready){\n\theight:430px;\n}\n\n\/***** Tablet *****\/\n@media screen and (max-width: 1024px){\n\n.depicter-4:not(.depicter-ready){\n\theight:700px;\n}\n\n}\n\/***** Mobile *****\/\n@media screen and (max-width: 767px){\n\n.depicter-4:not(.depicter-ready){\n\theight:740px;\n}\n\n}\n<\/style>\n<div id=\"depicter-4\" class=\"depicter depicter-document depicter-revert depicter-4 depicter-layout-fullwidth\">\n\n<div class=\"depicter-loading-container depicter-loading dotFlashing-dark\"><div class=\"depicter-loading-dark depicter-dot-flashing\">\n   <span><\/span>\n   <span><\/span>\n   <span><\/span>\n<\/div>\n<\/div>\n<div id=\"depicter-4-section-1\" class=\"depicter-section depicter-4-section-1\" data-name=\"Section 1\" data-type=\"section\" data-local-id=\"section-1\">\n<picture class=\"depicter-bg\">\n<source data-depicter-srcset=\"https:\/\/www.ull.es\/doctorados\/wp-content\/uploads\/2025\/03\/HEADERS_WEB_mobile_doctorados_2.png, https:\/\/www.ull.es\/doctorados\/wp-content\/uploads\/2025\/03\/HEADERS_WEB_mobile_doctorados_2.png 2x\" srcset=\"data:image\/gif;base64,R0lGODlhAQABAIAAAAAAAP\/\/\/yH5BAEAAAAALAAAAAABAAEAAAIBRAA7\" media=\"(max-width: 767px)\" \/>\n\n<source data-depicter-srcset=\"https:\/\/www.ull.es\/doctorados\/wp-content\/uploads\/2025\/03\/HEADERS_WEB_mobile_doctorados_2.png, https:\/\/www.ull.es\/doctorados\/wp-content\/uploads\/2025\/03\/HEADERS_WEB_mobile_doctorados_2-540x600.png 2x\" srcset=\"data:image\/gif;base64,R0lGODlhAQABAIAAAAAAAP\/\/\/yH5BAEAAAAALAAAAAABAAEAAAIBRAA7\" media=\"(max-width: 1024px)\" \/>\n\n<source data-depicter-srcset=\"https:\/\/www.ull.es\/doctorados\/wp-content\/uploads\/2025\/03\/HEADERS_WEB_ampliado_doctorados.jpg, https:\/\/www.ull.es\/doctorados\/wp-content\/uploads\/2025\/03\/HEADERS_WEB_ampliado_doctorados-1920x556.jpg 2x\" srcset=\"data:image\/gif;base64,R0lGODlhAQABAIAAAAAAAP\/\/\/yH5BAEAAAAALAAAAAABAAEAAAIBRAA7\" media=\"(min-width: 1025px)\" \/>\n<img decoding=\"async\" src=\"data:image\/gif;base64,R0lGODlhAQABAIAAAAAAAP\/\/\/yH5BAEAAAAALAAAAAABAAEAAAIBRAA7\" data-ken-burns=\"false\" data-tablet-ken-burns=\"false\" data-mobile-ken-burns=\"{'scale':1.87999999999999989341858963598497211933135986328125,'duration':'5000','focalPoint':{'x':0.5,'y':0.5},'easing':'linear'}\" alt=\"\" data-depicter-src=\"https:\/\/www.ull.es\/doctorados\/wp-content\/uploads\/2025\/03\/HEADERS_WEB_ampliado_doctorados.jpg\" data-object-fit=\"contain,,\" \/>\n<\/picture>\n\n\n<picture id=\"depicter-4-element-5\" class=\"depicter-element depicter-layer depicter-4-element-5\" data-type=\"image\" data-wrap=\"true\" data-name=\"Image 4\" data-local-id=\"element-5\" data-offset=\"x:-190px;y:0px;origin:tl\" data-width=\"1581px,,\" data-height=\"477px,,\" data-responsive-scale=\"true,,\" data-crop=\"false\">\n<source data-depicter-srcset=\"https:\/\/www.ull.es\/doctorados\/wp-content\/uploads\/2025\/03\/HEADERS_WEB_ampliado_doctorados-1581x477.jpg, https:\/\/www.ull.es\/doctorados\/wp-content\/uploads\/2025\/03\/HEADERS_WEB_ampliado_doctorados-3162x954.jpg 2x\" srcset=\"data:image\/gif;base64,R0lGODlhAQABAIAAAAAAAP\/\/\/yH5BAEAAAAALAAAAAABAAEAAAIBRAA7\" \/>\n<img decoding=\"async\" src=\"data:image\/gif;base64,R0lGODlhAQABAIAAAAAAAP\/\/\/yH5BAEAAAAALAAAAAABAAEAAAIBRAA7\" data-depicter-src=\"https:\/\/www.ull.es\/doctorados\/wp-content\/uploads\/2025\/03\/HEADERS_WEB_ampliado_doctorados-1581x477.jpg\" alt=\"\" \/>\n<\/picture><\/div>\n<\/div>\n<script>\n(window.depicterSetups = window.depicterSetups || []).push(function(){\n\tDepicter.basePath = 'https:\/\/www.ull.es\/doctorados\/wp-content\/plugins\/depicter\/resources\/scripts\/player\/';\n\tconst dpPlayer = Depicter.setup('.depicter-4',\n\t\t{\"width\":[\"1200\",\"1024\",\"360\"],\"height\":[\"430\",\"700\",\"740\"],\"view\":\"basic\",\"keepAspectRatio\":true,\"preload\":0,\"layout\":\"fullwidth\",\"rtl\":false,\"initAfterAppear\":false,\"ajaxApiUrl\":\"https:\\\/\\\/www.ull.es\\\/doctorados\\\/wp-admin\\\/admin-ajax.php\",\"mouseSwipe\":true,\"touchSwipe\":true,\"useWatermark\":false}\n\t);\n});\n<\/script><\/div><\/div><\/div>\n<\/div><\/div>\n\n\n\n<div class=\"wp-block-stackable-image alignfull stk-block-image stk--hide-desktop stk--hide-tablet stk-block stk-1162d0a\" data-block-id=\"1162d0a\"><style>.stk-1162d0a {margin-bottom:0px !important;}.stk-1162d0a .stk-img-wrapper{width:100% !important;}<\/style><figure><span class=\"stk-img-wrapper stk-image--shape-stretch\"><img loading=\"lazy\" decoding=\"async\" class=\"stk-img wp-image-3227\" src=\"http:\/\/www.ull.es\/doctorados\/wp-content\/uploads\/2025\/03\/HEADERS_WEB_mobile_doctorados_2.png\" width=\"540\" height=\"600\" srcset=\"https:\/\/www.ull.es\/doctorados\/wp-content\/uploads\/2025\/03\/HEADERS_WEB_mobile_doctorados_2.png 540w, https:\/\/www.ull.es\/doctorados\/wp-content\/uploads\/2025\/03\/HEADERS_WEB_mobile_doctorados_2-270x300.png 270w, https:\/\/www.ull.es\/doctorados\/wp-content\/uploads\/2025\/03\/HEADERS_WEB_mobile_doctorados_2-11x12.png 11w, https:\/\/www.ull.es\/doctorados\/wp-content\/uploads\/2025\/03\/HEADERS_WEB_mobile_doctorados_2-375x417.png 375w\" sizes=\"auto, (max-width: 540px) 100vw, 540px\" \/><\/span><\/figure><\/div>\n\n\n\n<div class=\"wp-block-stackable-heading alignfull stk-block-heading stk-block-heading--v2 stk-block stk-67e3263 stk-block-background\" id=\"oferta-de-doctorados-universitarios-curso-2025-2026\" data-block-id=\"67e3263\"><style>.stk-67e3263 {background-color:#f33f4e !important;padding-top:35px !important;padding-bottom:35px !important;margin-top:-40px !important;margin-bottom:41px !important;}.stk-67e3263:before{background-color:#f33f4e !important;}.stk-67e3263 .stk-block-heading__text{font-size:20px !important;color:#ffffff !important;font-weight:500 !important;font-family:\"ArgentumSans\", Sans-serif !important;}@media screen and (max-width: 1023px){.stk-67e3263 .stk-block-heading__text{font-size:20px !important;}}<\/style><h2 class=\"stk-block-heading__text has-text-color has-text-align-center\">OFERTA DE DOCTORADOS UNIVERSITARIOS CURSO 2025-2026<\/h2><\/div>\n\n\n\n<div class=\"wp-block-stackable-columns alignwide stk-block-columns stk-block stk-6d3c23a\" data-block-id=\"6d3c23a\"><style>.stk-6d3c23a {padding-right:20% !important;padding-left:20% !important;}.stk-6d3c23a-column{--stk-column-gap:35px !important;}<\/style><div class=\"stk-row stk-inner-blocks stk-block-content stk-content-align stk-6d3c23a-column alignwide\">\n<div class=\"wp-block-stackable-column stk-block-column stk-column stk-block stk-c85aebf\" data-v=\"4\" data-block-id=\"c85aebf\"><style>@media screen and (min-width: 768px){.stk-c85aebf {flex:var(--stk-flex-grow, 1) 1 66.7% !important;}}<\/style><div class=\"stk-column-wrapper stk-block-column__content stk-container stk-c85aebf-container stk--no-background stk--no-padding\"><div class=\"stk-block-content stk-inner-blocks stk-c85aebf-inner-blocks\">\n<div class=\"wp-block-stackable-heading stk-block-heading stk-block-heading--v2 stk-block stk-37ecbc0\" id=\"acreditacion-de-nivel-de-idiomas\" data-block-id=\"37ecbc0\"><style>.stk-37ecbc0 {margin-bottom:40px !important;}.stk-37ecbc0 .stk-block-heading__text{color:#000000 !important;font-weight:700 !important;}<\/style><h1 class=\"stk-block-heading__text has-text-color\">Acreditaci\u00f3n de nivel de idiomas<\/h1><\/div>\n\n\n\n<div class=\"wp-block-stackable-text stk-block-text stk-block stk-048e9eb\" data-block-id=\"048e9eb\"><p class=\"stk-block-text__text\"><a href=\"https:\/\/fg.ull.es\/idiomas\/pruebas-nivel\/\" target=\"_blank\" rel=\"noreferrer noopener\" target=\"_blank\" rel=\"noopener\"><strong>Pruebas de nivel de ingl\u00e9s: Servicio de Idiomas FGULL<\/strong><\/a><\/p><\/div>\n\n\n\n<p>Para acceder a determinados estudios de Doctorado ser\u00e1 requisito obligatorio acreditar el nivel de idioma seg\u00fan el Marco Com\u00fan Europeo de Referencia para las lenguas (MCERL), que depender\u00e1 del doctorado al que se desee acceder. V\u00e9ase el siguiente&nbsp;<a href=\"https:\/\/drive.google.com\/file\/d\/1DVf0xBVQPDw5U23M2xwveugr1gTu-nAG\/view?usp=sharing\" target=\"_blank\" rel=\"noreferrer noopener\" target=\"_blank\" rel=\"noopener\"><strong>enlace<\/strong><\/a>&nbsp;(se actualiza para cada periodo de admisi\u00f3n) para ver qu\u00e9 programas de doctorado exigen requisito de idiomas y cu\u00e1les no.<\/p>\n\n\n\n<h2 class=\"wp-block-heading has-black-color has-text-color has-link-color wp-elements-a08d0a2cf96b255044d5b9696b7ca012\"><strong>\u00bfC\u00f3mo acreditar el requerimiento de idioma?&nbsp;<\/strong><\/h2>\n\n\n\n<p>Todos los aspirantes, a excepci\u00f3n de los incluidos en los puntos 3 y 4 de la siguiente lista, deber\u00e1n realizar la acreditaci\u00f3n del nivel idioma a trav\u00e9s del siguiente&nbsp;<a href=\"https:\/\/sede.ull.es\/ecivilis-site\/catalog\/showProcedure\/612\" target=\"_blank\" rel=\"noreferrer noopener\" target=\"_blank\" rel=\"noopener\">enlace<\/a>.&nbsp;<strong>Han de realizar este procedimiento con suficiente antelaci\u00f3n<\/strong>.<\/p>\n\n\n\n<p>La acreditaci\u00f3n de idiomas se podr\u00e1 llevar a cabo mediante:<\/p>\n\n\n\n<ol class=\"wp-block-list\">\n<li><a href=\"https:\/\/drive.google.com\/file\/d\/1LlKkyYOmXOidaSHPm5G1aBrODRNW-rci\/view?usp=sharing\" target=\"_blank\" rel=\"noreferrer noopener\" target=\"_blank\" rel=\"noopener\">Certificados&nbsp;reconocidos.<\/a>&nbsp;Son aquellos que justifican los conocimientos del idioma de manera oficial.<\/li>\n\n\n\n<li><a href=\"https:\/\/drive.google.com\/file\/d\/1oy-niq_BAP3F6mtq5y3W7WrDFyHNucq1\/view?usp=sharing\" target=\"_blank\" rel=\"noreferrer noopener\" target=\"_blank\" rel=\"noopener\">Pruebas de nivel realizadas en el Servicio de Idiomas de la ULL.<\/a>&nbsp;V\u00e9ase tambi\u00e9n:&nbsp;<a href=\"https:\/\/fg.ull.es\/idiomas\/pruebas-nivel\/\" target=\"_blank\" rel=\"noreferrer noopener\" target=\"_blank\" rel=\"noopener\"><strong>Pruebas de nivel de ingl\u00e9s: Servicio de Idiomas FGULL<\/strong><\/a><\/li>\n\n\n\n<li>Haber cursado y superado determinadas Titulaciones oficiales de Grado de la ULL. Consultar el siguiente enlace:\u00a0<a href=\"https:\/\/drive.google.com\/file\/d\/1-x-lWipNfcnquHNUup3ujbL8AGyCTaAd\/view?usp=drive_link\" target=\"_blank\" rel=\"noopener\">relaci\u00f3n\u00a0de titulaciones oficiales de Grado de la ULL cuya finalizaci\u00f3n reconoce la superaci\u00f3n de competencias en idioma extranjero.<\/a>\u00a0<\/li>\n<\/ol>\n<\/div><\/div><\/div>\n\n\n\n<div class=\"wp-block-stackable-column stk-block-column stk-column stk-block stk-901a5ad\" data-v=\"4\" data-block-id=\"901a5ad\"><style>@media screen and (min-width: 768px){.stk-901a5ad {flex:var(--stk-flex-grow, 1) 1 33.3% !important;}}<\/style><div class=\"stk-column-wrapper stk-block-column__content stk-container stk-901a5ad-container stk--no-background stk--no-padding\"><div class=\"stk-block-content stk-inner-blocks stk-901a5ad-inner-blocks\">\n<div style=\"border:2px solid black;padding:0px 30px 30px 25px\"><h4><span style=\"color: #f33f4e;font-size: 16px\"><strong>INFORMACI\u00d3N DE CONTACTO<\/strong><\/span><\/h4>\n<p style=\"font-size: 12px;line-height: 12px;font-weight: 500\"><strong style=\"font-weight: 500\">Direcci\u00f3n : <\/strong><span style=\"font-weight: 400\">Avenida de la Trinidad, 61\nApartado Postal 456\n38200, San Crist\u00f3bal de La Laguna.<\/span><\/p>\n<p style=\"font-size: 12px;line-height: 12px;font-weight: 500\"><strong style=\"font-weight: 500\">Tel\u00e9fono<\/strong>: <span style=\"color: #000000;line-height: 12px;font-weight: 400\"><a style=\"color: #000000\" target=\"_blank\" rel=\"noopener\" target=\"_blank\" rel=\"noopener\">(+34) 922 31 92 00<\/a><\/span><\/p>\n<p style=\"font-size: 12px;line-height: 12px;font-weight: 500\"><strong style=\"font-weight: 500\">Correo<\/strong>: <span style=\"color: #000000;line-height: 2px;font-weight: 400\"><a style=\"color: #000000\" href=\"mailto:info@fg.ull.es\" target=\"_blank\" rel=\"noopener\" target=\"_blank\" rel=\"noopener\">info@fg.ull.es<\/a><\/span><\/p>\n<p style=\"font-size: 12px;line-height: 12px;font-weight: 500\"><strong style=\"font-weight: 500\">Online:\u00a0<\/strong><a href=\"https:\/\/fg.ull.es\/idiomas\/\" target=\"_blank\" rel=\"noopener\" target=\"_blank\" rel=\"noopener\">\u00a0<span style=\"color: #000000;text-decoration: underline;font-weight: 400\">P\u00e1gina web<\/span><\/a> \/ <a href=\"https:\/\/sede.ull.es\/ecivilis-site\/catalog\/showProcedure\/484\" target=\"_blank\" rel=\"noopener\" target=\"_blank\" rel=\"noopener\">\u00a0<span style=\"color: #000000;text-decoration: underline;font-weight: 400\">Procedimiento para quejas, sugerencias y felicitaciones<\/span><\/a><\/p><\/div>\n<\/div><\/div><\/div>\n<\/div><\/div>\n\n\n\n<div class=\"wp-block-stackable-notification stk-block-notification stk--hide-desktop stk--hide-tablet stk--hide-mobile stk--is-dismissible stk-block stk-55cc42c is-style-default\" data-v=\"2\" data-block-id=\"55cc42c\"><style>.stk-55cc42c-container{background-color:#0f0e17 !important;}.stk-55cc42c-container:before{background-color:#0f0e17 !important;}<\/style><div class=\"stk-block-notification__content stk-content-align stk-55cc42c-column stk-container stk-55cc42c-container stk-hover-parent\"><div class=\"stk-block-content stk-inner-blocks stk-55cc42c-inner-blocks\">\n<div class=\"wp-block-stackable-icon stk-block-icon stk-block stk-c7b2147\" data-block-id=\"c7b2147\"><style>.stk-c7b2147 .stk--svg-wrapper .stk--inner-svg svg:last-child, .stk-c7b2147 .stk--svg-wrapper .stk--inner-svg svg:last-child :is(g, path, rect, polygon, ellipse){fill:#FFFFFF !important;}<\/style><span class=\"stk--svg-wrapper\"><div class=\"stk--inner-svg\"><svg style=\"height:0;width:0\"><defs><linearGradient id=\"linear-gradient-c7b2147\" x1=\"0\" x2=\"100%\" y1=\"0\" y2=\"0\"><stop offset=\"0%\" style=\"stop-opacity:1;stop-color:var(--linear-gradient-c-7-b-2147-color-1)\"><\/stop><stop offset=\"100%\" style=\"stop-opacity:1;stop-color:var(--linear-gradient-c-7-b-2147-color-2)\"><\/stop><\/linearGradient><\/defs><\/svg><svg data-prefix=\"fas\" data-icon=\"exclamation-triangle\" class=\"svg-inline--fa fa-exclamation-triangle fa-w-18\" xmlns=\"http:\/\/www.w3.org\/2000\/svg\" viewBox=\"0 0 576 512\" aria-hidden=\"true\" width=\"32\" height=\"32\"><path fill=\"currentColor\" d=\"M569.517 440.013C587.975 472.007 564.806 512 527.94 512H48.054c-36.937 0-59.999-40.055-41.577-71.987L246.423 23.985c18.467-32.009 64.72-31.951 83.154 0l239.94 416.028zM288 354c-25.405 0-46 20.595-46 46s20.595 46 46 46 46-20.595 46-46-20.595-46-46-46zm-43.673-165.346l7.418 136c.347 6.364 5.609 11.346 11.982 11.346h48.546c6.373 0 11.635-4.982 11.982-11.346l7.418-136c.375-6.874-5.098-12.654-11.982-12.654h-63.383c-6.884 0-12.356 5.78-11.981 12.654z\"><\/path><\/svg><\/div><\/span><\/div>\n\n\n\n<div class=\"wp-block-stackable-heading stk-block-heading stk-block-heading--v2 stk-block stk-90622d0\" id=\"se-informara-proximamente\" data-block-id=\"90622d0\"><h3 class=\"stk-block-heading__text\">Se informar\u00e1 pr\u00f3ximamente<\/h3><\/div>\n<\/div><button class=\"stk-block-notification__close-button\" aria-label=\"Close\"><svg viewBox=\"0 0 28.3 28.3\" xmlns=\"http:\/\/www.w3.org\/2000\/svg\" width=\"16\" height=\"16\"><path d=\"M52.4-166.2c3.2 0 3.2-5 0-5s-3.2 5 0 5zM16.8 13.9L26.9 3.8c.6-.6.6-1.5 0-2.1s-1.5-.6-2.1 0L14.7 11.8 4.6 1.7c-.6-.6-1.5-.6-2.1 0s-.6 1.5 0 2.1l10.1 10.1L2.5 24c-.6.6-.6 1.5 0 2.1.3.3.7.4 1.1.4s.8-.1 1.1-.4l10-10.1 10.1 10.1c.3.3.7.4 1.1.4s.8-.1 1.1-.4c.6-.6.6-1.5 0-2.1L16.8 13.9z\"><\/path><\/svg><\/button><\/div><\/div>\n\n\n\n<p><\/p>\n","protected":false},"excerpt":{"rendered":"<p>OFFER OF UNIVERSITY DOCTORATE DEGREES FOR THE 2025-2026 ACADEMIC YEAR Language level accreditation English level tests: FGULL Language Service To access certain doctoral studies, it will be a mandatory requirement to accredit the language level according to the Common European Framework of Reference for Languages (CEFR), which will depend on the doctorate you wish to access\u2026.<\/p>","protected":false},"author":1,"featured_media":0,"parent":0,"menu_order":7,"comment_status":"closed","ping_status":"closed","template":"templates\/template-frontpage.php","meta":{"_acf_changed":false,"footnotes":""},"class_list":["post-23","page","type-page","status-publish","hentry"],"acf":[],"publishpress_future_action":{"enabled":false,"date":"2026-04-13 11:59:31","action":"change-status","newStatus":"draft","terms":[],"taxonomy":"","extraData":[]},"publishpress_future_workflow_manual_trigger":{"enabledWorkflows":[]},"_links":{"self":[{"href":"https:\/\/www.ull.es\/doctorados\/en\/wp-json\/wp\/v2\/pages\/23","targetHints":{"allow":["GET"]}}],"collection":[{"href":"https:\/\/www.ull.es\/doctorados\/en\/wp-json\/wp\/v2\/pages"}],"about":[{"href":"https:\/\/www.ull.es\/doctorados\/en\/wp-json\/wp\/v2\/types\/page"}],"author":[{"embeddable":true,"href":"https:\/\/www.ull.es\/doctorados\/en\/wp-json\/wp\/v2\/users\/1"}],"replies":[{"embeddable":true,"href":"https:\/\/www.ull.es\/doctorados\/en\/wp-json\/wp\/v2\/comments?post=23"}],"version-history":[{"count":61,"href":"https:\/\/www.ull.es\/doctorados\/en\/wp-json\/wp\/v2\/pages\/23\/revisions"}],"predecessor-version":[{"id":4670,"href":"https:\/\/www.ull.es\/doctorados\/en\/wp-json\/wp\/v2\/pages\/23\/revisions\/4670"}],"wp:attachment":[{"href":"https:\/\/www.ull.es\/doctorados\/en\/wp-json\/wp\/v2\/media?parent=23"}],"curies":[{"name":"wp","href":"https:\/\/api.w.org\/{rel}","templated":true}]}}