{"id":72,"date":"2018-02-22T13:28:20","date_gmt":"2018-02-22T13:28:20","guid":{"rendered":"http:\/\/www.ull.es\/doctorados\/estudios-interdisciplinares-genero\/?page_id=72"},"modified":"2025-08-20T11:11:15","modified_gmt":"2025-08-20T11:11:15","slug":"seguimiento-doctorando","status":"publish","type":"page","link":"https:\/\/www.ull.es\/doctorados\/estudios-interdisciplinares-genero\/en\/organizacion-del-programa\/seguimiento-doctorando\/","title":{"rendered":"Monitoring of the PhD student"},"content":{"rendered":"\n<div class=\"wp-block-stackable-columns alignfull stk-block-columns stk-block stk-2314a6b\" data-block-id=\"2314a6b\"><style>.stk-2314a6b {padding-bottom:0px !important;margin-top:-100px !important;margin-bottom:0px !important;}<\/style><div class=\"stk-row stk-inner-blocks stk-block-content stk-content-align stk-2314a6b-column alignfull\">\n<div class=\"wp-block-stackable-column stk-block-column stk-column stk-block stk-1d1764d\" data-v=\"4\" data-block-id=\"1d1764d\"><div class=\"stk-column-wrapper stk-block-column__content stk-container stk-1d1764d-container stk--no-background stk--no-padding\"><div class=\"stk-block-content stk-inner-blocks stk-1d1764d-inner-blocks\"><style id=\"depicter-1-inline-pre-css\">\n\n.depicter-1:not(.depicter-ready){\n\theight:450px;\n}\n\n\/***** Tablet *****\/\n@media screen and (max-width: 1024px){\n\n.depicter-1:not(.depicter-ready){\n\theight:700px;\n}\n\n}\n\/***** Mobile *****\/\n@media screen and (max-width: 767px){\n\n.depicter-1:not(.depicter-ready){\n\theight:360px;\n}\n\n}\n<\/style>\n<div id=\"depicter-1\" class=\"depicter depicter-document depicter-revert depicter-1 depicter-layout-fullwidth\">\n\n<div class=\"depicter-loading-container depicter-loading dotFlashing-dark\"><div class=\"depicter-loading-dark depicter-dot-flashing\">\n   <span><\/span>\n   <span><\/span>\n   <span><\/span>\n<\/div>\n<\/div>\n<div id=\"depicter-1-section-1\" class=\"depicter-section depicter-1-section-1\" data-name=\"Section 1\" data-type=\"section\" data-local-id=\"section-1\">\n<picture class=\"depicter-bg\">\n<source data-depicter-srcset=\"https:\/\/www.ull.es\/doctorados\/estudios-interdisciplinares-genero\/wp-content\/uploads\/sites\/15\/2025\/05\/Headers-Doctorados_DoctoradoEstudios-de-Genero-768x248.jpg, https:\/\/www.ull.es\/doctorados\/estudios-interdisciplinares-genero\/wp-content\/uploads\/sites\/15\/2025\/05\/Headers-Doctorados_DoctoradoEstudios-de-Genero.jpg 2x\" srcset=\"data:image\/gif;base64,R0lGODlhAQABAIAAAAAAAP\/\/\/yH5BAEAAAAALAAAAAABAAEAAAIBRAA7\" media=\"(max-width: 1024px)\" \/>\n\n<source data-depicter-srcset=\"https:\/\/www.ull.es\/doctorados\/estudios-interdisciplinares-genero\/wp-content\/uploads\/sites\/15\/2025\/05\/Headers-Doctorados_DoctoradoEstudios-de-Genero.jpg, https:\/\/www.ull.es\/doctorados\/estudios-interdisciplinares-genero\/wp-content\/uploads\/sites\/15\/2025\/05\/Headers-Doctorados_DoctoradoEstudios-de-Genero-2000x645.jpg 2x\" srcset=\"data:image\/gif;base64,R0lGODlhAQABAIAAAAAAAP\/\/\/yH5BAEAAAAALAAAAAABAAEAAAIBRAA7\" media=\"(min-width: 1025px)\" \/>\n<img decoding=\"async\" src=\"data:image\/gif;base64,R0lGODlhAQABAIAAAAAAAP\/\/\/yH5BAEAAAAALAAAAAABAAEAAAIBRAA7\" data-ken-burns=\"false\" data-tablet-ken-burns=\"false\" data-mobile-ken-burns=\"false\" alt=\"\" data-depicter-src=\"https:\/\/www.ull.es\/doctorados\/estudios-interdisciplinares-genero\/wp-content\/uploads\/sites\/15\/2025\/05\/Headers-Doctorados_DoctoradoEstudios-de-Genero.jpg\" data-object-fit=\"custom,custom,\" data-object-position=\"center top,,\" data-crop=\"{'focalPoint':{'x':0.5,'y':0.5},'mediaSize':{'width':1395.3488372093024736386723816394805908203125,'height':450}}\" data-tablet-crop=\"{'focalPoint':{'x':0.5,'y':0.5},'mediaSize':{'width':2170.54263565891460530110634863376617431640625,'height':700}}\" data-mobile-crop=\"{'focalPoint':{'x':0.5,'y':0.5},'mediaSize':{'width':2294.57364341085258274688385426998138427734375,'height':740}}\" \/>\n<\/picture>\n\n\n<h1 id=\"depicter-1-element-5\" class=\"depicter-element depicter-layer depicter-1-element-5\" data-type=\"text\" data-wrap=\"true\" data-name=\"Text 2\" data-local-id=\"element-5\" data-offset=\"x:0px;y:114px;origin:tl\" data-tablet-offset=\"x:149px;y:237px;origin:tl\" data-mobile-offset=\"x:8px;y:94px;origin:tl\" data-width=\"1200px,auto,348px\" data-height=\"auto,auto,auto\" data-responsive-scale=\"true,,\">Programa de Doctorado en <br>Estudios Interdisciplinares de G\u00e9nero<\/h1>\n\n<div id=\"depicter-1-element-10\" class=\"depicter-element depicter-layer depicter-1-element-10\" data-type=\"shape\" data-wrap=\"true\" data-name=\"Shape 1\" data-local-id=\"element-10\" data-offset=\"x:0px;y:370px;origin:tl\" data-tablet-offset=\"x:149px;y:453px;origin:tl\" data-mobile-offset=\"x:10px;y:342px;origin:tl\" data-width=\"1054px,794px,340px\" data-height=\"8px,8px,8px\" data-responsive-scale=\"true,,\"><\/div>\n<\/div>\n<\/div>\n<script>\n(window.depicterSetups = window.depicterSetups || []).push(function(){\n\tDepicter.basePath = 'https:\/\/www.ull.es\/doctorados\/estudios-interdisciplinares-genero\/wp-content\/plugins\/depicter\/resources\/scripts\/player\/';\n\tconst dpPlayer = Depicter.setup('.depicter-1',\n\t\t{\"width\":[\"1200\",\"1024\",\"360\"],\"height\":[\"450\",\"700\",\"360\"],\"view\":\"basic\",\"keepAspectRatio\":true,\"preload\":0,\"layout\":\"fullwidth\",\"rtl\":false,\"initAfterAppear\":false,\"ajaxApiUrl\":\"https:\\\/\\\/www.ull.es\\\/doctorados\\\/estudios-interdisciplinares-genero\\\/wp-admin\\\/admin-ajax.php\",\"mouseSwipe\":true,\"touchSwipe\":true,\"useWatermark\":false}\n\t);\n});\n<\/script><\/div><\/div><\/div>\n<\/div><\/div>\n\n\n\n<div class=\"wp-block-stackable-columns alignfull stk-block-columns stk--hide-mobile stk-block stk-6394276 stk-block-background\" data-block-id=\"6394276\"><style>.stk-6394276 {background-color:#f33f4e !important;padding-top:10px !important;margin-bottom:0px !important;}.stk-6394276:before{background-color:#f33f4e !important;}<\/style><div class=\"stk-row stk-inner-blocks stk-block-content stk-content-align stk-6394276-column alignfull\">\n<div class=\"wp-block-stackable-column stk-block-column stk-column stk-block stk-8a66885\" data-v=\"4\" data-block-id=\"8a66885\"><div class=\"stk-column-wrapper stk-block-column__content stk-container stk-8a66885-container stk--no-background stk--no-padding\"><div class=\"stk-block-content stk-inner-blocks stk-8a66885-inner-blocks\">\n<div class=\"wp-block-stackable-spacer stk-block-spacer stk--no-padding stk-block stk-bc89b3e\" data-block-id=\"bc89b3e\"><style>.stk-bc89b3e {height:0px !important;}<\/style><\/div>\n<\/div><\/div><\/div>\n<\/div><\/div>\n\n\n\n<div class=\"wp-block-stackable-columns stk-block-columns stk-block stk-8b59b96\" data-block-id=\"8b59b96\"><style>.stk-8b59b96 .stk--block-align-8b59b96{align-items:flex-start !important;}.stk-8b59b96 {margin-top:50px !important;}.stk-8b59b96-column{--stk-columns-spacing:0px !important;--stk-column-gap:50px !important;}<\/style><div class=\"stk-row stk-inner-blocks stk--block-align-8b59b96 stk-block-content stk-content-align stk-8b59b96-column\">\n<div class=\"wp-block-stackable-column stk-block-column stk-column stk-block stk-dbb7e15\" data-v=\"4\" data-block-id=\"dbb7e15\"><style>@media screen and (min-width: 768px){.stk-dbb7e15 {flex:var(--stk-flex-grow, 1) 1 66.7% !important;}}<\/style><div class=\"stk-column-wrapper stk-block-column__content stk-container stk-dbb7e15-container stk--no-background stk--no-padding\"><div class=\"stk-block-content stk-inner-blocks stk-dbb7e15-inner-blocks\">\n<div class=\"wp-block-stackable-heading stk-block-heading stk-block-heading--v2 stk-block stk-cc0239e\" id=\"complementos-de-formacion\" data-block-id=\"cc0239e\"><style>.stk-cc0239e .stk-block-heading__text{color:#000000 !important;font-weight:500 !important;}<\/style><h1 class=\"stk-block-heading__text has-text-color\">Seguimiento del doctorando<\/h1><\/div>\n\n\n\n<p>Con car\u00e1cter general, para supervisi\u00f3n y seguimiento del doctorando\/a se aplicar\u00e1 lo dispuesto en el art\u00edculo 11 del RD 99\/2011 de 28 de enero, por el&nbsp;que se regulan las ense\u00f1anzas oficiales de doctorado.<\/p>\n\n\n\n<p>En cualquier caso se aplicar\u00e1 procedimiento de desarrollo de esta normativa que aprueben las diferentes universidades para el seguimiento del doctorando.<\/p>\n\n\n\n<p>La Comisi\u00f3n de Coordinaci\u00f3n Acad\u00e9mica del Programa de Doctorado estar\u00e1 compuesta por un profesor o profesora de cada una de las universidades&nbsp;participantes (Coordinador o Coordinadora Locales) y realizar\u00e1 las tareas de coordinaci\u00f3n entre las universidades. Estar\u00e1 encargada de la&nbsp;admisi\u00f3n de estudiantes, de evaluar anualmente el documento de actividades y el plan de investigaci\u00f3n, de autorizar estudios de doctorado a tiempo&nbsp;parcial, bajas temporales del programa, codirecciones, estancias y actividades a los doctorandos, adem\u00e1s, asignar\u00e1 tutores, directores y codirectores,&nbsp;de uno u otro sexo. La Comisi\u00f3n de Coordinaci\u00f3n Acad\u00e9mica se reunir\u00e1 presencialmente al menos una vez al a\u00f1o y mediante la plataforma&nbsp;de reuniones virtuales, tantas veces como sea necesario. Adem\u00e1s se mantendr\u00e1 una comunicaci\u00f3n fluida a trav\u00e9s de una lista de correo en internet. Los asuntos tratados y los acuerdos obtenidos en dichas reuniones, tanto presenciales, como virtuales, ser\u00e1n recogidos en&nbsp;las correspondientes actas. Las decisiones y acuerdos realizados por razones de operatividad a trav\u00e9s de la lista de correo se ver\u00e1n reflejadas en el&nbsp;acta de la reuni\u00f3n siguiente.<\/p>\n\n\n\n<p>Coordinador\/a del Programa de Doctorado y Coordinadores Locales.<br>Los Coordinadores Locales son elegidos por acuerdo en cada Universidad entre los profesores titulares o catedr\u00e1ticos que participen en el programa&nbsp;de doctorado y que cuenten con experiencia acreditada en investigaci\u00f3n y direcci\u00f3n de tesis doctorales. Ser\u00e1n avalados por la Universidad respectiva y&nbsp;adicionalmente se podr\u00e1n integrar investigadores de otros organismos p\u00fablicos de investigaci\u00f3n. El\/la Coordinador\/a del Programa de Doctorado estar\u00e1&nbsp;designado por acuerdo de los Rectores de las Universidades participantes a propuesta de la Comisi\u00f3n de Coordinaci\u00f3n Acad\u00e9mica. El coordinador del&nbsp;programa deber\u00e1 ser un investigador\/a relevante, y estar en posesi\u00f3n de al menos dos periodos de actividad investigadora reconocidos de acuerdo con&nbsp;las previsiones del Real Decreto 1086\/1989, de 28 de agosto, debiendo haber sido concedido el \u00faltimo de ellos en los \u00faltimos 7 a\u00f1os.<\/p>\n\n\n\n<p>La Coordinadora o Coordinador del Programa de Doctorado act\u00faa como Presidenta o Presidente de la Comisi\u00f3n de Coordinaci\u00f3n Acad\u00e9mica. La Universidad&nbsp;del presidente act\u00faa como Coordinadora del Programa de Doctorado Interuniversitario. En los procedimientos generales de desarrollo del Programa&nbsp;se siguen los acuerdos firmados en el correspondiente convenio por los Rectores de todas las Universidades participante.<br>Procedimiento utilizado por la Comisi\u00f3n de Coordinaci\u00f3n Acad\u00e9mica del Programa de Doctorado en estudios Interdisciplinares de G\u00e9nero<\/p>\n\n\n\n<p>Para la asignaci\u00f3n del tutor y del director de tesis de los doctorandos as\u00ed como su eventual cambio. Todas las universidades participantes en el&nbsp;Programa de Doctorado en Estudios Interdisciplinares de G\u00e9nero se acogen al siguiente procedimiento para la asignaci\u00f3n del tutor y del director de tesis&nbsp;de los doctorandos as\u00ed como su eventual cambio.<\/p>\n\n\n\n<p>Una vez admitido un estudiante en el programa de doctorado, a la vista de la documentaci\u00f3n la Comisi\u00f3n de Coordinaci\u00f3n Acad\u00e9mica asignar\u00e1 a cada&nbsp;doctorando y doctoranda:<br>\u2013 En el momento de admisi\u00f3n al programa: un tutor o tutora, que ser\u00e1 doctor, con acreditada experiencia investigadora y vinculaci\u00f3n permanente a la&nbsp;instituci\u00f3n donde est\u00e1 matriculado el doctorando. El tutor servir\u00e1 de nexo entre la comisi\u00f3n de coordinaci\u00f3n acad\u00e9mica del programa de doctorado, la&nbsp;Universidad donde se encuentra matriculado el doctorando y el alumno.<br>\u2013 En un plazo m\u00e1ximo de seis meses desde su matriculaci\u00f3n: un director o directora. Esta figura podr\u00e1 ser coincidente o no con el tutor. Qui\u00e9n se encargar\u00e1&nbsp;de dirigir el buen desarrollo de la investigaci\u00f3n. Ser\u00e1 un doctor o doctora de cualquier nacionalidad con acreditada experiencia investigadora.<\/p>\n\n\n\n<p>La tesis podr\u00e1 ser codirigida cuando concurran razones de \u00edndole acad\u00e9mico, como puede ser el caso de la interdisciplinariedad tem\u00e1tica o los programas&nbsp;desarrollados en colaboraci\u00f3n nacional o internacional. En el caso de tesis codirigidas la Comisi\u00f3n de Coordinaci\u00f3n Acad\u00e9mica aprobar\u00e1 la codirecci\u00f3n&nbsp;y nombrar\u00e1 directores para la tesis. Una tesis doctoral podr\u00e1 ser dirigida como m\u00e1ximo por dos doctores, de uno u otro sexo.<br>Las universidades establecer\u00e1n las funciones de supervisi\u00f3n de estudiantes de doctorando mediante un compromiso documental firmado por: Universidad,&nbsp;estudiante, tutor y director; en la forma que se establezca. Este compromiso ser\u00e1 rubricado a la mayor brevedad posible despu\u00e9s de la admisi\u00f3n&nbsp;y habr\u00e1 de incluir un procedimiento de resoluci\u00f3n de conflictos y contemplar los aspectos relativos a los derechos de propiedad intelectual o industrial&nbsp;que puedan generarse en el \u00e1mbito de programas de doctorado.<\/p>\n\n\n\n<p>El procedimiento para la firma de este compromiso por parte del director, tutor y doctorando ser\u00e1 el siguiente:<br>\u00b7 Admitido el doctorando al programa, el formulario del compromiso documental ser\u00e1 entregado al doctorando en el momento de formalizar su matr\u00edcula.<br>\u00b7 En el plazo de seis meses desde la matriculaci\u00f3n, deber\u00e1 entregar el compromiso documental firmado por su director y tutor de tesis, para anexar al&nbsp;documento de actividades y archivar en su expediente personal<\/p>\n\n\n\n<p>La Comisi\u00f3n de Coordinaci\u00f3n Acad\u00e9mica, o\u00eddo el doctorando, podr\u00e1 modificar tanto tutor o tutora como director o directora de tesis en cualquier momento&nbsp;del periodo de realizaci\u00f3n del doctorado, siempre que concurran razones justificadas. Una vez recibida la petici\u00f3n justificada por parte del doctorando&nbsp;de cambio de tutor o director de tesis, la comisi\u00f3n de coordinaci\u00f3n acad\u00e9mica del programa de doctorado nombrar\u00e1 un instructor, que ser\u00e1 un&nbsp;doctor que participe en el programa de doctorado y con experiencia acreditada en direcci\u00f3n de tesis, que o\u00eddos el doctorando, el tutor y el director de&nbsp;tesis elaborar\u00e1 un informe sobre la pertinencia o no del cambio solicitado. A la vista del informe, la Comisi\u00f3n de Coordinaci\u00f3n Acad\u00e9mica decidir\u00e1 sobre&nbsp;la pertinencia o no de la modificaci\u00f3n del nombramiento de tutor o director de tesis.<\/p>\n\n\n\n<p>Procedimiento utilizado en el programa de Doctorado en estudios Interdisciplinares de G\u00e9nero para el control del registro de actividades de&nbsp;cada doctorando y la certificaci\u00f3n de sus datos:<\/p>\n\n\n\n<p>Todas las actividades formativas realizadas, y, si es el caso, los complementos formativos cursados, se registrar\u00e1n en un documento \u00fanico para el programa&nbsp;de doctorado e individualizado denominado Documento de Actividades del\/ de la Doctorando\/a, que ser\u00e1 revisado regularmente por el director y&nbsp;el tutor de tesis. La tutora o tutor remitir\u00e1 dicho documento a la Comisi\u00f3n de Coordinaci\u00f3n Acad\u00e9mica al menos una vez al a\u00f1o.<\/p>\n\n\n\n<p>A partir de la admisi\u00f3n de cada estudiante se abrir\u00e1, por parte de los servicios de coordinaci\u00f3n acad\u00e9mica del doctorado, un expediente personalizado&nbsp;donde se recopilar\u00e1n:<\/p>\n\n\n\n<p>\u2013 La documentaci\u00f3n aportada por cada estudiante para el ingreso en el doctorado.<\/p>\n\n\n\n<p>\u2013 El compromiso documental.<br>\u2013 El Plan de Investigaci\u00f3n que incluir\u00e1, al menos, los objetivos, la metodolog\u00eda y la planificaci\u00f3n temporal. Este plan deber\u00e1 ser avalado por director de&nbsp;tesis y el tutor (en caso de ser distintos) y podr\u00e1 mejorarse y detallarse a lo largo del desarrollo de la tesis doctoral.<br>\u2013 Copia de todas las resoluciones emitidas por la Comisi\u00f3n de Coordinaci\u00f3n Acad\u00e9mica que afecten al doctorando o doctoranda (por ejemplo: asignaci\u00f3n&nbsp;de tutor, director de tesis o modificaci\u00f3n de los mismos).<br>\u2013 El convenio de cotutela en el caso de tesis codirigidas entre dos instituciones.<br>\u2013 Informaci\u00f3n sobre ayudas y becas recibidas para la realizaci\u00f3n de la tesis doctoral.<br>\u2013 El Documento de Actividades que recoger\u00e1 todos los informes emitidos por el tutor relativos a las actividades formativas realizadas por el doctorando&nbsp;o doctoranda en cada periodo as\u00ed como tambi\u00e9n los justificantes de las mismas, y, si es el caso, los complementos formativos cursados.<br>\u2013 En el caso de tesis cotuteladas entre dos instituciones del mismo o diferentes pa\u00edses, el Documento de Actividades recoger\u00e1 de forma detallada el&nbsp;tiempo que los estudiantes pasaron en cada una de las instituciones.<br>Procedimiento empleado en el programa de Doctorado en Estudios Interdisciplinares de G\u00e9nero para la revisi\u00f3n y evaluaci\u00f3n anual del Plan&nbsp;de investigaci\u00f3n y el registro de actividades del doctorando:<br>Tanto el tutor\/a como el director\/es revisar\u00e1n regularmente el registro de actividades del doctorando, certificar\u00e1n los datos del doctorando\/a, y en especial,&nbsp;todas las actividades formativas realizadas. Anualmente redactar\u00e1n un informe sobre las actividades del doctorando\/a y un informe sobre grado de&nbsp;cumplimiento del plan de investigaci\u00f3n y sus posibles modificaciones. Estos informes junto con el registro de actividades del doctorando\/a actualizado,&nbsp;se elevar\u00e1 a la Comisi\u00f3n de Coordinaci\u00f3n Acad\u00e9mica del doctorado para su evaluaci\u00f3n.<\/p>\n\n\n\n<p>La Comisi\u00f3n de Coordinaci\u00f3n Acad\u00e9mica evaluar\u00e1 cada curso acad\u00e9mico el plan de investigaci\u00f3n y el registro de actividades de actividades. El plan de&nbsp;investigaci\u00f3n se evaluar\u00e1 bas\u00e1ndose en la metodolog\u00eda a utilizar y los objetivos a alcanzar, as\u00ed como los medios y la planificaci\u00f3n temporal para lograrlo.<\/p>\n\n\n\n<p>El plan puede ser modificado y dicho cambio deber\u00e1 estar avalado por el tutor o tutora y la directora o director. La evaluaci\u00f3n positiva ser\u00e1 un requisito&nbsp;imprescindible para continuar en el programa. En caso de evaluaci\u00f3n negativa deber\u00e1 ser evaluado de nuevo en un plazo m\u00e1ximo de seis meses a cuyo&nbsp;efecto se elaborar\u00e1 un nuevo plan de investigaci\u00f3n. Una segunda evaluaci\u00f3n negativa causar\u00e1 la baja definitiva en el programa.<\/p>\n\n\n\n<p>En la evaluaci\u00f3n anual de las actividades realizadas por estudiantes a tiempo parcial se tendr\u00e1 en cuenta las condiciones especiales en cuanto a disponibilidad&nbsp;de tiempos y horarios para realizar determinadas actividades.<\/p>\n\n\n\n<p>Previsi\u00f3n de las estancias de los doctorandos en otros centros de formaci\u00f3n, nacionales e internacionales, co-tutelas y menciones europeas&nbsp;internacionales<\/p>\n\n\n\n<p>Desde el programa de doctorado se potenciar\u00e1 que los\/las estudiantes realicen al menos una estancia de 3 meses en centros extranjeros en instituciones&nbsp;acad\u00e9micas o centros de investigaci\u00f3n de reconocido prestigio, durante su doctorado y obtendr\u00e1n as\u00ed, la menci\u00f3n internacional. En caso que el estudiante&nbsp;realice el doctorado a tiempo parcial, podr\u00e1 fraccionar la estancia como mejor le convenga, tal y como se menciona en la Actividad Formativa&nbsp;numero 4 el programa de Doctorado en Estudios Interdisciplinares de G\u00e9nero.<\/p>\n\n\n\n<p>De modo previo a la realizaci\u00f3n de la estancia, la Comisi\u00f3n Acad\u00e9mica del Programa de Doctorado en Estudios Interdisciplinares de G\u00e9nero ser\u00e1 informada&nbsp;de los detalles de la misma y autorizar\u00e1 su realizaci\u00f3n. La estancia y las actividades desarrolladas durante la misma habr\u00e1n de ser avaladas por&nbsp;el director\/a de la instituci\u00f3n o centro de destino.<br>En esta misma l\u00ednea, se promover\u00e1 la co-tutela de tesis doctorales entre directores de las universidades participantes y de otros centros o universidades&nbsp;extranjeras, o ente un director senior y un director junior con el objetivo de alcanzar el 10% del total de tesis inscritas. Se fijar\u00e1 como objetivo que el&nbsp;20% de tesis generadas en el programa pueda obtener la menci\u00f3n europea<\/p>\n\n\n\n<p>Compromiso de supervisi\u00f3n y seguimiento<br>Las funciones de supervisi\u00f3n, tutela y seguimiento de los doctorandos\/as se reflejar\u00e1 en un Compromiso de Supervisi\u00f3n. Este Compromiso de Supervisi\u00f3n,&nbsp;que ser\u00e1 elaborado por la Comisi\u00f3n Acad\u00e9mica del programa de doctorado en Estudios Interdisciplinares de G\u00e9nero e incluir\u00e1 el compromiso expl\u00edcito&nbsp;del Tutor\/Director designado\/designada a cada doctorando\/a, se incorporar\u00e1 al Documento de Actividades.<\/p>\n\n\n\n<p>En el Compromiso de Supervisi\u00f3n se especificar\u00e1n las condiciones de realizaci\u00f3n de la tesis, los derechos y deberes del doctorando\/a, incluyendo los&nbsp;posibles derechos de propiedad intelectual derivados de la investigaci\u00f3n, as\u00ed como el procedimiento para la resoluci\u00f3n de conflictos. Se incluir\u00e1n tambi\u00e9n los deberes del Tutor\/a del doctorando y de su Director\/a de tesis.<\/p>\n<\/div><\/div><\/div>\n\n\n\n<div class=\"wp-block-stackable-column stk-block-column stk-column stk-block stk-53ec762\" data-v=\"4\" data-block-id=\"53ec762\"><style>.stk-53ec762-inner-blocks{row-gap:0px !important;}.stk-53ec762 {padding-top:0px !important;padding-right:0px !important;padding-bottom:0px !important;padding-left:0px !important;}@media screen and (min-width: 768px){.stk-53ec762 {flex:var(--stk-flex-grow, 1) 1 33.3% !important;}}<\/style><div class=\"stk-column-wrapper stk-block-column__content stk-container stk-53ec762-container stk--no-background stk--no-padding\"><div class=\"stk-block-content stk-inner-blocks stk-53ec762-inner-blocks\">\n\n<ul class=\"widget-box\">\n<li class='contacto-header'>Informaci\u00f3n de contacto<\/li><li><i class=\"fa fa-map-marker\"><\/i> Avda. Astrof\u00edsico Francisco S\u00e1nchez, SN. Edificio Calabaza \u2013 AN.2D Apdo. 456 38200 San Crist\u00f3bal de La Laguna<\/li><li><i class=\"fa fa-envelope\"><\/i>  <a href=mailto:doctorado.genero@ull.es>doctorado.genero@ull.es<\/a><\/li><li><i class=\"fa fa-calendar\"><\/i><a href=\"http:\/\/citaprevia.ull.es\/index.php?s=edpo\"> Cita previa<\/a><\/li>\n<\/ul>\n\n\n<\/div><\/div><\/div>\n<\/div><\/div>\n","protected":false},"excerpt":{"rendered":"<p>Doctoral Student Monitoring: In general, the provisions of Article 11 of Royal Decree 99\/2011 of January 28, which regulates official doctoral studies, shall apply to the supervision and monitoring of doctoral students. In any case, the procedures implementing these regulations approved by the various universities shall apply for monitoring...<\/p>","protected":false},"author":1,"featured_media":0,"parent":27,"menu_order":0,"comment_status":"closed","ping_status":"closed","template":"templates\/template-frontpage.php","meta":{"_acf_changed":false,"footnotes":""},"class_list":["post-72","page","type-page","status-publish","hentry"],"acf":[],"publishpress_future_action":{"enabled":false,"date":"2026-04-16 23:44:43","action":"change-status","newStatus":"draft","terms":[],"taxonomy":"","extraData":[]},"publishpress_future_workflow_manual_trigger":{"enabledWorkflows":[]},"_links":{"self":[{"href":"https:\/\/www.ull.es\/doctorados\/estudios-interdisciplinares-genero\/en\/wp-json\/wp\/v2\/pages\/72","targetHints":{"allow":["GET"]}}],"collection":[{"href":"https:\/\/www.ull.es\/doctorados\/estudios-interdisciplinares-genero\/en\/wp-json\/wp\/v2\/pages"}],"about":[{"href":"https:\/\/www.ull.es\/doctorados\/estudios-interdisciplinares-genero\/en\/wp-json\/wp\/v2\/types\/page"}],"author":[{"embeddable":true,"href":"https:\/\/www.ull.es\/doctorados\/estudios-interdisciplinares-genero\/en\/wp-json\/wp\/v2\/users\/1"}],"replies":[{"embeddable":true,"href":"https:\/\/www.ull.es\/doctorados\/estudios-interdisciplinares-genero\/en\/wp-json\/wp\/v2\/comments?post=72"}],"version-history":[{"count":6,"href":"https:\/\/www.ull.es\/doctorados\/estudios-interdisciplinares-genero\/en\/wp-json\/wp\/v2\/pages\/72\/revisions"}],"predecessor-version":[{"id":347,"href":"https:\/\/www.ull.es\/doctorados\/estudios-interdisciplinares-genero\/en\/wp-json\/wp\/v2\/pages\/72\/revisions\/347"}],"up":[{"embeddable":true,"href":"https:\/\/www.ull.es\/doctorados\/estudios-interdisciplinares-genero\/en\/wp-json\/wp\/v2\/pages\/27"}],"wp:attachment":[{"href":"https:\/\/www.ull.es\/doctorados\/estudios-interdisciplinares-genero\/en\/wp-json\/wp\/v2\/media?parent=72"}],"curies":[{"name":"wp","href":"https:\/\/api.w.org\/{rel}","templated":true}]}}