{"id":82,"date":"2018-02-22T14:14:43","date_gmt":"2018-02-22T14:14:43","guid":{"rendered":"http:\/\/www.ull.es\/doctorados\/estudios-interdisciplinares-genero\/?page_id=82"},"modified":"2025-08-20T11:08:17","modified_gmt":"2025-08-20T11:08:17","slug":"movilidad","status":"publish","type":"page","link":"https:\/\/www.ull.es\/doctorados\/estudios-interdisciplinares-genero\/en\/informacion-academica\/movilidad\/","title":{"rendered":"Mobility"},"content":{"rendered":"\n<div class=\"wp-block-stackable-columns alignfull stk-block-columns stk-block stk-2314a6b\" data-block-id=\"2314a6b\"><style>.stk-2314a6b {padding-bottom:0px !important;margin-top:-100px !important;margin-bottom:0px !important;}<\/style><div class=\"stk-row stk-inner-blocks stk-block-content stk-content-align stk-2314a6b-column alignfull\">\n<div class=\"wp-block-stackable-column stk-block-column stk-column stk-block stk-1d1764d\" data-v=\"4\" data-block-id=\"1d1764d\"><div class=\"stk-column-wrapper stk-block-column__content stk-container stk-1d1764d-container stk--no-background stk--no-padding\"><div class=\"stk-block-content stk-inner-blocks stk-1d1764d-inner-blocks\"><style id=\"depicter-1-inline-pre-css\">\n\n.depicter-1:not(.depicter-ready){\n\theight:450px;\n}\n\n\/***** Tablet *****\/\n@media screen and (max-width: 1024px){\n\n.depicter-1:not(.depicter-ready){\n\theight:700px;\n}\n\n}\n\/***** Mobile *****\/\n@media screen and (max-width: 767px){\n\n.depicter-1:not(.depicter-ready){\n\theight:360px;\n}\n\n}\n<\/style>\n<div id=\"depicter-1\" class=\"depicter depicter-document depicter-revert depicter-1 depicter-layout-fullwidth\">\n\n<div class=\"depicter-loading-container depicter-loading dotFlashing-dark\"><div class=\"depicter-loading-dark depicter-dot-flashing\">\n   <span><\/span>\n   <span><\/span>\n   <span><\/span>\n<\/div>\n<\/div>\n<div id=\"depicter-1-section-1\" class=\"depicter-section depicter-1-section-1\" data-name=\"Section 1\" data-type=\"section\" data-local-id=\"section-1\">\n<picture class=\"depicter-bg\">\n<source data-depicter-srcset=\"https:\/\/www.ull.es\/doctorados\/estudios-interdisciplinares-genero\/wp-content\/uploads\/sites\/15\/2025\/05\/Headers-Doctorados_DoctoradoEstudios-de-Genero-768x248.jpg, https:\/\/www.ull.es\/doctorados\/estudios-interdisciplinares-genero\/wp-content\/uploads\/sites\/15\/2025\/05\/Headers-Doctorados_DoctoradoEstudios-de-Genero.jpg 2x\" srcset=\"data:image\/gif;base64,R0lGODlhAQABAIAAAAAAAP\/\/\/yH5BAEAAAAALAAAAAABAAEAAAIBRAA7\" media=\"(max-width: 1024px)\" \/>\n\n<source data-depicter-srcset=\"https:\/\/www.ull.es\/doctorados\/estudios-interdisciplinares-genero\/wp-content\/uploads\/sites\/15\/2025\/05\/Headers-Doctorados_DoctoradoEstudios-de-Genero.jpg, https:\/\/www.ull.es\/doctorados\/estudios-interdisciplinares-genero\/wp-content\/uploads\/sites\/15\/2025\/05\/Headers-Doctorados_DoctoradoEstudios-de-Genero-2000x645.jpg 2x\" srcset=\"data:image\/gif;base64,R0lGODlhAQABAIAAAAAAAP\/\/\/yH5BAEAAAAALAAAAAABAAEAAAIBRAA7\" media=\"(min-width: 1025px)\" \/>\n<img decoding=\"async\" src=\"data:image\/gif;base64,R0lGODlhAQABAIAAAAAAAP\/\/\/yH5BAEAAAAALAAAAAABAAEAAAIBRAA7\" data-ken-burns=\"false\" data-tablet-ken-burns=\"false\" data-mobile-ken-burns=\"false\" alt=\"\" data-depicter-src=\"https:\/\/www.ull.es\/doctorados\/estudios-interdisciplinares-genero\/wp-content\/uploads\/sites\/15\/2025\/05\/Headers-Doctorados_DoctoradoEstudios-de-Genero.jpg\" data-object-fit=\"custom,custom,\" data-object-position=\"center top,,\" data-crop=\"{'focalPoint':{'x':0.5,'y':0.5},'mediaSize':{'width':1395.3488372093024736386723816394805908203125,'height':450}}\" data-tablet-crop=\"{'focalPoint':{'x':0.5,'y':0.5},'mediaSize':{'width':2170.54263565891460530110634863376617431640625,'height':700}}\" data-mobile-crop=\"{'focalPoint':{'x':0.5,'y':0.5},'mediaSize':{'width':2294.57364341085258274688385426998138427734375,'height':740}}\" \/>\n<\/picture>\n\n\n<h1 id=\"depicter-1-element-5\" class=\"depicter-element depicter-layer depicter-1-element-5\" data-type=\"text\" data-wrap=\"true\" data-name=\"Text 2\" data-local-id=\"element-5\" data-offset=\"x:0px;y:114px;origin:tl\" data-tablet-offset=\"x:149px;y:237px;origin:tl\" data-mobile-offset=\"x:8px;y:94px;origin:tl\" data-width=\"1200px,auto,348px\" data-height=\"auto,auto,auto\" data-responsive-scale=\"true,,\">Programa de Doctorado en <br>Estudios Interdisciplinares de G\u00e9nero<\/h1>\n\n<div id=\"depicter-1-element-10\" class=\"depicter-element depicter-layer depicter-1-element-10\" data-type=\"shape\" data-wrap=\"true\" data-name=\"Shape 1\" data-local-id=\"element-10\" data-offset=\"x:0px;y:370px;origin:tl\" data-tablet-offset=\"x:149px;y:453px;origin:tl\" data-mobile-offset=\"x:10px;y:342px;origin:tl\" data-width=\"1054px,794px,340px\" data-height=\"8px,8px,8px\" data-responsive-scale=\"true,,\"><\/div>\n<\/div>\n<\/div>\n<script>\n(window.depicterSetups = window.depicterSetups || []).push(function(){\n\tDepicter.basePath = 'https:\/\/www.ull.es\/doctorados\/estudios-interdisciplinares-genero\/wp-content\/plugins\/depicter\/resources\/scripts\/player\/';\n\tconst dpPlayer = Depicter.setup('.depicter-1',\n\t\t{\"width\":[\"1200\",\"1024\",\"360\"],\"height\":[\"450\",\"700\",\"360\"],\"view\":\"basic\",\"keepAspectRatio\":true,\"preload\":0,\"layout\":\"fullwidth\",\"rtl\":false,\"initAfterAppear\":false,\"ajaxApiUrl\":\"https:\\\/\\\/www.ull.es\\\/doctorados\\\/estudios-interdisciplinares-genero\\\/wp-admin\\\/admin-ajax.php\",\"mouseSwipe\":true,\"touchSwipe\":true,\"useWatermark\":false}\n\t);\n});\n<\/script><\/div><\/div><\/div>\n<\/div><\/div>\n\n\n\n<div class=\"wp-block-stackable-columns alignfull stk-block-columns stk--hide-mobile stk-block stk-6394276 stk-block-background\" data-block-id=\"6394276\"><style>.stk-6394276 {background-color:#f33f4e !important;padding-top:10px !important;margin-bottom:0px !important;}.stk-6394276:before{background-color:#f33f4e !important;}<\/style><div class=\"stk-row stk-inner-blocks stk-block-content stk-content-align stk-6394276-column alignfull\">\n<div class=\"wp-block-stackable-column stk-block-column stk-column stk-block stk-8a66885\" data-v=\"4\" data-block-id=\"8a66885\"><div class=\"stk-column-wrapper stk-block-column__content stk-container stk-8a66885-container stk--no-background stk--no-padding\"><div class=\"stk-block-content stk-inner-blocks stk-8a66885-inner-blocks\">\n<div class=\"wp-block-stackable-spacer stk-block-spacer stk--no-padding stk-block stk-bc89b3e\" data-block-id=\"bc89b3e\"><style>.stk-bc89b3e {height:0px !important;}<\/style><\/div>\n<\/div><\/div><\/div>\n<\/div><\/div>\n\n\n\n<div class=\"wp-block-stackable-columns stk-block-columns stk-block stk-8b59b96\" data-block-id=\"8b59b96\"><style>.stk-8b59b96 .stk--block-align-8b59b96{align-items:flex-start !important;}.stk-8b59b96 {margin-top:50px !important;}.stk-8b59b96-column{--stk-columns-spacing:0px !important;--stk-column-gap:50px !important;}<\/style><div class=\"stk-row stk-inner-blocks stk--block-align-8b59b96 stk-block-content stk-content-align stk-8b59b96-column\">\n<div class=\"wp-block-stackable-column stk-block-column stk-column stk-block stk-dbb7e15\" data-v=\"4\" data-block-id=\"dbb7e15\"><style>@media screen and (min-width: 768px){.stk-dbb7e15 {flex:var(--stk-flex-grow, 1) 1 66.7% !important;}}<\/style><div class=\"stk-column-wrapper stk-block-column__content stk-container stk-dbb7e15-container stk--no-background stk--no-padding\"><div class=\"stk-block-content stk-inner-blocks stk-dbb7e15-inner-blocks\">\n<div class=\"wp-block-stackable-heading stk-block-heading stk-block-heading--v2 stk-block stk-cc0239e\" id=\"complementos-de-formacion\" data-block-id=\"cc0239e\"><style>.stk-cc0239e .stk-block-heading__text{color:#000000 !important;font-weight:500 !important;}<\/style><h1 class=\"stk-block-heading__text has-text-color\">Movilidad<\/h1><\/div>\n\n\n\n<div class=\"wp-block-stackable-text stk-block-text stk-block stk-01c02f0\" data-block-id=\"01c02f0\"><p class=\"stk-block-text__text\"><strong>Estancias de investigaci\u00f3n en centros nacionales o extranjeros<\/strong><\/p><\/div>\n\n\n\n<p>Ayudas para el desplazamiento incluidas en los programas de becas y contratos predoctorales.<\/p>\n\n\n\n<p>N\u00famero de&nbsp;horas: 350<\/p>\n\n\n\n<p>Descripci\u00f3n:&nbsp;Actividad optativa<br>Aunque altamente recomendable, las exigencias de movilidad de esta actividad obligan a concederle car\u00e1cter optativo tanto para el estudiantado a&nbsp;tiempo parcial, como a tiempo completo. Estas estancias, con una duraci\u00f3n total entre 8 y 12 semanas, tendr\u00e1n como fin principal para el doctorando\/a,&nbsp;el realizar parte de su investigaci\u00f3n. Sin embargo, se consideran tambi\u00e9n una pieza fundamental en su formaci\u00f3n, ya que supone acercarse a otros sistemas&nbsp;educativos y de investigaci\u00f3n, acceder a seminarios y cursos realizados en otras universidades, mejorar su conocimiento de una segunda lengua&nbsp;y crear su propia red de contactos. La realizaci\u00f3n de estas estancias es un requisito para obtener la menci\u00f3n internacional al t\u00edtulo de doctor\/a, que&nbsp;se fomentar\u00e1 para todos los\/ las estudiantes del Programa.&nbsp;El n\u00famero de horas indicado se refiere al tiempo que se considera que el\/la estudiante dedicar\u00e1 a actividades formativas: aprendizaje de nuevas t\u00e9cnicas,&nbsp;asistencia a cursos y seminarios, etc. Se entiende que la mayor\u00eda de estudiantes a tiempo parcial tendr\u00e1n m\u00e1s dificultades para realizar estas estancias,&nbsp;por lo que en estos casos se promover\u00e1 la realizaci\u00f3n de estancias m\u00e1s cortas o la divisi\u00f3n de la estancia en varios periodos.&nbsp;Competencias vinculadas: CB13, CA04<\/p>\n\n\n\n<p>Procedimiento de control:&nbsp;De modo previo a la realizaci\u00f3n de la estancia, la Comisi\u00f3n Acad\u00e9mica ser\u00e1 informada de los detalles de la misma y autorizar\u00e1 su realizaci\u00f3n. Durante&nbsp;su estancia el\/la estudiante trabajar\u00e1 supervisado\/a por un profesor\/a o investigador\/a del centro de destino, quien realizar\u00e1 un informe final sobre el&nbsp;trabajo realizado durante la estancia y el rendimiento del\/la estudiante. Dicho informe reflejar\u00e1 no s\u00f3lo las actividades de investigaci\u00f3n, sino cualquier&nbsp;otra actividad formativa realizada durante la misma (asistencias o impartici\u00f3n de seminarios, asistencia a cursos especializados, etc.), as\u00ed como la formaci\u00f3n&nbsp;recibida por el estudiante en t\u00e9cnicas espec\u00edficas, y deber\u00e1 estar avalado por el director\/a de esa instituci\u00f3n o centro.&nbsp;El Director\/Tutor\/a incluir\u00e1 en el Documento de Actividades del doctorando\/a dicho informe junto con una valoraci\u00f3n personal del resultado de la estancia.&nbsp;Toda la documentaci\u00f3n relevante se remitir\u00e1 a la comisi\u00f3n acad\u00e9mica, que incorporar\u00e1 los datos al registro de actividades del doctorando\/a. La Comisi\u00f3n&nbsp;Acad\u00e9mica incorporar\u00e1 en su informe anual una valoraci\u00f3n de esta actividad.<\/p>\n\n\n\n<p>Actuaciones de movilidad:&nbsp;Su realizaci\u00f3n contempla la disponibilidad de los procedimientos de movilidad habituales:<\/p>\n\n\n\n<p>Fondos propios de los proyectos de investigaci\u00f3n<\/p>\n\n\n\n<p>Bolsas de viaje financiadas por la universidad.<\/p>\n\n\n\n<p>Ayudas para el desplazamiento incluidas en los programas de becas y contratos predoctorales.&nbsp;Planificaci\u00f3n temporal<br>Los doctorandos\/as tanto a tiempo completo como a tiempo parcial que hayan elegido esta actividad fijar\u00e1n su estancia en el centro de destino con una&nbsp;duraci\u00f3n temporal de entre 8 y 12 semanas, a lo largo de su periodo de formaci\u00f3n.Los estudiantes disponen de los procedimientos de movilidad habituales:<\/p>\n\n\n\n<p>Fondos propios de los proyectos de investigaci\u00f3n<\/p>\n\n\n\n<p>Bolsas de viaje financiadas por la universidad.<\/p>\n<\/div><\/div><\/div>\n\n\n\n<div class=\"wp-block-stackable-column stk-block-column stk-column stk-block stk-53ec762\" data-v=\"4\" data-block-id=\"53ec762\"><style>.stk-53ec762-inner-blocks{row-gap:0px !important;}.stk-53ec762 {padding-top:0px !important;padding-right:0px !important;padding-bottom:0px !important;padding-left:0px !important;}@media screen and (min-width: 768px){.stk-53ec762 {flex:var(--stk-flex-grow, 1) 1 33.3% !important;}}<\/style><div class=\"stk-column-wrapper stk-block-column__content stk-container stk-53ec762-container stk--no-background stk--no-padding\"><div class=\"stk-block-content stk-inner-blocks stk-53ec762-inner-blocks\">\n\n<ul class=\"widget-box\">\n<li class='contacto-header'>Informaci\u00f3n de contacto<\/li><li><i class=\"fa fa-map-marker\"><\/i> Avda. Astrof\u00edsico Francisco S\u00e1nchez, SN. Edificio Calabaza \u2013 AN.2D Apdo. 456 38200 San Crist\u00f3bal de La Laguna<\/li><li><i class=\"fa fa-envelope\"><\/i>  <a href=mailto:doctorado.genero@ull.es>doctorado.genero@ull.es<\/a><\/li><li><i class=\"fa fa-calendar\"><\/i><a href=\"http:\/\/citaprevia.ull.es\/index.php?s=edpo\"> Cita previa<\/a><\/li>\n<\/ul>\n\n\n<\/div><\/div><\/div>\n<\/div><\/div>\n","protected":false},"excerpt":{"rendered":"<p>Mobility: Research stays at national or international centers. Travel grants included in scholarship programs and predoctoral contracts. Number of hours: 350. Description: Optional activity. Although highly recommended, the mobility requirements of this activity make it optional for both part-time and full-time students. These stays, with a\u2026<\/p>","protected":false},"author":1,"featured_media":0,"parent":17,"menu_order":0,"comment_status":"closed","ping_status":"closed","template":"templates\/template-frontpage.php","meta":{"_acf_changed":false,"footnotes":""},"class_list":["post-82","page","type-page","status-publish","hentry"],"acf":[],"publishpress_future_action":{"enabled":false,"date":"2026-04-16 23:44:43","action":"change-status","newStatus":"draft","terms":[],"taxonomy":"","extraData":[]},"publishpress_future_workflow_manual_trigger":{"enabledWorkflows":[]},"_links":{"self":[{"href":"https:\/\/www.ull.es\/doctorados\/estudios-interdisciplinares-genero\/en\/wp-json\/wp\/v2\/pages\/82","targetHints":{"allow":["GET"]}}],"collection":[{"href":"https:\/\/www.ull.es\/doctorados\/estudios-interdisciplinares-genero\/en\/wp-json\/wp\/v2\/pages"}],"about":[{"href":"https:\/\/www.ull.es\/doctorados\/estudios-interdisciplinares-genero\/en\/wp-json\/wp\/v2\/types\/page"}],"author":[{"embeddable":true,"href":"https:\/\/www.ull.es\/doctorados\/estudios-interdisciplinares-genero\/en\/wp-json\/wp\/v2\/users\/1"}],"replies":[{"embeddable":true,"href":"https:\/\/www.ull.es\/doctorados\/estudios-interdisciplinares-genero\/en\/wp-json\/wp\/v2\/comments?post=82"}],"version-history":[{"count":5,"href":"https:\/\/www.ull.es\/doctorados\/estudios-interdisciplinares-genero\/en\/wp-json\/wp\/v2\/pages\/82\/revisions"}],"predecessor-version":[{"id":342,"href":"https:\/\/www.ull.es\/doctorados\/estudios-interdisciplinares-genero\/en\/wp-json\/wp\/v2\/pages\/82\/revisions\/342"}],"up":[{"embeddable":true,"href":"https:\/\/www.ull.es\/doctorados\/estudios-interdisciplinares-genero\/en\/wp-json\/wp\/v2\/pages\/17"}],"wp:attachment":[{"href":"https:\/\/www.ull.es\/doctorados\/estudios-interdisciplinares-genero\/en\/wp-json\/wp\/v2\/media?parent=82"}],"curies":[{"name":"wp","href":"https:\/\/api.w.org\/{rel}","templated":true}]}}