{"id":74,"date":"2018-02-22T13:34:00","date_gmt":"2018-02-22T13:34:00","guid":{"rendered":"http:\/\/www.ull.es\/doctorados\/estudios-interdisciplinares-genero\/?page_id=74"},"modified":"2025-08-20T11:10:52","modified_gmt":"2025-08-20T11:10:52","slug":"normativa-presentacion-lectura-tesis","status":"publish","type":"page","link":"https:\/\/www.ull.es\/doctorados\/estudios-interdisciplinares-genero\/organizacion-del-programa\/normativa-presentacion-lectura-tesis\/","title":{"rendered":"Normativa de presentaci\u00f3n y lectura de tesis"},"content":{"rendered":"\n<div class=\"wp-block-stackable-columns alignfull stk-block-columns stk-block stk-2314a6b\" data-block-id=\"2314a6b\"><style>.stk-2314a6b {padding-bottom:0px !important;margin-top:-100px !important;margin-bottom:0px !important;}<\/style><div class=\"stk-row stk-inner-blocks stk-block-content stk-content-align stk-2314a6b-column alignfull\">\n<div class=\"wp-block-stackable-column stk-block-column stk-column stk-block stk-1d1764d\" data-v=\"4\" data-block-id=\"1d1764d\"><div class=\"stk-column-wrapper stk-block-column__content stk-container stk-1d1764d-container stk--no-background stk--no-padding\"><div class=\"stk-block-content stk-inner-blocks stk-1d1764d-inner-blocks\"><style id=\"depicter-1-inline-pre-css\">\n\n.depicter-1:not(.depicter-ready){\n\theight:450px;\n}\n\n\/***** Tablet *****\/\n@media screen and (max-width: 1024px){\n\n.depicter-1:not(.depicter-ready){\n\theight:700px;\n}\n\n}\n\/***** Mobile *****\/\n@media screen and (max-width: 767px){\n\n.depicter-1:not(.depicter-ready){\n\theight:360px;\n}\n\n}\n<\/style>\n<div id=\"depicter-1\" class=\"depicter depicter-document depicter-revert depicter-1 depicter-layout-fullwidth\">\n\n<div class=\"depicter-loading-container depicter-loading dotFlashing-dark\"><div class=\"depicter-loading-dark depicter-dot-flashing\">\n   <span><\/span>\n   <span><\/span>\n   <span><\/span>\n<\/div>\n<\/div>\n<div id=\"depicter-1-section-1\" class=\"depicter-section depicter-1-section-1\" data-name=\"Section 1\" data-type=\"section\" data-local-id=\"section-1\">\n<picture class=\"depicter-bg\">\n<source data-depicter-srcset=\"https:\/\/www.ull.es\/doctorados\/estudios-interdisciplinares-genero\/wp-content\/uploads\/sites\/15\/2025\/05\/Headers-Doctorados_DoctoradoEstudios-de-Genero-768x248.jpg, https:\/\/www.ull.es\/doctorados\/estudios-interdisciplinares-genero\/wp-content\/uploads\/sites\/15\/2025\/05\/Headers-Doctorados_DoctoradoEstudios-de-Genero.jpg 2x\" srcset=\"data:image\/gif;base64,R0lGODlhAQABAIAAAAAAAP\/\/\/yH5BAEAAAAALAAAAAABAAEAAAIBRAA7\" media=\"(max-width: 1024px)\" \/>\n\n<source data-depicter-srcset=\"https:\/\/www.ull.es\/doctorados\/estudios-interdisciplinares-genero\/wp-content\/uploads\/sites\/15\/2025\/05\/Headers-Doctorados_DoctoradoEstudios-de-Genero.jpg, https:\/\/www.ull.es\/doctorados\/estudios-interdisciplinares-genero\/wp-content\/uploads\/sites\/15\/2025\/05\/Headers-Doctorados_DoctoradoEstudios-de-Genero-2000x645.jpg 2x\" srcset=\"data:image\/gif;base64,R0lGODlhAQABAIAAAAAAAP\/\/\/yH5BAEAAAAALAAAAAABAAEAAAIBRAA7\" media=\"(min-width: 1025px)\" \/>\n<img decoding=\"async\" src=\"data:image\/gif;base64,R0lGODlhAQABAIAAAAAAAP\/\/\/yH5BAEAAAAALAAAAAABAAEAAAIBRAA7\" data-ken-burns=\"false\" data-tablet-ken-burns=\"false\" data-mobile-ken-burns=\"false\" alt=\"\" data-depicter-src=\"https:\/\/www.ull.es\/doctorados\/estudios-interdisciplinares-genero\/wp-content\/uploads\/sites\/15\/2025\/05\/Headers-Doctorados_DoctoradoEstudios-de-Genero.jpg\" data-object-fit=\"custom,custom,\" data-object-position=\"center top,,\" data-crop=\"{'focalPoint':{'x':0.5,'y':0.5},'mediaSize':{'width':1395.3488372093024736386723816394805908203125,'height':450}}\" data-tablet-crop=\"{'focalPoint':{'x':0.5,'y':0.5},'mediaSize':{'width':2170.54263565891460530110634863376617431640625,'height':700}}\" data-mobile-crop=\"{'focalPoint':{'x':0.5,'y':0.5},'mediaSize':{'width':2294.57364341085258274688385426998138427734375,'height':740}}\" \/>\n<\/picture>\n\n\n<h1 id=\"depicter-1-element-5\" class=\"depicter-element depicter-layer depicter-1-element-5\" data-type=\"text\" data-wrap=\"true\" data-name=\"Text 2\" data-local-id=\"element-5\" data-offset=\"x:0px;y:114px;origin:tl\" data-tablet-offset=\"x:149px;y:237px;origin:tl\" data-mobile-offset=\"x:8px;y:94px;origin:tl\" data-width=\"1200px,auto,348px\" data-height=\"auto,auto,auto\" data-responsive-scale=\"true,,\">Programa de Doctorado en <br>Estudios Interdisciplinares de G\u00e9nero<\/h1>\n\n<div id=\"depicter-1-element-10\" class=\"depicter-element depicter-layer depicter-1-element-10\" data-type=\"shape\" data-wrap=\"true\" data-name=\"Shape 1\" data-local-id=\"element-10\" data-offset=\"x:0px;y:370px;origin:tl\" data-tablet-offset=\"x:149px;y:453px;origin:tl\" data-mobile-offset=\"x:10px;y:342px;origin:tl\" data-width=\"1054px,794px,340px\" data-height=\"8px,8px,8px\" data-responsive-scale=\"true,,\"><\/div>\n<\/div>\n<\/div>\n<script>\n(window.depicterSetups = window.depicterSetups || []).push(function(){\n\tDepicter.basePath = 'https:\/\/www.ull.es\/doctorados\/estudios-interdisciplinares-genero\/wp-content\/plugins\/depicter\/resources\/scripts\/player\/';\n\tconst dpPlayer = Depicter.setup('.depicter-1',\n\t\t{\"width\":[\"1200\",\"1024\",\"360\"],\"height\":[\"450\",\"700\",\"360\"],\"view\":\"basic\",\"keepAspectRatio\":true,\"preload\":0,\"layout\":\"fullwidth\",\"rtl\":false,\"initAfterAppear\":false,\"ajaxApiUrl\":\"https:\\\/\\\/www.ull.es\\\/doctorados\\\/estudios-interdisciplinares-genero\\\/wp-admin\\\/admin-ajax.php\",\"mouseSwipe\":true,\"touchSwipe\":true,\"useWatermark\":false}\n\t);\n});\n<\/script><\/div><\/div><\/div>\n<\/div><\/div>\n\n\n\n<div class=\"wp-block-stackable-columns alignfull stk-block-columns stk--hide-mobile stk-block stk-6394276 stk-block-background\" data-block-id=\"6394276\"><style>.stk-6394276 {background-color:#f33f4e !important;padding-top:10px !important;margin-bottom:0px !important;}.stk-6394276:before{background-color:#f33f4e !important;}<\/style><div class=\"stk-row stk-inner-blocks stk-block-content stk-content-align stk-6394276-column alignfull\">\n<div class=\"wp-block-stackable-column stk-block-column stk-column stk-block stk-8a66885\" data-v=\"4\" data-block-id=\"8a66885\"><div class=\"stk-column-wrapper stk-block-column__content stk-container stk-8a66885-container stk--no-background stk--no-padding\"><div class=\"stk-block-content stk-inner-blocks stk-8a66885-inner-blocks\">\n<div class=\"wp-block-stackable-spacer stk-block-spacer stk--no-padding stk-block stk-bc89b3e\" data-block-id=\"bc89b3e\"><style>.stk-bc89b3e {height:0px !important;}<\/style><\/div>\n<\/div><\/div><\/div>\n<\/div><\/div>\n\n\n\n<div class=\"wp-block-stackable-columns stk-block-columns stk-block stk-8b59b96\" data-block-id=\"8b59b96\"><style>.stk-8b59b96 .stk--block-align-8b59b96{align-items:flex-start !important;}.stk-8b59b96 {margin-top:50px !important;}.stk-8b59b96-column{--stk-columns-spacing:0px !important;--stk-column-gap:50px !important;}<\/style><div class=\"stk-row stk-inner-blocks stk--block-align-8b59b96 stk-block-content stk-content-align stk-8b59b96-column\">\n<div class=\"wp-block-stackable-column stk-block-column stk-column stk-block stk-dbb7e15\" data-v=\"4\" data-block-id=\"dbb7e15\"><style>@media screen and (min-width: 768px){.stk-dbb7e15 {flex:var(--stk-flex-grow, 1) 1 66.7% !important;}}<\/style><div class=\"stk-column-wrapper stk-block-column__content stk-container stk-dbb7e15-container stk--no-background stk--no-padding\"><div class=\"stk-block-content stk-inner-blocks stk-dbb7e15-inner-blocks\">\n<div class=\"wp-block-stackable-heading stk-block-heading stk-block-heading--v2 stk-block stk-cc0239e\" id=\"complementos-de-formacion\" data-block-id=\"cc0239e\"><style>.stk-cc0239e .stk-block-heading__text{color:#000000 !important;font-weight:500 !important;}<\/style><h1 class=\"stk-block-heading__text has-text-color\">Normativa de presentaci\u00f3n y lectura de tesis<\/h1><\/div>\n\n\n\n<p>El Programa de Doctorado en Estudios Interdisciplinares de G\u00e9nero aplicar\u00e1 lo dispuesto en el art. 14 del RD 99\/2011 de 28 de enero por el que se regulan&nbsp;las ense\u00f1anzas oficiales de doctorado.<br>La tesis doctoral consistir\u00e1 en un trabajo original de investigaci\u00f3n elaborado por el candidato o candidata y relacionado con los Estudios Interdisciplinares&nbsp;de G\u00e9nero.<\/p>\n\n\n\n<p>Una vez elaborada la tesis doctoral, y despu\u00e9s del informe favorable del director o directores de la tesis y del tutor de la tesis (si lo hay), el doctorando&nbsp;ha de solicitar a la Comisi\u00f3n de Coordinaci\u00f3n Acad\u00e9mica del programa de doctorado la autorizaci\u00f3n para proceder a la presentaci\u00f3n de la misma. Una&nbsp;vez autorizada la tesis por la Comisi\u00f3n de Coordinaci\u00f3n Acad\u00e9mica del programa de doctorado se presentar\u00e1 en la Universidad o Escuela de Doctorado&nbsp;donde est\u00e9 matriculado, siguiendo los plazos y procedimientos establecidos por los \u00f3rganos responsables del doctorado en cada instituci\u00f3n<\/p>\n\n\n\n<p>El tribunal encargado de juzgar la tesis doctoral ser\u00e1 propuesto por la comisi\u00f3n de coordinaci\u00f3n acad\u00e9mica del programa de doctorado y aprobado por&nbsp;el respectivo \u00f3rgano competente de la universidad donde se encuentre matriculado el alumno. La propuesta de tribunal ir\u00e1 acompa\u00f1ada de un informe&nbsp;razonado sobre la idoneidad de todos y cada uno de los miembros propuestos para constituir el tribunal.<\/p>\n\n\n\n<p>Los tribunales estar\u00e1n formados por al menos tres miembros titulares y los suplentes necesarios, salvo en los casos de convenio de cotutela, debiendo&nbsp;respetarse en su composici\u00f3n los siguientes requisitos:<\/p>\n\n\n\n<ul class=\"wp-block-list\">\n<li>Todos los miembros habr\u00e1n de estar en posesi\u00f3n del t\u00edtulo de doctor o doctora, podr\u00e1n ser espa\u00f1oles o extranjeros y deber\u00e1n poseer experiencia&nbsp;acreditada en investigaci\u00f3n.<\/li>\n\n\n\n<li>En todo caso, el tribunal estar\u00e1 formado en su mayor\u00eda por miembros externos a la Universidad y a las instituciones colaboradoras en la Escuela o&nbsp;programa.<\/li>\n\n\n\n<li>En ning\u00fan caso podr\u00e1n formar parte del tribunal el director o directora de la tesis ni el tutor o tutora, salvo los casos de tesis doctorales presentadas en el marco de acuerdos bilaterales de cotutela con universidades extranjeras que as\u00ed lo tengan previsto.<\/li>\n<\/ul>\n\n\n\n<p>El tribunal que eval\u00fae la tesis dispondr\u00e1 del documento de actividades del doctorando, con las actividades formativas llevadas a cabo por el doctorando.<\/p>\n\n\n\n<p>Este documento de seguimiento no dar\u00e1 lugar a una puntuaci\u00f3n cuantitativa pero s\u00ed constituir\u00e1 un instrumento de evaluaci\u00f3n cualitativa que complementar\u00e1&nbsp;la evaluaci\u00f3n de la tesis doctoral.<\/p>\n\n\n\n<p>La defensa de la tesis ser\u00e1 evaluada en la universidad espa\u00f1ola en la que el doctorando est\u00e9 matriculado. En el caso de programas tesis cotuteladas&nbsp;entre dos universidades la defensa de la tesis se realizar\u00e1 en una de las dos universidades en los t\u00e9rminos que se acuerden en el correspondiente convenio&nbsp;de colaboraci\u00f3n. La tesis doctoral se evaluar\u00e1 en el acto de defensa que tendr\u00e1 lugar en sesi\u00f3n p\u00fablica y consistir\u00e1 en la exposici\u00f3n y defensa&nbsp;por el doctorando del trabajo de investigaci\u00f3n elaborado ante los miembros del tribunal. La tesis podr\u00e1 ser desarrollada y, en su caso, defendida, en los&nbsp;idiomas habituales para la comunicaci\u00f3n cient\u00edfica. Los doctores presentes en el acto p\u00fablico podr\u00e1n formular cuestiones en el momento y forma que&nbsp;se\u00f1ale el presidente del tribunal.<\/p>\n\n\n\n<p>El tribunal emitir\u00e1 un informe y la calificaci\u00f3n global concedida a la tesis de acuerdo con la siguiente escala: No apto, aprobado, notable y sobresaliente.<\/p>\n\n\n\n<p>El tribunal podr\u00e1 otorgar la menci\u00f3n cum laude si se emite en tal sentido el voto secreto positivo por unanimidad. A tal efecto, se cerrar\u00e1 la sesi\u00f3n p\u00fablica&nbsp;y cada miembro del tribunal entregar\u00e1 al Presidente un sobre cerrado con su voto en relaci\u00f3n a este aspecto. El presidente seguir\u00e1 el mecanismo&nbsp;habilitado por la Universidad donde se realiza la defensa para garantizar que el escrutinio de los votos para dicha concesi\u00f3n se realice en sesi\u00f3n diferente&nbsp;de la correspondiente a la de defensa de la tesis doctoral.<\/p>\n\n\n\n<p>Una vez aprobada la tesis doctoral, la universidad se ocupar\u00e1 de su archivo en formato electr\u00f3nico abierto en un repositorio institucional y remitir\u00e1, en&nbsp;formato electr\u00f3nico, un ejemplar de la misma as\u00ed como toda la informaci\u00f3n complementaria que fuera necesaria al Ministerio de Educaci\u00f3n a los efectos&nbsp;oportunos. Se remitir\u00e1 una copia de la tesis doctoral y del acta de con la calificaci\u00f3n a la comisi\u00f3n de coordinaci\u00f3n acad\u00e9mica que guardar\u00e1 una copia&nbsp;en el expediente del doctorando.<\/p>\n\n\n\n<p>En circunstancias excepcionales determinadas por la comisi\u00f3n acad\u00e9mica del programa, como pueden ser, entre otras, la participaci\u00f3n de empresas&nbsp;en el programa, la existencia de convenios de confidencialidad con empresas o la posibilidad de generaci\u00f3n de patentes que recaigan sobre el contenido&nbsp;de la tesis, se podr\u00e1 realizar parte o la totalidad de la defensa en sesi\u00f3n cerrada y se podr\u00e1 omitir en la copia remitida a las universidades y la comisi\u00f3n&nbsp;acad\u00e9mica los datos sujetos a confidencialidad.<\/p>\n\n\n\n<p>El t\u00edtulo de Doctor o Doctora podr\u00e1 incluir en su anverso la menci\u00f3n \u00abDoctor internacional\u00bb, siempre que:<\/p>\n\n\n\n<ul class=\"wp-block-list\">\n<li>Durante el periodo de formaci\u00f3n necesario para la obtenci\u00f3n del t\u00edtulo de doctor, el doctorando haya realizado una estancia m\u00ednima de tres meses&nbsp;fuera de Espa\u00f1a en una instituci\u00f3n de ense\u00f1anza superior o centro de investigaci\u00f3n de prestigio, cursando estudios o realizando trabajos de investigaci\u00f3n.&nbsp;La estancia y las actividades deben haber sido avaladas por el director, autorizadas por la Comisi\u00f3n Acad\u00e9mica, y recogidas en el registro de actividades&nbsp;del doctorando.<\/li>\n\n\n\n<li>Parte de la tesis doctoral, al menos el resumen y las conclusiones, se haya redactado y sea presentado en una de las lenguas habituales para la comunicaci\u00f3n&nbsp;cient\u00edfica en su campo de conocimiento, distinta a cualquiera de las lenguas oficiales en Espa\u00f1a. Esta norma no ser\u00e1 de aplicaci\u00f3n cuando&nbsp;las estancias, informes y expertos procedan de un pa\u00eds de habla hispana.<\/li>\n\n\n\n<li>Que la tesis haya sido informada por un m\u00ednimo de dos expertos doctores pertenecientes a alguna instituci\u00f3n de educaci\u00f3n superior o instituto de investigaci\u00f3n&nbsp;no espa\u00f1ola.<\/li>\n\n\n\n<li>Que al menos un experto perteneciente a alguna instituci\u00f3n de educaci\u00f3n superior o centro de investigaci\u00f3n no espa\u00f1ola, con el t\u00edtulo de doctor, y distinto<br>del responsable de la estancia, haya formado parte del tribunal evaluador de la tesis.<\/li>\n<\/ul>\n<\/div><\/div><\/div>\n\n\n\n<div class=\"wp-block-stackable-column stk-block-column stk-column stk-block stk-53ec762\" data-v=\"4\" data-block-id=\"53ec762\"><style>.stk-53ec762-inner-blocks{row-gap:0px !important;}.stk-53ec762 {padding-top:0px !important;padding-right:0px !important;padding-bottom:0px !important;padding-left:0px !important;}@media screen and (min-width: 768px){.stk-53ec762 {flex:var(--stk-flex-grow, 1) 1 33.3% !important;}}<\/style><div class=\"stk-column-wrapper stk-block-column__content stk-container stk-53ec762-container stk--no-background stk--no-padding\"><div class=\"stk-block-content stk-inner-blocks stk-53ec762-inner-blocks\">\n\n<ul class=\"widget-box\">\n<li class='contacto-header'>Informaci\u00f3n de contacto<\/li><li><i class=\"fa fa-map-marker\"><\/i> Avda. Astrof\u00edsico Francisco S\u00e1nchez, SN. Edificio Calabaza \u2013 AN.2D Apdo. 456 38200 San Crist\u00f3bal de La Laguna<\/li><li><i class=\"fa fa-envelope\"><\/i>  <a href=mailto:doctorado.genero@ull.es>doctorado.genero@ull.es<\/a><\/li><li><i class=\"fa fa-calendar\"><\/i><a href=\"http:\/\/citaprevia.ull.es\/index.php?s=edpo\"> Cita previa<\/a><\/li>\n<\/ul>\n\n\n<\/div><\/div><\/div>\n<\/div><\/div>\n","protected":false},"excerpt":{"rendered":"<p>Normativa de presentaci\u00f3n y lectura de tesis El Programa de Doctorado en Estudios Interdisciplinares de G\u00e9nero aplicar\u00e1 lo dispuesto en el art. 14 del RD 99\/2011 de 28 de enero por el que se regulan&nbsp;las ense\u00f1anzas oficiales de doctorado.La tesis doctoral consistir\u00e1 en un trabajo original de investigaci\u00f3n elaborado por el candidato o candidata y&#8230;<\/p>\n","protected":false},"author":1,"featured_media":0,"parent":27,"menu_order":0,"comment_status":"closed","ping_status":"closed","template":"templates\/template-frontpage.php","meta":{"_acf_changed":false,"footnotes":""},"class_list":["post-74","page","type-page","status-publish","hentry"],"acf":[],"publishpress_future_action":{"enabled":false,"date":"2026-04-16 22:08:51","action":"change-status","newStatus":"draft","terms":[],"taxonomy":"","extraData":[]},"publishpress_future_workflow_manual_trigger":{"enabledWorkflows":[]},"_links":{"self":[{"href":"https:\/\/www.ull.es\/doctorados\/estudios-interdisciplinares-genero\/wp-json\/wp\/v2\/pages\/74","targetHints":{"allow":["GET"]}}],"collection":[{"href":"https:\/\/www.ull.es\/doctorados\/estudios-interdisciplinares-genero\/wp-json\/wp\/v2\/pages"}],"about":[{"href":"https:\/\/www.ull.es\/doctorados\/estudios-interdisciplinares-genero\/wp-json\/wp\/v2\/types\/page"}],"author":[{"embeddable":true,"href":"https:\/\/www.ull.es\/doctorados\/estudios-interdisciplinares-genero\/wp-json\/wp\/v2\/users\/1"}],"replies":[{"embeddable":true,"href":"https:\/\/www.ull.es\/doctorados\/estudios-interdisciplinares-genero\/wp-json\/wp\/v2\/comments?post=74"}],"version-history":[{"count":6,"href":"https:\/\/www.ull.es\/doctorados\/estudios-interdisciplinares-genero\/wp-json\/wp\/v2\/pages\/74\/revisions"}],"predecessor-version":[{"id":346,"href":"https:\/\/www.ull.es\/doctorados\/estudios-interdisciplinares-genero\/wp-json\/wp\/v2\/pages\/74\/revisions\/346"}],"up":[{"embeddable":true,"href":"https:\/\/www.ull.es\/doctorados\/estudios-interdisciplinares-genero\/wp-json\/wp\/v2\/pages\/27"}],"wp:attachment":[{"href":"https:\/\/www.ull.es\/doctorados\/estudios-interdisciplinares-genero\/wp-json\/wp\/v2\/media?parent=74"}],"curies":[{"name":"wp","href":"https:\/\/api.w.org\/{rel}","templated":true}]}}