{"id":21,"date":"2018-02-22T11:07:35","date_gmt":"2018-02-22T11:07:35","guid":{"rendered":"http:\/\/localhost\/ull\/doctorados\/?page_id=21"},"modified":"2018-03-11T00:47:42","modified_gmt":"2018-03-11T00:47:42","slug":"entidades-participantes","status":"publish","type":"page","link":"https:\/\/www.ull.es\/doctorados\/filosofia\/en\/entidades-participantes\/","title":{"rendered":"Participating entities"},"content":{"rendered":"<h1>Participating entities<\/h1>\n<p>For evaluation tasks, attendance at tribunals, participation in scientific activities and meetings and research stays, the collaboration of external professors from foreign universities and research institutes has been planned and agreed upon.<\/p>\n<p><strong>International collaborating experts<\/strong><\/p>\n<p>1. Bernard Andrieu (Universit\u00e9 Henri-Poincar\u00e9 de Nancy, France)<\/p>\n<p>2. Pablo Ayala Enriquez (Monterrey Institute of Technology and Higher Education, Mexico)<\/p>\n<p>3. Paul Boghossian (New York University, USA)<\/p>\n<p>4. Luciano Boi (Centre d&#039;analyse et de math\u00e9matique socials (CAMS))<\/p>\n<p>5. Isabel Cabrera (UNAM, Mexico)<\/p>\n<p>6. Pedro Calafate (University of Lisbon, Portugal)<\/p>\n<p>7. Roberto Campos Navarro (National Autonomous University of Mexico, Mexico)<\/p>\n<p>8. Florence Caeymaex (Universit\u00e9 de Li\u00e8ge, Belgium)<\/p>\n<p>9. Annalisa Coliva (University of Modena &amp; Reggio Emilia)<\/p>\n<p>10. Catherine Chalier (Universit\u00e9 Paris Ouest Nanterre, France)<\/p>\n<p>11. S\u00e9bastien Charles (Universit\u00e9 de Sherbrooke, Canada)<\/p>\n<p>12. Dominique Ch\u00e2teau (University of Paris, France)<\/p>\n<p>13. Alberto Cordero (University of New York, USA)<\/p>\n<p>14. Paolo Garbolino (University Venice, Italy)<\/p>\n<p>15. Mauricio Correa Casanova (Pontifical Catholic University of Chile, Chile)<\/p>\n<p>16. Tim Crane (University of Cambridge, England)<\/p>\n<p>17. Boaventura de Sousa Santos (University of Coimbra)<\/p>\n<p>18. Esa Diaz-Leon (University of Manitoba, Canada)<\/p>\n<p>19. Thomas Dutoit (University of Lille, France)<\/p>\n<p>20. Miguel Espinoza (Universit\u00e9 de Strasbourg, France)<\/p>\n<p>21. Jordi Fern\u00e1ndez (University of Adelaide, Australia)<\/p>\n<p>22. Olivier Feron (Universidade de \u00c9vora and University of Lisbon, Portugal)<\/p>\n<p>23. Simona Forti (Universit\u00e0 del Piemonte Orientale, Italy)<\/p>\n<p>24. Ram\u00f3n Grosfoguel (University of California, Berkeley)<\/p>\n<p>25. Piotr Jaroszynski (John Paul II Catholic University of Lublin, Poland)<\/p>\n<p>26. Wolfgang Heuer (Freien Universit\u00e4t Berlin, Germany)<\/p>\n<p>27. Robert Hopkins (University of Sheffield (UK))<\/p>\n<p>28. Martin Kusch (Universit\u00e1t Wien)<\/p>\n<p>29. Jacinto Lageira (University of Paris, France)<\/p>\n<p>30. Walter Leimgruber (University of Basel, Switzerland)<\/p>\n<p>31. John Christian Laursen (University of California, USA)<\/p>\n<p>32. Francisco Jos\u00e9 Mart\u00edn Cabrero (University of Turin, Italy)<\/p>\n<p>33. Maria Stella Martins Bresciani (State University of Campinas, Brazil)<\/p>\n<p>34. Jesus Elias Michelen Embarek (Mother and Teacher Catholic University, Santo Domingo, Dominican Republic)<\/p>\n<p>35. Catrin Misselhorn (Universit\u00e4t Stuttgart, Germany)<\/p>\n<p>36. Johannes Moser (Maximilians Universit\u00e4t M\u00fcnchen, Germany)<\/p>\n<p>37. Ludwig Nagl (University of Vienna, Austria)<\/p>\n<p>38. Eleonora Orlando (University of Buenos Aires, Argentina)<\/p>\n<p>39. Elias Palti (National University of Buenos Aires, Argentina)<\/p>\n<p>40. Susana Pati\u00f1o Gonz\u00e1lez (Monterrey Institute of Technology and Higher Education, Mexico)<\/p>\n<p>41. Gustavo Pereira (University of the Republic, Montevideo, Uruguay)<\/p>\n<p>42. Diana In\u00e9s P\u00e9rez (University of Buenos Aires and CONICET. Argentine Society of Philosophical Analysis, Argentina)<\/p>\n<p>43. Jovino Pizzi (Federal University of Pelotas, Brazil)<\/p>\n<p>44. Miguel \u00c1ngel Polo Santill\u00e1n (National University of San Marcos, Lima, Peru)<\/p>\n<p>45. Tuija Pulkinnen (University of Helsinki, Finland)<\/p>\n<p>46. Mario Teodoro Ram\u00edrez Cobi\u00e1n (Michoacan University of San Nicol\u00e1s de Hidalgo, Mexico)<\/p>\n<p>47. Anna Christina Ribeiro (Texas Tech University, USA)<\/p>\n<p>48. Margit Ruffing (Universit\u00e4t Mainz, Germany)<\/p>\n<p>49. Federica Russo (University of Kent, Canterbury, United Kingdom)<\/p>\n<p>50. Armando Savignano (Universit\u00e0 degli studi di Trieste, Italy)<\/p>\n<p>51. Hans Rainer Sepp (Universit\u00e4t of Prague (Czech Republic) and Technische Universit\u00e4t of Dresden (Germany))<\/p>\n<p>52. Krzysztof Piotr Skowro\u0144ski (Opole University, Poland)<\/p>\n<p>53. Juliette Simont (Universit\u00e9 Libre de Bruxelles)<\/p>\n<p>54. David Sosa (University of Texas at Austin, USA)<\/p>\n<p>55. Alexander Staudacher (Humboldt Universit\u00e4t Berlin)<\/p>\n<p>56. Alison Stone (Lancaster University, UK)<\/p>\n<p>57. John Symons (University of Kansas, USA)<\/p>\n<p>58. Pawel Tarasiewicz (Catholic University of Lublin, Poland)<\/p>\n<p>59. Pierre Verstraeten (Universit\u00e9 Libre de Bruxelles)<\/p>\n<p>60. Jos\u00e9 Zalabardo (University College London, England)<\/p>\n<p>61. Francis Wolf (\u00c9cole Normale Superieure, Paris, France)<\/p>\n<p>62. Sally Wyatt (Maastricht University and Royal Netherlands Academy of Arts &amp; Sciences, Netherlands)<\/p>","protected":false},"excerpt":{"rendered":"<p>Participating Entities For assessment tasks, assistance with panel discussions, participation in scientific activities and meetings, and research stays, the collaboration of external professors from foreign universities and research institutes has been planned and agreed upon. International Collaborating Experts: 1. Bernard Andrieu (Henri-Poincar\u00e9 University of Nancy, France) 2. Pablo Ayala Enriquez (Technological Institute and Higher Education of\u2026<\/p>","protected":false},"author":1,"featured_media":0,"parent":0,"menu_order":0,"comment_status":"closed","ping_status":"closed","template":"","meta":{"_acf_changed":false,"footnotes":""},"class_list":["post-21","page","type-page","status-publish","hentry"],"acf":[],"publishpress_future_action":{"enabled":false,"date":"2026-04-26 16:35:25","action":"change-status","newStatus":"draft","terms":[],"taxonomy":"","extraData":[]},"publishpress_future_workflow_manual_trigger":{"enabledWorkflows":[]},"_links":{"self":[{"href":"https:\/\/www.ull.es\/doctorados\/filosofia\/en\/wp-json\/wp\/v2\/pages\/21","targetHints":{"allow":["GET"]}}],"collection":[{"href":"https:\/\/www.ull.es\/doctorados\/filosofia\/en\/wp-json\/wp\/v2\/pages"}],"about":[{"href":"https:\/\/www.ull.es\/doctorados\/filosofia\/en\/wp-json\/wp\/v2\/types\/page"}],"author":[{"embeddable":true,"href":"https:\/\/www.ull.es\/doctorados\/filosofia\/en\/wp-json\/wp\/v2\/users\/1"}],"replies":[{"embeddable":true,"href":"https:\/\/www.ull.es\/doctorados\/filosofia\/en\/wp-json\/wp\/v2\/comments?post=21"}],"version-history":[{"count":2,"href":"https:\/\/www.ull.es\/doctorados\/filosofia\/en\/wp-json\/wp\/v2\/pages\/21\/revisions"}],"predecessor-version":[{"id":134,"href":"https:\/\/www.ull.es\/doctorados\/filosofia\/en\/wp-json\/wp\/v2\/pages\/21\/revisions\/134"}],"wp:attachment":[{"href":"https:\/\/www.ull.es\/doctorados\/filosofia\/en\/wp-json\/wp\/v2\/media?parent=21"}],"curies":[{"name":"wp","href":"https:\/\/api.w.org\/{rel}","templated":true}]}}