{"id":72,"date":"2018-02-22T13:28:20","date_gmt":"2018-02-22T13:28:20","guid":{"rendered":"http:\/\/www.ull.es\/doctorados\/filosofia\/?page_id=72"},"modified":"2025-08-20T11:23:29","modified_gmt":"2025-08-20T11:23:29","slug":"seguimiento-doctorando","status":"publish","type":"page","link":"https:\/\/www.ull.es\/doctorados\/filosofia\/en\/organizacion-del-programa\/seguimiento-doctorando\/","title":{"rendered":"Monitoring of the PhD student"},"content":{"rendered":"\n<div class=\"wp-block-stackable-columns alignfull stk-block-columns stk-block stk-2314a6b\" data-block-id=\"2314a6b\"><style>.stk-2314a6b {padding-bottom:0px !important;margin-top:-100px !important;margin-bottom:0px !important;}<\/style><div class=\"stk-row stk-inner-blocks stk-block-content stk-content-align stk-2314a6b-column alignfull\">\n<div class=\"wp-block-stackable-column stk-block-column stk-column stk-block stk-1d1764d\" data-v=\"4\" data-block-id=\"1d1764d\"><div class=\"stk-column-wrapper stk-block-column__content stk-container stk-1d1764d-container stk--no-background stk--no-padding\"><div class=\"stk-block-content stk-inner-blocks stk-1d1764d-inner-blocks\"><style id=\"depicter-1-inline-pre-css\">\n\n.depicter-1:not(.depicter-ready){\n\theight:450px;\n}\n\n\/***** Tablet *****\/\n@media screen and (max-width: 1024px){\n\n.depicter-1:not(.depicter-ready){\n\theight:700px;\n}\n\n}\n\/***** Mobile *****\/\n@media screen and (max-width: 767px){\n\n.depicter-1:not(.depicter-ready){\n\theight:360px;\n}\n\n}\n<\/style>\n<div id=\"depicter-1\" class=\"depicter depicter-document depicter-revert depicter-1 depicter-layout-fullwidth\">\n\n<div class=\"depicter-loading-container depicter-loading dotFlashing-dark\"><div class=\"depicter-loading-dark depicter-dot-flashing\">\n   <span><\/span>\n   <span><\/span>\n   <span><\/span>\n<\/div>\n<\/div>\n<div id=\"depicter-1-section-1\" class=\"depicter-section depicter-1-section-1\" data-name=\"Section 1\" data-type=\"section\" data-local-id=\"section-1\">\n<picture class=\"depicter-bg\">\n<source data-depicter-srcset=\"https:\/\/www.ull.es\/doctorados\/filosofia\/wp-content\/uploads\/sites\/16\/2025\/05\/Headers-Doctorados_Doctorado-Filosofia-768x248.jpg, https:\/\/www.ull.es\/doctorados\/filosofia\/wp-content\/uploads\/sites\/16\/2025\/05\/Headers-Doctorados_Doctorado-Filosofia.jpg 2x\" srcset=\"data:image\/gif;base64,R0lGODlhAQABAIAAAAAAAP\/\/\/yH5BAEAAAAALAAAAAABAAEAAAIBRAA7\" media=\"(max-width: 1024px)\" \/>\n\n<source data-depicter-srcset=\"https:\/\/www.ull.es\/doctorados\/filosofia\/wp-content\/uploads\/sites\/16\/2025\/05\/Headers-Doctorados_Doctorado-Filosofia.jpg, https:\/\/www.ull.es\/doctorados\/filosofia\/wp-content\/uploads\/sites\/16\/2025\/05\/Headers-Doctorados_Doctorado-Filosofia-2000x645.jpg 2x\" srcset=\"data:image\/gif;base64,R0lGODlhAQABAIAAAAAAAP\/\/\/yH5BAEAAAAALAAAAAABAAEAAAIBRAA7\" media=\"(min-width: 1025px)\" \/>\n<img decoding=\"async\" src=\"data:image\/gif;base64,R0lGODlhAQABAIAAAAAAAP\/\/\/yH5BAEAAAAALAAAAAABAAEAAAIBRAA7\" data-ken-burns=\"false\" data-tablet-ken-burns=\"false\" data-mobile-ken-burns=\"false\" alt=\"\" data-depicter-src=\"https:\/\/www.ull.es\/doctorados\/filosofia\/wp-content\/uploads\/sites\/16\/2025\/05\/Headers-Doctorados_Doctorado-Filosofia.jpg\" data-object-fit=\"cover,custom,\" data-object-position=\"center top,,\" data-crop=\"{'focalPoint':{'x':0.5,'y':0.409999999999999975575093458246556110680103302001953125},'mediaSize':{'width':1791,'height':577}}\" data-tablet-crop=\"{'focalPoint':{'x':0.6999999999999999555910790149937383830547332763671875,'y':0.5},'mediaSize':{'width':2170,'height':700}}\" data-mobile-crop=\"{'focalPoint':{'x':0.82999999999999996003197111349436454474925994873046875,'y':0.330000000000000015543122344752191565930843353271484375},'mediaSize':{'width':2294,'height':740}}\" \/>\n<\/picture>\n\n\n<h1 id=\"depicter-1-element-5\" class=\"depicter-element depicter-layer depicter-1-element-5\" data-type=\"text\" data-wrap=\"true\" data-name=\"Text 2\" data-local-id=\"element-5\" data-offset=\"x:0px;y:138px;origin:tl\" data-tablet-offset=\"x:176px;y:206px;origin:tl\" data-mobile-offset=\"x:39px;y:139px;origin:tl\" data-width=\"1200px,auto,348px\" data-height=\"auto,auto,auto\" data-responsive-scale=\"true,,\">Programa de Doctorado en Filosof\u00eda<\/h1>\n\n<div id=\"depicter-1-element-10\" class=\"depicter-element depicter-layer depicter-1-element-10\" data-type=\"shape\" data-wrap=\"true\" data-name=\"Shape 1\" data-local-id=\"element-10\" data-offset=\"x:0px;y:311px;origin:tl\" data-tablet-offset=\"x:215px;y:361px;origin:tl\" data-mobile-offset=\"x:39px;y:293px;origin:tl\" data-width=\"983px,647px,282px\" data-height=\"8px,8px,8px\" data-responsive-scale=\"true,,\"><\/div>\n<\/div>\n<\/div>\n<script>\n(window.depicterSetups = window.depicterSetups || []).push(function(){\n\tDepicter.basePath = 'https:\/\/www.ull.es\/doctorados\/filosofia\/wp-content\/plugins\/depicter\/resources\/scripts\/player\/';\n\tconst dpPlayer = Depicter.setup('.depicter-1',\n\t\t{\"width\":[\"1200\",\"1024\",\"360\"],\"height\":[\"450\",\"700\",\"360\"],\"view\":\"basic\",\"keepAspectRatio\":true,\"preload\":0,\"layout\":\"fullwidth\",\"rtl\":false,\"initAfterAppear\":false,\"ajaxApiUrl\":\"https:\\\/\\\/www.ull.es\\\/doctorados\\\/filosofia\\\/wp-admin\\\/admin-ajax.php\",\"mouseSwipe\":true,\"touchSwipe\":true,\"useWatermark\":false}\n\t);\n});\n<\/script><\/div><\/div><\/div>\n<\/div><\/div>\n\n\n\n<div class=\"wp-block-stackable-columns alignfull stk-block-columns stk--hide-mobile stk-block stk-6394276 stk-block-background\" data-block-id=\"6394276\"><style>.stk-6394276 {background-color:#f33f4e !important;padding-top:10px !important;margin-bottom:0px !important;}.stk-6394276:before{background-color:#f33f4e !important;}<\/style><div class=\"stk-row stk-inner-blocks stk-block-content stk-content-align stk-6394276-column alignfull\">\n<div class=\"wp-block-stackable-column stk-block-column stk-column stk-block stk-8a66885\" data-v=\"4\" data-block-id=\"8a66885\"><div class=\"stk-column-wrapper stk-block-column__content stk-container stk-8a66885-container stk--no-background stk--no-padding\"><div class=\"stk-block-content stk-inner-blocks stk-8a66885-inner-blocks\">\n<div class=\"wp-block-stackable-spacer stk-block-spacer stk--no-padding stk-block stk-bc89b3e\" data-block-id=\"bc89b3e\"><style>.stk-bc89b3e {height:0px !important;}<\/style><\/div>\n<\/div><\/div><\/div>\n<\/div><\/div>\n\n\n\n<div class=\"wp-block-stackable-columns stk-block-columns stk-block stk-8b59b96\" data-block-id=\"8b59b96\"><style>.stk-8b59b96 .stk--block-align-8b59b96{align-items:flex-start !important;}.stk-8b59b96 {margin-top:50px !important;}.stk-8b59b96-column{--stk-columns-spacing:0px !important;--stk-column-gap:50px !important;}<\/style><div class=\"stk-row stk-inner-blocks stk--block-align-8b59b96 stk-block-content stk-content-align stk-8b59b96-column\">\n<div class=\"wp-block-stackable-column stk-block-column stk-column stk-block stk-dbb7e15\" data-v=\"4\" data-block-id=\"dbb7e15\"><style>@media screen and (min-width: 768px){.stk-dbb7e15 {flex:var(--stk-flex-grow, 1) 1 66.7% !important;}}<\/style><div class=\"stk-column-wrapper stk-block-column__content stk-container stk-dbb7e15-container stk--no-background stk--no-padding\"><div class=\"stk-block-content stk-inner-blocks stk-dbb7e15-inner-blocks\">\n<div class=\"wp-block-stackable-heading stk-block-heading stk-block-heading--v2 stk-block stk-cc0239e\" id=\"complementos-de-formacion\" data-block-id=\"cc0239e\"><style>.stk-cc0239e .stk-block-heading__text{color:#000000 !important;font-weight:500 !important;}<\/style><h1 class=\"stk-block-heading__text has-text-color\">Seguimiento del doctorando<\/h1><\/div>\n\n\n\n<p><strong>Direcci\u00f3n y tutela<\/strong><\/p>\n\n\n\n<p>Una vez admitido al programa de doctorado y verificada la matr\u00edcula, en el plazo de tres meses la comisi\u00f3n acad\u00e9mica responsable del programa ha de asignar un tutor a cada modificar el nombramiento del tutor en cualquier momento del periodo de realizaci\u00f3n del doctorado, siempre que concurran razones justificadas.<\/p>\n\n\n\n<p>El tutor ha de ser un doctor, profesor del programa de doctorado, con acreditada experiencia investigadora. Al tutor le corresponde velar por la interacci\u00f3n del doctorando con la correspondiente comisi\u00f3n acad\u00e9mica.<\/p>\n\n\n\n<p>Son funciones del tutor:<\/p>\n\n\n\n<p>A. Revisar regularmente, junto con el director de la tesis, el documento de actividades&nbsp;personalizado del doctorando.<\/p>\n\n\n\n<p>B. Avalar, junto con el director de la tesis y antes de la finalizaci\u00f3n del primer a\u00f1o, el&nbsp;plan de investigaci\u00f3n elaborado por el doctorando.<\/p>\n\n\n\n<p>C. Firmar los compromisos documentales, junto con la universidad, el doctorando y el&nbsp;director.<\/p>\n\n\n\n<p>D. Emitir y elevar anualmente a la comisi\u00f3n acad\u00e9mica el informe previsto en el&nbsp;art\u00edculo 11.7 del Real Decreto 99\/2011, de 28 de enero.<\/p>\n\n\n\n<p>La labor de tutela del doctorando ser\u00e1 reconocida como parte de la dedicaci\u00f3n docente e&nbsp;investigadora del profesorado en los t\u00e9rminos establecidos en la normativa para la&nbsp;valoraci\u00f3n de la actividad del profesorado de cada Universidad.<\/p>\n\n\n\n<p>En el plazo de tres meses desde su matriculaci\u00f3n, la comisi\u00f3n acad\u00e9mica responsable del programa ha de asignar a cada doctorando un director de tesis doctoral. El director de tesis, salvo excepciones justificadas que estime oportunas la Comisi\u00f3n, ser\u00e1 coincidente con el tutor. La Comisi\u00f3n Acad\u00e9mica, o\u00eddos el doctorando y el director puede modificar el nombramiento de director de tesis doctoral a un doctorando en cualquier momento del periodo de realizaci\u00f3n del doctorado, siempre que concurran razones justificadas.<\/p>\n\n\n\n<p>Puede ejercer la direcci\u00f3n cualquier doctor, espa\u00f1ol o extranjero, que cuente con acreditada experiencia investigadora y una antig\u00fcedad m\u00ednima de tres a\u00f1os en el grado de doctor, con independencia de la universidad, centro o instituci\u00f3n en que preste sus servicios. Los profesores em\u00e9ritos pueden codirigir tesis doctorales.<\/p>\n\n\n\n<p>La Escuela de doctorado podr\u00e1 establecer requisitos adicionales, que deber\u00e1n ser p\u00fablicos, para ser director o codirector de tesis.<\/p>\n\n\n\n<p>Previa autorizaci\u00f3n de la comisi\u00f3n acad\u00e9mica, la tesis puede ser codirigida por otros doctores cuando concurran razones de \u00edndole acad\u00e9mica, como puede ser el caso de la interdisciplinariedad tem\u00e1tica o los programas desarrollados en colaboraci\u00f3n nacional o internacional. La autorizaci\u00f3n para intervenir como codirector y la asignaci\u00f3n correspondiente puede ser revocada por la comisi\u00f3n acad\u00e9mica en cualquier momento del desarrollo del programa, previa audiencia del doctorando, del tutor y de los codirectores, si concurren causas justificadas para ello, tales como que la codirecci\u00f3n no beneficie el desarrollo de la tesis.<\/p>\n\n\n\n<p>En el supuesto de tesis codirigidas, el n\u00famero m\u00e1ximo de directores ser\u00e1 de tres, de los que solamente dos podr\u00e1n ser de la misma universidad o instituci\u00f3n. Las decisiones e informes de los codirectores deber\u00e1n ser adoptados y emitidos por unanimidad.<\/p>\n\n\n\n<p>El director de la tesis es el m\u00e1ximo responsable de la coherencia e idoneidad de las actividades de formaci\u00f3n, del impacto y novedad en su campo de la tem\u00e1tica de la tesis doctoral y de la gu\u00eda en la planificaci\u00f3n y su adecuaci\u00f3n, en su caso, a la de otros proyectos y actividades donde se inscriba el doctorando.<\/p>\n\n\n\n<p>Sin perjuicio de otras, el director de tesis tiene las siguientes funciones:<\/p>\n\n\n\n<p>a. Revisar regularmente, junto con el tutor, el documento de actividades personalizado del doctorando.<\/p>\n\n\n\n<p>b. Avalar, junto con el tutor y antes de la finalizaci\u00f3n del primer a\u00f1o, el plan de investigaci\u00f3n elaborado por el doctorando.<\/p>\n\n\n\n<p>c. Firmar el compromiso documental junto con la universidad, el doctorando y el tutor.<\/p>\n\n\n\n<p>d. Emitir y elevar anualmente a la comisi\u00f3n acad\u00e9mica el informe previsto en el art\u00edculo 11.7 del Real Decreto 99\/2011, de 28 de enero.<\/p>\n\n\n\n<p>e. Si procede, avalar la estancia y actividades requeridas para la inclusi\u00f3n, en su caso, de la menci\u00f3n \u00abDoctor internacional\u00bb, con arreglo a lo previsto en el art\u00edculo 15.1.a del Real Decreto 99\/2011, de 28 de enero.<\/p>\n\n\n\n<p>La direcci\u00f3n de tesis ser\u00e1 reconocida como parte de la dedicaci\u00f3n docente e investigadora del profesorado en los t\u00e9rminos establecidos en la normativa para la valoraci\u00f3n de la actividad del profesorado de cada universidad que participa en el Programa.<\/p>\n\n\n\n<p><strong>Registro y valoraci\u00f3n de actividades<\/strong><\/p>\n\n\n\n<p>Una vez matriculado en el programa, se ha de materializar para cada doctorando el&nbsp;documento de actividades personalizado a efectos del registro individualizado de control a&nbsp;que se refiere el art\u00edculo 2.5 del Real Decreto 99\/2011, de 28 de enero. En \u00e9l han de ser&nbsp;inscritas todas las actividades de inter\u00e9s para el desarrollo del doctorando seg\u00fan regule la&nbsp;universidad, la escuela o la propia comisi\u00f3n acad\u00e9mica y ha de ser regularmente revisado&nbsp;por el tutor y el director de tesis y evaluado por la comisi\u00f3n acad\u00e9mica responsable del&nbsp;programa de doctorado.<\/p>\n\n\n\n<p>El documento de actividades personalizado se deber\u00e1 confeccionar seg\u00fan el modelo que&nbsp;sea dise\u00f1ado al efecto por las universidades.<\/p>\n\n\n\n<p>En todo caso, antes de la finalizaci\u00f3n del primer a\u00f1o, el doctorando ha de elaborar un plan&nbsp;de investigaci\u00f3n, con arreglo al modelo dise\u00f1ado al efecto, avalado por el tutor y por el&nbsp;director, que podr\u00e1 mejorar y detallar a lo largo de su estancia en el Programa y que debe&nbsp;incluir, al menos, los siguientes apartados:<\/p>\n\n\n\n<p>1. Datos identificativos del doctorando y del director o codirectores de la tesis que se &nbsp;propone.<\/p>\n\n\n\n<p>2. T\u00edtulo de la propuesta de tesis.<\/p>\n\n\n\n<p>3. Resumen de la propuesta.<\/p>\n\n\n\n<p>4. Objetivos previstos.<\/p>\n\n\n\n<p>5. Plan de trabajo con estimaci\u00f3n temporal y de medios para lograr los objetivos&nbsp;propuestos y con menci\u00f3n expresa, en su caso, de los complementos de formaci\u00f3n&nbsp;espec\u00edficos que deber\u00e1 realizar.<\/p>\n\n\n\n<p>6. Metodolog\u00eda que se va a utilizar.<\/p>\n\n\n\n<p>7. Bibliograf\u00eda.<\/p>\n\n\n\n<p>Anualmente, la comisi\u00f3n acad\u00e9mica del programa evaluar\u00e1 el plan de investigaci\u00f3n y el&nbsp;documento de actividades junto con los informes que a tal efecto deben emitir el tutor y el&nbsp;director.<\/p>\n\n\n\n<p>El resultado de la evaluaci\u00f3n, positiva o negativa, firmado por el presidente de la&nbsp;comisi\u00f3n, se incorporar\u00e1 al expediente del estudiante. La evaluaci\u00f3n positiva es requisito&nbsp;indispensable para continuar en el programa.<\/p>\n\n\n\n<p>En caso de evaluaci\u00f3n negativa, que debe ser debidamente motivada, el doctorando debe ser evaluado, de nuevo, en el plazo de seis meses, a cuyo fin debe elaborar un nuevo plan de investigaci\u00f3n. En el supuesto de producirse una nueva evaluaci\u00f3n negativa, el doctorando causar\u00e1 baja definitiva en el programa. A tal efecto, el rector o la rectora dictar\u00e1 la resoluci\u00f3n que proceda, a propuesta de la comisi\u00f3n acad\u00e9mica responsable del programa Doctorado u \u00f3rgano propio de la Escuela de Doctorado en la que inscriba el Programa.<\/p>\n\n\n\n<p><strong>Documentos de compromiso<\/strong><\/p>\n\n\n\n<p>Las funciones de supervisi\u00f3n de los doctorandos se establecer\u00e1n mediante un&nbsp;compromiso documental firmado por el vicerrector competente en materia de doctorado,&nbsp;el doctorando, su tutor y su director o codirectores. El compromiso debe ser firmado a la&nbsp;mayor brevedad posible despu\u00e9s de la admisi\u00f3n y matr\u00edcula y, en todo caso, en el plazo&nbsp;m\u00e1ximo de tres meses desde la asignaci\u00f3n de tutor y de director.<\/p>\n\n\n\n<p>El documento de compromiso ha de incluir la aceptaci\u00f3n no condicionada del doctorando&nbsp;y del director acerca del r\u00e9gimen de derechos y deberes respectivos previstos en este&nbsp;Programa, los compromisos de formaci\u00f3n necesarios, as\u00ed como un procedimiento de&nbsp;resoluci\u00f3n de conflictos, acorde con las previsiones del apartado siguiente.<\/p>\n\n\n\n<p>El documento de compromiso, que se ajustar\u00e1 al propuesto por la Universidad, ser\u00e1&nbsp;archivado en el expediente del estudiante.<\/p>\n\n\n\n<p><strong>Procedimiento de resoluci\u00f3n de conflictos<\/strong><\/p>\n\n\n\n<p>1. En caso de eventual incumplimiento de alguno de los extremos incluidos en el&nbsp;documento de compromiso o de la concurrencia de otro desacuerdo relacionado con el&nbsp;desarrollo del programa de doctorado respecto de cada doctorando, cualquiera de las partes podr\u00e1 ponerlo en conocimiento del coordinador del programa de doctorado,&nbsp;quien actuar\u00e1 como mediador con vistas a la consecuci\u00f3n de un acuerdo un\u00e1nime que&nbsp;ponga t\u00e9rmino a la controversia.<\/p>\n\n\n\n<p>2. Si la mediaci\u00f3n no ha permitido resolver el conflicto una vez transcurridos dos meses&nbsp;desde la puesta en conocimiento del coordinador del programa de doctorado, se dar\u00e1&nbsp;traslado a la Escuela de Doctorado o Comisi\u00f3n General de Doctorado, que habr\u00e1 de&nbsp;dictar resoluci\u00f3n en el plazo de tres meses, previa audiencia de las partes y del&nbsp;coordinador del programa de doctorado.<\/p>\n\n\n\n<p>3. Contra el acuerdo de la Comisi\u00f3n General de Doctorado se puede interponer recurso de alzada ante el rector o la rectora, en los t\u00e9rminos previstos en la Ley 30\/1992, de 26 de noviembre, de R\u00e9gimen Jur\u00eddico de las Administraciones P\u00fablicas y del Procedimiento Administrativo Com\u00fan.<\/p>\n<\/div><\/div><\/div>\n\n\n\n<div class=\"wp-block-stackable-column stk-block-column stk-column stk-block stk-53ec762\" data-v=\"4\" data-block-id=\"53ec762\"><style>.stk-53ec762-inner-blocks{row-gap:0px !important;}.stk-53ec762 {padding-top:0px !important;padding-right:0px !important;padding-bottom:0px !important;padding-left:0px !important;}@media screen and (min-width: 768px){.stk-53ec762 {flex:var(--stk-flex-grow, 1) 1 33.3% !important;}}<\/style><div class=\"stk-column-wrapper stk-block-column__content stk-container stk-53ec762-container stk--no-background stk--no-padding\"><div class=\"stk-block-content stk-inner-blocks stk-53ec762-inner-blocks\">\n\n<ul class=\"widget-box\">\n<li class='contacto-header'>Informaci\u00f3n de contacto<\/li><li><i class=\"fa fa-map-marker\"><\/i> Avda. Astrof\u00edsico Francisco S\u00e1nchez, SN. Edificio Calabaza \u2013 AN.2D Apdo. 456 38200 San Crist\u00f3bal de La Laguna<\/li><li><i class=\"fa fa-envelope\"><\/i>  <a href=mailto:doctorado.filosofia@ull.es>doctorado.filosofia@ull.es<\/a><\/li><li><i class=\"fa fa-calendar\"><\/i><a href=\"http:\/\/citaprevia.ull.es\/index.php?s=edpo\"> Cita previa<\/a><\/li>\n<\/ul>\n\n\n<\/div><\/div><\/div>\n<\/div><\/div>\n","protected":false},"excerpt":{"rendered":"<p>Monitoring of the doctoral student Direction and supervision Once admitted to the doctoral program and verified the registration, within a period of three months the academic committee responsible for the program must assign a tutor to each student. The appointment of the tutor may be modified at any time during the period of completion of the doctorate, provided that justified reasons exist\u2026.<\/p>","protected":false},"author":1,"featured_media":0,"parent":27,"menu_order":0,"comment_status":"closed","ping_status":"closed","template":"templates\/template-frontpage.php","meta":{"_acf_changed":false,"footnotes":""},"class_list":["post-72","page","type-page","status-publish","hentry"],"acf":[],"publishpress_future_action":{"enabled":false,"date":"2026-04-26 15:02:24","action":"change-status","newStatus":"draft","terms":[],"taxonomy":"","extraData":[]},"publishpress_future_workflow_manual_trigger":{"enabledWorkflows":[]},"_links":{"self":[{"href":"https:\/\/www.ull.es\/doctorados\/filosofia\/en\/wp-json\/wp\/v2\/pages\/72","targetHints":{"allow":["GET"]}}],"collection":[{"href":"https:\/\/www.ull.es\/doctorados\/filosofia\/en\/wp-json\/wp\/v2\/pages"}],"about":[{"href":"https:\/\/www.ull.es\/doctorados\/filosofia\/en\/wp-json\/wp\/v2\/types\/page"}],"author":[{"embeddable":true,"href":"https:\/\/www.ull.es\/doctorados\/filosofia\/en\/wp-json\/wp\/v2\/users\/1"}],"replies":[{"embeddable":true,"href":"https:\/\/www.ull.es\/doctorados\/filosofia\/en\/wp-json\/wp\/v2\/comments?post=72"}],"version-history":[{"count":9,"href":"https:\/\/www.ull.es\/doctorados\/filosofia\/en\/wp-json\/wp\/v2\/pages\/72\/revisions"}],"predecessor-version":[{"id":374,"href":"https:\/\/www.ull.es\/doctorados\/filosofia\/en\/wp-json\/wp\/v2\/pages\/72\/revisions\/374"}],"up":[{"embeddable":true,"href":"https:\/\/www.ull.es\/doctorados\/filosofia\/en\/wp-json\/wp\/v2\/pages\/27"}],"wp:attachment":[{"href":"https:\/\/www.ull.es\/doctorados\/filosofia\/en\/wp-json\/wp\/v2\/media?parent=72"}],"curies":[{"name":"wp","href":"https:\/\/api.w.org\/{rel}","templated":true}]}}