{"id":21,"date":"2018-02-22T11:07:35","date_gmt":"2018-02-22T11:07:35","guid":{"rendered":"http:\/\/localhost\/ull\/doctorados\/?page_id=21"},"modified":"2018-03-11T00:47:42","modified_gmt":"2018-03-11T00:47:42","slug":"entidades-participantes","status":"publish","type":"page","link":"https:\/\/www.ull.es\/doctorados\/filosofia\/fr\/entidades-participantes\/","title":{"rendered":"Entit\u00e9s participantes"},"content":{"rendered":"<h1>Entit\u00e9s participantes<\/h1>\n<p>Pour les t\u00e2ches d&#039;\u00e9valuation, la pr\u00e9sence aux tribunaux, la participation aux activit\u00e9s et r\u00e9unions scientifiques et aux s\u00e9jours de recherche, la collaboration de professeurs externes d&#039;universit\u00e9s et d&#039;instituts de recherche \u00e9trangers a \u00e9t\u00e9 pr\u00e9vue et convenue.<\/p>\n<p><strong>Experts collaborateurs internationaux<\/strong><\/p>\n<p>1. Bernard Andrieu (Universit\u00e9 Henri-Poincar\u00e9 de Nancy, France)<\/p>\n<p>2. Pablo Ayala Enriquez (Institut technologique et d&#039;enseignement sup\u00e9rieur de Monterrey, Mexique)<\/p>\n<p>3. Paul Boghossian (Universit\u00e9 de New York, \u00c9tats-Unis)<\/p>\n<p>4. Luciano Boi (Centre d&#039;analyse sociale et de math\u00e9matiques (CAMS))<\/p>\n<p>5. Isabel Cabrera (UNAM, Mexique)<\/p>\n<p>6. Pedro Calafate (Universit\u00e9 de Lisbonne, Portugal)<\/p>\n<p>7. Roberto Campos Navarro (Universit\u00e9 nationale autonome du Mexique, Mexique)<\/p>\n<p>8. Florence Caeymaex (Universit\u00e9 de Li\u00e8ge, Belgique)<\/p>\n<p>9. Annalisa Coliva (Universit\u00e9 de Mod\u00e8ne et Reggio Emilia)<\/p>\n<p>10. Catherine Chalier (Universit\u00e9 Paris Ouest Nanterre, France)<\/p>\n<p>11. S\u00e9bastien Charles (Universit\u00e9 de Sherbrooke, Canada)<\/p>\n<p>12. Dominique Ch\u00e2teau (Universit\u00e9 de Paris, France)<\/p>\n<p>13. Alberto Cordero (Universit\u00e9 de New York, \u00c9tats-Unis)<\/p>\n<p>14. Paolo Garbolino (Universit\u00e9 de Venise, Italie)<\/p>\n<p>15. Mauricio Correa Casanova (Universit\u00e9 pontificale catholique du Chili, Chili)<\/p>\n<p>16. Tim Crane (Universit\u00e9 de Cambridge, Angleterre)<\/p>\n<p>17. Boaventura de Sousa Santos (Universit\u00e9 de Coimbra)<\/p>\n<p>18. Esa Diaz-Leon (Universit\u00e9 du Manitoba, Canada)<\/p>\n<p>19. Thomas Dutoit (Universit\u00e9 de Lille, France)<\/p>\n<p>20. Miguel Espinoza (Universit\u00e9 de Strasbourg, France)<\/p>\n<p>21. Jordi Fern\u00e1ndez (Universit\u00e9 d&#039;Ad\u00e9la\u00efde, Australie)<\/p>\n<p>22. Olivier Feron (Universit\u00e9 d&#039;\u00c9vora et Universit\u00e9 de Lisbonne, Portugal)<\/p>\n<p>23. Simona Forti (Universit\u00e9 du Pi\u00e9mont oriental, Italie)<\/p>\n<p>24. Ram\u00f3n Grosfoguel (Universit\u00e9 de Californie, Berkeley)<\/p>\n<p>25. Piotr Jaroszynski (Universit\u00e9 catholique Jean-Paul II de Lublin, Pologne)<\/p>\n<p>26. Wolfgang Heuer (Universit\u00e9 libre de Berlin, Allemagne)<\/p>\n<p>27. Robert Hopkins (Universit\u00e9 de Sheffield (Royaume-Uni))<\/p>\n<p>28. Martin Kusch (Universit\u00e9 de Vienne)<\/p>\n<p>29. Jacinto Lageira (Universit\u00e9 de Paris, France)<\/p>\n<p>30. Walter Leimgruber (Universit\u00e9 de B\u00e2le, Suisse)<\/p>\n<p>31. John Christian Laursen (Universit\u00e9 de Californie, \u00c9tats-Unis)<\/p>\n<p>32. Francisco Jos\u00e9 Mart\u00edn Cabrero (Universit\u00e9 de Turin, Italie)<\/p>\n<p>33. Maria Stella Martins Bresciani (Universit\u00e9 d&#039;\u00c9tat de Campinas, Br\u00e9sil)<\/p>\n<p>34. Jesus Elias Michelen Embarek (M\u00e8re et enseignante, Universit\u00e9 catholique, Saint-Domingue, R\u00e9publique dominicaine)<\/p>\n<p>35. Catrin Misselhorn (Universit\u00e9 de Stuttgart, Allemagne)<\/p>\n<p>36. Johannes Moser (Universit\u00e9 Maximilien de Munich, Allemagne)<\/p>\n<p>37. Ludwig Nagl (Universit\u00e9 de Vienne, Autriche)<\/p>\n<p>38. Eleonora Orlando (Universit\u00e9 de Buenos Aires, Argentine)<\/p>\n<p>39. Elias Palti (Universit\u00e9 nationale de Buenos Aires, Argentine)<\/p>\n<p>40. Susana Pati\u00f1o Gonz\u00e1lez (Institut technologique et d&#039;enseignement sup\u00e9rieur de Monterrey, Mexique)<\/p>\n<p>41. Gustavo Pereira (Universit\u00e9 de la R\u00e9publique, Montevideo, Uruguay)<\/p>\n<p>42. Diana In\u00e9s P\u00e9rez (Universit\u00e9 de Buenos Aires et CONICET. Soci\u00e9t\u00e9 Argentine d&#039;Analyse Philosophique, Argentine)<\/p>\n<p>43. Jovino Pizzi (Universit\u00e9 f\u00e9d\u00e9rale de Pelotas, Br\u00e9sil)<\/p>\n<p>44. Miguel \u00c1ngel Polo Santill\u00e1n (Universit\u00e9 nationale de San Marcos, Lima, P\u00e9rou)<\/p>\n<p>45. Tuija Pulkinnen (Universit\u00e9 d&#039;Helsinki, Finlande)<\/p>\n<p>46. Mario Teodoro Ram\u00edrez Cobi\u00e1n (Universit\u00e9 de San Nicol\u00e1s de Hidalgo, Michoac\u00e1n, Mexique)<\/p>\n<p>47. Anna Christina Ribeiro (Universit\u00e9 Texas Tech, \u00c9tats-Unis)<\/p>\n<p>48. Margit Ruffing (Universit\u00e9 de Mayence, Allemagne)<\/p>\n<p>49. Federica Russo (Universit\u00e9 du Kent, Canterbury, Royaume-Uni)<\/p>\n<p>50. Armando Savignano (Universit\u00e9 de Trieste, Italie)<\/p>\n<p>51. Hans Rainer Sepp (Universit\u00e9 de Prague (R\u00e9publique tch\u00e8que) et Universit\u00e9 technique de Dresde (Allemagne))<\/p>\n<p>52. Krzysztof Piotr Skowronski (Universit\u00e9 d&#039;Opole, Pologne)<\/p>\n<p>53. Juliette Simont (Universit\u00e9 Libre de Bruxelles)<\/p>\n<p>54. David Sosa (Universit\u00e9 du Texas \u00e0 Austin, \u00c9tats-Unis)<\/p>\n<p>55. Alexander Staudacher (Universit\u00e9 Humboldt de Berlin)<\/p>\n<p>56. Alison Stone (Universit\u00e9 de Lancaster, Royaume-Uni)<\/p>\n<p>57. John Symons (Universit\u00e9 du Kansas, \u00c9tats-Unis)<\/p>\n<p>58. Pawel Tarasiewicz (Universit\u00e9 catholique de Lublin, Pologne)<\/p>\n<p>59. Pierre Verstraeten (Universit\u00e9 Libre de Bruxelles)<\/p>\n<p>60. Jos\u00e9 Zalabardo (University College London, Angleterre)<\/p>\n<p>61. Francis Wolf (\u00c9cole Normale Sup\u00e9rieure, Paris, France)<\/p>\n<p>62. Sally Wyatt (Universit\u00e9 de Maastricht et Acad\u00e9mie royale n\u00e9erlandaise des arts et des sciences, Pays-Bas)<\/p>","protected":false},"excerpt":{"rendered":"<p>Entit\u00e9s participantes Pour les t\u00e2ches d&#039;\u00e9valuation, l&#039;assistance aux tribunaux, la participation \u00e0 des activit\u00e9s et r\u00e9unions scientifiques et des s\u00e9jours de recherche, la collaboration de professeurs externes d&#039;universit\u00e9s et d&#039;instituts de recherche \u00e9trangers a \u00e9t\u00e9 pr\u00e9vue et convenue. Collaborateurs experts internationaux 1. Bernard Andrieu (Universit\u00e9 Henri-Poincar\u00e9 de Nancy, France) 2. Pablo Ayala Enriquez (Institut Technologique et d&#039;Enseignement Sup\u00e9rieur de\u2026<\/p>","protected":false},"author":1,"featured_media":0,"parent":0,"menu_order":0,"comment_status":"closed","ping_status":"closed","template":"","meta":{"_acf_changed":false,"footnotes":""},"class_list":["post-21","page","type-page","status-publish","hentry"],"acf":[],"publishpress_future_action":{"enabled":false,"date":"2026-04-26 16:35:27","action":"change-status","newStatus":"draft","terms":[],"taxonomy":"","extraData":[]},"publishpress_future_workflow_manual_trigger":{"enabledWorkflows":[]},"_links":{"self":[{"href":"https:\/\/www.ull.es\/doctorados\/filosofia\/fr\/wp-json\/wp\/v2\/pages\/21","targetHints":{"allow":["GET"]}}],"collection":[{"href":"https:\/\/www.ull.es\/doctorados\/filosofia\/fr\/wp-json\/wp\/v2\/pages"}],"about":[{"href":"https:\/\/www.ull.es\/doctorados\/filosofia\/fr\/wp-json\/wp\/v2\/types\/page"}],"author":[{"embeddable":true,"href":"https:\/\/www.ull.es\/doctorados\/filosofia\/fr\/wp-json\/wp\/v2\/users\/1"}],"replies":[{"embeddable":true,"href":"https:\/\/www.ull.es\/doctorados\/filosofia\/fr\/wp-json\/wp\/v2\/comments?post=21"}],"version-history":[{"count":2,"href":"https:\/\/www.ull.es\/doctorados\/filosofia\/fr\/wp-json\/wp\/v2\/pages\/21\/revisions"}],"predecessor-version":[{"id":134,"href":"https:\/\/www.ull.es\/doctorados\/filosofia\/fr\/wp-json\/wp\/v2\/pages\/21\/revisions\/134"}],"wp:attachment":[{"href":"https:\/\/www.ull.es\/doctorados\/filosofia\/fr\/wp-json\/wp\/v2\/media?parent=21"}],"curies":[{"name":"wp","href":"https:\/\/api.w.org\/{rel}","templated":true}]}}