{"id":23,"date":"2018-02-22T11:09:29","date_gmt":"2018-02-22T11:09:29","guid":{"rendered":"http:\/\/localhost\/ull\/doctorados\/?page_id=23"},"modified":"2019-05-24T13:36:06","modified_gmt":"2019-05-24T13:36:06","slug":"justificacion-del-titulo","status":"publish","type":"page","link":"https:\/\/www.ull.es\/doctorados\/filosofia\/fr\/justificacion-del-titulo\/","title":{"rendered":"Justification du titre"},"content":{"rendered":"<h1>Justification du titre<\/h1>\n<p>L\u2019Universit\u00e9, en tant que formatrice de chercheurs et instrument de d\u00e9veloppement national, r\u00e9gional et local, joue un r\u00f4le fondamental dans la soci\u00e9t\u00e9 de la connaissance. Mais une soci\u00e9t\u00e9 de la connaissance est possible si elle parvient \u00e0 r\u00e9pondre \u00e0 trois exigences fondamentales : produire des connaissances, principalement par le biais de travaux de recherche scientifique, diffuser et socialiser ces connaissances par l&#039;enseignement, les rencontres scientifiques, les publications, etc. et troisi\u00e8mement, sa transmission et son exploitation par l\u2019innovation technologique.<\/p>\n<p>Les programmes doctoraux ont un impact fondamental sur la mission premi\u00e8re de l\u2019Universit\u00e9. Selon la structure de l&#039;Espace europ\u00e9en de l&#039;enseignement sup\u00e9rieur, les programmes de doctorat repr\u00e9sentent le troisi\u00e8me et dernier cycle de la carri\u00e8re universitaire d&#039;un \u00e9tudiant universitaire, ainsi que la premi\u00e8re \u00e9tape de la carri\u00e8re d&#039;un chercheur.<\/p>\n<p>Depuis que la IVe Conf\u00e9rence du Processus de Bologne, tenue \u00e0 Bergen en 2005, a soulign\u00e9 la n\u00e9cessit\u00e9 de renforcer les liens entre l&#039;enseignement sup\u00e9rieur et la recherche, l&#039;Association europ\u00e9enne des universit\u00e9s (EUA) a men\u00e9 une \u00e9tude qui pr\u00e9sente les principes de base pour le d\u00e9veloppement du doctorat programmes. Le rapport, Programmes doctoraux dans les universit\u00e9s europ\u00e9ennes : r\u00e9alisations et d\u00e9fis (2007), contient les principales conclusions sur les changements que l&#039;Europe devrait entreprendre si elle veut retenir ou attirer les jeunes chercheurs les plus talentueux. L\u2019objectif est de positionner les universit\u00e9s et les \u00e9tudes postuniversitaires comme l\u2019un des piliers de la nouvelle Europe de la connaissance, ainsi que de placer l\u2019Union europ\u00e9enne en position de concurrencer les \u00c9tats-Unis dans la nouvelle soci\u00e9t\u00e9 de la connaissance.<\/p>\n<p>Dans ce contexte international, la Strat\u00e9gie Universitaire 2015 (UE2015), approuv\u00e9e par le Conseil des Ministres d&#039;Espagne le 30 janvier 2009, apr\u00e8s avoir \u00e9t\u00e9 communiqu\u00e9e \u00e0 la Commission de Science et d&#039;Innovation du Congr\u00e8s des D\u00e9put\u00e9s puis au S\u00e9nat, vise \u00e0 placer l&#039;espagnol au c\u0153ur de la strat\u00e9gie universitaire. les universit\u00e9s dans le cadre de l\u2019Espace europ\u00e9en de l\u2019enseignement sup\u00e9rieur et de la recherche, am\u00e9liorant ainsi leur positionnement mondial.<\/p>\n<p>EU2015 propose ainsi de mener \u00e0 bien une vaste r\u00e9forme structurelle, avec une attention particuli\u00e8re \u00e0 la rationalisation des dipl\u00f4mes de master et de doctorat, \u00e0 travers l&#039;agr\u00e9gation des activit\u00e9s et des objectifs strat\u00e9giques des institutions afin d&#039;\u00ab accro\u00eetre la capacit\u00e9 et l&#039;impact de la recherche \u00bb. , le bien-\u00eatre et la comp\u00e9titivit\u00e9 de l&#039;Espagne.&quot;<\/p>\n<p>Afin de renforcer la capacit\u00e9 de recherche et la comp\u00e9titivit\u00e9 internationale, le Gouvernement espagnol a d\u00e9fini la fourniture de programmes doctoraux de haute qualit\u00e9 comme un objectif strat\u00e9gique. L\u2019Espagne, comme l\u2019Europe, doit augmenter le nombre de chercheurs et les programmes de doctorat sont une pierre angulaire pour atteindre cet objectif. Il s\u2019agit d\u2019organiser les programmes doctoraux de mani\u00e8re plus structur\u00e9e, en les int\u00e9grant dans des \u00e9coles doctorales, en tant qu\u2019unit\u00e9s sp\u00e9cifiques ind\u00e9pendantes, avec une composante de haute qualit\u00e9 dans les programmes.<\/p>\n<p>L&#039;Universit\u00e9 de Murcie, lors du Conseil de Gouvernement du 23 d\u00e9cembre 2011, conform\u00e9ment au D\u00e9cret Royal 99\/2011, du 28 janvier, qui r\u00e9glemente les \u00e9tudes doctorales officielles, a cr\u00e9\u00e9 l&#039;\u00c9cole Doctorale Internationale (EIDUM), avec une strat\u00e9gie claire, selon son R\u00e8glement Int\u00e9rieur : garantir le leadership dans ses domaines de connaissances et une masse critique suffisante de professeurs et de doctorants. \u00c0 cette fin, elle a \u00e9tabli certaines exigences auxquelles doivent satisfaire les programmes doctoraux qui souhaitent la rejoindre (RRI, art. 13) :<\/p>\n<p>1. Que tous les professeurs participants ont une exp\u00e9rience de recherche accr\u00e9dit\u00e9e.<\/p>\n<p>2. Que les professeurs participants justifient d\u2019un financement public ou priv\u00e9 de leurs axes de recherche et d\u2019une production scientifique de qualit\u00e9. Que parmi les professeurs de chaque programme de doctorat, il y en ait au moins cinq qui r\u00e9pondent aux exigences minimales \u00e9tablies pour \u00eatre le coordinateur d&#039;un programme de doctorat comme \u00e9tabli dans le d\u00e9cret royal 99\/2011, du 28 janvier<\/p>\n<p>3. Qu&#039;aucun professeur d&#039;un programme de doctorat rattach\u00e9 \u00e0 une \u00c9cole ne peut participer \u00e0 d&#039;autres programmes de doctorat de l&#039;\u00c9cole elle-m\u00eame ou de l&#039;Universit\u00e9 de Murcie.<\/p>\n<p>4. En outre, les \u00e9l\u00e9ments suivants seront \u00e9valu\u00e9s :<\/p>\n<ul>\n<li>Que les lignes de recherche du programme impliquent des professeurs externes nationaux et internationaux de prestige reconnu, qui s&#039;appuient sur des recherches accr\u00e9dit\u00e9es.<\/li>\n<li>Qu\u2019il s\u2019agit d\u2019un programme interuniversitaire qui repr\u00e9sente une masse critique pertinente au sein d\u2019un domaine de connaissances entier.<\/li>\n<li>Qu\u2019il s\u2019agisse d\u2019un programme international avec la pr\u00e9sence d\u2019universit\u00e9s prestigieuses.<\/li>\n<\/ul>\n<p>Plus pr\u00e9cis\u00e9ment, la quatri\u00e8me disposition transitoire du RRI introduit les exigences suivantes pour l\u2019enregistrement initial aupr\u00e8s de l\u2019EIDUM :<\/p>\n<p>1. Qu\u2019il soit prouv\u00e9 que le programme dispose de l\u2019infrastructure et des ressources mat\u00e9rielles n\u00e9cessaires au bon d\u00e9veloppement de ses lignes de recherche.<\/p>\n<p>2. Que le programme compte au moins 15 m\u00e9decins.<\/p>\n<p>3. Que le 60% du personnel enseignant de chaque programme r\u00e9ponde \u00e0 au moins une des exigences suivantes :<\/p>\n<p>a) Avoir deux mandats de six ans.<\/p>\n<p>b) Avoir un mandat de six ans dont au plus six ans se sont \u00e9coul\u00e9s.<\/p>\n<p>c) Avoir dirig\u00e9 deux th\u00e8ses de doctorat au cours des cinq derni\u00e8res ann\u00e9es<\/p>\n<p>4. Qu&#039;au moins cinq professeurs du programme remplissent les exigences minimales \u00e9tablies pour \u00eatre coordonnateur d&#039;un programme de doctorat comme \u00e9tabli dans le d\u00e9cret royal 99\/2011 du 28 janvier.<\/p>\n<p>5. Chaque \u00e9quipe de recherche doit avoir au moins un projet comp\u00e9titif (international, national ou r\u00e9gional) sur les th\u00e9matiques des axes de recherche du programme. Le financement provenant d\u2019un programme ne peut pas \u00eatre utilis\u00e9 dans la proposition d\u2019un autre programme. Pour que le financement soit accept\u00e9 comme \u00e9tant associ\u00e9 \u00e0 un programme, le chercheur principal ou le responsable doit \u00eatre un professeur dudit programme ou un membre du personnel d&#039;une entit\u00e9 qui y collabore.<\/p>\n<p>6. Que soient r\u00e9pertori\u00e9es 25 contributions scientifiques des cinq derni\u00e8res ann\u00e9es du personnel de recherche participant au programme de doctorat, conform\u00e9ment aux crit\u00e8res \u00e9tablis dans le guide de soutien de l&#039;ANECA pour l&#039;\u00e9valuation pour la v\u00e9rification des \u00e9tudes doctorales officielles.<\/p>\n<p>7. Que le personnel de recherche du programme rapporte au moins 10 th\u00e8ses de doctorat dirig\u00e9es au cours des cinq derni\u00e8res ann\u00e9es, r\u00e9parties entre les \u00e9quipes de recherche du programme avec une r\u00e9f\u00e9rence compl\u00e8te \u00e0 une publication scientifique d\u00e9riv\u00e9e de chacune des dix th\u00e8ses, indiquant les donn\u00e9es d&#039;impact Objectif des r\u00e9sultats.<\/p>\n<p>Compte tenu de ce contexte international, national et institutionnel, six universit\u00e9s espagnoles (Universit\u00e9 d&#039;Alicante ; Universit\u00e9 d&#039;Almer\u00eda ; Universit\u00e9 de Castille-La Manche ; Universit\u00e9 de La Laguna ; Universit\u00e9 de Saragosse ; Universit\u00e9 de Murcie) ont jug\u00e9 n\u00e9cessaire de r\u00e9aliser une alliance strat\u00e9gique pour concevoir un Programme Doctoral Interuniversitaire capable d&#039;\u00eatre int\u00e9gr\u00e9 \u00e0 l&#039;EIDUM et, dans tous les cas, qui serve \u00e0 ajouter des professeurs et des chercheurs autour d&#039;\u00e9quipes de recherche et de Projets avec plus d&#039;impact et d&#039;excellence.<\/p>\n<p>Plus pr\u00e9cis\u00e9ment, notre programme de doctorat interuniversitaire, tel que requis par l&#039;EIDUM RRI,<\/p>\n<p>1. Il b\u00e9n\u00e9ficie de la collaboration de m\u00e9decins internationaux dans toutes ses lignes de recherche. Concr\u00e8tement, 62 chercheurs \u00e9trangers y participent.<\/p>\n<p>2. Il repr\u00e9sente une masse critique pertinente dans le champ philosophique espagnol. Il compte 58 m\u00e9decins (100% des participants nationaux). Parmi eux 14 Professeurs, 36 Professeurs titulaires et 8 Professeurs contractuels Docteurs (permanents)<\/p>\n<p>3. Elle dispose de l\u2019infrastructure et des ressources mat\u00e9rielles n\u00e9cessaires au bon d\u00e9veloppement de ses axes de recherche.<\/p>\n<p>4. 62 06% du personnel enseignant du Programme (36 chercheurs) ont 2 mandats de six ans ou plus. Il existe actuellement 108 p\u00e9riodes de six ans accr\u00e9dit\u00e9es. Le nombre moyen de mandats de six ans pour tous les chercheurs du programme est de 1,86.<\/p>\n<p>5. 20 professeurs (34 48%) ont dirig\u00e9 2 th\u00e8ses ou plus et ont effectu\u00e9 2 mandats de six ans ou plus ; C&#039;est-\u00e0-dire qu&#039;ils remplissent les conditions minimales \u00e9tablies pour \u00eatre coordinateur d&#039;un programme de doctorat telles qu&#039;\u00e9tablies dans le d\u00e9cret royal 99\/2011 du 28 janvier.<\/p>\n<p>8. Toutes les \u00e9quipes de recherche ont au moins 2 projets de recherche comp\u00e9titifs (internationaux, nationaux ou r\u00e9gionaux) sur les th\u00e8mes des axes de recherche du programme et leurs chercheurs principaux sont des professeurs du programme.<\/p>\n<p>9. Accr\u00e9dite 25 contributions scientifiques des cinq derni\u00e8res ann\u00e9es du personnel de recherche participant au programme de doctorat, conform\u00e9ment aux crit\u00e8res \u00e9tablis dans le guide de soutien de l&#039;ANECA pour l&#039;\u00e9valuation pour la v\u00e9rification des \u00e9tudes doctorales officielles.<\/p>\n<p>10. Apporte la preuve d&#039;au moins 10 th\u00e8ses de doctorat soutenues au cours des cinq derni\u00e8res ann\u00e9es, qui ont donn\u00e9 lieu \u00e0 au moins une publication scientifique avec des indications claires de qualit\u00e9.<\/p>\n<p>D\u2019autre part, comme justification acad\u00e9mique, il faut souligner que le Programme de Doctorat Interuniversitaire en Philosophie que nous pr\u00e9sentons est li\u00e9 \u00e0 de larges traditions de recherche. Plus pr\u00e9cis\u00e9ment, il compte parmi ses ant\u00e9c\u00e9dents les programmes de doctorat actuels enseign\u00e9s dans les universit\u00e9s de La Laguna, Saragosse et Murcie.<\/p>\n<p>En effet, les \u00e9tudes doctorales dans le domaine philosophique ont une longue tradition \u00e0 l\u2019Universit\u00e9 de La Laguna. En fait, le programme actuel : \u00ab Philosophie, Culture et Soci\u00e9t\u00e9 \u00bb, int\u00e9gr\u00e9 au sein de son Programme Officiel de Troisi\u00e8me Cycle du m\u00eame nom, et qui a obtenu la Mention d\u2019Excellence du Minist\u00e8re Espagnol de l\u2019\u00c9ducation (R\u00e9solution du 6 octobre 2011). (R\u00e9f\u00e9rence MEE2011-0739, BOE du 20 octobre 2011) pour l&#039;ann\u00e9e acad\u00e9mique 2011\/12 ; 2012\/2013 et 2013\/2014, a ses ant\u00e9c\u00e9dents imm\u00e9diats dans le programme doctoral \u00ab \u00c9pist\u00e9mologie et philosophie pratique \u00bb, en vigueur pendant les exercices biennaux 1999-2001, 2000-2002, 2001-2003 et 2002-2005 et dans le programme doctoral \u00ab Philosophie . \u00ab Th\u00e9orie et pratique dans le monde moderne \u00bb enseign\u00e9 depuis 2004.<\/p>\n<p>C&#039;est \u00e9galement le cas \u00e0 l&#039;Universit\u00e9 de Saragosse, o\u00f9 l&#039;actuel Programme Doctoral d&#039;\u00ab \u00c9tudes Philosophiques \u00bb (RD 1393\/2007 avec date de v\u00e9rification 15\/07\/2009) est le r\u00e9sultat de la transformation du programme pr\u00e9c\u00e9demment enseign\u00e9 \u00e0 la Facult\u00e9. de Philosophie et de Lettres, sous le titre \u00ab Philosophie, Histoire, Pens\u00e9e \u00bb, depuis l\u2019ann\u00e9e universitaire 1994-1995 ; Ainsi, les \u00e9tudes de doctorat en philosophie sont enseign\u00e9es sans interruption \u00e0 la Facult\u00e9 de Philosophie et Lettres de l&#039;Universit\u00e9 de Saragosse depuis au moins 18 ans.<\/p>\n<p>En ce qui concerne l&#039;Universit\u00e9 de Murcie, l&#039;actuel Programme de Doctorat en Philosophie, en vigueur depuis l&#039;ann\u00e9e acad\u00e9mique 2010\/2011, est une transformation du Programme de Doctorat en Philosophie qui a \u00e9t\u00e9 int\u00e9gr\u00e9 au cours de l&#039;ann\u00e9e acad\u00e9mique 2007\/2008 dans le Programme Officiel de Troisi\u00e8me Cycle. Master + Doctorat) et qui, \u00e0 son tour, \u00e9tait une transformation de deux programmes de doctorat ant\u00e9rieurs enseign\u00e9s au D\u00e9partement de Philosophie : \u00ab Espagne et Europe, histoire intellectuelle d&#039;un dialogue \u00bb, qui a obtenu la Mention de Qualit\u00e9 au cours du biennium 2004-2006 et 2005 -2007 (MCD2004-00446\/MCD-2005 00203); et \u00ab La configuration du sujet moderne \u00bb. En tout cas, les \u00e9tudes doctorales dans notre Facult\u00e9 ont \u00e9t\u00e9 enseign\u00e9es sans interruption depuis sa cr\u00e9ation en tant que Facult\u00e9 de Philosophie au cours de l&#039;ann\u00e9e acad\u00e9mique 1992\/1993.<\/p>","protected":false},"excerpt":{"rendered":"<p>Justification du titre L&#039;Universit\u00e9, en tant que formatrice de chercheurs et instrument de d\u00e9veloppement national, r\u00e9gional et local, joue un r\u00f4le fondamental dans la Soci\u00e9t\u00e9 de la Connaissance. Mais une soci\u00e9t\u00e9 de la connaissance est possible si elle r\u00e9pond \u00e0 trois exigences fondamentales : produire des connaissances, principalement par la recherche scientifique, et diffuser et socialiser ces connaissances par\u2026<\/p>","protected":false},"author":1,"featured_media":0,"parent":0,"menu_order":0,"comment_status":"closed","ping_status":"closed","template":"","meta":{"_acf_changed":false,"footnotes":""},"class_list":["post-23","page","type-page","status-publish","hentry"],"acf":[],"publishpress_future_action":{"enabled":false,"date":"2026-04-26 16:35:26","action":"change-status","newStatus":"draft","terms":[],"taxonomy":"","extraData":[]},"publishpress_future_workflow_manual_trigger":{"enabledWorkflows":[]},"_links":{"self":[{"href":"https:\/\/www.ull.es\/doctorados\/filosofia\/fr\/wp-json\/wp\/v2\/pages\/23","targetHints":{"allow":["GET"]}}],"collection":[{"href":"https:\/\/www.ull.es\/doctorados\/filosofia\/fr\/wp-json\/wp\/v2\/pages"}],"about":[{"href":"https:\/\/www.ull.es\/doctorados\/filosofia\/fr\/wp-json\/wp\/v2\/types\/page"}],"author":[{"embeddable":true,"href":"https:\/\/www.ull.es\/doctorados\/filosofia\/fr\/wp-json\/wp\/v2\/users\/1"}],"replies":[{"embeddable":true,"href":"https:\/\/www.ull.es\/doctorados\/filosofia\/fr\/wp-json\/wp\/v2\/comments?post=23"}],"version-history":[{"count":2,"href":"https:\/\/www.ull.es\/doctorados\/filosofia\/fr\/wp-json\/wp\/v2\/pages\/23\/revisions"}],"predecessor-version":[{"id":216,"href":"https:\/\/www.ull.es\/doctorados\/filosofia\/fr\/wp-json\/wp\/v2\/pages\/23\/revisions\/216"}],"wp:attachment":[{"href":"https:\/\/www.ull.es\/doctorados\/filosofia\/fr\/wp-json\/wp\/v2\/media?parent=23"}],"curies":[{"name":"wp","href":"https:\/\/api.w.org\/{rel}","templated":true}]}}