{"id":21,"date":"2018-02-22T11:07:35","date_gmt":"2018-02-22T11:07:35","guid":{"rendered":"http:\/\/localhost\/ull\/doctorados\/?page_id=21"},"modified":"2018-03-11T00:47:42","modified_gmt":"2018-03-11T00:47:42","slug":"entidades-participantes","status":"publish","type":"page","link":"https:\/\/www.ull.es\/doctorados\/filosofia\/entidades-participantes\/","title":{"rendered":"Entidades participantes"},"content":{"rendered":"<h1>Entidades participantes<\/h1>\n<p>Para tareas de evaluaci\u00f3n, asistencia a tribunales, participaci\u00f3n en actividades y\u00a0reuniones cient\u00edficas y estancias investigadoras se ha previsto y acordado la colaboraci\u00f3n\u00a0de profesores externos de universidades e institutos de investigaci\u00f3n extranjeros.<\/p>\n<p><strong>Expertos internacionales colaboradores<\/strong><\/p>\n<p>1. Bernard Andrieu (Universit\u00e9 Henri-Poincar\u00e9 de Nancy, Francia)<\/p>\n<p>2. Pablo Ayala Enriquez (Instituto Tecnol\u00f3gico y de Estudios Superiores de Monterrey, M\u00e9xico)<\/p>\n<p>3. Paul Boghossian\u00a0(New York University,\u00a0EE UU)<\/p>\n<p>4. Luciano Boi (Centre d&#8217;analyse et de math\u00e9matique sociales (CAMS))<\/p>\n<p>5. Isabel Cabrera (UNAM, M\u00e9xico)<\/p>\n<p>6. Pedro Calafate (Universidade de Lisboa, Portugal)<\/p>\n<p>7. Roberto Campos Navarro (Universidad Nacional Aut\u00f3noma de M\u00e9xico, M\u00e9xico)<\/p>\n<p>8. Florence Caeymaex (Universit\u00e9 de Li\u00e8ge,\u00a0Belgique)<\/p>\n<p>9. Annalisa Coliva (University of Modena &amp; Reggio Emilia)<\/p>\n<p>10. Catherine Chalier (Universit\u00e9 Paris Ouest Nanterre,\u00a0Francia)<\/p>\n<p>11. S\u00e9bastien Charles (Universit\u00e9 de Sherbrooke,\u00a0Canad\u00e1)<\/p>\n<p>12. Dominique Ch\u00e2teau (Universidad de Paris, Francia)<\/p>\n<p>13. Alberto Cordero (University of New York,\u00a0EE UU)<\/p>\n<p>14. Paolo Garbolino (University Venice, Italia)<\/p>\n<p>15. Mauricio Correa Casanova (Universidad Pontificia Universidad Cat\u00f3lica de Chile,\u00a0Chile)<\/p>\n<p>16. Tim Crane (Universidad de Cambridge,\u00a0Inglaterra)<\/p>\n<p>17. Boaventura de Sousa Santos (Universidad de Coimbra)<\/p>\n<p>18. Esa D\u00edaz-Le\u00f3n (University of Manitoba, Canad\u00e1)<\/p>\n<p>19. Thomas Dutoit (Universidad de Lille, Francia)<\/p>\n<p>20. Miguel Espinoza (Universit\u00e9 de Strasbourg, Francia)<\/p>\n<p>21. Jordi Fern\u00e1ndez (University of Adelaide,\u00a0Australia)<\/p>\n<p>22. Olivier Feron (Universidade de \u00c9vora y\u00a0Universidad de Lisboa, Portugal)<\/p>\n<p>23. Simona Forti (Universit\u00e0 del Piemonte Orientale, Italia)<\/p>\n<p>24. Ram\u00f3n Grosfoguel\u00a0(University of California, Berkeley)<\/p>\n<p>25. Piotr Jaroszynski\u00a0(Juan Pablo II Universidad Cat\u00f3lica de Lublin,\u00a0Polonia)<\/p>\n<p>26. Wolfgang Heuer (Freien Universit\u00e4t Berlin, Alemania)<\/p>\n<p>27. Robert Hopkins (University of Sheffield (UK))<\/p>\n<p>28. Martin Kusch (Universit\u00e1t Wien)<\/p>\n<p>29. Jacinto Lageira (Universidad de Paris, Francia)<\/p>\n<p>30. Walter Leimgruber (Universidad de Basilea,\u00a0Suiza)<\/p>\n<p>31. John Christian Laursen (University of California,\u00a0EE UU)<\/p>\n<p>32. Francisco Jos\u00e9 Mart\u00edn Cabrero (Universidad de Tur\u00edn, Italia)<\/p>\n<p>33. Maria Stella Martins Bresciani(Universidade Estadual de Campinas, Brasil)<\/p>\n<p>34. Jes\u00fas El\u00edas Michel\u00e9n Embarek (Universidad Cat\u00f3lica Madre y Maestra,\u00a0Santo Domingo,\u00a0Rep\u00fablica Dominicana)<\/p>\n<p>35. Catrin Misselhorn (Universit\u00e4t Stuttgart,\u00a0Alemania)<\/p>\n<p>36. Johannes Moser (Maximilians Universit\u00e4t M\u00fcnchen, Alemania)<\/p>\n<p>37. Ludwig Nagl (University of Vienna, Austria)<\/p>\n<p>38. Eleonora Orlando\u00a0(Universidad de Buenos\u00a0Aires, Argentina)<\/p>\n<p>39. El\u00edas Palti\u00a0(Universidad Nacional de Buenos Aires, Argentina)<\/p>\n<p>40. Susana Pati\u00f1o Gonz\u00e1lez (Instituto Tecnol\u00f3gico y de Estudios Superiores de Monterrey, M\u00e9xico)<\/p>\n<p>41. Gustavo Pereira (Universidad de la Rep\u00fablica, Montevideo,\u00a0Uruguay)<\/p>\n<p>42. Diana In\u00e9s P\u00e9rez (Universidad de Buenos Aires y CONICET.\u00a0Sociedad Argentina De An\u00e1lisis Filos\u00f3fico,\u00a0Argentina)<\/p>\n<p>43. Jovino Pizzi (Universidade Federal de Pelotas,\u00a0Brasil)<\/p>\n<p>44. Miguel \u00c1ngel Polo Santill\u00e1n (Universidad Nacional Mayor de San Marcos, Lima, Per\u00fa)<\/p>\n<p>45. Tuija Pulkinnen (Universidad de Helsinki,\u00a0Finlandia)<\/p>\n<p>46. Mario Teodoro Ram\u00edrez Cobi\u00e1n (Universidad Michoacana de San Nicol\u00e1s de Hidalgo,\u00a0M\u00e9xico)<\/p>\n<p>47. Anna Christina Ribeiro (Texas Tech University, EEUU)<\/p>\n<p>48. Margit Ruffing (Universit\u00e4t Mainz, Alemania)<\/p>\n<p>49. Federica Russo (University of Kent,\u00a0Canterbury,\u00a0Reino Unido)<\/p>\n<p>50. Armando Savignano (Universit\u00e0 degli studi di Trieste, Italia)<\/p>\n<p>51. Hans Rainer Sepp (Universit\u00e4t de Praga (Rep\u00fablica Checa) y\u00a0Technische Universit\u00e4t de Dresden (Alemania))<\/p>\n<p>52. Krzysztof Piotr Skowro\u0144ski (Opole University, Polonia)<\/p>\n<p>53. Juliette Simont (Universit\u00e9 Libre de Bruxelles)<\/p>\n<p>54. David Sosa (University of Texas at Austin,\u00a0EE UU)<\/p>\n<p>55. Alexander Staudacher (Humboldt Universit\u00e4t Berlin)<\/p>\n<p>56. Alison Stone (Universidad de Lancaster,\u00a0Reino Unido)<\/p>\n<p>57. John Symons (University of Kansas,\u00a0EE.UU)<\/p>\n<p>58. Pawel Tarasiewicz (Universidad Cat\u00f3lica de Lublin,\u00a0Polonia)<\/p>\n<p>59. Pierre Verstraeten (Universit\u00e9 Libre de Bruxelles)<\/p>\n<p>60. Jos\u00e9 Zalabardo (University College London,\u00a0Inglaterra)<\/p>\n<p>61. Francis Wolf (\u00c9cole Normale Superieure, Par\u00eds,\u00a0Francia)<\/p>\n<p>62. Sally Wyatt (Maastricht University and Royal Netherlands Academy of Arts &amp; Sciences,\u00a0Holanda)<\/p>\n","protected":false},"excerpt":{"rendered":"<p>Entidades participantes Para tareas de evaluaci\u00f3n, asistencia a tribunales, participaci\u00f3n en actividades y\u00a0reuniones cient\u00edficas y estancias investigadoras se ha previsto y acordado la colaboraci\u00f3n\u00a0de profesores externos de universidades e institutos de investigaci\u00f3n extranjeros. Expertos internacionales colaboradores 1. Bernard Andrieu (Universit\u00e9 Henri-Poincar\u00e9 de Nancy, Francia) 2. Pablo Ayala Enriquez (Instituto Tecnol\u00f3gico y de Estudios Superiores de&#8230;<\/p>\n","protected":false},"author":1,"featured_media":0,"parent":0,"menu_order":0,"comment_status":"closed","ping_status":"closed","template":"","meta":{"_acf_changed":false,"footnotes":""},"class_list":["post-21","page","type-page","status-publish","hentry"],"acf":[],"publishpress_future_action":{"enabled":false,"date":"2026-04-26 15:02:03","action":"change-status","newStatus":"draft","terms":[],"taxonomy":"","extraData":[]},"publishpress_future_workflow_manual_trigger":{"enabledWorkflows":[]},"_links":{"self":[{"href":"https:\/\/www.ull.es\/doctorados\/filosofia\/wp-json\/wp\/v2\/pages\/21","targetHints":{"allow":["GET"]}}],"collection":[{"href":"https:\/\/www.ull.es\/doctorados\/filosofia\/wp-json\/wp\/v2\/pages"}],"about":[{"href":"https:\/\/www.ull.es\/doctorados\/filosofia\/wp-json\/wp\/v2\/types\/page"}],"author":[{"embeddable":true,"href":"https:\/\/www.ull.es\/doctorados\/filosofia\/wp-json\/wp\/v2\/users\/1"}],"replies":[{"embeddable":true,"href":"https:\/\/www.ull.es\/doctorados\/filosofia\/wp-json\/wp\/v2\/comments?post=21"}],"version-history":[{"count":2,"href":"https:\/\/www.ull.es\/doctorados\/filosofia\/wp-json\/wp\/v2\/pages\/21\/revisions"}],"predecessor-version":[{"id":134,"href":"https:\/\/www.ull.es\/doctorados\/filosofia\/wp-json\/wp\/v2\/pages\/21\/revisions\/134"}],"wp:attachment":[{"href":"https:\/\/www.ull.es\/doctorados\/filosofia\/wp-json\/wp\/v2\/media?parent=21"}],"curies":[{"name":"wp","href":"https:\/\/api.w.org\/{rel}","templated":true}]}}