{"id":277,"date":"2018-07-24T12:42:33","date_gmt":"2018-07-24T12:42:33","guid":{"rendered":"http:\/\/www.ull.es\/doctorados\/?page_id=277"},"modified":"2020-11-04T09:02:52","modified_gmt":"2020-11-04T09:02:52","slug":"listados-acceso-doctorado","status":"publish","type":"page","link":"https:\/\/www.ull.es\/doctorados\/fr\/listados-acceso-doctorado\/","title":{"rendered":"Listes d&#039;acc\u00e8s au doctorat"},"content":{"rendered":"<p>[vc_row][vc_column][vc_column_text]<\/p>\n<h1>Convocatoria extraordinaria<\/h1>\n<p>[\/vc_column_text][vc_tta_accordion shape=\u00bbsquare\u00bb c_icon=\u00bbchevron\u00bb c_position=\u00bbright\u00bb active_section=\u00bb\u00bb no_fill=\u00bbtrue\u00bb collapsible_all=\u00bbtrue\u00bb][vc_tta_section title=\u00bbListados de acceso y admisi\u00f3n\u00bb tab_id=\u00bblistados-acceso-extraordinaria\u00bb][vc_column_text]Puede consultar los listados de acceso y admisi\u00f3n para la convocatoria extraordinaria en el siguiente <a href=\"https:\/\/docs.google.com\/document\/d\/e\/2PACX-1vQKgc0NKFrYDiLiyW_uvzNTPsnujEfWGpOiNpEOoEH560RY913ZexJXagAIvP18uZu0_ifF2TArCw-s\/pub\" target=\"_blank\" rel=\"noopener noreferrer\" target=\"_blank\" rel=\"noopener\"><strong>enlace<\/strong><\/a>.<\/p>\n<p>La publicaci\u00f3n de estas listas surtir\u00e1 efectos de\u00a0<b>notificaci\u00f3n oficial<\/b><b>.<\/b>\u00a0\u00a0Si la Universidad de La Laguna apreciase incorrecci\u00f3n u omisi\u00f3n en las mismas, podr\u00e1 proceder a su rectificaci\u00f3n.[\/vc_column_text][\/vc_tta_section][\/vc_tta_accordion][vc_column_text]<\/p>\n<h1>Convocatoria ordinaria<\/h1>\n<p>[\/vc_column_text][\/vc_column][\/vc_row][vc_row][vc_column][vc_tta_accordion shape=\u00bbsquare\u00bb c_icon=\u00bbchevron\u00bb c_position=\u00bbright\u00bb active_section=\u00bb\u00bb no_fill=\u00bbtrue\u00bb collapsible_all=\u00bbtrue\u00bb][vc_tta_section title=\u00bbListados de acceso y admisi\u00f3n\u00bb tab_id=\u00bblistados-acceso-admision\u00bb][vc_column_text]Puede consultar los listados de acceso y admisi\u00f3n para la convocatoria ordinaria de junio en el siguiente <strong>enlace<\/strong>.<\/p>\n<p>La publicaci\u00f3n de estas listas surtir\u00e1 efectos de\u00a0<b>notificaci\u00f3n oficial<\/b><b>.<\/b>\u00a0\u00a0Si la Universidad de La Laguna apreciase incorrecci\u00f3n u omisi\u00f3n en las mismas, podr\u00e1 proceder a su rectificaci\u00f3n.[\/vc_column_text][\/vc_tta_section][\/vc_tta_accordion][\/vc_column][\/vc_row][vc_row][vc_column][\/vc_column][\/vc_row]<\/p>\n","protected":false},"excerpt":{"rendered":"<p>[vc_row][vc_column][vc_column_text] Convocatoria extraordinaria [\/vc_column_text][vc_tta_accordion shape=\u00bbsquare\u00bb c_icon=\u00bbchevron\u00bb c_position=\u00bbright\u00bb active_section=\u00bb\u00bb no_fill=\u00bbtrue\u00bb collapsible_all=\u00bbtrue\u00bb][vc_tta_section title=\u00bbListados de acceso y admisi\u00f3n\u00bb tab_id=\u00bblistados-acceso-extraordinaria\u00bb][vc_column_text]Puede consultar los listados de acceso y admisi\u00f3n para la convocatoria extraordinaria en el siguiente enlace. La publicaci\u00f3n de estas listas surtir\u00e1 efectos de\u00a0notificaci\u00f3n oficial.\u00a0\u00a0Si la Universidad de La Laguna apreciase incorrecci\u00f3n u omisi\u00f3n en las mismas, podr\u00e1 proceder a&#8230;<\/p>\n","protected":false},"author":7,"featured_media":0,"parent":0,"menu_order":0,"comment_status":"closed","ping_status":"closed","template":"","meta":{"_acf_changed":false,"footnotes":""},"class_list":["post-277","page","type-page","status-publish","hentry"],"acf":[],"publishpress_future_action":{"enabled":false,"date":"2026-04-17 14:33:22","action":"change-status","newStatus":"draft","terms":[],"taxonomy":"","extraData":[]},"publishpress_future_workflow_manual_trigger":{"enabledWorkflows":[]},"_links":{"self":[{"href":"https:\/\/www.ull.es\/doctorados\/fr\/wp-json\/wp\/v2\/pages\/277","targetHints":{"allow":["GET"]}}],"collection":[{"href":"https:\/\/www.ull.es\/doctorados\/fr\/wp-json\/wp\/v2\/pages"}],"about":[{"href":"https:\/\/www.ull.es\/doctorados\/fr\/wp-json\/wp\/v2\/types\/page"}],"author":[{"embeddable":true,"href":"https:\/\/www.ull.es\/doctorados\/fr\/wp-json\/wp\/v2\/users\/7"}],"replies":[{"embeddable":true,"href":"https:\/\/www.ull.es\/doctorados\/fr\/wp-json\/wp\/v2\/comments?post=277"}],"version-history":[{"count":10,"href":"https:\/\/www.ull.es\/doctorados\/fr\/wp-json\/wp\/v2\/pages\/277\/revisions"}],"predecessor-version":[{"id":775,"href":"https:\/\/www.ull.es\/doctorados\/fr\/wp-json\/wp\/v2\/pages\/277\/revisions\/775"}],"wp:attachment":[{"href":"https:\/\/www.ull.es\/doctorados\/fr\/wp-json\/wp\/v2\/media?parent=277"}],"curies":[{"name":"wp","href":"https:\/\/api.w.org\/{rel}","templated":true}]}}