{"id":41,"date":"2018-04-10T09:03:18","date_gmt":"2018-04-10T09:03:18","guid":{"rendered":"http:\/\/www.ull.es\/doctorados\/?page_id=41"},"modified":"2025-03-17T08:32:04","modified_gmt":"2025-03-17T08:32:04","slug":"titulo-doctor","status":"publish","type":"page","link":"https:\/\/www.ull.es\/doctorados\/fr\/titulo-doctor\/","title":{"rendered":"Doctorat"},"content":{"rendered":"<style>\/*! elementor - v3.21.0 - 25-04-2024 *\/\n.elementor-column .elementor-spacer-inner{height:var(--spacer-size)}.e-con{--container-widget-width:100%}.e-con-inner>.elementor-widget-spacer,.e-con>.elementor-widget-spacer{width:var(--container-widget-width,var(--spacer-size));--align-self:var(--container-widget-align-self,initial);--flex-shrink:0}.e-con-inner>.elementor-widget-spacer>.elementor-widget-container,.e-con>.elementor-widget-spacer>.elementor-widget-container{height:100%;width:100%}.e-con-inner>.elementor-widget-spacer>.elementor-widget-container>.elementor-spacer,.e-con>.elementor-widget-spacer>.elementor-widget-container>.elementor-spacer{height:100%}.e-con-inner>.elementor-widget-spacer>.elementor-widget-container>.elementor-spacer>.elementor-spacer-inner,.e-con>.elementor-widget-spacer>.elementor-widget-container>.elementor-spacer>.elementor-spacer-inner{height:var(--container-widget-height,var(--spacer-size))}.e-con-inner>.elementor-widget-spacer.elementor-widget-empty,.e-con>.elementor-widget-spacer.elementor-widget-empty{position:relative;min-height:22px;min-width:22px}.e-con-inner>.elementor-widget-spacer.elementor-widget-empty .elementor-widget-empty-icon,.e-con>.elementor-widget-spacer.elementor-widget-empty .elementor-widget-empty-icon{position:absolute;top:0;bottom:0;left:0;right:0;margin:auto;padding:0;width:22px;height:22px}<\/style>\n<style>\/*! elementor - v3.21.0 - 25-04-2024 *\/\n.elementor-heading-title{padding:0;margin:0;line-height:1}.elementor-widget-heading .elementor-heading-title[class*=elementor-size-]>a{color:inherit;font-size:inherit;line-height:inherit}.elementor-widget-heading .elementor-heading-title.elementor-size-small{font-size:15px}.elementor-widget-heading .elementor-heading-title.elementor-size-medium{font-size:19px}.elementor-widget-heading .elementor-heading-title.elementor-size-large{font-size:29px}.elementor-widget-heading .elementor-heading-title.elementor-size-xl{font-size:39px}.elementor-widget-heading .elementor-heading-title.elementor-size-xxl{font-size:59px}<\/style>\n<h2>OFERTA DE DOCTORADOS UNIVERSITARIOS CURSO 2025-2026<\/h2>\n<h1>T\u00edtulo de Doctor<\/h1>\n<ul>\n<li>Cumplimentar la\u00a0<a href=\"https:\/\/sede.ull.es\/ecivilis-site\/catalog\/showProcedure\/151\" target=\"_blank\" rel=\"noopener\" target=\"_blank\" rel=\"noopener\">solicitud<\/a><\/li>\n<li>Copia del DNI vigente<\/li>\n<li>Copia del t\u00edtulo de Licenciado\/a, en el caso de quienes accedieron con el DEA o Suficiencia Investigadora)<\/li>\n<li>Copia del t\u00edtulo de M\u00e1ster, en el caso de quienes optaron por este acceso<\/li>\n<li>Abonar las tasas correspondientes<\/li>\n<\/ul>\n<p><b>(La carta de pago les ser\u00e1 remitida, una vez presenten la solicitud por sede electr\u00f3nica)<\/b><\/p>\n<link rel=\"stylesheet\" href=\"https:\/\/www.ull.es\/doctorados\/wp-content\/uploads\/elementor\/css\/custom-widget-icon-box.min.css?ver=1738831593\">\n<h3>\n\t\t\t\t\t\t\tINFORMACI\u00d3N DE  CONTACTO<br \/>\n\t\t\t\t\t<\/h3>\n<p>\n\t\t\t\t\t\t<b>Direcci\u00f3n:<\/b> Avda. Astrof\u00edsico Francisco S\u00e1nchez, SN. Edificio Calabaza \u2013 AN.2D Apdo. 456 38200 San Crist\u00f3bal de La Laguna<br \/>\n<b>Tel\u00e9fono:<\/b> (+34) 922 31 72 67<br \/>\n<strong>Correo: <\/strong><a style=\"color: #000000\" href=\"mailto:doctorado@ull.es\" target=\"_blank\" rel=\"noopener\" target=\"_blank\" rel=\"noopener\">\u00a0doctorado@ull.es<\/a><br \/>\n<strong><br \/>\nOnline:\u00a0<\/strong><a style=\"color: #000000;text-decoration: underline\" href=\"https:\/\/www.ull.es\/centros\/escuela-doctorado-estudios-posgrado\" target=\"blank\" rel=\"noopener noreferrer\" target=\"_blank\" rel=\"noopener\">P\u00e1gina web<\/a> \/<a style=\"color: #000000;text-decoration: underline\" href=\"http:\/\/citaprevia.ull.es\/index.php?s=edpo\" target=\"_blank\" rel=\"noopener\" target=\"_blank\" rel=\"noopener\">Cita previa \/ <\/a><a style=\"color: #000000\" href=\"https:\/\/sede.ull.es\/ecivilis-site\/catalog\/showProcedure\/484\" target=\"_blank\" rel=\"noopener\" target=\"_blank\" rel=\"noopener\">Procedimiento para quejas, sugerencias y felicitaciones\t\t\t\t\t<\/p>\n","protected":false},"excerpt":{"rendered":"<p>OFFRE DE DOCTORATS UNIVERSITAIRES POUR L&#039;ANN\u00c9E ACAD\u00c9MIQUE 2025-2026 Doctorat Remplissez le formulaire de candidature Copie de votre pi\u00e8ce d&#039;identit\u00e9 actuelle Copie de votre licence, dans le cas de ceux qui ont \u00e9t\u00e9 admis avec le DEA ou la suffisance de recherche Copie de votre master, dans le cas de ceux qui ont opt\u00e9 pour cet acc\u00e8s Payez les frais correspondants (La lettre de paiement sera\u2026<\/p>","protected":false},"author":1,"featured_media":0,"parent":0,"menu_order":5,"comment_status":"closed","ping_status":"closed","template":"elementor_header_footer","meta":{"_acf_changed":false,"footnotes":""},"class_list":["post-41","page","type-page","status-publish","hentry"],"acf":[],"publishpress_future_action":{"enabled":false,"date":"2026-04-05 16:20:37","action":"change-status","newStatus":"draft","terms":[],"taxonomy":"","extraData":[]},"publishpress_future_workflow_manual_trigger":{"enabledWorkflows":[]},"_links":{"self":[{"href":"https:\/\/www.ull.es\/doctorados\/fr\/wp-json\/wp\/v2\/pages\/41","targetHints":{"allow":["GET"]}}],"collection":[{"href":"https:\/\/www.ull.es\/doctorados\/fr\/wp-json\/wp\/v2\/pages"}],"about":[{"href":"https:\/\/www.ull.es\/doctorados\/fr\/wp-json\/wp\/v2\/types\/page"}],"author":[{"embeddable":true,"href":"https:\/\/www.ull.es\/doctorados\/fr\/wp-json\/wp\/v2\/users\/1"}],"replies":[{"embeddable":true,"href":"https:\/\/www.ull.es\/doctorados\/fr\/wp-json\/wp\/v2\/comments?post=41"}],"version-history":[{"count":17,"href":"https:\/\/www.ull.es\/doctorados\/fr\/wp-json\/wp\/v2\/pages\/41\/revisions"}],"predecessor-version":[{"id":3618,"href":"https:\/\/www.ull.es\/doctorados\/fr\/wp-json\/wp\/v2\/pages\/41\/revisions\/3618"}],"wp:attachment":[{"href":"https:\/\/www.ull.es\/doctorados\/fr\/wp-json\/wp\/v2\/media?parent=41"}],"curies":[{"name":"wp","href":"https:\/\/api.w.org\/{rel}","templated":true}]}}