{"id":476,"date":"2019-02-28T09:02:47","date_gmt":"2019-02-28T09:02:47","guid":{"rendered":"http:\/\/www.ull.es\/doctorados\/?page_id=476"},"modified":"2026-03-25T16:04:50","modified_gmt":"2026-03-25T16:04:50","slug":"circulares-e-instrucciones","status":"publish","type":"page","link":"https:\/\/www.ull.es\/doctorados\/fr\/circulares-e-instrucciones\/","title":{"rendered":"Circulaires et instructions"},"content":{"rendered":"\n<div class=\"wp-block-stackable-columns alignfull stk-block-columns stk-block stk-2314a6b\" data-block-id=\"2314a6b\"><style>.stk-2314a6b {padding-bottom:0px !important;margin-top:-30px !important;margin-bottom:0px !important;}<\/style><div class=\"stk-row stk-inner-blocks stk-block-content stk-content-align stk-2314a6b-column alignfull\">\n<div class=\"wp-block-stackable-column stk-block-column stk-column stk-block stk-1d1764d\" data-v=\"4\" data-block-id=\"1d1764d\"><div class=\"stk-column-wrapper stk-block-column__content stk-container stk-1d1764d-container stk--no-background stk--no-padding\"><div class=\"stk-block-content stk-inner-blocks stk-1d1764d-inner-blocks\"><style id=\"depicter-14-inline-pre-css\">\n\n.depicter-14:not(.depicter-ready){\n\theight:500px;\n}\n\n\/***** Tablet *****\/\n@media screen and (max-width: 1024px){\n\n.depicter-14:not(.depicter-ready){\n\theight:700px;\n}\n\n}\n\/***** Mobile *****\/\n@media screen and (max-width: 767px){\n\n.depicter-14:not(.depicter-ready){\n\theight:360px;\n}\n\n}\n<\/style>\n<div id=\"depicter-14\" class=\"depicter depicter-document depicter-revert depicter-14 depicter-layout-fullwidth\">\n\n<div class=\"depicter-loading-container depicter-loading dotFlashing-dark\"><div class=\"depicter-loading-dark depicter-dot-flashing\">\n   <span><\/span>\n   <span><\/span>\n   <span><\/span>\n<\/div>\n<\/div>\n<div id=\"depicter-14-section-1\" class=\"depicter-section depicter-14-section-1\" data-name=\"Section 1\" data-type=\"section\" data-local-id=\"section-1\">\n<picture class=\"depicter-bg\">\n<source data-depicter-srcset=\"https:\/\/www.ull.es\/doctorados\/wp-content\/uploads\/2026\/03\/mobile-1-7047.jpg, https:\/\/www.ull.es\/doctorados\/wp-content\/uploads\/2026\/03\/mobile-1-7047-1000x1100.jpg 2x\" srcset=\"data:image\/gif;base64,R0lGODlhAQABAIAAAAAAAP\/\/\/yH5BAEAAAAALAAAAAABAAEAAAIBRAA7\" media=\"(max-width: 767px)\" \/>\n\n<source data-depicter-srcset=\"https:\/\/www.ull.es\/doctorados\/wp-content\/uploads\/2026\/03\/mobile-3.jpg, https:\/\/www.ull.es\/doctorados\/wp-content\/uploads\/2026\/03\/mobile-3-1000x1100.jpg 2x\" srcset=\"data:image\/gif;base64,R0lGODlhAQABAIAAAAAAAP\/\/\/yH5BAEAAAAALAAAAAABAAEAAAIBRAA7\" media=\"(max-width: 1024px)\" \/>\n\n<source data-depicter-srcset=\"https:\/\/www.ull.es\/doctorados\/wp-content\/uploads\/2026\/03\/web-4.jpg, https:\/\/www.ull.es\/doctorados\/wp-content\/uploads\/2026\/03\/web-4-1920x600.jpg 2x\" srcset=\"data:image\/gif;base64,R0lGODlhAQABAIAAAAAAAP\/\/\/yH5BAEAAAAALAAAAAABAAEAAAIBRAA7\" media=\"(min-width: 1025px)\" \/>\n<img decoding=\"async\" src=\"data:image\/gif;base64,R0lGODlhAQABAIAAAAAAAP\/\/\/yH5BAEAAAAALAAAAAABAAEAAAIBRAA7\" data-ken-burns=\"{'scale':1,'duration':'5000','focalPoint':{'x':0.5,'y':0.38000000000000000444089209850062616169452667236328125},'easing':'linear'}\" data-tablet-ken-burns=\"{'scale':0.75,'duration':0,'focalPoint':{'x':0.5,'y':0.38000000000000000444089209850062616169452667236328125},'easing':'linear'}\" data-mobile-ken-burns=\"{'scale':1,'duration':0,'focalPoint':{'x':0.5,'y':0.38000000000000000444089209850062616169452667236328125},'easing':'linear'}\" alt=\"\" data-depicter-src=\"https:\/\/www.ull.es\/doctorados\/wp-content\/uploads\/2026\/03\/web-4.jpg\" data-object-fit=\"cover,custom,custom\" data-object-position=\",,center center\" data-crop=\"{'focalPoint':{'x':0.5,'y':0.5},'mediaSize':{'width':1280,'height':400}}\" data-tablet-crop=\"{'focalPoint':{'x':0.5,'y':0.5},'mediaSize':{'width':1024,'height':1126.40000000000009094947017729282379150390625}}\" data-mobile-crop=\"{'focalPoint':{'x':0.5,'y':0.38000000000000000444089209850062616169452667236328125},'mediaSize':{'width':767,'height':843}}\" \/>\n<\/picture>\n\n\n<picture id=\"depicter-14-element-19\" class=\"depicter-element depicter-layer depicter-14-element-19\" data-type=\"image\" data-wrap=\"true\" data-name=\"Image 12\" data-local-id=\"element-19\" data-offset=\"x:-192px;y:-373px;origin:tl\" data-tablet-offset=\"x:-299px;y:-254px;origin:tl\" data-mobile-offset=\"x:-22px;y:-30px;origin:tl\" data-width=\"262px,262px,403px\" data-height=\"288px,288px,442px\" data-responsive-scale=\"true,,\" data-crop=\"false\">\n<source data-depicter-srcset=\"https:\/\/www.ull.es\/doctorados\/wp-content\/uploads\/2026\/03\/mobile-3-403x442.jpg, https:\/\/www.ull.es\/doctorados\/wp-content\/uploads\/2026\/03\/mobile-3-806x884.jpg 2x\" srcset=\"data:image\/gif;base64,R0lGODlhAQABAIAAAAAAAP\/\/\/yH5BAEAAAAALAAAAAABAAEAAAIBRAA7\" media=\"(max-width: 767px)\" \/>\n\n<source data-depicter-srcset=\"https:\/\/www.ull.es\/doctorados\/wp-content\/uploads\/2026\/03\/mobile-3-262x288.jpg, https:\/\/www.ull.es\/doctorados\/wp-content\/uploads\/2026\/03\/mobile-3-524x576.jpg 2x\" srcset=\"data:image\/gif;base64,R0lGODlhAQABAIAAAAAAAP\/\/\/yH5BAEAAAAALAAAAAABAAEAAAIBRAA7\" media=\"(min-width: 768px)\" \/>\n<img decoding=\"async\" src=\"data:image\/gif;base64,R0lGODlhAQABAIAAAAAAAP\/\/\/yH5BAEAAAAALAAAAAABAAEAAAIBRAA7\" data-depicter-src=\"https:\/\/www.ull.es\/doctorados\/wp-content\/uploads\/2026\/03\/mobile-3-262x288.jpg\" alt=\"\" \/>\n<\/picture>\n<h2 id=\"depicter-14-element-15\" class=\"depicter-element depicter-layer depicter-14-element-15\" data-type=\"text\" data-wrap=\"true\" data-name=\"Text 3\" data-local-id=\"element-15\" data-offset=\"x:390px;y:202px;origin:tl\" data-tablet-offset=\"x:59px;y:308px;origin:tl\" data-mobile-offset=\"x:0px;y:173px;origin:tl\" data-width=\"421px,906px,360px\" data-height=\"auto,auto,auto\" data-responsive-scale=\"true,,\">Doctorados<br><\/h2>\n\n<div id=\"depicter-14-element-16\" class=\"depicter-element depicter-layer depicter-14-element-16\" data-type=\"shape\" data-wrap=\"true\" data-name=\"Shape 1\" data-local-id=\"element-16\" data-offset=\"x:390px;y:304px;origin:tl\" data-tablet-offset=\"x:364px;y:398px;origin:tl\" data-mobile-offset=\"x:96px;y:209px;origin:tl\" data-width=\"405px,297px,172px\" data-height=\"8px,8px,8px\" data-responsive-scale=\"true,,\"><\/div>\n<\/div>\n<\/div>\n<script>\n(window.depicterSetups = window.depicterSetups || []).push(function(){\n\tDepicter.basePath = 'https:\/\/www.ull.es\/doctorados\/wp-content\/plugins\/depicter\/resources\/scripts\/player\/';\n\tconst dpPlayer = Depicter.setup('.depicter-14',\n\t\t{\"width\":[\"1200\",\"1024\",\"360\"],\"height\":[\"500\",\"700\",\"360\"],\"view\":\"basic\",\"keepAspectRatio\":true,\"preload\":0,\"layout\":\"fullwidth\",\"rtl\":false,\"initAfterAppear\":false,\"ajaxApiUrl\":\"https:\\\/\\\/www.ull.es\\\/doctorados\\\/wp-admin\\\/admin-ajax.php\",\"mouseSwipe\":true,\"touchSwipe\":true,\"useWatermark\":false}\n\t);\n});\n<\/script><\/div><\/div><\/div>\n<\/div><\/div>\n\n\n\n<div class=\"wp-block-stackable-heading alignfull stk-block-heading stk-block-heading--v2 stk-block stk-67e3263 stk-block-background\" id=\"oferta-de-doctorados-universitarios-curso-2026-2027\" data-block-id=\"67e3263\"><style>.stk-67e3263 {background-color:#f33f4e !important;padding-top:35px !important;padding-bottom:35px !important;margin-top:-40px !important;margin-bottom:41px !important;}.stk-67e3263:before{background-color:#f33f4e !important;}.stk-67e3263 .stk-block-heading__text{font-size:20px !important;color:#ffffff !important;font-weight:500 !important;font-family:\"ArgentumSans\", Sans-serif !important;}@media screen and (max-width: 1023px){.stk-67e3263 .stk-block-heading__text{font-size:20px !important;}}<\/style><h2 class=\"stk-block-heading__text has-text-color has-text-align-center\">OFERTA DE DOCTORADOS UNIVERSITARIOS CURSO 2026-2027<\/h2><\/div>\n\n\n\n<div class=\"wp-block-stackable-columns alignwide stk-block-columns stk-block stk-6d3c23a\" data-block-id=\"6d3c23a\"><style>.stk-6d3c23a {padding-right:5% !important;padding-left:5% !important;}.stk-6d3c23a-column{--stk-column-gap:35px !important;}<\/style><div class=\"stk-row stk-inner-blocks stk-block-content stk-content-align stk-6d3c23a-column alignwide\">\n<div class=\"wp-block-stackable-column stk-block-column stk-column stk-block stk-c85aebf\" data-v=\"4\" data-block-id=\"c85aebf\"><style>.stk-c85aebf {padding-right:5% !important;}@media screen and (min-width: 768px){.stk-c85aebf {flex:var(--stk-flex-grow, 1) 1 calc(70% - var(--stk-column-gap, 0px) * 1 \/ 2 ) !important;}}<\/style><div class=\"stk-column-wrapper stk-block-column__content stk-container stk-c85aebf-container stk--no-background stk--no-padding\"><div class=\"stk-block-content stk-inner-blocks stk-c85aebf-inner-blocks\">\n<div class=\"wp-block-stackable-heading stk-block-heading stk-block-heading--v2 stk-block stk-37ecbc0\" id=\"circulares-e-instrucciones\" data-block-id=\"37ecbc0\"><style>.stk-37ecbc0 {margin-bottom:40px !important;}.stk-37ecbc0 .stk-block-heading__text{color:#000000 !important;font-weight:700 !important;}<\/style><h1 class=\"stk-block-heading__text has-text-color\">Circulares e instrucciones<\/h1><\/div>\n\n\n\n<ul class=\"wp-block-list\">\n<li><a href=\"https:\/\/drive.google.com\/file\/d\/1xKhs4_T_rYJbyDpYZ6ZcJ6AvJUhPkx0I\/view?usp=sharing\" target=\"_blank\" rel=\"noopener\">Instrucci\u00f3n de la Secretaria de la Escuela de Doctorado de la Universidad de La Laguna por la que se establece el procedimiento y los plazos para las evaluaciones externas obligatorias del proceso de solicitud de dep\u00f3sito y defensa de la tesis doctoral.<\/a><\/li>\n\n\n\n<li><a href=\"https:\/\/drive.google.com\/file\/d\/16K1S3iC41_IyceZOUxbzzs3CKS6NsCSJ\/view?usp=sharing\" target=\"_blank\" rel=\"noopener\">Nueva Instrucci\u00f3n por la que se regula el procedimiento de acceso, admisi\u00f3n y matr\u00edcula en el Programa de Doctorado en Ciencias de la Educaci\u00f3n por la Universidad de La Laguna para el curso acad\u00e9mico 2024-25<\/a><\/li>\n\n\n\n<li><a href=\"https:\/\/drive.google.com\/file\/d\/1A5usQlpm8xv8Fa6PJSia2mGGSH1WaIms\/view?usp=sharing\" target=\"_blank\" rel=\"noopener\">Instrucci\u00f3n por la que se regula el procedimiento de acceso, admisi\u00f3n y matr\u00edcula en el Programa de Doctorado en Ciencias de la Educaci\u00f3n por la Universidad de La Laguna para el curso acad\u00e9mico 2024-25 (DEROGADA)<\/a><\/li>\n\n\n\n<li><a href=\"https:\/\/drive.google.com\/file\/d\/1sQ4zhKibDGOYVVMz6MvspktvJbzY8MyK\/view\" target=\"_blank\" rel=\"noopener\">Nueva instrucci\u00f3n del Director de la Escuela de Doctorado y Estudios de Posgrado por la que se regula la anulaci\u00f3n de matr\u00edcula, los plazos y formas de pago en las ense\u00f1anzas oficiales de doctorado para el curso acad\u00e9mico 2024-25<\/a><\/li>\n\n\n\n<li><a href=\"https:\/\/drive.google.com\/file\/d\/1b1xc1jXbp_rsOmkfAoXwWikAxy37H8qG\/view?usp=sharing\" target=\"_blank\" rel=\"noopener\">Resoluci\u00f3n de la Escuela de Doctorado y Estudios de Posgrado de la Universidad de La Laguna por la que se establece el calendario acad\u00e9mico de Doctorado para el curso 2024-2025<\/a><\/li>\n<\/ul>\n<\/div><\/div><\/div>\n\n\n\n<div class=\"wp-block-stackable-column stk-block-column stk-column stk-block stk-901a5ad\" data-v=\"4\" data-block-id=\"901a5ad\"><style>@media screen and (min-width: 768px){.stk-901a5ad {flex:var(--stk-flex-grow, 1) 1 calc(30% - var(--stk-column-gap, 0px) * 1 \/ 2 ) !important;}}<\/style><div class=\"stk-column-wrapper stk-block-column__content stk-container stk-901a5ad-container stk--no-background stk--no-padding\"><div class=\"stk-block-content stk-inner-blocks stk-901a5ad-inner-blocks\">\n<div style=\"border:2px solid black; padding:0px 30px 30px 25px;\"><h4><span style=\"color: #f33f4e; font-size: 16px;\"><strong>INFORMACI\u00d3N DE CONTACTO<\/strong><\/span><\/h4>\n<p style=\"font-size: 12px; line-height: 12px; font-weight: 500;\"><strong style=\"font-weight: 500;\">Direcci\u00f3n : <\/strong><span style=\"font-weight: 400;\">Avda. Astrof\u00edsico Francisco S\u00e1nchez, SN. Edificio Calabaza\u00a0 38200 San Crist\u00f3bal de La Laguna.<\/span><\/p>\n<p style=\"font-size: 12px; line-height: 12px; font-weight: 500;\"><strong style=\"font-weight: 500;\">Tel\u00e9fono<\/strong>: <span style=\"color: #000000; line-height: 12px; font-weight: 400;\"><a style=\"color: #000000;\" target=\"_blank\" rel=\"noopener\" target=\"_blank\" rel=\"noopener\">(+34) 922 31 72 67 \/ 922 31 72 69<\/a><\/span><\/p>\n<p style=\"font-size: 12px; line-height: 12px; font-weight: 500;\"><strong style=\"font-weight: 500;\">Correo<\/strong>: <span style=\"color: #000000; line-height: 2px; font-weight: 400;\"><a style=\"color: #000000;\" href=\"mailto:doctorado@ull.es\" target=\"_blank\" rel=\"noopener\" target=\"_blank\" rel=\"noopener\">doctorado@ull.es<\/a><\/span><\/p>\n<p style=\"font-size: 12px; line-height: 12px; font-weight: 500;\"><strong style=\"font-weight: 500;\">Online:\u00a0<\/strong><a href=\"https:\/\/www.ull.es\/doctorados\" target=\"_blank\" rel=\"noopener\" target=\"_blank\" rel=\"noopener\">\u00a0<span style=\"color: #000000; text-decoration: underline; font-weight: 400;\">P\u00e1gina web<\/span><\/a> \/ <a href=\"http:\/\/citaprevia.ull.es\/index.php?s=edpo\" target=\"_blank\" rel=\"noopener\" target=\"_blank\" rel=\"noopener\">\u00a0<span style=\"color: #000000; text-decoration: underline; font-weight: 400;\">Cita previa<\/span><\/a> \/ <a href=\"https:\/\/sede.ull.es\/ecivilis-site\/catalog\/showProcedure\/484\" target=\"_blank\" rel=\"noopener\" target=\"_blank\" rel=\"noopener\">\u00a0<span style=\"color: #000000; text-decoration: underline; font-weight: 400;\">Procedimiento para quejas, sugerencias y felicitaciones<\/span><\/a><\/p><\/div>\n<\/div><\/div><\/div>\n<\/div><\/div>\n","protected":false},"excerpt":{"rendered":"<p>OFERTA DE DOCTORADOS UNIVERSITARIOS CURSO 2026-2027 Circulares e instrucciones INFORMACI\u00d3N DE CONTACTO Direcci\u00f3n : Avda. Astrof\u00edsico Francisco S\u00e1nchez, SN. Edificio Calabaza\u00a0 38200 San Crist\u00f3bal de La Laguna. Tel\u00e9fono: (+34) 922 31 72 67 \/ 922 31 72 69 Correo: doctorado@ull.es Online:\u00a0\u00a0P\u00e1gina web \/ \u00a0Cita previa \/ \u00a0Procedimiento para quejas, sugerencias y felicitaciones<\/p>","protected":false},"author":11,"featured_media":0,"parent":0,"menu_order":0,"comment_status":"closed","ping_status":"closed","template":"templates\/template-frontpage.php","meta":{"_acf_changed":false,"footnotes":""},"class_list":["post-476","page","type-page","status-publish","hentry"],"acf":[],"publishpress_future_action":{"enabled":false,"date":"2026-04-13 16:35:21","action":"change-status","newStatus":"draft","terms":[],"taxonomy":"","extraData":[]},"publishpress_future_workflow_manual_trigger":{"enabledWorkflows":[]},"_links":{"self":[{"href":"https:\/\/www.ull.es\/doctorados\/fr\/wp-json\/wp\/v2\/pages\/476","targetHints":{"allow":["GET"]}}],"collection":[{"href":"https:\/\/www.ull.es\/doctorados\/fr\/wp-json\/wp\/v2\/pages"}],"about":[{"href":"https:\/\/www.ull.es\/doctorados\/fr\/wp-json\/wp\/v2\/types\/page"}],"author":[{"embeddable":true,"href":"https:\/\/www.ull.es\/doctorados\/fr\/wp-json\/wp\/v2\/users\/11"}],"replies":[{"embeddable":true,"href":"https:\/\/www.ull.es\/doctorados\/fr\/wp-json\/wp\/v2\/comments?post=476"}],"version-history":[{"count":82,"href":"https:\/\/www.ull.es\/doctorados\/fr\/wp-json\/wp\/v2\/pages\/476\/revisions"}],"predecessor-version":[{"id":4723,"href":"https:\/\/www.ull.es\/doctorados\/fr\/wp-json\/wp\/v2\/pages\/476\/revisions\/4723"}],"wp:attachment":[{"href":"https:\/\/www.ull.es\/doctorados\/fr\/wp-json\/wp\/v2\/media?parent=476"}],"curies":[{"name":"wp","href":"https:\/\/api.w.org\/{rel}","templated":true}]}}