{"id":49,"date":"2018-04-10T10:16:08","date_gmt":"2018-04-10T10:16:08","guid":{"rendered":"http:\/\/www.ull.es\/doctorados\/?page_id=49"},"modified":"2025-03-17T08:33:29","modified_gmt":"2025-03-17T08:33:29","slug":"impresos","status":"publish","type":"page","link":"https:\/\/www.ull.es\/doctorados\/fr\/impresos\/","title":{"rendered":"Imprim\u00e9"},"content":{"rendered":"<style>\/*! elementor - v3.21.0 - 25-04-2024 *\/\n.elementor-column .elementor-spacer-inner{height:var(--spacer-size)}.e-con{--container-widget-width:100%}.e-con-inner>.elementor-widget-spacer,.e-con>.elementor-widget-spacer{width:var(--container-widget-width,var(--spacer-size));--align-self:var(--container-widget-align-self,initial);--flex-shrink:0}.e-con-inner>.elementor-widget-spacer>.elementor-widget-container,.e-con>.elementor-widget-spacer>.elementor-widget-container{height:100%;width:100%}.e-con-inner>.elementor-widget-spacer>.elementor-widget-container>.elementor-spacer,.e-con>.elementor-widget-spacer>.elementor-widget-container>.elementor-spacer{height:100%}.e-con-inner>.elementor-widget-spacer>.elementor-widget-container>.elementor-spacer>.elementor-spacer-inner,.e-con>.elementor-widget-spacer>.elementor-widget-container>.elementor-spacer>.elementor-spacer-inner{height:var(--container-widget-height,var(--spacer-size))}.e-con-inner>.elementor-widget-spacer.elementor-widget-empty,.e-con>.elementor-widget-spacer.elementor-widget-empty{position:relative;min-height:22px;min-width:22px}.e-con-inner>.elementor-widget-spacer.elementor-widget-empty .elementor-widget-empty-icon,.e-con>.elementor-widget-spacer.elementor-widget-empty .elementor-widget-empty-icon{position:absolute;top:0;bottom:0;left:0;right:0;margin:auto;padding:0;width:22px;height:22px}<\/style>\n<style>\/*! elementor - v3.21.0 - 25-04-2024 *\/\n.elementor-heading-title{padding:0;margin:0;line-height:1}.elementor-widget-heading .elementor-heading-title[class*=elementor-size-]>a{color:inherit;font-size:inherit;line-height:inherit}.elementor-widget-heading .elementor-heading-title.elementor-size-small{font-size:15px}.elementor-widget-heading .elementor-heading-title.elementor-size-medium{font-size:19px}.elementor-widget-heading .elementor-heading-title.elementor-size-large{font-size:29px}.elementor-widget-heading .elementor-heading-title.elementor-size-xl{font-size:39px}.elementor-widget-heading .elementor-heading-title.elementor-size-xxl{font-size:59px}<\/style>\n<h2>OFERTA DE DOCTORADOS UNIVERSITARIOS CURSO 2025-2026<\/h2>\n<h1>Impresos<\/h1>\n<ul>\n<li><a href=\"https:\/\/sede.ull.es\/ecivilis-site\/catalog\/showProcedure\/329:6\" target=\"_blank\" rel=\"noopener\" target=\"_blank\" rel=\"noopener\">Acceso y Admisi\u00f3n a Estudios Propios de Posgrado de la Universidad de La Laguna<\/a><\/li>\n<li><a href=\"https:\/\/sede.ull.es\/ecivilis-site\/catalog\/showProcedure\/229:9\" target=\"_blank\" rel=\"noopener\" target=\"_blank\" rel=\"noopener\">Solicitud general<\/a><\/li>\n<li><a href=\"https:\/\/drive.google.com\/open?id=1Fu7ji2WQNH8rUVcsSH7EwT9aog8Uap1N\" target=\"_blank\" rel=\"noopener noreferrer\" target=\"_blank\" rel=\"noopener\">Solicitud de devoluci\u00f3n de tasas<\/a><\/li>\n<li><a href=\"https:\/\/drive.google.com\/file\/d\/1I0SoaXeF5AKaTPU6ajQ51Aw_A2Qvsn4H\/view?usp=sharing\" target=\"_blank\" rel=\"noopener\" target=\"_blank\" rel=\"noopener\">Solicitud de autorizaci\u00f3n de servicios en Agencias de Viajes<\/a><\/li>\n<li><a href=\"https:\/\/riull.ull.es\/xmlui\/bitstream\/handle\/915\/9321\/INFORME_IDONEIDAD_2018_R.pdf\" target=\"_blank\" rel=\"noopener noreferrer\" target=\"_blank\" rel=\"noopener\">Informe de idoneidad<\/a><\/li>\n<li><a href=\"https:\/\/drive.google.com\/file\/d\/1FlKv0csIHcdITeb2ziwBCGtMHsJfO-wT\/view?usp=sharing\" target=\"_blank\" rel=\"noopener\" target=\"_blank\" rel=\"noopener\">Comunicaci\u00f3n de la fecha de lectura de la Tesis Doctoral<\/a><\/li>\n<li>Valoraci\u00f3n de la Tesis Doctoral por los miembros del Tribunal (<a href=\"https:\/\/drive.google.com\/open?id=13VY5Cfcopqx7G8-Z-Y08yUfFKXS1W2Fj\" target=\"_blank\" rel=\"noopener\" target=\"_blank\" rel=\"noopener\">Espa\u00f1ol<\/a>\u00a0|\u00a0<a href=\"https:\/\/drive.google.com\/open?id=1Blr8nTR65g9E6QM-eS6VVr98rLrf9iQJ\" target=\"_blank\" rel=\"noopener\" target=\"_blank\" rel=\"noopener\">Ingl\u00e9s<\/a>)<\/li>\n<li>Certificaci\u00f3n de lectura de Tesis con Menci\u00f3n Internacional (<a href=\"https:\/\/drive.google.com\/open?id=1ONcDSnTjLLoBzbPAXA-YbNUttzgavx_P\" target=\"_blank\" rel=\"noopener\" target=\"_blank\" rel=\"noopener\">Espa\u00f1ol<\/a>\u00a0|\u00a0<a href=\"https:\/\/drive.google.com\/open?id=1RC8ccOs6Kf9Sn4IRHUO78H4Eby_pN279\" target=\"_blank\" rel=\"noopener\" target=\"_blank\" rel=\"noopener\">Ingl\u00e9s<\/a>)<\/li>\n<li>Solicitud de lectura de Tesis por modalidad de Compendio de Publicaciones\u00a0(<a href=\"https:\/\/drive.google.com\/open?id=14NbcXkRedOd4wJl_Fss_1VARU6D_QJo8\" target=\"_blank\" rel=\"noopener\" target=\"_blank\" rel=\"noopener\">Espa\u00f1ol<\/a>\u00a0|\u00a0<a href=\"https:\/\/drive.google.com\/open?id=1h3G8zS-wD_Lu8UxYUK4iKudxHzJGwFQo\" target=\"_blank\" rel=\"noopener\" target=\"_blank\" rel=\"noopener\">Ingl\u00e9s<\/a>)<\/li>\n<li><a href=\"https:\/\/drive.google.com\/open?id=1SN9OUCDB2Or4jWDipvIXJnsW-95y7oGp\" target=\"_blank\" rel=\"noopener noreferrer\" target=\"_blank\" rel=\"noopener\">Convenio de Intercambio de Investigaci\u00f3n<\/a><\/li>\n<li><a href=\"https:\/\/drive.google.com\/open?id=1ZaQo48ChfaTIwuQ3Ysu38uFa0sPY5U_p\" target=\"_blank\" rel=\"noopener noreferrer\" target=\"_blank\" rel=\"noopener\">Agreement for the Exchange of Research Students<\/a><\/li>\n<li><a href=\"https:\/\/drive.google.com\/open?id=10oOk3qqIlJIXMd9wU9bMd-T50MOGECpb\" target=\"_blank\" rel=\"noopener noreferrer\" target=\"_blank\" rel=\"noopener\">Convenio de Intercambio de Investigaci\u00f3n \u2013 Individual<\/a><\/li>\n<li><a href=\"https:\/\/drive.google.com\/open?id=1NF8wkaiuAQDGEeN3tgfMnQ6-dEfPQUNv\" target=\"_blank\" rel=\"noopener noreferrer\" target=\"_blank\" rel=\"noopener\">Agreement for Individual Exchange Programme<\/a><\/li>\n<li><a href=\"https:\/\/docs.google.com\/document\/d\/1J1CeT54uKOTU9AZSM8_uZQcxUfou8uLw\/edit?usp=drive_link&amp;ouid=113248735011275541741&amp;rtpof=true&amp;sd=true\" target=\"_blank\" rel=\"noopener\">Convenio de Cotutela<\/a><\/li>\n<li><a href=\"https:\/\/docs.google.com\/document\/d\/1RTcMaLjSPmaVzWMmEkI3WWoJ0reaCb2D\/edit?usp=drive_link&amp;ouid=113248735011275541741&amp;rtpof=true&amp;sd=true\" target=\"_blank\" rel=\"noopener\">Convenio de Colaboraci\u00f3n con empresas<\/a><\/li>\n<li><a href=\"https:\/\/docs.google.com\/document\/d\/1XLv8CX1pd5J7UgJQ9aM9JSMk-Kwtd_7Q\/edit?usp=sharing&amp;ouid=113248735011275541741&amp;rtpof=true&amp;sd=true\" target=\"_blank\" rel=\"noopener\">Convenio de colaboraci\u00f3n para menci\u00f3n industrial<\/a><\/li>\n<\/ul>\n<link rel=\"stylesheet\" href=\"https:\/\/www.ull.es\/doctorados\/wp-content\/uploads\/elementor\/css\/custom-widget-icon-box.min.css?ver=1738831593\">\n<h3>\n\t\t\t\t\t\t\tINFORMACI\u00d3N DE  CONTACTO<br \/>\n\t\t\t\t\t<\/h3>\n<p>\n\t\t\t\t\t\t<b>Direcci\u00f3n:<\/b> Avda. Astrof\u00edsico Francisco S\u00e1nchez, SN. Edificio Calabaza \u2013 AN.2D Apdo. 456 38200 San Crist\u00f3bal de La Laguna<br \/>\n<b>Tel\u00e9fono:<\/b> (+34) 922 31 72 67<br \/>\n<strong>Correo: <\/strong><a style=\"color: #000000\" href=\"mailto:doctorado@ull.es\" target=\"_blank\" rel=\"noopener\" target=\"_blank\" rel=\"noopener\">\u00a0doctorado@ull.es<\/a><br \/>\n<strong><br \/>\nOnline:\u00a0<\/strong><a style=\"color: #000000;text-decoration: underline\" href=\"https:\/\/www.ull.es\/centros\/escuela-doctorado-estudios-posgrado\" target=\"blank\" rel=\"noopener noreferrer\" target=\"_blank\" rel=\"noopener\">P\u00e1gina web<\/a> \/<a style=\"color: #000000;text-decoration: underline\" href=\"http:\/\/citaprevia.ull.es\/index.php?s=edpo\" target=\"_blank\" rel=\"noopener\" target=\"_blank\" rel=\"noopener\">Cita previa \/ <\/a><a style=\"color: #000000\" href=\"https:\/\/sede.ull.es\/ecivilis-site\/catalog\/showProcedure\/484\" target=\"_blank\" rel=\"noopener\" target=\"_blank\" rel=\"noopener\">Procedimiento para quejas, sugerencias y felicitaciones\t\t\t\t\t<\/p>\n","protected":false},"excerpt":{"rendered":"<p>OFFRE DE DOCTORATS UNIVERSITAIRES POUR L&#039;ANN\u00c9E ACAD\u00c9MIQUE 2025-2026 Formulaires d&#039;acc\u00e8s et d&#039;admission aux \u00e9tudes de troisi\u00e8me cycle \u00e0 l&#039;Universit\u00e9 de La Laguna Demande g\u00e9n\u00e9rale de remboursement des frais de candidature Demande d&#039;autorisation de services d&#039;agence de voyages Rapport d&#039;aptitude Communication de la th\u00e8se de doctorat Date de lecture \u00c9valuation de la th\u00e8se de doctorat\u2026<\/p>","protected":false},"author":1,"featured_media":0,"parent":0,"menu_order":8,"comment_status":"closed","ping_status":"closed","template":"elementor_header_footer","meta":{"_acf_changed":false,"footnotes":""},"class_list":["post-49","page","type-page","status-publish","hentry"],"acf":[],"publishpress_future_action":{"enabled":false,"date":"2026-04-12 13:01:35","action":"change-status","newStatus":"draft","terms":[],"taxonomy":"","extraData":[]},"publishpress_future_workflow_manual_trigger":{"enabledWorkflows":[]},"_links":{"self":[{"href":"https:\/\/www.ull.es\/doctorados\/fr\/wp-json\/wp\/v2\/pages\/49","targetHints":{"allow":["GET"]}}],"collection":[{"href":"https:\/\/www.ull.es\/doctorados\/fr\/wp-json\/wp\/v2\/pages"}],"about":[{"href":"https:\/\/www.ull.es\/doctorados\/fr\/wp-json\/wp\/v2\/types\/page"}],"author":[{"embeddable":true,"href":"https:\/\/www.ull.es\/doctorados\/fr\/wp-json\/wp\/v2\/users\/1"}],"replies":[{"embeddable":true,"href":"https:\/\/www.ull.es\/doctorados\/fr\/wp-json\/wp\/v2\/comments?post=49"}],"version-history":[{"count":33,"href":"https:\/\/www.ull.es\/doctorados\/fr\/wp-json\/wp\/v2\/pages\/49\/revisions"}],"predecessor-version":[{"id":3624,"href":"https:\/\/www.ull.es\/doctorados\/fr\/wp-json\/wp\/v2\/pages\/49\/revisions\/3624"}],"wp:attachment":[{"href":"https:\/\/www.ull.es\/doctorados\/fr\/wp-json\/wp\/v2\/media?parent=49"}],"curies":[{"name":"wp","href":"https:\/\/api.w.org\/{rel}","templated":true}]}}