{"id":72,"date":"2018-02-22T13:28:20","date_gmt":"2018-02-22T13:28:20","guid":{"rendered":"http:\/\/www.ull.es\/doctorados\/ingenieria-industrial-informatica-medioambiental\/?page_id=72"},"modified":"2025-08-20T10:26:27","modified_gmt":"2025-08-20T10:26:27","slug":"seguimiento-doctorando","status":"publish","type":"page","link":"https:\/\/www.ull.es\/doctorados\/ingenieria-informatica-medioambiental\/fr\/organizacion-del-programa\/seguimiento-doctorando\/","title":{"rendered":"Suivi du doctorant"},"content":{"rendered":"\n<div class=\"wp-block-stackable-columns alignfull stk-block-columns stk-block stk-2314a6b\" data-block-id=\"2314a6b\"><style>.stk-2314a6b {padding-bottom:0px !important;margin-top:-100px !important;margin-bottom:0px !important;}<\/style><div class=\"stk-row stk-inner-blocks stk-block-content stk-content-align stk-2314a6b-column alignfull\">\n<div class=\"wp-block-stackable-column stk-block-column stk-column stk-block stk-1d1764d\" data-v=\"4\" data-block-id=\"1d1764d\"><div class=\"stk-column-wrapper stk-block-column__content stk-container stk-1d1764d-container stk--no-background stk--no-padding\"><div class=\"stk-block-content stk-inner-blocks stk-1d1764d-inner-blocks\"><style id=\"depicter-1-inline-pre-css\">\n\n.depicter-1:not(.depicter-ready){\n\theight:450px;\n}\n\n\/***** Tablet *****\/\n@media screen and (max-width: 1024px){\n\n.depicter-1:not(.depicter-ready){\n\theight:700px;\n}\n\n}\n\/***** Mobile *****\/\n@media screen and (max-width: 767px){\n\n.depicter-1:not(.depicter-ready){\n\theight:360px;\n}\n\n}\n<\/style>\n<div id=\"depicter-1\" class=\"depicter depicter-document depicter-revert depicter-1 depicter-layout-fullwidth\">\n\n<div class=\"depicter-loading-container depicter-loading dotFlashing-dark\"><div class=\"depicter-loading-dark depicter-dot-flashing\">\n   <span><\/span>\n   <span><\/span>\n   <span><\/span>\n<\/div>\n<\/div>\n<div id=\"depicter-1-section-1\" class=\"depicter-section depicter-1-section-1\" data-name=\"Section 1\" data-type=\"section\" data-local-id=\"section-1\">\n<picture class=\"depicter-bg\">\n<source data-depicter-srcset=\"https:\/\/www.ull.es\/doctorados\/ingenieria-informatica-medioambiental\/wp-content\/uploads\/sites\/11\/2025\/05\/Headers-Doctorados_Doctorado-en-Ingenieria-Industrial-Informatica-y-Medioambiental-768x248.jpg, https:\/\/www.ull.es\/doctorados\/ingenieria-informatica-medioambiental\/wp-content\/uploads\/sites\/11\/2025\/05\/Headers-Doctorados_Doctorado-en-Ingenieria-Industrial-Informatica-y-Medioambiental.jpg 2x\" srcset=\"data:image\/gif;base64,R0lGODlhAQABAIAAAAAAAP\/\/\/yH5BAEAAAAALAAAAAABAAEAAAIBRAA7\" media=\"(max-width: 1024px)\" \/>\n\n<source data-depicter-srcset=\"https:\/\/www.ull.es\/doctorados\/ingenieria-informatica-medioambiental\/wp-content\/uploads\/sites\/11\/2025\/05\/Headers-Doctorados_Doctorado-en-Ingenieria-Industrial-Informatica-y-Medioambiental.jpg, https:\/\/www.ull.es\/doctorados\/ingenieria-informatica-medioambiental\/wp-content\/uploads\/sites\/11\/2025\/05\/Headers-Doctorados_Doctorado-en-Ingenieria-Industrial-Informatica-y-Medioambiental-2000x645.jpg 2x\" srcset=\"data:image\/gif;base64,R0lGODlhAQABAIAAAAAAAP\/\/\/yH5BAEAAAAALAAAAAABAAEAAAIBRAA7\" media=\"(min-width: 1025px)\" \/>\n<img decoding=\"async\" src=\"data:image\/gif;base64,R0lGODlhAQABAIAAAAAAAP\/\/\/yH5BAEAAAAALAAAAAABAAEAAAIBRAA7\" data-ken-burns=\"false\" data-tablet-ken-burns=\"false\" data-mobile-ken-burns=\"false\" alt=\"\" data-depicter-src=\"https:\/\/www.ull.es\/doctorados\/ingenieria-informatica-medioambiental\/wp-content\/uploads\/sites\/11\/2025\/05\/Headers-Doctorados_Doctorado-en-Ingenieria-Industrial-Informatica-y-Medioambiental.jpg\" data-object-fit=\"custom,custom,\" data-object-position=\"center top,,\" data-crop=\"{'focalPoint':{'x':0.5,'y':0.5},'mediaSize':{'width':1395.3488372093024736386723816394805908203125,'height':450}}\" data-tablet-crop=\"{'focalPoint':{'x':0.5,'y':0.5},'mediaSize':{'width':2170.54263565891460530110634863376617431640625,'height':700}}\" data-mobile-crop=\"{'focalPoint':{'x':0.5,'y':0.5},'mediaSize':{'width':2294.57364341085258274688385426998138427734375,'height':740}}\" \/>\n<\/picture>\n\n\n<h1 id=\"depicter-1-element-5\" class=\"depicter-element depicter-layer depicter-1-element-5\" data-type=\"text\" data-wrap=\"true\" data-name=\"Text 2\" data-local-id=\"element-5\" data-offset=\"x:0px;y:97px;origin:tl\" data-tablet-offset=\"x:208px;y:192px;origin:tl\" data-mobile-offset=\"x:-18px;y:67px;origin:tl\" data-width=\"1200px,auto,472px\" data-height=\"auto,auto,auto\" data-responsive-scale=\"true,,\">Programa de Doctorado en Ingenier\u00eda Industrial, Inform\u00e1tica y Medioambiental<\/h1>\n\n<div id=\"depicter-1-element-10\" class=\"depicter-element depicter-layer depicter-1-element-10\" data-type=\"shape\" data-wrap=\"true\" data-name=\"Shape 1\" data-local-id=\"element-10\" data-offset=\"x:0px;y:370px;origin:tl\" data-tablet-offset=\"x:208px;y:496px;origin:tl\" data-mobile-offset=\"x:-18px;y:316px;origin:tl\" data-width=\"1175px,647px,402px\" data-height=\"8px,8px,8px\" data-responsive-scale=\"true,,\"><\/div>\n<\/div>\n<\/div>\n<script>\n(window.depicterSetups = window.depicterSetups || []).push(function(){\n\tDepicter.basePath = 'https:\/\/www.ull.es\/doctorados\/ingenieria-informatica-medioambiental\/wp-content\/plugins\/depicter\/resources\/scripts\/player\/';\n\tconst dpPlayer = Depicter.setup('.depicter-1',\n\t\t{\"width\":[\"1200\",\"1024\",\"360\"],\"height\":[\"450\",\"700\",\"360\"],\"view\":\"basic\",\"keepAspectRatio\":true,\"preload\":0,\"layout\":\"fullwidth\",\"rtl\":false,\"initAfterAppear\":false,\"ajaxApiUrl\":\"https:\\\/\\\/www.ull.es\\\/doctorados\\\/ingenieria-informatica-medioambiental\\\/wp-admin\\\/admin-ajax.php\",\"mouseSwipe\":true,\"touchSwipe\":true,\"useWatermark\":false}\n\t);\n});\n<\/script><\/div><\/div><\/div>\n<\/div><\/div>\n\n\n\n<div class=\"wp-block-stackable-columns alignfull stk-block-columns stk--hide-mobile stk-block stk-6394276 stk-block-background\" data-block-id=\"6394276\"><style>.stk-6394276 {background-color:#f33f4e !important;padding-top:10px !important;margin-bottom:0px !important;}.stk-6394276:before{background-color:#f33f4e !important;}<\/style><div class=\"stk-row stk-inner-blocks stk-block-content stk-content-align stk-6394276-column alignfull\">\n<div class=\"wp-block-stackable-column stk-block-column stk-column stk-block stk-8a66885\" data-v=\"4\" data-block-id=\"8a66885\"><div class=\"stk-column-wrapper stk-block-column__content stk-container stk-8a66885-container stk--no-background stk--no-padding\"><div class=\"stk-block-content stk-inner-blocks stk-8a66885-inner-blocks\">\n<div class=\"wp-block-stackable-spacer stk-block-spacer stk--no-padding stk-block stk-bc89b3e\" data-block-id=\"bc89b3e\"><style>.stk-bc89b3e {height:0px !important;}<\/style><\/div>\n<\/div><\/div><\/div>\n<\/div><\/div>\n\n\n\n<div class=\"wp-block-stackable-columns stk-block-columns stk-block stk-8b59b96\" data-block-id=\"8b59b96\"><style>.stk-8b59b96 .stk--block-align-8b59b96{align-items:flex-start !important;}.stk-8b59b96 {margin-top:50px !important;}.stk-8b59b96-column{--stk-columns-spacing:0px !important;--stk-column-gap:50px !important;}<\/style><div class=\"stk-row stk-inner-blocks stk--block-align-8b59b96 stk-block-content stk-content-align stk-8b59b96-column\">\n<div class=\"wp-block-stackable-column stk-block-column stk-column stk-block stk-dbb7e15\" data-v=\"4\" data-block-id=\"dbb7e15\"><style>@media screen and (min-width: 768px){.stk-dbb7e15 {flex:var(--stk-flex-grow, 1) 1 66.7% !important;}}<\/style><div class=\"stk-column-wrapper stk-block-column__content stk-container stk-dbb7e15-container stk--no-background stk--no-padding\"><div class=\"stk-block-content stk-inner-blocks stk-dbb7e15-inner-blocks\">\n<div class=\"wp-block-stackable-heading stk-block-heading stk-block-heading--v2 stk-block stk-cc0239e\" id=\"complementos-de-formacion\" data-block-id=\"cc0239e\"><style>.stk-cc0239e .stk-block-heading__text{color:#000000 !important;font-weight:500 !important;}<\/style><h1 class=\"stk-block-heading__text has-text-color\">Seguimiento del doctorando<\/h1><\/div>\n\n\n\n<p>La supervisi\u00f3n del\/a doctorando\/a se describe en el art\u00edculo 22 del Cap\u00edtulo II del T\u00edtulo II del&nbsp;<a href=\"https:\/\/www.ull.es\/portal\/normativa\/normativa\/reglamento-de-ensenanzas-oficiales-de-doctorado-de-la-universidad-de-la-laguna-30-de-abril-de-2019\/\" target=\"_blank\" rel=\"noreferrer noopener\" target=\"_blank\" rel=\"noopener\">Reglamento de Ense\u00f1anzas Oficiales de Doctorado de la Universidad de La Laguna (30 de abril de 2019)<\/a>, disponible en la&nbsp;<a href=\"https:\/\/www.ull.es\/doctorados\/tesis-doctoral\/\" target=\"_blank\" rel=\"noreferrer noopener\" target=\"_blank\" rel=\"noopener\">web institucional de la universidad<\/a>. La supervisi\u00f3n es realizada en primera instancia por el tutor y director\/es (ver&nbsp;<a href=\"https:\/\/www.ull.es\/doctorados\/astrofisica\/organizacion-del-programa\/seguimiento-doctorando\/\" target=\"_blank\" rel=\"noreferrer noopener\" target=\"_blank\" rel=\"noopener\">Seguimiento del doctorando<\/a>), siendo la Comisi\u00f3n Acad\u00e9mica responsable de su evaluaci\u00f3n.<\/p>\n\n\n\n<p>Las funciones de supervisi\u00f3n se establecen mediante un&nbsp;<strong>documento de compromiso&nbsp;<\/strong>que firman el\/la doctorando\/a, tutor\/a, director\/a (y codirectores\/as, si procede), as\u00ed como la direcci\u00f3n de la EDEP, en un plazo m\u00e1ximo de 3 meses desde la asignaci\u00f3n de tutor\/a y director\/a. Este documento incorpora aspectos relativos a los derechos de propiedad intelectual o industrial que se generen en el \u00e1mbito del programa de doctorado (m\u00e1s informaci\u00f3n en el art\u00edculo 20 del&nbsp;<a href=\"https:\/\/www.ull.es\/portal\/normativa\/normativa\/reglamento-de-ensenanzas-oficiales-de-doctorado-de-la-universidad-de-la-laguna-30-de-abril-de-2019\/\" target=\"_blank\" rel=\"noreferrer noopener\" target=\"_blank\" rel=\"noopener\">Reglamento de Ense\u00f1anzas Oficiales de Doctorado de la Universidad de La Laguna (30 de abril de 2019)<\/a>).<\/p>\n\n\n\n<p>Para poder realizar la supervisi\u00f3n y seguimiento del trabajo de tesis, es necesario que el\/la doctorando\/a elabore un&nbsp;<strong>Plan de investigaci\u00f3n<\/strong>&nbsp;antes de la finalizaci\u00f3n del primer a\u00f1o que incluir\u00e1, al menos, la metodolog\u00eda a utilizar y los objetivos a alcanzar, as\u00ed como los medios y la planificaci\u00f3n temporal para lograrlos. En los a\u00f1os siguientes, podr\u00e1 mejorarse y detallarse este Plan, siempre con el aval del tutor\/a y el Director\/a.<\/p>\n\n\n\n<p>Adem\u00e1s, el doctorando\/a presentar\u00e1 anualmente un&nbsp;<strong>informe de las actividades<\/strong>&nbsp;realizadas en relaci\u00f3n con el Programa de Doctorado (que incluir\u00e1 una serie de actividades obligatorias, junto con seminarios de especializaci\u00f3n, estancias o asistencia a reuniones cient\u00edficas, entre otras). Este informe ser\u00e1 revisado por el tutor\/a y director\/a, y evaluado por la Comisi\u00f3n Acad\u00e9mica.<\/p>\n\n\n\n<p>En caso de surgir alg\u00fan conflicto entre las partes que participan en el programa de doctorado, ser\u00e1 de aplicaci\u00f3n lo reflejado en el art\u00edculo 21 del Cap\u00edtulo II del T\u00edtulo II del&nbsp;<a href=\"https:\/\/www.ull.es\/portal\/normativa\/normativa\/reglamento-de-ensenanzas-oficiales-de-doctorado-de-la-universidad-de-la-laguna-30-de-abril-de-2019\/\" target=\"_blank\" rel=\"noreferrer noopener\" target=\"_blank\" rel=\"noopener\">Reglamento de Ense\u00f1anzas Oficiales de Doctorado de la Universidad de La Laguna (30 de abril de 2019)<\/a>, disponible en la&nbsp;<a href=\"https:\/\/www.ull.es\/doctorados\/tesis-doctoral\/\" target=\"_blank\" rel=\"noreferrer noopener\" target=\"_blank\" rel=\"noopener\">web institucional de la universidad<\/a>.&nbsp;<\/p>\n\n\n\n<p>Art\u00edculo 22.- Procedimiento de resoluci\u00f3n de conflictos.<\/p>\n\n\n\n<ol class=\"wp-block-list\">\n<li>En caso de eventual incumplimiento de alguno de los extremos incluidos en el documento de compromiso o de la concurrencia de otro desacuerdo relacionado con el desarrollo del programa de doctorado respecto de cada doctorando, cualquiera de las partes podr\u00e1 ponerlo en conocimiento del coordinador del programa de doctorado, que actuar\u00e1 como mediador con vistas a la consecuci\u00f3n de un acuerdo un\u00e1nime que ponga t\u00e9rmino a la controversia.<\/li>\n\n\n\n<li>Si la mediaci\u00f3n no ha permitido resolver el conflicto una vez transcurridos dos meses desde la puesta en conocimiento del coordinador del programa&nbsp;de doctorado, se dar\u00e1 traslado a la Comisi\u00f3n de Estudios de Posgrado, que habr\u00e1 de dictar resoluci\u00f3n en el plazo de tres meses, previa audiencia de las partes y del coordinador del programa de doctorado.<\/li>\n\n\n\n<li>Contra el acuerdo de la Comisi\u00f3n de Estudios de Posgrado se puede interponer recurso de alzada ante el rector o la rectora, en los t\u00e9rminos previstos en la Ley 30\/1992, de 26 de noviembre, de R\u00e9gimen Jur\u00eddico de las Administraciones P\u00fablicas y del Procedimiento Administrativo Com\u00fan.<\/li>\n<\/ol>\n\n\n\n<p>Se contar\u00e1 con la participaci\u00f3n de expertos internacionales para la elaboraci\u00f3n de los informes preceptivos para las tesis con menci\u00f3n internacional. Adem\u00e1s, tambi\u00e9n para estas tesis, se incorporar\u00e1 a expertos internacionales en los tribunales que las evaluar\u00e1n. Todo ello cumpliendo con lo establecido en el Reglamento de Ense\u00f1anzas Oficiales de Doctorado de la Universidad de La Laguna.<\/p>\n\n\n\n<p>Por otro lado, la Comisi\u00f3n Acad\u00e9mica incentivar\u00e1 la participaci\u00f3n de expertos internacionales en las comisiones de seguimiento, en la emisi\u00f3n de informes, en los tribunales de tesis y en los seminarios programados como actividades formativas de los doctorandos. Todo ello con el prop\u00f3sito de internacionalizar el programa para alcanzar las mayores cotas de calidad del mismo.<\/p>\n<\/div><\/div><\/div>\n\n\n\n<div class=\"wp-block-stackable-column stk-block-column stk-column stk-block stk-53ec762\" data-v=\"4\" data-block-id=\"53ec762\"><style>.stk-53ec762-inner-blocks{row-gap:0px !important;}.stk-53ec762 {padding-top:0px !important;padding-right:0px !important;padding-bottom:0px !important;padding-left:0px !important;}@media screen and (min-width: 768px){.stk-53ec762 {flex:var(--stk-flex-grow, 1) 1 33.3% !important;}}<\/style><div class=\"stk-column-wrapper stk-block-column__content stk-container stk-53ec762-container stk--no-background stk--no-padding\"><div class=\"stk-block-content stk-inner-blocks stk-53ec762-inner-blocks\">\n\n<ul class=\"widget-box\">\n<li class='contacto-header'>Informaci\u00f3n de contacto<\/li><li><i class=\"fa fa-map-marker\"><\/i> Avda. Astrof\u00edsico Francisco S\u00e1nchez, SN. Edificio Calabaza \u2013 AN.2D Apdo. 456 38200 San Crist\u00f3bal de La Laguna<\/li><li><i class=\"fa fa-envelope\"><\/i>  <a href=mailto:doctorado.industrial@ull.es>doctorado.industrial@ull.es<\/a><\/li><li><i class=\"fa fa-calendar\"><\/i><a href=\"http:\/\/citaprevia.ull.es\/index.php?s=edpo\"> Cita previa<\/a><\/li>\n<\/ul>\n\n\n<\/div><\/div><\/div>\n<\/div><\/div>\n","protected":false},"excerpt":{"rendered":"<p>Encadrement des doctorants L&#039;encadrement des doctorants est d\u00e9crit \u00e0 l&#039;article 22 du chapitre II du titre II du R\u00e8glement des \u00e9tudes doctorales officielles de l&#039;Universit\u00e9 de La Laguna (30 avril 2019), disponible sur le site institutionnel de l&#039;universit\u00e9. L&#039;encadrement est assur\u00e9, en premier lieu, par le tuteur et le(s) directeur(s).<\/p>","protected":false},"author":1,"featured_media":0,"parent":27,"menu_order":0,"comment_status":"closed","ping_status":"closed","template":"templates\/template-frontpage.php","meta":{"_acf_changed":false,"footnotes":""},"class_list":["post-72","page","type-page","status-publish","hentry"],"acf":[],"publishpress_future_action":{"enabled":false,"date":"2026-04-24 19:21:50","action":"change-status","newStatus":"draft","terms":[],"taxonomy":"","extraData":[]},"publishpress_future_workflow_manual_trigger":{"enabledWorkflows":[]},"_links":{"self":[{"href":"https:\/\/www.ull.es\/doctorados\/ingenieria-informatica-medioambiental\/fr\/wp-json\/wp\/v2\/pages\/72","targetHints":{"allow":["GET"]}}],"collection":[{"href":"https:\/\/www.ull.es\/doctorados\/ingenieria-informatica-medioambiental\/fr\/wp-json\/wp\/v2\/pages"}],"about":[{"href":"https:\/\/www.ull.es\/doctorados\/ingenieria-informatica-medioambiental\/fr\/wp-json\/wp\/v2\/types\/page"}],"author":[{"embeddable":true,"href":"https:\/\/www.ull.es\/doctorados\/ingenieria-informatica-medioambiental\/fr\/wp-json\/wp\/v2\/users\/1"}],"replies":[{"embeddable":true,"href":"https:\/\/www.ull.es\/doctorados\/ingenieria-informatica-medioambiental\/fr\/wp-json\/wp\/v2\/comments?post=72"}],"version-history":[{"count":9,"href":"https:\/\/www.ull.es\/doctorados\/ingenieria-informatica-medioambiental\/fr\/wp-json\/wp\/v2\/pages\/72\/revisions"}],"predecessor-version":[{"id":409,"href":"https:\/\/www.ull.es\/doctorados\/ingenieria-informatica-medioambiental\/fr\/wp-json\/wp\/v2\/pages\/72\/revisions\/409"}],"up":[{"embeddable":true,"href":"https:\/\/www.ull.es\/doctorados\/ingenieria-informatica-medioambiental\/fr\/wp-json\/wp\/v2\/pages\/27"}],"wp:attachment":[{"href":"https:\/\/www.ull.es\/doctorados\/ingenieria-informatica-medioambiental\/fr\/wp-json\/wp\/v2\/media?parent=72"}],"curies":[{"name":"wp","href":"https:\/\/api.w.org\/{rel}","templated":true}]}}