{"id":21,"date":"2018-02-22T11:07:35","date_gmt":"2018-02-22T11:07:35","guid":{"rendered":"http:\/\/localhost\/ull\/doctorados\/?page_id=21"},"modified":"2018-03-05T10:34:42","modified_gmt":"2018-03-05T10:34:42","slug":"entidades-participantes","status":"publish","type":"page","link":"https:\/\/www.ull.es\/doctorados\/ingenieria-informatica-medioambiental\/entidades-participantes\/","title":{"rendered":"Entidades participantes"},"content":{"rendered":"<p>[vc_row][vc_column][vc_column_text]<\/p>\n<h1>Entidades participantes<\/h1>\n<p><strong>Otras colaboraciones<\/strong><\/p>\n<p>Aunque no se han firmado convenios espec\u00edficos para ello, los profesores del programa de doctorado han mantenido\u00a0colaboraciones estrechas y frecuentes con una amplia variedad de investigadores, grupos de investigaci\u00f3n y organismos\u00a0y empresas p\u00fablicas y privadas. De estas colaboraciones se han beneficiado los doctorandos del programa\u00a0de doctorado F\u00edsica e Ingenier\u00eda, del que es sucesor la actual propuesta del programa de doctorado Ingenier\u00eda y\u00a0Medioambiente. A continuaci\u00f3n, se enumeran las colaboraciones directamente implicadas con el programa de doctorado\u00a0F\u00edsica e Ingenier\u00eda, por haber sido fruct\u00edferas durante la realizaci\u00f3n de tesis doctorales. Se detalla las personas\u00a0del programa de doctorado que mantienen la colaboraci\u00f3n, el investigador, grupo de investigaci\u00f3n o entidad con\u00a0la que se mantiene esta y el doctorando que se benefici\u00f3 de la colaboraci\u00f3n. Se han incluido solamente las colaboraciones\u00a0en las que se codirige al doctorando o que ha dado lugar a alguna publicaci\u00f3n conjunta en la tem\u00e1tica de la\u00a0tesis doctoral.<\/p>\n<ul>\n<li><strong>Colaboraci\u00f3n entre la profesora Coromoto Le\u00f3n Hern\u00e1ndez y el investigador Carlos Coello.<br \/>\n<\/strong><\/li>\n<\/ul>\n<p>De la colaboraci\u00f3n establecida por la profesora Coromoto Le\u00f3n Hern\u00e1ndez con el profesor Carlos Coello (CIVESTAT,\u00a0M\u00e9xico) se ha beneficiado el alumno del programa de doctorado F\u00edsica e Ingenier\u00eda Carlos Segura. El trabajo\u00a0recogido en el siguiente art\u00edculo forma parte de la tesis doctoral de Carlos Segura:<\/p>\n<p>Carlos Segura, Carlos A. Coello Coello, Gara Miranda, Coromoto Le\u00f3n: Using multi-objective evolutionary algorithms\u00a0for single-objective optimization. 4OR 11(3): 201-228 (2013).<\/p>\n<ul>\n<li><strong>Colaboraci\u00f3n entre los profesores Alejandro Ayala Alfonso, Oswaldo Gonz\u00e1lez Hern\u00e1ndez y Silvestre Rodr\u00edguez\u00a0P\u00e9rez con los profesores Rafael P\u00e9rez Jim\u00e9nez, Jos\u00e9 Alberto Rabad\u00e1n Borges, Francisco Delgado Raj\u00f3.<\/strong><\/li>\n<\/ul>\n<p>De la colaboraci\u00f3n establecida entre los profesores Alejandro Ayala Alfonso, Oswaldo Gonz\u00e1lez Hern\u00e1ndez y Silvestre\u00a0Rodr\u00edguez P\u00e9rez con los profesores Rafael P\u00e9rez Jim\u00e9nez, Jos\u00e9 Alberto Rabad\u00e1n Borges, Francisco Delgado Raj\u00f3\u00a0del Instituto para el Desarrollo Tecnol\u00f3gico y la Innovaci\u00f3n en Comunicaciones de la Universidad de Las Palmas\u00a0de Gran Canaria (ULPGC), se est\u00e1n beneficiando los alumnos del programa de doctorado F\u00edsica e Ingenier\u00eda, Beatriz\u00a0Rodr\u00edguez Mendoza y Marcos F. Guerra Medina.<\/p>\n<p>En el primer caso, la tesis doctoral est\u00e1 siendo codirigida por los profesores Silvestre Rodr\u00edguez P\u00e9rez y Rafael P\u00e9rez\u00a0Jim\u00e9nez del Instituto para el Desarrollo Tecnol\u00f3gico y la Innovaci\u00f3n en Comunicaciones y miembro del Departamento\u00a0de Se\u00f1ales y Comunicaciones de la ULPGC. En el caso del alumno Marcos Guerra, \u00e9ste ha llevado a cabo\u00a0una estancia en la Universidad de Las Palmas de Gran Canaria que ha dado lugar a una serie de publicaciones en\u00a0revistas y congresos de las que cabe citar la siguiente:<\/p>\n<p>M.F. Guerra-Medina, O. Gonz\u00e1lez, B. Rojas-Guillama, J.A. Mart\u00edn-Gonz\u00e1lez, F. Delgado Raj\u00f3, J. Rabad\u00e1n, \u00bfEthernet-OCDMA system for multi-user visible light communications\u00bf, Electronics Letters, vol. 48, no. 4, pp. 227-228, Feb.\u00a02012.<\/p>\n<ul>\n<li><strong>Colaboraci\u00f3n entre los profesores Bel\u00e9n Meli\u00e1n Batista y J. Marcos Moreno Vega y los investigadores Ada\u00a0\u00c1lvarez, Francisco \u00c1ngel-Bello y Jos\u00e9 Luis Gonz\u00e1lez-Velarde.<\/strong><\/li>\n<\/ul>\n<p>De la colaboraci\u00f3n se benefician los alumnos del programa de doctorado F\u00edsica e Ingenier\u00eda Alondra De Santiago,\u00a0Eduardo Lalla y Christopher Exp\u00f3sito. As\u00ed, la profesora Bel\u00e9n Meli\u00e1n Batista codirige con la profesora Ada \u00c1lvarez la\u00a0tesis doctoral de la alumna Alondra De Santiago. Adem\u00e1s, parte del trabajo desarrollado para la tesis se recoge en el\u00a0art\u00edculo<\/p>\n<p>Bel\u00e9n Meli\u00e1n-Batista, Alondra De Santiago, Francisco \u00c1ngel-Bello, Ada M. Alvarez: A bi-objective vehicle routing problem\u00a0with time windows: A real case in Tenerife. Appl. Soft Comput. 17: 140-152 (2014)<\/p>\n<p>Asimismo, los siguientes art\u00edculos redactados en colaboraci\u00f3n con el profesor Jos\u00e9 Luis Gonz\u00e1lez-Velarde forman\u00a0parte, respectivamente, de las tesis doctorales de los alumnos Eduardo Lalla y Christopher Exp\u00f3sito que codirigen\u00a0los profesores Bel\u00e9n Meli\u00e1n y J. Marcos Moreno Vega.<\/p>\n<p>Eduardo Lalla-Ruiz, Jos\u00e9 Luis Gonz\u00e1lez-Velarde, Bel\u00e9n Meli\u00e1n-Batista, J. Marcos Moreno-Vega: Biased random key\u00a0genetic algorithm for the Tactical Berth Allocation Problem\u00a0Appl. Soft Comput. 22: 60-76 (2014)<\/p>\n<p>Christopher Exp\u00f3sito Izquierdo, Jos\u00e9 Luis Gonz\u00e1lez Velarde, Bel\u00e9n Meli\u00e1n-Batista, J. Marcos Moreno-Vega: Hybrid\u00a0Estimation of Distribution Algorithm for the Quay Crane Scheduling Problem. Appl. Soft Comput. 13(10): 4063-4076\u00a0(2013).<\/p>\n<ul>\n<li><strong>Colaboraci\u00f3n entre el profesor Ernesto Pereda y el Instituto Vulcanol\u00f3gico de Canarias, dirigido por el Dr.\u00a0Nemesio P\u00e9rez.<\/strong><\/li>\n<\/ul>\n<p>De esa colaboraci\u00f3n se ha beneficiado el alumno del programa de doctorado F\u00edsica e Ingenier\u00eda Germ\u00e1n Padilla, que\u00a0ley\u00f3 su tesis doctoral en marzo de 2014 con menci\u00f3n internacional. Parte de su tesis doctoral se recoge en el art\u00edculo:<\/p>\n<p>Germ\u00e1n D. Padilla, Pedro A. Hern\u00e1ndez, Nemesio M. P\u00e9rez, Ernesto Pereda, Eleazar Padr\u00f3n, Gladys Meli\u00e1n,\u00a0Jos\u00e9 Barrancos, F\u00e1tima Rodr\u00edguez, Samara Dionis, David Calvo, Martha Herrera, Wilfried Strauch, Ang\u00e9lica\u00a0Mu\u00f1oz. Anomalous Diffuse CO2 Emissions at the Masaya Volcano (Nicaragua) Related to Seismic-Volcanic Unrest.\u00a0Pure Appl. Geoph (2013)<\/p>\n<ul>\n<li><strong>Colaboraci\u00f3n entre los profesores Leopoldo Acosta S\u00e1nchez y Jonay Toledo Carrillo y el profesor Xiao, Jizhong.<\/strong><\/li>\n<\/ul>\n<p>De la colaboraci\u00f3n establecida por los profesores Leopoldo Acosta S\u00e1nchez y Jonay Toledo Carrillo con el profesor\u00a0Xiao, Jizhong (The City College, City University of New York) se ha beneficiado el alumno del programa de doctorado\u00a0F\u00edsica e Ingenier\u00eda Daniel Perea Str\u00f6m. El trabajo recogido en el siguiente art\u00edculo forma parte de la tesis doctoral de\u00a0Daniel Perea Str\u00f6m:<\/p>\n<p>Roberto G. Valenti, Ivan Dryanovski, Carlos Jaramillo, Daniel Perea Str\u00f6m, Jizhong Xiao, Autonomous Quadrotor\u00a0Flight Using Onboard RGB-D Visual Odometry, 2014 IEEE International Conference on Robotics and Automation\u00a0(ICRA 2014), Hong Kong.<\/p>\n<ul>\n<li><strong>Colaboraci\u00f3n entre los profesores Leopoldo Acosta S\u00e1nchez y Jonay Toledo Carrillo y los investigadores\u00a0Alberto Broggi, Paolo Zani y Mirko Felisa.<\/strong><\/li>\n<\/ul>\n<p>De la colaboraci\u00f3n establecida por los profesores Leopoldo Acosta S\u00e1nchez y Jonay Toledo Carrillo con el profesor\u00a0Alberto Broggi (Vislab, Universit\u00e0 degli Studi di Parma) se ha beneficiado el alumno del programa de doctorado F\u00edsica\u00a0e Ingenier\u00eda N\u00e9stor Morales Hern\u00e1ndez. El trabajo recogido en el siguiente art\u00edculo forma parte de la tesis doctoral<br \/>\nde N\u00e9stor Morales Hern\u00e1ndez:<\/p>\n<p>N\u00e9stor Morales, Gabriele Camellini, Mirko Felisa, Paolo Grisleri, and Paolo Zani, Performance Analysis of Stereo Reconstruction\u00a0Algorithms, In Procs. IEEE Intl. Conf. on Intelligent Transportation Systems, pages 1298-1303, The Hague,\u00a0The Netherlands, October 2013.<\/p>\n<ul>\n<li><strong>Colaboraci\u00f3n entre el profesor Manuel Arbelo P\u00e9rez y el profesor Jos\u00e9 Andr\u00e9s Moreno Ruiz.\u00a0<\/strong>De la colaboraci\u00f3n establecida por el profesor Manuel Arbelo con el profesor Jose A. Moreno de la Universidad de Almer\u00eda se ha beneficiado la alumna del programa de doctorado F\u00edsica e Ingenier\u00eda Laia N\u00fa\u00f1ez Casillas. El trabajo recogido en el siguiente art\u00edculo forma parte de la tesis doctoral de Laia N\u00fa\u00f1ez:<\/li>\n<\/ul>\n<p>Laia N\u00fa\u00f1ez-Casillas, Jos\u00e9 Rafael Garc\u00eda L\u00e1zaro, Jos\u00e9 Andr\u00e9s Moreno-Ruiz, and Manuel Arbelo, \u00bfA Comparative Analysis of Burned Area Datasets in Canadian Boreal Forest in 2000,\u00bf The Scientific World Journal, vol. 2013, Article ID 289056, 13 pages, 2013.<\/p>\n<ul>\n<li><strong>Colaboraci\u00f3n entre el profesor Manuel Arbelo P\u00e9rez y la investigadora Lara A. Arroyo M\u00e9ndez.<\/strong><\/li>\n<\/ul>\n<p>De la colaboraci\u00f3n establecida por el profesor Manuel Arbelo con la investigadora del Instituto de Econom\u00eda, Geograf\u00eda y Demograf\u00eda del CSIC, Lara Arroyo, se ha beneficiado el alumno del programa de doctorado F\u00edsica e Ingenier\u00eda Alfonso Alonso Benito. El trabajo recogido en el siguiente art\u00edculo forma parte de la tesis doctoral de Alfonso Alonso:<\/p>\n<p>Alonso-Benito Alfonso, Arroyo Lara A., Arbelo Manuel, Hern\u00e1ndez-Leal Pedro, Gonz\u00e1lez-Calvo Alejandro (2013) Pixel\u00a0and object-based classification approaches for mapping forest fuel types in Tenerife Island from ASTER data. International<br \/>\nJournal of Wildland Fire 22, 306\u00bf317.<\/p>\n<ul>\n<li><strong>Colaboraci\u00f3n entre el profesor Jos\u00e9 Manuel Rodr\u00edguez Ramos y el Professor Bahram Javidi.<br \/>\n<\/strong><\/li>\n<\/ul>\n<p>De la colaboraci\u00f3n establecida por el profesor Jos\u00e9 Manuel Rodr\u00edguez Ramos con el Professor Bahram Javidi (University\u00a0of Connecticut, USA) se han beneficiado los alumnos del programa de doctorado F\u00edsica e Ingenier\u00eda Juan Trujillo\u00a0Sevilla y Luis Fernando Rodr\u00edguez Ramos. El trabajo recogido en la siguiente ponencia invitada forma parte de la\u00a0tesis doctoral de D. Juan Trujillo Sevilla y de D. Luis Fernando Rodr\u00edguez Ramos:<\/p>\n<p>Juan Manuel Trujillo Sevilla; Luis Fernando Rodr\u00edguez Ramos; Bahram Javidi; Jos\u00e9 Manuel Rodr\u00edguez Ramos. \u00abPonencia\u00a0invitada\u00bb: Tomographic microscopy using a plenoptic sensor. IEEE 12th Workshop on Information Optics\u00a0WIO2013 (2013).<\/p>\n<ul>\n<li><strong>Colaboraci\u00f3n entre el profesor Leopoldo Acosta S\u00e1nchez y el investigador Mahmoud Tarokh.<br \/>\n<\/strong><\/li>\n<\/ul>\n<p>La colaboraci\u00f3n mantenida entre el profesor Leopoldo Acosta S\u00e1nchez y el profesor Mahmoud Tarokh de la San Diego\u00a0State University ha dado como resultado la publicaci\u00f3n, por parte del alumno Antonio Luis Morell Gonz\u00e1lez, del<br \/>\nprograma de doctorado F\u00edsica e Ingenier\u00eda, de dos art\u00edculos publicados en un congreso internacional de rob\u00f3tica y en\u00a0una revista con \u00edndice de impacto JCR, que formar\u00e1n parte de la tesis del alumno.<\/p>\n<p>Antonio Morell, Mahmoud Tarokh, Leopoldo Acosta: \u00abInverse kinematics solutions for serial robots using support vector\u00a0regression\u00bb, Robotics and Automation (ICRA), 2013 IEEE International Conference on, Pages 4203-4208, 6-10\u00a0May 201<\/p>\n<p>Antonio Morell, Mahmoud Tarokh, Leopoldo Acosta: \u00abSolving the forward kinematics problem in parallel robots using\u00a0Support Vector Regression\u00bb, Engineering Applications of Artificial Intelligence, Volume 26, Issue 7, August 2013, Pages\u00a01698-1706, ISSN 0952-1976<\/p>\n<p>Se fomentar\u00e1 el establecimiento de convenios con las universidades y centros de investigaci\u00f3n, incluyendo convenios\u00a0Erasmus a nivel de doctorado, con los que actualmente colaboran los profesores del programa de doctorado.[\/vc_column_text][\/vc_column][\/vc_row]<\/p>\n","protected":false},"excerpt":{"rendered":"<p>[vc_row][vc_column][vc_column_text] Entidades participantes Otras colaboraciones Aunque no se han firmado convenios espec\u00edficos para ello, los profesores del programa de doctorado han mantenido\u00a0colaboraciones estrechas y frecuentes con una amplia variedad de investigadores, grupos de investigaci\u00f3n y organismos\u00a0y empresas p\u00fablicas y privadas. De estas colaboraciones se han beneficiado los doctorandos del programa\u00a0de doctorado F\u00edsica e Ingenier\u00eda, del&#8230;<\/p>\n","protected":false},"author":1,"featured_media":0,"parent":0,"menu_order":0,"comment_status":"closed","ping_status":"closed","template":"","meta":{"_acf_changed":false,"footnotes":""},"class_list":["post-21","page","type-page","status-publish","hentry"],"acf":[],"publishpress_future_action":{"enabled":false,"date":"2026-04-24 19:21:54","action":"change-status","newStatus":"draft","terms":[],"taxonomy":"","extraData":[]},"publishpress_future_workflow_manual_trigger":{"enabledWorkflows":[]},"_links":{"self":[{"href":"https:\/\/www.ull.es\/doctorados\/ingenieria-informatica-medioambiental\/wp-json\/wp\/v2\/pages\/21","targetHints":{"allow":["GET"]}}],"collection":[{"href":"https:\/\/www.ull.es\/doctorados\/ingenieria-informatica-medioambiental\/wp-json\/wp\/v2\/pages"}],"about":[{"href":"https:\/\/www.ull.es\/doctorados\/ingenieria-informatica-medioambiental\/wp-json\/wp\/v2\/types\/page"}],"author":[{"embeddable":true,"href":"https:\/\/www.ull.es\/doctorados\/ingenieria-informatica-medioambiental\/wp-json\/wp\/v2\/users\/1"}],"replies":[{"embeddable":true,"href":"https:\/\/www.ull.es\/doctorados\/ingenieria-informatica-medioambiental\/wp-json\/wp\/v2\/comments?post=21"}],"version-history":[{"count":2,"href":"https:\/\/www.ull.es\/doctorados\/ingenieria-informatica-medioambiental\/wp-json\/wp\/v2\/pages\/21\/revisions"}],"predecessor-version":[{"id":153,"href":"https:\/\/www.ull.es\/doctorados\/ingenieria-informatica-medioambiental\/wp-json\/wp\/v2\/pages\/21\/revisions\/153"}],"wp:attachment":[{"href":"https:\/\/www.ull.es\/doctorados\/ingenieria-informatica-medioambiental\/wp-json\/wp\/v2\/media?parent=21"}],"curies":[{"name":"wp","href":"https:\/\/api.w.org\/{rel}","templated":true}]}}