{"id":23,"date":"2018-02-22T11:09:29","date_gmt":"2018-02-22T11:09:29","guid":{"rendered":"http:\/\/localhost\/ull\/doctorados\/?page_id=23"},"modified":"2018-03-05T10:29:25","modified_gmt":"2018-03-05T10:29:25","slug":"justificacion-del-titulo","status":"publish","type":"page","link":"https:\/\/www.ull.es\/doctorados\/ingenieria-informatica-medioambiental\/justificacion-del-titulo\/","title":{"rendered":"Justificaci\u00f3n del t\u00edtulo"},"content":{"rendered":"<p>[vc_row][vc_column][vc_column_text]<\/p>\n<h1>Justificaci\u00f3n del t\u00edtulo<\/h1>\n<p>La presente propuesta de programa de doctorado tiene sus antecedentes en los programas de doctorado F\u00edsica e\u00a0Inform\u00e1tica y F\u00edsica e Ingenier\u00eda, continuaci\u00f3n este \u00faltimo del anterior. El programa de doctorado F\u00edsica e Inform\u00e1tica\u00a0fue reconocido con la distinci\u00f3n de Menci\u00f3n de Calidad por el Ministerio de Educaci\u00f3n y Ciencia con referencia\u00a0MCD2004-00437, distinci\u00f3n que fue renovada en las sucesivas convocatorias. El programa de doctorado F\u00edsica e Ingenier\u00eda,\u00a0actualmente en vigor, obtuvo la Menci\u00f3n hacia la Excelencia por del Ministerio de Educaci\u00f3n, Cultura y Deportes\u00a0con referencia MEE2011-0330. Sin embargo, ante la extinci\u00f3n de este \u00faltimo por la legislaci\u00f3n vigente sobre\u00a0estudios de posgrado (al ser un programa articulado de acuerdo al Real Decreto 1393\/2007), se propone una estructura,\u00a0basada en el programa a extinguir, manteniendo su car\u00e1cter interdisciplinar y adapt\u00e1ndose a la normativa espa\u00f1ola,\u00a0canaria y de la propia Universidad de La Laguna en lo que a los estudios de posgrado se refiere.<\/p>\n<p>En el programa F\u00edsica e Inform\u00e1tica se leyeron 32 tesis entre los cursos 2007-2008 y 2012-2013, con un n\u00famero de\u00a0matr\u00edculas igual 53. En el programa F\u00edsica e Ingenier\u00eda se encuentran matriculados 32 alumnos y se han le\u00eddo hasta\u00a0el momento 2 tesis doctorales.<\/p>\n<p>Las autoridades acad\u00e9micas y administrativas de la Universidad de La Laguna, los agentes econ\u00f3micos y sociales y\u00a0amplios sectores de la opini\u00f3n p\u00fablica han puesto de manifiesto que uno de los objetivos esenciales para el desarrollo\u00a0econ\u00f3mico y social de Canarias es el fomento de la investigaci\u00f3n y formaci\u00f3n en \u00e1reas relacionadas con las ingenier\u00edas\u00a0y las nuevas tecnolog\u00edas. Se pretende con ello consolidar un sistema cient\u00edfico y tecnol\u00f3gico que apoye la recuperaci\u00f3n\u00a0econ\u00f3mica y facilite el cambio hacia un modelo productivo basado en el conocimiento.<\/p>\n<p>La necesidad de las diferentes l\u00edneas dentro del programa de doctorado propuesto se fundamenta en los beneficios\u00a0directos que tiene para la sociedad canaria, para la comunidad cient\u00edfica y para la Universidad de La Laguna. La difusi\u00f3n\u00a0del conocimiento y la investigaci\u00f3n desarrollada tienen un impacto directo en la formaci\u00f3n del personal necesario<br \/>\npara el avance cient\u00edfico y tecnol\u00f3gico de nuestro entorno y para el creciente proceso de desarrollo tecnol\u00f3gico en el\u00a0que la Universidad de La Laguna est\u00e1 comprometida. Apoya, tambi\u00e9n, la consolidaci\u00f3n de un buen n\u00famero de titulaciones\u00a0de Ingenier\u00eda.<\/p>\n<p>Una justificaci\u00f3n adicional de nuestro programa es la demanda que existe de doctores que ejerzan de manera eficaz\u00a0y competente sus funciones profesionales en el \u00e1mbito de la educaci\u00f3n preuniversitaria y en empresas emergentes\u00a0en las islas, junto a la necesidad de formar investigadores de calidad que contribuyan a la consolidaci\u00f3n y mejora de\u00a0la competencia de nuestro pa\u00eds en tareas de investigaci\u00f3n y desarrollo.<\/p>\n<p>En nuestro entorno hay una creciente demanda de doctores con una alta cualificaci\u00f3n en el \u00e1mbito de la Ingenier\u00eda.\u00a0En particular las \u00e1reas de Ingenier\u00eda de Sistemas y Autom\u00e1tica, Ciencias de la Computaci\u00f3n e Inteligencia Artificial y\u00a0Lenguajes y Sistemas aportan doctores que contribuyen a la innovaci\u00f3n y desarrollo de industrias de tama\u00f1o medio.\u00a0En el mismo contexto las empresas emergentes han comenzado a desarrollar productos propios de software a partir\u00a0de la irrupci\u00f3n en nuestro entorno de doctores cada vez m\u00e1s cualificados. De especial importancia es la labor de los\u00a0profesionales con formaci\u00f3n en redes de comunicaciones y de intercambio cient\u00edfico en un territorio como el de las Islas,<br \/>\nperif\u00e9rico respecto a la Pen\u00ednsula y la Uni\u00f3n Europea y muy fragmentado. El desarrollo en estas \u00e1reas es considerado\u00a0estrat\u00e9gico en la comunidad canaria, desde el punto de vista econ\u00f3mico y social.<\/p>\n<p>La gesti\u00f3n del medio ambiente es tambi\u00e9n considerada de inter\u00e9s fundamental en la comunidad canaria. Hay aspectos\u00a0importantes ligados estrictamente a la correcta gesti\u00f3n del medio ambiente, que comienza con el diagn\u00f3stico y\u00a0evaluaci\u00f3n de los par\u00e1metros relevantes hasta la propuesta de soluciones concretas a circunstancias particulares.\u00a0Las Islas tienen en su medio ambiente una riqueza de la que se nutre su principal industria: el turismo. La preservaci\u00f3n\u00a0de las riquezas naturales es, por lo tanto, crucial. Cada vez hay una mayor demanda, desde la empresa privada\u00a0y las administraciones, de auditor\u00edas y diagn\u00f3sticos de la calidad medio ambiental conducente a una inversi\u00f3n tur\u00edstica\u00a0sostenible. Por otra parte, est\u00e1 el diagn\u00f3stico, control y eventual soluci\u00f3n de contaminaci\u00f3n ambiental debida al\u00a0ruido.<\/p>\n<p>Los doctorandos tambi\u00e9n se encontrar\u00edan en el seno del programa con la posibilidad de enfocar su investigaci\u00f3n hacia\u00a0el campo de la teledetecci\u00f3n, esto es, el registro, tratamiento y an\u00e1lisis de im\u00e1genes obtenidas por sat\u00e9lite o a pie\u00a0de campo. No menos importante son las tareas de previsi\u00f3n y detecci\u00f3n de altas tasas de contaminaci\u00f3n en el aire,\u00a0especialmente en Canarias que tiene una elevada poblaci\u00f3n de al\u00e9rgicos que se sit\u00faa por encima de la media nacional.\u00a0Otro sector beneficiado por la formaci\u00f3n de investigadores en teledetecci\u00f3n es el sector pesquero, en el que revierte\u00a0la aplicaci\u00f3n de t\u00e9cnicas de teledetecci\u00f3n en la localizaci\u00f3n de bancos de capturas y en un mayor control de\u00a0vertidos contaminantes ilegales en nuestras costas.<\/p>\n<p>En el marco de la investigaci\u00f3n y desarrollo, nuestros doctores tendr\u00e1n una contribuci\u00f3n decisiva en varios servicios\u00a0de nuestra Universidad como son el Servicio de Tecnolog\u00edas de la Informaci\u00f3n y la Comunicaci\u00f3n y el Campus Virtual\u00a0de la Universidad de La Laguna, de especial importancia en un territorio perif\u00e9rico y fragmentado como el de las Islas<br \/>\nCanarias.<\/p>\n<p>As\u00ed mismo, la calidad cient\u00edfica de los participantes en la propuesta garantiza una formaci\u00f3n de muy alto nivel, como\u00a0muestra la obtenci\u00f3n y mantenimiento de la Menci\u00f3n de Calidad del programa F\u00edsica e Inform\u00e1tica y la obtenci\u00f3n de\u00a0la Menci\u00f3n hacia la Excelencia del programa F\u00edsica e Ingenier\u00eda, antecesores del programa propuesto y del que \u00e9ste\u00a0pretende ser continuaci\u00f3n.<\/p>\n<p>Existe una demanda social para alcanzar un alto nivel de I+D+i. Muestra de ella son las pol\u00edticas de los diferentes gobiernos\u00a0de apoyo a acciones relacionadas con la I+D+i, a pesar de la actual coyuntura econ\u00f3mica. Una I+D+i fuerte\u00a0implica empresas m\u00e1s fuertes, generaci\u00f3n de avances sociales en forma de una mejora en la calidad de vida, etc. Y\u00a0en ese aspecto, surge la demanda social de una adecuada formaci\u00f3n en aspectos de I+D+i, que pretende ser cubierta,\u00a0en cierto grado, por esta propuesta de programa de doctorado.<\/p>\n<p>Actualmente, la Universidad de La Laguna trabaja en la redacci\u00f3n de su estrategia de I+D+i en la que sin duda se establecer\u00e1\u00a0que es un objetivo de la universidad el fomento de la investigaci\u00f3n de calidad en el campo de las ingenier\u00edas.\u00a0El programa de Doctorado en Ingenier\u00eda Industrial, Inform\u00e1tica y Medioambiental constituye, por sus antecedentes, un referente en este\u00a0campo en la Universidad de La Laguna y se integrar\u00e1, por tanto, en dicha estrategia.<\/p>\n<div>El Programa de Doctorado en Ingenier\u00eda y Medioambiente se integrar\u00e1 en la Escuela de Doctorado de la Universidad de La Laguna de reciente creaci\u00f3n.<\/div>\n<p>[\/vc_column_text][\/vc_column][\/vc_row]<\/p>\n","protected":false},"excerpt":{"rendered":"<p>[vc_row][vc_column][vc_column_text] Justificaci\u00f3n del t\u00edtulo La presente propuesta de programa de doctorado tiene sus antecedentes en los programas de doctorado F\u00edsica e\u00a0Inform\u00e1tica y F\u00edsica e Ingenier\u00eda, continuaci\u00f3n este \u00faltimo del anterior. El programa de doctorado F\u00edsica e Inform\u00e1tica\u00a0fue reconocido con la distinci\u00f3n de Menci\u00f3n de Calidad por el Ministerio de Educaci\u00f3n y Ciencia con referencia\u00a0MCD2004-00437, distinci\u00f3n&#8230;<\/p>\n","protected":false},"author":1,"featured_media":0,"parent":0,"menu_order":0,"comment_status":"closed","ping_status":"closed","template":"","meta":{"_acf_changed":false,"footnotes":""},"class_list":["post-23","page","type-page","status-publish","hentry"],"acf":[],"publishpress_future_action":{"enabled":false,"date":"2026-04-24 19:21:53","action":"change-status","newStatus":"draft","terms":[],"taxonomy":"","extraData":[]},"publishpress_future_workflow_manual_trigger":{"enabledWorkflows":[]},"_links":{"self":[{"href":"https:\/\/www.ull.es\/doctorados\/ingenieria-informatica-medioambiental\/wp-json\/wp\/v2\/pages\/23","targetHints":{"allow":["GET"]}}],"collection":[{"href":"https:\/\/www.ull.es\/doctorados\/ingenieria-informatica-medioambiental\/wp-json\/wp\/v2\/pages"}],"about":[{"href":"https:\/\/www.ull.es\/doctorados\/ingenieria-informatica-medioambiental\/wp-json\/wp\/v2\/types\/page"}],"author":[{"embeddable":true,"href":"https:\/\/www.ull.es\/doctorados\/ingenieria-informatica-medioambiental\/wp-json\/wp\/v2\/users\/1"}],"replies":[{"embeddable":true,"href":"https:\/\/www.ull.es\/doctorados\/ingenieria-informatica-medioambiental\/wp-json\/wp\/v2\/comments?post=23"}],"version-history":[{"count":3,"href":"https:\/\/www.ull.es\/doctorados\/ingenieria-informatica-medioambiental\/wp-json\/wp\/v2\/pages\/23\/revisions"}],"predecessor-version":[{"id":152,"href":"https:\/\/www.ull.es\/doctorados\/ingenieria-informatica-medioambiental\/wp-json\/wp\/v2\/pages\/23\/revisions\/152"}],"wp:attachment":[{"href":"https:\/\/www.ull.es\/doctorados\/ingenieria-informatica-medioambiental\/wp-json\/wp\/v2\/media?parent=23"}],"curies":[{"name":"wp","href":"https:\/\/api.w.org\/{rel}","templated":true}]}}