{"id":74,"date":"2018-02-22T13:34:00","date_gmt":"2018-02-22T13:34:00","guid":{"rendered":"http:\/\/www.ull.es\/doctorados\/ingenieria-industrial-informatica-medioambiental\/?page_id=74"},"modified":"2025-10-14T08:26:15","modified_gmt":"2025-10-14T08:26:15","slug":"normativa-presentacion-lectura-tesis","status":"publish","type":"page","link":"https:\/\/www.ull.es\/doctorados\/ingenieria-informatica-medioambiental\/organizacion-del-programa\/normativa-presentacion-lectura-tesis\/","title":{"rendered":"Normativa de presentaci\u00f3n y lectura de tesis"},"content":{"rendered":"\n<div class=\"wp-block-stackable-columns alignfull stk-block-columns stk-block stk-2314a6b\" data-block-id=\"2314a6b\"><style>.stk-2314a6b {padding-bottom:0px !important;margin-top:-100px !important;margin-bottom:0px !important;}<\/style><div class=\"stk-row stk-inner-blocks stk-block-content stk-content-align stk-2314a6b-column alignfull\">\n<div class=\"wp-block-stackable-column stk-block-column stk-column stk-block stk-1d1764d\" data-v=\"4\" data-block-id=\"1d1764d\"><div class=\"stk-column-wrapper stk-block-column__content stk-container stk-1d1764d-container stk--no-background stk--no-padding\"><div class=\"stk-block-content stk-inner-blocks stk-1d1764d-inner-blocks\"><style id=\"depicter-1-inline-pre-css\">\n\n.depicter-1:not(.depicter-ready){\n\theight:450px;\n}\n\n\/***** Tablet *****\/\n@media screen and (max-width: 1024px){\n\n.depicter-1:not(.depicter-ready){\n\theight:700px;\n}\n\n}\n\/***** Mobile *****\/\n@media screen and (max-width: 767px){\n\n.depicter-1:not(.depicter-ready){\n\theight:360px;\n}\n\n}\n<\/style>\n<div id=\"depicter-1\" class=\"depicter depicter-document depicter-revert depicter-1 depicter-layout-fullwidth\">\n\n<div class=\"depicter-loading-container depicter-loading dotFlashing-dark\"><div class=\"depicter-loading-dark depicter-dot-flashing\">\n   <span><\/span>\n   <span><\/span>\n   <span><\/span>\n<\/div>\n<\/div>\n<div id=\"depicter-1-section-1\" class=\"depicter-section depicter-1-section-1\" data-name=\"Section 1\" data-type=\"section\" data-local-id=\"section-1\">\n<picture class=\"depicter-bg\">\n<source data-depicter-srcset=\"https:\/\/www.ull.es\/doctorados\/ingenieria-informatica-medioambiental\/wp-content\/uploads\/sites\/11\/2025\/05\/Headers-Doctorados_Doctorado-en-Ingenieria-Industrial-Informatica-y-Medioambiental-768x248.jpg, https:\/\/www.ull.es\/doctorados\/ingenieria-informatica-medioambiental\/wp-content\/uploads\/sites\/11\/2025\/05\/Headers-Doctorados_Doctorado-en-Ingenieria-Industrial-Informatica-y-Medioambiental.jpg 2x\" srcset=\"data:image\/gif;base64,R0lGODlhAQABAIAAAAAAAP\/\/\/yH5BAEAAAAALAAAAAABAAEAAAIBRAA7\" media=\"(max-width: 1024px)\" \/>\n\n<source data-depicter-srcset=\"https:\/\/www.ull.es\/doctorados\/ingenieria-informatica-medioambiental\/wp-content\/uploads\/sites\/11\/2025\/05\/Headers-Doctorados_Doctorado-en-Ingenieria-Industrial-Informatica-y-Medioambiental.jpg, https:\/\/www.ull.es\/doctorados\/ingenieria-informatica-medioambiental\/wp-content\/uploads\/sites\/11\/2025\/05\/Headers-Doctorados_Doctorado-en-Ingenieria-Industrial-Informatica-y-Medioambiental-2000x645.jpg 2x\" srcset=\"data:image\/gif;base64,R0lGODlhAQABAIAAAAAAAP\/\/\/yH5BAEAAAAALAAAAAABAAEAAAIBRAA7\" media=\"(min-width: 1025px)\" \/>\n<img decoding=\"async\" src=\"data:image\/gif;base64,R0lGODlhAQABAIAAAAAAAP\/\/\/yH5BAEAAAAALAAAAAABAAEAAAIBRAA7\" data-ken-burns=\"false\" data-tablet-ken-burns=\"false\" data-mobile-ken-burns=\"false\" alt=\"\" data-depicter-src=\"https:\/\/www.ull.es\/doctorados\/ingenieria-informatica-medioambiental\/wp-content\/uploads\/sites\/11\/2025\/05\/Headers-Doctorados_Doctorado-en-Ingenieria-Industrial-Informatica-y-Medioambiental.jpg\" data-object-fit=\"custom,custom,\" data-object-position=\"center top,,\" data-crop=\"{'focalPoint':{'x':0.5,'y':0.5},'mediaSize':{'width':1395.3488372093024736386723816394805908203125,'height':450}}\" data-tablet-crop=\"{'focalPoint':{'x':0.5,'y':0.5},'mediaSize':{'width':2170.54263565891460530110634863376617431640625,'height':700}}\" data-mobile-crop=\"{'focalPoint':{'x':0.5,'y':0.5},'mediaSize':{'width':2294.57364341085258274688385426998138427734375,'height':740}}\" \/>\n<\/picture>\n\n\n<h1 id=\"depicter-1-element-5\" class=\"depicter-element depicter-layer depicter-1-element-5\" data-type=\"text\" data-wrap=\"true\" data-name=\"Text 2\" data-local-id=\"element-5\" data-offset=\"x:0px;y:97px;origin:tl\" data-tablet-offset=\"x:208px;y:192px;origin:tl\" data-mobile-offset=\"x:-18px;y:67px;origin:tl\" data-width=\"1200px,auto,472px\" data-height=\"auto,auto,auto\" data-responsive-scale=\"true,,\">Programa de Doctorado en Ingenier\u00eda Industrial, Inform\u00e1tica y Medioambiental<\/h1>\n\n<div id=\"depicter-1-element-10\" class=\"depicter-element depicter-layer depicter-1-element-10\" data-type=\"shape\" data-wrap=\"true\" data-name=\"Shape 1\" data-local-id=\"element-10\" data-offset=\"x:0px;y:370px;origin:tl\" data-tablet-offset=\"x:208px;y:496px;origin:tl\" data-mobile-offset=\"x:-18px;y:316px;origin:tl\" data-width=\"1175px,647px,402px\" data-height=\"8px,8px,8px\" data-responsive-scale=\"true,,\"><\/div>\n<\/div>\n<\/div>\n<script>\n(window.depicterSetups = window.depicterSetups || []).push(function(){\n\tDepicter.basePath = 'https:\/\/www.ull.es\/doctorados\/ingenieria-informatica-medioambiental\/wp-content\/plugins\/depicter\/resources\/scripts\/player\/';\n\tconst dpPlayer = Depicter.setup('.depicter-1',\n\t\t{\"width\":[\"1200\",\"1024\",\"360\"],\"height\":[\"450\",\"700\",\"360\"],\"view\":\"basic\",\"keepAspectRatio\":true,\"preload\":0,\"layout\":\"fullwidth\",\"rtl\":false,\"initAfterAppear\":false,\"ajaxApiUrl\":\"https:\\\/\\\/www.ull.es\\\/doctorados\\\/ingenieria-informatica-medioambiental\\\/wp-admin\\\/admin-ajax.php\",\"mouseSwipe\":true,\"touchSwipe\":true,\"useWatermark\":false}\n\t);\n});\n<\/script><\/div><\/div><\/div>\n<\/div><\/div>\n\n\n\n<div class=\"wp-block-stackable-columns alignfull stk-block-columns stk--hide-mobile stk-block stk-6394276 stk-block-background\" data-block-id=\"6394276\"><style>.stk-6394276 {background-color:#f33f4e !important;padding-top:10px !important;margin-bottom:0px !important;}.stk-6394276:before{background-color:#f33f4e !important;}<\/style><div class=\"stk-row stk-inner-blocks stk-block-content stk-content-align stk-6394276-column alignfull\">\n<div class=\"wp-block-stackable-column stk-block-column stk-column stk-block stk-8a66885\" data-v=\"4\" data-block-id=\"8a66885\"><div class=\"stk-column-wrapper stk-block-column__content stk-container stk-8a66885-container stk--no-background stk--no-padding\"><div class=\"stk-block-content stk-inner-blocks stk-8a66885-inner-blocks\">\n<div class=\"wp-block-stackable-spacer stk-block-spacer stk--no-padding stk-block stk-bc89b3e\" data-block-id=\"bc89b3e\"><style>.stk-bc89b3e {height:0px !important;}<\/style><\/div>\n<\/div><\/div><\/div>\n<\/div><\/div>\n\n\n\n<div class=\"wp-block-stackable-columns stk-block-columns stk-block stk-8b59b96\" data-block-id=\"8b59b96\"><style>.stk-8b59b96 .stk--block-align-8b59b96{align-items:flex-start !important;}.stk-8b59b96 {margin-top:50px !important;}.stk-8b59b96-column{--stk-columns-spacing:0px !important;--stk-column-gap:50px !important;}<\/style><div class=\"stk-row stk-inner-blocks stk--block-align-8b59b96 stk-block-content stk-content-align stk-8b59b96-column\">\n<div class=\"wp-block-stackable-column stk-block-column stk-column stk-block stk-dbb7e15\" data-v=\"4\" data-block-id=\"dbb7e15\"><style>@media screen and (min-width: 768px){.stk-dbb7e15 {flex:var(--stk-flex-grow, 1) 1 66.7% !important;}}<\/style><div class=\"stk-column-wrapper stk-block-column__content stk-container stk-dbb7e15-container stk--no-background stk--no-padding\"><div class=\"stk-block-content stk-inner-blocks stk-dbb7e15-inner-blocks\">\n<div class=\"wp-block-stackable-heading stk-block-heading stk-block-heading--v2 stk-block stk-cc0239e\" id=\"complementos-de-formacion\" data-block-id=\"cc0239e\"><style>.stk-cc0239e .stk-block-heading__text{color:#000000 !important;font-weight:500 !important;}<\/style><h1 class=\"stk-block-heading__text has-text-color\">Normativa de presentaci\u00f3n y lectura de tesis<\/h1><\/div>\n\n\n\n<p>El Cap\u00edtulo III del T\u00edtulo II del&nbsp;<a href=\"https:\/\/www.ull.es\/portal\/normativa\/normativa\/reglamento-de-ensenanzas-oficiales-de-doctorado-de-la-universidad-de-la-laguna\/\" target=\"_blank\" rel=\"noreferrer noopener\" target=\"_blank\" rel=\"noopener\">Reglamento de Ense\u00f1anzas Oficiales de Doctorado de la Universidad de La Laguna<\/a>&nbsp;regula los procedimientos para la presentaci\u00f3n y defensa de la tesis doctoral. Asimismo, regula los requisitos que ha de cumplir una tesis para que pueda incluir en su anverso la menci\u00f3n de \u00abDoctorado internacional\u00bb, la menci\u00f3n de \u00abDoctorado Industrial\u00bb, la modalidad de tesis por compendio de publicaciones y el r\u00e9gimen de cotutela en la tesis doctoral. La normativa se encuentra disponible en la&nbsp;<a href=\"https:\/\/www.ull.es\/doctorados\/tesis-doctoral\/\" target=\"_blank\" rel=\"noreferrer noopener\" target=\"_blank\" rel=\"noopener\">web institucional de la universidad<\/a>. Por otro lado, la Universidad de La Laguna convoca anualmente sus premios extraordinarios de doctorado de los que informa a trav\u00e9s de circulares y publicando la convocatoria y la normativa en la&nbsp;<a href=\"https:\/\/www.ull.es\/doctorados\/premios-extraordinarios-doctorado\/\" target=\"_blank\" rel=\"noreferrer noopener\" target=\"_blank\" rel=\"noopener\">p\u00e1gina web institucional<\/a>.<\/p>\n\n\n\n<div class=\"wp-block-stackable-image stk-block-image stk-block stk-fad5863\" data-block-id=\"fad5863\"><figure><span class=\"stk-img-wrapper stk-image--shape-stretch\"><img loading=\"lazy\" decoding=\"async\" class=\"stk-img wp-image-290\" src=\"https:\/\/www.ull.es\/doctorados\/ingenieria-informatica-medioambiental\/wp-content\/uploads\/sites\/11\/2024\/10\/2024-I3MA-Normativa-Tesis-Page-1.drawio.jpg\" width=\"806\" height=\"1019\" srcset=\"https:\/\/www.ull.es\/doctorados\/ingenieria-informatica-medioambiental\/wp-content\/uploads\/sites\/11\/2024\/10\/2024-I3MA-Normativa-Tesis-Page-1.drawio.jpg 806w, https:\/\/www.ull.es\/doctorados\/ingenieria-informatica-medioambiental\/wp-content\/uploads\/sites\/11\/2024\/10\/2024-I3MA-Normativa-Tesis-Page-1.drawio-237x300.jpg 237w, https:\/\/www.ull.es\/doctorados\/ingenieria-informatica-medioambiental\/wp-content\/uploads\/sites\/11\/2024\/10\/2024-I3MA-Normativa-Tesis-Page-1.drawio-768x971.jpg 768w, https:\/\/www.ull.es\/doctorados\/ingenieria-informatica-medioambiental\/wp-content\/uploads\/sites\/11\/2024\/10\/2024-I3MA-Normativa-Tesis-Page-1.drawio-375x474.jpg 375w, https:\/\/www.ull.es\/doctorados\/ingenieria-informatica-medioambiental\/wp-content\/uploads\/sites\/11\/2024\/10\/2024-I3MA-Normativa-Tesis-Page-1.drawio-750x948.jpg 750w\" sizes=\"auto, (max-width: 806px) 100vw, 806px\" \/><\/span><\/figure><\/div>\n\n\n\n<p>El esquema anterior resume la documentaci\u00f3n y los distintos agentes que intervienen en la presentaci\u00f3n y defensa de la Tesis Doctoral. Se indica tambi\u00e9n el articulado del&nbsp;<a href=\"https:\/\/www.ull.es\/portal\/normativa\/normativa\/reglamento-de-ensenanzas-oficiales-de-doctorado-de-la-universidad-de-la-laguna\/\" target=\"_blank\" rel=\"noreferrer noopener\" target=\"_blank\" rel=\"noopener\">Reglamento<\/a>&nbsp;que afecta a este proceso en sus distintas fases. En la&nbsp;<a href=\"https:\/\/www.ull.es\/doctorados\/tesis-doctoral\" target=\"_blank\" rel=\"noreferrer noopener\" target=\"_blank\" rel=\"noopener\">p\u00e1gina sobre Tesis Doctoral<\/a>&nbsp;de la EDEP se detallan todos los aspectos generales que ordenan los&nbsp;<a href=\"https:\/\/www.ull.es\/doctorados\/tesis-doctoral\/#tribunal-tesis\" target=\"_blank\" rel=\"noreferrer noopener\" target=\"_blank\" rel=\"noopener\">tribunales<\/a>,&nbsp;<a href=\"https:\/\/www.ull.es\/doctorados\/tesis-doctoral\/#deposito-tesis\" target=\"_blank\" rel=\"noreferrer noopener\" target=\"_blank\" rel=\"noopener\">dep\u00f3sito<\/a>, menciones de&nbsp;<a href=\"https:\/\/www.ull.es\/doctorados\/tesis-doctoral\/#doctorado-internacional\" target=\"_blank\" rel=\"noreferrer noopener\" target=\"_blank\" rel=\"noopener\">doctorado internacional<\/a>&nbsp;e&nbsp;<a href=\"https:\/\/www.ull.es\/doctorados\/tesis-doctoral\/#industrial\" target=\"_blank\" rel=\"noreferrer noopener\" target=\"_blank\" rel=\"noopener\">industrial<\/a>,&nbsp;<a href=\"https:\/\/www.ull.es\/doctorados\/tesis-doctoral\/#compendio-publicaciones\" target=\"_blank\" rel=\"noreferrer noopener\" target=\"_blank\" rel=\"noopener\">tesis por compendio<\/a>,&nbsp;<a href=\"https:\/\/www.ull.es\/doctorados\/tesis-doctoral\/#cotutela-internacional\" target=\"_blank\" rel=\"noreferrer noopener\" target=\"_blank\" rel=\"noopener\">cotutela internacional<\/a>&nbsp;y dem\u00e1s aspectos relacionados con la defensa. Se detallan a continuaci\u00f3n los aspectos espec\u00edficos del programa de doctorado I3MA:<\/p>\n\n\n\n<ul class=\"wp-block-list\">\n<li><strong>Tesis doctoral:<\/strong>&nbsp;se requiere al menos una publicaci\u00f3n JCR para autorizar la defensa.<\/li>\n\n\n\n<li><strong>Tribunal de tesis:<\/strong>&nbsp;se requiere que todos sus miembros, al igual que el director de la tesis, cuenten con al menos un sexenio de investigaci\u00f3n (o m\u00e9ritos equivalentes)<\/li>\n\n\n\n<li><strong>Tesis por compendio:<\/strong>\u00a0Como norma general, se requieren tres publicaciones en revistas cient\u00edficas que figuren en la relaci\u00f3n de revistas del Journal Citations Reports (JCR). En su defecto, se plantean los siguientes m\u00ednimos: dos de las publicaciones deben ser art\u00edculos publicados en revistas indexadas en JCR en sus cuartiles Q1-Q2 o art\u00edculos asociados a congresos indexados en el ICORE en sus rankings A*\/A o una combinaci\u00f3n de ambos criterios. La tercera publicaci\u00f3n, como m\u00ednimo, debe estar asociada a una revista indexada en Scopus o a un congreso indexado en el ICORE en sus rankings A\/B.<\/li>\n<\/ul>\n<\/div><\/div><\/div>\n\n\n\n<div class=\"wp-block-stackable-column stk-block-column stk-column stk-block stk-53ec762\" data-v=\"4\" data-block-id=\"53ec762\"><style>.stk-53ec762-inner-blocks{row-gap:0px !important;}.stk-53ec762 {padding-top:0px !important;padding-right:0px !important;padding-bottom:0px !important;padding-left:0px !important;}@media screen and (min-width: 768px){.stk-53ec762 {flex:var(--stk-flex-grow, 1) 1 33.3% !important;}}<\/style><div class=\"stk-column-wrapper stk-block-column__content stk-container stk-53ec762-container stk--no-background stk--no-padding\"><div class=\"stk-block-content stk-inner-blocks stk-53ec762-inner-blocks\">\n\n<ul class=\"widget-box\">\n<li class='contacto-header'>Informaci\u00f3n de contacto<\/li><li><i class=\"fa fa-map-marker\"><\/i> Avda. Astrof\u00edsico Francisco S\u00e1nchez, SN. Edificio Calabaza \u2013 AN.2D Apdo. 456 38200 San Crist\u00f3bal de La Laguna<\/li><li><i class=\"fa fa-envelope\"><\/i>  <a href=mailto:doctorado.industrial@ull.es>doctorado.industrial@ull.es<\/a><\/li><li><i class=\"fa fa-calendar\"><\/i><a href=\"http:\/\/citaprevia.ull.es\/index.php?s=edpo\"> Cita previa<\/a><\/li>\n<\/ul>\n\n\n<\/div><\/div><\/div>\n<\/div><\/div>\n","protected":false},"excerpt":{"rendered":"<p>Normativa de presentaci\u00f3n y lectura de tesis El Cap\u00edtulo III del T\u00edtulo II del&nbsp;Reglamento de Ense\u00f1anzas Oficiales de Doctorado de la Universidad de La Laguna&nbsp;regula los procedimientos para la presentaci\u00f3n y defensa de la tesis doctoral. Asimismo, regula los requisitos que ha de cumplir una tesis para que pueda incluir en su anverso la menci\u00f3n&#8230;<\/p>\n","protected":false},"author":1,"featured_media":0,"parent":27,"menu_order":0,"comment_status":"closed","ping_status":"closed","template":"templates\/template-frontpage.php","meta":{"_acf_changed":false,"footnotes":""},"class_list":["post-74","page","type-page","status-publish","hentry"],"acf":[],"publishpress_future_action":{"enabled":false,"date":"2026-04-24 16:43:20","action":"change-status","newStatus":"draft","terms":[],"taxonomy":"","extraData":[]},"publishpress_future_workflow_manual_trigger":{"enabledWorkflows":[]},"_links":{"self":[{"href":"https:\/\/www.ull.es\/doctorados\/ingenieria-informatica-medioambiental\/wp-json\/wp\/v2\/pages\/74","targetHints":{"allow":["GET"]}}],"collection":[{"href":"https:\/\/www.ull.es\/doctorados\/ingenieria-informatica-medioambiental\/wp-json\/wp\/v2\/pages"}],"about":[{"href":"https:\/\/www.ull.es\/doctorados\/ingenieria-informatica-medioambiental\/wp-json\/wp\/v2\/types\/page"}],"author":[{"embeddable":true,"href":"https:\/\/www.ull.es\/doctorados\/ingenieria-informatica-medioambiental\/wp-json\/wp\/v2\/users\/1"}],"replies":[{"embeddable":true,"href":"https:\/\/www.ull.es\/doctorados\/ingenieria-informatica-medioambiental\/wp-json\/wp\/v2\/comments?post=74"}],"version-history":[{"count":15,"href":"https:\/\/www.ull.es\/doctorados\/ingenieria-informatica-medioambiental\/wp-json\/wp\/v2\/pages\/74\/revisions"}],"predecessor-version":[{"id":423,"href":"https:\/\/www.ull.es\/doctorados\/ingenieria-informatica-medioambiental\/wp-json\/wp\/v2\/pages\/74\/revisions\/423"}],"up":[{"embeddable":true,"href":"https:\/\/www.ull.es\/doctorados\/ingenieria-informatica-medioambiental\/wp-json\/wp\/v2\/pages\/27"}],"wp:attachment":[{"href":"https:\/\/www.ull.es\/doctorados\/ingenieria-informatica-medioambiental\/wp-json\/wp\/v2\/media?parent=74"}],"curies":[{"name":"wp","href":"https:\/\/api.w.org\/{rel}","templated":true}]}}