{"id":23,"date":"2018-02-22T11:09:29","date_gmt":"2018-02-22T11:09:29","guid":{"rendered":"http:\/\/localhost\/ull\/doctorados\/?page_id=23"},"modified":"2018-03-07T10:16:43","modified_gmt":"2018-03-07T10:16:43","slug":"justificacion-del-titulo","status":"publish","type":"page","link":"https:\/\/www.ull.es\/doctorados\/ingenieria-marina-radioelectrica-naval\/en\/justificacion-del-titulo\/","title":{"rendered":"Title justification"},"content":{"rendered":"<p>[vc_row][vc_column][vc_column_text]<\/p>\n<h1>Justificaci\u00f3n del t\u00edtulo<\/h1>\n<p>El programa de doctorado que se presenta tiene como finalidad la formaci\u00f3n, en el contexto de las Ingenier\u00edas N\u00e1utica,\u00a0Marina y Radioelectr\u00f3nica Naval, de investigadores de alta cualificaci\u00f3n capacitados para la innovaci\u00f3n y para el\u00a0avance del conocimiento en dicho \u00e1mbito, que puedan integrarse plenamente en el Espacio Europeo de Educaci\u00f3n\u00a0Superior (EEES) y en el Espacio Europeo de Investigaci\u00f3n (EEI).<\/p>\n<p><em>Justificaci\u00f3n<\/em><\/p>\n<p>Formaci\u00f3n de investigadores profesionales. Los doctores procedentes del programa en Ingenier\u00eda N\u00e1utica, Marina y\u00a0Radioelectr\u00f3nica Naval, podr\u00e1n integrarse en sectores socio-profesionales propios de dicho \u00e1mbito espec\u00edfico del conocimiento,\u00a0as\u00ed como, en la ense\u00f1anza universitaria y en otros centros p\u00fablicos y privados de investigaci\u00f3n, donde\u00a0podr\u00e1n ejercer funciones al m\u00e1s alto nivel.[\/vc_column_text][\/vc_column][\/vc_row]<\/p>\n","protected":false},"excerpt":{"rendered":"<p>[vc_row][vc_column][vc_column_text] Justificaci\u00f3n del t\u00edtulo El programa de doctorado que se presenta tiene como finalidad la formaci\u00f3n, en el contexto de las Ingenier\u00edas N\u00e1utica,\u00a0Marina y Radioelectr\u00f3nica Naval, de investigadores de alta cualificaci\u00f3n capacitados para la innovaci\u00f3n y para el\u00a0avance del conocimiento en dicho \u00e1mbito, que puedan integrarse plenamente en el Espacio Europeo de Educaci\u00f3n\u00a0Superior (EEES) y&#8230;<\/p>\n","protected":false},"author":1,"featured_media":0,"parent":0,"menu_order":0,"comment_status":"closed","ping_status":"closed","template":"","meta":{"_acf_changed":false,"footnotes":""},"class_list":["post-23","page","type-page","status-publish","hentry"],"acf":[],"publishpress_future_action":{"enabled":false,"date":"2026-04-15 04:20:06","action":"change-status","newStatus":"draft","terms":[],"taxonomy":"","extraData":[]},"publishpress_future_workflow_manual_trigger":{"enabledWorkflows":[]},"_links":{"self":[{"href":"https:\/\/www.ull.es\/doctorados\/ingenieria-marina-radioelectrica-naval\/en\/wp-json\/wp\/v2\/pages\/23","targetHints":{"allow":["GET"]}}],"collection":[{"href":"https:\/\/www.ull.es\/doctorados\/ingenieria-marina-radioelectrica-naval\/en\/wp-json\/wp\/v2\/pages"}],"about":[{"href":"https:\/\/www.ull.es\/doctorados\/ingenieria-marina-radioelectrica-naval\/en\/wp-json\/wp\/v2\/types\/page"}],"author":[{"embeddable":true,"href":"https:\/\/www.ull.es\/doctorados\/ingenieria-marina-radioelectrica-naval\/en\/wp-json\/wp\/v2\/users\/1"}],"replies":[{"embeddable":true,"href":"https:\/\/www.ull.es\/doctorados\/ingenieria-marina-radioelectrica-naval\/en\/wp-json\/wp\/v2\/comments?post=23"}],"version-history":[{"count":3,"href":"https:\/\/www.ull.es\/doctorados\/ingenieria-marina-radioelectrica-naval\/en\/wp-json\/wp\/v2\/pages\/23\/revisions"}],"predecessor-version":[{"id":152,"href":"https:\/\/www.ull.es\/doctorados\/ingenieria-marina-radioelectrica-naval\/en\/wp-json\/wp\/v2\/pages\/23\/revisions\/152"}],"wp:attachment":[{"href":"https:\/\/www.ull.es\/doctorados\/ingenieria-marina-radioelectrica-naval\/en\/wp-json\/wp\/v2\/media?parent=23"}],"curies":[{"name":"wp","href":"https:\/\/api.w.org\/{rel}","templated":true}]}}