{"id":70,"date":"2018-02-22T13:26:52","date_gmt":"2018-02-22T13:26:52","guid":{"rendered":"http:\/\/www.ull.es\/doctorados\/ingenieria-nautica-marina-radioelectrica-naval\/?page_id=70"},"modified":"2025-08-20T10:38:58","modified_gmt":"2025-08-20T10:38:58","slug":"supervision-tesis","status":"publish","type":"page","link":"https:\/\/www.ull.es\/doctorados\/ingenieria-marina-radioelectrica-naval\/en\/organizacion-del-programa\/supervision-tesis\/","title":{"rendered":"Thesis supervision"},"content":{"rendered":"\n<div class=\"wp-block-stackable-columns alignfull stk-block-columns stk-block stk-2314a6b\" data-block-id=\"2314a6b\"><style>.stk-2314a6b {padding-bottom:0px !important;margin-top:-100px !important;margin-bottom:0px !important;}<\/style><div class=\"stk-row stk-inner-blocks stk-block-content stk-content-align stk-2314a6b-column alignfull\">\n<div class=\"wp-block-stackable-column stk-block-column stk-column stk-block stk-1d1764d\" data-v=\"4\" data-block-id=\"1d1764d\"><div class=\"stk-column-wrapper stk-block-column__content stk-container stk-1d1764d-container stk--no-background stk--no-padding\"><div class=\"stk-block-content stk-inner-blocks stk-1d1764d-inner-blocks\"><style id=\"depicter-1-inline-pre-css\">\n\n.depicter-1:not(.depicter-ready){\n\theight:450px;\n}\n\n\/***** Tablet *****\/\n@media screen and (max-width: 1024px){\n\n.depicter-1:not(.depicter-ready){\n\theight:700px;\n}\n\n}\n\/***** Mobile *****\/\n@media screen and (max-width: 767px){\n\n.depicter-1:not(.depicter-ready){\n\theight:360px;\n}\n\n}\n<\/style>\n<div id=\"depicter-1\" class=\"depicter depicter-document depicter-revert depicter-1 depicter-layout-fullwidth\">\n\n<div class=\"depicter-loading-container depicter-loading dotFlashing-dark\"><div class=\"depicter-loading-dark depicter-dot-flashing\">\n   <span><\/span>\n   <span><\/span>\n   <span><\/span>\n<\/div>\n<\/div>\n<div id=\"depicter-1-section-1\" class=\"depicter-section depicter-1-section-1\" data-name=\"Section 1\" data-type=\"section\" data-local-id=\"section-1\">\n<picture class=\"depicter-bg\">\n<source data-depicter-srcset=\"https:\/\/www.ull.es\/doctorados\/ingenieria-marina-radioelectrica-naval\/wp-content\/uploads\/sites\/12\/2025\/05\/Headers-Doctorados_Doctorado-en-Ingenieria-Nautica-768x248.jpg, https:\/\/www.ull.es\/doctorados\/ingenieria-marina-radioelectrica-naval\/wp-content\/uploads\/sites\/12\/2025\/05\/Headers-Doctorados_Doctorado-en-Ingenieria-Nautica.jpg 2x\" srcset=\"data:image\/gif;base64,R0lGODlhAQABAIAAAAAAAP\/\/\/yH5BAEAAAAALAAAAAABAAEAAAIBRAA7\" media=\"(max-width: 1024px)\" \/>\n\n<source data-depicter-srcset=\"https:\/\/www.ull.es\/doctorados\/ingenieria-marina-radioelectrica-naval\/wp-content\/uploads\/sites\/12\/2025\/05\/Headers-Doctorados_Doctorado-en-Ingenieria-Nautica.jpg, https:\/\/www.ull.es\/doctorados\/ingenieria-marina-radioelectrica-naval\/wp-content\/uploads\/sites\/12\/2025\/05\/Headers-Doctorados_Doctorado-en-Ingenieria-Nautica-2000x645.jpg 2x\" srcset=\"data:image\/gif;base64,R0lGODlhAQABAIAAAAAAAP\/\/\/yH5BAEAAAAALAAAAAABAAEAAAIBRAA7\" media=\"(min-width: 1025px)\" \/>\n<img decoding=\"async\" src=\"data:image\/gif;base64,R0lGODlhAQABAIAAAAAAAP\/\/\/yH5BAEAAAAALAAAAAABAAEAAAIBRAA7\" data-ken-burns=\"false\" data-tablet-ken-burns=\"false\" data-mobile-ken-burns=\"false\" alt=\"\" data-depicter-src=\"https:\/\/www.ull.es\/doctorados\/ingenieria-marina-radioelectrica-naval\/wp-content\/uploads\/sites\/12\/2025\/05\/Headers-Doctorados_Doctorado-en-Ingenieria-Nautica.jpg\" data-object-fit=\"custom,custom,\" data-object-position=\"center top,,\" data-crop=\"{'focalPoint':{'x':0.5,'y':0.5},'mediaSize':{'width':1395.3488372093024736386723816394805908203125,'height':450}}\" data-tablet-crop=\"{'focalPoint':{'x':0.5,'y':0.5},'mediaSize':{'width':2170.54263565891460530110634863376617431640625,'height':700}}\" data-mobile-crop=\"{'focalPoint':{'x':0.5,'y':0.5},'mediaSize':{'width':2294.57364341085258274688385426998138427734375,'height':740}}\" \/>\n<\/picture>\n\n\n<h1 id=\"depicter-1-element-5\" class=\"depicter-element depicter-layer depicter-1-element-5\" data-type=\"text\" data-wrap=\"true\" data-name=\"Text 2\" data-local-id=\"element-5\" data-offset=\"x:6px;y:95px;origin:tl\" data-tablet-offset=\"x:181px;y:206px;origin:tl\" data-mobile-offset=\"x:-9px;y:57px;origin:tl\" data-width=\"1194px,746px,455px\" data-height=\"auto,auto,auto\" data-responsive-scale=\"true,,\">Programa de Doctorado en Ingenier\u00eda N\u00e1utica, Marina y Radioelectr\u00f3nica Naval<\/h1>\n\n<div id=\"depicter-1-element-10\" class=\"depicter-element depicter-layer depicter-1-element-10\" data-type=\"shape\" data-wrap=\"true\" data-name=\"Shape 1\" data-local-id=\"element-10\" data-offset=\"x:6px;y:362px;origin:tl\" data-tablet-offset=\"x:201px;y:500px;origin:tl\" data-mobile-offset=\"x:-9px;y:352px;origin:tl\" data-width=\"1006px,647px,369px\" data-height=\"8px,8px,8px\" data-responsive-scale=\"true,,\"><\/div>\n<\/div>\n<\/div>\n<script>\n(window.depicterSetups = window.depicterSetups || []).push(function(){\n\tDepicter.basePath = 'https:\/\/www.ull.es\/doctorados\/ingenieria-marina-radioelectrica-naval\/wp-content\/plugins\/depicter\/resources\/scripts\/player\/';\n\tconst dpPlayer = Depicter.setup('.depicter-1',\n\t\t{\"width\":[\"1200\",\"1024\",\"360\"],\"height\":[\"450\",\"700\",\"360\"],\"view\":\"basic\",\"keepAspectRatio\":true,\"preload\":0,\"layout\":\"fullwidth\",\"rtl\":false,\"initAfterAppear\":false,\"ajaxApiUrl\":\"https:\\\/\\\/www.ull.es\\\/doctorados\\\/ingenieria-marina-radioelectrica-naval\\\/wp-admin\\\/admin-ajax.php\",\"mouseSwipe\":true,\"touchSwipe\":true,\"useWatermark\":false}\n\t);\n});\n<\/script><\/div><\/div><\/div>\n<\/div><\/div>\n\n\n\n<div class=\"wp-block-stackable-columns alignfull stk-block-columns stk--hide-mobile stk-block stk-6394276 stk-block-background\" data-block-id=\"6394276\"><style>.stk-6394276 {background-color:#f33f4e !important;padding-top:10px !important;margin-bottom:0px !important;}.stk-6394276:before{background-color:#f33f4e !important;}<\/style><div class=\"stk-row stk-inner-blocks stk-block-content stk-content-align stk-6394276-column alignfull\">\n<div class=\"wp-block-stackable-column stk-block-column stk-column stk-block stk-8a66885\" data-v=\"4\" data-block-id=\"8a66885\"><div class=\"stk-column-wrapper stk-block-column__content stk-container stk-8a66885-container stk--no-background stk--no-padding\"><div class=\"stk-block-content stk-inner-blocks stk-8a66885-inner-blocks\">\n<div class=\"wp-block-stackable-spacer stk-block-spacer stk--no-padding stk-block stk-bc89b3e\" data-block-id=\"bc89b3e\"><style>.stk-bc89b3e {height:0px !important;}<\/style><\/div>\n<\/div><\/div><\/div>\n<\/div><\/div>\n\n\n\n<div class=\"wp-block-stackable-columns stk-block-columns stk-block stk-8b59b96\" data-block-id=\"8b59b96\"><style>.stk-8b59b96 .stk--block-align-8b59b96{align-items:flex-start !important;}.stk-8b59b96 {margin-top:50px !important;}.stk-8b59b96-column{--stk-columns-spacing:0px !important;--stk-column-gap:50px !important;}<\/style><div class=\"stk-row stk-inner-blocks stk--block-align-8b59b96 stk-block-content stk-content-align stk-8b59b96-column\">\n<div class=\"wp-block-stackable-column stk-block-column stk-column stk-block stk-dbb7e15\" data-v=\"4\" data-block-id=\"dbb7e15\"><style>@media screen and (min-width: 768px){.stk-dbb7e15 {flex:var(--stk-flex-grow, 1) 1 66.7% !important;}}<\/style><div class=\"stk-column-wrapper stk-block-column__content stk-container stk-dbb7e15-container stk--no-background stk--no-padding\"><div class=\"stk-block-content stk-inner-blocks stk-dbb7e15-inner-blocks\">\n<div class=\"wp-block-stackable-heading stk-block-heading stk-block-heading--v2 stk-block stk-cc0239e\" id=\"complementos-de-formacion\" data-block-id=\"cc0239e\"><style>.stk-cc0239e .stk-block-heading__text{color:#000000 !important;font-weight:500 !important;}<\/style><h1 class=\"stk-block-heading__text has-text-color\">Supervisi\u00f3n de tesis<\/h1><\/div>\n\n\n\n<div class=\"wp-block-stackable-text stk-block-text stk-block stk-022d17b\" data-block-id=\"022d17b\"><p class=\"stk-block-text__text\"><strong>1. Actividades previstas para fomentar la direcci\u00f3n de tesis doctorales<\/strong><\/p><\/div>\n\n\n\n<p><strong>1.1. Relaci\u00f3n de actividades previstas para fomentar la direcci\u00f3n de tesis doctorales<\/strong><\/p>\n\n\n\n<p>La direcci\u00f3n de tesis doctorales se ajustar\u00e1 a lo indicado en el art\u00edculo 12 del Real Decreto 99\/2011, de 28 de enero, por el que se regulan las ense\u00f1anzas oficiales de doctorado.<\/p>\n\n\n\n<p>En tal sentido, en el \u00e1mbito del programa se asignar\u00e1 al doctorando un director para la elaboraci\u00f3n de la tesis doctoral que ser\u00e1 el m\u00e1ximo responsable de la coherencia e idoneidad de las actividades de formaci\u00f3n, del impacto y novedad en su campo de la tem\u00e1tica de la tesis doctoral y de la gu\u00eda en la planificaci\u00f3n y su adecuaci\u00f3n, en su caso, a la de otros proyectos y actividades donde se inscriba el doctorando.<\/p>\n\n\n\n<p>La direcci\u00f3n de tesis doctorales es el camino natural de desarrollo de la actividad investigadora de un profesor universitario, cuya evaluaci\u00f3n determina en gran medida la evoluci\u00f3n de su carrera profesional. Por tanto, los profesores que participan en el Programa tienen una motivaci\u00f3n objetiva para dedicar parte de su actividad a esta tarea. Sin embargo, las universidades implicadas en el programa de doctorado que se presenta fomentar\u00e1n y valorar\u00e1n la direcci\u00f3n de tesis doctorales mediante el reconocimiento de cr\u00e9ditos docentes por las funciones de tutor\u00eda de los investigadores en formaci\u00f3n de doctorado y direcci\u00f3n de sus tesis.<\/p>\n\n\n\n<p>La Comisi\u00f3n Acad\u00e9mica Interuniversitaria del programa, de acuerdo con la normativa de las universidades participantes, podr\u00e1 proponer el reconocimiento mutuo de actividades de formaci\u00f3n.<\/p>\n\n\n\n<p>Entre las acciones concretas de promoci\u00f3n de la direcci\u00f3n de tesis doctorales se encuentran las siguientes:<\/p>\n\n\n\n<p><strong>a) Dotaci\u00f3n de recursos<\/strong><\/p>\n\n\n\n<ul class=\"wp-block-list\">\n<li>Financiaci\u00f3n de recursos destinados a la realizaci\u00f3n y direcci\u00f3n de tesis doctorales (con fondos generados principalmente por proyectos de investigaci\u00f3n de programas p\u00fablicos competitivos y convenios de colaboraci\u00f3n).<\/li>\n\n\n\n<li>Cofinanciaci\u00f3n de recursos humanos y materiales por parte de las Universidades implicadas.<\/li>\n\n\n\n<li>Apoyo a proyectos de investigaci\u00f3n que incluyan la direcci\u00f3n de tesis doctorales.<\/li>\n\n\n\n<li>Dotaci\u00f3n econ\u00f3mica de las Universidades implicadas, vinculada a la realizaci\u00f3n de publicaciones de calidad (productividad investigadora, PRIN).<\/li>\n\n\n\n<li>Asignaci\u00f3n de recursos de investigaci\u00f3n a las actividades que incluyan direcci\u00f3n de tesis doctorales (reparaci\u00f3n de equipos de investigaci\u00f3n, bolsas de viaje, organizaci\u00f3n de congresos, etc.).<\/li>\n<\/ul>\n\n\n\n<p><strong>b) Ayudas movilidad<\/strong><\/p>\n\n\n\n<ul class=\"wp-block-list\">\n<li>Dotaci\u00f3n de bolsas de viaje vinculadas a la presentaci\u00f3n de resultados de investigaci\u00f3n.<\/li>\n\n\n\n<li>Desarrollo de programas de estancias de profesores e investigadores en formaci\u00f3n de doctorado en Centros de prestigio nacionales y extranjeros.<\/li>\n<\/ul>\n\n\n\n<p><strong>c) Acciones de Visibilidad<\/strong><\/p>\n\n\n\n<ul class=\"wp-block-list\">\n<li>Organizaci\u00f3n de seminarios de investigaci\u00f3n donde investigadores visitantes nacionales e internacionales presenten sus avances en l\u00edneas de investigaci\u00f3n en el \u00e1mbito del Programa de Doctorado.<\/li>\n\n\n\n<li>Organizaci\u00f3n de seminarios donde los investigadores en formaci\u00f3n del propio Programa de Doctorado expongan los avances de sus l\u00edneas de investigaci\u00f3n.<\/li>\n\n\n\n<li>Realizaci\u00f3n, de acciones de visibilidad, de las tesis doctorales dirigidas, en colaboraci\u00f3n con las Bibliotecas de las Universidades que participan en el programa.<\/li>\n<\/ul>\n\n\n\n<p><strong>d) Reconocimiento profesional<\/strong><\/p>\n\n\n\n<ul class=\"wp-block-list\">\n<li>Promoci\u00f3n de la reducci\u00f3n de la carga docente de los directores de tesis.<\/li>\n\n\n\n<li>Participaci\u00f3n preferente en la Comisi\u00f3n del Programa de doctorado de los profesores investigadores que dirigen tesis doctorales<\/li>\n\n\n\n<li>Promoci\u00f3n de tesis doctorales sobre temas en los que la generaci\u00f3n de conocimiento mejore claramente las oportunidades de desarrollar una actividad profesional.<\/li>\n<\/ul>\n\n\n\n<p><strong>1.2. C\u00f3digo de buenas pr\u00e1cticas de la investigaci\u00f3n<\/strong><\/p>\n\n\n\n<p>Los proyectos de investigaci\u00f3n no s\u00f3lo deben cumplir los requisitos establecidos en cada caso por la legislaci\u00f3n vigente sobre el c\u00f3digo \u00e9tico de buenas pr\u00e1cticas de investigaci\u00f3n, sino tambi\u00e9n con la autorizaci\u00f3n expresa emitida por el Comit\u00e9 de \u00c9tica del Centro en que se vaya a realizar la investigaci\u00f3n.<\/p>\n\n\n\n<p>En los \u00faltimos a\u00f1os se han ido constituyendo en las Universidades espa\u00f1olas diversos Comit\u00e9s de \u00e9tica de la investigaci\u00f3n o de bio\u00e9tica. Estas estructuras tomaron conciencia desde su inicio de su responsabilidad ante la sociedad.<\/p>\n\n\n\n<p>Las universidades participantes en el programa pertenecen a la Red de Comit\u00e9s de \u00c9tica de Universidades y Organismos P\u00fablicos de Investigaci\u00f3n de Espa\u00f1a. El objetivo de la red es que los miembros de los Comit\u00e9s por una parte, y el conjunto de la comunidad cient\u00edfica por otra, tengan a su alcance la informaci\u00f3n relevante para sus necesidades: protocolos, normativa y otros documentos, noticias y convocatorias, enlaces de inter\u00e9s y un foro de discusi\u00f3n.<\/p>\n\n\n\n<p>En un \u00e1mbito nuevo y con legislaci\u00f3n en desarrollo, era necesario compartir informaci\u00f3n y experiencias para definir procedimientos, tanto de cara a los propios Comit\u00e9s como a los investigadores y, en definitiva, a la sociedad.<\/p>\n\n\n\n<p>Se plante\u00f3 la necesidad de que estos Comit\u00e9s contaran con pautas comunes de funcionamiento consensuadas y por ello se cre\u00f3 la&nbsp;<a href=\"http:\/\/www.ub.edu\/rceue\" target=\"_blank\" rel=\"noreferrer noopener\" target=\"_blank\" rel=\"noopener\">Red de Comit\u00e9s de \u00c9tica de Universidades y Organismos P\u00fablicos de Investigaci\u00f3n de Espa\u00f1a<\/a>&nbsp;(E-mail: cbub@ub.edu). El objetivo de la red es que los miembros de los Comit\u00e9s por una parte, y el conjunto de la comunidad cient\u00edfica por otra, tengan a su alcance la informaci\u00f3n relevante para sus necesidades: protocolos, normativa y otros documentos, noticias y convocatorias, enlaces de inter\u00e9s y un foro de discusi\u00f3n.<\/p>\n\n\n\n<p>Los miembros y contactos de la red de universidades relacionadas con el programa interuniversitario que se presenta, se indican seguidamente.<\/p>\n\n\n\n<ul class=\"wp-block-list\">\n<li><strong>CSIC<\/strong>: comitedeetica@csic.es; subcomitedebioetica@csic.es; ceeacnb@cnb.csic.es; cei@cnb.csic.es; montoliu@cnb.csic.es; f.prat@csic.es (Andaluc\u00eda); redondo@ebd.csic.es (Do\u00f1ana); mcasado@ibv.csic.es (Val\u00e8ncia); miguel.fernandez.gutierrez@eae.csic.es (Le\u00f3n)<\/li>\n\n\n\n<li><strong><a href=\"https:\/\/web.unican.es\/investigacion\/etica\/\" target=\"_blank\" rel=\"noreferrer noopener\" target=\"_blank\" rel=\"noopener\">CANTABRIA<\/a><\/strong>: juan.garcialobo@unican.es<\/li>\n\n\n\n<li><strong><a href=\"https:\/\/www.ull.es\/\" target=\"_blank\" rel=\"noreferrer noopener\" target=\"_blank\" rel=\"noopener\">LA LAGUNA<\/a><\/strong>: gabello@ull.es<\/li>\n\n\n\n<li><strong>OVIEDO<\/strong>: abrio@uniovi.es<\/li>\n\n\n\n<li><strong>EHU \/ PA\u00cdS VASCO:<\/strong>&nbsp;ceid@ehu.es; susi.marcos@ehu.es; ainoa.larrinaga@ehu.es mabel.marijuan@ehu.es<\/li>\n\n\n\n<li><strong>BARCELONA<\/strong>:&nbsp;<a href=\"http:\/\/www.ub.edu\/recerca\/comissiobioetica.htm\" target=\"_blank\" rel=\"noreferrer noopener\" target=\"_blank\" rel=\"noopener\">Comissi\u00f3 de Bio\u00e8tica de la Universitat de Barcelona<\/a>&nbsp;&nbsp;Comit\u00e8 \u00c8tic d\u2019Experimentaci\u00f3 Animal&nbsp;;&nbsp;<a href=\"http:\/\/www.pcb.ub.edu\/portal\/el-pcb\" target=\"_blank\" rel=\"noreferrer noopener\" target=\"_blank\" rel=\"noopener\">Parc Cient\u00edfic de Barcelona<\/a>;&nbsp;<a href=\"http:\/\/www.uoc.edu\/portal\/es\/recerca-innovacio\/activitat-rdi\/comite-etica\/funcions\/index.html\" target=\"_blank\" rel=\"noreferrer noopener\" target=\"_blank\" rel=\"noopener\">Comit\u00e9 de \u00e9tica de la Universitat Oberta de Catalunya<\/a>&nbsp;; cbub@ub.edu; ceea@sct.ub.es; jvisa@idibell.cat; lsimo@pcb.ub.es; sea-pcb@pcb.ub.es; mtora@imim.es<\/li>\n<\/ul>\n\n\n\n<p>Espec\u00edficamente, el&nbsp;Comit\u00e9 de \u00c9tica de la Investigaci\u00f3n (CEIUC)&nbsp;de la Universidad de Cantabria tiene entre sus objetivos la emisi\u00f3n de informes, propuestas y recomendaciones para la UC sobre materias relacionadas con las implicaciones \u00e9ticas de la investigaci\u00f3n. Asimismo, el CEIUC representa a la UC en los foros y organismos supranacionales e internacionales implicados en la \u00e9tica de la investigaci\u00f3n.<br>El CEIUC est\u00e1 adscrito al Vicerrectorado de Investigaci\u00f3n y Trasferencia del Conocimiento, del que tiene dependencia org\u00e1nica pero independencia funcional.<br>En lo que respecta a las actividades propias del doctorado, el CEIUC ha elaborado el \u00abC\u00f3digo de buenas pr\u00e1cticas de investigaci\u00f3n cient\u00edfica\u00bb a partir del cual la Escuela de Doctorado ha confeccionado una \u00abGu\u00eda de Buenas Pr\u00e1cticas en la realizaci\u00f3n de Tesis Doctorales\u00bb, informada favorablemente por el Comit\u00e9 de Direcci\u00f3n de la EDUC, que deber\u00e1 servir de ayuda a doctorandos y a directores a conseguir el \u00e9xito en la realizaci\u00f3n de un proyecto de tesis.<\/p>\n\n\n\n<p><strong>2. Relaci\u00f3n de actividades previstas que fomenten la supervisi\u00f3n de tesis doctorales.<\/strong>(Relaci\u00f3n de actividades previstas que fomenten la supervisi\u00f3n m\u00faltiple en casos justificados acad\u00e9micamente (co-direcci\u00f3n de tesis por parte de un director experimentado y un director novel, co-tutela de tesis interdisciplinares, en colaboraci\u00f3n, internacional, etc.) y presencia de expertos internacionales en las comisiones de seguimiento, informes previos y en los tribunales de tesis.)<\/p>\n\n\n\n<p>El car\u00e1cter interdisciplinar del programa facilita la direcci\u00f3n conjunta de tesis doctorales entre sus participantes. En tal sentido, se fomentar\u00e1 la supervisi\u00f3n de tesis en los casos en los que se justifique acad\u00e9micamente, de diversas maneras, como:<\/p>\n\n\n\n<ul class=\"wp-block-list\">\n<li>Codirecci\u00f3n de tesis por pares (por ejemplo, de un director experimentado y un director novel)<\/li>\n\n\n\n<li>Codirecci\u00f3n de tesis interdisciplinares<\/li>\n\n\n\n<li>Codirecci\u00f3n con investigadores de otros centros Nacionales o Internacionales<\/li>\n<\/ul>\n\n\n\n<p>Adicionalmente, desde la Comisi\u00f3n Acad\u00e9mica Interuniversitaria del programa de doctorado se fomentar\u00e1 la presencia de expertos internacionales en las comisiones de seguimiento, informes previos y tribunales de tesis. En tal sentido se desarrollar\u00e1n diversas acciones, tales como:<\/p>\n\n\n\n<p>Participaci\u00f3n en Congresos Internacionales, entre otras.<\/p>\n\n\n\n<p>Inclusi\u00f3n y participaci\u00f3n de expertos en proyectos de I+D+i,<\/p>\n\n\n\n<p>Movilidad internacional de estudiantes de doctorado mediante estancias cortas<\/p>\n<\/div><\/div><\/div>\n\n\n\n<div class=\"wp-block-stackable-column stk-block-column stk-column stk-block stk-53ec762\" data-v=\"4\" data-block-id=\"53ec762\"><style>.stk-53ec762-inner-blocks{row-gap:0px !important;}.stk-53ec762 {padding-top:0px !important;padding-right:0px !important;padding-bottom:0px !important;padding-left:0px !important;}@media screen and (min-width: 768px){.stk-53ec762 {flex:var(--stk-flex-grow, 1) 1 33.3% !important;}}<\/style><div class=\"stk-column-wrapper stk-block-column__content stk-container stk-53ec762-container stk--no-background stk--no-padding\"><div class=\"stk-block-content stk-inner-blocks stk-53ec762-inner-blocks\">\n\n<ul class=\"widget-box\">\n<li class='contacto-header'>Informaci\u00f3n de contacto<\/li><li><i class=\"fa fa-map-marker\"><\/i> Avda. Astrof\u00edsico Francisco S\u00e1nchez, SN. Edificio Calabaza \u2013 AN.2D Apdo. 456 38200 San Crist\u00f3bal de La Laguna<\/li><li><i class=\"fa fa-envelope\"><\/i>  <a href=mailto:doctorado.nautica@ull.es>doctorado.nautica@ull.es<\/a><\/li><li><i class=\"fa fa-calendar\"><\/i><a href=\"http:\/\/citaprevia.ull.es\/index.php?s=edpo\"> Cita previa<\/a><\/li>\n<\/ul>\n\n\n<\/div><\/div><\/div>\n<\/div><\/div>\n","protected":false},"excerpt":{"rendered":"<p>Thesis supervision 1. Activities planned to promote the supervision of doctoral theses 1.1. List of activities planned to promote the supervision of doctoral theses. The supervision of doctoral theses will comply with the provisions of Article 12 of Royal Decree 99\/2011, of January 28, which regulates official teaching\u2026<\/p>","protected":false},"author":1,"featured_media":0,"parent":27,"menu_order":0,"comment_status":"closed","ping_status":"closed","template":"templates\/template-frontpage.php","meta":{"_acf_changed":false,"footnotes":""},"class_list":["post-70","page","type-page","status-publish","hentry"],"acf":[],"publishpress_future_action":{"enabled":false,"date":"2026-04-15 02:42:36","action":"change-status","newStatus":"draft","terms":[],"taxonomy":"","extraData":[]},"publishpress_future_workflow_manual_trigger":{"enabledWorkflows":[]},"_links":{"self":[{"href":"https:\/\/www.ull.es\/doctorados\/ingenieria-marina-radioelectrica-naval\/en\/wp-json\/wp\/v2\/pages\/70","targetHints":{"allow":["GET"]}}],"collection":[{"href":"https:\/\/www.ull.es\/doctorados\/ingenieria-marina-radioelectrica-naval\/en\/wp-json\/wp\/v2\/pages"}],"about":[{"href":"https:\/\/www.ull.es\/doctorados\/ingenieria-marina-radioelectrica-naval\/en\/wp-json\/wp\/v2\/types\/page"}],"author":[{"embeddable":true,"href":"https:\/\/www.ull.es\/doctorados\/ingenieria-marina-radioelectrica-naval\/en\/wp-json\/wp\/v2\/users\/1"}],"replies":[{"embeddable":true,"href":"https:\/\/www.ull.es\/doctorados\/ingenieria-marina-radioelectrica-naval\/en\/wp-json\/wp\/v2\/comments?post=70"}],"version-history":[{"count":12,"href":"https:\/\/www.ull.es\/doctorados\/ingenieria-marina-radioelectrica-naval\/en\/wp-json\/wp\/v2\/pages\/70\/revisions"}],"predecessor-version":[{"id":383,"href":"https:\/\/www.ull.es\/doctorados\/ingenieria-marina-radioelectrica-naval\/en\/wp-json\/wp\/v2\/pages\/70\/revisions\/383"}],"up":[{"embeddable":true,"href":"https:\/\/www.ull.es\/doctorados\/ingenieria-marina-radioelectrica-naval\/en\/wp-json\/wp\/v2\/pages\/27"}],"wp:attachment":[{"href":"https:\/\/www.ull.es\/doctorados\/ingenieria-marina-radioelectrica-naval\/en\/wp-json\/wp\/v2\/media?parent=70"}],"curies":[{"name":"wp","href":"https:\/\/api.w.org\/{rel}","templated":true}]}}