{"id":21,"date":"2018-02-22T11:07:35","date_gmt":"2018-02-22T11:07:35","guid":{"rendered":"http:\/\/localhost\/ull\/doctorados\/?page_id=21"},"modified":"2018-03-07T10:17:18","modified_gmt":"2018-03-07T10:17:18","slug":"entidades-participantes","status":"publish","type":"page","link":"https:\/\/www.ull.es\/doctorados\/ingenieria-marina-radioelectrica-naval\/fr\/entidades-participantes\/","title":{"rendered":"Entit\u00e9s participantes"},"content":{"rendered":"<p>[vc_row][vc_column][vc_column_text]<\/p>\n<h1>Entidades participantes<\/h1>\n<p><strong>Colaboraciones.<\/strong><\/p>\n<p>Profesores externos colaboradores en tareas de investigaci\u00f3n y que participan en tribunales de tesis:<\/p>\n<ul>\n<li>Profesor L. VEIGA, JAIME (Inspector de la EMSA). Escuela de N\u00e1utica Infante Don Enrique. Universidad T\u00e9cnica de\u00a0Lisboa.<\/li>\n<li>Profesor GHIORGHE BATRINCA. Universidad Mar\u00edtima de Constanza. Ruman\u00eda.<\/li>\n<li>Profesor CARLOS GUEDES SOARES. Instituto Superior T\u00e9cnico. Universidad T\u00e9cnica de Lisboa.<\/li>\n<\/ul>\n<p>Se tiene el proyecto de firmar convenios, una vez se haya aprobado el programa de doctorado, con las siguientes\u00a0universidades:<\/p>\n<ul>\n<li>A nivel nacional con las Universidades de A Coru\u00f1a y de C\u00e1diz, ya que est\u00e1n en proceso de desarrollar programas\u00a0en el sector del transporte mar\u00edtimo.<\/li>\n<li>A nivel internacional con las Universidades: World Maritime University (WMU) (Suecia); Universidad Mar\u00edtima de\u00a0Constanza (Ruman\u00eda); y Universidad T\u00e9cnica de Lisboa (Portugal).<\/li>\n<\/ul>\n<p>[\/vc_column_text][\/vc_column][\/vc_row]<\/p>\n","protected":false},"excerpt":{"rendered":"<p>[vc_row][vc_column][vc_column_text] Entidades participantes Colaboraciones. Profesores externos colaboradores en tareas de investigaci\u00f3n y que participan en tribunales de tesis: Profesor L. VEIGA, JAIME (Inspector de la EMSA). Escuela de N\u00e1utica Infante Don Enrique. Universidad T\u00e9cnica de\u00a0Lisboa. Profesor GHIORGHE BATRINCA. Universidad Mar\u00edtima de Constanza. Ruman\u00eda. Profesor CARLOS GUEDES SOARES. Instituto Superior T\u00e9cnico. Universidad T\u00e9cnica de Lisboa. Se&#8230;<\/p>\n","protected":false},"author":1,"featured_media":0,"parent":0,"menu_order":0,"comment_status":"closed","ping_status":"closed","template":"","meta":{"_acf_changed":false,"footnotes":""},"class_list":["post-21","page","type-page","status-publish","hentry"],"acf":[],"publishpress_future_action":{"enabled":false,"date":"2026-04-15 04:20:18","action":"change-status","newStatus":"draft","terms":[],"taxonomy":"","extraData":[]},"publishpress_future_workflow_manual_trigger":{"enabledWorkflows":[]},"_links":{"self":[{"href":"https:\/\/www.ull.es\/doctorados\/ingenieria-marina-radioelectrica-naval\/fr\/wp-json\/wp\/v2\/pages\/21","targetHints":{"allow":["GET"]}}],"collection":[{"href":"https:\/\/www.ull.es\/doctorados\/ingenieria-marina-radioelectrica-naval\/fr\/wp-json\/wp\/v2\/pages"}],"about":[{"href":"https:\/\/www.ull.es\/doctorados\/ingenieria-marina-radioelectrica-naval\/fr\/wp-json\/wp\/v2\/types\/page"}],"author":[{"embeddable":true,"href":"https:\/\/www.ull.es\/doctorados\/ingenieria-marina-radioelectrica-naval\/fr\/wp-json\/wp\/v2\/users\/1"}],"replies":[{"embeddable":true,"href":"https:\/\/www.ull.es\/doctorados\/ingenieria-marina-radioelectrica-naval\/fr\/wp-json\/wp\/v2\/comments?post=21"}],"version-history":[{"count":2,"href":"https:\/\/www.ull.es\/doctorados\/ingenieria-marina-radioelectrica-naval\/fr\/wp-json\/wp\/v2\/pages\/21\/revisions"}],"predecessor-version":[{"id":153,"href":"https:\/\/www.ull.es\/doctorados\/ingenieria-marina-radioelectrica-naval\/fr\/wp-json\/wp\/v2\/pages\/21\/revisions\/153"}],"wp:attachment":[{"href":"https:\/\/www.ull.es\/doctorados\/ingenieria-marina-radioelectrica-naval\/fr\/wp-json\/wp\/v2\/media?parent=21"}],"curies":[{"name":"wp","href":"https:\/\/api.w.org\/{rel}","templated":true}]}}