{"id":72,"date":"2018-02-22T13:28:20","date_gmt":"2018-02-22T13:28:20","guid":{"rendered":"http:\/\/www.ull.es\/doctorados\/ingenieria-nautica-marina-radioelectrica-naval\/?page_id=72"},"modified":"2025-08-20T10:38:28","modified_gmt":"2025-08-20T10:38:28","slug":"seguimiento-doctorando","status":"publish","type":"page","link":"https:\/\/www.ull.es\/doctorados\/ingenieria-marina-radioelectrica-naval\/organizacion-del-programa\/seguimiento-doctorando\/","title":{"rendered":"Seguimiento del doctorando"},"content":{"rendered":"\n<div class=\"wp-block-stackable-columns alignfull stk-block-columns stk-block stk-2314a6b\" data-block-id=\"2314a6b\"><style>.stk-2314a6b {padding-bottom:0px !important;margin-top:-100px !important;margin-bottom:0px !important;}<\/style><div class=\"stk-row stk-inner-blocks stk-block-content stk-content-align stk-2314a6b-column alignfull\">\n<div class=\"wp-block-stackable-column stk-block-column stk-column stk-block stk-1d1764d\" data-v=\"4\" data-block-id=\"1d1764d\"><div class=\"stk-column-wrapper stk-block-column__content stk-container stk-1d1764d-container stk--no-background stk--no-padding\"><div class=\"stk-block-content stk-inner-blocks stk-1d1764d-inner-blocks\"><style id=\"depicter-1-inline-pre-css\">\n\n.depicter-1:not(.depicter-ready){\n\theight:450px;\n}\n\n\/***** Tablet *****\/\n@media screen and (max-width: 1024px){\n\n.depicter-1:not(.depicter-ready){\n\theight:700px;\n}\n\n}\n\/***** Mobile *****\/\n@media screen and (max-width: 767px){\n\n.depicter-1:not(.depicter-ready){\n\theight:360px;\n}\n\n}\n<\/style>\n<div id=\"depicter-1\" class=\"depicter depicter-document depicter-revert depicter-1 depicter-layout-fullwidth\">\n\n<div class=\"depicter-loading-container depicter-loading dotFlashing-dark\"><div class=\"depicter-loading-dark depicter-dot-flashing\">\n   <span><\/span>\n   <span><\/span>\n   <span><\/span>\n<\/div>\n<\/div>\n<div id=\"depicter-1-section-1\" class=\"depicter-section depicter-1-section-1\" data-name=\"Section 1\" data-type=\"section\" data-local-id=\"section-1\">\n<picture class=\"depicter-bg\">\n<source data-depicter-srcset=\"https:\/\/www.ull.es\/doctorados\/ingenieria-marina-radioelectrica-naval\/wp-content\/uploads\/sites\/12\/2025\/05\/Headers-Doctorados_Doctorado-en-Ingenieria-Nautica-768x248.jpg, https:\/\/www.ull.es\/doctorados\/ingenieria-marina-radioelectrica-naval\/wp-content\/uploads\/sites\/12\/2025\/05\/Headers-Doctorados_Doctorado-en-Ingenieria-Nautica.jpg 2x\" srcset=\"data:image\/gif;base64,R0lGODlhAQABAIAAAAAAAP\/\/\/yH5BAEAAAAALAAAAAABAAEAAAIBRAA7\" media=\"(max-width: 1024px)\" \/>\n\n<source data-depicter-srcset=\"https:\/\/www.ull.es\/doctorados\/ingenieria-marina-radioelectrica-naval\/wp-content\/uploads\/sites\/12\/2025\/05\/Headers-Doctorados_Doctorado-en-Ingenieria-Nautica.jpg, https:\/\/www.ull.es\/doctorados\/ingenieria-marina-radioelectrica-naval\/wp-content\/uploads\/sites\/12\/2025\/05\/Headers-Doctorados_Doctorado-en-Ingenieria-Nautica-2000x645.jpg 2x\" srcset=\"data:image\/gif;base64,R0lGODlhAQABAIAAAAAAAP\/\/\/yH5BAEAAAAALAAAAAABAAEAAAIBRAA7\" media=\"(min-width: 1025px)\" \/>\n<img decoding=\"async\" src=\"data:image\/gif;base64,R0lGODlhAQABAIAAAAAAAP\/\/\/yH5BAEAAAAALAAAAAABAAEAAAIBRAA7\" data-ken-burns=\"false\" data-tablet-ken-burns=\"false\" data-mobile-ken-burns=\"false\" alt=\"\" data-depicter-src=\"https:\/\/www.ull.es\/doctorados\/ingenieria-marina-radioelectrica-naval\/wp-content\/uploads\/sites\/12\/2025\/05\/Headers-Doctorados_Doctorado-en-Ingenieria-Nautica.jpg\" data-object-fit=\"custom,custom,\" data-object-position=\"center top,,\" data-crop=\"{'focalPoint':{'x':0.5,'y':0.5},'mediaSize':{'width':1395.3488372093024736386723816394805908203125,'height':450}}\" data-tablet-crop=\"{'focalPoint':{'x':0.5,'y':0.5},'mediaSize':{'width':2170.54263565891460530110634863376617431640625,'height':700}}\" data-mobile-crop=\"{'focalPoint':{'x':0.5,'y':0.5},'mediaSize':{'width':2294.57364341085258274688385426998138427734375,'height':740}}\" \/>\n<\/picture>\n\n\n<h1 id=\"depicter-1-element-5\" class=\"depicter-element depicter-layer depicter-1-element-5\" data-type=\"text\" data-wrap=\"true\" data-name=\"Text 2\" data-local-id=\"element-5\" data-offset=\"x:6px;y:95px;origin:tl\" data-tablet-offset=\"x:181px;y:206px;origin:tl\" data-mobile-offset=\"x:-9px;y:57px;origin:tl\" data-width=\"1194px,746px,455px\" data-height=\"auto,auto,auto\" data-responsive-scale=\"true,,\">Programa de Doctorado en Ingenier\u00eda N\u00e1utica, Marina y Radioelectr\u00f3nica Naval<\/h1>\n\n<div id=\"depicter-1-element-10\" class=\"depicter-element depicter-layer depicter-1-element-10\" data-type=\"shape\" data-wrap=\"true\" data-name=\"Shape 1\" data-local-id=\"element-10\" data-offset=\"x:6px;y:362px;origin:tl\" data-tablet-offset=\"x:201px;y:500px;origin:tl\" data-mobile-offset=\"x:-9px;y:352px;origin:tl\" data-width=\"1006px,647px,369px\" data-height=\"8px,8px,8px\" data-responsive-scale=\"true,,\"><\/div>\n<\/div>\n<\/div>\n<script>\n(window.depicterSetups = window.depicterSetups || []).push(function(){\n\tDepicter.basePath = 'https:\/\/www.ull.es\/doctorados\/ingenieria-marina-radioelectrica-naval\/wp-content\/plugins\/depicter\/resources\/scripts\/player\/';\n\tconst dpPlayer = Depicter.setup('.depicter-1',\n\t\t{\"width\":[\"1200\",\"1024\",\"360\"],\"height\":[\"450\",\"700\",\"360\"],\"view\":\"basic\",\"keepAspectRatio\":true,\"preload\":0,\"layout\":\"fullwidth\",\"rtl\":false,\"initAfterAppear\":false,\"ajaxApiUrl\":\"https:\\\/\\\/www.ull.es\\\/doctorados\\\/ingenieria-marina-radioelectrica-naval\\\/wp-admin\\\/admin-ajax.php\",\"mouseSwipe\":true,\"touchSwipe\":true,\"useWatermark\":false}\n\t);\n});\n<\/script><\/div><\/div><\/div>\n<\/div><\/div>\n\n\n\n<div class=\"wp-block-stackable-columns alignfull stk-block-columns stk--hide-mobile stk-block stk-6394276 stk-block-background\" data-block-id=\"6394276\"><style>.stk-6394276 {background-color:#f33f4e !important;padding-top:10px !important;margin-bottom:0px !important;}.stk-6394276:before{background-color:#f33f4e !important;}<\/style><div class=\"stk-row stk-inner-blocks stk-block-content stk-content-align stk-6394276-column alignfull\">\n<div class=\"wp-block-stackable-column stk-block-column stk-column stk-block stk-8a66885\" data-v=\"4\" data-block-id=\"8a66885\"><div class=\"stk-column-wrapper stk-block-column__content stk-container stk-8a66885-container stk--no-background stk--no-padding\"><div class=\"stk-block-content stk-inner-blocks stk-8a66885-inner-blocks\">\n<div class=\"wp-block-stackable-spacer stk-block-spacer stk--no-padding stk-block stk-bc89b3e\" data-block-id=\"bc89b3e\"><style>.stk-bc89b3e {height:0px !important;}<\/style><\/div>\n<\/div><\/div><\/div>\n<\/div><\/div>\n\n\n\n<div class=\"wp-block-stackable-columns stk-block-columns stk-block stk-8b59b96\" data-block-id=\"8b59b96\"><style>.stk-8b59b96 .stk--block-align-8b59b96{align-items:flex-start !important;}.stk-8b59b96 {margin-top:50px !important;}.stk-8b59b96-column{--stk-columns-spacing:0px !important;--stk-column-gap:50px !important;}<\/style><div class=\"stk-row stk-inner-blocks stk--block-align-8b59b96 stk-block-content stk-content-align stk-8b59b96-column\">\n<div class=\"wp-block-stackable-column stk-block-column stk-column stk-block stk-dbb7e15\" data-v=\"4\" data-block-id=\"dbb7e15\"><style>@media screen and (min-width: 768px){.stk-dbb7e15 {flex:var(--stk-flex-grow, 1) 1 66.7% !important;}}<\/style><div class=\"stk-column-wrapper stk-block-column__content stk-container stk-dbb7e15-container stk--no-background stk--no-padding\"><div class=\"stk-block-content stk-inner-blocks stk-dbb7e15-inner-blocks\">\n<div class=\"wp-block-stackable-heading stk-block-heading stk-block-heading--v2 stk-block stk-cc0239e\" id=\"complementos-de-formacion\" data-block-id=\"cc0239e\"><style>.stk-cc0239e .stk-block-heading__text{color:#000000 !important;font-weight:500 !important;}<\/style><h1 class=\"stk-block-heading__text has-text-color\">Seguimiento del doctorando<\/h1><\/div>\n\n\n\n<p><strong>Composici\u00f3n de la Comisi\u00f3n Acad\u00e9mica Interuniversitaria del Programa de Doctorado.<\/strong><\/p>\n\n\n\n<p>Exponer las directrices para la designaci\u00f3n de los miembros de la Comisi\u00f3n Acad\u00e9mica del Programa, indicando los miembros que se proponen para la primera comisi\u00f3n.<\/p>\n\n\n\n<p>El Programa de Doctorado en Ingenier\u00eda N\u00e1utica, Marina y Radioelectr\u00f3nica Naval dispondr\u00e1 de una Comisi\u00f3n Acad\u00e9mica con las caracter\u00edsticas que establecen tanto el art\u00edculo 8.3 del RD 99\/2011 como la normativa de las universidades participantes.<\/p>\n\n\n\n<p>Los miembros de la Comisi\u00f3n Acad\u00e9mica ser\u00e1n doctores con experiencia investigadora reconocida, que hayan dirigido, al menos, una tesis doctoral y puedan justificar la posesi\u00f3n de al menos un per\u00edodo de actividad investigadora reconocido de acuerdo a las previsiones del Real Decreto 1086\/1989, o m\u00e9ritos equivalentes en el caso de que no sea aplicable el citado criterio de evaluaci\u00f3n. Podr\u00e1n ser miembros de la Universidad de Cantabria o de Organismos P\u00fablicos de Investigaci\u00f3n o de otras entidades e instituciones implicadas en la I+D+i tanto nacional como internacional.<\/p>\n\n\n\n<p>Teniendo en cuenta las consideraciones anteriores, se propone como miembros de la Comisi\u00f3n Acad\u00e9mica del Programa de Doctorado en&nbsp;Ingenier\u00eda N\u00e1utica, Marina y Radioelectr\u00f3nica Naval a&nbsp;<a href=\"https:\/\/docs.google.com\/document\/d\/e\/2PACX-1vTTE2bJNueZO9dDxE46A6fPB5sceCeCDNh8CgK9u1kfbnyrSphsRrWvcVW2pvUsUIJQNXU1zRDQSdiK\/pub\" target=\"_blank\" rel=\"noreferrer noopener\" target=\"_blank\" rel=\"noopener\">los siguientes profesores<\/a>.<\/p>\n\n\n\n<p>Las funciones de la Comisi\u00f3n Acad\u00e9mica del Programa, entre otras, son las siguientes:<\/p>\n\n\n\n<p>1. Responsabilidad de las actividades de formaci\u00f3n e investigaci\u00f3n del programa de doctorado.<\/p>\n\n\n\n<p>2. Asignaci\u00f3n de tutores a los doctorandos del programa de doctorado correspondiente y modificaci\u00f3n de los mismos, en cualquier momento del per\u00edodo de realizaci\u00f3n del doctorado, si concurren causas justificadas.<\/p>\n\n\n\n<p>3. Asignaci\u00f3n de directores de tesis a los doctorandos del programa de doctorado correspondiente y modificaci\u00f3n de los mismos, en cualquier momento del per\u00edodo de realizaci\u00f3n del doctorado, si concurren causas justificadas.<\/p>\n\n\n\n<p>4. Regulaci\u00f3n de actividades de inter\u00e9s para la formaci\u00f3n de los doctorandos del programa de doctorado correspondiente, que se unir\u00e1 a las que regulen las Universidades participantes a trav\u00e9s de sus Escuelas de Doctorado.<\/p>\n\n\n\n<p>5. Evaluaci\u00f3n con car\u00e1cter anual, al menos, del Plan de investigaci\u00f3n y el documento de actividades de los doctorandos del programa de doctorado correspondiente, as\u00ed como de los informes de sus tutores y directores de tesis.<\/p>\n\n\n\n<p>6. Decisi\u00f3n sobre la continuidad o no en el programa de los doctorandos de ese programa de doctorado, que deber\u00e1 ser motivada. En caso de evaluaci\u00f3n negativa, en un plazo de seis meses deber\u00e1 evaluarse de nuevo al doctorando, quien deber\u00e1 presentar un nuevo plan de investigaci\u00f3n. En caso de evaluaci\u00f3n negativa, el doctorando causar\u00e1 baja definitiva en el programa.<\/p>\n\n\n\n<p>7. Evaluaci\u00f3n de la idoneidad de las tesis doctorales presentadas por los doctorandos del programa correspondiente. Tambi\u00e9n deber\u00e1n evaluarse las actividades de formaci\u00f3n llevadas a cabo por el doctorando. Dicha evaluaci\u00f3n positiva ser\u00e1 condici\u00f3n necesaria para proceder al acto de defensa de la Tesis Doctoral.<\/p>\n\n\n\n<p>8. Determinaci\u00f3n de las circunstancias excepcionales que afecten a la no publicidad de determinados contenidos de la tesis, seg\u00fan consta en el apartado 6 del Art\u00edculo 14 de RD 99\/2011.<\/p>\n\n\n\n<p>9. Autorizaci\u00f3n para que las tesis presentadas por los doctorandos del programa de doctorado correspondiente puedan concurrir a la menci\u00f3n internacional.<\/p>\n\n\n\n<p>10. Emisi\u00f3n de informes sobre las solicitudes de incorporaci\u00f3n y baja de los investigadores como miembros del programa de doctorado, para elevarlas a la aprobaci\u00f3n del Comit\u00e9 de Direcci\u00f3n.<\/p>\n\n\n\n<p><strong>Procedimiento utilizado por la correspondiente comisi\u00f3n acad\u00e9mica interuniversitaria para la asignaci\u00f3n del tutor y director de tesis del doctorando.<\/strong><\/p>\n\n\n\n<p><em>a) Procedimiento utilizado por la Comisi\u00f3n pertinente para la asignaci\u00f3n del tutor.<\/em><\/p>\n\n\n\n<p>Una vez que el alumno haya sido admitido al programa de doctorado, la Comisi\u00f3n Acad\u00e9mica responsable del mismo le asignar\u00e1 un tutor, que deber\u00e1 ser un doctor con acreditada experiencia investigadora, ligado a las Escuelas de Doctorado participantes en el proyecto, a quien corresponder\u00e1 velar por la interacci\u00f3n del doctorando con la comisi\u00f3n acad\u00e9mica.<\/p>\n\n\n\n<p>La Comisi\u00f3n Acad\u00e9mica, o\u00eddo el doctorando, podr\u00e1 modificar el nombramiento del tutor del doctorando en cualquier momento del periodo de realizaci\u00f3n del doctorado, siempre que concurran razones justificadas.<\/p>\n\n\n\n<p>En el plazo m\u00e1ximo de seis meses desde su matriculaci\u00f3n, la comisi\u00f3n acad\u00e9mica responsable del programa asignar\u00e1 a cada doctorando un director de tesis doctoral que podr\u00e1 ser coincidente o no con el tutor previamente referido. Dicha asignaci\u00f3n podr\u00e1 recaer sobre cualquier doctor espa\u00f1ol o extranjero, con acreditada experiencia investigadora, con independencia de la universidad, centro o instituci\u00f3n en que preste sus servicios.<\/p>\n\n\n\n<p>La comisi\u00f3n acad\u00e9mica, o\u00eddo el doctorando, podr\u00e1 modificar el nombramiento de su director de tesis doctoral, en cualquier momento del periodo de realizaci\u00f3n del doctorado, siempre que concurran razones justificadas.<\/p>\n\n\n\n<p><em>b) Procedimiento de nombramiento del Director de tesis.<\/em><\/p>\n\n\n\n<p>Se presentar\u00e1 a la Comisi\u00f3n Acad\u00e9mica para su valoraci\u00f3n:<\/p>\n\n\n\n<ul class=\"wp-block-list\">\n<li>Un proyecto de tesis doctoral, que deber\u00e1 ser original y que deber\u00e1 estructurarse en: antecedentes, hip\u00f3tesis, objetivos razonados, metodolog\u00eda y plan de trabajo.<\/li>\n\n\n\n<li>Curriculum vitae resumido (\u00faltimos 6 a\u00f1os) del director\/directores del proyecto, haciendo menci\u00f3n expresa de las publicaciones y de las Tesis Doctorales dirigidas en ese periodo.<\/li>\n\n\n\n<li>La Comisi\u00f3n Acad\u00e9mica analizar\u00e1 las evidencias documentales de que la l\u00ednea de investigaci\u00f3n dispondr\u00eda de recursos suficientes. Para ello se adjuntar\u00e1 la carta de concesi\u00f3n de la ayuda o ayudas oficiales al grupo de investigaci\u00f3n, donde deber\u00e1 estar claramente visible el t\u00edtulo del proyecto, el nombre del investigador principal, la referencia y la duraci\u00f3n del proyecto.<\/li>\n\n\n\n<li>Cuando no exista financiaci\u00f3n a la l\u00ednea de investigaci\u00f3n en los \u00faltimos 4 a\u00f1os, el solicitante podr\u00e1 exponer y razonar todas aquellas circunstancias que a su juicio respaldan la calidad y la viabilidad del proyecto de investigaci\u00f3n presentado.<\/li>\n<\/ul>\n\n\n\n<p><strong>Procedimiento para el control del documento de actividades de cada doctorando y la certificaci\u00f3n de sus datos.<\/strong><\/p>\n\n\n\n<p>Todos las actividades formativas llevadas a cabo por cada doctorando del presente programa en su universidad ser\u00e1n registradas por las Escuelas de Doctorado participantes en el proyecto en formato de CARPETA DIGITAL, el cual constituir\u00e1 el documento de actividades del doctorando (DAD). En esta carpeta, el alumno deber\u00e1 introducir, en formato Pdf, todos los documentos que acrediten su asistencia a cursos de metodolog\u00eda avanzada, talleres, seminarios cient\u00edficos, conferencias, congresos, jornadas de doctorado, etc., las Escuelas de Doctorado deber\u00e1n tener de sus investigadores en formaci\u00f3n el original o fotocopia compulsada de cada uno de estos documentos.<\/p>\n\n\n\n<p>La Comisi\u00f3n Acad\u00e9mica del Programa, revisar\u00e1 al final de cada curso el DAD de los doctorandos.<\/p>\n\n\n\n<p>Adem\u00e1s, las Escuelas de Doctorado deber\u00e1n incorporar a esta carpeta todas las calificaciones que reciba sobre los investigadores en formaci\u00f3n, por parte de los profesores responsables de las actividades formativas, transversales y espec\u00edficas, del programa de doctorado. En relaci\u00f3n a las estancias&nbsp;en centros de investigaci\u00f3n extranjero, se tendr\u00e1 en cuenta los informes realizados por los responsables del doctorando durante la estancia.<\/p>\n\n\n\n<p>El seguimiento del doctorando se llevar\u00e1 a cabo de forma directa por el Director y el Tutor de la Tesis, a partir de la revisi\u00f3n mensual del DAD y de los encuentros presenciales con el doctorando.<\/p>\n\n\n\n<p>As\u00ed mismo, el DAD constituir\u00e1 un elemento imprescindible en los diferentes procedimientos de evaluaci\u00f3n (al menos anuales), , lectura de tesis, etc..,) a lo largo de su doctorado.<\/p>\n\n\n\n<p>A requerimiento del alumno y con el V\u00baB\u00ba del tutor o el director de tesis, las Escuelas de Doctorado participantes podr\u00e1n certificar las actividades realizadas&nbsp;por el alumno en el transcurso del periodo predoctoral.<\/p>\n\n\n\n<p>El director y el tutor de la tesis podr\u00e1n contar con el asesoramiento de la Comisi\u00f3n Acad\u00e9mica Interuniversitaria y de profesores externos expertos en el tema de investigaci\u00f3n para realizar tareas de seguimiento del doctorando y documentar sus actividades y progresos.<\/p>\n\n\n\n<p>En la evaluaci\u00f3n anual de las actividades realizadas por estudiantes a tiempo parcial se tendr\u00e1 en cuenta las condiciones especiales que concurren en dichos estudiantes en cuanto a disponibilidad de tiempos y horarios para realizar determinadas actividades.<\/p>\n\n\n\n<p><strong>Previsi\u00f3n de las estancias de los doctorandos en otros centros de formaci\u00f3n nacionales e internacionales, co-tutelas y menciones internacionales.<\/strong><\/p>\n\n\n\n<p>En t\u00e9rminos generales, se potenciar\u00e1 la formaci\u00f3n del estudiante en otros centros de investigaci\u00f3n y\/o la participaci\u00f3n de expertos externos en el proceso de revisi\u00f3n del plan de investigaci\u00f3n y resultados alcanzados.<\/p>\n\n\n\n<p>Programas de procedencia: un n\u00famero creciente de doctorandos ha realizado su tesis obteniendo la menci\u00f3n en Doctorado Europeo o Internacional.<\/p>\n\n\n\n<p>Es objetivo del Programa propuesto incrementar el porcentaje de tesis con esta menci\u00f3n.<\/p>\n<\/div><\/div><\/div>\n\n\n\n<div class=\"wp-block-stackable-column stk-block-column stk-column stk-block stk-53ec762\" data-v=\"4\" data-block-id=\"53ec762\"><style>.stk-53ec762-inner-blocks{row-gap:0px !important;}.stk-53ec762 {padding-top:0px !important;padding-right:0px !important;padding-bottom:0px !important;padding-left:0px !important;}@media screen and (min-width: 768px){.stk-53ec762 {flex:var(--stk-flex-grow, 1) 1 33.3% !important;}}<\/style><div class=\"stk-column-wrapper stk-block-column__content stk-container stk-53ec762-container stk--no-background stk--no-padding\"><div class=\"stk-block-content stk-inner-blocks stk-53ec762-inner-blocks\">\n\n<ul class=\"widget-box\">\n<li class='contacto-header'>Informaci\u00f3n de contacto<\/li><li><i class=\"fa fa-map-marker\"><\/i> Avda. Astrof\u00edsico Francisco S\u00e1nchez, SN. Edificio Calabaza \u2013 AN.2D Apdo. 456 38200 San Crist\u00f3bal de La Laguna<\/li><li><i class=\"fa fa-envelope\"><\/i>  <a href=mailto:doctorado.nautica@ull.es>doctorado.nautica@ull.es<\/a><\/li><li><i class=\"fa fa-calendar\"><\/i><a href=\"http:\/\/citaprevia.ull.es\/index.php?s=edpo\"> Cita previa<\/a><\/li>\n<\/ul>\n\n\n<\/div><\/div><\/div>\n<\/div><\/div>\n","protected":false},"excerpt":{"rendered":"<p>Seguimiento del doctorando Composici\u00f3n de la Comisi\u00f3n Acad\u00e9mica Interuniversitaria del Programa de Doctorado. Exponer las directrices para la designaci\u00f3n de los miembros de la Comisi\u00f3n Acad\u00e9mica del Programa, indicando los miembros que se proponen para la primera comisi\u00f3n. El Programa de Doctorado en Ingenier\u00eda N\u00e1utica, Marina y Radioelectr\u00f3nica Naval dispondr\u00e1 de una Comisi\u00f3n Acad\u00e9mica con&#8230;<\/p>\n","protected":false},"author":1,"featured_media":0,"parent":27,"menu_order":0,"comment_status":"closed","ping_status":"closed","template":"templates\/template-frontpage.php","meta":{"_acf_changed":false,"footnotes":""},"class_list":["post-72","page","type-page","status-publish","hentry"],"acf":[],"publishpress_future_action":{"enabled":false,"date":"2026-04-15 07:13:56","action":"change-status","newStatus":"draft","terms":[],"taxonomy":"","extraData":[]},"publishpress_future_workflow_manual_trigger":{"enabledWorkflows":[]},"_links":{"self":[{"href":"https:\/\/www.ull.es\/doctorados\/ingenieria-marina-radioelectrica-naval\/wp-json\/wp\/v2\/pages\/72","targetHints":{"allow":["GET"]}}],"collection":[{"href":"https:\/\/www.ull.es\/doctorados\/ingenieria-marina-radioelectrica-naval\/wp-json\/wp\/v2\/pages"}],"about":[{"href":"https:\/\/www.ull.es\/doctorados\/ingenieria-marina-radioelectrica-naval\/wp-json\/wp\/v2\/types\/page"}],"author":[{"embeddable":true,"href":"https:\/\/www.ull.es\/doctorados\/ingenieria-marina-radioelectrica-naval\/wp-json\/wp\/v2\/users\/1"}],"replies":[{"embeddable":true,"href":"https:\/\/www.ull.es\/doctorados\/ingenieria-marina-radioelectrica-naval\/wp-json\/wp\/v2\/comments?post=72"}],"version-history":[{"count":8,"href":"https:\/\/www.ull.es\/doctorados\/ingenieria-marina-radioelectrica-naval\/wp-json\/wp\/v2\/pages\/72\/revisions"}],"predecessor-version":[{"id":382,"href":"https:\/\/www.ull.es\/doctorados\/ingenieria-marina-radioelectrica-naval\/wp-json\/wp\/v2\/pages\/72\/revisions\/382"}],"up":[{"embeddable":true,"href":"https:\/\/www.ull.es\/doctorados\/ingenieria-marina-radioelectrica-naval\/wp-json\/wp\/v2\/pages\/27"}],"wp:attachment":[{"href":"https:\/\/www.ull.es\/doctorados\/ingenieria-marina-radioelectrica-naval\/wp-json\/wp\/v2\/media?parent=72"}],"curies":[{"name":"wp","href":"https:\/\/api.w.org\/{rel}","templated":true}]}}