{"id":23,"date":"2018-02-22T11:09:29","date_gmt":"2018-02-22T11:09:29","guid":{"rendered":"http:\/\/localhost\/ull\/doctorados\/?page_id=23"},"modified":"2018-03-08T12:23:52","modified_gmt":"2018-03-08T12:23:52","slug":"justificacion-del-titulo","status":"publish","type":"page","link":"https:\/\/www.ull.es\/doctorados\/islas-atlanticas\/fr\/justificacion-del-titulo\/","title":{"rendered":"Justification du titre"},"content":{"rendered":"<p>[vc_row][vc_column][vc_column_text]<\/p>\n<h1>Justificaci\u00f3n del t\u00edtulo<\/h1>\n<p>La propuesta oficial de doctorado Islas Atl\u00e1nticas: Historia, Econom\u00eda, Patrimonio y Marco Jur\u00eddico-Institucional responde\u00a0a la necesidad de completar los ciclos acad\u00e9micos de grado y m\u00e1ster que dentro del Espacio Europeo de Educaci\u00f3n\u00a0Superior se est\u00e1n implementando nuestra universidades.<\/p>\n<p>Nuestro planteamiento pretende, siguiendo las estrategias institucionales en materia de I+D+i, que define que las universidades\u00a0deben tener al doctorado en el centro de sus actuaciones, ofrecer altas cotas de calidad, internacionalizaci\u00f3n,\u00a0innovaci\u00f3n, reconocimiento y movilidad. Dentro de este esp\u00edritu nos interesa crear un marco estable que posibilite\u00a0la colaboraci\u00f3n de otros organismos, entidades e instituciones implicadas en I+D +i tanto nacional como internacional.<\/p>\n<p>En definitiva este programa de doctorado debe completar las necesidades formativas de los doctorandos, su actualizaci\u00f3n\u00a0metodol\u00f3gica y, por \u00faltimo, su iniciaci\u00f3n en la investigaci\u00f3n mediante la realizaci\u00f3n final de la Tesis Doctoral.<\/p>\n<p>Como objetivos espec\u00edficos de este programa pueden se\u00f1alarse los siguientes: COMPLETAR los ciclos acad\u00e9micos\u00a0de Humanidades, Ciencias Jur\u00eddicas y Sociales y Arquitectura; CUBRIR las necesidades de los estudiantes y becarios,\u00a0no solo de las Universidades de Las Palmas de Gran Canaria y de La Laguna, sino de las Universidades de\u00a0Azores y Madeira, as\u00ed como Cabo Verde y las correspondientes al \u00e1mbito latino americano y africano; RESPONDER\u00a0a las necesidades de una formaci\u00f3n de calidad en el nivel de doctorado, de una manera integral y abierta, ofreciendo\u00a0a la sociedad una investigaci\u00f3n de primera l\u00ednea; INCREMENTAR el potencial de la calidad de la investigaci\u00f3n y la innovaci\u00f3n;\u00a0DESARROLLAR una investigaci\u00f3n b\u00e1sica y aplicada para la que estas universidades cuentan con una importante\u00a0potencialidad en recursos humanos, convirtiendo a nuestras universidades en referente internacional; DAR\u00a0PRIORIDAD a las l\u00edneas de investigaci\u00f3n punteras en las diversas \u00e1reas que lo conforman, con proyectos de nivel\u00a0auton\u00f3mico, estatal y europeo.<\/p>\n<p>Este programa de Doctorado, dentro del marco de la Escuela de Doctorado de la Universidad de Las Palmas de Gran\u00a0Canaria y de las correspondientes instituciones de la ULL, UAc y UAm, debe conseguir aunar diferentes l\u00edneas de investigaci\u00f3n\u00a0que intentar\u00e1n dar respuesta, tanto a las directrices definidas por el Gobierno de Canarias ( Estrategia para\u00a0la definici\u00f3n de prioridades en la oferta de Educaci\u00f3n Superior de Canarias 2010-2020), en la que es especialmente\u00a0relevante la menci\u00f3n expl\u00edcita a la gesti\u00f3n y recuperaci\u00f3n patrimonial, como por la ULPGC ( Plan Estrat\u00e9gico Institucional\u00a0de La Universidad de Las Palmas de Gran Canaria 2011-2014), o las directrices de la ULL, UAc y UAm.<\/p>\n<p>Nuestro proyecto se dirige, en consonancia con lo expuesto, a elevar el grado de excelencia en investigaci\u00f3n, a incrementar\u00a0los niveles de desarrollo econ\u00f3mico, social y cultural del Archipi\u00e9lago Canario, a buscar socios colaboradores,\u00a0etc.<\/p>\n<p>Nuestra propuesta trata de especializar a las universidades participantes en el marco de las Islas Atl\u00e1nticas, con las\u00a0que proponemos una estrecha alianza, como plataforma tricontinental de investigaci\u00f3n en Estudios Atl\u00e1nticos. Existe,\u00a0en consecuencia, una estrecha relaci\u00f3n entre el CEI (Campus de Excelencia Internacional) las dos universidades carespecto el apartado 6.1. de la Memoria).<\/p>\n<p>Las Universidades Canarias (ULPGC y ULL) participan conjuntamente en el Campus de Excelencia Internacional de \u00c1mbito Regional: \u00abCampus Atl\u00e1ntico Tricontinental. Una de las acciones m\u00e1s importantes en el apartado de Mejora docente y adaptaci\u00f3n al EEES, es la puesta en marcha del Escuela Internacional de Posgrados Interuniversitarios ULL-ULPGC, algunos de cuyos fines principales son:<\/p>\n<p>Desarrollo de programas basados en la conjunci\u00f3n e interrelaci\u00f3n de las capacidades de las dos universidades en sus especializaciones tem\u00e1ticas con vistas al eje Europa-\u00c1frica-Latinoam\u00e9rica.<\/p>\n<p>Ello incluye tambi\u00e9n acuerdos con universidades de esos territorios para incorporarlos en los programas de los posgrados.<\/p>\n<ul>\n<li>Programas destinados a talento tricontinental, tanto en relaci\u00f3n al profesorado como a los estudiantes.<\/li>\n<\/ul>\n<p>En el \u00e1mbito de la investigaci\u00f3n, espec\u00edficamente, la estrategia de desarrollo se basar\u00e1 en:<\/p>\n<ul>\n<li>Marcar tem\u00e1ticas estrat\u00e9gicas en proyectos de tesis en el \u00e1mbito tricontinental.<\/li>\n<li>Plantear Programas de doctorado en base a las tem\u00e1ticas estrat\u00e9gicas y con la colaboraci\u00f3n conjunta de las facultades, centros de investigaci\u00f3n y docentes m\u00e1s adecuados para cada doctorando.<\/li>\n<li>Organizaci\u00f3n de seminarios interdisciplinares, con los mejores profesores investigadores del Campus y de otras universidades el \u00e1mbito tricontinental, que traten desde distintos \u00e1ngulos las tem\u00e1ticas estrat\u00e9gicas.<\/li>\n<li>Difusi\u00f3n de la Escuela para captaci\u00f3n de talento tricontinental<\/li>\n<li>Unificaci\u00f3n de los servicios para los doctorandos (matriculaci\u00f3n, informaci\u00f3n, alojamiento,&#8230;).<\/li>\n<\/ul>\n<p>En este empe\u00f1o, el Programa de doctorado en Islas Atl\u00e1nticas: Historia, Patrimonio y Marco Jur\u00eddico Institucional,\u00a0pondr\u00e1 en valor las caracter\u00edsticas propias de los archipi\u00e9lagos atl\u00e1nticos, destacando el valor geoestrat\u00e9gico de los\u00a0mismos, reforzando el liderazgo de Canarias como elemento dinamizador de esta \u00e1rea geogr\u00e1fica en aspectos cient\u00edficos\u00a0de inter\u00e9s para las \u00e1reas de especializaci\u00f3n del CEI-CANARIAS y contribuyendo a una mayor interrelaci\u00f3n Interuniversitaria,\u00a0dado el car\u00e1cter interuniversitario del profesorado, el cual pertenecer\u00e1 a las dos universidades canarias<br \/>\ny a la Universidad de Azores y Madeira.<\/p>\n<p>Igualmente hay que se\u00f1alar que las universidades proponentes se encuentran asociadas dentro de la Red de Universidades\u00a0de las Regiones ultraperif\u00e9ricas de la Uni\u00f3n Europea (Red UNAMUNO de Islas Atl\u00e1nticas), que facilita la movilidad\u00a0de estudiantes y profesores, as\u00ed como la cooperaci\u00f3n cient\u00edfica y acad\u00e9mica en la problem\u00e1tica conjunta de\u00a0las isalas atl\u00e1nticas objeto de este doctorado (CF. 1.4 de la Memoria)<\/p>\n<p>El doctorado ISLAS ATL\u00c1NTICAS: Historia, Econom\u00eda, Patrimonio y Marco Jur\u00eddico e Institucional, en el caso concreto\u00a0de la ULPGC, que lo lidera, es el resultado de la suma de experiencias anteriores en programas de doctorado\u00a0realizados por los diversos departamentos y grupos de investigaci\u00f3n que lo componen, as\u00ed como de car\u00e1cter interdepartamental,\u00a0en el mismo \u00e1mbito cient\u00edfico del programa que ahora se propone. En estos programas antecedentes\u00a0han participado los Departamentos de Ciencias Hist\u00f3ricas (DCH), Geograf\u00eda (DGEO), Ciencias Jur\u00eddicas B\u00e1sicas\u00a0(DCJB) y Derecho P\u00fablico (DDP) , Arte, Ciudad y Territorio (DACT), Construcci\u00f3n Arquitect\u00f3nica (DCA), Derecho P\u00fablico\u00a0(DDP) , Arte, Ciudad y Territorio (DACT), Construcci\u00f3n Arquitect\u00f3nica (DCA), Expresi\u00f3n Gr\u00e1fica y Proyectos Arquitect\u00f3nicos\u00a0(DEGPA).[\/vc_column_text][\/vc_column][\/vc_row]<\/p>\n","protected":false},"excerpt":{"rendered":"<p>[vc_row][vc_column][vc_column_text] Justificaci\u00f3n del t\u00edtulo La propuesta oficial de doctorado Islas Atl\u00e1nticas: Historia, Econom\u00eda, Patrimonio y Marco Jur\u00eddico-Institucional responde\u00a0a la necesidad de completar los ciclos acad\u00e9micos de grado y m\u00e1ster que dentro del Espacio Europeo de Educaci\u00f3n\u00a0Superior se est\u00e1n implementando nuestra universidades. Nuestro planteamiento pretende, siguiendo las estrategias institucionales en materia de I+D+i, que define que&#8230;<\/p>\n","protected":false},"author":1,"featured_media":0,"parent":0,"menu_order":0,"comment_status":"closed","ping_status":"closed","template":"","meta":{"_acf_changed":false,"footnotes":""},"class_list":["post-23","page","type-page","status-publish","hentry"],"acf":[],"publishpress_future_action":{"enabled":false,"date":"2026-04-17 02:53:59","action":"change-status","newStatus":"draft","terms":[],"taxonomy":"","extraData":[]},"publishpress_future_workflow_manual_trigger":{"enabledWorkflows":[]},"_links":{"self":[{"href":"https:\/\/www.ull.es\/doctorados\/islas-atlanticas\/fr\/wp-json\/wp\/v2\/pages\/23","targetHints":{"allow":["GET"]}}],"collection":[{"href":"https:\/\/www.ull.es\/doctorados\/islas-atlanticas\/fr\/wp-json\/wp\/v2\/pages"}],"about":[{"href":"https:\/\/www.ull.es\/doctorados\/islas-atlanticas\/fr\/wp-json\/wp\/v2\/types\/page"}],"author":[{"embeddable":true,"href":"https:\/\/www.ull.es\/doctorados\/islas-atlanticas\/fr\/wp-json\/wp\/v2\/users\/1"}],"replies":[{"embeddable":true,"href":"https:\/\/www.ull.es\/doctorados\/islas-atlanticas\/fr\/wp-json\/wp\/v2\/comments?post=23"}],"version-history":[{"count":3,"href":"https:\/\/www.ull.es\/doctorados\/islas-atlanticas\/fr\/wp-json\/wp\/v2\/pages\/23\/revisions"}],"predecessor-version":[{"id":152,"href":"https:\/\/www.ull.es\/doctorados\/islas-atlanticas\/fr\/wp-json\/wp\/v2\/pages\/23\/revisions\/152"}],"wp:attachment":[{"href":"https:\/\/www.ull.es\/doctorados\/islas-atlanticas\/fr\/wp-json\/wp\/v2\/media?parent=23"}],"curies":[{"name":"wp","href":"https:\/\/api.w.org\/{rel}","templated":true}]}}