{"id":21,"date":"2018-02-22T11:07:35","date_gmt":"2018-02-22T11:07:35","guid":{"rendered":"http:\/\/localhost\/ull\/doctorados\/?page_id=21"},"modified":"2019-01-25T11:41:55","modified_gmt":"2019-01-25T11:41:55","slug":"entidades-participantes","status":"publish","type":"page","link":"https:\/\/www.ull.es\/doctorados\/islas-atlanticas\/entidades-participantes\/","title":{"rendered":"Entidades participantes"},"content":{"rendered":"<p>[vc_row][vc_column][vc_column_text]<\/p>\n<h1>Entidades participantes<\/h1>\n<p><strong>Listado de colaboraciones con convenio<\/strong><\/p>\n<ul>\n<li>Universidad de Las Palmas de Gran Canaria, Universidad de las Antillas y de la Guyana, Universidad de Azores, Universidad de La Laguna, Universidad de Madeira, Universidad de La Reuni\u00f3n.<\/li>\n<li>Universidad de Santa Catarina (Brasil)\u00a0y Universidad de Las Palmas de Gran\u00a0Canaria<\/li>\n<li>Universidad de Palermo (Argentina) y Universidad de Las Palmas de Gran Canaria<\/li>\n<li>Universidades de M\u00e9xico y Universidad de Las Palmas de Gran Canaria<\/li>\n<li>Universidades de Costa Rica, Guatemala, Uruguay y Universidad de Las Palmas de Gran Canaria<\/li>\n<li>Universidad de Valencia, Universidad de Las Palmas de Gran Canaria<\/li>\n<li>Centro de Historia de Alem Mar (Universidade Nova de Lisboa y Universidad de Azores), Centro Interdisciplinar de Historia, Cultura e Sociedades da Universidade de Evora, Universidad de Las Palmas de Gran Canaria<\/li>\n<li>Universidad de Guadalajara, Universidad de Las Palmas de Gran Canaria<\/li>\n<li>Universidad de Cabo Verde, Universidad de Las Palmas de Gran Canaria<\/li>\n<li>Universidade da Madeira, Univesidad de Las Palmas de Gran Canaria<\/li>\n<li>Universidad de La Laguna, Universidad de Las Palmas de Gran Canaria<\/li>\n<li>Universidad de La Laguna, Universidad de Las Palmas de Gran Canaria, Federaci\u00f3n Canaria de Municipios<\/li>\n<li>Universitat Jaume I, Universidad de Las Palmas de Gran Canaria<\/li>\n<li>Universidad de La Plata (Argentina) y Universidad de Las Palmas de Gran Canaria<\/li>\n<li>UNED, Universidad de Las Palmas de Gran Canaria<\/li>\n<li>Universidad Rey Juan Carlos, Universidad de Las Palmas de Gran Canaria<\/li>\n<li>Universidades de Chile y Universidad de Las Palmas de Gran Canaria<\/li>\n<li>Universidad de Mendoza (Argentina) y Universidad de Las Palmas de Gran Canaria<\/li>\n<\/ul>\n<p><strong>Otras colaboraciones<\/strong><\/p>\n<p><em>Convenios de colaboraci\u00f3n<\/em><\/p>\n<p>El programa de doctorado ISLAS ATL\u00c1NTICAS: Historia, Patrimonio y Marco Jur\u00eddico e Institucional, aspira a formar\u00a0un entramado de colaboraciones que permita integrar a los futuros doctorandos en los programas y actividades de\u00a0otras instituciones que act\u00faen como socios del programa. Esta estrategia que abarca, desde los grupos de investigaci\u00f3n\u00a0que forman parte del programa, hasta los departamentos e investigadores particulares se traducir\u00e1, de acuerdo\u00a0on el Plan Estrat\u00e9gico de la ULPGC (PEI), en una red de conocimientos en la que queden integrados los futuros\u00a0doctorandos, facilit\u00e1ndoles de este modo la movilidad y la participaci\u00f3n en talleres, congresos y otros eventos, tanto\u00a0nacionales, como internacionales.<\/p>\n<p>Entre las colaboraciones b\u00e1sicas figuran, en primer lugar, las Universidades de La Laguna, dos A\u00e7ores y Madeira,\u00a0con las que hay un convenio marco de colaboraci\u00f3n, junto al convenio de la Red Unamuno de Universidades y ahora\u00a0se suma un convenio espec\u00edfico con estas Universidades para proponer ante las Administraciones educativas competentes\u00a0y posteriormente organizar, de modo conjunto entre las instituciones participantes y con plena igualdad de\u00a0derechos y obligaciones, el Programa de Doctorado ISLAS ATL\u00c1NTICAS. HISTORIA, PATRIMONIO Y MARCO JUR\u00cdDICO\u00a0INSTITUCIONAL.<\/p>\n<p>Con la Universidad de Madeira la Universidad de Las Palmas de Gran Canaria firm\u00f3 un convenio de colaboraci\u00f3n en\u00a0el Programa Interreg 3 de la Uni\u00f3n Europea (se adjunta convenio), dentro del cual se desarroll\u00f3 el proyecto Interreg\u00a0IIIB.MAC 4.5\/C14 ATL\u00c1NTICA \u00abEl az\u00facar y la cultura en las Islas Atl\u00e1nticas\u00bb, que fue coordinado desde la ULPGC\u00a0por Santiago de Lux\u00e1n Mel\u00e9ndez (Coordinador de la propuesta de Programa) y que cont\u00f3 con la participaci\u00f3n del\u00a0Centro de Estudos de Historia do Atl\u00e1ntico de Madeira colaborador igualmente de este Programa (se adjunta documento\u00a0de socio colaborador en otras colaboraciones), y con la Universidad de La Laguna, cuya coordinadora forma\u00a0igualmente parte de este Proyecto de Doctorado.<\/p>\n<p>En la Red Unamuno de Universidades el profesor de este Programa (l\u00ednea 3) Victor Cuesta L\u00f3pez est\u00e1 participando\u00a0en el Proyecto de Cooper\u00e7ao Cient\u00edfica e Tecnoloigica de la Red con c\u00f3digo Mac\/3\/M126, aprobado por el Programa\u00a0de Cooperaci\u00f3n Transnacional Mac 2007-2013. La Propuesta de nuestro programa cuenta adem\u00e1s con un convenio\u00a0marco de colaboraci\u00f3n entre la Universidad de Cabo Verde y la Universidad de Las Palmas de Gran Canaria (se\u00a0adjunta documento) y el compromiso de colaboraci\u00f3n del Instituto Superior de Ciencias Jur\u00eddicas e Sociais de Cabo\u00a0Verde (se adjunta documento en otras colaboraciones).<\/p>\n<p>Igualmente la Universidad de Las Palmas ha suscrito un convenio de cooperaci\u00f3n con la Universitat Jaume I, mediante\u00a0el cual el grupo de investigaci\u00f3n Historia, Culturas Pol\u00edticas y Movimientos Sociales, y la Universidad de Las\u00a0Palmas de Gran Canaria, mediante el grupo G9 Historia, Econom\u00eda y Sociedad que coordina el Catedr\u00e1tico de Historia\u00a0e Instituciones Econ\u00f3micas Santiago de Lux\u00e1n M\u00e9ndez establecen un entorno de colaboraci\u00f3n en actividades de\u00a0formaci\u00f3n, investigaci\u00f3n cient\u00edfica y transferencia de conocimiento en el marco de sus \u00e1mbitos respectivos de especializaci\u00f3n,\u00a0mediante el establecimiento de convenios espec\u00edficos para proyectos concretos. En este convenio se incluye\u00a0la colaboraci\u00f3n cient\u00edfica en el programa de doctorado Islas Atl\u00e1nticas: Historia, Patrimonio y Marco Jur\u00eddico e\u00a0Institucional.<\/p>\n<p>Del mismo modo se han suscrito convenios que unen a este Programa con diversas Universidades Americanas: entre\u00a0ellas, la de Guadalajara (M\u00e9xico) con la que hay un convenio marco (se adjunta). Con esta \u00faltima Universidad hay\u00a0una colaboraci\u00f3n muy estrecha que se traduce en la presencia en nuestro programa de cuatro investigadores mexicanos\u00a0(se adjunta documento en otras colaboraciones).<\/p>\n<p>Con la Universidad de La Plata (Argentina) nuestra Universidad tiene un convenio marco de colaboraci\u00f3n para promocionar\u00a0la movilidad de profesores y alumnos (se adjunta convenio), dentro de este marco se incluye la carta de colaboraci\u00f3n\u00a0de la misma ( se adjunta).<\/p>\n<p>Con el Centro de Historia de Al\u00e9m Mar (CHAM) de la Universidad Nova de Lisboa, de la Universidade dos A\u00e7ores y\u00a0y del Centro Interdisciplinar de Historia Cultura y Sociedades (CIDEHUS) da Universidade de \u00c9vora existe un convenio\u00a0de colaboraci\u00f3n suscrito por el Rector de la ULPGC y estos centros en nombre de un grupo de investigaci\u00f3n que\u00a0forma parte de este Programa de Doctorado y que sustenta con uno de sus proyectos una de las l\u00edneas de investigaci\u00f3n\u00a0de este Doctorado, con el objetivo de constituir un Seminario permanente de Historia del Tabaco que desde\u00a0el curso 2010 viene celebrando reuniones peri\u00f3dicas y que contribuir\u00e1 a la participaci\u00f3n de los alumnos de este programa\u00a0en las actividades de estos centros (se adjunta convenio). La coordinaci\u00f3n general de dicho convenio corri\u00f3 a\u00a0cargo por la parte espa\u00f1ola por Santiago de Lux\u00e1n Mel\u00e9ndez, coordinador de este programa.<\/p>\n<p>Merece particular atenci\u00f3n la colaboraci\u00f3n prestada por dos figuras de reconocido prestigio a nivel nacional e internacional\u00a0que formar\u00e1n parte de la Comisi\u00f3n Acad\u00e9mica del Programa de Doctorado, el profesor Rafael Puyol Antol\u00edn\u00a0(Catedr\u00e1tico de Geograf\u00eda Humana de la Universidad Complutense de Madrid, ex Rector de dicha Universidad y\u00a0Vicepresidente de la Fundaci\u00f3n Instituto de Empresa) y del profesor Jos\u00e9 Antonio Escudero (Catedr\u00e1tico de Historia\u00a0del Derecho de la UNED, Vicepresidente de la Real Academia de Jurisprudencia y Legislaci\u00f3n, Acad\u00e9mico de n\u00famero\u00a0de la Real Academia de la Historia y que puede constituir un enlace ideal entre las distintas materias que conforman\u00a0el presente programa de doctorado interdisciplinar).<\/p>\n<p>Igualmente, la ULPGC tiene suscrito un convenio marco de colaboraci\u00f3n con la UNED, dentro del cual est\u00e1n incluidos\u00a0los documentos de socios colaboradores (se relacionan en Otras colaboraciones). Asimismo, similar relaci\u00f3n nos\u00a0vincula con la Universidad de Valencia, con la Universidad Rey Juan Carlos de Madrid. En cuanto a convenios de\u00a0movilidad de estudiantes, destacan los suscritos con diversas Universidades de Costa Rica, Guatemala, Uruguay,\u00a0Chile, M\u00e9xico, Argentina, Brasil.<\/p>\n<p>En el apartado de \u00abOtras colaboraciones\u00bb, los documentos aportados indican la voluntad inequ\u00edvoca de las instituciones\u00a0mencionadas para apoyar la movilidad, la formaci\u00f3n de nuestros alumnos de doctorado, poniendo a su disposici\u00f3n\u00a0sus infraestructuras, su relaci\u00f3n con archivos nacionales, bibliotecas y centros de documentaci\u00f3n, sus programas,\u00a0equipos, laboratorios y talleres de trabajo, o la posibilidad de participar en las reuniones cient\u00edficas nacionales e\u00a0internacionales que organizan (v\u00e9ase en \u00abOtras colaboraciones\u00bb la relaci\u00f3n de estas instituciones):<\/p>\n<ul>\n<li>Universidad del Franco Condado. Departamento de Estudios Hisp\u00e1nicos.<\/li>\n<li>Centro de Estudos de Hist\u00f3ria do Atl\u00e2ntico de Madeira.<\/li>\n<li>Centro de Historia de Alem Mar de la Universidade Nova de Lisboa y de la Universidade de A\u00e7ores<\/li>\n<li>Centro Interdisciplinar de Historia, Cultura e Sociedades (CIDEHUS) da Universidade de \u00c9vora.<\/li>\n<li>\u00c1rea de Heritage Languages, de la Facultad de Ling\u00fc\u00edstica de la Universidad de San Diego (California).<\/li>\n<li>Centro Universitario de Arte, Arquitectura y Dise\u00f1o. Centro de Investigaciones del Medio Ambiente y Ordenaci\u00f3n Territorial.<\/li>\n<li>Universidad de Guadalajara (M\u00e9xico).<\/li>\n<li>Universidad de La Plata (Argentina).<\/li>\n<li>Instituto Superior de Ci\u00eancias Jur\u00eddicas e Sociais da Universidade de Cabo Verde.<\/li>\n<li>Centro di Studi di Relazioni Industriali dell \u00daniversit\u00e0 di Cagliari.<\/li>\n<li>Universit\u00e1 degli Studi di Messina. Dipartimento di Scienze Giuridiche e Storia delle Istituzioni.<\/li>\n<li>Diritto Romano, Dipartimento de Giurisprudenza Universit\u00e0 degli Studi di Torino (Italia).<\/li>\n<li>International Research Group for Conflict, Borderlands and Minorities:<\/li>\n<li>Grupo de investigaci\u00f3n CoTraLis (Corpus, Traductolog\u00eda, Ling\u00fc\u00edstica y Sociedad) de la Facultad de Lenguas de la Universidad\u00a0de Artois (Francia)<\/li>\n<li>Escuela de Estudios Hispano-Americanos de Sevilla.<\/li>\n<li>Instituto de Historia de la Intolerancia (Real Academia de Jurisprudencia y Legislaci\u00f3n).<\/li>\n<li>Centro de Estudios Fenicios y P\u00fanicos (Madrid).<\/li>\n<li>Asociaci\u00f3n Veritas para el estudio de la Historia, el Derecho y las Instituciones.<\/li>\n<li>Jos\u00e9 Antonio Escudero, Real Academia de Jurisprudencia y Legislaci\u00f3n y de la Historia.<\/li>\n<li>Rafael Puyol Antol\u00edn, Catedr\u00e1tico de Geograf\u00eda Humana de la Universidad Complutense de Madrid.<\/li>\n<li>\u00c1rea de Historia Latinoamericana del Colegio de Am\u00e9rica, Centro de Estudios Avanzados para Am\u00e9rica Latina y el Caribe de\u00a0la Universidad Pablo de Olavide.<\/li>\n<li>Delegaci\u00f3n de Patrimonio Cultural del Obispado de Tenerife.<\/li>\n<li>Instituto Superior de Teolog\u00eda de las Islas Canarias.<\/li>\n<li>Archivo Hist\u00f3rico Diocesano de San Crist\u00f3bal de La Laguna-Tenerife.<\/li>\n<li>Instituto de Estudios Canarios adscrito al CSIC.<\/li>\n<li>Instituto de Historia y Cultura Militar de Canarias.<\/li>\n<li>Museo Arqueol\u00f3gico de Tenerife (OAMC. Cabildo Insular de Tenerife).<\/li>\n<li>Instituto Canario de Bioantropolog\u00eda (OAMC. Cabildo Insular de Tenerife).<\/li>\n<li>Instituto Universitario General Guti\u00e9rrez Mellado.<\/li>\n<li>Museo Canario de Las Palmas de Gran Canaria.<\/li>\n<li>Real Sociedad Econ\u00f3mica de Amigos del Pa\u00eds de Gran Canaria.<\/li>\n<li>Anuario de Estudios Atl\u00e1nticos.<\/li>\n<li>Casa de Col\u00f3n. Cabildo de Gran Canaria.<\/li>\n<li>Departamento de Prehistoria, Arqueolog\u00eda e Historia Antigua de la Universidad de La Laguna.<\/li>\n<li>\u00c1rea de Prehistoria del Departamento de Historia y Filosof\u00eda de la Universidad de Alcal\u00e1 de Henares.<\/li>\n<li>Departamento de Derecho Privado. Seminario de Historia del Derecho y de las Instituciones (Universidad de Cantabria).<\/li>\n<li>\u00c1rea de Derecho Internacional P\u00fablico y de Relaciones Internacionales (Universidad Complutense de Madrid).<\/li>\n<li>C\u00e1tedra de Historia del Derecho y de las Instituciones (Universidade da Coru\u00f1a).<\/li>\n<li>C\u00e1tedra de Derecho Constitucional (Universidad de Ja\u00e9n).<\/li>\n<li>UNED (Madrid).<\/li>\n<li>C\u00e1tedra de Derecho Internacional P\u00fablico y de Relaciones Internacionales de la Universidad de la Rioja.<\/li>\n<li>Leandro Mart\u00ednez Pe\u00f1as, Acad\u00e9mico Correspondiente de la Real Academia de Jurisprudencia y Legislaci\u00f3n, y profesor de\u00a0Historia del Derecho en la Universidad Rey Juan Carlos.<\/li>\n<li>Departamento de Ciencias Hist\u00f3rico-Jur\u00eddicas de la Universidad Rey Juan Carlos I (Madrid).<\/li>\n<li>\u00c1rea de Derecho Internacional P\u00fablico y de Relaciones Internacionales de la Universidad de Salamanca.<\/li>\n<li>\u00c1rea de Derecho Romano de la Universidad de Valencia.<\/li>\n<li>Departamento de Historia del Arte. Universidad de Santiago de Compostela.<\/li>\n<\/ul>\n<p>[\/vc_column_text][\/vc_column][\/vc_row]<\/p>\n","protected":false},"excerpt":{"rendered":"<p>[vc_row][vc_column][vc_column_text] Entidades participantes Listado de colaboraciones con convenio Universidad de Las Palmas de Gran Canaria, Universidad de las Antillas y de la Guyana, Universidad de Azores, Universidad de La Laguna, Universidad de Madeira, Universidad de La Reuni\u00f3n. Universidad de Santa Catarina (Brasil)\u00a0y Universidad de Las Palmas de Gran\u00a0Canaria Universidad de Palermo (Argentina) y Universidad de&#8230;<\/p>\n","protected":false},"author":1,"featured_media":0,"parent":0,"menu_order":0,"comment_status":"closed","ping_status":"closed","template":"","meta":{"_acf_changed":false,"footnotes":""},"class_list":["post-21","page","type-page","status-publish","hentry"],"acf":[],"publishpress_future_action":{"enabled":false,"date":"2026-04-17 09:40:54","action":"change-status","newStatus":"draft","terms":[],"taxonomy":"","extraData":[]},"publishpress_future_workflow_manual_trigger":{"enabledWorkflows":[]},"_links":{"self":[{"href":"https:\/\/www.ull.es\/doctorados\/islas-atlanticas\/wp-json\/wp\/v2\/pages\/21","targetHints":{"allow":["GET"]}}],"collection":[{"href":"https:\/\/www.ull.es\/doctorados\/islas-atlanticas\/wp-json\/wp\/v2\/pages"}],"about":[{"href":"https:\/\/www.ull.es\/doctorados\/islas-atlanticas\/wp-json\/wp\/v2\/types\/page"}],"author":[{"embeddable":true,"href":"https:\/\/www.ull.es\/doctorados\/islas-atlanticas\/wp-json\/wp\/v2\/users\/1"}],"replies":[{"embeddable":true,"href":"https:\/\/www.ull.es\/doctorados\/islas-atlanticas\/wp-json\/wp\/v2\/comments?post=21"}],"version-history":[{"count":4,"href":"https:\/\/www.ull.es\/doctorados\/islas-atlanticas\/wp-json\/wp\/v2\/pages\/21\/revisions"}],"predecessor-version":[{"id":209,"href":"https:\/\/www.ull.es\/doctorados\/islas-atlanticas\/wp-json\/wp\/v2\/pages\/21\/revisions\/209"}],"wp:attachment":[{"href":"https:\/\/www.ull.es\/doctorados\/islas-atlanticas\/wp-json\/wp\/v2\/media?parent=21"}],"curies":[{"name":"wp","href":"https:\/\/api.w.org\/{rel}","templated":true}]}}