{"id":70,"date":"2018-02-22T13:26:52","date_gmt":"2018-02-22T13:26:52","guid":{"rendered":"http:\/\/www.ull.es\/doctorados\/islas-atlanticas\/?page_id=70"},"modified":"2025-08-20T10:52:33","modified_gmt":"2025-08-20T10:52:33","slug":"supervision-tesis","status":"publish","type":"page","link":"https:\/\/www.ull.es\/doctorados\/islas-atlanticas\/organizacion-del-programa\/supervision-tesis\/","title":{"rendered":"Supervisi\u00f3n de tesis"},"content":{"rendered":"\n<div class=\"wp-block-stackable-columns alignfull stk-block-columns stk-block stk-2314a6b\" data-block-id=\"2314a6b\"><style>.stk-2314a6b {padding-bottom:0px !important;margin-top:-100px !important;margin-bottom:0px !important;}<\/style><div class=\"stk-row stk-inner-blocks stk-block-content stk-content-align stk-2314a6b-column alignfull\">\n<div class=\"wp-block-stackable-column stk-block-column stk-column stk-block stk-1d1764d\" data-v=\"4\" data-block-id=\"1d1764d\"><div class=\"stk-column-wrapper stk-block-column__content stk-container stk-1d1764d-container stk--no-background stk--no-padding\"><div class=\"stk-block-content stk-inner-blocks stk-1d1764d-inner-blocks\"><style id=\"depicter-1-inline-pre-css\">\n\n.depicter-1:not(.depicter-ready){\n\theight:450px;\n}\n\n\/***** Tablet *****\/\n@media screen and (max-width: 1024px){\n\n.depicter-1:not(.depicter-ready){\n\theight:700px;\n}\n\n}\n\/***** Mobile *****\/\n@media screen and (max-width: 767px){\n\n.depicter-1:not(.depicter-ready){\n\theight:360px;\n}\n\n}\n<\/style>\n<div id=\"depicter-1\" class=\"depicter depicter-document depicter-revert depicter-1 depicter-layout-fullwidth\">\n\n<div class=\"depicter-loading-container depicter-loading dotFlashing-dark\"><div class=\"depicter-loading-dark depicter-dot-flashing\">\n   <span><\/span>\n   <span><\/span>\n   <span><\/span>\n<\/div>\n<\/div>\n<div id=\"depicter-1-section-1\" class=\"depicter-section depicter-1-section-1\" data-name=\"Section 1\" data-type=\"section\" data-local-id=\"section-1\">\n<picture class=\"depicter-bg\">\n<source data-depicter-srcset=\"https:\/\/www.ull.es\/doctorados\/islas-atlanticas\/wp-content\/uploads\/sites\/13\/2025\/05\/Headers-Doctorados_Doctorado-Islas-Atlanticas-768x248.jpg, https:\/\/www.ull.es\/doctorados\/islas-atlanticas\/wp-content\/uploads\/sites\/13\/2025\/05\/Headers-Doctorados_Doctorado-Islas-Atlanticas.jpg 2x\" srcset=\"data:image\/gif;base64,R0lGODlhAQABAIAAAAAAAP\/\/\/yH5BAEAAAAALAAAAAABAAEAAAIBRAA7\" media=\"(max-width: 1024px)\" \/>\n\n<source data-depicter-srcset=\"https:\/\/www.ull.es\/doctorados\/islas-atlanticas\/wp-content\/uploads\/sites\/13\/2025\/05\/Headers-Doctorados_Doctorado-Islas-Atlanticas.jpg, https:\/\/www.ull.es\/doctorados\/islas-atlanticas\/wp-content\/uploads\/sites\/13\/2025\/05\/Headers-Doctorados_Doctorado-Islas-Atlanticas-2000x645.jpg 2x\" srcset=\"data:image\/gif;base64,R0lGODlhAQABAIAAAAAAAP\/\/\/yH5BAEAAAAALAAAAAABAAEAAAIBRAA7\" media=\"(min-width: 1025px)\" \/>\n<img decoding=\"async\" src=\"data:image\/gif;base64,R0lGODlhAQABAIAAAAAAAP\/\/\/yH5BAEAAAAALAAAAAABAAEAAAIBRAA7\" data-ken-burns=\"false\" data-tablet-ken-burns=\"false\" data-mobile-ken-burns=\"false\" alt=\"\" data-depicter-src=\"https:\/\/www.ull.es\/doctorados\/islas-atlanticas\/wp-content\/uploads\/sites\/13\/2025\/05\/Headers-Doctorados_Doctorado-Islas-Atlanticas.jpg\" data-object-fit=\"custom,custom,\" data-object-position=\"center top,,\" data-crop=\"{'focalPoint':{'x':0.5,'y':0.5},'mediaSize':{'width':1395.3488372093024736386723816394805908203125,'height':450}}\" data-tablet-crop=\"{'focalPoint':{'x':0.5,'y':0.5},'mediaSize':{'width':2170.54263565891460530110634863376617431640625,'height':700}}\" data-mobile-crop=\"{'focalPoint':{'x':0.5,'y':0.5},'mediaSize':{'width':2294.57364341085258274688385426998138427734375,'height':740}}\" \/>\n<\/picture>\n\n\n<h1 id=\"depicter-1-element-5\" class=\"depicter-element depicter-layer depicter-1-element-5\" data-type=\"text\" data-wrap=\"true\" data-name=\"Text 2\" data-local-id=\"element-5\" data-offset=\"x:0px;y:139px;origin:tl\" data-tablet-offset=\"x:215px;y:194px;origin:tl\" data-mobile-offset=\"x:29px;y:102px;origin:tl\" data-width=\"1200px,auto,348px\" data-height=\"auto,auto,auto\" data-responsive-scale=\"true,,\">Programa de Doctorado en Islas Atl\u00e1nticas<\/h1>\n\n<div id=\"depicter-1-element-10\" class=\"depicter-element depicter-layer depicter-1-element-10\" data-type=\"shape\" data-wrap=\"true\" data-name=\"Shape 1\" data-local-id=\"element-10\" data-offset=\"x:0px;y:312px;origin:tl\" data-tablet-offset=\"x:215px;y:361px;origin:tl\" data-mobile-offset=\"x:29px;y:301px;origin:tl\" data-width=\"1171px,647px,282px\" data-height=\"8px,8px,8px\" data-responsive-scale=\"true,,\"><\/div>\n<\/div>\n<\/div>\n<script>\n(window.depicterSetups = window.depicterSetups || []).push(function(){\n\tDepicter.basePath = 'https:\/\/www.ull.es\/doctorados\/islas-atlanticas\/wp-content\/plugins\/depicter\/resources\/scripts\/player\/';\n\tconst dpPlayer = Depicter.setup('.depicter-1',\n\t\t{\"width\":[\"1200\",\"1024\",\"360\"],\"height\":[\"450\",\"700\",\"360\"],\"view\":\"basic\",\"keepAspectRatio\":true,\"preload\":0,\"layout\":\"fullwidth\",\"rtl\":false,\"initAfterAppear\":false,\"ajaxApiUrl\":\"https:\\\/\\\/www.ull.es\\\/doctorados\\\/islas-atlanticas\\\/wp-admin\\\/admin-ajax.php\",\"mouseSwipe\":true,\"touchSwipe\":true,\"useWatermark\":false}\n\t);\n});\n<\/script><\/div><\/div><\/div>\n<\/div><\/div>\n\n\n\n<div class=\"wp-block-stackable-columns alignfull stk-block-columns stk--hide-mobile stk-block stk-6394276 stk-block-background\" data-block-id=\"6394276\"><style>.stk-6394276 {background-color:#f33f4e !important;padding-top:10px !important;margin-bottom:0px !important;}.stk-6394276:before{background-color:#f33f4e !important;}<\/style><div class=\"stk-row stk-inner-blocks stk-block-content stk-content-align stk-6394276-column alignfull\">\n<div class=\"wp-block-stackable-column stk-block-column stk-column stk-block stk-8a66885\" data-v=\"4\" data-block-id=\"8a66885\"><div class=\"stk-column-wrapper stk-block-column__content stk-container stk-8a66885-container stk--no-background stk--no-padding\"><div class=\"stk-block-content stk-inner-blocks stk-8a66885-inner-blocks\">\n<div class=\"wp-block-stackable-spacer stk-block-spacer stk--no-padding stk-block stk-bc89b3e\" data-block-id=\"bc89b3e\"><style>.stk-bc89b3e {height:0px !important;}<\/style><\/div>\n<\/div><\/div><\/div>\n<\/div><\/div>\n\n\n\n<div class=\"wp-block-stackable-columns stk-block-columns stk-block stk-8b59b96\" data-block-id=\"8b59b96\"><style>.stk-8b59b96 .stk--block-align-8b59b96{align-items:flex-start !important;}.stk-8b59b96 {margin-top:50px !important;}.stk-8b59b96-column{--stk-columns-spacing:0px !important;--stk-column-gap:50px !important;}<\/style><div class=\"stk-row stk-inner-blocks stk--block-align-8b59b96 stk-block-content stk-content-align stk-8b59b96-column\">\n<div class=\"wp-block-stackable-column stk-block-column stk-column stk-block stk-dbb7e15\" data-v=\"4\" data-block-id=\"dbb7e15\"><style>@media screen and (min-width: 768px){.stk-dbb7e15 {flex:var(--stk-flex-grow, 1) 1 66.7% !important;}}<\/style><div class=\"stk-column-wrapper stk-block-column__content stk-container stk-dbb7e15-container stk--no-background stk--no-padding\"><div class=\"stk-block-content stk-inner-blocks stk-dbb7e15-inner-blocks\">\n<div class=\"wp-block-stackable-heading stk-block-heading stk-block-heading--v2 stk-block stk-cc0239e\" id=\"complementos-de-formacion\" data-block-id=\"cc0239e\"><style>.stk-cc0239e .stk-block-heading__text{color:#000000 !important;font-weight:500 !important;}<\/style><h1 class=\"stk-block-heading__text has-text-color\">Supervisi\u00f3n de tesis<\/h1><\/div>\n\n\n\n<div class=\"wp-block-stackable-text stk-block-text stk-block stk-022d17b\" data-block-id=\"022d17b\"><p class=\"stk-block-text__text\"><strong>Actividades previstas para fomentar la direcci\u00f3n de Tesis doctorales y gu\u00eda de Buenas pr\u00e1cticas<\/strong><\/p><\/div>\n\n\n\n<p>La organizaci\u00f3n del programa de doctorado requiere de una serie de acciones previas que los responsables del t\u00edtulo han contemplado con diferentes&nbsp;intensidades, dado que el t\u00edtulo que se propone tiene un amplio bagaje al recoger la experiencia previa de los diversos programas de doctorado antecedentes. Estas acciones previas son la difusi\u00f3n del programa de doctorado entre potenciales doctorandos; el fomento de la direcci\u00f3n de tesis y la supervisi\u00f3n&nbsp;de la codirecci\u00f3n de tesis.<\/p>\n\n\n\n<p>La Comisi\u00f3n Acad\u00e9mica del programa de doctorado ser\u00e1 la encargada de planificar las actividades para fomentar la realizaci\u00f3n de tesis doctorales. Estas actividades se centrar\u00e1n en presentar las l\u00edneas de investigaci\u00f3n; la capacidad y experiencia de los equipos investigadores; la variedad de enfoques,&nbsp;perspectivas e interdisciplinariedad de la investigaci\u00f3n en cada l\u00ednea; y, por \u00faltimo, la difusi\u00f3n de los resultados de las tesis doctorales le\u00eddas en los \u00faltimos a\u00f1os. Adem\u00e1s, se mostrar\u00e1 la repercusi\u00f3n laboral del t\u00edtulo de doctor. Para cumplir con este objetivo la Comisi\u00f3n reforzar\u00e1 las l\u00edneas de actuaci\u00f3n conducentes a la difusi\u00f3n del Programa, de modo preferente en las universidades canarias y en Madera y Azores.<\/p>\n\n\n\n<p>La direcci\u00f3n de tesis en el doctorado ISLAS ATL\u00c1NTICAS: Historia, Patrimonio y Marco Jur\u00eddico e Institucional se rige por el C\u00f3digo de Buenas Pr\u00e1cticas<\/p>\n\n\n\n<p>de la Escuela de Doctorado de la ULPGC y el art\u00edculo 6 (Derechos y obligaciones del doctorando, el tutor y el director de la Tesis doctoral) del Reglamento&nbsp;de Estudios de Doctorado de la Universidad de Las Palmas de Gran Canaria. En estos documentos se establecen los derechos y obligaciones&nbsp;de los doctorandos, tutores y directores:<\/p>\n\n\n\n<ul class=\"wp-block-list\">\n<li>Son derechos del doctorando, adem\u00e1s de todos los derechos contemplados en la normativa vigente y, en particular, en el Estatuto del Estudiante y en el Estatuto del Personal Investigador en Formaci\u00f3n, los siguientes: a) Todo doctorando tendr\u00e1 garantizada la igualdad de derechos y deberes, independientemente del Programa de Doctorado en el que se encuentre matriculado. b) Tal igualdad se ejercer\u00e1 siempre bajo el principio general de la corresponsabilidad universitaria, entendida como la reciprocidad en el ejercicio de los derechos y libertades y el respeto de las personas y de la instituci\u00f3n universitaria como bien com\u00fan de todos cuantos la integran. c) El doctorando tendr\u00e1 derecho a recibir de la ULPGC, la informaci\u00f3n general de su inter\u00e9s, y, en particular, la correspondiente a los derechos que le corresponden como doctorandos. d) El doctorando podr\u00e1 colaborar en tareas docentes de acuerdo con la normativa vigente. e) Dentro de los t\u00e9rminos previstos por la ley y las normas de la Universidad de Las Palmas de Gran Canaria, en los t\u00e9rminos establecidos en la normativa vigente, el doctorando tendr\u00e1 derecho a solicitar que se reconozcan los conocimientos, las competencias o la experiencia profesional adquirida con car\u00e1cter previo a su ingreso en el Programa de Doctorado correspondiente. Dicho reconocimiento ser\u00e1 incluido, en su caso, en el Suplemento al T\u00edtulo.<\/li>\n\n\n\n<li>&nbsp;El doctorando tiene los siguientes derechos comunes, individuales o colectivos: a) a ser informado de las normas referentes a la evaluaci\u00f3n y seguimiento de las actividades de formaci\u00f3n. b) a una evaluaci\u00f3n, conforme a criterios p\u00fablicos, objetivos, transparentes y preestablecidos, de sus actividades de formaci\u00f3n, que tenga en cuenta la creatividad global de los trabajos y resultados de investigaci\u00f3n en forma de publicaciones, patentes y otros, y que se tenga en consideraci\u00f3n en el contexto de su evoluci\u00f3n formativa. c) a figurar, en los t\u00e9rminos que se establecen en la legislaci\u00f3n vigente sobre la materia, como autor o coautor en todos los trabajos, art\u00edculos o comunicaciones en los que haya participado durante su formaci\u00f3n doctoral, particularmente los que se produzcan a partir de los resultados de su tesis doctoral o en otros en los que se expongan resultados de la investigaci\u00f3n en los que su aportaci\u00f3n pueda considerarse sustancial y efectiva. d) a ser reconocido, en los t\u00e9rminos que se establecen en la legislaci\u00f3n vigente sobre la materia, como titular o cotitular de los derechos de propiedad intelectual que se produzcan a partir de los resultados de las investigaciones en las que haya participado durante su formaci\u00f3n doctoral, particularmente los que se produzcan a partir de los resultados de su tesis doctoral o de otros que se produzcan a partir de resultados de la investigaci\u00f3n en los que su aportaci\u00f3n pueda considerarse sustancial y efectiva. e) a utilizar la denominaci\u00f3n de las entidades para las que presta servicios en la realizaci\u00f3n de su actividad cient\u00edfica.<\/li>\n\n\n\n<li>El doctorando tiene derecho, adem\u00e1s: a) a contar con un tutor que oriente su proceso formativo y a un director, y en su caso codirector, con experiencia investigadora acreditada, que supervise la realizaci\u00f3n de la tesis doctoral. b) a que la Universidad de Las Palmas de Gran Canaria, promueva en sus programas de doctorado la integraci\u00f3n de los doctorandos en grupos y redes de investigaci\u00f3n. c) a ser reconocido como profesional de la investigaci\u00f3n y a que la Universidad de Las Palmas de Gran Canaria promueva en sus programas oportunidades de desarrollo de la carrera investigadora en el \u00e1mbito p\u00fablico y privado. D) a participar en programas y convocatorias de ayudas para la formaci\u00f3n investigadora y para la movilidad nacional e internacional, as\u00ed como intersectorial, interdisciplinaria y virtual. e) a la libertad para proponer los m\u00e9todos de resoluci\u00f3n de problemas, dentro del marco&nbsp;de las pr\u00e1cticas y los principios \u00e9ticos reconocidos y de la normativa aplicable sobre propiedad intelectual, teniendo en cuenta las limitaciones derivadas&nbsp;de las circunstancias de la investigaci\u00f3n y el entorno, de las actividades de supervisi\u00f3n, orientaci\u00f3n y gesti\u00f3n, de las limitaciones presupuestarias,&nbsp;o de las infraestructuras. F) a que se reconozca y valore positivamente la coautor\u00eda como demostraci\u00f3n de un planteamiento constructivo de la pr\u00e1ctica&nbsp;en la investigaci\u00f3n.<\/li>\n\n\n\n<li>Obligaciones del doctorando: El doctorando est\u00e1 obligado a desarrollar los estudios de doctorado y a llevar a cabo la investigaci\u00f3n objeto del proyecto&nbsp;de tesis&nbsp;en el marco que establece la normativa aplicable, bajo la supervisi\u00f3n del director y el tutor. En particular: a) Realizar los complementos de formaci\u00f3n&nbsp;que, en su caso, se hayan podido establecer, y que se concretar\u00e1n en el documento de actividades del doctorando. b) Informar al tutor de los avances&nbsp;en su proceso de formaci\u00f3n y consecuci\u00f3n de los objetivos de su documento de actividades personalizado. c) Informar al director regularmente de la&nbsp;evoluci\u00f3n de su investigaci\u00f3n, de los problemas que se le puedan plantear en su desarrollo y de los resultados obtenidos. d) Seguir las indicaciones&nbsp;que le haga su director de tesis sobre la labor&nbsp;de investigaci\u00f3n. e) Velar por el correcto uso de las instalaciones y del material que se le facilite con el objeto de llevar a cabo su actividad investigadora. f) Dedicarse a la realizaci\u00f3n de la tesis doctoral en el r\u00e9gimen de dedicaci\u00f3n que proceda en cada caso. g) Publicar y\/o patentar los resultados de su&nbsp;investigaci\u00f3n. h) Someterse a la evaluaci\u00f3n de la actividad realizada en el plazo previsto reglamentariamente.<\/li>\n\n\n\n<li>Son derechos del Tutor: a) El uso de instalaciones acad\u00e9micas adecuadas y accesibles, y disponer de los medios materiales adecuados para su actividad&nbsp;como tutor. b) El reconocimiento acad\u00e9mico de sus actividades de tutor\u00eda en el marco estatutario de la Universidad de Las Palmas de Gran Canaria.&nbsp;c) Participar en las actividades de formaci\u00f3n para tutores que sean ofertadas por la ULPGC para cumplir con responsabilidad las funciones de&nbsp;supervisi\u00f3n de sus doctorandos. d) Todos aquellos derechos que le sean reconocidos en la legislaci\u00f3n general, en la normativa de la Comunidad Aut\u00f3noma&nbsp;de Canarias y en los Estatutos y normas propias de la Universidad de Las Palmas de Gran Canaria.<\/li>\n\n\n\n<li>El Tutor est\u00e1 obligado a: a) Asistir a sus doctorandos en su proceso de formaci\u00f3n, facilitando la informaci\u00f3n, orientaci\u00f3n y recursos para el aprendizaje.&nbsp;b) Facilitar la configuraci\u00f3n del itinerario curricular de sus doctorandos. c) Revisar regularmente el documento de actividades personalizado de sus&nbsp;doctorandos.&nbsp;d) Informar y avalar, peri\u00f3dicamente, el plan de investigaci\u00f3n de sus doctorandos. e) Estimular la transici\u00f3n de sus doctorandos al mundo laboral, el&nbsp;desarrollo inicial de la carrera profesional y el acceso a la formaci\u00f3n continua. f) Atender las necesidades de sus doctorandos con discapacidad, de&nbsp;acuerdo con las pautas establecidas por la Universidad de Las Palmas de Gran Canaria.<\/li>\n\n\n\n<li>El Director de Tesis tiene derecho a: a) El uso de instalaciones acad\u00e9micas adecuadas y accesibles y a disponer de los medios materiales adecuados&nbsp;para su actividad como director de tesis. b) El reconocimiento acad\u00e9mico de sus actividades de direcci\u00f3n de tesis en el marco normativo de la Universidad&nbsp;de Las Palmas de Gran Canaria. c) Participar en las actividades de formaci\u00f3n para directores de tesis que sean ofertadas por la ULPGC para cumplir&nbsp;con responsabilidad las funciones de supervisi\u00f3n de sus doctorandos. d) Todos aquellos derechos que le sean reconocidos en la legislaci\u00f3n general,&nbsp;en la normativa de la Comunidad Aut\u00f3noma de Canarias y en los Estatutos y normas propias de la Universidad de Las Palmas de Gran Canaria y&nbsp;de La Laguna.<\/li>\n\n\n\n<li>Son obligaciones de los directores de tesis: a) Establecer una relaci\u00f3n constructiva y positiva con sus doctorandos, a fin de crear las condiciones necesarias<br>para una transferencia eficaz de conocimientos y para el buen desarrollo de sus carreras como investigadores. b) Revisar regularmente el documento&nbsp;de actividades personalizado de sus doctorandos. c) Informar y avalar, peri\u00f3dicamente, el plan de investigaci\u00f3n de sus doctorandos. d) Velar&nbsp;por que sus doctorandos conozcan los objetivos estrat\u00e9gicos que rigen su \u00e1mbito de actividad y los mecanismos de financiaci\u00f3n. e) Velar por que se&nbsp;disponga de todos los permisos necesarios antes de iniciar su labor o acceder a los recursos proporcionados. f) Velar por que los resultados de investigaci\u00f3n&nbsp;de sus doctorandos sean fruct\u00edferos y se difundan mediante publicaciones con indicios de calidad o, si procede, comercializaci\u00f3n. g) Facilitar la&nbsp;divulgaci\u00f3n a la sociedad de las actividades de investigaci\u00f3n de sus doctorandos. h) Velar por que sus doctorandos sigan, en todo momento, pr\u00e1cticas&nbsp;de trabajo seguras, conformes a la legislaci\u00f3n vigente, as\u00ed como que cumplan con las exigencias legales en materia de protecci\u00f3n de datos y de confidencialidad.&nbsp;I) Atender las necesidades de sus doctorandos con discapacidad, de acuerdo con las pautas establecidas por la Universidad de Las Palmas&nbsp;de Gran Canaria y de La Laguna.<\/li>\n<\/ul>\n\n\n\n<p>En cuanto a la ampliaci\u00f3n de informaci\u00f3n relativa al fomento de direcci\u00f3n y codirecci\u00f3n de tesis doctorales, el programa tiene previsto ofrecer en sus&nbsp;seminarios de formaci\u00f3n e investigaci\u00f3n un cat\u00e1logo de posibles tesis doctorales, fomentando especialmente los estudios comparados entre los distintos&nbsp;archipi\u00e9lagos que ser\u00edan cotutelados por profesores pertenecientes a varias Universidades.<\/p>\n\n\n\n<p><strong>Actividades Previstas por el programa que fomenten la supervisi\u00f3n multiple<\/strong><\/p>\n\n\n\n<p>Semestralmente la CAPD evaluar\u00e1 el plan de investigaci\u00f3n y el documento de actividades, para lo cual dispondr\u00e1 de los informes de resultados de los&nbsp;seminarios de investigaci\u00f3n y los que a tal efecto deber\u00e1n emitir el tutor y el director. La evaluaci\u00f3n positiva ser\u00e1 requisito indispensable para continuar&nbsp;en el programa. En el caso de evaluaci\u00f3n negativa, que ser\u00e1 debidamente motivada, el doctorando deber\u00e1 ser de nuevo evaluado en el plazo de seis&nbsp;meses; y para esto elaborar\u00e1 un nuevo Plan de Investigaci\u00f3n. En el supuesto de producirse una nueva evaluaci\u00f3n negativa, el doctorando causar\u00e1 baja&nbsp;definitiva en el Programa. La CAPD se reunir\u00e1 al menos semestralmente a lo largo del programa con todos los doctorandos para controlar el seguimiento&nbsp;de la labor realizada hasta ese momento en los seminarios de investigaci\u00f3n.<\/p>\n\n\n\n<p><strong>Presencia de expertos internacionales<\/strong><\/p>\n\n\n\n<p>El programa de doctorado tiene previsto la participaci\u00f3n de expertos internacionales de reconocido prestigio en las comisiones de seguimiento.<\/p>\n<\/div><\/div><\/div>\n\n\n\n<div class=\"wp-block-stackable-column stk-block-column stk-column stk-block stk-53ec762\" data-v=\"4\" data-block-id=\"53ec762\"><style>.stk-53ec762-inner-blocks{row-gap:0px !important;}.stk-53ec762 {padding-top:0px !important;padding-right:0px !important;padding-bottom:0px !important;padding-left:0px !important;}@media screen and (min-width: 768px){.stk-53ec762 {flex:var(--stk-flex-grow, 1) 1 33.3% !important;}}<\/style><div class=\"stk-column-wrapper stk-block-column__content stk-container stk-53ec762-container stk--no-background stk--no-padding\"><div class=\"stk-block-content stk-inner-blocks stk-53ec762-inner-blocks\">\n\n<ul class=\"widget-box\">\n<li class='contacto-header'>Informaci\u00f3n de contacto<\/li><li><i class=\"fa fa-map-marker\"><\/i> Avda. Astrof\u00edsico Francisco S\u00e1nchez, SN. Edificio Calabaza \u2013 AN.2D Apdo. 456 38200 San Crist\u00f3bal de La Laguna<\/li><li><i class=\"fa fa-envelope\"><\/i>  <a href=mailto:doctorado.islasatlanticas@ull.es>doctorado.islasatlanticas@ull.es<\/a><\/li><li><i class=\"fa fa-calendar\"><\/i><a href=\"http:\/\/citaprevia.ull.es\/index.php?s=edpo\"> Cita previa<\/a><\/li>\n<\/ul>\n\n\n<\/div><\/div><\/div>\n<\/div><\/div>\n","protected":false},"excerpt":{"rendered":"<p>Supervisi\u00f3n de tesis Actividades previstas para fomentar la direcci\u00f3n de Tesis doctorales y gu\u00eda de Buenas pr\u00e1cticas La organizaci\u00f3n del programa de doctorado requiere de una serie de acciones previas que los responsables del t\u00edtulo han contemplado con diferentes&nbsp;intensidades, dado que el t\u00edtulo que se propone tiene un amplio bagaje al recoger la experiencia previa&#8230;<\/p>\n","protected":false},"author":1,"featured_media":0,"parent":27,"menu_order":0,"comment_status":"closed","ping_status":"closed","template":"templates\/template-frontpage.php","meta":{"_acf_changed":false,"footnotes":""},"class_list":["post-70","page","type-page","status-publish","hentry"],"acf":[],"publishpress_future_action":{"enabled":false,"date":"2026-04-17 04:16:04","action":"change-status","newStatus":"draft","terms":[],"taxonomy":"","extraData":[]},"publishpress_future_workflow_manual_trigger":{"enabledWorkflows":[]},"_links":{"self":[{"href":"https:\/\/www.ull.es\/doctorados\/islas-atlanticas\/wp-json\/wp\/v2\/pages\/70","targetHints":{"allow":["GET"]}}],"collection":[{"href":"https:\/\/www.ull.es\/doctorados\/islas-atlanticas\/wp-json\/wp\/v2\/pages"}],"about":[{"href":"https:\/\/www.ull.es\/doctorados\/islas-atlanticas\/wp-json\/wp\/v2\/types\/page"}],"author":[{"embeddable":true,"href":"https:\/\/www.ull.es\/doctorados\/islas-atlanticas\/wp-json\/wp\/v2\/users\/1"}],"replies":[{"embeddable":true,"href":"https:\/\/www.ull.es\/doctorados\/islas-atlanticas\/wp-json\/wp\/v2\/comments?post=70"}],"version-history":[{"count":6,"href":"https:\/\/www.ull.es\/doctorados\/islas-atlanticas\/wp-json\/wp\/v2\/pages\/70\/revisions"}],"predecessor-version":[{"id":392,"href":"https:\/\/www.ull.es\/doctorados\/islas-atlanticas\/wp-json\/wp\/v2\/pages\/70\/revisions\/392"}],"up":[{"embeddable":true,"href":"https:\/\/www.ull.es\/doctorados\/islas-atlanticas\/wp-json\/wp\/v2\/pages\/27"}],"wp:attachment":[{"href":"https:\/\/www.ull.es\/doctorados\/islas-atlanticas\/wp-json\/wp\/v2\/media?parent=70"}],"curies":[{"name":"wp","href":"https:\/\/api.w.org\/{rel}","templated":true}]}}