{"id":72,"date":"2018-02-22T13:28:20","date_gmt":"2018-02-22T13:28:20","guid":{"rendered":"http:\/\/www.ull.es\/doctorados\/islas-atlanticas\/?page_id=72"},"modified":"2025-08-20T10:52:11","modified_gmt":"2025-08-20T10:52:11","slug":"seguimiento-doctorando","status":"publish","type":"page","link":"https:\/\/www.ull.es\/doctorados\/islas-atlanticas\/organizacion-del-programa\/seguimiento-doctorando\/","title":{"rendered":"Seguimiento del doctorando"},"content":{"rendered":"\n<div class=\"wp-block-stackable-columns alignfull stk-block-columns stk-block stk-2314a6b\" data-block-id=\"2314a6b\"><style>.stk-2314a6b {padding-bottom:0px !important;margin-top:-100px !important;margin-bottom:0px !important;}<\/style><div class=\"stk-row stk-inner-blocks stk-block-content stk-content-align stk-2314a6b-column alignfull\">\n<div class=\"wp-block-stackable-column stk-block-column stk-column stk-block stk-1d1764d\" data-v=\"4\" data-block-id=\"1d1764d\"><div class=\"stk-column-wrapper stk-block-column__content stk-container stk-1d1764d-container stk--no-background stk--no-padding\"><div class=\"stk-block-content stk-inner-blocks stk-1d1764d-inner-blocks\"><style id=\"depicter-1-inline-pre-css\">\n\n.depicter-1:not(.depicter-ready){\n\theight:450px;\n}\n\n\/***** Tablet *****\/\n@media screen and (max-width: 1024px){\n\n.depicter-1:not(.depicter-ready){\n\theight:700px;\n}\n\n}\n\/***** Mobile *****\/\n@media screen and (max-width: 767px){\n\n.depicter-1:not(.depicter-ready){\n\theight:360px;\n}\n\n}\n<\/style>\n<div id=\"depicter-1\" class=\"depicter depicter-document depicter-revert depicter-1 depicter-layout-fullwidth\">\n\n<div class=\"depicter-loading-container depicter-loading dotFlashing-dark\"><div class=\"depicter-loading-dark depicter-dot-flashing\">\n   <span><\/span>\n   <span><\/span>\n   <span><\/span>\n<\/div>\n<\/div>\n<div id=\"depicter-1-section-1\" class=\"depicter-section depicter-1-section-1\" data-name=\"Section 1\" data-type=\"section\" data-local-id=\"section-1\">\n<picture class=\"depicter-bg\">\n<source data-depicter-srcset=\"https:\/\/www.ull.es\/doctorados\/islas-atlanticas\/wp-content\/uploads\/sites\/13\/2025\/05\/Headers-Doctorados_Doctorado-Islas-Atlanticas-768x248.jpg, https:\/\/www.ull.es\/doctorados\/islas-atlanticas\/wp-content\/uploads\/sites\/13\/2025\/05\/Headers-Doctorados_Doctorado-Islas-Atlanticas.jpg 2x\" srcset=\"data:image\/gif;base64,R0lGODlhAQABAIAAAAAAAP\/\/\/yH5BAEAAAAALAAAAAABAAEAAAIBRAA7\" media=\"(max-width: 1024px)\" \/>\n\n<source data-depicter-srcset=\"https:\/\/www.ull.es\/doctorados\/islas-atlanticas\/wp-content\/uploads\/sites\/13\/2025\/05\/Headers-Doctorados_Doctorado-Islas-Atlanticas.jpg, https:\/\/www.ull.es\/doctorados\/islas-atlanticas\/wp-content\/uploads\/sites\/13\/2025\/05\/Headers-Doctorados_Doctorado-Islas-Atlanticas-2000x645.jpg 2x\" srcset=\"data:image\/gif;base64,R0lGODlhAQABAIAAAAAAAP\/\/\/yH5BAEAAAAALAAAAAABAAEAAAIBRAA7\" media=\"(min-width: 1025px)\" \/>\n<img decoding=\"async\" src=\"data:image\/gif;base64,R0lGODlhAQABAIAAAAAAAP\/\/\/yH5BAEAAAAALAAAAAABAAEAAAIBRAA7\" data-ken-burns=\"false\" data-tablet-ken-burns=\"false\" data-mobile-ken-burns=\"false\" alt=\"\" data-depicter-src=\"https:\/\/www.ull.es\/doctorados\/islas-atlanticas\/wp-content\/uploads\/sites\/13\/2025\/05\/Headers-Doctorados_Doctorado-Islas-Atlanticas.jpg\" data-object-fit=\"custom,custom,\" data-object-position=\"center top,,\" data-crop=\"{'focalPoint':{'x':0.5,'y':0.5},'mediaSize':{'width':1395.3488372093024736386723816394805908203125,'height':450}}\" data-tablet-crop=\"{'focalPoint':{'x':0.5,'y':0.5},'mediaSize':{'width':2170.54263565891460530110634863376617431640625,'height':700}}\" data-mobile-crop=\"{'focalPoint':{'x':0.5,'y':0.5},'mediaSize':{'width':2294.57364341085258274688385426998138427734375,'height':740}}\" \/>\n<\/picture>\n\n\n<h1 id=\"depicter-1-element-5\" class=\"depicter-element depicter-layer depicter-1-element-5\" data-type=\"text\" data-wrap=\"true\" data-name=\"Text 2\" data-local-id=\"element-5\" data-offset=\"x:0px;y:139px;origin:tl\" data-tablet-offset=\"x:215px;y:194px;origin:tl\" data-mobile-offset=\"x:29px;y:102px;origin:tl\" data-width=\"1200px,auto,348px\" data-height=\"auto,auto,auto\" data-responsive-scale=\"true,,\">Programa de Doctorado en Islas Atl\u00e1nticas<\/h1>\n\n<div id=\"depicter-1-element-10\" class=\"depicter-element depicter-layer depicter-1-element-10\" data-type=\"shape\" data-wrap=\"true\" data-name=\"Shape 1\" data-local-id=\"element-10\" data-offset=\"x:0px;y:312px;origin:tl\" data-tablet-offset=\"x:215px;y:361px;origin:tl\" data-mobile-offset=\"x:29px;y:301px;origin:tl\" data-width=\"1171px,647px,282px\" data-height=\"8px,8px,8px\" data-responsive-scale=\"true,,\"><\/div>\n<\/div>\n<\/div>\n<script>\n(window.depicterSetups = window.depicterSetups || []).push(function(){\n\tDepicter.basePath = 'https:\/\/www.ull.es\/doctorados\/islas-atlanticas\/wp-content\/plugins\/depicter\/resources\/scripts\/player\/';\n\tconst dpPlayer = Depicter.setup('.depicter-1',\n\t\t{\"width\":[\"1200\",\"1024\",\"360\"],\"height\":[\"450\",\"700\",\"360\"],\"view\":\"basic\",\"keepAspectRatio\":true,\"preload\":0,\"layout\":\"fullwidth\",\"rtl\":false,\"initAfterAppear\":false,\"ajaxApiUrl\":\"https:\\\/\\\/www.ull.es\\\/doctorados\\\/islas-atlanticas\\\/wp-admin\\\/admin-ajax.php\",\"mouseSwipe\":true,\"touchSwipe\":true,\"useWatermark\":false}\n\t);\n});\n<\/script><\/div><\/div><\/div>\n<\/div><\/div>\n\n\n\n<div class=\"wp-block-stackable-columns alignfull stk-block-columns stk--hide-mobile stk-block stk-6394276 stk-block-background\" data-block-id=\"6394276\"><style>.stk-6394276 {background-color:#f33f4e !important;padding-top:10px !important;margin-bottom:0px !important;}.stk-6394276:before{background-color:#f33f4e !important;}<\/style><div class=\"stk-row stk-inner-blocks stk-block-content stk-content-align stk-6394276-column alignfull\">\n<div class=\"wp-block-stackable-column stk-block-column stk-column stk-block stk-8a66885\" data-v=\"4\" data-block-id=\"8a66885\"><div class=\"stk-column-wrapper stk-block-column__content stk-container stk-8a66885-container stk--no-background stk--no-padding\"><div class=\"stk-block-content stk-inner-blocks stk-8a66885-inner-blocks\">\n<div class=\"wp-block-stackable-spacer stk-block-spacer stk--no-padding stk-block stk-bc89b3e\" data-block-id=\"bc89b3e\"><style>.stk-bc89b3e {height:0px !important;}<\/style><\/div>\n<\/div><\/div><\/div>\n<\/div><\/div>\n\n\n\n<div class=\"wp-block-stackable-columns stk-block-columns stk-block stk-8b59b96\" data-block-id=\"8b59b96\"><style>.stk-8b59b96 .stk--block-align-8b59b96{align-items:flex-start !important;}.stk-8b59b96 {margin-top:50px !important;}.stk-8b59b96-column{--stk-columns-spacing:0px !important;--stk-column-gap:50px !important;}<\/style><div class=\"stk-row stk-inner-blocks stk--block-align-8b59b96 stk-block-content stk-content-align stk-8b59b96-column\">\n<div class=\"wp-block-stackable-column stk-block-column stk-column stk-block stk-dbb7e15\" data-v=\"4\" data-block-id=\"dbb7e15\"><style>@media screen and (min-width: 768px){.stk-dbb7e15 {flex:var(--stk-flex-grow, 1) 1 66.7% !important;}}<\/style><div class=\"stk-column-wrapper stk-block-column__content stk-container stk-dbb7e15-container stk--no-background stk--no-padding\"><div class=\"stk-block-content stk-inner-blocks stk-dbb7e15-inner-blocks\">\n<div class=\"wp-block-stackable-heading stk-block-heading stk-block-heading--v2 stk-block stk-cc0239e\" id=\"complementos-de-formacion\" data-block-id=\"cc0239e\"><style>.stk-cc0239e .stk-block-heading__text{color:#000000 !important;font-weight:500 !important;}<\/style><h1 class=\"stk-block-heading__text has-text-color\">Seguimiento del doctorando<\/h1><\/div>\n\n\n\n<p><strong>Composici\u00f3n de la Comisi\u00f3n Acad\u00e9mica<\/strong><\/p>\n\n\n\n<p>La organizaci\u00f3n, dise\u00f1o y coordinaci\u00f3n de las estrategias de investigaci\u00f3n y de las actividades de formaci\u00f3n e investigaci\u00f3n del programa de doctorado&nbsp;ser\u00e1n responsabilidad de la Comisi\u00f3n Acad\u00e9mica del Doctorado ISLAS ATL\u00c1NTICAS: Historia, Patrimonio y Marco Jur\u00eddico e Institucional. De acuerdo&nbsp;con el Real Decreto 99\/2011, la Comisi\u00f3n Acad\u00e9mica estar\u00e1 formada por 10 miembros de acuerdo con el art\u00edculo 11 del Real decreto, distribuidos de la&nbsp;siguiente forma:<\/p>\n\n\n\n<ul class=\"wp-block-list\">\n<li>El coordinador del programa de doctorado.<\/li>\n\n\n\n<li>Siete investigadores doctores en representaci\u00f3n de las l\u00edneas de investigaci\u00f3n del programa de doctorado que deber\u00e1n representar adecuadamente la&nbsp;diversidad de enfoques de cada una de las l\u00edneas de investigaci\u00f3n y de cada una de las universidades participantes.<\/li>\n\n\n\n<li>Dos investigadores doctores externos de reconocido prestigio.<\/li>\n<\/ul>\n\n\n\n<p>El coordinador del programa de doctorado ser\u00e1 elegido entre los miembros de la ULPGC que formen parte de la Comisi\u00f3n acad\u00e9mica.<\/p>\n\n\n\n<p>La renovaci\u00f3n de la Comisi\u00f3n Acad\u00e9mica se realizar\u00e1 en los siguientes t\u00e9rminos:<\/p>\n\n\n\n<p>La Comisi\u00f3n Acad\u00e9mica revisar\u00e1 la asignaci\u00f3n de representantes por l\u00ednea de investigaci\u00f3n y la representaci\u00f3n de las instituciones externas cada tres&nbsp;a\u00f1os.<\/p>\n\n\n\n<p>La Comisi\u00f3n Acad\u00e9mica renovar\u00e1 la mitad de los representantes por l\u00ednea de investigaci\u00f3n cada tres a\u00f1os.<\/p>\n\n\n\n<p><strong>Procedimiento utilizado para la asignaci\u00f3n de tutor y direcci\u00f3n de tesis<\/strong><\/p>\n\n\n\n<p>Para la elaboraci\u00f3n de la tesis doctoral, la comisi\u00f3n acad\u00e9mica responsable del Programa de Doctorado asignar\u00e1 al doctorando un tutor al formalizar la&nbsp;matr\u00edcula en el Programa de doctorado (Impreso Asignaci\u00f3n de Tutor, Director y Tema Tesis).<\/p>\n\n\n\n<ul class=\"wp-block-list\">\n<li>As\u00ed mismo, la comisi\u00f3n acad\u00e9mica responsable del Programa de Doctorado asignar\u00e1 al doctorando un Director de Tesis, en un plazo no superior a seis meses, desde la formalizaci\u00f3n de la matr\u00edcula. De acuerdo con \u00e9ste y el propio doctorando, se asignar\u00e1 a este \u00faltimo una l\u00ednea de investigaci\u00f3n en la que se desarrollar\u00e1 la Tesis Doctoral (Impreso Asignaci\u00f3n de Tutor, Director y Tema Tesis).<\/li>\n\n\n\n<li>Previa autorizaci\u00f3n de la Comisi\u00f3n Acad\u00e9mica, la tesis podr\u00e1 ser codirigida por otro doctor, exclusivamente por razones de \u00edndole acad\u00e9mica (la interdisciplinariedad tem\u00e1tica, los programas desarrollados en colaboraci\u00f3n nacional o internacional, la incorporaci\u00f3n de investigadores noveles a la direcci\u00f3n de tesis doctorales u otras circunstancias adecuadamente justificadas).<\/li>\n\n\n\n<li>La asignaci\u00f3n de tutor, director y tema de tesis se realizar\u00e1, en cualquier caso, con una antelaci\u00f3n m\u00ednima de un a\u00f1o respecto a la presentaci\u00f3n de la tesis a dep\u00f3sito. Esta asignaci\u00f3n ser\u00e1 necesaria para la matr\u00edcula del doctorando en la tutela acad\u00e9mica en fase de tesis (Impreso Asignaci\u00f3n de Tutor, Director y Tema Tesis).<\/li>\n\n\n\n<li>Los cambios sustanciales de estos elementos (Tutor, Director y l\u00ednea de investigaci\u00f3n), requerir\u00e1 la aprobaci\u00f3n por parte de la comisi\u00f3n acad\u00e9mica responsable del Programa de Doctorado y del Vicerrectorado con competencias en estudios de Doctorado, \u00f3rgano ante el que ser\u00e1n presentadas las solicitudes correspondientes. La Comisi\u00f3n Acad\u00e9mica del Programa de Doctorado prev\u00e9 la resoluci\u00f3n de las solicitudes de cambio en un plazo m\u00e1ximo de dos meses.<\/li>\n\n\n\n<li>El encargo acad\u00e9mico asignado por la tutela de tesis doctorales y por la direcci\u00f3n y codirecci\u00f3n de tesis doctorales ser\u00e1 el que establezca el reglamento de Planificaci\u00f3n Acad\u00e9mica de la ULPGC.<\/li>\n\n\n\n<li>El tutor del doctorando es el investigador encargado de velar por la interacci\u00f3n del doctorando con la Comisi\u00f3n Acad\u00e9mica del Programa de Doctorado.<\/li>\n<\/ul>\n\n\n\n<p>Asimismo, ser\u00e1 el responsable de la adecuaci\u00f3n de la formaci\u00f3n y de la actividad investigadora del doctorando a los principios del Programa de Doctorado. El tutor ser\u00e1 nombrado por la Comisi\u00f3n Acad\u00e9mica del Programa de Doctorado de entre los profesores del Programa de Doctorado.<\/p>\n\n\n\n<ul class=\"wp-block-list\">\n<li>El director de la tesis doctoral es el investigador que dirige al doctorando durante la elaboraci\u00f3n de la tesis doctoral y podr\u00e1, o no, ser profesor del Programa&nbsp;de Doctorado. En el caso de no ser profesor del programa de doctorado, la comisi\u00f3n de Acad\u00e9mica del Programa de Doctorado deber\u00e1 aceptar&nbsp;la direcci\u00f3n por mayor\u00eda simple de sus miembros.<\/li>\n\n\n\n<li>Los directores de tesis doctorales deber\u00e1n ser doctores con experiencia investigadora acreditada. Se entender\u00e1 que los directores re\u00fanen este requisito cuando hayan obtenido al menos un sexenio de investigaci\u00f3n por la Comisi\u00f3n Nacional de Evaluaci\u00f3n de la Actividad Investigadora. En caso de personal no evaluable por este sistema deber\u00e1 acreditar m\u00e9ritos equivalentes que ser\u00e1n evaluados por la Comisi\u00f3n de Doctorado utilizando los criterios de la ANEP.<\/li>\n\n\n\n<li>El director podr\u00e1 coincidir o no con el tutor asignado. En caso de coincidir deber\u00e1 ser un profesor del Programa de Doctorado.<\/li>\n<\/ul>\n\n\n\n<p><strong>Procedimiento utilizado para el control de registro de actividades<\/strong><\/p>\n\n\n\n<p>Las funciones de supervisi\u00f3n, tutela y seguimiento de los doctorandos se reflejar\u00e1n en un Compromiso de Supervisi\u00f3n. Dicho compromiso ser\u00e1 firmado&nbsp;por el director del centro de postgrado, el coordinador del programa de doctorado, el tutor y el doctorando, en un plazo m\u00e1ximo de un mes a contar&nbsp;desde la fecha de matr\u00edcula, incorpor\u00e1ndose la firma del director de tesis en el momento de su designaci\u00f3n.<\/p>\n\n\n\n<p>Este Compromiso de Supervisi\u00f3n se incorporar\u00e1 al Documento de Actividades del doctorando en el momento de su firma por todos los implicados. En&nbsp;el Compromiso de Supervisi\u00f3n se especificar\u00e1n las condiciones de realizaci\u00f3n de la tesis, los derechos y deber del doctorando, incluyendo los posibles&nbsp;derechos de propiedad intelectual y\/o industrial derivados de la investigaci\u00f3n, as\u00ed como la aceptaci\u00f3n del procedimiento de resoluci\u00f3n de conflictos. Se&nbsp;incluir\u00e1n tambi\u00e9n los deberes del tutor del doctorando y de su director de tesis.<\/p>\n\n\n\n<p>Una vez matriculado en el programa, se materializar\u00e1 para cada doctorando el Documento de Actividades personalizado a efectos de registro individualizado.<\/p>\n\n\n\n<p>En \u00e9l se inscribir\u00e1n todas las actividades de inter\u00e9s para el desarrollo del doctorando seg\u00fan lo que establezca la Escuela de Doctorado y ser\u00e1&nbsp;evaluado anualmente por la CAPD. Dicho documento deber\u00e1 ajustarse al formato y sistema electr\u00f3nico que se establezca, debiendo quedar constancia&nbsp;documental que acredite las actividades realizadas por el doctorando. El doctorando anotar\u00e1 en su Documento de Actividades las actividades&nbsp;que realice en el contexto del programa. Sus registros ser\u00e1n valorados y validados por el tutor y\/o director.<\/p>\n\n\n\n<p>Al Documento de Actividades tendr\u00e1n acceso, para las funciones que correspondan en cada caso, el doctorando, su tutor, su director de tesis, as\u00ed como&nbsp;los que participen en la evaluaci\u00f3n o gesti\u00f3n del expediente.<\/p>\n\n\n\n<p><strong>Procedimiento de evaluaci\u00f3n anual<\/strong><\/p>\n\n\n\n<p>Antes de cumplidos seis meses contados desde la fecha de la matr\u00edcula el doctorando elaborar\u00e1 un Plan de Investigaci\u00f3n que incluir\u00e1 la metodolog\u00eda&nbsp;que emplear\u00e1 y los objetivos que se han de alcanzar, as\u00ed como los medios y la planificaci\u00f3n temporal para conseguirlo. El plan deber\u00e1 ser presentado&nbsp;y avalado con el informe del director y del tutor, y deber\u00e1 ser aprobado por la CAPD. Este plan se podr\u00e1 mejorar y detallar en el proceso de evaluaci\u00f3n&nbsp;anual contando con el aval del tutor y el director.<\/p>\n\n\n\n<p>Semestralmente la CAPD evaluar\u00e1 el plan de investigaci\u00f3n y el documento de actividades, para lo cual dispondr\u00e1 de los informes de resultados de los&nbsp;seminarios de investigaci\u00f3n y los que a tal efecto deber\u00e1n emitir el tutor y el director. La evaluaci\u00f3n positiva ser\u00e1 requisito indispensable para continuar&nbsp;en el programa. En el caso de evaluaci\u00f3n negativa, que ser\u00e1 debidamente motivada, el doctorando deber\u00e1 ser de nuevo evaluado en el plazo de seis meses; y para esto elaborar\u00e1 un nuevo Plan de Investigaci\u00f3n. En el supuesto de producirse una nueva evaluaci\u00f3n negativa, el doctorando causar\u00e1 baja definitiva en el Programa. La CAPD se reunir\u00e1 al menos semestralmente a lo largo del programa con todos los doctorandos para controlar el seguimiento de la labor realizada hasta ese momento en los seminarios de investigaci\u00f3n.<\/p>\n\n\n\n<p><strong>Previsi\u00f3n de estancias en otros centros<\/strong><\/p>\n\n\n\n<p>Dado el car\u00e1cter internacional de este doctorado (Universidades de Las Palmas de Gran Canaria, Universidad de La Laguna, Universidad de Azores y Universidad de Madeira) la proyecci\u00f3n internacional de los doctorandos est\u00e1 asegurada a trav\u00e9s de la realizaci\u00f3n de estos seminarios de investigaci\u00f3n. No obstante, teniendo en cuenta que el objetivo del programa es la realizaci\u00f3n de tesis codirigidas y\/o comparadas en materias relativas a las Islas Atl\u00e1nticas, nuestros doctorandos (tanto a tiempo completo, como a tiempo parcial) tendr\u00e1n que, en primer lugar, realizar al menos una estancia de investigaci\u00f3n en una de las Universidades respectivas, utilizando los medios materiales y recursos humanos que estas Universidades ponen a su disposici\u00f3n. La estancia de investigaci\u00f3n tendr\u00e1 una duraci\u00f3n m\u00ednima de un mes. En este sentido, existe el convenio marco de la Red Unamuno que debe facilitar la movilidad de profesores y estudiantes entre las Universidades implicadas en el programa.<\/p>\n\n\n\n<p>Aquellas tesis que opten a la menci\u00f3n europea, deber\u00e1n reunir los criterios establecidos por la normativa vigente en sus convocatorias espec\u00edficas.<\/p>\n\n\n\n<p>Por lo que ata\u00f1e a las estancias en otros centros de investigaci\u00f3n, uno de los prop\u00f3sitos de este programa de doctorado es el fomento de la realizaci\u00f3n&nbsp;de tesis doctorales con menci\u00f3n internacional, ofreciendo y promoviendo la estancia de los doctorandos en las Universidades y centros de investigaci\u00f3n&nbsp;que conforman la red de entidades colaboradoras de este programa (con presencia en pa\u00edses como Francia, Portugal, Espa\u00f1a, Italia, Argentina,&nbsp;Cabo Verde, M\u00e9xico, Chile, Estados Unidos, etc.). En este sentido, el constante intercambio con las Universidades de Azores y Madeira asegura la realizaci\u00f3n&nbsp;de estas estancias. Los estudiantes a tiempo parcial podr\u00e1n disfrutar de las mismas oportunidades de movilidad que los estudiantes a tiempo&nbsp;completo en funci\u00f3n de sus respectivas caracter\u00edsticas. En cuanto a las tasas logradas, dada la novedad de la colaboraci\u00f3n interdisciplinar e internacional&nbsp;que plantea el programa de doctorado, por ahora no es posible disponer de datos fiables al respecto.<\/p>\n<\/div><\/div><\/div>\n\n\n\n<div class=\"wp-block-stackable-column stk-block-column stk-column stk-block stk-53ec762\" data-v=\"4\" data-block-id=\"53ec762\"><style>.stk-53ec762-inner-blocks{row-gap:0px !important;}.stk-53ec762 {padding-top:0px !important;padding-right:0px !important;padding-bottom:0px !important;padding-left:0px !important;}@media screen and (min-width: 768px){.stk-53ec762 {flex:var(--stk-flex-grow, 1) 1 33.3% !important;}}<\/style><div class=\"stk-column-wrapper stk-block-column__content stk-container stk-53ec762-container stk--no-background stk--no-padding\"><div class=\"stk-block-content stk-inner-blocks stk-53ec762-inner-blocks\">\n\n<ul class=\"widget-box\">\n<li class='contacto-header'>Informaci\u00f3n de contacto<\/li><li><i class=\"fa fa-map-marker\"><\/i> Avda. Astrof\u00edsico Francisco S\u00e1nchez, SN. Edificio Calabaza \u2013 AN.2D Apdo. 456 38200 San Crist\u00f3bal de La Laguna<\/li><li><i class=\"fa fa-envelope\"><\/i>  <a href=mailto:doctorado.islasatlanticas@ull.es>doctorado.islasatlanticas@ull.es<\/a><\/li><li><i class=\"fa fa-calendar\"><\/i><a href=\"http:\/\/citaprevia.ull.es\/index.php?s=edpo\"> Cita previa<\/a><\/li>\n<\/ul>\n\n\n<\/div><\/div><\/div>\n<\/div><\/div>\n","protected":false},"excerpt":{"rendered":"<p>Seguimiento del doctorando Composici\u00f3n de la Comisi\u00f3n Acad\u00e9mica La organizaci\u00f3n, dise\u00f1o y coordinaci\u00f3n de las estrategias de investigaci\u00f3n y de las actividades de formaci\u00f3n e investigaci\u00f3n del programa de doctorado&nbsp;ser\u00e1n responsabilidad de la Comisi\u00f3n Acad\u00e9mica del Doctorado ISLAS ATL\u00c1NTICAS: Historia, Patrimonio y Marco Jur\u00eddico e Institucional. De acuerdo&nbsp;con el Real Decreto 99\/2011, la Comisi\u00f3n Acad\u00e9mica&#8230;<\/p>\n","protected":false},"author":1,"featured_media":0,"parent":27,"menu_order":0,"comment_status":"closed","ping_status":"closed","template":"templates\/template-frontpage.php","meta":{"_acf_changed":false,"footnotes":""},"class_list":["post-72","page","type-page","status-publish","hentry"],"acf":[],"publishpress_future_action":{"enabled":false,"date":"2026-04-16 22:09:12","action":"change-status","newStatus":"draft","terms":[],"taxonomy":"","extraData":[]},"publishpress_future_workflow_manual_trigger":{"enabledWorkflows":[]},"_links":{"self":[{"href":"https:\/\/www.ull.es\/doctorados\/islas-atlanticas\/wp-json\/wp\/v2\/pages\/72","targetHints":{"allow":["GET"]}}],"collection":[{"href":"https:\/\/www.ull.es\/doctorados\/islas-atlanticas\/wp-json\/wp\/v2\/pages"}],"about":[{"href":"https:\/\/www.ull.es\/doctorados\/islas-atlanticas\/wp-json\/wp\/v2\/types\/page"}],"author":[{"embeddable":true,"href":"https:\/\/www.ull.es\/doctorados\/islas-atlanticas\/wp-json\/wp\/v2\/users\/1"}],"replies":[{"embeddable":true,"href":"https:\/\/www.ull.es\/doctorados\/islas-atlanticas\/wp-json\/wp\/v2\/comments?post=72"}],"version-history":[{"count":6,"href":"https:\/\/www.ull.es\/doctorados\/islas-atlanticas\/wp-json\/wp\/v2\/pages\/72\/revisions"}],"predecessor-version":[{"id":391,"href":"https:\/\/www.ull.es\/doctorados\/islas-atlanticas\/wp-json\/wp\/v2\/pages\/72\/revisions\/391"}],"up":[{"embeddable":true,"href":"https:\/\/www.ull.es\/doctorados\/islas-atlanticas\/wp-json\/wp\/v2\/pages\/27"}],"wp:attachment":[{"href":"https:\/\/www.ull.es\/doctorados\/islas-atlanticas\/wp-json\/wp\/v2\/media?parent=72"}],"curies":[{"name":"wp","href":"https:\/\/api.w.org\/{rel}","templated":true}]}}