{"id":70,"date":"2018-02-22T13:26:52","date_gmt":"2018-02-22T13:26:52","guid":{"rendered":"http:\/\/www.ull.es\/doctorados\/logica-filosofia-ciencia\/?page_id=70"},"modified":"2025-08-20T11:02:01","modified_gmt":"2025-08-20T11:02:01","slug":"supervision-tesis","status":"publish","type":"page","link":"https:\/\/www.ull.es\/doctorados\/logica-filosofia-ciencia\/organizacion-del-programa\/supervision-tesis\/","title":{"rendered":"Supervisi\u00f3n de tesis"},"content":{"rendered":"\n<div class=\"wp-block-stackable-columns alignfull stk-block-columns stk-block stk-2314a6b\" data-block-id=\"2314a6b\"><style>.stk-2314a6b {padding-bottom:0px !important;margin-top:-100px !important;margin-bottom:0px !important;}<\/style><div class=\"stk-row stk-inner-blocks stk-block-content stk-content-align stk-2314a6b-column alignfull\">\n<div class=\"wp-block-stackable-column stk-block-column stk-column stk-block stk-1d1764d\" data-v=\"4\" data-block-id=\"1d1764d\"><div class=\"stk-column-wrapper stk-block-column__content stk-container stk-1d1764d-container stk--no-background stk--no-padding\"><div class=\"stk-block-content stk-inner-blocks stk-1d1764d-inner-blocks\"><style id=\"depicter-1-inline-pre-css\">\n\n.depicter-1:not(.depicter-ready){\n\theight:450px;\n}\n\n\/***** Tablet *****\/\n@media screen and (max-width: 1024px){\n\n.depicter-1:not(.depicter-ready){\n\theight:700px;\n}\n\n}\n\/***** Mobile *****\/\n@media screen and (max-width: 767px){\n\n.depicter-1:not(.depicter-ready){\n\theight:360px;\n}\n\n}\n<\/style>\n<div id=\"depicter-1\" class=\"depicter depicter-document depicter-revert depicter-1 depicter-layout-fullwidth\">\n\n<div class=\"depicter-loading-container depicter-loading dotFlashing-dark\"><div class=\"depicter-loading-dark depicter-dot-flashing\">\n   <span><\/span>\n   <span><\/span>\n   <span><\/span>\n<\/div>\n<\/div>\n<div id=\"depicter-1-section-1\" class=\"depicter-section depicter-1-section-1\" data-name=\"Section 1\" data-type=\"section\" data-local-id=\"section-1\">\n<picture class=\"depicter-bg\">\n<source data-depicter-srcset=\"https:\/\/www.ull.es\/doctorados\/logica-filosofia-ciencia\/wp-content\/uploads\/sites\/14\/2025\/05\/Headers-Doctorados_Doctorado-Logica-y-Filosofia-768x248.jpg, https:\/\/www.ull.es\/doctorados\/logica-filosofia-ciencia\/wp-content\/uploads\/sites\/14\/2025\/05\/Headers-Doctorados_Doctorado-Logica-y-Filosofia.jpg 2x\" srcset=\"data:image\/gif;base64,R0lGODlhAQABAIAAAAAAAP\/\/\/yH5BAEAAAAALAAAAAABAAEAAAIBRAA7\" media=\"(max-width: 1024px)\" \/>\n\n<source data-depicter-srcset=\"https:\/\/www.ull.es\/doctorados\/logica-filosofia-ciencia\/wp-content\/uploads\/sites\/14\/2025\/05\/Headers-Doctorados_Doctorado-Logica-y-Filosofia.jpg, https:\/\/www.ull.es\/doctorados\/logica-filosofia-ciencia\/wp-content\/uploads\/sites\/14\/2025\/05\/Headers-Doctorados_Doctorado-Logica-y-Filosofia-2000x645.jpg 2x\" srcset=\"data:image\/gif;base64,R0lGODlhAQABAIAAAAAAAP\/\/\/yH5BAEAAAAALAAAAAABAAEAAAIBRAA7\" media=\"(min-width: 1025px)\" \/>\n<img decoding=\"async\" src=\"data:image\/gif;base64,R0lGODlhAQABAIAAAAAAAP\/\/\/yH5BAEAAAAALAAAAAABAAEAAAIBRAA7\" data-ken-burns=\"false\" data-tablet-ken-burns=\"false\" data-mobile-ken-burns=\"false\" alt=\"\" data-depicter-src=\"https:\/\/www.ull.es\/doctorados\/logica-filosofia-ciencia\/wp-content\/uploads\/sites\/14\/2025\/05\/Headers-Doctorados_Doctorado-Logica-y-Filosofia.jpg\" data-object-fit=\"custom,custom,\" data-object-position=\"center top,,\" data-crop=\"{'focalPoint':{'x':0.5,'y':0.5},'mediaSize':{'width':1395.3488372093024736386723816394805908203125,'height':450}}\" data-tablet-crop=\"{'focalPoint':{'x':0.5,'y':0.5},'mediaSize':{'width':2170.54263565891460530110634863376617431640625,'height':700}}\" data-mobile-crop=\"{'focalPoint':{'x':0.520000000000000017763568394002504646778106689453125,'y':0.330000000000000015543122344752191565930843353271484375},'mediaSize':{'width':2294,'height':740}}\" \/>\n<\/picture>\n\n\n<h1 id=\"depicter-1-element-5\" class=\"depicter-element depicter-layer depicter-1-element-5\" data-type=\"text\" data-wrap=\"true\" data-name=\"Text 2\" data-local-id=\"element-5\" data-offset=\"x:0px;y:140px;origin:tl\" data-tablet-offset=\"x:161px;y:194px;origin:tl\" data-mobile-offset=\"x:28px;y:82px;origin:tl\" data-width=\"1200px,auto,348px\" data-height=\"auto,auto,auto\" data-responsive-scale=\"true,,\">Programa de Doctorado en L\u00f3gica y Filosof\u00eda de la Ciencia<\/h1>\n\n<div id=\"depicter-1-element-10\" class=\"depicter-element depicter-layer depicter-1-element-10\" data-type=\"shape\" data-wrap=\"true\" data-name=\"Shape 1\" data-local-id=\"element-10\" data-offset=\"x:0px;y:317px;origin:tl\" data-tablet-offset=\"x:170px;y:410px;origin:tl\" data-mobile-offset=\"x:28px;y:328px;origin:tl\" data-width=\"1069px,692px,282px\" data-height=\"8px,8px,8px\" data-responsive-scale=\"true,,\"><\/div>\n<\/div>\n<\/div>\n<script>\n(window.depicterSetups = window.depicterSetups || []).push(function(){\n\tDepicter.basePath = 'https:\/\/www.ull.es\/doctorados\/logica-filosofia-ciencia\/wp-content\/plugins\/depicter\/resources\/scripts\/player\/';\n\tconst dpPlayer = Depicter.setup('.depicter-1',\n\t\t{\"width\":[\"1200\",\"1024\",\"360\"],\"height\":[\"450\",\"700\",\"360\"],\"view\":\"basic\",\"keepAspectRatio\":true,\"preload\":0,\"layout\":\"fullwidth\",\"rtl\":false,\"initAfterAppear\":false,\"ajaxApiUrl\":\"https:\\\/\\\/www.ull.es\\\/doctorados\\\/logica-filosofia-ciencia\\\/wp-admin\\\/admin-ajax.php\",\"mouseSwipe\":true,\"touchSwipe\":true,\"useWatermark\":false}\n\t);\n});\n<\/script><\/div><\/div><\/div>\n<\/div><\/div>\n\n\n\n<div class=\"wp-block-stackable-columns alignfull stk-block-columns stk--hide-mobile stk-block stk-6394276 stk-block-background\" data-block-id=\"6394276\"><style>.stk-6394276 {background-color:#f33f4e !important;padding-top:10px !important;margin-bottom:0px !important;}.stk-6394276:before{background-color:#f33f4e !important;}<\/style><div class=\"stk-row stk-inner-blocks stk-block-content stk-content-align stk-6394276-column alignfull\">\n<div class=\"wp-block-stackable-column stk-block-column stk-column stk-block stk-8a66885\" data-v=\"4\" data-block-id=\"8a66885\"><div class=\"stk-column-wrapper stk-block-column__content stk-container stk-8a66885-container stk--no-background stk--no-padding\"><div class=\"stk-block-content stk-inner-blocks stk-8a66885-inner-blocks\">\n<div class=\"wp-block-stackable-spacer stk-block-spacer stk--no-padding stk-block stk-bc89b3e\" data-block-id=\"bc89b3e\"><style>.stk-bc89b3e {height:0px !important;}<\/style><\/div>\n<\/div><\/div><\/div>\n<\/div><\/div>\n\n\n\n<div class=\"wp-block-stackable-columns stk-block-columns stk-block stk-8b59b96\" data-block-id=\"8b59b96\"><style>.stk-8b59b96 .stk--block-align-8b59b96{align-items:flex-start !important;}.stk-8b59b96 {margin-top:50px !important;}.stk-8b59b96-column{--stk-columns-spacing:0px !important;--stk-column-gap:50px !important;}<\/style><div class=\"stk-row stk-inner-blocks stk--block-align-8b59b96 stk-block-content stk-content-align stk-8b59b96-column\">\n<div class=\"wp-block-stackable-column stk-block-column stk-column stk-block stk-dbb7e15\" data-v=\"4\" data-block-id=\"dbb7e15\"><style>@media screen and (min-width: 768px){.stk-dbb7e15 {flex:var(--stk-flex-grow, 1) 1 66.7% !important;}}<\/style><div class=\"stk-column-wrapper stk-block-column__content stk-container stk-dbb7e15-container stk--no-background stk--no-padding\"><div class=\"stk-block-content stk-inner-blocks stk-dbb7e15-inner-blocks\">\n<div class=\"wp-block-stackable-heading stk-block-heading stk-block-heading--v2 stk-block stk-cc0239e\" id=\"complementos-de-formacion\" data-block-id=\"cc0239e\"><style>.stk-cc0239e .stk-block-heading__text{color:#000000 !important;font-weight:500 !important;}<\/style><h1 class=\"stk-block-heading__text has-text-color\">Supervisi\u00f3n de tesis<\/h1><\/div>\n\n\n\n<div class=\"wp-block-stackable-text stk-block-text stk-block stk-022d17b\" data-block-id=\"022d17b\"><p class=\"stk-block-text__text\">Los requisitos generales referidos a los tutores y directores de tesis de las diferentes universidades participantes pueden encontrarse en los correspondientes reglamentos o normativas de Estudios de Doctorado disponibles en las siguientes p\u00e1ginas web:<\/p><\/div>\n\n\n\n<ul class=\"wp-block-list\">\n<li>USAL<\/li>\n\n\n\n<li><a href=\"http:\/\/www.usc.es\/gl\/normativa\/3ciclo\/index.html\" target=\"_blank\" rel=\"noreferrer noopener\" target=\"_blank\" rel=\"noopener\">USC<\/a><\/li>\n\n\n\n<li>UVa<\/li>\n\n\n\n<li><a href=\"https:\/\/www.ull.es\/\" target=\"_blank\" rel=\"noreferrer noopener\" target=\"_blank\" rel=\"noopener\">ULL&nbsp;<\/a><\/li>\n\n\n\n<li><a href=\"http:\/\/www.udc.es\/ensino\/doutoramento\/\" target=\"_blank\" rel=\"noreferrer noopener\" target=\"_blank\" rel=\"noopener\">UDC<\/a><\/li>\n\n\n\n<li><a href=\"https:\/\/www.uv.es\/\" target=\"_blank\" rel=\"noreferrer noopener\" target=\"_blank\" rel=\"noopener\">UV<\/a><\/li>\n<\/ul>\n\n\n\n<p>Relaci\u00f3n de actividades previstas (por el PD \/ universidad) para fomentar la direcci\u00f3n de tesis Doctoral<\/p>\n\n\n\n<p>Relaci\u00f3n de actividades previstas para fomentar la direcci\u00f3n de tesis doctorales y existencia de una gu\u00eda de buenas pr\u00e1cticas para su direcci\u00f3n:<\/p>\n\n\n\n<ul class=\"wp-block-list\">\n<li>Informar a todos los profesores del programa de los cambios normativos.<\/li>\n\n\n\n<li>Implicar al profesorado en la solicitud de proyectos y formalizaci\u00f3n de contratos y convenios de colaboraci\u00f3n entre cuyos objetivos figure la formaci\u00f3n de doctores.<\/li>\n\n\n\n<li>Informar a los profesores del programa de todos los reconocimientos de las labores de tutorizaci\u00f3n establecidos en cada una de las universidades del programa y de los compromisos de certificarlas para los efectos oportunos: complementos auton\u00f3micos, quinquenios docentes, etc.<\/li>\n\n\n\n<li>Informar a los profesores de los compromisos asumidos en la tutorizaci\u00f3n de los doctorandos y la direcci\u00f3n de las tesis.<\/li>\n\n\n\n<li>Facilitar la comunicaci\u00f3n entre los estudiantes interesados en ser admitidos en el programa de doctorado y los profesores del mismo.<\/li>\n<\/ul>\n\n\n\n<p>Existencia y detalle de una Gu\u00eda de Buenas Pr\u00e1cticas para la direcci\u00f3n de tesis doctorales<\/p>\n\n\n\n<p>Seg\u00fan la Gu\u00eda de Buenas Pr\u00e1cticas: criterios y directrices para la gesti\u00f3n acad\u00e9mica de programas de doctorado, aprobada por la Comisi\u00f3n de Doctorado de la USAL celebrada el 12 de octubre&nbsp;de 2011 (y de car\u00e1cter provisional hasta que se apruebe la Gu\u00eda de Buenas pr\u00e1cticas de la Escuela de Doctorado), podr\u00e1n dirigir tesis doctorales todos los doctores con experiencia investigadora&nbsp;acreditada mediante el cumplimiento de alguno de los siguientes requisitos:<\/p>\n\n\n\n<ul class=\"wp-block-list\">\n<li>Tener reconocido al menos un sexenio de actividad investigadora cuyo periodo evaluado incluya como m\u00ednimo uno de los \u00faltimos 7 a\u00f1os.<\/li>\n\n\n\n<li>Ser o haber sido, en los \u00faltimos 5 a\u00f1os, investigador o investigadora principal de un proyecto de investigaci\u00f3n financiado mediante convocatoria p\u00fablica.<\/li>\n\n\n\n<li>Ser autor\/coautor en los \u00faltimos 6 a\u00f1os de al menos 3 art\u00edculos cient\u00edficos publicados en revistas incluidas en el Journal Citation Reports o de 3 contribuciones relevantes en el campo cient\u00edfico&nbsp;correspondiente, siempre de acuerdo con los criterios de la Comisi\u00f3n Nacional Evaluadora de la Actividad Investigadora (CNEAI) o las Agencias de Calidad Universitaria.<\/li>\n\n\n\n<li>Ser autor\/coautor, en los \u00faltimos 6 a\u00f1os, de una patente en explotaci\u00f3n.<\/li>\n\n\n\n<li>Haber dirigido en los \u00faltimos 5 a\u00f1os una Tesis Doctoral que haya dado lugar, al menos, a una publicaci\u00f3n en revistas incluidas en el Journal Citation Reports o alguna contribuci\u00f3n relevante<\/li>\n\n\n\n<li>en su campo cient\u00edfico.<\/li>\n\n\n\n<li>Cualquier otro requisito que por la especificidad del \u00e1mbito cient\u00edfico del Programa de Doctorado no corresponda a ninguno de los anteriores y pueda ser considerado de relevancia investigadora&nbsp;por la Comisi\u00f3n Acad\u00e9mica.<\/li>\n<\/ul>\n\n\n\n<p>Adem\u00e1s de las labores de asesoramiento y de formaci\u00f3n propias de la tarea de direcci\u00f3n de la investigaci\u00f3n, los Directores tendr\u00e1n, entre otras, las siguientes funciones:<\/p>\n\n\n\n<ol class=\"wp-block-list\">\n<li>Asesorar al doctorando en los complementos y actividades formativas m\u00e1s adecuadas y apropiadas para su Plan de Investigaci\u00f3n.<\/li>\n\n\n\n<li>Asesorar y orientar al doctorando en la elaboraci\u00f3n del Plan de Investigaci\u00f3n.<\/li>\n\n\n\n<li>Acordar el plan de supervisi\u00f3n del trabajo de investigaci\u00f3n, planificar y mantener reuniones regulares con el doctorando.<\/li>\n\n\n\n<li>Autorizar y certificar las actividades de formaci\u00f3n que el doctorando realice dentro del PD.<\/li>\n\n\n\n<li>Emitir, anualmente, los informes de valoraci\u00f3n\/seguimiento sobre el Documento de Actividades y el Plan de Investigaci\u00f3n de los doctorandos asignados y entregarlos, con antelaci\u00f3n suficiente&nbsp;(por ejemplo 1 mes), a la Comisi\u00f3n Acad\u00e9mica para que \u00e9sta pueda a su vez realizar la evaluaci\u00f3n positiva o negativa de cada doctorando.<\/li>\n\n\n\n<li>Orientarle en aspectos normativos, \u00e9ticos, de funcionamiento y de servicios de apoyo a la investigaci\u00f3n.<\/li>\n\n\n\n<li>Asegurarse de que el doctorando conoce los requisitos administrativos y acad\u00e9micos para la presentaci\u00f3n del Plan de Investigaci\u00f3n, del Documento de Actividades, del dep\u00f3sito y defensa&nbsp;de la tesis, as\u00ed como los l\u00edmites temporales correspondientes a todos los procedimientos y procesos relacionados.<\/li>\n\n\n\n<li>Leer, corregir y comentar el manuscrito de la tesis con anterioridad a la fecha establecida para el dep\u00f3sito, siempre que el doctorando le haya proporcionado el ejemplar con una antelaci\u00f3n&nbsp;suficiente.<\/li>\n<\/ol>\n\n\n\n<p>Asimismo y con el objetivo de incentivar las Buenas Pr\u00e1cticas en la direcci\u00f3n de Tesis Doctorales se recomienda que el director:<\/p>\n\n\n\n<ul class=\"wp-block-list\">\n<li>Suministre suficiente informaci\u00f3n bibliogr\u00e1fica que permita al doctorando un cierto grado de conocimiento y reflexi\u00f3n previos a la elaboraci\u00f3n del proyecto de investigaci\u00f3n sobre el estado de&nbsp;la cuesti\u00f3n.<\/li>\n\n\n\n<li>Proporcione una clara definici\u00f3n de l\u00edneas de investigaci\u00f3n y objetivos.<\/li>\n\n\n\n<li>Promueva reuniones peri\u00f3dicas de contenido cient\u00edfico del doctorando con otros miembros del equipo de investigaci\u00f3n, incitando al doctorando para que debata con los dem\u00e1s investigadores del grupo sus hip\u00f3tesis y resultados de investigaci\u00f3n antes de darlos a conocer al exterior.<\/li>\n\n\n\n<li>Estimule al doctorando hacia la comunicaci\u00f3n y publicaci\u00f3n peri\u00f3dica y regular de sus resultados.<\/li>\n\n\n\n<li>Incentive las acciones de movilidad y la participaci\u00f3n en actividades formativas.<\/li>\n\n\n\n<li>Gesti\u00f3n de recursos que aseguren la viabilidad de la investigaci\u00f3n.<\/li>\n<\/ul>\n\n\n\n<p>El resto de la universidades participantes se han comprometido a elaborar la correspondiente gu\u00eda de buenas pr\u00e1cticas.<\/p>\n\n\n\n<p>Relaci\u00f3n de actividades previstas por el PD que fomenten la direcci\u00f3n m\u00faltiple, en casos justificados acad\u00e9micamente.<\/p>\n\n\n\n<p>Se favorecer\u00e1 la codirecci\u00f3n especialmente en los casos en que participen un director experimentado y un director novel, con la finalidad de que los profesores j\u00f3venes vayan adquiriendo experiencia&nbsp;y responsabilidad en el Programa de Doctorado. Igualmente se fomentar\u00e1 la codirecci\u00f3n cuando el tema de tesis elegido por el doctorando cuente con especialistas de reconocido prestigio&nbsp;ajenos al programa. Finalmente se propiciar\u00e1 la codirecci\u00f3n de tesis en temas interdisciplinares donde sea necesaria la participaci\u00f3n de expertos de distintos \u00e1mbitos.<\/p>\n\n\n\n<p>Participaci\u00f3n de expertos internacionales en las comisiones de seguimiento, informes previos y en los tribunales de tesis<\/p>\n\n\n\n<p>La Comisi\u00f3n Acad\u00e9mica del Programa de Doctorado Interuniversitario en L\u00f3gica y Filosof\u00eda de la Ciencia llevar\u00e1 a cabo todas las gestiones necesarias para impulsar e incentivar la inclusi\u00f3n de&nbsp;la Menci\u00f3n Internacional en los t\u00edtulos de Doctor que a su amparo se expidan. Tal Menci\u00f3n garantizar\u00e1 la presencia de expertos internacionales en la elaboraci\u00f3n de los informes previos y en&nbsp;los tribunales que hayan de juzgar las Tesis, pues, de acuerdo con lo prescrito en el art. 15 RD 99\/2011, la menci\u00f3n internacional en el t\u00edtulo de Doctor requiere que la tesis haya sido informada&nbsp;por un m\u00ednimo de dos expertos doctores pertenecientes a alguna instituci\u00f3n de educaci\u00f3n superior o instituto de investigaci\u00f3n no espa\u00f1ola y que haya formado parte del tribunal evaluador&nbsp;de la tesis al menos un experto doctor perteneciente a alguna instituci\u00f3n de educaci\u00f3n superior o centro de investigaci\u00f3n no espa\u00f1ol. Al mismo tiempo, la colaboraci\u00f3n que los diversos Grupos&nbsp;de Investigaci\u00f3n implicados en este Programa viene desarrollando con otros grupos de investigaci\u00f3n, centros y Universidades extranjeras, mediante los correspondientes convenios (vid. punto&nbsp;5.2) facilitar\u00e1 la presencia de expertos internacionales en las comisiones de seguimiento, en los informes previos y en los tribunales de tesis.<\/p>\n<\/div><\/div><\/div>\n\n\n\n<div class=\"wp-block-stackable-column stk-block-column stk-column stk-block stk-53ec762\" data-v=\"4\" data-block-id=\"53ec762\"><style>.stk-53ec762-inner-blocks{row-gap:0px !important;}.stk-53ec762 {padding-top:0px !important;padding-right:0px !important;padding-bottom:0px !important;padding-left:0px !important;}@media screen and (min-width: 768px){.stk-53ec762 {flex:var(--stk-flex-grow, 1) 1 33.3% !important;}}<\/style><div class=\"stk-column-wrapper stk-block-column__content stk-container stk-53ec762-container stk--no-background stk--no-padding\"><div class=\"stk-block-content stk-inner-blocks stk-53ec762-inner-blocks\">\n\n<ul class=\"widget-box\">\n<li class='contacto-header'>Informaci\u00f3n de contacto<\/li><li><i class=\"fa fa-map-marker\"><\/i> Avda. Astrof\u00edsico Francisco S\u00e1nchez, SN. Edificio Calabaza \u2013 AN.2D Apdo. 456 38200 San Crist\u00f3bal de La Laguna<\/li><li><i class=\"fa fa-envelope\"><\/i>  <a href=mailto:doctorado.logicafilosofia@ull.es>doctorado.logicafilosofia@ull.es<\/a><\/li><li><i class=\"fa fa-calendar\"><\/i><a href=\"http:\/\/citaprevia.ull.es\/index.php?s=edpo\"> Cita previa<\/a><\/li>\n<\/ul>\n\n\n<\/div><\/div><\/div>\n<\/div><\/div>\n","protected":false},"excerpt":{"rendered":"<p>Supervisi\u00f3n de tesis Los requisitos generales referidos a los tutores y directores de tesis de las diferentes universidades participantes pueden encontrarse en los correspondientes reglamentos o normativas de Estudios de Doctorado disponibles en las siguientes p\u00e1ginas web: Relaci\u00f3n de actividades previstas (por el PD \/ universidad) para fomentar la direcci\u00f3n de tesis Doctoral Relaci\u00f3n de&#8230;<\/p>\n","protected":false},"author":1,"featured_media":0,"parent":27,"menu_order":0,"comment_status":"closed","ping_status":"closed","template":"templates\/template-frontpage.php","meta":{"_acf_changed":false,"footnotes":""},"class_list":["post-70","page","type-page","status-publish","hentry"],"acf":[],"publishpress_future_action":{"enabled":false,"date":"2026-04-17 19:26:37","action":"change-status","newStatus":"draft","terms":[],"taxonomy":"","extraData":[]},"publishpress_future_workflow_manual_trigger":{"enabledWorkflows":[]},"_links":{"self":[{"href":"https:\/\/www.ull.es\/doctorados\/logica-filosofia-ciencia\/wp-json\/wp\/v2\/pages\/70","targetHints":{"allow":["GET"]}}],"collection":[{"href":"https:\/\/www.ull.es\/doctorados\/logica-filosofia-ciencia\/wp-json\/wp\/v2\/pages"}],"about":[{"href":"https:\/\/www.ull.es\/doctorados\/logica-filosofia-ciencia\/wp-json\/wp\/v2\/types\/page"}],"author":[{"embeddable":true,"href":"https:\/\/www.ull.es\/doctorados\/logica-filosofia-ciencia\/wp-json\/wp\/v2\/users\/1"}],"replies":[{"embeddable":true,"href":"https:\/\/www.ull.es\/doctorados\/logica-filosofia-ciencia\/wp-json\/wp\/v2\/comments?post=70"}],"version-history":[{"count":9,"href":"https:\/\/www.ull.es\/doctorados\/logica-filosofia-ciencia\/wp-json\/wp\/v2\/pages\/70\/revisions"}],"predecessor-version":[{"id":385,"href":"https:\/\/www.ull.es\/doctorados\/logica-filosofia-ciencia\/wp-json\/wp\/v2\/pages\/70\/revisions\/385"}],"up":[{"embeddable":true,"href":"https:\/\/www.ull.es\/doctorados\/logica-filosofia-ciencia\/wp-json\/wp\/v2\/pages\/27"}],"wp:attachment":[{"href":"https:\/\/www.ull.es\/doctorados\/logica-filosofia-ciencia\/wp-json\/wp\/v2\/media?parent=70"}],"curies":[{"name":"wp","href":"https:\/\/api.w.org\/{rel}","templated":true}]}}