{"id":82,"date":"2018-02-22T14:14:43","date_gmt":"2018-02-22T14:14:43","guid":{"rendered":"http:\/\/www.ull.es\/doctorados\/logica-filosofia-ciencia\/?page_id=82"},"modified":"2025-08-20T10:59:16","modified_gmt":"2025-08-20T10:59:16","slug":"movilidad","status":"publish","type":"page","link":"https:\/\/www.ull.es\/doctorados\/logica-filosofia-ciencia\/informacion-academica\/movilidad\/","title":{"rendered":"Movilidad"},"content":{"rendered":"\n<div class=\"wp-block-stackable-columns alignfull stk-block-columns stk-block stk-2314a6b\" data-block-id=\"2314a6b\"><style>.stk-2314a6b {padding-bottom:0px !important;margin-top:-100px !important;margin-bottom:0px !important;}<\/style><div class=\"stk-row stk-inner-blocks stk-block-content stk-content-align stk-2314a6b-column alignfull\">\n<div class=\"wp-block-stackable-column stk-block-column stk-column stk-block stk-1d1764d\" data-v=\"4\" data-block-id=\"1d1764d\"><div class=\"stk-column-wrapper stk-block-column__content stk-container stk-1d1764d-container stk--no-background stk--no-padding\"><div class=\"stk-block-content stk-inner-blocks stk-1d1764d-inner-blocks\"><style id=\"depicter-1-inline-pre-css\">\n\n.depicter-1:not(.depicter-ready){\n\theight:450px;\n}\n\n\/***** Tablet *****\/\n@media screen and (max-width: 1024px){\n\n.depicter-1:not(.depicter-ready){\n\theight:700px;\n}\n\n}\n\/***** Mobile *****\/\n@media screen and (max-width: 767px){\n\n.depicter-1:not(.depicter-ready){\n\theight:360px;\n}\n\n}\n<\/style>\n<div id=\"depicter-1\" class=\"depicter depicter-document depicter-revert depicter-1 depicter-layout-fullwidth\">\n\n<div class=\"depicter-loading-container depicter-loading dotFlashing-dark\"><div class=\"depicter-loading-dark depicter-dot-flashing\">\n   <span><\/span>\n   <span><\/span>\n   <span><\/span>\n<\/div>\n<\/div>\n<div id=\"depicter-1-section-1\" class=\"depicter-section depicter-1-section-1\" data-name=\"Section 1\" data-type=\"section\" data-local-id=\"section-1\">\n<picture class=\"depicter-bg\">\n<source data-depicter-srcset=\"https:\/\/www.ull.es\/doctorados\/logica-filosofia-ciencia\/wp-content\/uploads\/sites\/14\/2025\/05\/Headers-Doctorados_Doctorado-Logica-y-Filosofia-768x248.jpg, https:\/\/www.ull.es\/doctorados\/logica-filosofia-ciencia\/wp-content\/uploads\/sites\/14\/2025\/05\/Headers-Doctorados_Doctorado-Logica-y-Filosofia.jpg 2x\" srcset=\"data:image\/gif;base64,R0lGODlhAQABAIAAAAAAAP\/\/\/yH5BAEAAAAALAAAAAABAAEAAAIBRAA7\" media=\"(max-width: 1024px)\" \/>\n\n<source data-depicter-srcset=\"https:\/\/www.ull.es\/doctorados\/logica-filosofia-ciencia\/wp-content\/uploads\/sites\/14\/2025\/05\/Headers-Doctorados_Doctorado-Logica-y-Filosofia.jpg, https:\/\/www.ull.es\/doctorados\/logica-filosofia-ciencia\/wp-content\/uploads\/sites\/14\/2025\/05\/Headers-Doctorados_Doctorado-Logica-y-Filosofia-2000x645.jpg 2x\" srcset=\"data:image\/gif;base64,R0lGODlhAQABAIAAAAAAAP\/\/\/yH5BAEAAAAALAAAAAABAAEAAAIBRAA7\" media=\"(min-width: 1025px)\" \/>\n<img decoding=\"async\" src=\"data:image\/gif;base64,R0lGODlhAQABAIAAAAAAAP\/\/\/yH5BAEAAAAALAAAAAABAAEAAAIBRAA7\" data-ken-burns=\"false\" data-tablet-ken-burns=\"false\" data-mobile-ken-burns=\"false\" alt=\"\" data-depicter-src=\"https:\/\/www.ull.es\/doctorados\/logica-filosofia-ciencia\/wp-content\/uploads\/sites\/14\/2025\/05\/Headers-Doctorados_Doctorado-Logica-y-Filosofia.jpg\" data-object-fit=\"custom,custom,\" data-object-position=\"center top,,\" data-crop=\"{'focalPoint':{'x':0.5,'y':0.5},'mediaSize':{'width':1395.3488372093024736386723816394805908203125,'height':450}}\" data-tablet-crop=\"{'focalPoint':{'x':0.5,'y':0.5},'mediaSize':{'width':2170.54263565891460530110634863376617431640625,'height':700}}\" data-mobile-crop=\"{'focalPoint':{'x':0.520000000000000017763568394002504646778106689453125,'y':0.330000000000000015543122344752191565930843353271484375},'mediaSize':{'width':2294,'height':740}}\" \/>\n<\/picture>\n\n\n<h1 id=\"depicter-1-element-5\" class=\"depicter-element depicter-layer depicter-1-element-5\" data-type=\"text\" data-wrap=\"true\" data-name=\"Text 2\" data-local-id=\"element-5\" data-offset=\"x:0px;y:140px;origin:tl\" data-tablet-offset=\"x:161px;y:194px;origin:tl\" data-mobile-offset=\"x:28px;y:82px;origin:tl\" data-width=\"1200px,auto,348px\" data-height=\"auto,auto,auto\" data-responsive-scale=\"true,,\">Programa de Doctorado en L\u00f3gica y Filosof\u00eda de la Ciencia<\/h1>\n\n<div id=\"depicter-1-element-10\" class=\"depicter-element depicter-layer depicter-1-element-10\" data-type=\"shape\" data-wrap=\"true\" data-name=\"Shape 1\" data-local-id=\"element-10\" data-offset=\"x:0px;y:317px;origin:tl\" data-tablet-offset=\"x:170px;y:410px;origin:tl\" data-mobile-offset=\"x:28px;y:328px;origin:tl\" data-width=\"1069px,692px,282px\" data-height=\"8px,8px,8px\" data-responsive-scale=\"true,,\"><\/div>\n<\/div>\n<\/div>\n<script>\n(window.depicterSetups = window.depicterSetups || []).push(function(){\n\tDepicter.basePath = 'https:\/\/www.ull.es\/doctorados\/logica-filosofia-ciencia\/wp-content\/plugins\/depicter\/resources\/scripts\/player\/';\n\tconst dpPlayer = Depicter.setup('.depicter-1',\n\t\t{\"width\":[\"1200\",\"1024\",\"360\"],\"height\":[\"450\",\"700\",\"360\"],\"view\":\"basic\",\"keepAspectRatio\":true,\"preload\":0,\"layout\":\"fullwidth\",\"rtl\":false,\"initAfterAppear\":false,\"ajaxApiUrl\":\"https:\\\/\\\/www.ull.es\\\/doctorados\\\/logica-filosofia-ciencia\\\/wp-admin\\\/admin-ajax.php\",\"mouseSwipe\":true,\"touchSwipe\":true,\"useWatermark\":false}\n\t);\n});\n<\/script><\/div><\/div><\/div>\n<\/div><\/div>\n\n\n\n<div class=\"wp-block-stackable-columns alignfull stk-block-columns stk--hide-mobile stk-block stk-6394276 stk-block-background\" data-block-id=\"6394276\"><style>.stk-6394276 {background-color:#f33f4e !important;padding-top:10px !important;margin-bottom:0px !important;}.stk-6394276:before{background-color:#f33f4e !important;}<\/style><div class=\"stk-row stk-inner-blocks stk-block-content stk-content-align stk-6394276-column alignfull\">\n<div class=\"wp-block-stackable-column stk-block-column stk-column stk-block stk-8a66885\" data-v=\"4\" data-block-id=\"8a66885\"><div class=\"stk-column-wrapper stk-block-column__content stk-container stk-8a66885-container stk--no-background stk--no-padding\"><div class=\"stk-block-content stk-inner-blocks stk-8a66885-inner-blocks\">\n<div class=\"wp-block-stackable-spacer stk-block-spacer stk--no-padding stk-block stk-bc89b3e\" data-block-id=\"bc89b3e\"><style>.stk-bc89b3e {height:0px !important;}<\/style><\/div>\n<\/div><\/div><\/div>\n<\/div><\/div>\n\n\n\n<div class=\"wp-block-stackable-columns stk-block-columns stk-block stk-8b59b96\" data-block-id=\"8b59b96\"><style>.stk-8b59b96 .stk--block-align-8b59b96{align-items:flex-start !important;}.stk-8b59b96 {margin-top:50px !important;}.stk-8b59b96-column{--stk-columns-spacing:0px !important;--stk-column-gap:50px !important;}<\/style><div class=\"stk-row stk-inner-blocks stk--block-align-8b59b96 stk-block-content stk-content-align stk-8b59b96-column\">\n<div class=\"wp-block-stackable-column stk-block-column stk-column stk-block stk-dbb7e15\" data-v=\"4\" data-block-id=\"dbb7e15\"><style>@media screen and (min-width: 768px){.stk-dbb7e15 {flex:var(--stk-flex-grow, 1) 1 66.7% !important;}}<\/style><div class=\"stk-column-wrapper stk-block-column__content stk-container stk-dbb7e15-container stk--no-background stk--no-padding\"><div class=\"stk-block-content stk-inner-blocks stk-dbb7e15-inner-blocks\">\n<div class=\"wp-block-stackable-heading stk-block-heading stk-block-heading--v2 stk-block stk-cc0239e\" id=\"complementos-de-formacion\" data-block-id=\"cc0239e\"><style>.stk-cc0239e .stk-block-heading__text{color:#000000 !important;font-weight:500 !important;}<\/style><h1 class=\"stk-block-heading__text has-text-color\">Movilidad<\/h1><\/div>\n\n\n\n<ul class=\"wp-block-list\">\n<li>Lengua en que se impartir\u00e1: Espa\u00f1ol\/Ingl\u00e9s\/Idioma del pa\u00eds de recepci\u00f3n<\/li>\n\n\n\n<li>Duraci\u00f3n de la actividad: Superior a un mes e inferior a seis.<\/li>\n\n\n\n<li>Justificaci\u00f3n de la actividad (competencias a adquirir pos los estudiantes): Potenciar la integraci\u00f3n multidisciplinar y la internacionalizaci\u00f3n no solo de cada uno de los doctorandos que se acojan a los programas de movilidad, sino tambi\u00e9n del propio programa de doctorado. Las competencias concretas que se alcanzar\u00e1n con las actuaciones de movilidad coincidir\u00e1n con las descritas para las actividades formativas 3, 4 y 6, en las cuales se aplicar\u00e1n las ayudas y actuaciones de movilidad.<\/li>\n\n\n\n<li>Resultados de aprendizaje: Demostrar capacidad de integraci\u00f3n y de trabajo en otros grupos. Intercambiar conocimientos y resultados de investigaci\u00f3n. Expresarse en otro idioma.<\/li>\n\n\n\n<li>Contenidos: Las actuaciones de movilidad van dirigidas a potenciar el intercambio y la movilidad de estudiantes en el Programa de Doctorado de L\u00f3gica y Filosof\u00eda de la Ciencia a trav\u00e9s de los programas y ayudas de movilidad que se puedan establecer o a los que los estudiantes puedan concurrir, que permitan llevar a cabo algunas de las actividades formativas dise\u00f1adas en este programa. En concreto se pretende: (1) Promover la asistencia y participaci\u00f3n de los doctorandos matriculados en el programa en actividades formativas que se desarrollen en otras universidades o centros de investigaci\u00f3n nacionales o extranjeros, que tengan relaci\u00f3n con las l\u00edneas de investigaci\u00f3n recogidas en el programa de doctorado y puedan resultar de inter\u00e9s para los investigadores en formaci\u00f3n. (2) Facilitar la realizaci\u00f3n de estancias superiores a un mes y no superiores a seis (salvo en aquellos casos en los que exista un acuerdo previo de realizaci\u00f3n de una parte de la Tesis en el centro de investigaci\u00f3n receptor) en centros de investigaci\u00f3n extranjeros de reconocido prestigio, realizando trabajos de investigaci\u00f3n que sean relevantes para su formaci\u00f3n doctoral y el desarrollo de la tesis doctoral y permitan enriquecer las l\u00edneas de investigaci\u00f3n de los diferentes grupos de investigaci\u00f3n integrados en el programa.<\/li>\n\n\n\n<li>Planificaci\u00f3n . Organizaci\u00f3n temporal de la actividad para estudiantes a tiempo completo o a tiempo parcial: La Comisi\u00f3n Acad\u00e9mica promover\u00e1 que todos los doctorandos del programa puedan realizar al menos una de cada una de las actividades formativas que requieran ayudas de movilidad, en concreto: (1) En colaboraci\u00f3n con el tutor y\/o director de cada doctorando, facilitar\u00e1 que asistan a partir del segundo a\u00f1o y hasta la finalizaci\u00f3n de su periodo de formaci\u00f3n doctoral a un congreso o reuni\u00f3n cient\u00edfica, as\u00ed como a los cursos que puedan ser de inter\u00e9s para su formaci\u00f3n. (2) Mantendr\u00e1 actualizada la informaci\u00f3n de las colaboraciones existentes entre el Programa de Doctorado y otros grupos de investigaci\u00f3n que cubran las diferentes l\u00edneas de investigaci\u00f3n del programa y los intereses de formaci\u00f3n espec\u00edfica de cada doctorando y posibiliten que todos ellos puedan optar a una estancia a lo largo de su periodo de formaci\u00f3n doctoral. (3) La asignaci\u00f3n de los intercambios y las actuaciones de movilidad en cada caso, se realizar\u00e1 por orden de solicitud a la Comisi\u00f3n Acad\u00e9mica, una por estudiante en cada una de las modalidades posibles: asistencia a congresos y presentaci\u00f3n de comunicaciones, asistencia a cursos y estancias de investigaci\u00f3n. (4) La organizaci\u00f3n temporal de la movilidad para cada estudiante, ser\u00e1 propuesta por acuerdo entre el doctorando y su tutor y\/o director de tesis. Cuando se trate de programar una estancia de investigaci\u00f3n la programaci\u00f3n deber\u00e1 reflejarse en un plan de movilidad relacionado con el plan de investigaci\u00f3n en el que se especifiquen los objetivos, la duraci\u00f3n, el centro de investigaci\u00f3n y el investigador responsable en dicho centro. (5) En todos los casos la Comisi\u00f3n Acad\u00e9mica evaluar\u00e1 la propuesta de movilidad de cada doctorando, dentro de su plan de actividades y decidir\u00e1 sobre su aprobaci\u00f3n con o sin modificaciones.<\/li>\n\n\n\n<li>Planificaci\u00f3n : Recursos humanos para su desarrollo: El car\u00e1cter interuniversitario del programa proporciona un marco natural que garantiza la movilidad de los estudiantes entre las diferentes universidades participantes de forma que para la realizaci\u00f3n de esta actividad formativa no se requieren recursos humanos espec\u00edficos diferentes a los propios del Programa. Pero adem\u00e1s, la CAPD promover\u00e1 la firma de nuevos convenios de movilidad de doctorandos y profesores, con otras entidades e instituciones. Estos convenios, en general, se formalizar\u00e1n una vez se inicie la actividad del programa de doctorado. As\u00ed mismo, existen otras v\u00edas que promueven estas acciones de movilidad como pueden ser acuerdos entre distintos grupos de investigaci\u00f3n, programas de movilidad subvencionados por entidades p\u00fablicas o privadas, como las del Ministerio de Educaci\u00f3n dentro de la convocatoria de Menci\u00f3n hacia la Excelencia, Menci\u00f3n Europea\/Internacional, o cualquier otra incluidas las en el Programa Marco de la Uni\u00f3n Europea.<\/li>\n\n\n\n<li>Planificaci\u00f3n. Recursos materiales para su desarrollo: Como ayudas de movilidad destinadas a potenciar las actividades formativas de los tipos 3 y 4, se cuenta con dos programas propios del Vicerrectorado de Investigaci\u00f3n de la Universidad de Salamanca, gestionados a trav\u00e9s de la&nbsp;<a href=\"https:\/\/www.usal.es\/agi\" target=\"_blank\" rel=\"noreferrer noopener\" target=\"_blank\" rel=\"noopener\">Agencia de Gesti\u00f3n de la Investigaci\u00f3n<\/a>&nbsp;. El resto de las universidades cuentan tambi\u00e9n con servicios de apoyo a la investigaci\u00f3n: Universidad de La Laguna Universidad de A Coru\u00f1a Universidad de Santiago de Compostela Universidad de Valladolid Universitat de Val\u00e8ncia (a) Movilidad de Personal Investigador y (b) Difusi\u00f3n de Resultados Adem\u00e1s todos los grupos de investigaci\u00f3n destinan parte del presupuesto de sus proyectos a financiar parcialmente la asistencia de los investigadores a congresos y reuniones cient\u00edficas, donde comunicar y presentar sus resultados. Para potenciar que los doctorandos realicen durante su periodo de formaci\u00f3n doctoral al menos una estancia, el Programa de Doctorado concurrir\u00e1 a las convocatorias de menci\u00f3n hacia la excelencia u otras convocatorias internacionales, nacionales o auton\u00f3micas que contemplen y faciliten la participaci\u00f3n posterior de los doctorandos en convocatorias de ayudas de movilidad.<\/li>\n\n\n\n<li>Procedimiento de evaluaci\u00f3n y control: La movilidad no llevar\u00e1 impl\u00edcita una evaluaci\u00f3n o control diferente a la establecida en cada una de las actividades que la requieren, por lo que en cada caso se aplicar\u00e1n, seg\u00fan proceda,los procedimientos descritos para las actividades formativas 3, 4 o 6.<\/li>\n\n\n\n<li>Observaciones: Esta actividad tiene car\u00e1cter voluntario<\/li>\n<\/ul>\n<\/div><\/div><\/div>\n\n\n\n<div class=\"wp-block-stackable-column stk-block-column stk-column stk-block stk-53ec762\" data-v=\"4\" data-block-id=\"53ec762\"><style>.stk-53ec762-inner-blocks{row-gap:0px !important;}.stk-53ec762 {padding-top:0px !important;padding-right:0px !important;padding-bottom:0px !important;padding-left:0px !important;}@media screen and (min-width: 768px){.stk-53ec762 {flex:var(--stk-flex-grow, 1) 1 33.3% !important;}}<\/style><div class=\"stk-column-wrapper stk-block-column__content stk-container stk-53ec762-container stk--no-background stk--no-padding\"><div class=\"stk-block-content stk-inner-blocks stk-53ec762-inner-blocks\">\n\n<ul class=\"widget-box\">\n<li class='contacto-header'>Informaci\u00f3n de contacto<\/li><li><i class=\"fa fa-map-marker\"><\/i> Avda. Astrof\u00edsico Francisco S\u00e1nchez, SN. Edificio Calabaza \u2013 AN.2D Apdo. 456 38200 San Crist\u00f3bal de La Laguna<\/li><li><i class=\"fa fa-envelope\"><\/i>  <a href=mailto:doctorado.logicafilosofia@ull.es>doctorado.logicafilosofia@ull.es<\/a><\/li><li><i class=\"fa fa-calendar\"><\/i><a href=\"http:\/\/citaprevia.ull.es\/index.php?s=edpo\"> Cita previa<\/a><\/li>\n<\/ul>\n\n\n<\/div><\/div><\/div>\n<\/div><\/div>\n","protected":false},"excerpt":{"rendered":"<p>Movilidad<\/p>\n","protected":false},"author":1,"featured_media":0,"parent":17,"menu_order":0,"comment_status":"closed","ping_status":"closed","template":"templates\/template-frontpage.php","meta":{"_acf_changed":false,"footnotes":""},"class_list":["post-82","page","type-page","status-publish","hentry"],"acf":[],"publishpress_future_action":{"enabled":false,"date":"2026-04-17 16:37:36","action":"change-status","newStatus":"draft","terms":[],"taxonomy":"","extraData":[]},"publishpress_future_workflow_manual_trigger":{"enabledWorkflows":[]},"_links":{"self":[{"href":"https:\/\/www.ull.es\/doctorados\/logica-filosofia-ciencia\/wp-json\/wp\/v2\/pages\/82","targetHints":{"allow":["GET"]}}],"collection":[{"href":"https:\/\/www.ull.es\/doctorados\/logica-filosofia-ciencia\/wp-json\/wp\/v2\/pages"}],"about":[{"href":"https:\/\/www.ull.es\/doctorados\/logica-filosofia-ciencia\/wp-json\/wp\/v2\/types\/page"}],"author":[{"embeddable":true,"href":"https:\/\/www.ull.es\/doctorados\/logica-filosofia-ciencia\/wp-json\/wp\/v2\/users\/1"}],"replies":[{"embeddable":true,"href":"https:\/\/www.ull.es\/doctorados\/logica-filosofia-ciencia\/wp-json\/wp\/v2\/comments?post=82"}],"version-history":[{"count":10,"href":"https:\/\/www.ull.es\/doctorados\/logica-filosofia-ciencia\/wp-json\/wp\/v2\/pages\/82\/revisions"}],"predecessor-version":[{"id":379,"href":"https:\/\/www.ull.es\/doctorados\/logica-filosofia-ciencia\/wp-json\/wp\/v2\/pages\/82\/revisions\/379"}],"up":[{"embeddable":true,"href":"https:\/\/www.ull.es\/doctorados\/logica-filosofia-ciencia\/wp-json\/wp\/v2\/pages\/17"}],"wp:attachment":[{"href":"https:\/\/www.ull.es\/doctorados\/logica-filosofia-ciencia\/wp-json\/wp\/v2\/media?parent=82"}],"curies":[{"name":"wp","href":"https:\/\/api.w.org\/{rel}","templated":true}]}}