{"id":30,"date":"2018-02-22T11:23:48","date_gmt":"2018-02-22T11:23:48","guid":{"rendered":"http:\/\/localhost\/ull\/doctorados\/?page_id=30"},"modified":"2025-08-20T11:55:00","modified_gmt":"2025-08-20T11:55:00","slug":"lineas-de-investigacion","status":"publish","type":"page","link":"https:\/\/www.ull.es\/doctorados\/matematicas-estadistica\/en\/organizacion-del-programa\/lineas-de-investigacion\/","title":{"rendered":"Lines of research"},"content":{"rendered":"\n<div class=\"wp-block-stackable-columns alignfull stk-block-columns stk-block stk-2314a6b\" data-block-id=\"2314a6b\"><style>.stk-2314a6b {padding-bottom:0px !important;margin-top:-100px !important;margin-bottom:0px !important;}<\/style><div class=\"stk-row stk-inner-blocks stk-block-content stk-content-align stk-2314a6b-column alignfull\">\n<div class=\"wp-block-stackable-column stk-block-column stk-column stk-block stk-1d1764d\" data-v=\"4\" data-block-id=\"1d1764d\"><div class=\"stk-column-wrapper stk-block-column__content stk-container stk-1d1764d-container stk--no-background stk--no-padding\"><div class=\"stk-block-content stk-inner-blocks stk-1d1764d-inner-blocks\"><style id=\"depicter-1-inline-pre-css\">\n\n.depicter-1:not(.depicter-ready){\n\theight:450px;\n}\n\n\/***** Tablet *****\/\n@media screen and (max-width: 1024px){\n\n.depicter-1:not(.depicter-ready){\n\theight:700px;\n}\n\n}\n\/***** Mobile *****\/\n@media screen and (max-width: 767px){\n\n.depicter-1:not(.depicter-ready){\n\theight:360px;\n}\n\n}\n<\/style>\n<div id=\"depicter-1\" class=\"depicter depicter-document depicter-revert depicter-1 depicter-layout-fullwidth\">\n\n<div class=\"depicter-loading-container depicter-loading dotFlashing-dark\"><div class=\"depicter-loading-dark depicter-dot-flashing\">\n   <span><\/span>\n   <span><\/span>\n   <span><\/span>\n<\/div>\n<\/div>\n<div id=\"depicter-1-section-1\" class=\"depicter-section depicter-1-section-1\" data-name=\"Section 1\" data-type=\"section\" data-local-id=\"section-1\">\n<picture class=\"depicter-bg\">\n<source data-depicter-srcset=\"https:\/\/www.ull.es\/doctorados\/matematicas-estadistica\/wp-content\/uploads\/sites\/19\/2025\/05\/Headers-Doctorados_Doctorado-Matematicas-768x248.jpg, https:\/\/www.ull.es\/doctorados\/matematicas-estadistica\/wp-content\/uploads\/sites\/19\/2025\/05\/Headers-Doctorados_Doctorado-Matematicas.jpg 2x\" srcset=\"data:image\/gif;base64,R0lGODlhAQABAIAAAAAAAP\/\/\/yH5BAEAAAAALAAAAAABAAEAAAIBRAA7\" media=\"(max-width: 1024px)\" \/>\n\n<source data-depicter-srcset=\"https:\/\/www.ull.es\/doctorados\/matematicas-estadistica\/wp-content\/uploads\/sites\/19\/2025\/05\/Headers-Doctorados_Doctorado-Matematicas.jpg, https:\/\/www.ull.es\/doctorados\/matematicas-estadistica\/wp-content\/uploads\/sites\/19\/2025\/05\/Headers-Doctorados_Doctorado-Matematicas-2000x645.jpg 2x\" srcset=\"data:image\/gif;base64,R0lGODlhAQABAIAAAAAAAP\/\/\/yH5BAEAAAAALAAAAAABAAEAAAIBRAA7\" media=\"(min-width: 1025px)\" \/>\n<img decoding=\"async\" src=\"data:image\/gif;base64,R0lGODlhAQABAIAAAAAAAP\/\/\/yH5BAEAAAAALAAAAAABAAEAAAIBRAA7\" data-ken-burns=\"false\" data-tablet-ken-burns=\"false\" data-mobile-ken-burns=\"false\" alt=\"\" data-depicter-src=\"https:\/\/www.ull.es\/doctorados\/matematicas-estadistica\/wp-content\/uploads\/sites\/19\/2025\/05\/Headers-Doctorados_Doctorado-Matematicas.jpg\" data-object-fit=\"custom,custom,\" data-object-position=\"center top,,\" data-crop=\"{'focalPoint':{'x':0.5,'y':0.5},'mediaSize':{'width':1395.3488372093024736386723816394805908203125,'height':450}}\" data-tablet-crop=\"{'focalPoint':{'x':0.5,'y':0.5},'mediaSize':{'width':2170.54263565891460530110634863376617431640625,'height':700}}\" data-mobile-crop=\"{'focalPoint':{'x':0.5,'y':0.5},'mediaSize':{'width':2294.57364341085258274688385426998138427734375,'height':740}}\" \/>\n<\/picture>\n\n\n<h1 id=\"depicter-1-element-5\" class=\"depicter-element depicter-layer depicter-1-element-5\" data-type=\"text\" data-wrap=\"true\" data-name=\"Text 2\" data-local-id=\"element-5\" data-offset=\"x:0px;y:140px;origin:tl\" data-tablet-offset=\"x:312px;y:136px;origin:tl\" data-mobile-offset=\"x:17px;y:123px;origin:tl\" data-width=\"1200px,auto,348px\" data-height=\"auto,auto,auto\" data-responsive-scale=\"true,,\">Programa de Doctorado en Matem\u00e1ticas y Estad\u00edstica<\/h1>\n\n<div id=\"depicter-1-element-10\" class=\"depicter-element depicter-layer depicter-1-element-10\" data-type=\"shape\" data-wrap=\"true\" data-name=\"Shape 1\" data-local-id=\"element-10\" data-offset=\"x:0px;y:317px;origin:tl\" data-tablet-offset=\"x:312px;y:424px;origin:tl\" data-mobile-offset=\"x:17px;y:329px;origin:tl\" data-width=\"986px,425px,299px\" data-height=\"8px,8px,8px\" data-responsive-scale=\"true,,\"><\/div>\n<\/div>\n<\/div>\n<script>\n(window.depicterSetups = window.depicterSetups || []).push(function(){\n\tDepicter.basePath = 'https:\/\/www.ull.es\/doctorados\/matematicas-estadistica\/wp-content\/plugins\/depicter\/resources\/scripts\/player\/';\n\tconst dpPlayer = Depicter.setup('.depicter-1',\n\t\t{\"width\":[\"1200\",\"1024\",\"360\"],\"height\":[\"450\",\"700\",\"360\"],\"view\":\"basic\",\"keepAspectRatio\":true,\"preload\":0,\"layout\":\"fullwidth\",\"rtl\":false,\"initAfterAppear\":false,\"ajaxApiUrl\":\"https:\\\/\\\/www.ull.es\\\/doctorados\\\/matematicas-estadistica\\\/wp-admin\\\/admin-ajax.php\",\"mouseSwipe\":true,\"touchSwipe\":true,\"useWatermark\":false}\n\t);\n});\n<\/script><\/div><\/div><\/div>\n<\/div><\/div>\n\n\n\n<div class=\"wp-block-stackable-columns alignfull stk-block-columns stk--hide-mobile stk-block stk-6394276 stk-block-background\" data-block-id=\"6394276\"><style>.stk-6394276 {background-color:#f33f4e !important;padding-top:10px !important;margin-bottom:0px !important;}.stk-6394276:before{background-color:#f33f4e !important;}<\/style><div class=\"stk-row stk-inner-blocks stk-block-content stk-content-align stk-6394276-column alignfull\">\n<div class=\"wp-block-stackable-column stk-block-column stk-column stk-block stk-8a66885\" data-v=\"4\" data-block-id=\"8a66885\"><div class=\"stk-column-wrapper stk-block-column__content stk-container stk-8a66885-container stk--no-background stk--no-padding\"><div class=\"stk-block-content stk-inner-blocks stk-8a66885-inner-blocks\">\n<div class=\"wp-block-stackable-spacer stk-block-spacer stk--no-padding stk-block stk-bc89b3e\" data-block-id=\"bc89b3e\"><style>.stk-bc89b3e {height:0px !important;}<\/style><\/div>\n<\/div><\/div><\/div>\n<\/div><\/div>\n\n\n\n<div class=\"wp-block-stackable-columns stk-block-columns stk-block stk-8b59b96\" data-block-id=\"8b59b96\"><style>.stk-8b59b96 .stk--block-align-8b59b96{align-items:flex-start !important;}.stk-8b59b96 {margin-top:50px !important;}.stk-8b59b96-column{--stk-columns-spacing:0px !important;--stk-column-gap:50px !important;}<\/style><div class=\"stk-row stk-inner-blocks stk--block-align-8b59b96 stk-block-content stk-content-align stk-8b59b96-column\">\n<div class=\"wp-block-stackable-column stk-block-column stk-column stk-block stk-dbb7e15\" data-v=\"4\" data-block-id=\"dbb7e15\"><style>@media screen and (min-width: 768px){.stk-dbb7e15 {flex:var(--stk-flex-grow, 1) 1 66.7% !important;}}<\/style><div class=\"stk-column-wrapper stk-block-column__content stk-container stk-dbb7e15-container stk--no-background stk--no-padding\"><div class=\"stk-block-content stk-inner-blocks stk-dbb7e15-inner-blocks\">\n<div class=\"wp-block-stackable-heading stk-block-heading stk-block-heading--v2 stk-block stk-cc0239e\" id=\"complementos-de-formacion\" data-block-id=\"cc0239e\"><style>.stk-cc0239e .stk-block-heading__text{color:#000000 !important;font-weight:500 !important;}<\/style><h1 class=\"stk-block-heading__text has-text-color\">L\u00edneas de investigaci\u00f3n<\/h1><\/div>\n\n\n\n<h4><span style=\"color: #333399;\"><a href=\"https:\/\/docs.google.com\/document\/d\/e\/2PACX-1vTBxov7StJLw1KwhOIvnrSUQ5clUFK8XDwf1TDOWjlL5FXyaWQ4rmdiWvX60d8W0xViC2i0qiLuw8g4\/pub\" target=\"_blank\" rel=\"noopener\" target=\"_blank\" rel=\"noopener\">L\u00ednea 1. \u00c1lgebra, M\u00e9todos Algebraicos en Codificaci\u00f3n, Criptograf\u00eda y Teor\u00eda de Grafos. Did\u00e1ctica de las Matem\u00e1ticas<\/a> <\/span><\/h4>\n\n\n\n<div class=\"wp-block-stackable-divider stk-block-divider has-text-align-left stk-block stk-bef3835\" data-block-id=\"bef3835\"><style>.stk-bef3835 hr.stk-block-divider__hr{width:100% !important;}.stk-bef3835 {margin-bottom:0px !important;}<\/style><hr class=\"stk-block-divider__hr\"\/><\/div>\n\n\n\n<h4><a href=\"https:\/\/docs.google.com\/document\/d\/e\/2PACX-1vQqBp3KsKOmnljvBSniv5UW7NRrMbXyKeqwQs2qhqQPy0jk_e0TblF9IznBcooNkxjVu4-Z8aWdDIz9\/pub\" target=\"_blank\" rel=\"noopener\" target=\"_blank\" rel=\"noopener\"><span style=\"color: #333399;\">L\u00ednea 2. Geometr\u00eda y Topolog\u00eda<\/span><\/a><\/h4>\n\n\n\n<div class=\"wp-block-stackable-divider stk-block-divider has-text-align-left stk-block stk-0eb0652\" data-block-id=\"0eb0652\"><style>.stk-0eb0652 hr.stk-block-divider__hr{width:100% !important;}.stk-0eb0652 {margin-bottom:0px !important;}<\/style><hr class=\"stk-block-divider__hr\"\/><\/div>\n\n\n\n<h4><a href=\"https:\/\/docs.google.com\/document\/d\/e\/2PACX-1vRSthDJkjJmlALGT-Ns-iT33DHQTTa93cEQFjFJsA-m1WAsnw6rQkIAMQEGqF13FopEGRw0_9F0jcea\/pub\" target=\"_blank\" rel=\"noopener\" target=\"_blank\" rel=\"noopener\"><span style=\"color: #333399;\">L\u00ednea 3. An\u00e1lisis Matem\u00e1tico<\/span><\/a><\/h4>\n\n\n\n<div class=\"wp-block-stackable-divider stk-block-divider has-text-align-left stk-block stk-5b6fc8e\" data-block-id=\"5b6fc8e\"><style>.stk-5b6fc8e hr.stk-block-divider__hr{width:100% !important;}.stk-5b6fc8e {margin-bottom:0px !important;}<\/style><hr class=\"stk-block-divider__hr\"\/><\/div>\n\n\n\n<h4><a href=\"https:\/\/docs.google.com\/document\/d\/e\/2PACX-1vT7nfOhFvQ1tpOAdMfuh3AE_JYo6DY_sDZWfTfJmeNRGEkhp5Bx0gNUNs4x6K87wcKyZnYxZuuLiFVH\/pub\" target=\"_blank\" rel=\"noopener\" target=\"_blank\" rel=\"noopener\"><span style=\"color: #333399;\">L\u00ednea 4. Ecuaciones Diferenciales<\/span><\/a><\/h4>\n\n\n\n<div class=\"wp-block-stackable-divider stk-block-divider has-text-align-left stk-block stk-a7f2d2e\" data-block-id=\"a7f2d2e\"><style>.stk-a7f2d2e hr.stk-block-divider__hr{width:100% !important;}.stk-a7f2d2e {margin-bottom:0px !important;}<\/style><hr class=\"stk-block-divider__hr\"\/><\/div>\n\n\n\n<h4><a href=\"https:\/\/docs.google.com\/document\/d\/e\/2PACX-1vQbRj_cdv098c6OEN4exyBqJ7XzwwEfRzjC0URLC4GvER3L4znGhrdBn7npm-RVbw8ykrlevd_PHN1i\/pub\" target=\"_blank\" rel=\"noopener\" target=\"_blank\" rel=\"noopener\"><span style=\"color: #333399;\">L\u00ednea 5. An\u00e1lisis Num\u00e9rico<\/span><\/a><\/h4>\n\n\n\n<div class=\"wp-block-stackable-divider stk-block-divider has-text-align-left stk-block stk-61c821a\" data-block-id=\"61c821a\"><style>.stk-61c821a hr.stk-block-divider__hr{width:100% !important;}.stk-61c821a {margin-bottom:0px !important;}<\/style><hr class=\"stk-block-divider__hr\"\/><\/div>\n\n\n\n<h4><a href=\"https:\/\/docs.google.com\/document\/d\/e\/2PACX-1vRJMmnrCLdcVK_Lu3zvm_MLkbQRBZO6bXowUmO_ZcFqSzk70q3pJBqoizx1R7GZrQtkTP0iZmN-aUH4\/pub\" target=\"_blank\" rel=\"noopener\" target=\"_blank\" rel=\"noopener\"><span style=\"color: #333399;\">L\u00ednea 6. Sistemas Din\u00e1micos<\/span><\/a><\/h4>\n\n\n\n<div class=\"wp-block-stackable-divider stk-block-divider has-text-align-left stk-block stk-6ebb552\" data-block-id=\"6ebb552\"><style>.stk-6ebb552 hr.stk-block-divider__hr{width:100% !important;}.stk-6ebb552 {margin-bottom:0px !important;}<\/style><hr class=\"stk-block-divider__hr\"\/><\/div>\n\n\n\n<h4><a href=\"https:\/\/docs.google.com\/document\/d\/e\/2PACX-1vRJMmnrCLdcVK_Lu3zvm_MLkbQRBZO6bXowUmO_ZcFqSzk70q3pJBqoizx1R7GZrQtkTP0iZmN-aUH4\/pub\" target=\"_blank\" rel=\"noopener\" target=\"_blank\" rel=\"noopener\"><span style=\"color: #333399;\">L\u00ednea 6. Sistemas Din\u00e1micos<\/span><\/a><\/h4>\n\n\n\n<div class=\"wp-block-stackable-divider stk-block-divider has-text-align-left stk-block stk-1d8bfb3\" data-block-id=\"1d8bfb3\"><style>.stk-1d8bfb3 hr.stk-block-divider__hr{width:100% !important;}.stk-1d8bfb3 {margin-bottom:0px !important;}<\/style><hr class=\"stk-block-divider__hr\"\/><\/div>\n\n\n\n<h4><a href=\"https:\/\/docs.google.com\/document\/d\/e\/2PACX-1vQ16VPKs_g-QCCtyuLFgu_5KZR8O_sACMaGdZStCM7qQHknTCvOtOJbWP9v_xiYUIQrtn2jpuVn-DM7\/pub\" target=\"_blank\" rel=\"noopener\" target=\"_blank\" rel=\"noopener\"><span style=\"color: #333399;\">L\u00ednea 7. Teor\u00eda del Control y Aplicaciones<\/span><\/a><\/h4>\n\n\n\n<div class=\"wp-block-stackable-divider stk-block-divider has-text-align-left stk-block stk-9171950\" data-block-id=\"9171950\"><style>.stk-9171950 hr.stk-block-divider__hr{width:100% !important;}.stk-9171950 {margin-bottom:0px !important;}<\/style><hr class=\"stk-block-divider__hr\"\/><\/div>\n\n\n\n<h4><a href=\"https:\/\/docs.google.com\/document\/d\/e\/2PACX-1vRDEsiYU7QZt3bl9W4FPQr08lTh0FeJ-RrxQLiYoqNeXOJuxvcvlS3NF3wMr3U_E65D3Bxl3x5O0Xhk\/pub\" target=\"_blank\" rel=\"noopener\" target=\"_blank\" rel=\"noopener\"><span style=\"color: #333399;\">L\u00ednea 8. Estad\u00edstica e Investigaci\u00f3n Operativa<\/span><\/a><\/h4>\n\n\n\n<div class=\"wp-block-stackable-divider stk-block-divider has-text-align-left stk-block stk-5fbc408\" data-block-id=\"5fbc408\"><style>.stk-5fbc408 hr.stk-block-divider__hr{width:100% !important;}.stk-5fbc408 {margin-bottom:0px !important;}<\/style><hr class=\"stk-block-divider__hr\"\/><\/div>\n\n\n\n<h4><a href=\"https:\/\/docs.google.com\/document\/d\/e\/2PACX-1vRO6mDyRg-w90ncLoiBG6P0uWMpLae3878kwMuypZxkEqovg4WAW5F0cS5x7eOcPQLRTVQqHDuSrMlh\/pub\" target=\"_blank\" rel=\"noopener\" target=\"_blank\" rel=\"noopener\"><span style=\"color: #333399;\">L\u00ednea 9. Computaci\u00f3n cient\u00edfica<\/span><\/a><\/h4>\n<\/div><\/div><\/div>\n\n\n\n<div class=\"wp-block-stackable-column stk-block-column stk-column stk-block stk-53ec762\" data-v=\"4\" data-block-id=\"53ec762\"><style>.stk-53ec762-inner-blocks{row-gap:0px !important;}.stk-53ec762 {padding-top:0px !important;padding-right:0px !important;padding-bottom:0px !important;padding-left:0px !important;}@media screen and (min-width: 768px){.stk-53ec762 {flex:var(--stk-flex-grow, 1) 1 33.3% !important;}}<\/style><div class=\"stk-column-wrapper stk-block-column__content stk-container stk-53ec762-container stk--no-background stk--no-padding\"><div class=\"stk-block-content stk-inner-blocks stk-53ec762-inner-blocks\">\n\n<ul class=\"widget-box\">\n<li class='contacto-header'>Informaci\u00f3n de contacto<\/li><li><i class=\"fa fa-map-marker\"><\/i> Avda. Astrof\u00edsico Francisco S\u00e1nchez, SN. Edificio Calabaza \u2013 AN.2D Apdo. 456 38200 San Crist\u00f3bal de La Laguna<\/li><li><i class=\"fa fa-envelope\"><\/i>  <a href=mailto:doctorado.matematicas@ull.es>doctorado.matematicas@ull.es<\/a><\/li><li><i class=\"fa fa-calendar\"><\/i><a href=\"http:\/\/citaprevia.ull.es\/index.php?s=edpo\"> Cita previa<\/a><\/li>\n<\/ul>\n\n\n<\/div><\/div><\/div>\n<\/div><\/div>\n","protected":false},"excerpt":{"rendered":"<p>Research Lines Line 1. Algebra, Algebraic Methods in Coding, Cryptography and Graph Theory. Mathematics Didactics Line 2. Geometry and Topology Line 3. Mathematical Analysis Line 4. Differential Equations Line 5. Numerical Analysis Line 6. Dynamical Systems Line 6. Dynamical Systems Line 7. Control Theory and Applications Line 8. Statistics and\u2026<\/p>","protected":false},"author":1,"featured_media":0,"parent":27,"menu_order":0,"comment_status":"closed","ping_status":"closed","template":"templates\/template-frontpage.php","meta":{"_acf_changed":false,"footnotes":""},"class_list":["post-30","page","type-page","status-publish","hentry"],"acf":[],"publishpress_future_action":{"enabled":false,"date":"2026-04-19 02:33:27","action":"change-status","newStatus":"draft","terms":[],"taxonomy":"","extraData":[]},"publishpress_future_workflow_manual_trigger":{"enabledWorkflows":[]},"_links":{"self":[{"href":"https:\/\/www.ull.es\/doctorados\/matematicas-estadistica\/en\/wp-json\/wp\/v2\/pages\/30","targetHints":{"allow":["GET"]}}],"collection":[{"href":"https:\/\/www.ull.es\/doctorados\/matematicas-estadistica\/en\/wp-json\/wp\/v2\/pages"}],"about":[{"href":"https:\/\/www.ull.es\/doctorados\/matematicas-estadistica\/en\/wp-json\/wp\/v2\/types\/page"}],"author":[{"embeddable":true,"href":"https:\/\/www.ull.es\/doctorados\/matematicas-estadistica\/en\/wp-json\/wp\/v2\/users\/1"}],"replies":[{"embeddable":true,"href":"https:\/\/www.ull.es\/doctorados\/matematicas-estadistica\/en\/wp-json\/wp\/v2\/comments?post=30"}],"version-history":[{"count":11,"href":"https:\/\/www.ull.es\/doctorados\/matematicas-estadistica\/en\/wp-json\/wp\/v2\/pages\/30\/revisions"}],"predecessor-version":[{"id":366,"href":"https:\/\/www.ull.es\/doctorados\/matematicas-estadistica\/en\/wp-json\/wp\/v2\/pages\/30\/revisions\/366"}],"up":[{"embeddable":true,"href":"https:\/\/www.ull.es\/doctorados\/matematicas-estadistica\/en\/wp-json\/wp\/v2\/pages\/27"}],"wp:attachment":[{"href":"https:\/\/www.ull.es\/doctorados\/matematicas-estadistica\/en\/wp-json\/wp\/v2\/media?parent=30"}],"curies":[{"name":"wp","href":"https:\/\/api.w.org\/{rel}","templated":true}]}}