{"id":21,"date":"2018-02-22T11:07:35","date_gmt":"2018-02-22T11:07:35","guid":{"rendered":"http:\/\/localhost\/ull\/doctorados\/?page_id=21"},"modified":"2018-03-13T13:09:15","modified_gmt":"2018-03-13T13:09:15","slug":"entidades-participantes","status":"publish","type":"page","link":"https:\/\/www.ull.es\/doctorados\/matematicas-estadistica\/fr\/entidades-participantes\/","title":{"rendered":"Entit\u00e9s participantes"},"content":{"rendered":"<p>[vc_row][vc_column][vc_column_text]<\/p>\n<h1>Entidades participantes<\/h1>\n<p>Redes o convenios internacionales<\/p>\n<p>Aunque el programa como tal todav\u00eda no forma parte de ning\u00fan convenio\u00a0internacional, los profesores vinculados al mismo as\u00ed como la propia\u00a0universidad s\u00ed que participan en diferentes redes y convenios internacionales o\u00a0interuniversitarios. A continuaci\u00f3n se destacan algunos de los m\u00e1s relevantes\u00a0en los que participan las distintas universidades integrantes del programa.<\/p>\n<p>En cuanto a convenios de cotutela de tesis doctorales se refiere, la UZ ha\u00a0establecido uno con la Universit\u00e9 de Pau et des Pays de l&#8217;Adour en el anterior\u00a0programa de doctorado en Matem\u00e1ticas y sus Aplicaciones, mientras que la\u00a0ULL lo ha hecho con la Universidad de Bari (Italia) y con la Universidad Paris\u00a0VII (Francia) en el anterior programa de Doctorado en Matem\u00e1tica.<\/p>\n<p>En cuanto a las redes tem\u00e1ticas, son numerosos los profesores de las\u00a0diferentes universidades que participan en alguna de ellas:<\/p>\n<ul>\n<li><strong>Red Ib\u00e9rica de Teor\u00eda de grupos<\/strong>\u00a0(MTM 2011 \u2013 14819E). Responsable:\u00a0Gustavo Adolfo Fern\u00e1ndez Alcocer. Miembros: Asi\u00e1in Ollo, Mar\u00eda Jos\u00e9 (UPNA),\u00a0Ezquerro Mar\u00edn, Luis Miguel (UPNA), G\u00f3mez Fern\u00e1ndez, Marisol (UPNA),\u00a0Lafuente L\u00f3pez, Julio (UPNA), Lizasoain Iriso, Inmaculada (UPNA), Mart\u00ednez,\u00a0Consuelo (UO), Ochoa Lez\u00e1un, Gustavo (UPNA), Otal, Javier (UZ), Vera,\u00a0Antonio (UPV\/EHU).<\/li>\n<li><strong>Red tem\u00e1tica Din\u00e1mica Atractores y Nolinealidad: Caos y Estabilidad\u00a0<\/strong><strong>(DANCE):<\/strong>(MTM2011-13793-E: Din\u00e1mica, Atractores y Nolinealidad: Caos y\u00a0Estabilidad (01\/01\/2012 &#8211; 31\/12\/2012) Entidad: Ministerio de Innovacion,\u00a0Investigador Principal: Prof. Llu\u00eds Alsed\u00e0 i Soler, Miembros: Abad Medina,\u00a0Alberto (UZ), Arribas Jim\u00e9nez, Mercedes (UZ), Barrio Gil, Roberto (UZ), Blesa\u00a0Moreno, Fernando (UZ), Elipe S\u00e1nchez, Antonio (UZ), Ib\u00e1\u00f1ez Mesa, Santiago\u00a0(UO), Palaci\u00e1n Subiela, Jes\u00fas (UPNA), Palacios, Manuel (UZ), Pumari\u00f1o,\u00a0Antonio (UO), Rodr\u00edguez M\u00e9ndez, Jose Angel (UO), Rodr\u00edguez Rodr\u00edguez,\u00a0Marcos (UZ), Serrano, Sergio (UZ), Tresaco Vidaller, Eva (UZ), Patricia\u00a0Yanguas Sayas (UPNA).<\/li>\n<li><strong>R<\/strong><strong>ed de Algebra Lineal, An\u00e1lisis Matricial y Aplicaciones (ALAMA),\u00a0<\/strong>Miembros: Alonso Vel\u00e1zquez, Pedro (UO), Amparan, Agurtzane (UPV\/EHU),\u00a0Armentia, Gorka (UPV\/EHU), Baraga\u00f1a, Itziar (UPV\/EHU), Barreras, \u00c1lvaro\u00a0(UZ), Beitia, M\u00aa Asunci\u00f3n (UPV\/EHU), Cort\u00e9s, Vanesa (UZ), Delgado Gracia,\u00a0Jorge (UZ), Gallego Amez, Rafael (UO), Gil, Inmaculada (UPV\/EHU), G\u00f3mez\u00a0Fern\u00e1ndez, Marisol (UPNA), Gracia, Juan-Miguel (UPV\/EHU), de Hoyos,\u00a0Inmaculada (UPV\/EHU), Lecumberri Villamediana, Pablo (UPNA) Marcaida,\u00a0Silvia (UPV\/EHU), Ortiz de Elguea, Lourdes (UPV\/EHU), Pe\u00f1a, Juan Manuel\u00a0(UZ), Sodupe, Mar\u00eda Jos\u00e9 (UPV\/EHU), Velasco, Francisco Enrique (UPV\/EHU),\u00a0Zaballa, Ion (UPV\/EHU).<\/li>\n<li><strong>Red de An\u00e1lisis Funcional y Aplicaciones<\/strong>, Miembros: Albiac Alesanco,\u00a0Fernando (UPNA), Bastero Eleizalde, Jes\u00fas (UZ), Bernu\u00e9s Pardo, Julio (UZ),\u00a0Bet\u00e1ncor P\u00e9rez, Jorge Juan (ULL), Campi\u00f3n Arrastia, M. Jes\u00fas (UPNA), Gal\u00e9\u00a0Gimeno, Jos\u00e9 E. (UZ), Ler\u00e1noz Ist\u00fariz, Camino (UPNA), Miana Sanz, Pedro J.\u00a0(UZ), Martin\u00f3n Cejas, Antonio (ULL).<\/li>\n<li><strong>Red de Biostatnet<\/strong>, Miembros: Arostegui Madariaga, \u00a0Inmaculada (UPV\/EHU),\u00a0Dorta Guerra, Roberto (ULL), Gonz\u00e1lez D\u00e1vila, Enrique (ULL), Moler Curial,\u00a0Jos\u00e9 Antonio (UPNA), N\u00fa\u00f1ez Ant\u00f3n, Vicente A. (UPV\/EHU), Orbe Mandaluniz,\u00a0Susan (UPV\/EHU), Orbe Lizundia, Jes\u00fas Mar\u00eda (UPV\/EHU), P\u00e9rez Gonz\u00e1lez,Carlos (ULL), Urkaregi Etxepare, Arantza (UPV\/EHU), Velasco Luna, Fernando\u00a0(UPV\/EHU), Virto Moreno, Jorge (UPV\/EHU).<\/li>\n<li><strong>Red de C\u00e1lculo Simb\u00f3lico, \u00c1lgebra Computacional y Aplicaciones,\u00a0<\/strong>Miembros: Bermejo D\u00edaz, Mar\u00eda Isabel (ULL), Cabezas Mart\u00ednez de Arag\u00f3n,\u00a0Jes\u00fas M\u00aa (UPV\/EHU), Camacho Mach\u00edn, Mat\u00edas (ULL), Fern\u00e1ndez R\u00faa, Ignacio\u00a0(UOV), Fleitas Morales, Guillermo (ULL), Hern\u00e1ndez P\u00e9rez, Hip\u00f3lito (ULL),\u00a0Meli\u00e1n Batista, Mar\u00eda Bel\u00e9n (ULL), Palaci\u00e1n Subiela, Jes\u00fas (UPNA), Riera\u00a0Ledesma, Jorge (ULL), Rodr\u00edguez Mart\u00edn, Inmaculada (ULL), Salazar G\u00f3nzalez,\u00a0Juan Jos\u00e9 (ULL), Serrano, Sergio (UZ), Yanguas Sayas, Patricia (UPNA).<\/li>\n<li><strong>Red de \u00c1lgebra y Geometr\u00eda no Conmutativa<\/strong>, Miembros: Manuel Dami\u00e1n<br \/>\nGarc\u00eda Rom\u00e1n (ULL), Mar\u00eda Victoria Reyes S\u00e1nchez (ULL), Jos\u00e9 \u00c1ngel Anquela<br \/>\nVicente (UO), Teresa Cort\u00e9s Gracia (UO).<\/li>\n<li><strong>Red Espa\u00f1ola de An\u00e1lisis Geom\u00e9trico,<\/strong>\u00a0Miembros: Jos\u00e9 Carmelo Gonz\u00e1lez-<br \/>\nD\u00e1vila (ULL).\u00a0Red Espa\u00f1ola de Topolog\u00eda, Miembros: Enrique Artal Bartolo (UZ), Ainoa\u00a0Berciano Alcaraz (UPV\/EHU), Jos\u00e9 Cogolludo Agust\u00edn (UZ), Manuel Garcia<br \/>\nCalcines (ULL), Pedro Garc\u00eda D\u00edaz (ULL), Javier Guti\u00e9rrez (UPV\/EHU), Esteban<br \/>\nIndurain Eraso (UPNA), Marta Macho (UPV\/EHU), Ignacio Royo Prieto\u00a0(UPV\/EHU).<\/li>\n<li><strong>Red Espa\u00f1ola Matem\u00e1tica-Industria<\/strong>, Miembros: Fern\u00e1ndez Militino, Ana\u00a0(UPNA), Ugarte Mart\u00ednez, Mar\u00eda Dolores (UPNA), Goicoa Mangado, Tom\u00e1s\u00a0(UPNA), Palacios Navarro, Blanca (UPNA)<\/li>\n<li><strong>Red Geometr\u00eda, Mec\u00e1nica y Control<\/strong>, Proyecto MTM2011-15725-E\u00a0Geometr\u00eda, Mec\u00e1nica y Control (01\/05\/2012 a 30\/09\/2013) Investigador\u00a0Principal: Edith Padr\u00f3n Fern\u00e1ndez (ULL). Miembros: Domingo Chinea (ULL),\u00a0Jes\u00fas Clemente (UZ), Irina Gheorghiu (UZ), Jos\u00e9 Carmelo Gonz\u00e1lez D\u00e1vila\u00a0(ULL), Elisa Guzm\u00e1n (ULL), David Iglesias (ULL), Juan Carlos Marrero (ULL),\u00a0Francisco Mart\u00edn (ULL), C\u00e9dric Mart\u00ednez Campos (ULL), Eduardo Mart\u00ednez\u00a0(UZ), Diana Sosa (ULL).<\/li>\n<li><strong>Red Tem\u00e1tica de Localizaci\u00f3n y Problemas Afines<\/strong>, Miembros: Dionisio\u00a0P\u00e9rez Brito (ULL) Julio Brito Santana (ULL), Clara Margarita Campos\u00a0Rodr\u00edguez (ULL), Marcos Colebrook Santamar\u00eda (ULL), Carlos Gustavo Garc\u00eda\u00a0Gonz\u00e1lez (ULL), Jos\u00e9 Miguel Guti\u00e9rrez Exp\u00f3sito (ULL), Mar\u00eda Bel\u00e9n Meli\u00e1n Batista (ULL), Jos\u00e9 A. Moreno P\u00e9rez (ULL), Marcos Moreno Vega (ULL), Rosa Ramos Dom\u00ednguez (ULL).<\/li>\n<li><strong>Red de Teor\u00eda de Singularidades<\/strong>, Miembros: Artal Bartolo, Enrique (UZ),\u00a0Cogolludo, Jos\u00e9 Ignacio (UZ), Garc\u00eda Barroso, Evelia (ULL), Lozano, Mar\u00eda<br \/>\nTeresa (UZ).<\/li>\n<li><strong>Red de Variable Compleja<\/strong>,\u00a0<strong>Espacios de Funciones y Operadores entre<br \/>\nellos<\/strong>: Miembros: Berm\u00fadez de Le\u00f3n, Teresa (ULL), Bonilla Ram\u00edrez, Antonio<br \/>\n(ULL), Vel\u00e1zquez Campoy, Luis F. (UZ).<\/li>\n<li><strong>Network on orthogonal polynomials, special functions, approximation\u00a0theory and applications (POLYNET)<\/strong>. Miembros: L\u00f3pez Garc\u00eda, Jos\u00e9 Luis\u00a0(UPNA).<\/li>\n<li><strong>Red de Computaci\u00f3n de Altas Prestaciones sobre Arquitecturas<br \/>\nParalelas Heterog\u00e9neas\u00a0<\/strong>(CAPAP-H 4), TIN2011-15734-E, Miembros: Alonso<br \/>\nVel\u00e1zquez, Pedro (UO), Francisco Almeida (ULL), Francisco de Sande (ULL).<br \/>\nRed de Matem\u00e1ticas de la Sociedad de la Informaci\u00f3n (MATSI):\u00a0Miembros: Pino Caballero (ULL), Santos Gonz\u00e1lez (UO), Consuelo Mart\u00ednez\u00a0(UO).<\/li>\n<\/ul>\n<p>REDES INSTITUCIONALES<\/p>\n<p>La Biblioteca de la Universidad de Zaragoza posee el Sello de Excelencia\u00a0Europea 400+.Con fecha 15 de marzo de 2011, el Club de Excelencia en\u00a0Gesti\u00f3n, en virtud del acuerdo de colaboraci\u00f3n con la Agencia Nacional de la\u00a0Evaluaci\u00f3n y Acreditaci\u00f3n (ANECA), relativo a la evaluaci\u00f3n de servicios\u00a0universitarios, ha otorgado el Sello de Excelencia Europea 400+ a la Biblioteca\u00a0de la Universidad de Zaragoza, de acuerdo con la puntuaci\u00f3n obtenida en la\u00a0evaluaci\u00f3n realizada siguiendo los criterios del Modelo EFQM de Excelencia.<\/p>\n<p>La Biblioteca de la Universidad de Zaragoza participa como miembro de las<br \/>\nsiguientes Asociaciones Profesionales:<\/p>\n<p>\u2022 IFLA: International Federation of Library Association<br \/>\n\u2022 ANABAD: Confederaci\u00f3n Espa\u00f1ola de Asociaciones de Archiveros,<br \/>\nBibliotecarios, Muse\u00f3logos y Documentalistas<br \/>\n\u2022 FESABID: Federaci\u00f3n Espa\u00f1ola de Sociedades de Archiv\u00edstica,<br \/>\nBiblioteconom\u00eda, Documentaci\u00f3n y Muse\u00edstica<br \/>\n\u2022 LIBER: Ligue des Biblioth\u00e8ques Europ\u00e9ennes de Recherche &#8211; Association of<br \/>\nEuropean Research Libraries<br \/>\ny se colabora en distintos proyectos con las siguientes organizaciones<br \/>\n\u2022 REBIUN: Red de Biblotecas Universitarias; Comisi\u00f3n sectorial de la CRUE<br \/>\n\u2022 G-9<br \/>\n\u2022 Dialnet<br \/>\n\u2022 Documat<br \/>\n\u2022 C-17 (cat\u00e1logo colectivo que agrupa las colecciones de publicaciones peri\u00f3dicas de ciencias de la salud)[\/vc_column_text][\/vc_column][\/vc_row]<\/p>\n","protected":false},"excerpt":{"rendered":"<p>[vc_row][vc_column][vc_column_text] Entidades participantes Redes o convenios internacionales Aunque el programa como tal todav\u00eda no forma parte de ning\u00fan convenio\u00a0internacional, los profesores vinculados al mismo as\u00ed como la propia\u00a0universidad s\u00ed que participan en diferentes redes y convenios internacionales o\u00a0interuniversitarios. A continuaci\u00f3n se destacan algunos de los m\u00e1s relevantes\u00a0en los que participan las distintas universidades integrantes del&#8230;<\/p>\n","protected":false},"author":1,"featured_media":0,"parent":0,"menu_order":0,"comment_status":"closed","ping_status":"closed","template":"","meta":{"_acf_changed":false,"footnotes":""},"class_list":["post-21","page","type-page","status-publish","hentry"],"acf":[],"publishpress_future_action":{"enabled":false,"date":"2026-04-19 12:09:39","action":"change-status","newStatus":"draft","terms":[],"taxonomy":"","extraData":[]},"publishpress_future_workflow_manual_trigger":{"enabledWorkflows":[]},"_links":{"self":[{"href":"https:\/\/www.ull.es\/doctorados\/matematicas-estadistica\/fr\/wp-json\/wp\/v2\/pages\/21","targetHints":{"allow":["GET"]}}],"collection":[{"href":"https:\/\/www.ull.es\/doctorados\/matematicas-estadistica\/fr\/wp-json\/wp\/v2\/pages"}],"about":[{"href":"https:\/\/www.ull.es\/doctorados\/matematicas-estadistica\/fr\/wp-json\/wp\/v2\/types\/page"}],"author":[{"embeddable":true,"href":"https:\/\/www.ull.es\/doctorados\/matematicas-estadistica\/fr\/wp-json\/wp\/v2\/users\/1"}],"replies":[{"embeddable":true,"href":"https:\/\/www.ull.es\/doctorados\/matematicas-estadistica\/fr\/wp-json\/wp\/v2\/comments?post=21"}],"version-history":[{"count":2,"href":"https:\/\/www.ull.es\/doctorados\/matematicas-estadistica\/fr\/wp-json\/wp\/v2\/pages\/21\/revisions"}],"predecessor-version":[{"id":154,"href":"https:\/\/www.ull.es\/doctorados\/matematicas-estadistica\/fr\/wp-json\/wp\/v2\/pages\/21\/revisions\/154"}],"wp:attachment":[{"href":"https:\/\/www.ull.es\/doctorados\/matematicas-estadistica\/fr\/wp-json\/wp\/v2\/media?parent=21"}],"curies":[{"name":"wp","href":"https:\/\/api.w.org\/{rel}","templated":true}]}}