{"id":70,"date":"2018-02-22T13:26:52","date_gmt":"2018-02-22T13:26:52","guid":{"rendered":"http:\/\/www.ull.es\/doctorados\/matematicas-estadistica\/?page_id=70"},"modified":"2025-08-20T11:56:12","modified_gmt":"2025-08-20T11:56:12","slug":"supervision-tesis","status":"publish","type":"page","link":"https:\/\/www.ull.es\/doctorados\/matematicas-estadistica\/fr\/organizacion-del-programa\/supervision-tesis\/","title":{"rendered":"Encadrement de th\u00e8se"},"content":{"rendered":"\n<div class=\"wp-block-stackable-columns alignfull stk-block-columns stk-block stk-2314a6b\" data-block-id=\"2314a6b\"><style>.stk-2314a6b {padding-bottom:0px !important;margin-top:-100px !important;margin-bottom:0px !important;}<\/style><div class=\"stk-row stk-inner-blocks stk-block-content stk-content-align stk-2314a6b-column alignfull\">\n<div class=\"wp-block-stackable-column stk-block-column stk-column stk-block stk-1d1764d\" data-v=\"4\" data-block-id=\"1d1764d\"><div class=\"stk-column-wrapper stk-block-column__content stk-container stk-1d1764d-container stk--no-background stk--no-padding\"><div class=\"stk-block-content stk-inner-blocks stk-1d1764d-inner-blocks\"><style id=\"depicter-1-inline-pre-css\">\n\n.depicter-1:not(.depicter-ready){\n\theight:450px;\n}\n\n\/***** Tablet *****\/\n@media screen and (max-width: 1024px){\n\n.depicter-1:not(.depicter-ready){\n\theight:700px;\n}\n\n}\n\/***** Mobile *****\/\n@media screen and (max-width: 767px){\n\n.depicter-1:not(.depicter-ready){\n\theight:360px;\n}\n\n}\n<\/style>\n<div id=\"depicter-1\" class=\"depicter depicter-document depicter-revert depicter-1 depicter-layout-fullwidth\">\n\n<div class=\"depicter-loading-container depicter-loading dotFlashing-dark\"><div class=\"depicter-loading-dark depicter-dot-flashing\">\n   <span><\/span>\n   <span><\/span>\n   <span><\/span>\n<\/div>\n<\/div>\n<div id=\"depicter-1-section-1\" class=\"depicter-section depicter-1-section-1\" data-name=\"Section 1\" data-type=\"section\" data-local-id=\"section-1\">\n<picture class=\"depicter-bg\">\n<source data-depicter-srcset=\"https:\/\/www.ull.es\/doctorados\/matematicas-estadistica\/wp-content\/uploads\/sites\/19\/2025\/05\/Headers-Doctorados_Doctorado-Matematicas-768x248.jpg, https:\/\/www.ull.es\/doctorados\/matematicas-estadistica\/wp-content\/uploads\/sites\/19\/2025\/05\/Headers-Doctorados_Doctorado-Matematicas.jpg 2x\" srcset=\"data:image\/gif;base64,R0lGODlhAQABAIAAAAAAAP\/\/\/yH5BAEAAAAALAAAAAABAAEAAAIBRAA7\" media=\"(max-width: 1024px)\" \/>\n\n<source data-depicter-srcset=\"https:\/\/www.ull.es\/doctorados\/matematicas-estadistica\/wp-content\/uploads\/sites\/19\/2025\/05\/Headers-Doctorados_Doctorado-Matematicas.jpg, https:\/\/www.ull.es\/doctorados\/matematicas-estadistica\/wp-content\/uploads\/sites\/19\/2025\/05\/Headers-Doctorados_Doctorado-Matematicas-2000x645.jpg 2x\" srcset=\"data:image\/gif;base64,R0lGODlhAQABAIAAAAAAAP\/\/\/yH5BAEAAAAALAAAAAABAAEAAAIBRAA7\" media=\"(min-width: 1025px)\" \/>\n<img decoding=\"async\" src=\"data:image\/gif;base64,R0lGODlhAQABAIAAAAAAAP\/\/\/yH5BAEAAAAALAAAAAABAAEAAAIBRAA7\" data-ken-burns=\"false\" data-tablet-ken-burns=\"false\" data-mobile-ken-burns=\"false\" alt=\"\" data-depicter-src=\"https:\/\/www.ull.es\/doctorados\/matematicas-estadistica\/wp-content\/uploads\/sites\/19\/2025\/05\/Headers-Doctorados_Doctorado-Matematicas.jpg\" data-object-fit=\"custom,custom,\" data-object-position=\"center top,,\" data-crop=\"{'focalPoint':{'x':0.5,'y':0.5},'mediaSize':{'width':1395.3488372093024736386723816394805908203125,'height':450}}\" data-tablet-crop=\"{'focalPoint':{'x':0.5,'y':0.5},'mediaSize':{'width':2170.54263565891460530110634863376617431640625,'height':700}}\" data-mobile-crop=\"{'focalPoint':{'x':0.5,'y':0.5},'mediaSize':{'width':2294.57364341085258274688385426998138427734375,'height':740}}\" \/>\n<\/picture>\n\n\n<h1 id=\"depicter-1-element-5\" class=\"depicter-element depicter-layer depicter-1-element-5\" data-type=\"text\" data-wrap=\"true\" data-name=\"Text 2\" data-local-id=\"element-5\" data-offset=\"x:0px;y:140px;origin:tl\" data-tablet-offset=\"x:312px;y:136px;origin:tl\" data-mobile-offset=\"x:17px;y:123px;origin:tl\" data-width=\"1200px,auto,348px\" data-height=\"auto,auto,auto\" data-responsive-scale=\"true,,\">Programa de Doctorado en Matem\u00e1ticas y Estad\u00edstica<\/h1>\n\n<div id=\"depicter-1-element-10\" class=\"depicter-element depicter-layer depicter-1-element-10\" data-type=\"shape\" data-wrap=\"true\" data-name=\"Shape 1\" data-local-id=\"element-10\" data-offset=\"x:0px;y:317px;origin:tl\" data-tablet-offset=\"x:312px;y:424px;origin:tl\" data-mobile-offset=\"x:17px;y:329px;origin:tl\" data-width=\"986px,425px,299px\" data-height=\"8px,8px,8px\" data-responsive-scale=\"true,,\"><\/div>\n<\/div>\n<\/div>\n<script>\n(window.depicterSetups = window.depicterSetups || []).push(function(){\n\tDepicter.basePath = 'https:\/\/www.ull.es\/doctorados\/matematicas-estadistica\/wp-content\/plugins\/depicter\/resources\/scripts\/player\/';\n\tconst dpPlayer = Depicter.setup('.depicter-1',\n\t\t{\"width\":[\"1200\",\"1024\",\"360\"],\"height\":[\"450\",\"700\",\"360\"],\"view\":\"basic\",\"keepAspectRatio\":true,\"preload\":0,\"layout\":\"fullwidth\",\"rtl\":false,\"initAfterAppear\":false,\"ajaxApiUrl\":\"https:\\\/\\\/www.ull.es\\\/doctorados\\\/matematicas-estadistica\\\/wp-admin\\\/admin-ajax.php\",\"mouseSwipe\":true,\"touchSwipe\":true,\"useWatermark\":false}\n\t);\n});\n<\/script><\/div><\/div><\/div>\n<\/div><\/div>\n\n\n\n<div class=\"wp-block-stackable-columns alignfull stk-block-columns stk--hide-mobile stk-block stk-6394276 stk-block-background\" data-block-id=\"6394276\"><style>.stk-6394276 {background-color:#f33f4e !important;padding-top:10px !important;margin-bottom:0px !important;}.stk-6394276:before{background-color:#f33f4e !important;}<\/style><div class=\"stk-row stk-inner-blocks stk-block-content stk-content-align stk-6394276-column alignfull\">\n<div class=\"wp-block-stackable-column stk-block-column stk-column stk-block stk-8a66885\" data-v=\"4\" data-block-id=\"8a66885\"><div class=\"stk-column-wrapper stk-block-column__content stk-container stk-8a66885-container stk--no-background stk--no-padding\"><div class=\"stk-block-content stk-inner-blocks stk-8a66885-inner-blocks\">\n<div class=\"wp-block-stackable-spacer stk-block-spacer stk--no-padding stk-block stk-bc89b3e\" data-block-id=\"bc89b3e\"><style>.stk-bc89b3e {height:0px !important;}<\/style><\/div>\n<\/div><\/div><\/div>\n<\/div><\/div>\n\n\n\n<div class=\"wp-block-stackable-columns stk-block-columns stk-block stk-8b59b96\" data-block-id=\"8b59b96\"><style>.stk-8b59b96 .stk--block-align-8b59b96{align-items:flex-start !important;}.stk-8b59b96 {margin-top:50px !important;}.stk-8b59b96-column{--stk-columns-spacing:0px !important;--stk-column-gap:50px !important;}<\/style><div class=\"stk-row stk-inner-blocks stk--block-align-8b59b96 stk-block-content stk-content-align stk-8b59b96-column\">\n<div class=\"wp-block-stackable-column stk-block-column stk-column stk-block stk-dbb7e15\" data-v=\"4\" data-block-id=\"dbb7e15\"><style>@media screen and (min-width: 768px){.stk-dbb7e15 {flex:var(--stk-flex-grow, 1) 1 66.7% !important;}}<\/style><div class=\"stk-column-wrapper stk-block-column__content stk-container stk-dbb7e15-container stk--no-background stk--no-padding\"><div class=\"stk-block-content stk-inner-blocks stk-dbb7e15-inner-blocks\">\n<div class=\"wp-block-stackable-heading stk-block-heading stk-block-heading--v2 stk-block stk-cc0239e\" id=\"complementos-de-formacion\" data-block-id=\"cc0239e\"><style>.stk-cc0239e .stk-block-heading__text{color:#000000 !important;font-weight:500 !important;}<\/style><h1 class=\"stk-block-heading__text has-text-color\">Supervisi\u00f3n de tesis<\/h1><\/div>\n\n\n\n<div class=\"wp-block-stackable-text stk-block-text stk-block stk-022d17b\" data-block-id=\"022d17b\"><p class=\"stk-block-text__text\">La Comisi\u00f3n Acad\u00e9mica del programa Matem\u00e1ticas y Estad\u00edstica es la responsable de&nbsp;dise\u00f1ar, organizar y coordinar el Programa de Doctorado. Estar\u00e1 formada por dos&nbsp;representantes de cada universidad propuestos por dicha universidad.<\/p><\/div>\n\n\n\n<p>El coordinador del programa ser\u00e1 designado por la Comisi\u00f3n Acad\u00e9mica entre los dos&nbsp;representantes de la Universidad de Zaragoza y actuar\u00e1 como presidente de dicha&nbsp;Comisi\u00f3n. Los dos componentes de cada universidad en la Comisi\u00f3n Acad\u00e9mica ser\u00e1n&nbsp;nombrados por acuerdo entre los rectores de las universidades participantes (Art.8.4RD 99\/2011).<\/p>\n\n\n\n<p>Cada universidad no coordinadora nombrar\u00e1 un coordinador espec\u00edfico entre los dos&nbsp;miembros que forman parte de la Comisi\u00f3n Acad\u00e9mica. Dicho coordinador presidir\u00e1 la&nbsp;correspondiente Comisi\u00f3n acad\u00e9mica local, designada por cada universidad&nbsp;participante y a la que pertenecer\u00e1n los dos miembros de la universidad que&nbsp;pertenecen a la Comisi\u00f3n Acad\u00e9mica y estar\u00e1 constituida de acuerdo con la&nbsp;legislaci\u00f3n vigente.<\/p>\n\n\n\n<p>La Comisi\u00f3n acad\u00e9mica del programa asignar\u00e1 un tutor a cada doctorando admitido&nbsp;en el programa, que coordinar\u00e1 la interacci\u00f3n con la comisi\u00f3n acad\u00e9mica del&nbsp;programa. El tutor debe ser un doctor con experiencia investigadora acreditada. Se&nbsp;entiende por experiencia acreditada el satisfacer una de las siguientes condiciones:<\/p>\n\n\n\n<p>a) Tener dos sexenios de investigaci\u00f3n, el \u00faltimo vivo,<\/p>\n\n\n\n<p>b) Tener tres sexenios de investigaci\u00f3n,<\/p>\n\n\n\n<p>c) Ser IP de un proyecto del Plan Nacional o Auton\u00f3mico,<\/p>\n\n\n\n<p>d) Haber dirigido al menos una tesis doctoral calificada con \u201ccum laude\u201d por&nbsp;unanimidad,<\/p>\n\n\n\n<p>e) Tener una patente,<\/p>\n\n\n\n<p>f) Tener en los \u00faltimos 6 a\u00f1os al menos 5 publicaciones, tres de las cuales deben&nbsp;estar en revistas del JCR.<\/p>\n\n\n\n<p>La comisi\u00f3n acad\u00e9mica del programa asignar\u00e1 un director de tesis a cada doctorando&nbsp;en un plazo m\u00e1ximo de 6 meses desde la primera matr\u00edcula. El director de tesis es el&nbsp;m\u00e1ximo responsable de la coherencia e idoneidad de la formaci\u00f3n en investigaci\u00f3n y&nbsp;en competencias transversales del doctorando.<\/p>\n\n\n\n<p>Por norma general, el director de la tesis ser\u00e1 un profesor o investigador de una de&nbsp;las universidades participantes en el programa, que posea el t\u00edtulo de doctor y&nbsp;experiencia investigadora acreditada, entendida como en el caso del tutor. No&nbsp;obstante, se facilitar\u00e1 la inclusi\u00f3n de doctores de entidades vinculadas a las distintas&nbsp;universidades participantes, as\u00ed como de institutos de investigaci\u00f3n como codirectores&nbsp;de tesis doctorales, de acuerdo con los respectivos convenios de colaboraci\u00f3n y de&nbsp;adscripci\u00f3n. Se fomentar\u00e1 la codirecci\u00f3n por dos profesores, uno de la Universidad a&nbsp;la que pertenece el alumno, con experiencia investigadora acreditada, y otro de&nbsp;cualquier universidad, que no precisa cumplir los requisitos anteriores. De este modo&nbsp;se facilitar\u00e1 el acceso a la direcci\u00f3n de tesis doctorales de j\u00f3venes investigadores, sin&nbsp;experiencia previa, que podr\u00e1n codirigir con un investigador con amplia experiencia&nbsp;en la direcci\u00f3n de tesis doctorales.<\/p>\n\n\n\n<p>En el caso de que un investigador perteneciente al \u00e1mbito de la empresa participe&nbsp;como codirector de una tesis doctoral, tampoco se le requerir\u00e1n los requisitos de&nbsp;experiencia investigadora acreditada anteriormente indicados.<\/p>\n\n\n\n<p>Dentro de los comit\u00e9s de tesis, se estimular\u00e1 la participaci\u00f3n de expertos&nbsp;internacionales, tal y como ya se est\u00e1 realizando en los programas de Doctorado&nbsp;actualmente desplegados en las universidades participantes. En concreto, se&nbsp;fomentar\u00e1 el desarrollo de tesis con menci\u00f3n de doctorado internacional, lo que ya&nbsp;conlleva que obligatoriamente se soliciten dos informes de expertos internacionales&nbsp;en la evaluaci\u00f3n de la tesis y que en el tribunal un miembro del mismo sea tambi\u00e9n&nbsp;un experto extranjero. Notemos que esto ya se est\u00e1 realizando actualmente (ver&nbsp;como ejemplo el listado de tesis aportadas en la secci\u00f3n 6).<\/p>\n<\/div><\/div><\/div>\n\n\n\n<div class=\"wp-block-stackable-column stk-block-column stk-column stk-block stk-53ec762\" data-v=\"4\" data-block-id=\"53ec762\"><style>.stk-53ec762-inner-blocks{row-gap:0px !important;}.stk-53ec762 {padding-top:0px !important;padding-right:0px !important;padding-bottom:0px !important;padding-left:0px !important;}@media screen and (min-width: 768px){.stk-53ec762 {flex:var(--stk-flex-grow, 1) 1 33.3% !important;}}<\/style><div class=\"stk-column-wrapper stk-block-column__content stk-container stk-53ec762-container stk--no-background stk--no-padding\"><div class=\"stk-block-content stk-inner-blocks stk-53ec762-inner-blocks\">\n\n<ul class=\"widget-box\">\n<li class='contacto-header'>Informaci\u00f3n de contacto<\/li><li><i class=\"fa fa-map-marker\"><\/i> Avda. Astrof\u00edsico Francisco S\u00e1nchez, SN. Edificio Calabaza \u2013 AN.2D Apdo. 456 38200 San Crist\u00f3bal de La Laguna<\/li><li><i class=\"fa fa-envelope\"><\/i>  <a href=mailto:doctorado.matematicas@ull.es>doctorado.matematicas@ull.es<\/a><\/li><li><i class=\"fa fa-calendar\"><\/i><a href=\"http:\/\/citaprevia.ull.es\/index.php?s=edpo\"> Cita previa<\/a><\/li>\n<\/ul>\n\n\n<\/div><\/div><\/div>\n<\/div><\/div>\n","protected":false},"excerpt":{"rendered":"<p>Direction de th\u00e8se. Le comit\u00e9 acad\u00e9mique du programme de math\u00e9matiques et de statistique est responsable de la conception, de l&#039;organisation et de la coordination du programme doctoral. Il sera compos\u00e9 de deux repr\u00e9sentants de chaque universit\u00e9 propos\u00e9s par celle-ci. Le coordinateur du programme sera nomm\u00e9 par le comit\u00e9 acad\u00e9mique parmi les deux repr\u00e9sentants de l&#039;Universit\u00e9 de Saragosse et pr\u00e9sidera\u2026<\/p>","protected":false},"author":1,"featured_media":0,"parent":27,"menu_order":0,"comment_status":"closed","ping_status":"closed","template":"templates\/template-frontpage.php","meta":{"_acf_changed":false,"footnotes":""},"class_list":["post-70","page","type-page","status-publish","hentry"],"acf":[],"publishpress_future_action":{"enabled":false,"date":"2026-04-19 02:17:28","action":"change-status","newStatus":"draft","terms":[],"taxonomy":"","extraData":[]},"publishpress_future_workflow_manual_trigger":{"enabledWorkflows":[]},"_links":{"self":[{"href":"https:\/\/www.ull.es\/doctorados\/matematicas-estadistica\/fr\/wp-json\/wp\/v2\/pages\/70","targetHints":{"allow":["GET"]}}],"collection":[{"href":"https:\/\/www.ull.es\/doctorados\/matematicas-estadistica\/fr\/wp-json\/wp\/v2\/pages"}],"about":[{"href":"https:\/\/www.ull.es\/doctorados\/matematicas-estadistica\/fr\/wp-json\/wp\/v2\/types\/page"}],"author":[{"embeddable":true,"href":"https:\/\/www.ull.es\/doctorados\/matematicas-estadistica\/fr\/wp-json\/wp\/v2\/users\/1"}],"replies":[{"embeddable":true,"href":"https:\/\/www.ull.es\/doctorados\/matematicas-estadistica\/fr\/wp-json\/wp\/v2\/comments?post=70"}],"version-history":[{"count":7,"href":"https:\/\/www.ull.es\/doctorados\/matematicas-estadistica\/fr\/wp-json\/wp\/v2\/pages\/70\/revisions"}],"predecessor-version":[{"id":369,"href":"https:\/\/www.ull.es\/doctorados\/matematicas-estadistica\/fr\/wp-json\/wp\/v2\/pages\/70\/revisions\/369"}],"up":[{"embeddable":true,"href":"https:\/\/www.ull.es\/doctorados\/matematicas-estadistica\/fr\/wp-json\/wp\/v2\/pages\/27"}],"wp:attachment":[{"href":"https:\/\/www.ull.es\/doctorados\/matematicas-estadistica\/fr\/wp-json\/wp\/v2\/media?parent=70"}],"curies":[{"name":"wp","href":"https:\/\/api.w.org\/{rel}","templated":true}]}}