{"id":72,"date":"2018-02-22T13:28:20","date_gmt":"2018-02-22T13:28:20","guid":{"rendered":"http:\/\/www.ull.es\/doctorados\/matematicas-estadistica\/?page_id=72"},"modified":"2025-08-20T11:55:44","modified_gmt":"2025-08-20T11:55:44","slug":"seguimiento-doctorando","status":"publish","type":"page","link":"https:\/\/www.ull.es\/doctorados\/matematicas-estadistica\/fr\/organizacion-del-programa\/seguimiento-doctorando\/","title":{"rendered":"Suivi du doctorant"},"content":{"rendered":"\n<div class=\"wp-block-stackable-columns alignfull stk-block-columns stk-block stk-2314a6b\" data-block-id=\"2314a6b\"><style>.stk-2314a6b {padding-bottom:0px !important;margin-top:-100px !important;margin-bottom:0px !important;}<\/style><div class=\"stk-row stk-inner-blocks stk-block-content stk-content-align stk-2314a6b-column alignfull\">\n<div class=\"wp-block-stackable-column stk-block-column stk-column stk-block stk-1d1764d\" data-v=\"4\" data-block-id=\"1d1764d\"><div class=\"stk-column-wrapper stk-block-column__content stk-container stk-1d1764d-container stk--no-background stk--no-padding\"><div class=\"stk-block-content stk-inner-blocks stk-1d1764d-inner-blocks\"><style id=\"depicter-1-inline-pre-css\">\n\n.depicter-1:not(.depicter-ready){\n\theight:450px;\n}\n\n\/***** Tablet *****\/\n@media screen and (max-width: 1024px){\n\n.depicter-1:not(.depicter-ready){\n\theight:700px;\n}\n\n}\n\/***** Mobile *****\/\n@media screen and (max-width: 767px){\n\n.depicter-1:not(.depicter-ready){\n\theight:360px;\n}\n\n}\n<\/style>\n<div id=\"depicter-1\" class=\"depicter depicter-document depicter-revert depicter-1 depicter-layout-fullwidth\">\n\n<div class=\"depicter-loading-container depicter-loading dotFlashing-dark\"><div class=\"depicter-loading-dark depicter-dot-flashing\">\n   <span><\/span>\n   <span><\/span>\n   <span><\/span>\n<\/div>\n<\/div>\n<div id=\"depicter-1-section-1\" class=\"depicter-section depicter-1-section-1\" data-name=\"Section 1\" data-type=\"section\" data-local-id=\"section-1\">\n<picture class=\"depicter-bg\">\n<source data-depicter-srcset=\"https:\/\/www.ull.es\/doctorados\/matematicas-estadistica\/wp-content\/uploads\/sites\/19\/2025\/05\/Headers-Doctorados_Doctorado-Matematicas-768x248.jpg, https:\/\/www.ull.es\/doctorados\/matematicas-estadistica\/wp-content\/uploads\/sites\/19\/2025\/05\/Headers-Doctorados_Doctorado-Matematicas.jpg 2x\" srcset=\"data:image\/gif;base64,R0lGODlhAQABAIAAAAAAAP\/\/\/yH5BAEAAAAALAAAAAABAAEAAAIBRAA7\" media=\"(max-width: 1024px)\" \/>\n\n<source data-depicter-srcset=\"https:\/\/www.ull.es\/doctorados\/matematicas-estadistica\/wp-content\/uploads\/sites\/19\/2025\/05\/Headers-Doctorados_Doctorado-Matematicas.jpg, https:\/\/www.ull.es\/doctorados\/matematicas-estadistica\/wp-content\/uploads\/sites\/19\/2025\/05\/Headers-Doctorados_Doctorado-Matematicas-2000x645.jpg 2x\" srcset=\"data:image\/gif;base64,R0lGODlhAQABAIAAAAAAAP\/\/\/yH5BAEAAAAALAAAAAABAAEAAAIBRAA7\" media=\"(min-width: 1025px)\" \/>\n<img decoding=\"async\" src=\"data:image\/gif;base64,R0lGODlhAQABAIAAAAAAAP\/\/\/yH5BAEAAAAALAAAAAABAAEAAAIBRAA7\" data-ken-burns=\"false\" data-tablet-ken-burns=\"false\" data-mobile-ken-burns=\"false\" alt=\"\" data-depicter-src=\"https:\/\/www.ull.es\/doctorados\/matematicas-estadistica\/wp-content\/uploads\/sites\/19\/2025\/05\/Headers-Doctorados_Doctorado-Matematicas.jpg\" data-object-fit=\"custom,custom,\" data-object-position=\"center top,,\" data-crop=\"{'focalPoint':{'x':0.5,'y':0.5},'mediaSize':{'width':1395.3488372093024736386723816394805908203125,'height':450}}\" data-tablet-crop=\"{'focalPoint':{'x':0.5,'y':0.5},'mediaSize':{'width':2170.54263565891460530110634863376617431640625,'height':700}}\" data-mobile-crop=\"{'focalPoint':{'x':0.5,'y':0.5},'mediaSize':{'width':2294.57364341085258274688385426998138427734375,'height':740}}\" \/>\n<\/picture>\n\n\n<h1 id=\"depicter-1-element-5\" class=\"depicter-element depicter-layer depicter-1-element-5\" data-type=\"text\" data-wrap=\"true\" data-name=\"Text 2\" data-local-id=\"element-5\" data-offset=\"x:0px;y:140px;origin:tl\" data-tablet-offset=\"x:312px;y:136px;origin:tl\" data-mobile-offset=\"x:17px;y:123px;origin:tl\" data-width=\"1200px,auto,348px\" data-height=\"auto,auto,auto\" data-responsive-scale=\"true,,\">Programa de Doctorado en Matem\u00e1ticas y Estad\u00edstica<\/h1>\n\n<div id=\"depicter-1-element-10\" class=\"depicter-element depicter-layer depicter-1-element-10\" data-type=\"shape\" data-wrap=\"true\" data-name=\"Shape 1\" data-local-id=\"element-10\" data-offset=\"x:0px;y:317px;origin:tl\" data-tablet-offset=\"x:312px;y:424px;origin:tl\" data-mobile-offset=\"x:17px;y:329px;origin:tl\" data-width=\"986px,425px,299px\" data-height=\"8px,8px,8px\" data-responsive-scale=\"true,,\"><\/div>\n<\/div>\n<\/div>\n<script>\n(window.depicterSetups = window.depicterSetups || []).push(function(){\n\tDepicter.basePath = 'https:\/\/www.ull.es\/doctorados\/matematicas-estadistica\/wp-content\/plugins\/depicter\/resources\/scripts\/player\/';\n\tconst dpPlayer = Depicter.setup('.depicter-1',\n\t\t{\"width\":[\"1200\",\"1024\",\"360\"],\"height\":[\"450\",\"700\",\"360\"],\"view\":\"basic\",\"keepAspectRatio\":true,\"preload\":0,\"layout\":\"fullwidth\",\"rtl\":false,\"initAfterAppear\":false,\"ajaxApiUrl\":\"https:\\\/\\\/www.ull.es\\\/doctorados\\\/matematicas-estadistica\\\/wp-admin\\\/admin-ajax.php\",\"mouseSwipe\":true,\"touchSwipe\":true,\"useWatermark\":false}\n\t);\n});\n<\/script><\/div><\/div><\/div>\n<\/div><\/div>\n\n\n\n<div class=\"wp-block-stackable-columns alignfull stk-block-columns stk--hide-mobile stk-block stk-6394276 stk-block-background\" data-block-id=\"6394276\"><style>.stk-6394276 {background-color:#f33f4e !important;padding-top:10px !important;margin-bottom:0px !important;}.stk-6394276:before{background-color:#f33f4e !important;}<\/style><div class=\"stk-row stk-inner-blocks stk-block-content stk-content-align stk-6394276-column alignfull\">\n<div class=\"wp-block-stackable-column stk-block-column stk-column stk-block stk-8a66885\" data-v=\"4\" data-block-id=\"8a66885\"><div class=\"stk-column-wrapper stk-block-column__content stk-container stk-8a66885-container stk--no-background stk--no-padding\"><div class=\"stk-block-content stk-inner-blocks stk-8a66885-inner-blocks\">\n<div class=\"wp-block-stackable-spacer stk-block-spacer stk--no-padding stk-block stk-bc89b3e\" data-block-id=\"bc89b3e\"><style>.stk-bc89b3e {height:0px !important;}<\/style><\/div>\n<\/div><\/div><\/div>\n<\/div><\/div>\n\n\n\n<div class=\"wp-block-stackable-columns stk-block-columns stk-block stk-8b59b96\" data-block-id=\"8b59b96\"><style>.stk-8b59b96 .stk--block-align-8b59b96{align-items:flex-start !important;}.stk-8b59b96 {margin-top:50px !important;}.stk-8b59b96-column{--stk-columns-spacing:0px !important;--stk-column-gap:50px !important;}<\/style><div class=\"stk-row stk-inner-blocks stk--block-align-8b59b96 stk-block-content stk-content-align stk-8b59b96-column\">\n<div class=\"wp-block-stackable-column stk-block-column stk-column stk-block stk-dbb7e15\" data-v=\"4\" data-block-id=\"dbb7e15\"><style>@media screen and (min-width: 768px){.stk-dbb7e15 {flex:var(--stk-flex-grow, 1) 1 66.7% !important;}}<\/style><div class=\"stk-column-wrapper stk-block-column__content stk-container stk-dbb7e15-container stk--no-background stk--no-padding\"><div class=\"stk-block-content stk-inner-blocks stk-dbb7e15-inner-blocks\">\n<div class=\"wp-block-stackable-heading stk-block-heading stk-block-heading--v2 stk-block stk-cc0239e\" id=\"complementos-de-formacion\" data-block-id=\"cc0239e\"><style>.stk-cc0239e .stk-block-heading__text{color:#000000 !important;font-weight:500 !important;}<\/style><h1 class=\"stk-block-heading__text has-text-color\">Seguimiento del doctorando<\/h1><\/div>\n\n\n\n<p><strong>a) Descripci\u00f3n del procedimiento utilizado para la designaci\u00f3n de tutor y&nbsp;director de tesis del doctorando.<\/strong><\/p>\n\n\n\n<p>La Comisi\u00f3n Acad\u00e9mica del programa se encargar\u00e1 de la asignaci\u00f3n y coordinaci\u00f3n de&nbsp;los tutores y directores de doctorado vinculados al programa y se ocupar\u00e1 de la&nbsp;validaci\u00f3n de los itinerarios formativos y de investigaci\u00f3n propuestos por los mismos.&nbsp;Asimismo, desarrollar\u00e1 iniciativas de formaci\u00f3n para el equipo de tutores acerca del propio modelo de tutor\u00eda de doctorado, as\u00ed como sobre el desarrollo de los planes de tutor\u00eda que materializan su actividad.<\/p>\n\n\n\n<p>La comisi\u00f3n acad\u00e9mica del programa, tras escuchar al doctorando, podr\u00e1 asignar un nuevo tutor siempre que concurran causas justificadas.<\/p>\n\n\n\n<p><em>El tutor<\/em><\/p>\n\n\n\n<p>El Tutor ser\u00e1 personal docente o investigador de cualquiera de las Universidades integradas en el programa de doctorado, asignado, con su conformidad previa, por la Comisi\u00f3n acad\u00e9mica del programa. Debe ser un doctor con experiencia investigadora acreditada.<\/p>\n\n\n\n<p>El Tutor de doctorado tendr\u00e1 por competencias: acoger al doctorando, dise\u00f1ar y proponer un itinerario formativo e investigador individualizado, asegurarse su seguimiento, ayudarle a encontrar un director de tesis y orientarle y proporcionarle apoyo durante el primer curso acad\u00e9mico del programa de doctorado, particularmente durante el primer semestre del mismo. Para el doctorando, el Tutor de doctorado ser\u00e1 un referente acad\u00e9mico especialmente en el inicio del programa y coordinar\u00e1 la interacci\u00f3n de \u00e9ste con la comisi\u00f3n acad\u00e9mica del programa.<\/p>\n\n\n\n<p>Una vez haya constatado que el doctorando est\u00e9 completando adecuadamente el itinerario formativo establecido para \u00e9l, el Tutor velar\u00e1 por identificar al profesor o investigador que pueda ejercer las funciones de Director de la tesis doctoral del doctorando. Adem\u00e1s, con el apoyo de la Comisi\u00f3n acad\u00e9mica del programa, el Tutor facilitar\u00e1 la adscripci\u00f3n del doctorando a su futuro Director. El propio Tutor, asignado inicialmente al doctorando, podr\u00e1 asumir las funciones de Director de tesis cuando la tem\u00e1tica de la tesis y los intereses del doctorando as\u00ed lo requieran.<\/p>\n\n\n\n<p><em>El director de tesis<\/em><\/p>\n\n\n\n<p>La comisi\u00f3n acad\u00e9mica del programa asignar\u00e1 un director de tesis a cada doctorando en un plazo m\u00e1ximo de 6 meses desde la primera matr\u00edcula. La Comisi\u00f3n acad\u00e9mica del programa valorar\u00e1 la experiencia previa en la direcci\u00f3n de planes de investigaci\u00f3n y tesis doctorales y la disponibilidad del Director para asumir la direcci\u00f3n. Tambi\u00e9n se asegurar\u00e1 la conformidad tanto del futuro Director de tesis, como del propio doctorando. La Direcci\u00f3n de una tesis doctoral quedar\u00e1 condicionada a que el candidato complete satisfactoriamente los complementos formativos, si los hubiere, elabore el Plan de investigaci\u00f3n y \u00e9ste sea aprobado en el primer curso acad\u00e9mico del programa de doctorado.<\/p>\n\n\n\n<p>El Director de tesis es el m\u00e1ximo responsable de la coherencia e idoneidad de la formaci\u00f3n en investigaci\u00f3n y en competencias transversales del doctorando. Como requisito b\u00e1sico se le exigir\u00e1 al potencial Director los correspondientes requisitos exigidos por la normativa vigente en las distintas universidades, en el caso de que no est\u00e9n contenidos en los requisitos para acreditar la experiencia investigadora como se ha indicado en el punto anterior.<\/p>\n\n\n\n<p>El Director de tesis colaborar\u00e1 con el doctorando para alcanzar, primeramente, la presentaci\u00f3n y aprobaci\u00f3n del Plan de investigaci\u00f3n doctoral y, posteriormente, la elaboraci\u00f3n y la defensa de la tesis doctoral, de acuerdo con los procedimientos y plazos que se hayan establecido en la normativa que es de aplicaci\u00f3n. El Director de tesis seguir\u00e1 con regularidad el Plan de investigaci\u00f3n del doctorando, gui\u00e1ndolo y orient\u00e1ndolo mientras lo desarrolle. A medida que vaya avanzando en el desarrollo del Plan, procurar\u00e1 que el doctorando vaya tomando la iniciativa y ganando autonom\u00eda. El Director de tesis velar\u00e1 por que el Plan de investigaci\u00f3n tenga un car\u00e1cter original, formador e innovador, y que sea realizable en los t\u00e9rminos que se haya propuesto, as\u00ed como que \u00e9ste sea coherente con la l\u00ednea de investigaci\u00f3n a la que se haya vinculado.<\/p>\n\n\n\n<p>El Director de tesis ser\u00e1, en definitiva, el principal referente acad\u00e9mico del doctorando en la Universidad, una vez \u00e9ste haya completado las actividades que se hayan podido incorporar a su itinerario formativo personal durante el primer semestre del programa de doctorado. En el caso de los doctorandos que sean beneficiarios de becas predoctorales competitivas, el Director tambi\u00e9n ser\u00e1 responsable de la actividad que el becario desarrolle en el seno de la instituci\u00f3n. El Director de tesis se ocupar\u00e1 de apoyarle y orientarle sobre las estancias temporales en otras instituciones de educaci\u00f3n superior o centros de investigaci\u00f3n, sobre su participaci\u00f3n en proyectos de investigaci\u00f3n, sobre la publicaci\u00f3n y difusi\u00f3n de los resultados que obtenga en su investigaci\u00f3n y sobre el desarrollo de cualquier otra iniciativa de investigaci\u00f3n que seconsidere relevante llevar a cabo.<\/p>\n\n\n\n<p>Una vez asignado el director, se firmar\u00e1 la Carta de Doctorado, un documento de compromiso que establece los derechos y obligaciones del doctorado. La Carta de Doctorado que ser\u00e1 firmada por el doctorando, el director de la tesis, el tutor y el coordinador de la Comisi\u00f3n Acad\u00e9mica del Programa de Doctorado, recoger\u00e1 los siguientes contenidos:<\/p>\n\n\n\n<ul class=\"wp-block-list\">\n<li>el programa de doctorado con especificaci\u00f3n, cuando de un programa conjunto se trate, de las universidades que participan en \u00e9l;<\/li>\n\n\n\n<li>el tutor y director asignado;<\/li>\n\n\n\n<li>la condici\u00f3n de doctorando a tiempo completo o a tiempo parcial;<\/li>\n\n\n\n<li>las actividades a realizar para superar el periodo investigador y, en su caso, los complementos de formaci\u00f3n a cursar;<\/li>\n\n\n\n<li>el plazo de que dispone el doctorando para proceder a la lectura de la tesis;<\/li>\n\n\n\n<li>las condiciones para la autorizaci\u00f3n de la lectura de la tesis;<\/li>\n\n\n\n<li>los medios de impugnaci\u00f3n y resoluci\u00f3n de eventuales conflictos;<\/li>\n\n\n\n<li>los derechos de propiedad intelectual que le puedan corresponder respecto de los trabajos efectuados durante su formaci\u00f3n.<\/li>\n<\/ul>\n\n\n\n<p><strong>b) Procedimiento de control de registro de actividades de cada&nbsp;doctorando y la certificaci\u00f3n de sus datos.<\/strong><\/p>\n\n\n\n<p>El itinerario formativo del doctorando, el Plan de investigaci\u00f3n y la tesis doctoral&nbsp;quedan recogidos en el expediente acad\u00e9mico de la Escuela de Doctorado responsable&nbsp;del programa.<\/p>\n\n\n\n<p>Tras la primera matr\u00edcula del doctorando, se generar\u00e1 y mantendr\u00e1 un documento&nbsp;individualizado de actividades, el Documento de actividades del doctorando (DAD),&nbsp;donde figurar\u00e1n todas aquellas relacionadas con su vida acad\u00e9mica. En particular, se recoger\u00e1 el plan de investigaci\u00f3n que el doctorando debe elaborar antes de finalizar el primer a\u00f1o. Este plan, que podr\u00e1 ser mejorado a lo largo de los estudios de doctorado, tiene que ser avalado por el tutor y por el director, y debe incluir lametodolog\u00eda que se utilizar\u00e1, as\u00ed como los objetivos que se desean alcanzar con la investigaci\u00f3n. Adem\u00e1s de esto, figurar\u00e1n en el DAD las actividades de formaci\u00f3n realizadas, las publicaciones, las estancias en otros centros, ayudas o becas, participaci\u00f3n en congresos y seminarios, etc. As\u00ed mismo, se incluir\u00e1n los cambios de tutor o director.<\/p>\n\n\n\n<p>Se procurara que el DAD sea un registro electr\u00f3nico, custodiado por la Escuela de Doctorado responsable correspondiente a la Universidad coordinadora. Cada Universidad participante conservar\u00e1 copia del DAD de los doctorandos que pertenezcan a ella. Tanto el doctorando, como el tutor y director asignado y los miembros de la Comisi\u00f3n Acad\u00e9mica tendr\u00e1n acceso al DAD. El DAD ser\u00e1 un instrumento de evaluaci\u00f3n continuada del investigador en formaci\u00f3n e incluir\u00e1 evidencias de su formaci\u00f3n en investigaci\u00f3n y en competencias transversales. Por este motivo, se entregar\u00e1 a todos los miembros del tribunal de tesis.<\/p>\n\n\n\n<p><strong>c) Procedimiento para la valoraci\u00f3n anual del Plan de investigaci\u00f3n y el registro de actividades del doctorando.<\/strong><\/p>\n\n\n\n<p>La comisi\u00f3n acad\u00e9mica local elaborar\u00e1 un informe que har\u00e1 llegar a la Comisi\u00f3n&nbsp;acad\u00e9mica, valorando el Plan de investigaci\u00f3n presentado por el doctorando y<br>propondr\u00e1, de manera motivada, su aprobaci\u00f3n o no, si bien la decisi\u00f3n sobre \u00e9sta y&nbsp;otras evaluaciones recae exclusivamente en la Comisi\u00f3n acad\u00e9mica del programa.<\/p>\n\n\n\n<p>El tutor y el director revisar\u00e1n regularmente el documento de actividades del&nbsp;doctorando y la Comisi\u00f3n Acad\u00e9mica del programa lo evaluar\u00e1 anualmente, de&nbsp;acuerdo con el calendario que establecer\u00e1 la Escuela de Doctorado. Dichos informes&nbsp;se incorporar\u00e1n al documento de actividades.<\/p>\n\n\n\n<p>Para la realizaci\u00f3n de estos informes, la Comisi\u00f3n acad\u00e9mica local del programa&nbsp;nombrar\u00e1 una comisi\u00f3n formada por tres profesores del programa, ante la que cada&nbsp;doctorando expondr\u00e1, de modo breve, las actividades llevadas a cabo, los avances en&nbsp;la investigaci\u00f3n y las posibles desviaciones del plan de investigaci\u00f3n. Dicha comisi\u00f3n&nbsp;podr\u00e1 incluir un experto internacional en los casos en que la tem\u00e1tica de la&nbsp;investigaci\u00f3n o la evoluci\u00f3n de la misma lo haga aconsejable.<\/p>\n\n\n\n<p>La comisi\u00f3n acad\u00e9mica local emitir\u00e1 informes sobre el progreso de la investigaci\u00f3n&nbsp;doctoral para proporcionar informaci\u00f3n relevante a la Comisi\u00f3n acad\u00e9mica del&nbsp;programa en el desempe\u00f1o de sus funciones de seguimiento y evaluaci\u00f3n de la&nbsp;actividad llevada a cabo por el doctorando.<\/p>\n\n\n\n<p>A partir de estos informes, y de las evidencias aportadas por los doctorandos en su&nbsp;documento de actividades, la Comisi\u00f3n acad\u00e9mica determinar\u00e1 si procede la matr\u00edcula&nbsp;del doctorando en el curso acad\u00e9mico siguiente.<\/p>\n\n\n\n<p>Cuando el doctorando haya finalizado la elaboraci\u00f3n de la tesis, siempre de acuerdo&nbsp;con los plazos establecidos en la normativa de permanencia del doctorado, la&nbsp;comisi\u00f3n acad\u00e9mica local realizar\u00e1 un informe final de este trabajo y, si procede, otorgar\u00e1 su petici\u00f3n, razonada, para solicitar el dep\u00f3sito de la misma a la Comisi\u00f3n acad\u00e9mica del programa. A la vista de estos informes y del documento de actividades, la Comisi\u00f3n acad\u00e9mica podr\u00e1 admitir o no el dep\u00f3sito de la tesis. En el caso de que no existan publicaciones previas sobre los resultados de la tesis en revistas del JCR de uno de los \u00e1mbitos de matem\u00e1ticas, la Comisi\u00f3n acad\u00e9mica podr\u00e1 nombrar dos informadores independientes, expertos en el \u00e1mbito de la tesis doctoral, para que hagan llegar una evaluaci\u00f3n de la tesis que ser\u00e1 tenida en cuenta por la Comisi\u00f3n acad\u00e9mica antes de autorizar la lectura de la misma.<\/p>\n\n\n\n<p><strong>d) Previsi\u00f3n de estancias de los doctorandos en otros centros de&nbsp;formaci\u00f3n, nacionales e internacionales, cotutelas y menciones&nbsp;europeas.<\/strong><\/p>\n\n\n\n<p>El director propiciar\u00e1 la realizaci\u00f3n de estancias de investigaci\u00f3n del doctorando en&nbsp;centros nacionales e internacionales, sugiriendo los m\u00e1s adecuados y facilitando la<br>integraci\u00f3n del doctorando en el mismo.<\/p>\n\n\n\n<p>Desde el programa se fomentar\u00e1 la internacionalizaci\u00f3n, tanto a trav\u00e9s de&nbsp;convenios de cotutela como a trav\u00e9s de la colaboraci\u00f3n con investigadores de&nbsp;otros pa\u00edses y entre profesores de las distintas universidades participantes. Tambi\u00e9n se procurar\u00e1 que un alto porcentaje de tesis se defiendan en la&nbsp;modalidad de doctorado internacional.<\/p>\n<\/div><\/div><\/div>\n\n\n\n<div class=\"wp-block-stackable-column stk-block-column stk-column stk-block stk-53ec762\" data-v=\"4\" data-block-id=\"53ec762\"><style>.stk-53ec762-inner-blocks{row-gap:0px !important;}.stk-53ec762 {padding-top:0px !important;padding-right:0px !important;padding-bottom:0px !important;padding-left:0px !important;}@media screen and (min-width: 768px){.stk-53ec762 {flex:var(--stk-flex-grow, 1) 1 33.3% !important;}}<\/style><div class=\"stk-column-wrapper stk-block-column__content stk-container stk-53ec762-container stk--no-background stk--no-padding\"><div class=\"stk-block-content stk-inner-blocks stk-53ec762-inner-blocks\">\n\n<ul class=\"widget-box\">\n<li class='contacto-header'>Informaci\u00f3n de contacto<\/li><li><i class=\"fa fa-map-marker\"><\/i> Avda. Astrof\u00edsico Francisco S\u00e1nchez, SN. Edificio Calabaza \u2013 AN.2D Apdo. 456 38200 San Crist\u00f3bal de La Laguna<\/li><li><i class=\"fa fa-envelope\"><\/i>  <a href=mailto:doctorado.matematicas@ull.es>doctorado.matematicas@ull.es<\/a><\/li><li><i class=\"fa fa-calendar\"><\/i><a href=\"http:\/\/citaprevia.ull.es\/index.php?s=edpo\"> Cita previa<\/a><\/li>\n<\/ul>\n\n\n<\/div><\/div><\/div>\n<\/div><\/div>\n","protected":false},"excerpt":{"rendered":"<p>Suivi des doctorants a) Description de la proc\u00e9dure de nomination du directeur de th\u00e8se et de l&#039;encadrant de th\u00e8se du doctorant. Le comit\u00e9 acad\u00e9mique du programme sera responsable de l&#039;affectation et de la coordination des directeurs de th\u00e8se et des encadrants de th\u00e8se associ\u00e9s au programme, et supervisera la validation des parcours de formation et de recherche propos\u00e9s par ces derniers. De plus,\u2026<\/p>","protected":false},"author":1,"featured_media":0,"parent":27,"menu_order":0,"comment_status":"closed","ping_status":"closed","template":"templates\/template-frontpage.php","meta":{"_acf_changed":false,"footnotes":""},"class_list":["post-72","page","type-page","status-publish","hentry"],"acf":[],"publishpress_future_action":{"enabled":false,"date":"2026-04-19 02:17:46","action":"change-status","newStatus":"draft","terms":[],"taxonomy":"","extraData":[]},"publishpress_future_workflow_manual_trigger":{"enabledWorkflows":[]},"_links":{"self":[{"href":"https:\/\/www.ull.es\/doctorados\/matematicas-estadistica\/fr\/wp-json\/wp\/v2\/pages\/72","targetHints":{"allow":["GET"]}}],"collection":[{"href":"https:\/\/www.ull.es\/doctorados\/matematicas-estadistica\/fr\/wp-json\/wp\/v2\/pages"}],"about":[{"href":"https:\/\/www.ull.es\/doctorados\/matematicas-estadistica\/fr\/wp-json\/wp\/v2\/types\/page"}],"author":[{"embeddable":true,"href":"https:\/\/www.ull.es\/doctorados\/matematicas-estadistica\/fr\/wp-json\/wp\/v2\/users\/1"}],"replies":[{"embeddable":true,"href":"https:\/\/www.ull.es\/doctorados\/matematicas-estadistica\/fr\/wp-json\/wp\/v2\/comments?post=72"}],"version-history":[{"count":6,"href":"https:\/\/www.ull.es\/doctorados\/matematicas-estadistica\/fr\/wp-json\/wp\/v2\/pages\/72\/revisions"}],"predecessor-version":[{"id":368,"href":"https:\/\/www.ull.es\/doctorados\/matematicas-estadistica\/fr\/wp-json\/wp\/v2\/pages\/72\/revisions\/368"}],"up":[{"embeddable":true,"href":"https:\/\/www.ull.es\/doctorados\/matematicas-estadistica\/fr\/wp-json\/wp\/v2\/pages\/27"}],"wp:attachment":[{"href":"https:\/\/www.ull.es\/doctorados\/matematicas-estadistica\/fr\/wp-json\/wp\/v2\/media?parent=72"}],"curies":[{"name":"wp","href":"https:\/\/api.w.org\/{rel}","templated":true}]}}