{"id":21,"date":"2018-02-22T11:07:35","date_gmt":"2018-02-22T11:07:35","guid":{"rendered":"http:\/\/localhost\/ull\/doctorados\/?page_id=21"},"modified":"2019-05-13T12:48:02","modified_gmt":"2019-05-13T12:48:02","slug":"entidades-participantes","status":"publish","type":"page","link":"https:\/\/www.ull.es\/doctorados\/nanociencia-nanotecnologia\/fr\/entidades-participantes\/","title":{"rendered":"Entit\u00e9s participantes"},"content":{"rendered":"<h1>Entit\u00e9s participantes<\/h1>\n<ol>\n<li>Universit\u00e9 Jaume I de Castell\u00f3n (universit\u00e9 coordinatrice), Institut Catalan de Recherche Chimique, Centre de Recherche Technologique de Mondrag\u00f3n, Universit\u00e9 de Castille-La Manche, Universit\u00e9 Miguel Hern\u00e1ndez d&#039;Elche, Universit\u00e9 d&#039;Alicante, Universit\u00e9 Polytechnique de Catalogne, Institut des Sciences Photoniques, Universit\u00e9 Polytechnique de Carthag\u00e8ne, Universit\u00e9 Pablo Olavide de S\u00e9ville, Universit\u00e9 Rovira i Virgili de Tarragone, Centre de Technologies \u00c9lectrochimiques de Saint-S\u00e9bastien et Institut des Sciences des Mat\u00e9riaux de S\u00e9ville.<\/li>\n<li>Universit\u00e9 de Valence (universit\u00e9 coordinatrice), Universit\u00e9 Autonome de Madrid, Universit\u00e9 Complutense de Madrid, Centre National de Biotechnologie (CSIC), Universit\u00e9 d&#039;Alicante et Universit\u00e9 de Saragosse.<\/li>\n<li>Universit\u00e9 de Valence (universit\u00e9 coordinatrice), Universit\u00e9 de Cadix, Universit\u00e9 Cardenal Herrera CEU, Universit\u00e9 Complutense de Madrid, Universit\u00e9 de G\u00e9rone et Universit\u00e9 des \u00celes Bal\u00e9ares.<\/li>\n<li>1. Consortium national interuniversitaire pour la science et la technologie des mat\u00e9riaux (Italie) ; 2. Institut national de physique de la mati\u00e8re (Italie) ; 3. UNIZAR, Universit\u00e9 de Saragosse (Espagne) ; 4. MAN, Universit\u00e9 de Manchester (Royaume-Uni) ; 5. LEIDENUNIV, Universit\u00e9 de Leyde (Allemagne) ; 6. ITN, Institut de Technologie et de Technologie Nucl\u00e9aire (Portugal) ; 7. Universit\u00e9 de Berne (Suisse) ; 8. Universit\u00e9 de B\u00e2le (Suisse) ; 9. Universit\u00e9 de Gen\u00e8ve (Suisse) ; 10 Universit\u00e9 de Fribourg (Suisse) ; 11 Universit\u00e9 de Bucarest (Roumanie) ; 12. Universit\u00e9 Alexandru Ioan Cuza (Roumanie) ; 13. Universit\u00e9 de Wroclaw (Pologne) ; 14. Universit\u00e9 Jagellonne (Pologne) ; 15. Universit\u00e9 Adam Mickiewicz (Pologne).<\/li>\n<li>Universit\u00e9 de Valence (UV), Universit\u00e9 Polytechnique de Valence (UPV) et Conseil National de la Recherche Espagnole (CSIC).<\/li>\n<\/ol>\n<p><strong>Autres collaborations.<\/strong><\/p>\n<p>Outre les collaborations mentionn\u00e9es ci-dessus, il existe des activit\u00e9s de collaboration avec de nombreux groupes espagnols et \u00e9trangers et des accords avec des entreprises. La plupart des collaborations avec des groupes europ\u00e9ens se d\u00e9roulent dans le cadre de projets de recherche du septi\u00e8me programme-cadre de l\u2019Union europ\u00e9enne.<\/p>\n<p>Certains d\u2019entre eux sont \u00e9num\u00e9r\u00e9s ci-dessous\u00a0:<\/p>\n<p><strong>Espagne<br \/>\n<\/strong><\/p>\n<ul>\n<li>Prof. Manuel G. Basallote, Universit\u00e9 de Cadix.<\/li>\n<li>Prof. Julia P\u00e9rez Prieto, ICMol, Universit\u00e9 de Valence.<\/li>\n<li>Professeur Larry Falvello, Universit\u00e9 de Saragosse.<\/li>\n<li>Prof. Victor Polo, Universit\u00e9 de Saragosse.<\/li>\n<li>Professeur Juan Andr\u00e9s Bort, Universit\u00e9 Jaume I.<\/li>\n<li>Prof. Vicent Sixte Safont, Universit\u00e9 Jaume I.<\/li>\n<li>Professeure Rita Hernandez#Molina, Universit\u00e9 de La Laguna<\/li>\n<li>Universit\u00e9 de Barcelone : groupes dirig\u00e9s par les professeurs Santiago, Alvarez, Joan Ribas et Albert Escuer (D\u00e9partement de chimie inorganique de la Facult\u00e9 de chimie), dans l&#039;utilisation de la chimie de coordination dans le magn\u00e9tisme mol\u00e9culaire.<\/li>\n<li>Universit\u00e9 du Pays Basque : groupe dirig\u00e9 par le professeur Pascual Rom\u00e1n (D\u00e9partement de chimie inorganique de la Facult\u00e9 des Sciences)<\/li>\n<li>Universit\u00e9 de Grenade : groupe dirig\u00e9 par le professeur Enrique Colacio (D\u00e9partement de chimie inorganique, Facult\u00e9 des sciences), en nanomagn\u00e9tisme mol\u00e9culaire.<\/li>\n<li>Professeur Nazario Martin (UCM), en chimie des fuller\u00e8nes.<\/li>\n<li>Prof. Teodomiro Navarrete et Juan Casado (UM), en spectroscopie Raman.<\/li>\n<li>Prof. Enrique Guitian (\u00c9tats-Unis) en chimie de la benzine.<\/li>\n<li>Prof. J. Barber\u00e1 (UZ), en cristaux liquides.<\/li>\n<li>Prof. Garcia Fierro (CSIC), en analyse XPS.<\/li>\n<li>Dr. Victor Climent Universit\u00e9 d&#039;Alicante<\/li>\n<li>Prof. Sebasti\u00e1n Vieira, Prof. Nicolas Agrait, Prof. Gabino Rubio#Bollinger, Andres Buendia, Universit\u00e9 Autonome de Madrid, en physique de surface.<\/li>\n<\/ul>\n<p><strong>\u00c9tranger.<br \/>\n<\/strong><\/p>\n<ul>\n<li>Professeur Vladimir Fedin, Institut Nikolaev, RAS de Novosirsk, Russie.<\/li>\n<li>Professeur Vladimir Fedorov, Institut Nikolaev, RAS de Novosirsk, Russie.<\/li>\n<li>Dr. Maxim Sokolov, Institut Nikolaev, RAS de Novosirsk, Russie.<\/li>\n<li>Prof. Marc Fourmigu\u00e9, Universit\u00e9 de Rennes, France.<\/li>\n<li>Dr. Narcis Avarvari, CIMMA, Universit\u00e9 d&#039;Angers, France.<\/li>\n<li>Prof. J\u00e9r\u00f4me Lacour, Universit\u00e9 de Gen\u00e8ve, Suisse.<\/li>\n<li>Prof. Juergen Meyer, Universit\u00e9 de T\u00fcbingen, Allemagne.<\/li>\n<li>Prof. Manuel Almeida, Institut Technologique et Nucl\u00e9aire, Sacavem, Portugal.<\/li>\n<li>Universit\u00e9 Pierre et Marie Curie, Paris, France : Professeur Michel Verdaguer, Directeur de recherche CNRS Yves Journaux (Laboratoire de chimie min\u00e9rale et mat\u00e9riaux mol\u00e9culaires, Unit\u00e9 CNRS 7071) et Ma\u00eetres de conf\u00e9rences Rodrigue Lescou\u00ebzec et Jacqueline Vaissermann.<\/li>\n<li>Universit\u00e9 Paris #Sud, Orsay, France : \u00e9quipe dirig\u00e9e par le Professeur Talal Mallah (Laboratoire de Chimie Inorganique, CNRS UMR 8613)<\/li>\n<li>Institut Nationale Polytechnique de Toulouse, Toulouse, France : groupe dirig\u00e9 par le Professeur Alain Gleizes (ENSI Arts Chimiques et Technologiques)<\/li>\n<li>Universit\u00e9 de Calabre, Cosenza, Italie : groupe dirig\u00e9 par le professeur Giovanni De Munno (D\u00e9partement de chimie)<\/li>\n<li>Universit\u00e9 de Messine, Messine, Italie : groupe dirig\u00e9 par le professeur Francesco Nicol\u00f2 (D\u00e9partement de chimie inorganique, de chimie analytique et de chimie physique)<\/li>\n<li>Universit\u00e9 de Florence, Florence, Italie : groupe dirig\u00e9 par le professeur Dante Gatteschi, Roberta Sessoli (D\u00e9partement de chimie)<\/li>\n<li>Universitetet I Bergen, Bergen, Norv\u00e8ge : groupe dirig\u00e9 par le professeur Jorunn Sletten (Kjemisk Institutt)<\/li>\n<li>Universit\u00e9 de Syracuse, New York, \u00c9tats-Unis : groupe dirig\u00e9 par le professeur Rob P. Doyle (D\u00e9partement de chimie)<\/li>\n<li>Universit\u00e9 de Wrolaw, Wroclaw, Pologne : groupe dirig\u00e9 par le Prof. Jerzy Mrozinski (Facult\u00e9 de chimie)<\/li>\n<li>Universit\u00e9 de Bucarest, Bucarest, Roumanie. Groupe dirig\u00e9 par le Professeur Marius Andruh (Laboratoire de Chimie Inorganique, Facult\u00e9 de Chimie)<\/li>\n<li>Universit\u00e9 d&#039;\u00c9tat de Moscou, Moscou, Russie : groupe dirig\u00e9 par le professeur Natalia Kuzmina (D\u00e9partement de chimie)<\/li>\n<li>Universit\u00e9 de la R\u00e9publique, Montevideo, Uruguay : groupe dirig\u00e9 par le professeur Carlos Kremer (chaire de chimie inorganique, facult\u00e9 de chimie)<\/li>\n<li>Universit\u00e9 d&#039;\u00c9tat de Wichita, Wichita, Kansas, \u00c9tats-Unis : groupe dirig\u00e9 par le professeur Paul Rillema (D\u00e9partement de chimie)<\/li>\n<li>Universit\u00e9 de Houston#Clear Lake, Houston, Texas, \u00c9tats-Unis : groupe dirig\u00e9 par le professeur Jack Y. Lu (D\u00e9partement de chimie)<\/li>\n<li>Universit\u00e9 Memorial, St. John&#039;s, Canada : groupe dirig\u00e9 par le professeur Laurence K. Thompson (D\u00e9partement de chimie)<\/li>\n<li>Institut de chimie de l&#039;Universit\u00e9 f\u00e9d\u00e9rale de Goi\u00e1s (Dr. Danielle Cangussu) et D\u00e9partement de chimie de l&#039;Universit\u00e9 f\u00e9d\u00e9rale de Minas Gerais de Belo Horizonte (Prof. Dr. Humberto O. Stumpf), Br\u00e9sil.<\/li>\n<li>Universit\u00e9 de Concepci\u00f3n, Facult\u00e9 des Sciences Chimiques, Chili (Prof. Dr. Claudio Jim\u00e9nez et Julio Belmar),<\/li>\n<li>Professeur Sumio Iijima (Meijo Univ, Japon) sur les nanostructures de carbone, la microscopie \u00e9lectronique et les cellules photovolta\u00efques \u00e0 base de nanotubes de carbone.<\/li>\n<li>Prof. Osamu Ito (Tohoku Univ, Japon), sur les mesures photophysiques des mat\u00e9riaux magn\u00e9tiques mol\u00e9culaires.<\/li>\n<li>Prof. Oll\u00e9 Inganas (Linkopin Univ. Sweeden), sur les cellules photovolta\u00efques \u00e0 base de fuller\u00e8nes.<\/li>\n<li>Prof. Robert Deschenaux (Univ. de Neuch\u00e2tel Suisse), en cristaux liquides.<\/li>\n<li>Prof. Eichi Fukuzumi (Osaka, Univ. Japon) sur les mesures photophysiques sur les cellules photovolta\u00efques.<\/li>\n<li>Prof. Jean Fran\u00e7ois Nierengarten (Univ. Louis Pasteur, Strasbourg, France) sur les d\u00e9riv\u00e9s du fuller\u00e8ne.<\/li>\n<li>Prof. Luis Echegoyen (Clemsom Univ USA) : en \u00e9lectrochimie des nanoformes de carbone.<\/li>\n<li>Prof. Jan van Ruitenbeek (Universit\u00e9 de Leyde, Allemagne)<\/li>\n<li>Professeur Douglas Natelson (Rice Univ, \u00c9tats-Unis)<\/li>\n<\/ul>\n<p><strong><a href=\"http:\/\/www.cost.eu\/COST_Actions\/cmst\/CM1203\" target=\"_blank\" rel=\"noopener\">CO\u00dbT Action PoCheMon<\/a>\u00a0(Chimie des polyoxom\u00e9talates pour les nanosciences mol\u00e9culaires)<br \/>\n<\/strong><\/p>\n<p>Les polyoxom\u00e9talates (POM) sont des oxydes m\u00e9talliques mol\u00e9culaires de dimensions nanom\u00e9triques. Leurs propri\u00e9t\u00e9s exceptionnellement polyvalentes constituent la base des avanc\u00e9es en mati\u00e8re de catalyse, d\u2019\u00e9nergies alternatives, de dispositifs magn\u00e9tiques, \u00e9lectroniques et photoniques, ainsi que d\u2019applications en biom\u00e9decine en tant qu\u2019agents antitumoraux et antir\u00e9troviraux.<\/p>\n<p>L\u2019objectif principal de ce projet est de faire progresser la nanoscience mol\u00e9culaire bas\u00e9e sur le POM en cr\u00e9ant un r\u00e9seau de premier plan mondial pour l\u2019\u00e9ducation et la recherche en chimie du POM. Cette premi\u00e8re action COST dans ce domaine vise \u00e0 consolider la communaut\u00e9 europ\u00e9enne des POM et \u00e0 promouvoir une recherche strat\u00e9gique et efficace par la collaboration, cr\u00e9ant ainsi une base de connaissances accessible pour la g\u00e9n\u00e9ration de technologies de pointe gr\u00e2ce \u00e0 des liens avec des disciplines compl\u00e9mentaires et avec des entreprises. Gr\u00e2ce \u00e0 un programme de mobilit\u00e9 coordonn\u00e9, l\u2019objectif est de favoriser de nouvelles collaborations scientifiques, des \u00e9changes de formation et une diffusion rapide des r\u00e9sultats, favorisant ainsi les comp\u00e9tences et aptitudes de base des jeunes chercheurs.<\/p>\n<p>Les institutions participantes de cette action COST sont : KU Leuven (Belgique), Universit\u00e9 de Zagreb (Croatie), CNRS-Universit\u00e9 de Lyon (France), LCPQIRSAMC, Universit\u00e9 de Toulouse (France), Universit\u00e9 Pierre et Marie Curie (France), Universit\u00e9 de Versailles (France), Universit\u00e9 d&#039;Augsbourg (Allemagne), Universit\u00e9 Jacobs (Allemagne), Institut de technologie de Karlsruhe (Allemagne), Universit\u00e9 RWTH d&#039;Aix-la-Chapelle (Allemagne), Universit\u00e9 de Bielefeld (Allemagne), NCSR (Gr\u00e8ce), Trinity College de Dublin (Irlande) ), Universit\u00e9 Ben-Gurion (Isra\u00ebl), Institut des sciences Weizmann (Isra\u00ebl), Universit\u00e9 des \u00e9tudes de Padoue (Italie), Universit\u00e9 d&#039;Aveiro (Portugal), Universit\u00e9 de Bucarest (Roumanie), ICIQ (Espagne), ICMol-Universitat de Valence (Espagne), Universit\u00e9 Autonome de Madrid (Espagne), Universit\u00e9 Rovira i Virgili (Espagne), Acal Energy Limited (Royaume-Uni), Universit\u00e9 de Glasgow (Royaume-Uni), Universit\u00e9 de Liverpool (Royaume-Uni), Universit\u00e9 de Newcastle (Royaume-Uni), Universit\u00e9 de Zurich (Suisse), Universit\u00e9 Jagellonne (Pologne) .<\/p>\n<p><strong>Accords avec les entreprises.<\/strong><\/p>\n<p>Projet \u00ab ELECTROPRINT \u00bb : Production d\u2019OLED et de cellules solaires mol\u00e9culaires \u00e0 l\u2019aide de techniques d\u2019impression et leur caract\u00e9risation \u00bb. Accord entre l&#039;ICMol et l&#039;Institut Technologique d&#039;Optique, Couleur et Imagerie (AIDO) appartenant au R\u00e9seau d&#039;Instituts Technologiques du R\u00e9seau IMPIVA de la Generalitat Valenciana.<\/p>\n<p>Projet \u00ab INFINITEX \u00bb : Recherche de nouvelles fonctionnalit\u00e9s et intelligences mises en \u0153uvre dans les textiles. Accord entre l&#039;ICMol et l&#039;entit\u00e9 commerciale Grupo Antol\u00edn<br \/>\nIng\u00e9nierie, SA (ANTOL\u00cdN) dans le cadre du programme Consortiums strat\u00e9giques nationaux de recherche technique (CENIT).<\/p>\n<p>Accord avec Nippon Shokubai Co. Ltd. Accord entre l&#039;ICMol et cette soci\u00e9t\u00e9 pour la formation d&#039;un chercheur japonais pendant 2 ans pour apprendre la technique OLED.<\/p>\n<p><strong>\u00c9coles doctorales.<\/strong><\/p>\n<p>Le d\u00e9cret royal 99\/2011 sur les \u00e9tudes doctorales pr\u00e9voit la cr\u00e9ation d&#039;\u00e9coles doctorales que les universit\u00e9s doivent promouvoir, en tenant compte des organismes publics de recherche, ainsi que d&#039;autres institutions dans lesquelles des recherches sont men\u00e9es, telles que les entreprises, les h\u00f4pitaux, les fondations, etc. \u00c0 cet \u00e9gard, le S\u00e9nat de l&#039;Universit\u00e9 de Valence, a approuv\u00e9 lors de sa s\u00e9ance du 1er mars 2012, la modification des Statuts de l&#039;Universit\u00e9 de Valence, afin d&#039;inclure la possibilit\u00e9 de cr\u00e9er des \u00c9coles Doctorales, ce qui constitue un premier pas vers sa cr\u00e9ation et l&#039;affiliation de programmes doctoraux \u00e0 ceux de cette Universit\u00e9. Une fois que le Gouvernement de Valence aura \u00e9labor\u00e9 la r\u00e9glementation pour sa cr\u00e9ation, l&#039;Universit\u00e9 de Valence a annonc\u00e9 la cr\u00e9ation d&#039;une \u00c9cole Doctorale. D\u2019autres universit\u00e9s sont \u00e9galement en train de cr\u00e9er des \u00e9coles doctorales qui permettront l\u2019int\u00e9gration de programmes doctoraux. Dans ce sens, dans une premi\u00e8re \u00e9tape, le programme doctoral serait int\u00e9gr\u00e9 \u00e0 Valence dans l&#039;\u00ab \u00c9cole Doctorale UVEG \u00bb, \u00e0 Alicante dans l&#039;\u00ab \u00c9cole Doctorale UA \u00bb, \u00e0 Castell\u00f3n dans l&#039;\u00ab \u00c9cole Doctorale UA UJI \u00bb, \u00e0 La Laguna \u00e0 l&#039;\u00ab \u00c9cole Doctorale ULL \u00bb, en Castille-la-Manche \u00e0 l&#039;\u00ab \u00c9cole Doctorale Internationale UCLM \u00bb.<\/p>\n<p>Dans un deuxi\u00e8me temps, et comme nous l&#039;avions anticip\u00e9 lors de la description du contexte du programme doctoral, notre programme interuniversitaire vise \u00e0 \u00eatre le noyau d&#039;une \u00e9cole doctorale internationale en Nanosciences et Nanotechnologies qui int\u00e8gre des universit\u00e9s et centres de recherche europ\u00e9ens travaillant dans les domaines des nanosciences et des nanotechnologies. . aspects mol\u00e9culaires des nanosciences et des nanotechnologies.<\/p>","protected":false},"excerpt":{"rendered":"<p>Entit\u00e9s participantes : Universit\u00e9 Jaume I de Castell\u00f3n (universit\u00e9 coordinatrice), Institut Catalan de Recherche Chimique, Centre de Recherche Technologique de Mondrag\u00f3n, Universit\u00e9 de Castille-La Manche, Universit\u00e9 Miguel Hern\u00e1ndez d&#039;Elche, Universit\u00e9 d&#039;Alicante, Universit\u00e9 Polytechnique de Catalogne, Institut des Sciences Photoniques, Universit\u00e9 Polytechnique de Carthag\u00e8ne, Universit\u00e9 Pablo Olavide de S\u00e9ville, Universit\u00e9 Rovira i Virgili de\u2026<\/p>","protected":false},"author":1,"featured_media":0,"parent":0,"menu_order":0,"comment_status":"closed","ping_status":"closed","template":"","meta":{"_acf_changed":false,"footnotes":""},"class_list":["post-21","page","type-page","status-publish","hentry"],"acf":[],"publishpress_future_action":{"enabled":false,"date":"2026-04-15 09:16:06","action":"change-status","newStatus":"draft","terms":[],"taxonomy":"","extraData":[]},"publishpress_future_workflow_manual_trigger":{"enabledWorkflows":[]},"_links":{"self":[{"href":"https:\/\/www.ull.es\/doctorados\/nanociencia-nanotecnologia\/fr\/wp-json\/wp\/v2\/pages\/21","targetHints":{"allow":["GET"]}}],"collection":[{"href":"https:\/\/www.ull.es\/doctorados\/nanociencia-nanotecnologia\/fr\/wp-json\/wp\/v2\/pages"}],"about":[{"href":"https:\/\/www.ull.es\/doctorados\/nanociencia-nanotecnologia\/fr\/wp-json\/wp\/v2\/types\/page"}],"author":[{"embeddable":true,"href":"https:\/\/www.ull.es\/doctorados\/nanociencia-nanotecnologia\/fr\/wp-json\/wp\/v2\/users\/1"}],"replies":[{"embeddable":true,"href":"https:\/\/www.ull.es\/doctorados\/nanociencia-nanotecnologia\/fr\/wp-json\/wp\/v2\/comments?post=21"}],"version-history":[{"count":3,"href":"https:\/\/www.ull.es\/doctorados\/nanociencia-nanotecnologia\/fr\/wp-json\/wp\/v2\/pages\/21\/revisions"}],"predecessor-version":[{"id":200,"href":"https:\/\/www.ull.es\/doctorados\/nanociencia-nanotecnologia\/fr\/wp-json\/wp\/v2\/pages\/21\/revisions\/200"}],"wp:attachment":[{"href":"https:\/\/www.ull.es\/doctorados\/nanociencia-nanotecnologia\/fr\/wp-json\/wp\/v2\/media?parent=21"}],"curies":[{"name":"wp","href":"https:\/\/api.w.org\/{rel}","templated":true}]}}