{"id":23,"date":"2018-02-22T11:09:29","date_gmt":"2018-02-22T11:09:29","guid":{"rendered":"http:\/\/localhost\/ull\/doctorados\/?page_id=23"},"modified":"2019-02-26T10:06:55","modified_gmt":"2019-02-26T10:06:55","slug":"justificacion-del-titulo","status":"publish","type":"page","link":"https:\/\/www.ull.es\/doctorados\/nanociencia-nanotecnologia\/fr\/justificacion-del-titulo\/","title":{"rendered":"Justification du titre"},"content":{"rendered":"<h1>Justification du titre<\/h1>\n<p><strong>Exp\u00e9rience ant\u00e9rieure dans l\u2019enseignement de programmes doctoraux pr\u00e9sentant des caract\u00e9ristiques similaires.<br \/>\n<\/strong><\/p>\n<p>Le doctorat interuniversitaire en nanosciences et nanotechnologie propos\u00e9 trouve son origine dans l&#039;\u00c9cole nationale des mat\u00e9riaux mol\u00e9culaires, qui se d\u00e9veloppe depuis 1992 sur une base biennale. Cette \u00e9cole a servi \u00e0 articuler et \u00e0 consolider en Espagne une communaut\u00e9 scientifique dans le domaine des nanosciences et des mat\u00e9riaux mol\u00e9culaires, qui est actuellement constitu\u00e9e en groupe sp\u00e9cialis\u00e9 de la Soci\u00e9t\u00e9 royale espagnole de chimie. L\u2019\u00c9cole a par ailleurs contribu\u00e9 de mani\u00e8re d\u00e9cisive \u00e0 la formation de plusieurs g\u00e9n\u00e9rations de jeunes scientifiques.<\/p>\n<p>Depuis 2007, la p\u00e9riode de formation pour ce doctorat est structur\u00e9e autour du Master Interuniversitaire en \u00ab Nanoscience et Nanotechnologie Mol\u00e9culaire \u00bb, qui a re\u00e7u une v\u00e9rification positive en 2009 (r\u00e9solution du 5 octobre 2009) et dans lequel les Universit\u00e9s de Valence (UVEG, coordinateur) , Universit\u00e9 d&#039;Alicante (UA), Universit\u00e9 de Castille-La Manche (UCLM), Universit\u00e9 Jaume I de Castell\u00f3n (UJI), Universit\u00e9 de La Laguna (ULL), Universit\u00e9 Autonome de Madrid (UAM) et Universit\u00e9 de Valladolid (UVA).<\/p>\n<p>A ce titre, le programme doctoral a re\u00e7u en octobre 2011 la mention d&#039;excellence du Minist\u00e8re de l&#039;\u00c9ducation avec une note globale pond\u00e9r\u00e9e de 94\/100 (R\u00e9f\u00e9rence MEE2011-00194). Ce doctorat a \u00e9galement re\u00e7u la mention qualit\u00e9 lors du premier appel depuis la date de cr\u00e9ation du programme (r\u00e9f\u00e9rence MCD2008-00082).<\/p>\n<p>La p\u00e9riode de formation pr\u00e9alable au programme doctoral a \u00e9t\u00e9 structur\u00e9e autour du \u00ab Master en Nanosciences et Nanotechnologie Mol\u00e9culaire \u00bb, r\u00e9glement\u00e9 selon le RD1393\/2007 et v\u00e9rifi\u00e9 positivement par la proc\u00e9dure abr\u00e9g\u00e9e (r\u00e9solution 29\/06\/2009). En plus des universit\u00e9s mentionn\u00e9es dans le programme de doctorat, l&#039;Universit\u00e9 Autonome de Madrid et l&#039;Universit\u00e9 de Valladolid participent. Ce master est issu de la transformation du \u00ab Master en Nanosciences et Nanotechnologie Mol\u00e9culaire \u00bb r\u00e9glement\u00e9 selon le RD56\/2005 et a re\u00e7u un rapport favorable de la Commission Valencienne d&#039;Accr\u00e9ditation et d&#039;\u00c9valuation de la Qualit\u00e9 (CVAEC) en date du 23 janvier 2006 et a \u00e9t\u00e9 autoris\u00e9 \u00e0 \u00eatre mis en \u0153uvre selon au D\u00e9cret 44\/2006, du 31 mars, du Consell de la Generalitat Valenciana (DOGV n\u00b0 5233 du 04\/04\/2006).<\/p>\n<p><strong>Demande de programme et int\u00e9r\u00eat pour la soci\u00e9t\u00e9.<br \/>\n<\/strong><\/p>\n<p>Ces derni\u00e8res ann\u00e9es, certains domaines scientifiques, tels que la chimie supramol\u00e9culaire, la biologie mol\u00e9culaire, la physique des surfaces et la physique des basses temp\u00e9ratures, ont connu un d\u00e9veloppement remarquable dans notre pays. Des groupes de recherche ont \u00e9t\u00e9 form\u00e9s et ont atteint une excellente position comp\u00e9titive sur la sc\u00e8ne internationale. De plus, de mani\u00e8re naturelle, l\u2019objet m\u00eame de recherche de ces disciplines a converg\u00e9 vers ce qu\u2019on appelle Nanoscience et Nanotechnologie. L\u2019importance strat\u00e9gique de ces domaines en R&amp;D est clairement d\u00e9montr\u00e9e par le fait qu\u2019ils ont \u00e9t\u00e9 prioritaires dans tous les programmes nationaux, europ\u00e9ens et internationaux de tous les pays d\u00e9velopp\u00e9s. Dans ces domaines, physiciens, chimistes, biologistes, m\u00e9decins et ing\u00e9nieurs sont charg\u00e9s d\u2019obtenir, de manipuler, d\u2019organiser, d\u2019\u00e9tudier et d\u2019exploiter les propri\u00e9t\u00e9s d\u2019objets de taille nanom\u00e9trique. Cependant, maintenir une position internationale v\u00e9ritablement comp\u00e9titive dans certains domaines des nanosciences aujourd&#039;hui et \u00e0 l&#039;avenir n\u00e9cessite un niveau de comp\u00e9tence qui ne peut \u00eatre atteint qu&#039;avec une concentration th\u00e9matique et une formation ad\u00e9quate du personnel de recherche qui leur permet d&#039;acqu\u00e9rir les connaissances multidisciplinaires n\u00e9cessaires \u00e0 ces domaines. les zones n\u00e9cessitent. ont besoin.<\/p>\n<p>L\u2019orientation \u00ab mol\u00e9culaire \u00bb de ce doctorat en Nanosciences et Nanotechnologies le rend unique au niveau national (et aussi europ\u00e9en). Cette orientation permet de d\u00e9velopper les aspects des nanosciences qui se situent \u00e0 l\u2019intersection de la physique, de la chimie et de la biom\u00e9decine, la rendant v\u00e9ritablement multidisciplinaire. Ainsi, le Doctorat en Nanosciences et Nanotechnologies :<\/p>\n<ul>\n<li>Il offre une formation \u00e0 la recherche aux dipl\u00f4m\u00e9s en Chimie, Physique, Biologie ; G\u00e9nie chimique ou \u00e9lectronique; Science et technologie des mat\u00e9riaux; M\u00e9decine, et permet l&#039;am\u00e9lioration et la qualification pour le d\u00e9veloppement professionnel, acad\u00e9mique et de recherche.<\/li>\n<li>\u00c9tablit des relations de collaboration avec des institutions et des entreprises de haute technologie.<\/li>\n<li>Il favorise la coop\u00e9ration entre diff\u00e9rentes universit\u00e9s pour d\u00e9velopper un profil de recherche en nanosciences et en nanotechnologie mol\u00e9culaire qui est demand\u00e9 dans les secteurs professionnels de la R&amp;D&amp;I et justement reconnu dans le domaine de la recherche scientifique et technologique.<\/li>\n<\/ul>\n<p>En ce qui concerne les sorties des \u00e9tudiants qui obtiennent ce doctorat, nous devons souligner que notre exp\u00e9rience montre qu&#039;une partie importante s&#039;est \u00e9tablie comme chercheurs dans des Universit\u00e9s et autres OPIS (tant espagnols qu&#039;\u00e9trangers). Actuellement, le panorama est en train de changer et de plus en plus d&#039;\u00e9tudiants de ce doctorat trouvent du travail dans des industries et des centres technologiques (tels que la cr\u00e9ation de dispositifs bas\u00e9s sur l&#039;utilisation de nanomat\u00e9riaux, de rev\u00eatements et de peintures pour l&#039;industrie m\u00e9tallurgique, des entreprises dans le domaine des nanotubes et autres nanostructures de carbone pour le d\u00e9veloppement de nouveaux mat\u00e9riaux avanc\u00e9s pour des applications en nanotechnologie, services li\u00e9s aux rev\u00eatements de surface bas\u00e9s sur la recherche chimique aux niveaux nanotechnologiques, centres de micro\u00e9lectronique, etc.), les industries chimiques et pharmaceutiques li\u00e9es \u00e0 la synth\u00e8se de mol\u00e9cules, capteurs et biocapteurs et de nouveaux mat\u00e9riaux avanc\u00e9s, Laboratoires d&#039;analyse des mat\u00e9riaux, centres d&#039;applications biom\u00e9dicales, agroalimentaires, environnementales et \u00e9nerg\u00e9tiques, etc.<\/p>\n<p>Ce doctorat implique des groupes de prestige reconnu des d\u00e9partements de chimie inorganique, de chimie organique, de chimie physique et de physique appliqu\u00e9e des universit\u00e9s de Valence (UVEG), d&#039;Alicante (UA), Jaume I (UJI), de La Laguna (LL) et de Castilla La Mancha. Mancha (CLM), ce qui lui conf\u00e8re le caract\u00e8re multidisciplinaire et la taille critique n\u00e9cessaire pour devenir une r\u00e9f\u00e9rence nationale dans ce domaine strat\u00e9gique. La plupart de ces groupes sont int\u00e9gr\u00e9s dans des instituts et structures de recherche universitaires. Ainsi, \u00e0 l&#039;UVEG ces groupes d\u00e9veloppent leurs recherches \u00e0 l&#039;Institut des Sciences Mol\u00e9culaires (ICMol), tandis qu&#039;\u00e0 l&#039;UCLM ils le font \u00e0 l&#039;Institut de Nanosciences, Nanotechnologie et Mat\u00e9riaux Mol\u00e9culaires (INAMol).<\/p>\n<p>Les principaux axes de recherche associ\u00e9s au programme doctoral sont les suivants :<\/p>\n<ul>\n<li>Chimie supramol\u00e9culaire, reconnaissance mol\u00e9culaire et auto-assemblage mol\u00e9culaire en nanosciences.<\/li>\n<li>Ing\u00e9nierie cristalline et conception de mat\u00e9riaux mol\u00e9culaires.<\/li>\n<li>Electronique mol\u00e9culaire.<\/li>\n<li>Nanomagn\u00e9tisme mol\u00e9culaire.<\/li>\n<li>Applications de la nanoscience mol\u00e9culaire.<\/li>\n<\/ul>\n<p>Dans la section 6.1 relative aux axes et \u00e9quipes de recherche, ces axes sont d\u00e9crits plus en d\u00e9tail. Comme on peut le voir, les lignes couvrent les diff\u00e9rentes facettes des Nanosciences Mol\u00e9culaires : de la conception chimique et de la synth\u00e8se de mol\u00e9cules fonctionnelles et de mat\u00e9riaux \u00e0 base de ces mol\u00e9cules, jusqu&#039;\u00e0 la fabrication de nanostructures mol\u00e9culaires, l&#039;\u00e9tude et la mod\u00e9lisation th\u00e9orique de leurs propri\u00e9t\u00e9s \u00e0 l&#039;\u00e9chelle nanom\u00e9trique. et le d\u00e9veloppement de ses applications \u00e9lectroniques, chimiques et biologiques.<\/p>\n<p>La qualit\u00e9 de la recherche des Universit\u00e9s participant au Doctorat se refl\u00e8te dans les r\u00e9sultats que les diff\u00e9rents groupes de recherche impliqu\u00e9s ont obtenus au cours des trois derni\u00e8res ann\u00e9es : plus de 1000 publications dans des revues internationales, 15 brevets d&#039;invention, plus de 100 projets de recherche financ\u00e9s par Le MINECO, les Communaut\u00e9s Autonomes et l&#039;Union Europ\u00e9enne, entre autres institutions, ont sign\u00e9 plus de 15 contrats de recherche avec des entreprises priv\u00e9es et des institutions publiques (Kimberly-Clark, Neuropharma, Osram, Philips, etc.) et plus de 100 th\u00e8ses de doctorat ont \u00e9t\u00e9 lues.<\/p>\n<p>Une demande suffisante d\u2019\u00e9tudiants est garantie par :<\/p>\n<p>1) l&#039;excellence des groupes de recherche participants, qui ont une forte tradition de formation des doctorants, et<\/p>\n<p>2) l\u2019importance actuelle du domaine : la nanotechnologie s\u2019est impos\u00e9e comme un domaine de recherche strat\u00e9gique aux niveaux mondial, europ\u00e9en et national, tant du point de vue de la recherche que des applications technologiques.<\/p>\n<p>Au cours des trois derni\u00e8res ann\u00e9es, le nombre d&#039;\u00e9tudiants inscrits est en augmentation : 32 pour l&#039;ann\u00e9e acad\u00e9mique 2009\/2010, 35 pour l&#039;ann\u00e9e 2010\/2011 et 43 pour l&#039;ann\u00e9e 2011\/2012.<\/p>\n<p><strong>Relation de la proposition avec la situation de la R&amp;D&amp;I en Nanosciences et Nanotechnologies.<br \/>\n<\/strong><\/p>\n<p>Les chercheurs participant \u00e0 ce doctorat sont \u00e0 la pointe des nanosciences mol\u00e9culaires tant au niveau national qu&#039;international. Ainsi, au niveau national, quatre des cinq Universit\u00e9s participantes \u00e0 ce Doctorat participent \u00e0 trois projets de recherche d&#039;excellence du Programme \u00ab Consolider-Ingenio 2010 \u00bb : Un projet g\u00e9n\u00e9ral sur la Nanoscience Mol\u00e9culaire (Projet NANOMOL, coordonn\u00e9 par l&#039;UVEG (E. Coronado ) et qui a la participation de l&#039;UA), un autre sur les applications des Nanosciences Mol\u00e9culaires dans le secteur de l&#039;\u00e9nergie (Projet HOPE, coordonn\u00e9 par l&#039;UJI (J. Bisquert) et qui a la participation de l&#039;UCLM) et un troisi\u00e8me sur les applications biom\u00e9dicales de chimie supramol\u00e9culaire (coordonn\u00e9 par UVEG (E. Garc\u00eda Espa\u00f1a)).<\/p>\n<p>D&#039;autre part, l&#039;Universit\u00e9 de Valence, coordinatrice du programme doctoral, appartient \u00e0 un r\u00e9seau europ\u00e9en d&#039;excellence en Mat\u00e9riaux et Magn\u00e9tisme Mol\u00e9culaire (\u00ab Approche Mol\u00e9culaire des Nanoaimants et Mat\u00e9riaux Multifonctionnels \u00bb MAGMANET) et d\u00e9tient \u00e9galement la direction scientifique de l&#039;Institut Europ\u00e9en en magn\u00e9tisme mol\u00e9culaire (E. Coronado), fait de ce doctorat national le germe d&#039;un doctorat international. En effet, l\u2019un des objectifs prioritaires de cet institut de recherche europ\u00e9en est la mise en place d\u2019un doctorat international en nanosciences mol\u00e9culaires, avec la capacit\u00e9 d\u2019attirer des \u00e9tudiants non europ\u00e9ens gr\u00e2ce au programme Erasmus-Mundus.<\/p>\n<p><strong>Int\u00e9gration du programme de doctorat dans une \u00e9cole doctorale.<\/strong><\/p>\n<p>Comme nous venons de l\u2019indiquer, ce programme a pour ambition de devenir le germe d\u2019un Doctorat International en Nanosciences Mol\u00e9culaires dans les ann\u00e9es \u00e0 venir. \u00c0 moyen terme, ce Programme vise \u00e0 \u00eatre le noyau autour duquel s&#039;articule une \u00c9cole Internationale en Nanosciences Mol\u00e9culaires qui rassemble les diff\u00e9rents doctorats europ\u00e9ens qui existent actuellement dans ce domaine, cr\u00e9ant ainsi une communaut\u00e9 scientifique internationale o\u00f9 les nouvelles g\u00e9n\u00e9rations se forment et collaborent. des scientifiques qui \u00e9tudient ces questions strat\u00e9giques d\u2019un point de vue mol\u00e9culaire.<\/p>\n<p>A court terme, il faut souligner que ce programme doctoral s&#039;inscrit dans l&#039;offre de recherche du Campus d&#039;Excellence VLC\/Campus. Cette initiative a lanc\u00e9 le processus de cr\u00e9ation d&#039;une \u00c9cole Internationale commune dans laquelle sera coordonn\u00e9e et g\u00e9r\u00e9e l&#039;offre de formation de masters et de doctorats d&#039;excellence internationale : masters b\u00e9n\u00e9ficiant de la reconnaissance Erasmus Mundus, masters et doctorats interuniversitaires et internationaux avec une Mention de Qualit\u00e9, et qui sont \u00e9troitement li\u00e9s aux domaines de sp\u00e9cialisation de VLC\/CAMPUS, \u00e0 savoir la Sant\u00e9, l&#039;Information\/Communication et la Durabilit\u00e9. Les dipl\u00f4mes enseign\u00e9s dans cette \u00c9cole se caract\u00e9risent par une orientation recherche et professionnelle ; L&#039;offre de formation propose de d\u00e9velopper une forte interrelation entre formation, recherche et innovation, contribuant \u00e0 l&#039;\u00e9tablissement d&#039;un cercle vertueux entre ces trois \u00e9l\u00e9ments, suivant les principes \u00e9tablis dans le mod\u00e8le de campus ; Les processus d\u2019enseignement-apprentissage seront soutenus par des ressources et des \u00e9quipements technologiques appropri\u00e9s et par les services des Centres de ressources d\u2019apprentissage et de recherche VLC\/CAMPUS ; De plus, et conform\u00e9ment \u00e0 son caract\u00e8re international, dans le cadre de l\u2019\u00c9cole, une importance particuli\u00e8re sera accord\u00e9e \u00e0 la communication en anglais et au d\u00e9veloppement des comp\u00e9tences multilingues et interculturelles.<\/p>\n<p><strong>\u00c9tudiants \u00e0 temps plein et \u00e0 temps partiel.<br \/>\n<\/strong><\/p>\n<p>Parmi les universit\u00e9s signataires de l&#039;accord, 5% de places seront r\u00e9serv\u00e9es aux \u00e9tudiants \u00e0 temps partiel dans l&#039;une des universit\u00e9s. S&#039;il n&#039;y a pas d&#039;\u00e9tudiants dans cette cat\u00e9gorie, ils seront utilis\u00e9s comme places \u00e0 temps plein.<\/p>","protected":false},"excerpt":{"rendered":"<p>Justification du titre Exp\u00e9riences ant\u00e9rieures dans l&#039;enseignement de programmes doctoraux pr\u00e9sentant des caract\u00e9ristiques similaires. Le projet de doctorat interuniversitaire en nanosciences et nanotechnologies est n\u00e9 \u00e0 l&#039;\u00c9cole nationale des mat\u00e9riaux mol\u00e9culaires, qui fonctionne depuis deux ans depuis 1992. Cette \u00e9cole a servi \u00e0 articuler et \u00e0 consolider une communaut\u00e9 en Espagne\u2026<\/p>","protected":false},"author":1,"featured_media":0,"parent":0,"menu_order":0,"comment_status":"closed","ping_status":"closed","template":"","meta":{"_acf_changed":false,"footnotes":""},"class_list":["post-23","page","type-page","status-publish","hentry"],"acf":[],"publishpress_future_action":{"enabled":false,"date":"2026-04-15 09:16:00","action":"change-status","newStatus":"draft","terms":[],"taxonomy":"","extraData":[]},"publishpress_future_workflow_manual_trigger":{"enabledWorkflows":[]},"_links":{"self":[{"href":"https:\/\/www.ull.es\/doctorados\/nanociencia-nanotecnologia\/fr\/wp-json\/wp\/v2\/pages\/23","targetHints":{"allow":["GET"]}}],"collection":[{"href":"https:\/\/www.ull.es\/doctorados\/nanociencia-nanotecnologia\/fr\/wp-json\/wp\/v2\/pages"}],"about":[{"href":"https:\/\/www.ull.es\/doctorados\/nanociencia-nanotecnologia\/fr\/wp-json\/wp\/v2\/types\/page"}],"author":[{"embeddable":true,"href":"https:\/\/www.ull.es\/doctorados\/nanociencia-nanotecnologia\/fr\/wp-json\/wp\/v2\/users\/1"}],"replies":[{"embeddable":true,"href":"https:\/\/www.ull.es\/doctorados\/nanociencia-nanotecnologia\/fr\/wp-json\/wp\/v2\/comments?post=23"}],"version-history":[{"count":2,"href":"https:\/\/www.ull.es\/doctorados\/nanociencia-nanotecnologia\/fr\/wp-json\/wp\/v2\/pages\/23\/revisions"}],"predecessor-version":[{"id":199,"href":"https:\/\/www.ull.es\/doctorados\/nanociencia-nanotecnologia\/fr\/wp-json\/wp\/v2\/pages\/23\/revisions\/199"}],"wp:attachment":[{"href":"https:\/\/www.ull.es\/doctorados\/nanociencia-nanotecnologia\/fr\/wp-json\/wp\/v2\/media?parent=23"}],"curies":[{"name":"wp","href":"https:\/\/api.w.org\/{rel}","templated":true}]}}