{"id":72,"date":"2018-02-22T13:28:20","date_gmt":"2018-02-22T13:28:20","guid":{"rendered":"http:\/\/www.ull.es\/doctorados\/nanociencia-nanotecnologia\/?page_id=72"},"modified":"2025-08-20T11:38:07","modified_gmt":"2025-08-20T11:38:07","slug":"seguimiento-doctorando","status":"publish","type":"page","link":"https:\/\/www.ull.es\/doctorados\/nanociencia-nanotecnologia\/fr\/organizacion-del-programa\/seguimiento-doctorando\/","title":{"rendered":"Suivi du doctorant"},"content":{"rendered":"\n<div class=\"wp-block-stackable-columns alignfull stk-block-columns stk-block stk-2314a6b\" data-block-id=\"2314a6b\"><style>.stk-2314a6b {padding-bottom:0px !important;margin-top:-100px !important;margin-bottom:0px !important;}<\/style><div class=\"stk-row stk-inner-blocks stk-block-content stk-content-align stk-2314a6b-column alignfull\">\n<div class=\"wp-block-stackable-column stk-block-column stk-column stk-block stk-1d1764d\" data-v=\"4\" data-block-id=\"1d1764d\"><div class=\"stk-column-wrapper stk-block-column__content stk-container stk-1d1764d-container stk--no-background stk--no-padding\"><div class=\"stk-block-content stk-inner-blocks stk-1d1764d-inner-blocks\"><style id=\"depicter-6-inline-pre-css\">\n\n.depicter-6:not(.depicter-ready){\n\theight:450px;\n}\n\n\/***** Tablet *****\/\n@media screen and (max-width: 1024px){\n\n.depicter-6:not(.depicter-ready){\n\theight:700px;\n}\n\n}\n\/***** Mobile *****\/\n@media screen and (max-width: 767px){\n\n.depicter-6:not(.depicter-ready){\n\theight:740px;\n}\n\n}\n<\/style>\n<div id=\"depicter-6\" class=\"depicter depicter-document depicter-revert depicter-6 depicter-layout-fullwidth\">\n\n<div class=\"depicter-loading-container depicter-loading dotFlashing-dark\"><div class=\"depicter-loading-dark depicter-dot-flashing\">\n   <span><\/span>\n   <span><\/span>\n   <span><\/span>\n<\/div>\n<\/div>\n<div id=\"depicter-6-section-1\" class=\"depicter-section depicter-6-section-1\" data-name=\"Section 1\" data-type=\"section\" data-local-id=\"section-1\">\n<picture class=\"depicter-bg\">\n<source data-depicter-srcset=\"https:\/\/www.ull.es\/doctorados\/nanociencia-nanotecnologia\/wp-content\/uploads\/sites\/17\/2025\/05\/Headers-Doctorados_Doctorado-Nanociencia-768x248.jpg, https:\/\/www.ull.es\/doctorados\/nanociencia-nanotecnologia\/wp-content\/uploads\/sites\/17\/2025\/05\/Headers-Doctorados_Doctorado-Nanociencia.jpg 2x\" srcset=\"data:image\/gif;base64,R0lGODlhAQABAIAAAAAAAP\/\/\/yH5BAEAAAAALAAAAAABAAEAAAIBRAA7\" media=\"(max-width: 1024px)\" \/>\n\n<source data-depicter-srcset=\"https:\/\/www.ull.es\/doctorados\/nanociencia-nanotecnologia\/wp-content\/uploads\/sites\/17\/2025\/05\/Headers-Doctorados_Doctorado-Nanociencia.jpg, https:\/\/www.ull.es\/doctorados\/nanociencia-nanotecnologia\/wp-content\/uploads\/sites\/17\/2025\/05\/Headers-Doctorados_Doctorado-Nanociencia-2000x645.jpg 2x\" srcset=\"data:image\/gif;base64,R0lGODlhAQABAIAAAAAAAP\/\/\/yH5BAEAAAAALAAAAAABAAEAAAIBRAA7\" media=\"(min-width: 1025px)\" \/>\n<img decoding=\"async\" src=\"data:image\/gif;base64,R0lGODlhAQABAIAAAAAAAP\/\/\/yH5BAEAAAAALAAAAAABAAEAAAIBRAA7\" data-ken-burns=\"false\" data-tablet-ken-burns=\"false\" data-mobile-ken-burns=\"false\" alt=\"\" data-depicter-src=\"https:\/\/www.ull.es\/doctorados\/nanociencia-nanotecnologia\/wp-content\/uploads\/sites\/17\/2025\/05\/Headers-Doctorados_Doctorado-Nanociencia.jpg\" data-object-fit=\"custom,custom,\" data-object-position=\"center top,,\" data-crop=\"{'focalPoint':{'x':0.5,'y':0.5},'mediaSize':{'width':1395.3488372093024736386723816394805908203125,'height':450}}\" data-tablet-crop=\"{'focalPoint':{'x':0.5,'y':0.5},'mediaSize':{'width':2170.54263565891460530110634863376617431640625,'height':700}}\" data-mobile-crop=\"{'focalPoint':{'x':0.5,'y':0.5},'mediaSize':{'width':2294.57364341085258274688385426998138427734375,'height':740}}\" \/>\n<\/picture>\n\n\n<h1 id=\"depicter-6-element-5\" class=\"depicter-element depicter-layer depicter-6-element-5\" data-type=\"text\" data-wrap=\"true\" data-name=\"Text 2\" data-local-id=\"element-5\" data-offset=\"x:0px;y:139px;origin:tl\" data-tablet-offset=\"x:290px;y:193px;origin:tl\" data-mobile-offset=\"x:40px;y:272px;origin:tl\" data-width=\"1409px,auto,348px\" data-height=\"auto,auto,auto\" data-responsive-scale=\"true,,\">Programa de Doctorado en <br>Nanociencia y Nanotecnolog\u00eda<\/h1>\n\n<div id=\"depicter-6-element-10\" class=\"depicter-element depicter-layer depicter-6-element-10\" data-type=\"shape\" data-wrap=\"true\" data-name=\"Shape 1\" data-local-id=\"element-10\" data-offset=\"x:0px;y:323px;origin:tl\" data-tablet-offset=\"x:290px;y:489px;origin:tl\" data-mobile-offset=\"x:40px;y:471px;origin:tl\" data-width=\"1094px,478px,313px\" data-height=\"8px,8px,8px\" data-responsive-scale=\"true,,\"><\/div>\n<\/div>\n<\/div>\n<script>\n(window.depicterSetups = window.depicterSetups || []).push(function(){\n\tDepicter.basePath = 'https:\/\/www.ull.es\/doctorados\/nanociencia-nanotecnologia\/wp-content\/plugins\/depicter\/resources\/scripts\/player\/';\n\tconst dpPlayer = Depicter.setup('.depicter-6',\n\t\t{\"width\":[\"1200\",\"1024\",\"360\"],\"height\":[\"450\",\"700\",\"740\"],\"view\":\"basic\",\"keepAspectRatio\":true,\"preload\":0,\"layout\":\"fullwidth\",\"rtl\":false,\"initAfterAppear\":false,\"ajaxApiUrl\":\"https:\\\/\\\/www.ull.es\\\/doctorados\\\/nanociencia-nanotecnologia\\\/wp-admin\\\/admin-ajax.php\",\"mouseSwipe\":true,\"touchSwipe\":true,\"useWatermark\":false}\n\t);\n});\n<\/script><\/div><\/div><\/div>\n<\/div><\/div>\n\n\n\n<div class=\"wp-block-stackable-columns alignfull stk-block-columns stk--hide-mobile stk-block stk-6394276 stk-block-background\" data-block-id=\"6394276\"><style>.stk-6394276 {background-color:#f33f4e !important;padding-top:10px !important;margin-bottom:0px !important;}.stk-6394276:before{background-color:#f33f4e !important;}<\/style><div class=\"stk-row stk-inner-blocks stk-block-content stk-content-align stk-6394276-column alignfull\">\n<div class=\"wp-block-stackable-column stk-block-column stk-column stk-block stk-8a66885\" data-v=\"4\" data-block-id=\"8a66885\"><div class=\"stk-column-wrapper stk-block-column__content stk-container stk-8a66885-container stk--no-background stk--no-padding\"><div class=\"stk-block-content stk-inner-blocks stk-8a66885-inner-blocks\">\n<div class=\"wp-block-stackable-spacer stk-block-spacer stk--no-padding stk-block stk-bc89b3e\" data-block-id=\"bc89b3e\"><style>.stk-bc89b3e {height:0px !important;}<\/style><\/div>\n<\/div><\/div><\/div>\n<\/div><\/div>\n\n\n\n<div class=\"wp-block-stackable-columns stk-block-columns stk-block stk-8b59b96\" data-block-id=\"8b59b96\"><style>.stk-8b59b96 .stk--block-align-8b59b96{align-items:flex-start !important;}.stk-8b59b96 {margin-top:50px !important;}.stk-8b59b96-column{--stk-columns-spacing:0px !important;--stk-column-gap:50px !important;}<\/style><div class=\"stk-row stk-inner-blocks stk--block-align-8b59b96 stk-block-content stk-content-align stk-8b59b96-column\">\n<div class=\"wp-block-stackable-column stk-block-column stk-column stk-block stk-dbb7e15\" data-v=\"4\" data-block-id=\"dbb7e15\"><style>@media screen and (min-width: 768px){.stk-dbb7e15 {flex:var(--stk-flex-grow, 1) 1 66.7% !important;}}<\/style><div class=\"stk-column-wrapper stk-block-column__content stk-container stk-dbb7e15-container stk--no-background stk--no-padding\"><div class=\"stk-block-content stk-inner-blocks stk-dbb7e15-inner-blocks\">\n<div class=\"wp-block-stackable-heading stk-block-heading stk-block-heading--v2 stk-block stk-cc0239e\" id=\"complementos-de-formacion\" data-block-id=\"cc0239e\"><style>.stk-cc0239e .stk-block-heading__text{color:#000000 !important;font-weight:500 !important;}<\/style><h1 class=\"stk-block-heading__text has-text-color\">Seguimiento del doctorando<\/h1><\/div>\n\n\n\n<p>Tutores de tesis doctorales<\/p>\n\n\n\n<p>Una vez admitido y matriculado al programa de doctorado, a todos los doctorandos&nbsp;les ser\u00e1 asignado por parte de la correspondiente comisi\u00f3n acad\u00e9mica un tutor,&nbsp;doctor con experiencia investigadora acredita, ligado a la unidad o Escuela que organice&nbsp;el programa.<\/p>\n\n\n\n<p>Direcci\u00f3n de las tesis doctorales<\/p>\n\n\n\n<p>La CAD asignar\u00e1 a cada doctorando, en el plazo m\u00e1ximo de seis meses desde su&nbsp;matr\u00edcula, un director de tesis doctoral que podr\u00e1 ser coincidente o no con el tutor.&nbsp;Esta asignaci\u00f3n podr\u00e1 recaer en cualquier doctor, con experiencia investigadora debidamente&nbsp;acreditada, con independencia de la Universidad, Centro o Instituto en la<br>que preste sus servicios.<\/p>\n\n\n\n<p>Documento de compromiso doctoral<\/p>\n\n\n\n<p>Con posterioridad a la formalizaci\u00f3n de la primera matr\u00edcula, el doctorando, la Universidad,&nbsp;el tutor, y si procede el director deber\u00e1n de subscribir de forma conjunta&nbsp;el compromiso doctoral, relativo, entre otras cuestiones, al procedimiento de resoluci\u00f3n&nbsp;de conflictos que se puedan plantear, a los aspectos relativos a la propiedad intelectual&nbsp;o industrial y, en general a las funciones de supervisi\u00f3n de la actividad investigadora&nbsp;del doctorando.<\/p>\n\n\n\n<p>Documento de Actividades de Doctorado y plan de investigaci\u00f3n<\/p>\n\n\n\n<p>1. Una vez realizada la primera matr\u00edcula se materializar\u00e1 para cada doctorando el&nbsp;documento personalizado de actividades, donde se registrar\u00e1n todas las actividades&nbsp;de inter\u00e9s para el desarrollo del doctorando, as\u00ed como del desarrollo de la tesis,&nbsp;a efectos de revisi\u00f3n por el tutor y el director de la tesis y su evaluaci\u00f3n por la CAD<br>correspondiente<\/p>\n\n\n\n<p>2. Con anterioridad a que finalice el primer acto el doctorando elaborar\u00e1 un plan de&nbsp;investigaci\u00f3n, avalado por el tutor y el director; este plan deber\u00e1 incluir la metodolog\u00eda&nbsp;y los objetivos, los medios y la planificaci\u00f3n temporal, as\u00ed como el informe favorable&nbsp;de la Comisi\u00f3n de \u00c9tica en Investigaci\u00f3n Experimental de la Universidad, en&nbsp;los casos se\u00f1alados. Este plan se podr\u00e1 mejorar a lo largo de su permanencia en el&nbsp;programa de doctorado y deber\u00e1 ser avalado por el y por el director.<\/p>\n\n\n\n<p>3. Ser\u00e1n objeto de evaluaci\u00f3n por la Comisi\u00f3n de \u00c9tica los planes de investigaci\u00f3n que incluyan la experimentaci\u00f3n con humanos o con muestras biol\u00f3gicas humanas, la experimentaci\u00f3n animal y la utilizaci\u00f3n de agentes biol\u00f3gicos pat\u00f3genos u organismos modificados gen\u00e9ticamente<\/p>\n\n\n\n<p>4. Anualmente la CAD evaluar\u00e1 el plan de investigaci\u00f3n y el documento de actividades junto con los informes que deber\u00e1 de emitir el tutor y el director. La evaluaci\u00f3n positiva ser\u00e1 requisito para poder continuar en el programa. En caso de evaluaci\u00f3n negativa, que deber\u00e1 ser motivada, el doctorando deber\u00e1 ser nuevamente evaluado en el plazo de seis meses, para lo que se deber\u00e1 elaborar un nuevo plan de investigaci\u00f3n. Si se produce una nueva evaluaci\u00f3n negativa, se dar\u00e1 de baja definitivamente al doctorando. Ante estas resoluciones que no agotan la v\u00eda administrativa, el interesado podr\u00e1 interponer recurso de alzada, que se resolver\u00e1, previo informe de la Comisi\u00f3n de Estudios de Postgrado, el Rector\/a o persona en quien delegue.<\/p>\n\n\n\n<p>5. Para la matr\u00edcula de a\u00f1os sucesivos ser\u00e1 necesario un informe favorable por parte de la CAD de este documento personal de actividades y del plan de investigaci\u00f3n.<\/p>\n\n\n\n<p>6. Estos documentos deber\u00e1n de inscribirse y registrarse en la Unidad de Gesti\u00f3n de Tercer Ciclo del Centro de Postgrado. Debe aclararse que el procedimiento utilizado por la CAD de cada universidad para el control del documento de actividades de cada doctorando, la certificaci\u00f3n de sus datos y la valoraci\u00f3n anual del Plan de investigaci\u00f3n es \u00fanico para este programa de Doctorado interuniversitario.<\/p>\n<\/div><\/div><\/div>\n\n\n\n<div class=\"wp-block-stackable-column stk-block-column stk-column stk-block stk-53ec762\" data-v=\"4\" data-block-id=\"53ec762\"><style>.stk-53ec762-inner-blocks{row-gap:0px !important;}.stk-53ec762 {padding-top:0px !important;padding-right:0px !important;padding-bottom:0px !important;padding-left:0px !important;}@media screen and (min-width: 768px){.stk-53ec762 {flex:var(--stk-flex-grow, 1) 1 33.3% !important;}}<\/style><div class=\"stk-column-wrapper stk-block-column__content stk-container stk-53ec762-container stk--no-background stk--no-padding\"><div class=\"stk-block-content stk-inner-blocks stk-53ec762-inner-blocks\">\n\n<ul class=\"widget-box\">\n<li class='contacto-header'>Informaci\u00f3n de contacto<\/li><li><i class=\"fa fa-map-marker\"><\/i> Avda. Astrof\u00edsico Francisco S\u00e1nchez, SN. Edificio Calabaza \u2013 AN.2D Apdo. 456 38200 San Crist\u00f3bal de La Laguna<\/li><li><i class=\"fa fa-phone\"><\/i> (+34) 922 31 72 67<\/li><li><i class=\"fa fa-envelope\"><\/i>  <a href=mailto:doctorado.nanociencia@ull.es>doctorado.nanociencia@ull.es<\/a><\/li><li><i class=\"fa fa-calendar\"><\/i><a href=\"http:\/\/citaprevia.ull.es\/index.php?s=edpo\"> Cita previa<\/a><\/li>\n<\/ul>\n\n\n<\/div><\/div><\/div>\n<\/div><\/div>\n","protected":false},"excerpt":{"rendered":"<p>Suivi des doctorants\u00a0: Directeurs de th\u00e8se. Une fois admis et inscrits au doctorat, tous les doctorants se verront attribuer un directeur de th\u00e8se par le comit\u00e9 acad\u00e9mique correspondant. Ce directeur est un docteur poss\u00e9dant une exp\u00e9rience de recherche av\u00e9r\u00e9e et rattach\u00e9 \u00e0 l&#039;unit\u00e9 ou \u00e0 l&#039;\u00e9cole organisatrice du programme. Le CAD attribuera \u00e0 chaque doctorant\u2026<\/p>","protected":false},"author":1,"featured_media":0,"parent":27,"menu_order":0,"comment_status":"closed","ping_status":"closed","template":"templates\/template-frontpage.php","meta":{"_acf_changed":false,"footnotes":""},"class_list":["post-72","page","type-page","status-publish","hentry"],"acf":[],"publishpress_future_action":{"enabled":false,"date":"2026-04-15 07:14:26","action":"change-status","newStatus":"draft","terms":[],"taxonomy":"","extraData":[]},"publishpress_future_workflow_manual_trigger":{"enabledWorkflows":[]},"_links":{"self":[{"href":"https:\/\/www.ull.es\/doctorados\/nanociencia-nanotecnologia\/fr\/wp-json\/wp\/v2\/pages\/72","targetHints":{"allow":["GET"]}}],"collection":[{"href":"https:\/\/www.ull.es\/doctorados\/nanociencia-nanotecnologia\/fr\/wp-json\/wp\/v2\/pages"}],"about":[{"href":"https:\/\/www.ull.es\/doctorados\/nanociencia-nanotecnologia\/fr\/wp-json\/wp\/v2\/types\/page"}],"author":[{"embeddable":true,"href":"https:\/\/www.ull.es\/doctorados\/nanociencia-nanotecnologia\/fr\/wp-json\/wp\/v2\/users\/1"}],"replies":[{"embeddable":true,"href":"https:\/\/www.ull.es\/doctorados\/nanociencia-nanotecnologia\/fr\/wp-json\/wp\/v2\/comments?post=72"}],"version-history":[{"count":6,"href":"https:\/\/www.ull.es\/doctorados\/nanociencia-nanotecnologia\/fr\/wp-json\/wp\/v2\/pages\/72\/revisions"}],"predecessor-version":[{"id":338,"href":"https:\/\/www.ull.es\/doctorados\/nanociencia-nanotecnologia\/fr\/wp-json\/wp\/v2\/pages\/72\/revisions\/338"}],"up":[{"embeddable":true,"href":"https:\/\/www.ull.es\/doctorados\/nanociencia-nanotecnologia\/fr\/wp-json\/wp\/v2\/pages\/27"}],"wp:attachment":[{"href":"https:\/\/www.ull.es\/doctorados\/nanociencia-nanotecnologia\/fr\/wp-json\/wp\/v2\/media?parent=72"}],"curies":[{"name":"wp","href":"https:\/\/api.w.org\/{rel}","templated":true}]}}