{"id":21,"date":"2018-02-22T11:07:35","date_gmt":"2018-02-22T11:07:35","guid":{"rendered":"http:\/\/localhost\/ull\/doctorados\/?page_id=21"},"modified":"2019-05-13T12:48:02","modified_gmt":"2019-05-13T12:48:02","slug":"entidades-participantes","status":"publish","type":"page","link":"https:\/\/www.ull.es\/doctorados\/nanociencia-nanotecnologia\/entidades-participantes\/","title":{"rendered":"Entidades participantes"},"content":{"rendered":"<h1>Entidades participantes<\/h1>\n<ol>\n<li>Universitat Jaume I de Castell\u00f3n (universidad coordinadora), Institut Catal\u00e0 d Investigaci\u00f3 Qu\u00edmica, Centro de Investigaciones Tecnol\u00f3gicas de Mondrag\u00f3n, Universidad de Castilla La Mancha, Universidad Miguel Hern\u00e1ndez de Elche, Universitat d Alacant, Universitat Polit\u00e8cnica de Catalu\u00f1a, Institut de Ci\u00e8ncies Fot\u00f2niques, Universidad Polit\u00e9cnica de Cartagena, Universidad Pablo Olavide de Sevilla, Universitat Rovira i Virgili de Tarragona,\u00a0Centro de Tecnolog\u00edas Electroqu\u00edmicas de San Sebasti\u00e1n y el Instituto de Ciencias de los Materiales de Sevilla.<\/li>\n<li>Univ de Valencia (universidad coordinadora), Univ. Aut\u00f3noma de Madrid, Universidad Complutense de Madrid, Centro Nacional de Biotecnolog\u00eda (CSIC), Univ de Alicante y Univ. De Zaragoza.<\/li>\n<li>Univ. de Valencia (universidad coordinadora), Univ de C\u00e1diz, Univ. Cardenal Herrera CEU, Universidad Complutense de Madrid, Universitat de Girona y Universitat de les Illes Balears.<\/li>\n<li>1. Consorzio Interuniversitario Nazionale per la Scienza e Tecnologia dei Materiali (Italia); 2. Istituto Nazionale per la Fisica della Materia (Italia); 3. UNIZAR, Universidad de Zaragoza (Espa\u00f1a); 4. MAN, University of Manchester (Reino Unido); 5. LEIDENUNIV, Universiteit Leiden (Alemania); 6. ITN, Insituto tecnol\u00f3gico e Nuclear (Portugal); 7. University of Berne (Suiza); 8. University of Basel (Suiza); 9. University of Geneva (Suiza); 10 University of Fribourg (Suiza); 11 University of Bucarest (Ruman\u00eda); 12. University Alexandru Ioan Cuza (Ruman\u00eda); 13. University of Wroclaw (Polonia); 14. Jagiellonian University(Polonia); 15. Adam Mickiewicz University (Polonia).<\/li>\n<li>Universitat de Val\u00e8ncia (UV), la Universitat Polit\u00e8cnica de Val\u00e8ncia (UPV) y el Consejo Superior de Investigaciones Cient\u00edficas (CSIC).<\/li>\n<\/ol>\n<p><strong>Otras colaboraciones.<\/strong><\/p>\n<p>Aparte de las colaboraciones anteriores, existen actividades de colaboraci\u00f3n con numerosos grupos espa\u00f1oles y extranjeros y convenios con empresas. La mayor\u00eda de las colaboraciones con grupos europeos tienen lugar en el marco de proyectos de investigaci\u00f3n del VII programa marco de la Uni\u00f3n Europea.<\/p>\n<p>A continuaci\u00f3n se enumeran algunos de ellos:<\/p>\n<p><strong>Espa\u00f1a<br \/>\n<\/strong><\/p>\n<ul>\n<li>Prof. Manuel G. Basallote, Universidad de C\u00e1diz.<\/li>\n<li>Prof. Julia P\u00e9rez Prieto, ICMol, Universidad de Valencia.<\/li>\n<li>Prof. Larry Falvello, Universidad de Zaragoza.<\/li>\n<li>Prof. Victor Polo, Universidad de Zaragoza.<\/li>\n<li>Prof. Juan Andr\u00e9s Bort, Universitat Jaume I.<\/li>\n<li>Prof. Vicent Sixte Safont, Universitat Jaume I.<\/li>\n<li>Prof. Rita Hernandez#Molina, Univesidad de La Laguna<\/li>\n<li>Universitat de Barcelona: grupos dirigidos por los Profesores Santiago, Alvarez,\u00a0Joan Ribas y Albert Escuer (Departament de Qu\u00edmica Inorg\u00e0nica de la Facultat de\u00a0Qu\u00edmica), en el uso de la qu\u00edmica de coordinaci\u00f3n en magnetismo molecular.<\/li>\n<li>Universidad del Pa\u00eds Vasco: grupo dirigido por el Profesor Pascual Rom\u00e1n (Departamento de Qu\u00edmica Inorg\u00e1nica de la Facultad de Ciencias)<\/li>\n<li>Universidad de Granada: grupo dirigido por el Profesor Enrique Colacio Departamento de Qu\u00edmica Inorg\u00e1nica de la Facultad de Ciencias), en nanomagnetismo molecular.<\/li>\n<li>Prof. Nazario Martin (UCM), en qu\u00edmica de fullerenos.<\/li>\n<li>Profs. Teodomiro Navarrete and Juan Casado (UM), en espectroscopia Raman.<\/li>\n<li>Prof. Enrique Guitian (US) en qu\u00edmica de benzinos.<\/li>\n<li>Prof. J. Barber\u00e1 (UZ), en cristales l\u00edquidos.<\/li>\n<li>Prof. Garcia Fierro (CSIC), en an\u00e1lisis XPS.<\/li>\n<li>Dr. Victor Climent Universidad de Alicante<\/li>\n<li>Prof. Sebasti\u00e1n Vieira, Prof. Nicolas Agrait, Prof. Gabino Rubio#Bollinger, Andres Buendia, Universidad Autonoma de Madrid, en f\u00edsica de superficies.<\/li>\n<\/ul>\n<p><strong>Extranjero.<br \/>\n<\/strong><\/p>\n<ul>\n<li>Prof. Vladimir Fedin, Nikolaev Institute, RAS of Novosirsk, Russia.<\/li>\n<li>Prof. Vladimir Fedorov, Nikolaev Institute, RAS of Novosirsk, Russia.<\/li>\n<li>Dr. Maxim Sokolov, Nikolaev Institute, RAS of Novosirsk, Russia.<\/li>\n<li>Prof. Marc Fourmigu\u00e9, University of Rennes, France.<\/li>\n<li>Dr. Narcis Avarvari, CIMMA, University of Angers, France.<\/li>\n<li>Prof. Jer\u00f4me Lacour, University of Geneva, Switzerland.<\/li>\n<li>Prof. Juergen Meyer, University of Tubingen, Germany.<\/li>\n<li>Prof. Manuel Almeida, Instituto Tecnologico e Nuclear, Sacavem, Portugal.<\/li>\n<li>Universit\u00e9 Pierre et Marie Curie, Paris, Francia: Profesor Michel Verdaguer, Directeur\u00a0de Recherche CNRS Yves Journaux (Laboratoire de Chimie Inorganique\u00a0et Mat\u00e9riaux Mol\u00e9culaires, Unit\u00e9 CNRS 7071) y Maitres de Conf\u00e9rences Rodrigue\u00a0Lescou\u00ebzec y Jacqueline Vaissermann.<\/li>\n<li>Universite de Paris#Sud, Orsay, Francia: grupo dirigido por el Profesor Talal Mallah (Laboratoire de Chimie Inorganique, CNRS UMR 8613)<\/li>\n<li>Institut Nationale Polytechnique de Toulouse, Toulouse, Francia: grupo dirigido por el Profesor Alain Gleizes (ENSI Arts Chimiques et Technologiques)<\/li>\n<li>Universit\u00e0 degli Studi della Calabria, Cosenza, Italia: grupo dirigido por el Profesor Giovanni De Munno (Dipartimento di Chimica)<\/li>\n<li>Universit\u00e0 degli Studi di Messina, Messina, Italia: grupo dirigido por el Profesor Francesco Nicol\u00f2 (Dipartimento di Chimica Inorganica, Chimica Analitica e Chimica F\u00edsica)<\/li>\n<li>Universit\u00e0 degli Studi di Firenze, Firenze, Italia: grupo dirigido por el Profesor Dante Gatteschi, Roberta Sessoli (Dipartimento di Chimica)<\/li>\n<li>Universitetet I Bergen , Bergen, Noruega: grupo dirigido por la Profesora Jorunn Sletten (Kjemisk Institutt)<\/li>\n<li>University of Syracuse, New Yor, USA: grupo dirigido por el Profesor Rob P. Doyle (Department of Chemistry)<\/li>\n<li>University of Wrolaw, Wroclaw, Polonia: grupo dirigido por el Prof. Jerzy Mrozinski (Faculty of Chemistry)<\/li>\n<li>University of Bucharest, Bucarest, Rumania. Grupo dirigido por el Profesor Marius Andruh (Inorganic Chemistry Laboratory, Faculty of Chemistry)<\/li>\n<li>Moscow State University, Mosc\u00fa, Rusia: grupo dirigido por la Profesora Natalia Kuzmina (Department of Chemistry)<\/li>\n<li>Universidad de la Rep\u00fablica, Montevideo, Uruguay: grupo dirigido por el Profesor Carlos Kremer (C\u00e1tedra de Qu\u00edomica Inorg\u00e1nica, Facultad de Quimica)<\/li>\n<li>Wichita State University, Wichita, Kansas, EEUU: grupo dirigido por el Profesor Paul Rillema (Department of Chemistry)<\/li>\n<li>University of Houston#Clear Lake, Houston, Tejas, EEUU: grupo dirigido por el Profesor Jack Y. Lu (Department of Chemistry)<\/li>\n<li>Memorial University, St. John\u2019s, Canada: grupo dirigido por el Profesor Laurence K. Thompson (Department of Chemistry)<\/li>\n<li>Instituto de Qu\u00edmica de la Universidade Federal de Goi\u00e1s (Dra. Danielle Cangussu) y Departamento de Qu\u00edmica de la Universidade Federal de Minas Gerais de Belo Horizonte (Prof. Dr. Humberto O. Stumpf), Brasil.<\/li>\n<li>Universidad de Concepci\u00f3n, Facultad de Ciencias Qu\u00edmicas, Chile (Profs. Dres. Claudio Jim\u00e9nez y Julio Belmar),<\/li>\n<li>Prof.Sumio Iijima (Meijo Univ, Japan) en nanoestructuras de carbono, microscopia electr\u00f3nica y c\u00e9lulas fotovoltaicas basadas en nanotubos de carbono.<\/li>\n<li>Prof. Osamu Ito (Tohoku Univ, Japan), en medidas fotof\u00edsicas de materiales magn\u00e9ticos moleculares.<\/li>\n<li>Prof. Oll\u00e9 Inganas (Linkopin Univ. Sweeden), en c\u00e9lulas fotovoltaicas basadas en fullerenos.<\/li>\n<li>Prof. Robert Deschenaux (Neuchatel Univ. Switzerland), en cristales l\u00edquidos.<\/li>\n<li>Prof. Eichi Fukuzumi (Osaka, Univ. Japan) en medidas fotof\u00edsicas en c\u00e9lulas fotovoltaicas.<\/li>\n<li>Prof. Jean Fran\u00e7ois Nierengarten (Univ. Luois Pasteur, Strasburg, France) en derivados de fullereno.<\/li>\n<li>Prof. Luis Echegoyen (Clemsom Univ USA): en eletroqu\u00edmica de nanoformas de carbono.<\/li>\n<li>Prof. Jan van Ruitenbeek (Univ Leiden, Alemania)<\/li>\n<li>Prof. Douglas Natelson (Rice Univ, USA)<\/li>\n<\/ul>\n<p><strong><a href=\"http:\/\/www.cost.eu\/COST_Actions\/cmst\/CM1203\" target=\"_blank\" rel=\"noopener\" target=\"_blank\" rel=\"noopener\">Acci\u00f3n COST PoCheMon<\/a>\u00a0(Polyoxometalate Chemistry for Molecular Nanoscience)<br \/>\n<\/strong><\/p>\n<p>Los Polioxometalatos (POM) son \u00f3xidos met\u00e1licos moleculares con dimensiones\u00a0nanom\u00e9tricas. Sus propiedades excepcionalmente vers\u00e1tiles proporcionan la base\u00a0para los avances en la cat\u00e1lisis, energ\u00edas alternativas, dispositivos magn\u00e9ticos,\u00a0electr\u00f3nicos y fot\u00f3nicos, y aplicaciones en biomedicina como agentes antitumorales\u00a0y retrovirales.<\/p>\n<p>El objetivo principal de este proyecto es impulsar la nanociencia molecular basada\u00a0en los POMs mediante la creaci\u00f3n de una red l\u00edder a nivel mundial en educaci\u00f3n\u00a0e investigaci\u00f3n en la qu\u00edmica de POMs. Esta primera acci\u00f3n COST en este \u00e1mbito\u00a0pretende consolidar la comunidad Europea de POMs y promover la investigaci\u00f3n\u00a0estrat\u00e9gica y eficiente a trav\u00e9s de la colaboraci\u00f3n, creando as\u00ed una base de conocimientos\u00a0accesibles para a generaci\u00f3n de tecnolog\u00edas de vanguardia a trav\u00e9s de\u00a0v\u00ednculos con disciplinas complementarias y con empresas. Mediante un programa\u00a0de movilidad coordinada, se pretende el surgimiento de nuevas colaboraciones\u00a0cient\u00edficas, intercambios formativos y la r\u00e1pida difusi\u00f3n de los resultados, promoviendo\u00a0as\u00ed las competencias y capacidades b\u00e1sicas de los j\u00f3venes investigadores.<\/p>\n<p>Las instituciones participantes de esta acci\u00f3n COST son: KU Leuven (B\u00e9lgica),\u00a0University of Zagreb (Croacia), CNRS-Universit\u00e9 de Lyon (Francia), LCPQIRSAMC,\u00a0Universit\u00e9 de Toulouse (Francia), Universit\u00e9 Pierre et Marie Curie (Francia),\u00a0University of Versailles (Francia), Augsburg University (Alemania), Jacobs University\u00a0(Alemania), Karlsruhe Institute of Technology (Alemania), RWTH Aachen\u00a0University (Alemania), University of Bielefeld (Alemania), NCSR (Grecia), Trinity College\u00a0Dublin (Irlanda), Ben-Gurion University (Israel), Weizmann Institute of Science\u00a0(Israel), Universit\u00e0 degli studi di Padova (Italia), University of Aveiro (Portugal), University\u00a0of Bucharest (Ruman\u00eda), ICIQ (Espa\u00f1a), ICMol- Universitat de Val\u00e8ncia (Espa\u00f1a),\u00a0Universidad Aut\u00f3noma de Madrid (Espa\u00f1a), Universitat Rovira i Virgili (Espa\u00f1a),\u00a0Acal Energy Limited (Reino Unido), University of Glasgow (Reino Unido), University\u00a0of Liverpool (Reino Unido), Newcastle University (Reino Unido), University of\u00a0Zurich (Suiza), Jagiellonian University (Polonia).<\/p>\n<p><strong>Convenios con empresas.<\/strong><\/p>\n<p>Proyecto \u201cELECTROPRINT\u201d: Realizaci\u00f3n de OLEDs y C\u00e9lulas Solares Moleculares\u00a0usando t\u00e9cnicas de impresi\u00f3n y su caracterizaci\u00f3n\u201d. Convenio entre el ICMol y el\u00a0Instituto tecnol\u00f3gico de \u00d3ptica, Color e Imagen (AIDO) perteneciente a la Red Institutos\u00a0Tecnol\u00f3gicos de la Red IMPIVA de la Generalitat Valenciana.<\/p>\n<p>Proyecto \u201cINFINITEX\u201d: Investigaci\u00f3n de Nuevas Funcionalidades e Inteligencia Implementadas\u00a0en Textiles. Convenio entre el ICMol y la entidad mercantil Grupo Antol\u00edn<br \/>\nIngenier\u00eda, S.A. (ANTOL\u00cdN) dentro del programa Consorcios Estrat\u00e9gicos Nacionales\u00a0en Investigaci\u00f3n T\u00e9cnica (CENIT).<\/p>\n<p>Convenio con Nippon Shokubai Co. Ltd. Convenio entre el ICMol y esta empresa\u00a0para la formaci\u00f3n de un investigador japon\u00e9s durante 2 a\u00f1os para aprender la t\u00e9cnica\u00a0OLED.<\/p>\n<p><strong>Escuelas de Doctorado.<\/strong><\/p>\n<p>El Real Decreto 99\/2011 sobre las ense\u00f1anzas de doctorado prev\u00e9 la creaci\u00f3n de\u00a0escuelas de doctorado que deben impulsar las universidades teniendo en cuenta a\u00a0los Organismos P\u00fablicos de Investigaci\u00f3n, as\u00ed como otras instituciones en las que\u00a0se realiza investigaci\u00f3n tales como empresas, hospitales, fundaciones, etc. En este\u00a0sentido, el Claustro de la Universitat de Val\u00e8ncia, aprob\u00f3 en su sesi\u00f3n de 1 de\u00a0marzo de 2012, la modificaci\u00f3n de los Estatutos de la Universitat de Val\u00e8ncia, a fin\u00a0de incluir la posibilidad de crear Escuelas de Doctorado, lo que constituye un primer\u00a0paso para su creaci\u00f3n y adscripci\u00f3n de los programas de doctorado a \u00e9stas en esta\u00a0Universidad. Una vez desarrolle el Gobierno Valenciano la regulaci\u00f3n de la creaci\u00f3n\u00a0de las mismas, la Universitat de Val\u00e8ncia tiene anunciado la creaci\u00f3n de una\u00a0Escuela de Doctorado. En las otras universidades tambi\u00e9n se est\u00e1 en proceso de\u00a0crear escuelas de doctorado que permitan integrar los programas de doctorado. En\u00a0este sentido, en una primera etapa el programa de doctorado se integrar\u00eda en Valencia\u00a0en la \u201cEscuela de Doctorado de la UVEG\u201d, en Alicante en la \u201cEscuela de Doctorado\u00a0de la UA\u201d, en Castell\u00f3n en la \u201cEscuela de Doctorado de la UJI\u201d, en La Laguna en la \u201cEscuela de Doctorado de la ULL\u201d, en Castilla la Mancha en la \u201cEscuela Internacional de Doctorado de la UCLM\u201d.<\/p>\n<p>En una segunda etapa, y tal como anticipamos al describir el contexto del programa de doctorado, nuestro programa interuniversitario aspira a ser el n\u00facleo de una escuela de doctorado internacional en Nanociencia y Nanotecnolog\u00eda que integre a las universidades y centros de investigaci\u00f3n europeos que trabajan en los aspectos moleculares de la Nanociencia y la Nanotecnolog\u00eda.<\/p>\n","protected":false},"excerpt":{"rendered":"<p>Entidades participantes Universitat Jaume I de Castell\u00f3n (universidad coordinadora), Institut Catal\u00e0 d Investigaci\u00f3 Qu\u00edmica, Centro de Investigaciones Tecnol\u00f3gicas de Mondrag\u00f3n, Universidad de Castilla La Mancha, Universidad Miguel Hern\u00e1ndez de Elche, Universitat d Alacant, Universitat Polit\u00e8cnica de Catalu\u00f1a, Institut de Ci\u00e8ncies Fot\u00f2niques, Universidad Polit\u00e9cnica de Cartagena, Universidad Pablo Olavide de Sevilla, Universitat Rovira i Virgili de&#8230;<\/p>\n","protected":false},"author":1,"featured_media":0,"parent":0,"menu_order":0,"comment_status":"closed","ping_status":"closed","template":"","meta":{"_acf_changed":false,"footnotes":""},"class_list":["post-21","page","type-page","status-publish","hentry"],"acf":[],"publishpress_future_action":{"enabled":false,"date":"2026-04-15 05:42:54","action":"change-status","newStatus":"draft","terms":[],"taxonomy":"","extraData":[]},"publishpress_future_workflow_manual_trigger":{"enabledWorkflows":[]},"_links":{"self":[{"href":"https:\/\/www.ull.es\/doctorados\/nanociencia-nanotecnologia\/wp-json\/wp\/v2\/pages\/21","targetHints":{"allow":["GET"]}}],"collection":[{"href":"https:\/\/www.ull.es\/doctorados\/nanociencia-nanotecnologia\/wp-json\/wp\/v2\/pages"}],"about":[{"href":"https:\/\/www.ull.es\/doctorados\/nanociencia-nanotecnologia\/wp-json\/wp\/v2\/types\/page"}],"author":[{"embeddable":true,"href":"https:\/\/www.ull.es\/doctorados\/nanociencia-nanotecnologia\/wp-json\/wp\/v2\/users\/1"}],"replies":[{"embeddable":true,"href":"https:\/\/www.ull.es\/doctorados\/nanociencia-nanotecnologia\/wp-json\/wp\/v2\/comments?post=21"}],"version-history":[{"count":3,"href":"https:\/\/www.ull.es\/doctorados\/nanociencia-nanotecnologia\/wp-json\/wp\/v2\/pages\/21\/revisions"}],"predecessor-version":[{"id":200,"href":"https:\/\/www.ull.es\/doctorados\/nanociencia-nanotecnologia\/wp-json\/wp\/v2\/pages\/21\/revisions\/200"}],"wp:attachment":[{"href":"https:\/\/www.ull.es\/doctorados\/nanociencia-nanotecnologia\/wp-json\/wp\/v2\/media?parent=21"}],"curies":[{"name":"wp","href":"https:\/\/api.w.org\/{rel}","templated":true}]}}