{"id":23,"date":"2018-02-22T11:09:29","date_gmt":"2018-02-22T11:09:29","guid":{"rendered":"http:\/\/localhost\/ull\/doctorados\/?page_id=23"},"modified":"2019-02-26T10:06:55","modified_gmt":"2019-02-26T10:06:55","slug":"justificacion-del-titulo","status":"publish","type":"page","link":"https:\/\/www.ull.es\/doctorados\/nanociencia-nanotecnologia\/justificacion-del-titulo\/","title":{"rendered":"Justificaci\u00f3n del t\u00edtulo"},"content":{"rendered":"<h1>Justificaci\u00f3n del t\u00edtulo<\/h1>\n<p><strong>Experiencias anteriores en la impartici\u00f3n de programas de doctorado de caracter\u00edsticas\u00a0similares.<br \/>\n<\/strong><\/p>\n<p>El Doctorado Interuniversitario en Nanociencia y Nanotecnolog\u00eda que se propone\u00a0tiene su origen en la Escuela Nacional de Materiales Moleculares que se ha venido\u00a0desarrollando desde el a\u00f1o 1992 con car\u00e1cter bienal. Esta Escuela ha servido para\u00a0articular y consolidar en Espa\u00f1a una comunidad cient\u00edfica en el \u00e1rea de la Nanociencia\u00a0y los Materiales Moleculares que, en la actualidad se ha constituido como\u00a0grupo especializado de la Real Sociedad Espa\u00f1ola de Qu\u00edmica. Por otra parte, la\u00a0Escuela ha contribuido de forma decisiva a la formaci\u00f3n de varias generaciones de\u00a0j\u00f3venes cient\u00edficos.<\/p>\n<p>Desde el a\u00f1o 2007 el periodo de formaci\u00f3n de este doctorado se estructuraba en\u00a0torno al Master Interuniversitario en \u00abNanociencia y Nanotecnolog\u00eda Molecular\u00bb, que\u00a0recibi\u00f3 la verificaci\u00f3n positiva en 2009 (resoluci\u00f3n 5 de octubre de 2009) y en el que\u00a0participan actualmente las Universidades de Valencia (UVEG, coordinadora), Universidad\u00a0de Alicante (UA), Universidad de Castilla-La Mancha (UCLM), Universidad\u00a0Jaume I de Castell\u00f3n (UJI), Universidad de La Laguna (ULL), Universidad Aut\u00f3noma\u00a0de Madrid (UAM) y Universidad de Valladolid (UVA).<\/p>\n<p>Como tal programa de doctorado recibi\u00f3 en octubre de de 2011 la menci\u00f3n hacia\u00a0la excelencia por parte del Ministerio de Educaci\u00f3n con una puntuaci\u00f3n global ponderada\u00a0de 94\/100 (Referencia MEE2011-00194). Dicho doctorado tambi\u00e9n recibi\u00f3\u00a0la menci\u00f3n de calidad en la primera convocatoria desde la fecha en que se cre\u00f3 el\u00a0programa (referencia MCD2008-00082).<\/p>\n<p>El periodo de formaci\u00f3n anterior al programa de doctorado se estructuraba en\u00a0torno al \u00abM\u00e1ster en Nanociencia y Nanotecnolog\u00eda Molecular\u00bb, regulado seg\u00fan\u00a0RD1393\/2007 y verificado positivamente mediante el procedimiento abreviado (resoluci\u00f3n\u00a029\/06\/2009). En el mismo participan, adem\u00e1s de las universidades mencionadas\u00a0en el Programa de doctorado, la Universidad Aut\u00f3noma de Madrid y la\u00a0Universidad de Valladolid. Dicho m\u00e1ster proven\u00eda a su vez de la transformaci\u00f3n del\u00a0\u201cM\u00e1ster en Nanociencia y Nanotecnolog\u00eda Molecular\u201d regulado seg\u00fan el RD56\/2005\u00a0y cont\u00f3 con el informe favorable por parte de la Comisi\u00f3n Valenciana de Acreditaci\u00f3n\u00a0y Evaluaci\u00f3n de la Calidad (CVAEC) con fecha 23 de enero de 2006 y fue autorizado\u00a0para su implantaci\u00f3n seg\u00fan Decreto 44\/2006, de 31 de marzo, del Consell de\u00a0la Generalitat Valenciana (DOGV n\u00fam. 5233 de 04\/04\/2006).<\/p>\n<p><strong>Demanda del programa e inter\u00e9s para la sociedad.<br \/>\n<\/strong><\/p>\n<p>En los \u00faltimos a\u00f1os, ciertas \u00e1reas cient\u00edficas, como la qu\u00edmica supramolecular, la\u00a0biolog\u00eda molecular, la f\u00edsica de superficies y de bajas temperaturas han alcanzado\u00a0un desarrollo notable en nuestro pa\u00eds. Se han formado grupos de investigaci\u00f3n que\u00a0han alcanzado una excelente posici\u00f3n competitiva en la arena internacional. Adem\u00e1s,\u00a0de un modo natural, el objeto mismo de investigaci\u00f3n de estas disciplinas ha\u00a0ido convergiendo hacia lo que se denomina Nanociencia y Nanotecnolog\u00eda. De la\u00a0importancia estrat\u00e9gica en I + D de estas \u00e1reas da buena cuenta el hecho de que\u00a0\u00e9stas hayan sido priorizadas en todos los Programas Nacionales, Europeos e Internacionales\u00a0de todos los pa\u00edses desarrollados. En estas \u00e1reas f\u00edsicos, qu\u00edmicos, bi\u00f3logos,\u00a0m\u00e9dicos e ingenieros se ocupan de obtener, manipular, organizar, estudiar\u00a0y aprovechar las propiedades de objetos de tama\u00f1o nanom\u00e9trico. Mantener hoy y\u00a0en el futuro una posici\u00f3n internacional realmente competitiva en algunas \u00e1reas de la\u00a0Nanociencia, sin embargo, requiere un nivel de competencia solamente alcanzable\u00a0con una focalizaci\u00f3n tem\u00e1tica y con una formaci\u00f3n adecuada de personal investigador\u00a0que le permita adquirir el conocimiento multidisciplinar que estas \u00e1reas necesitan.<\/p>\n<p>La orientaci\u00f3n \u201cmolecular\u201d de este Doctorado en Nanociencia y Nanotecnolog\u00eda lo\u00a0hace \u00fanico a nivel nacional (y tambi\u00e9n europeo). Esta orientaci\u00f3n permite desarrollar\u00a0aquellos aspectos de la Nanociencia que se encuentran en la intersecci\u00f3n entre\u00a0la f\u00edsica, la qu\u00edmica y la biomedicina, haci\u00e9ndolo realmente multidisciplinar. As\u00ed, el\u00a0Doctorado en Nanociencia y Nanotecnolog\u00eda:<\/p>\n<ul>\n<li>Oferta una formaci\u00f3n investigadora de los Titulados Superiores en Qu\u00edmica, F\u00edsica, Biolog\u00eda;\u00a0Ingenier\u00eda Qu\u00edmica o Electr\u00f3nica; Ciencia y Tecnolog\u00eda de los Materiales; Medicina, y posibilita\u00a0un perfeccionamiento y una cualificaci\u00f3n para su desarrollo profesional, acad\u00e9mico e investigador.<\/li>\n<li>Establece relaciones de colaboraci\u00f3n con instituciones y empresas de alta tecnolog\u00eda.<\/li>\n<li>Impulsa la cooperaci\u00f3n entre diferentes universidades para desarrollar un perfil investigador\u00a0en Nanociencia y Nanotecnolog\u00eda Molecularque sea demandado en los sectores profesionales I+D+i y justamente reconocido en el \u00e1mbito de la investigaci\u00f3n cient\u00edfica y tecnol\u00f3gica.<\/li>\n<\/ul>\n<p>En relaci\u00f3n con las salidas de los alumnos que obtengan este t\u00edtulo de doctorado,\u00a0hemos de se\u00f1alar que nuestra experiencia es que una parte significativa, se han\u00a0consolidado como investigadores en las Universidades y otros OPIS (tanto espa\u00f1oles\u00a0como extranjeros). Actualmente el panorama est\u00e1 cambiando y cada vez son\u00a0m\u00e1s los alumnos de este Doctorado que encuentran un trabajo en industrias y centros\u00a0tecnol\u00f3gicos (como por ejemplo la realizaci\u00f3n de dispositivos basados en el\u00a0empleo de nanomateriales, recubrimientos y pinturas para la industria metal\u00fargia,\u00a0empresas en el campo de los nanotubos y otras nanoestructuras de carbono para\u00a0el desarrollo de nuevos materiales avanzados para aplicaciones en nanotecnolog\u00eda,\u00a0servicios relacionados con los revestimientos de superficies basada en la investigaci\u00f3n\u00a0qu\u00edmica a niveles nanotecnol\u00f3gicos, centros de microelectr\u00f3nica, etc.),\u00a0las industrias Qu\u00edmicas y Farmac\u00e9uticas relacionadas con la s\u00edntesis de mol\u00e9culas,\u00a0sensores y biosensores y nuevos materiales avanzados, Laboratorios de an\u00e1lisis de\u00a0materiales, centros de aplicaciones biom\u00e9dicas, agroalimentarias, medioambientales\u00a0y energ\u00e9ticas, etc.<\/p>\n<p>En este Doctorado participan grupos de reconocido prestigio de los Departamentos\u00a0de Qu\u00edmica Inorg\u00e1nica, Qu\u00edmica Org\u00e1nica, Qu\u00edmica F\u00edsica y F\u00edsica Aplicada de las\u00a0universidades de Valencia (UVEG), Alicante (UA), Jaume I (UJI), La Laguna (LL) y\u00a0Castilla la Mancha (CLM), lo que le confiere el car\u00e1cter multidisciplinar y el tama\u00f1o\u00a0cr\u00edtico que necesita para que constituya un referente a nivel nacional en este \u00e1rea\u00a0estrat\u00e9gica. En su mayor\u00eda, estos grupos se encuentran integrados en institutos y\u00a0estructuras de investigaci\u00f3n universitarios. As\u00ed, en la UVEG estos grupos desarrollan su investigaci\u00f3n en el Instituto de Ciencia Molecular (ICMol), mientras que en la UCLM lo hacen en el Instituto de Nanociencia, Nanotecnolog\u00eda y Materiales Moleculares (INAMol).<\/p>\n<p>Las grandes l\u00edneas de investigaci\u00f3n asociadas al programa de doctorado son las siguientes:<\/p>\n<ul>\n<li>Qu\u00edmica supramolecular, reconocimiento molecular y autoensamblaje molecular en Nanociencia.<\/li>\n<li>Ingenier\u00eda Cristalina y dise\u00f1o de Materiales Moleculares.<\/li>\n<li>Electr\u00f3nica molecular.<\/li>\n<li>Nanomagnetismo Molecular.<\/li>\n<li>Aplicaciones de la Nanociencia Molecular.<\/li>\n<\/ul>\n<p>En el apartado 6.1 sobre las l\u00edneas y equipos de investigaci\u00f3n estas l\u00edneas se describen\u00a0en mayor detalle. Como podemos ver, las l\u00edneas cubren las diversas facetas\u00a0de la Nanociencia Molecular: Desde el dise\u00f1o qu\u00edmico y la s\u00edntesis de mol\u00e9culas\u00a0funcionales y materiales basados en estas mol\u00e9culas, hasta la fabricaci\u00f3n de nanoestructuras\u00a0moleculares, el estudio y modelizaci\u00f3n te\u00f3rica de sus propiedades en\u00a0la nanoescala y el desarrollo de aplicaciones electr\u00f3nicas, qu\u00edmicas y biol\u00f3gicas de\u00a0los mismos.<\/p>\n<p>La calidad de la investigaci\u00f3n de las Universidades participantes en el Doctorado se\u00a0refleja en los resultados que los diferentes grupos de investigaci\u00f3n implicados han\u00a0obtenido en el \u00faltimo trienio: m\u00e1s de 1000 publicaciones en revistas internacionales,\u00a015 patentes de invenci\u00f3n, m\u00e1s de 100 proyectos de investigaci\u00f3n financiados\u00a0por el MINECO, las Comunidades Aut\u00f3nomas y la Uni\u00f3n Europea, entre otras instituciones,\u00a0m\u00e1s de 15 contratos de investigaci\u00f3n con empresas privadas e instituciones\u00a0p\u00fablicas (Kimberly-Clark, Neuropharma, Osram, Philips, etc.) y m\u00e1s de 100 Tesis\u00a0Doctorales leidas.<\/p>\n<p>La suficiente demanda de estudiantes queda garantizada por:<\/p>\n<p>1) la excelencia de los grupos de investigaci\u00f3n participantes, que tienen una fuerte\u00a0tradici\u00f3n en la formaci\u00f3n de estudiantes de doctorado, y<\/p>\n<p>2) la importancia actual del campo: la nanotecnolog\u00eda se ha consolidado como un\u00a0\u00e1rea estrat\u00e9gica de investigaci\u00f3n en el \u00e1mbito mundial, europeo y nacional, tanto\u00a0desde el punto de vista de investigaci\u00f3n como del de las aplicaciones tecnol\u00f3gicas.<\/p>\n<p>En los \u00faltimos tres a\u00f1os, el n\u00famero de estudiantes matriculados ha ido en aumento:\u00a032 en el curso 2009\/2010, 35 en el 2010\/2011 y 43 en el 2011\/2012.<\/p>\n<p><strong>Relaci\u00f3n de la propuesta con la situaci\u00f3n de la I+D+i en Nanociencia y Nanotecnolog\u00eda.<br \/>\n<\/strong><\/p>\n<p>Los investigadores que participan en este Doctorado est\u00e1n situados en la vanguardia\u00a0de la Nanociencia Molecular tanto a nivel nacional como internacional. As\u00ed, a\u00a0nivel nacional cuatro de las cinco Universidades participantes en este Doctorado\u00a0participan en tres proyectos de investigaci\u00f3n de excelencia del Programa \u201cConsolider-Ingenio 2010\u201d: Uno general sobre Nanociencia Molecular (Proyecto NANOMOL,\u00a0coordinado por la UVEG (E. Coronado) y que cuenta con la participaci\u00f3n de la UA),\u00a0otro sobre las aplicaciones de la Nanociencia Molecular en el sector de la energ\u00eda\u00a0(Proyecto HOPE, coordinado por la UJI (J. Bisquert) y que cuenta con la participaci\u00f3n\u00a0de la UCLM) y un tercero sobre las aplicaciones biom\u00e9dicas de la Qu\u00edmica Supramolecular\u00a0(coordinado por la UVEG (E. Garc\u00eda Espa\u00f1a)).<\/p>\n<p>Por otra parte, la pertenencia de la Universidad de Valencia, coordinadora del programa\u00a0de doctorado, a una red de excelencia europea en Materiales y Magnetismo\u00a0Molecular (\u201c Molecular Approach to Nanomagnets and Multifunctional Materials\u201d\u00a0MAGMANET) y que ostenta adem\u00e1s la direcci\u00f3n cient\u00edfica del Instituto Europeo en\u00a0Magnetismo Molecular (E. Coronado), hace que este Doctorado Nacional pueda\u00a0servir como germen de un Doctorado Internacional. De hecho, uno de los objetivos\u00a0prioritarios de este instituto de investigaci\u00f3n europeo es la implantaci\u00f3n de un\u00a0Doctorado Internacional en Nanociencia Molecular, con capacidad de atracci\u00f3n de\u00a0estudiantes extracomunitarios a trav\u00e9s del programa Erasmus-Mundus.<\/p>\n<p><strong>Integraci\u00f3n del Programa de doctorado en una Escuela Doctoral.<\/strong><\/p>\n<p>Como acabamos de indicar, el presente programa aspira a convertirse los pr\u00f3ximos\u00a0a\u00f1os el germen de un Doctorado Internacional en Nanociencia Molecular. En el medio\u00a0plazo, este Programa pretende ser el nucleo sobre el que se articule una Escuela\u00a0Internacional en Nanociencia Molecular que aglutine a los diferentes doctorados\u00a0europeos que existen actualmente en esta \u00e1rea, cre\u00e1ndose as\u00ed una comunidad\u00a0cient\u00edfica internacional donde se formen y colaboren las nuevas generaciones de\u00a0cient\u00edficos que investigan en estos temas estrat\u00e9gicos desde una perspectiva molecular.<\/p>\n<p>A corto plazo debemos se\u00f1alar que este programa de doctorado forma parte de la\u00a0oferta investigadora del Campus de Excelencia VLC\/Campus. Dicha iniciativa ha\u00a0iniciado el proceso de creaci\u00f3n de una Escuela Internacional conjunta en la que se\u00a0coordinar\u00e1 y gestionar\u00e1 la oferta formativa de master y doctorado de excelencia internacional:\u00a0m\u00e1steres que gozan del reconocimiento Erasmus Mundus, interuniversitarios\u00a0e internacionales y doctorados con Menci\u00f3n de Calidad, y que se hallan relacionados\u00a0estrechamente con las \u00e1reas de especializaci\u00f3n de VLC\/CAMPUS, es\u00a0decir, con Salud, Informaci\u00f3n\/Comunicaci\u00f3n y Sostenibilidad. Los t\u00edtulos impartidos\u00a0en dicha Escuela se caracterizan por una orientaci\u00f3n investigadora y profesionalizante;\u00a0la oferta formativa propone desarrollar una fuerte interrelaci\u00f3n de la formaci\u00f3n,\u00a0la investigaci\u00f3n y la innovaci\u00f3n, contribuyendo al establecimiento de un c\u00edrculo\u00a0virtuoso entre estos tres elementos, siguiendo los principios establecidos en el modelo\u00a0de campus; los procesos de ense\u00f1anza-aprendizaje se apoyar\u00e1n en los recursos\u00a0y equipamientos tecnol\u00f3gicos adecuados y en los servicios de los Centros de\u00a0Recursos para el Aprendizaje y la Investigaci\u00f3n de VLC\/CAMPUS; por otra parte, y\u00a0de acuerdo con su car\u00e1cter internacional, en el marco de la Escuela tendr\u00e1 una especial\u00a0importancia la comunicaci\u00f3n en lengua inglesa y el desarrollo de competencias\u00a0multiling\u00fces e interculturales.<\/p>\n<p><strong>Estudiantes con dedicaci\u00f3n a tiempo completo y a tiempo parcial.<br \/>\n<\/strong><\/p>\n<p>Entre las universidades del convenio se reservar\u00e1 un 5% de las plazas para estudiantes a tiempo parcial en cualquiera de las universidades. Si no se dispone de estudiantes en esta categor\u00eda se usar\u00e1n como plazas a tiempo completo.<\/p>\n","protected":false},"excerpt":{"rendered":"<p>Justificaci\u00f3n del t\u00edtulo Experiencias anteriores en la impartici\u00f3n de programas de doctorado de caracter\u00edsticas\u00a0similares. El Doctorado Interuniversitario en Nanociencia y Nanotecnolog\u00eda que se propone\u00a0tiene su origen en la Escuela Nacional de Materiales Moleculares que se ha venido\u00a0desarrollando desde el a\u00f1o 1992 con car\u00e1cter bienal. Esta Escuela ha servido para\u00a0articular y consolidar en Espa\u00f1a una comunidad&#8230;<\/p>\n","protected":false},"author":1,"featured_media":0,"parent":0,"menu_order":0,"comment_status":"closed","ping_status":"closed","template":"","meta":{"_acf_changed":false,"footnotes":""},"class_list":["post-23","page","type-page","status-publish","hentry"],"acf":[],"publishpress_future_action":{"enabled":false,"date":"2026-04-15 07:14:36","action":"change-status","newStatus":"draft","terms":[],"taxonomy":"","extraData":[]},"publishpress_future_workflow_manual_trigger":{"enabledWorkflows":[]},"_links":{"self":[{"href":"https:\/\/www.ull.es\/doctorados\/nanociencia-nanotecnologia\/wp-json\/wp\/v2\/pages\/23","targetHints":{"allow":["GET"]}}],"collection":[{"href":"https:\/\/www.ull.es\/doctorados\/nanociencia-nanotecnologia\/wp-json\/wp\/v2\/pages"}],"about":[{"href":"https:\/\/www.ull.es\/doctorados\/nanociencia-nanotecnologia\/wp-json\/wp\/v2\/types\/page"}],"author":[{"embeddable":true,"href":"https:\/\/www.ull.es\/doctorados\/nanociencia-nanotecnologia\/wp-json\/wp\/v2\/users\/1"}],"replies":[{"embeddable":true,"href":"https:\/\/www.ull.es\/doctorados\/nanociencia-nanotecnologia\/wp-json\/wp\/v2\/comments?post=23"}],"version-history":[{"count":2,"href":"https:\/\/www.ull.es\/doctorados\/nanociencia-nanotecnologia\/wp-json\/wp\/v2\/pages\/23\/revisions"}],"predecessor-version":[{"id":199,"href":"https:\/\/www.ull.es\/doctorados\/nanociencia-nanotecnologia\/wp-json\/wp\/v2\/pages\/23\/revisions\/199"}],"wp:attachment":[{"href":"https:\/\/www.ull.es\/doctorados\/nanociencia-nanotecnologia\/wp-json\/wp\/v2\/media?parent=23"}],"curies":[{"name":"wp","href":"https:\/\/api.w.org\/{rel}","templated":true}]}}