{"id":82,"date":"2018-02-22T14:14:43","date_gmt":"2018-02-22T14:14:43","guid":{"rendered":"http:\/\/www.ull.es\/doctorados\/nanociencia-nanotecnologia\/?page_id=82"},"modified":"2025-11-03T13:36:57","modified_gmt":"2025-11-03T13:36:57","slug":"movilidad","status":"publish","type":"page","link":"https:\/\/www.ull.es\/doctorados\/nanociencia-nanotecnologia\/informacion-academica\/movilidad\/","title":{"rendered":"Movilidad"},"content":{"rendered":"\n<div class=\"wp-block-stackable-columns alignfull stk-block-columns stk-block stk-2314a6b\" data-block-id=\"2314a6b\"><style>.stk-2314a6b {padding-bottom:0px !important;margin-top:-100px !important;margin-bottom:0px !important;}<\/style><div class=\"stk-row stk-inner-blocks stk-block-content stk-content-align stk-2314a6b-column alignfull\">\n<div class=\"wp-block-stackable-column stk-block-column stk-column stk-block stk-1d1764d\" data-v=\"4\" data-block-id=\"1d1764d\"><div class=\"stk-column-wrapper stk-block-column__content stk-container stk-1d1764d-container stk--no-background stk--no-padding\"><div class=\"stk-block-content stk-inner-blocks stk-1d1764d-inner-blocks\"><style id=\"depicter-1-inline-pre-css\">\n\n.depicter-1:not(.depicter-ready){\n\theight:450px;\n}\n\n\/***** Tablet *****\/\n@media screen and (max-width: 1024px){\n\n.depicter-1:not(.depicter-ready){\n\theight:700px;\n}\n\n}\n\/***** Mobile *****\/\n@media screen and (max-width: 767px){\n\n.depicter-1:not(.depicter-ready){\n\theight:360px;\n}\n\n}\n<\/style>\n<div id=\"depicter-1\" class=\"depicter depicter-document depicter-revert depicter-1 depicter-layout-fullwidth\">\n\n<div class=\"depicter-loading-container depicter-loading dotFlashing-dark\"><div class=\"depicter-loading-dark depicter-dot-flashing\">\n   <span><\/span>\n   <span><\/span>\n   <span><\/span>\n<\/div>\n<\/div>\n<div id=\"depicter-1-section-1\" class=\"depicter-section depicter-1-section-1\" data-name=\"Section 1\" data-type=\"section\" data-local-id=\"section-1\">\n<picture class=\"depicter-bg\">\n<source data-depicter-srcset=\"https:\/\/www.ull.es\/doctorados\/nanociencia-nanotecnologia\/wp-content\/uploads\/sites\/17\/2025\/05\/Headers-Doctorados_Doctorado-Nanociencia-768x248.jpg, https:\/\/www.ull.es\/doctorados\/nanociencia-nanotecnologia\/wp-content\/uploads\/sites\/17\/2025\/05\/Headers-Doctorados_Doctorado-Nanociencia.jpg 2x\" srcset=\"data:image\/gif;base64,R0lGODlhAQABAIAAAAAAAP\/\/\/yH5BAEAAAAALAAAAAABAAEAAAIBRAA7\" media=\"(max-width: 1024px)\" \/>\n\n<source data-depicter-srcset=\"https:\/\/www.ull.es\/doctorados\/nanociencia-nanotecnologia\/wp-content\/uploads\/sites\/17\/2025\/05\/Headers-Doctorados_Doctorado-Nanociencia.jpg, https:\/\/www.ull.es\/doctorados\/nanociencia-nanotecnologia\/wp-content\/uploads\/sites\/17\/2025\/05\/Headers-Doctorados_Doctorado-Nanociencia-2000x645.jpg 2x\" srcset=\"data:image\/gif;base64,R0lGODlhAQABAIAAAAAAAP\/\/\/yH5BAEAAAAALAAAAAABAAEAAAIBRAA7\" media=\"(min-width: 1025px)\" \/>\n<img decoding=\"async\" src=\"data:image\/gif;base64,R0lGODlhAQABAIAAAAAAAP\/\/\/yH5BAEAAAAALAAAAAABAAEAAAIBRAA7\" data-ken-burns=\"false\" data-tablet-ken-burns=\"false\" data-mobile-ken-burns=\"false\" alt=\"\" data-depicter-src=\"https:\/\/www.ull.es\/doctorados\/nanociencia-nanotecnologia\/wp-content\/uploads\/sites\/17\/2025\/05\/Headers-Doctorados_Doctorado-Nanociencia.jpg\" data-object-fit=\"custom,custom,\" data-object-position=\"center top,,\" data-crop=\"{'focalPoint':{'x':0.5,'y':0.5},'mediaSize':{'width':1395.3488372093024736386723816394805908203125,'height':450}}\" data-tablet-crop=\"{'focalPoint':{'x':0.5,'y':0.5},'mediaSize':{'width':2170.54263565891460530110634863376617431640625,'height':700}}\" data-mobile-crop=\"{'focalPoint':{'x':0.5,'y':0.5},'mediaSize':{'width':2294.57364341085258274688385426998138427734375,'height':740}}\" \/>\n<\/picture>\n\n\n<h1 id=\"depicter-1-element-5\" class=\"depicter-element depicter-layer depicter-1-element-5\" data-type=\"text\" data-wrap=\"true\" data-name=\"Text 2\" data-local-id=\"element-5\" data-offset=\"x:0px;y:140px;origin:tl\" data-tablet-offset=\"x:227px;y:139px;origin:tl\" data-mobile-offset=\"x:23px;y:96px;origin:tl\" data-width=\"1200px,644px,348px\" data-height=\"auto,auto,auto\" data-responsive-scale=\"true,,\">Programa de Doctorado en <br>Nanociencia y Nanotecnolog\u00eda<\/h1>\n\n<div id=\"depicter-1-element-10\" class=\"depicter-element depicter-layer depicter-1-element-10\" data-type=\"shape\" data-wrap=\"true\" data-name=\"Shape 1\" data-local-id=\"element-10\" data-offset=\"x:0px;y:317px;origin:tl\" data-tablet-offset=\"x:227px;y:439px;origin:tl\" data-mobile-offset=\"x:23px;y:315px;origin:tl\" data-width=\"1090px,478px,313px\" data-height=\"8px,8px,8px\" data-responsive-scale=\"true,,\"><\/div>\n<\/div>\n<\/div>\n<script>\n(window.depicterSetups = window.depicterSetups || []).push(function(){\n\tDepicter.basePath = 'https:\/\/www.ull.es\/doctorados\/nanociencia-nanotecnologia\/wp-content\/plugins\/depicter\/resources\/scripts\/player\/';\n\tconst dpPlayer = Depicter.setup('.depicter-1',\n\t\t{\"width\":[\"1200\",\"1024\",\"360\"],\"height\":[\"450\",\"700\",\"360\"],\"view\":\"basic\",\"keepAspectRatio\":true,\"preload\":0,\"layout\":\"fullwidth\",\"rtl\":false,\"initAfterAppear\":false,\"ajaxApiUrl\":\"https:\\\/\\\/www.ull.es\\\/doctorados\\\/nanociencia-nanotecnologia\\\/wp-admin\\\/admin-ajax.php\",\"mouseSwipe\":true,\"touchSwipe\":true,\"useWatermark\":false}\n\t);\n});\n<\/script><\/div><\/div><\/div>\n<\/div><\/div>\n\n\n\n<div class=\"wp-block-stackable-columns alignfull stk-block-columns stk--hide-mobile stk-block stk-6394276 stk-block-background\" data-block-id=\"6394276\"><style>.stk-6394276 {background-color:#f33f4e !important;padding-top:10px !important;margin-bottom:0px !important;}.stk-6394276:before{background-color:#f33f4e !important;}<\/style><div class=\"stk-row stk-inner-blocks stk-block-content stk-content-align stk-6394276-column alignfull\">\n<div class=\"wp-block-stackable-column stk-block-column stk-column stk-block stk-8a66885\" data-v=\"4\" data-block-id=\"8a66885\"><div class=\"stk-column-wrapper stk-block-column__content stk-container stk-8a66885-container stk--no-background stk--no-padding\"><div class=\"stk-block-content stk-inner-blocks stk-8a66885-inner-blocks\">\n<div class=\"wp-block-stackable-spacer stk-block-spacer stk--no-padding stk-block stk-bc89b3e\" data-block-id=\"bc89b3e\"><style>.stk-bc89b3e {height:0px !important;}<\/style><\/div>\n<\/div><\/div><\/div>\n<\/div><\/div>\n\n\n\n<div class=\"wp-block-stackable-columns stk-block-columns stk-block stk-8b59b96\" data-block-id=\"8b59b96\"><style>.stk-8b59b96 .stk--block-align-8b59b96{align-items:flex-start !important;}.stk-8b59b96 {margin-top:50px !important;}.stk-8b59b96-column{--stk-columns-spacing:0px !important;--stk-column-gap:50px !important;}<\/style><div class=\"stk-row stk-inner-blocks stk--block-align-8b59b96 stk-block-content stk-content-align stk-8b59b96-column\">\n<div class=\"wp-block-stackable-column stk-block-column stk-column stk-block stk-dbb7e15\" data-v=\"4\" data-block-id=\"dbb7e15\"><style>@media screen and (min-width: 768px){.stk-dbb7e15 {flex:var(--stk-flex-grow, 1) 1 66.7% !important;}}<\/style><div class=\"stk-column-wrapper stk-block-column__content stk-container stk-dbb7e15-container stk--no-background stk--no-padding\"><div class=\"stk-block-content stk-inner-blocks stk-dbb7e15-inner-blocks\">\n<div class=\"wp-block-stackable-heading stk-block-heading stk-block-heading--v2 stk-block stk-cc0239e\" id=\"complementos-de-formacion\" data-block-id=\"cc0239e\"><style>.stk-cc0239e .stk-block-heading__text{color:#000000 !important;font-weight:500 !important;}<\/style><h1 class=\"stk-block-heading__text has-text-color\">Movilidad<\/h1><\/div>\n\n\n\n<div class=\"wp-block-stackable-text stk-block-text stk-block stk-01c02f0\" data-block-id=\"01c02f0\"><style>.stk-01c02f0 {max-width:600px !important;min-width:auto !important;}<\/style><p class=\"stk-block-text__text has-text-align-justify\">Se estima que todos los doctorandos del Programa realizar\u00e1n&nbsp;estancias en otras universidades o centros (en realidad \u00e9sta es una de las actividades&nbsp;formativas contempladas en el Programa) y que, tal y como acabamos de se\u00f1alar&nbsp;en el apartado de supervisi\u00f3n de tesis, el 60 % de las tesis optar\u00e1n a la menci\u00f3n internacional.<\/p><\/div>\n<\/div><\/div><\/div>\n\n\n\n<div class=\"wp-block-stackable-column stk-block-column stk-column stk-block stk-53ec762\" data-v=\"4\" data-block-id=\"53ec762\"><style>.stk-53ec762-inner-blocks{row-gap:0px !important;}.stk-53ec762 {padding-top:0px !important;padding-right:0px !important;padding-bottom:0px !important;padding-left:0px !important;}@media screen and (min-width: 768px){.stk-53ec762 {flex:var(--stk-flex-grow, 1) 1 33.3% !important;}}<\/style><div class=\"stk-column-wrapper stk-block-column__content stk-container stk-53ec762-container stk--no-background stk--no-padding\"><div class=\"stk-block-content stk-inner-blocks stk-53ec762-inner-blocks\">\n\n<ul class=\"widget-box\">\n<li class='contacto-header'>Informaci\u00f3n de contacto<\/li><li><i class=\"fa fa-map-marker\"><\/i> Avda. Astrof\u00edsico Francisco S\u00e1nchez, SN. Edificio Calabaza \u2013 AN.2D Apdo. 456 38200 San Crist\u00f3bal de La Laguna<\/li><li><i class=\"fa fa-phone\"><\/i> (+34) 922 31 72 67<\/li><li><i class=\"fa fa-envelope\"><\/i>  <a href=mailto:doctorado.nanociencia@ull.es>doctorado.nanociencia@ull.es<\/a><\/li><li><i class=\"fa fa-calendar\"><\/i><a href=\"http:\/\/citaprevia.ull.es\/index.php?s=edpo\"> Cita previa<\/a><\/li>\n<\/ul>\n\n\n<\/div><\/div><\/div>\n<\/div><\/div>\n\n\n\n<div class=\"wp-block-stackable-text stk-block-text stk-block stk-19bd6ac\" data-block-id=\"19bd6ac\"><style>.stk-19bd6ac {column-count:1 !important;max-width:600px !important;min-width:auto !important;}<\/style><p class=\"stk-block-text__text has-text-align-justify\">Estas estancias se realizar\u00e1n en las instituciones cient\u00edficas y universitarias con las&nbsp;que se mantienen relaciones, e incluir\u00e1n la movilidad entre las diferentes universidades&nbsp;espa\u00f1olas que integran el Programa. Estas estancias no diferenciar\u00e1n entre&nbsp;estudiantes a tiempo completo y estudiantes a tiempo parcial. Las instituciones implicadas&nbsp;se han especificado en el apartado 1.4. Con la mayor parte de estas instituciones&nbsp;existen acuerdos que facilitar la realizaci\u00f3n de las estancias, e incluso la financiaci\u00f3n&nbsp;necesaria (a trav\u00e9s de programas de investigaci\u00f3n de excelencia espa\u00f1oles<br>del tipo CONSOLIDER-INGENIO, o de programas de investigaci\u00f3n y movilidad&nbsp;europeos (la acci\u00f3n COST-PoCheMon, por ejemplo)<\/p><\/div>\n\n\n\n<div class=\"wp-block-stackable-text stk-block-text stk-block stk-e2bd48a\" data-block-id=\"e2bd48a\"><style>.stk-e2bd48a {max-width:600px !important;min-width:auto !important;}<\/style><p class=\"stk-block-text__text has-text-align-justify\">Las actividades investigadoras que los estudiantes realizar\u00e1n en cada una de estas&nbsp;instituciones van a depender obviamente de su experiencia investigadora. De forma&nbsp;esquem\u00e1tica las podemos dividir en las siguientes tem\u00e1ticas:<\/p><\/div>\n\n\n\n<div class=\"wp-block-stackable-text stk-block-text stk-block stk-90a657c\" data-block-id=\"90a657c\"><style>.stk-90a657c {max-width:600px !important;min-width:auto !important;}<\/style><p class=\"stk-block-text__text has-text-align-justify\">&nbsp;Qu\u00edmica de mol\u00e9culas y materiales moleculares:&nbsp;El aspecto relacionado con los sistemas&nbsp;inorg\u00e1nicos se desarrollar\u00e1 en los centros de investigaci\u00f3n implicados en la Acci\u00f3n COSTPoCheMon.&nbsp;El especto relacionado con los sistemas org\u00e1nicos se desarrollar\u00e1 en los grupos&nbsp;de qu\u00edmica org\u00e1nica que participan en los projectos CONSOLIDER-INGENIO NANOMOL,&nbsp;HOPE y SUPRAMED (por ejemplo, los grupos de Nazario Mart\u00edn (UCM), Tom\u00e1s Torres&nbsp;(UAM) y Fernando Fern\u00e1ndez (UMH))\n\u00b7&nbsp;Magnetismo Molecular: El aspecto relacionado con el dise\u00f1o de sistemas magn\u00e9ticos moleculares,&nbsp;con la caracterizaci\u00f3n magn\u00e9tica de estos sistemas y con su nanoestructuraci\u00f3n y aplicaciones&nbsp;en espintr\u00f3nica molecular ser\u00e1 desarrollado en los centros integrados en el instituto europeo&nbsp;de Magnetismo Molecular.\n\u00b7&nbsp;Aplicaciones de la Electr\u00f3nica Molecular y dispositivos electr\u00f3nicos moleculares: Este aspecto&nbsp;se desarrollar\u00e1 principalmente en los centros integrados en los proyectos HOPE y NANOMOL,&nbsp;principalmente en los institutos de investigaci\u00f3n multidisciplinares del tipo IMDEA-Nanociancia e Instituto Catal\u00e1n de Investigaci\u00f3n Qu\u00edmica (ICIQ).\n\u00b7&nbsp;Aplicaciones biom\u00e9dicas de la quimica supramolecular:&nbsp;Este aspecto se desarrollar\u00e1 en los&nbsp;centros integrados en el proyecto SUPRAMED y permitir\u00e1 que el estudiante realice estancias&nbsp;en los centros m\u00e9dicos (hospitales universitarios) con los que este proyecto tiene suscritos los&nbsp;convenios correspondientes.<\/p><\/div>\n","protected":false},"excerpt":{"rendered":"<p>Movilidad Se estima que todos los doctorandos del Programa realizar\u00e1n&nbsp;estancias en otras universidades o centros (en realidad \u00e9sta es una de las actividades&nbsp;formativas contempladas en el Programa) y que, tal y como acabamos de se\u00f1alar&nbsp;en el apartado de supervisi\u00f3n de tesis, el 60 % de las tesis optar\u00e1n a la menci\u00f3n internacional. Estas estancias se&#8230;<\/p>\n","protected":false},"author":1,"featured_media":0,"parent":17,"menu_order":0,"comment_status":"closed","ping_status":"closed","template":"templates\/template-frontpage.php","meta":{"_acf_changed":false,"footnotes":""},"class_list":["post-82","page","type-page","status-publish","hentry"],"acf":[],"publishpress_future_action":{"enabled":false,"date":"2026-04-15 04:20:00","action":"change-status","newStatus":"draft","terms":[],"taxonomy":"","extraData":[]},"publishpress_future_workflow_manual_trigger":{"enabledWorkflows":[]},"_links":{"self":[{"href":"https:\/\/www.ull.es\/doctorados\/nanociencia-nanotecnologia\/wp-json\/wp\/v2\/pages\/82","targetHints":{"allow":["GET"]}}],"collection":[{"href":"https:\/\/www.ull.es\/doctorados\/nanociencia-nanotecnologia\/wp-json\/wp\/v2\/pages"}],"about":[{"href":"https:\/\/www.ull.es\/doctorados\/nanociencia-nanotecnologia\/wp-json\/wp\/v2\/types\/page"}],"author":[{"embeddable":true,"href":"https:\/\/www.ull.es\/doctorados\/nanociencia-nanotecnologia\/wp-json\/wp\/v2\/users\/1"}],"replies":[{"embeddable":true,"href":"https:\/\/www.ull.es\/doctorados\/nanociencia-nanotecnologia\/wp-json\/wp\/v2\/comments?post=82"}],"version-history":[{"count":10,"href":"https:\/\/www.ull.es\/doctorados\/nanociencia-nanotecnologia\/wp-json\/wp\/v2\/pages\/82\/revisions"}],"predecessor-version":[{"id":427,"href":"https:\/\/www.ull.es\/doctorados\/nanociencia-nanotecnologia\/wp-json\/wp\/v2\/pages\/82\/revisions\/427"}],"up":[{"embeddable":true,"href":"https:\/\/www.ull.es\/doctorados\/nanociencia-nanotecnologia\/wp-json\/wp\/v2\/pages\/17"}],"wp:attachment":[{"href":"https:\/\/www.ull.es\/doctorados\/nanociencia-nanotecnologia\/wp-json\/wp\/v2\/media?parent=82"}],"curies":[{"name":"wp","href":"https:\/\/api.w.org\/{rel}","templated":true}]}}