{"id":21,"date":"2018-02-22T11:07:35","date_gmt":"2018-02-22T11:07:35","guid":{"rendered":"http:\/\/localhost\/ull\/doctorados\/?page_id=21"},"modified":"2018-03-02T13:49:56","modified_gmt":"2018-03-02T13:49:56","slug":"entidades-participantes","status":"publish","type":"page","link":"https:\/\/www.ull.es\/doctorados\/psicologia\/fr\/entidades-participantes\/","title":{"rendered":"Entit\u00e9s participantes"},"content":{"rendered":"<h1>Entit\u00e9s participantes<\/h1>\n<p><strong>Collaborations avec accord<\/strong><\/p>\n<ul>\n<li>Universit\u00e9 autonome de Morelos (Mexique)<\/li>\n<li>Universit\u00e9s de Guayaquil et Casa Grande (\u00c9quateur)<\/li>\n<li>Universit\u00e9 de Valle (Colombie)<\/li>\n<li>Universit\u00e9 Casa Grande (\u00c9quateur)<\/li>\n<li>Universit\u00e9 du Nord (Colombie)<\/li>\n<li>Universit\u00e9 catholique de la Tr\u00e8s Sainte Conception (UCSC-Chili)<\/li>\n<li>Universit\u00e9 de Concepcion (Chili)<\/li>\n<li>Universit\u00e9 de Valle (Guatemala)<\/li>\n<li>Universit\u00e9 nationale de Colombie<\/li>\n<li>Universit\u00e9 centrale de l&#039;\u00c9quateur<\/li>\n<\/ul>\n<p><strong>Autres collaborations<\/strong><\/p>\n<div>Dans le cadre des programmes doctoraux d\u00e9sormais int\u00e9gr\u00e9s dans un seul Programme Doctoral en Psychologie \u00e0 l&#039;ULL, des collaborations ont \u00e9t\u00e9 \u00e9tablies avec d&#039;autres universit\u00e9s, organismes ou institutions, tant nationales qu&#039;internationales. Bon nombre de ces collaborations ont \u00e9t\u00e9 r\u00e9glement\u00e9es par des accords de collaboration qui ont \u00e9t\u00e9 formalis\u00e9s \u00e0 la fois par le Bureau de transfert des r\u00e9sultats de l&#039;ULL (OTRI) et par le Bureau des relations internationales (ORI), en \u00e9troite collaboration avec le Vice-rectorat \u00e0 l&#039;internationalisation et \u00e0 l&#039;excellence de l&#039;ULL. L\u2019objectif principal de cette initiative n\u2019est autre que de favoriser la cr\u00e9ation de r\u00e9seaux d\u2019\u00e9changes internationaux.<\/div>\n<div>\n<div>Cette projection internationale du programme de doctorat de la Facult\u00e9 de Psychologie se traduit par l&#039;\u00e9change de personnel scientifique et la coop\u00e9ration scientifique et technologique tant dans les espaces ib\u00e9ro-am\u00e9ricains que nord-am\u00e9ricains.<\/div>\n<div>Voici quelques exemples de cet effort de cr\u00e9ation et de participation \u00e0 des r\u00e9seaux d&#039;\u00e9changes scientifiques : a) Nous avons particip\u00e9 au r\u00e9seau th\u00e9matique de neurosciences cognitives subventionn\u00e9 par le MICINN pendant la p\u00e9riode 2009-2010 ; b) Des accords de co-tutelle acad\u00e9mique ont \u00e9t\u00e9 formalis\u00e9s avec l&#039;Universit\u00e9 de Palerme (Italie) et sont actuellement en cours de traitement avec l&#039;Universit\u00e9 de Coimbra (Portugal) et l&#039;Universit\u00e9 de Guadalajara (Mexique) ; c) L&#039;\u00e9change de personnel scientifique ainsi que la coop\u00e9ration scientifique et technologique ont \u00e9t\u00e9 promus avec l&#039;Universit\u00e9 catholique de la Tr\u00e8s Sainte Conception (Concepci\u00f3n, Chili), avec l&#039;Universit\u00e9 de Valle (Guatemala), avec l&#039;Universit\u00e9 Casa Grande (Guayaquil, \u00c9quateur) ) , avec l&#039;Universit\u00e9 nationale de San Luis Potos\u00ed (Mexique), avec l&#039;Universit\u00e9 nationale autonome du Mexique (UNAM, Mexico), l&#039;Universit\u00e9 de Valle (Colombie), l&#039;Universit\u00e9 de Rio Grande au Br\u00e9sil, l&#039;Universit\u00e9 de l&#039;Oregon (\u00c9tats-Unis), etc. . Tout cela dans le cadre des projets suivants financ\u00e9s par le programme de coop\u00e9ration internationale de l&#039;Agence espagnole de coop\u00e9ration avec l&#039;Am\u00e9rique latine (AECI), qui ont conduit \u00e0 la formalisation d&#039;accords qui ont \u00e9t\u00e9 trait\u00e9s par l&#039;ULL elle-m\u00eame.<\/div>\n<\/div>","protected":false},"excerpt":{"rendered":"<p>Entit\u00e9s participantes Collaborations avec accord Universit\u00e9 autonome de Morelos (Mexique) Universit\u00e9s de Guayaquil et Casa Grande (\u00c9quateur) Universit\u00e9 de Valle (Colombie) Universit\u00e9 Casa Grande (\u00c9quateur) Universit\u00e9 du Nord (Colombie) Universit\u00e9 catholique de la Tr\u00e8s Sainte Conception (UCSC-Chili) Universit\u00e9 de Concepci\u00f3n (Chili) Universit\u00e9 de Valle (Guatemala) Universit\u00e9 nationale de Colombie Universit\u00e9 centrale de l&#039;\u00c9quateur Autres collaborations Dans le cadre des programmes\u2026<\/p>","protected":false},"author":1,"featured_media":0,"parent":0,"menu_order":0,"comment_status":"closed","ping_status":"closed","template":"","meta":{"_acf_changed":false,"footnotes":""},"class_list":["post-21","page","type-page","status-publish","hentry"],"acf":[],"publishpress_future_action":{"enabled":false,"date":"2026-04-19 12:20:17","action":"change-status","newStatus":"draft","terms":[],"taxonomy":"","extraData":[]},"publishpress_future_workflow_manual_trigger":{"enabledWorkflows":[]},"_links":{"self":[{"href":"https:\/\/www.ull.es\/doctorados\/psicologia\/fr\/wp-json\/wp\/v2\/pages\/21","targetHints":{"allow":["GET"]}}],"collection":[{"href":"https:\/\/www.ull.es\/doctorados\/psicologia\/fr\/wp-json\/wp\/v2\/pages"}],"about":[{"href":"https:\/\/www.ull.es\/doctorados\/psicologia\/fr\/wp-json\/wp\/v2\/types\/page"}],"author":[{"embeddable":true,"href":"https:\/\/www.ull.es\/doctorados\/psicologia\/fr\/wp-json\/wp\/v2\/users\/1"}],"replies":[{"embeddable":true,"href":"https:\/\/www.ull.es\/doctorados\/psicologia\/fr\/wp-json\/wp\/v2\/comments?post=21"}],"version-history":[{"count":2,"href":"https:\/\/www.ull.es\/doctorados\/psicologia\/fr\/wp-json\/wp\/v2\/pages\/21\/revisions"}],"predecessor-version":[{"id":155,"href":"https:\/\/www.ull.es\/doctorados\/psicologia\/fr\/wp-json\/wp\/v2\/pages\/21\/revisions\/155"}],"wp:attachment":[{"href":"https:\/\/www.ull.es\/doctorados\/psicologia\/fr\/wp-json\/wp\/v2\/media?parent=21"}],"curies":[{"name":"wp","href":"https:\/\/api.w.org\/{rel}","templated":true}]}}