{"id":23,"date":"2018-02-22T11:09:29","date_gmt":"2018-02-22T11:09:29","guid":{"rendered":"http:\/\/localhost\/ull\/doctorados\/?page_id=23"},"modified":"2019-09-27T09:59:15","modified_gmt":"2019-09-27T09:59:15","slug":"justificacion-del-titulo","status":"publish","type":"page","link":"https:\/\/www.ull.es\/doctorados\/psicologia\/fr\/justificacion-del-titulo\/","title":{"rendered":"Justification du titre"},"content":{"rendered":"<h1>Justification du titre<\/h1>\n<p>Le programme de doctorat en psychologie pr\u00e9sent\u00e9 ici, \u00e0 enseigner conform\u00e9ment au RD 99\/2011, int\u00e8gre les diff\u00e9rents programmes de doctorat, actuels et en extinction de la Facult\u00e9 de psychologie. dans un seul programme de doctorat. Cette exp\u00e9rience ant\u00e9rieure dans l&#039;enseignement de programmes doctoraux aux caract\u00e9ristiques similaires \u00e0 celle pr\u00e9sent\u00e9e ici provient de la conversion de programmes doctoraux ant\u00e9rieurs avec une Mention de Qualit\u00e9 et certains d&#039;entre eux ont re\u00e7u un rapport favorable de l&#039;ANECA pour obtenir la Mention vers l&#039;Excellence lors de son premier appel comme nous le ferons d\u00e9crire ci-dessous.<\/p>\n<p><strong>Histoire ant\u00e9rieure<\/strong><\/p>\n<p>L&#039;Universit\u00e9 de La Laguna a plus de 30 ans d&#039;exp\u00e9rience dans l&#039;organisation et l&#039;enseignement de cours de psychologie. Tout au long de cette p\u00e9riode, les \u00e9tudes de psychologie ont connu une forte demande qui perdure encore aujourd\u2019hui. Tout au long de cette p\u00e9riode, la formation doctorale a \u00e9t\u00e9 dispens\u00e9e dans ses diff\u00e9rents formats ou modalit\u00e9s (cours, programmes) et conform\u00e9ment aux structures de formation existantes : initialement dans le cadre du doctorat de la Facult\u00e9 de Philosophie et Lettres, mais avec une formation sp\u00e9cifique en Psychologie ( comme il est indiqu\u00e9 entre parenth\u00e8ses dans le titre), plus tard au sein de la Facult\u00e9 de Philosophie et des Sciences de l&#039;\u00c9ducation, et, enfin, avec la cr\u00e9ation de la Facult\u00e9 de Psychologie, en tant que doctorat sp\u00e9cifique en Psychologie. Depuis la cr\u00e9ation de la Facult\u00e9 et des d\u00e9partements les plus \u00e9troitement li\u00e9s \u00e0 la licence en Psychologie (D\u00e9partement de Personnalit\u00e9, \u00c9valuation et Traitements Psychologiques, D\u00e9partement de Psychologie Cognitive, Sociale et Organisationnelle, D\u00e9partement de Psychologie du D\u00e9veloppement et de l&#039;\u00c9ducation et D\u00e9partement de Psychobiologie et M\u00e9thodologie des Sciences du Comportement) ), des programmes de doctorat en psychologie ont \u00e9t\u00e9 formalis\u00e9s, lesquels, avec des modifications mineures, ont \u00e9t\u00e9 maintenus jusqu&#039;\u00e0 l&#039;apparition de la nouvelle r\u00e9glementation. Si nous nous concentrons sur les cinq derni\u00e8res ann\u00e9es, il y avait 5 programmes de doctorat offerts \u00e0 la Facult\u00e9 de Psychologie, 3 d&#039;entre eux en vigueur selon le d\u00e9cret 1393\/2007, et deux autres en voie d&#039;\u00eatre supprim\u00e9s. Ces programmes de doctorat sont int\u00e9gr\u00e9s \u00e0 la proposition actuelle du nouveau programme de doctorat en psychologie de l&#039;Universit\u00e9 de La Laguna. La qualit\u00e9 de cette offre doctorale est un autre facteur \u00e0 prendre en compte : trois des programmes doctoraux qui en font partie ont obtenu une Mention Qualit\u00e9 : Neurosciences cognitives et \u00e9ducation, Intervention et m\u00e9diation familiale et Compr\u00e9hension de textes et de discours ; et les deux premiers ont pass\u00e9 les crit\u00e8res de l&#039;ANECA pour l&#039;obtention de la Mention vers l&#039;Excellence lors de son premier appel.<\/p>\n<p><strong>Capacit\u00e9 de recherche de la Facult\u00e9 de psychologie<\/strong><\/p>\n<p>Comme il sied \u00e0 son histoire, la Facult\u00e9 de Psychologie de l&#039;ULL dispose d&#039;un potentiel de recherche soutenu par une s\u00e9rie d&#039;indicateurs objectifs. L&#039;un d&#039;entre eux est celui qui \u00e9value la production par domaines et disciplines scientifiques, comme le c\u00e9l\u00e8bre classement I-GR par domaines et disciplines scientifiques, qui se base sur les publications avec un facteur d&#039;impact ISI. Dans ce classement, dans sa derni\u00e8re \u00e9dition (2012), l&#039;ULL appara\u00eet comme la 5\u00e8me universit\u00e9 de l&#039;\u00c9tat espagnol en psychologie dans la section des disciplines scientifiques (et parmi les 5 premi\u00e8res, elle occupe la 2\u00e8me position en impact qualitatif li\u00e9 aux citations re\u00e7u).<\/p>\n<p><strong>Demande potentielle pour le programme de doctorat en psychologie<\/strong><\/p>\n<p>La demande potentielle pour le programme de doctorat en psychologie et son int\u00e9r\u00eat pour la soci\u00e9t\u00e9 sont soutenus par la m\u00eame demande raisonnable et soutenue des \u00e9tudiants de troisi\u00e8me cycle envers des programmes de doctorat ayant des caract\u00e9ristiques similaires qui ont \u00e9t\u00e9 enseign\u00e9s \u00e0 la Facult\u00e9 de psychologie de l&#039;Universit\u00e9 de La Lagoon. Ainsi, par exemple, les donn\u00e9es sur les inscriptions et les th\u00e8ses lues, selon les donn\u00e9es fournies par le Vice-Rectorat des \u00c9tudes de Troisi\u00e8me Cycle, des Nouvelles \u00c9tudes et de l&#039;Espace Europ\u00e9en de l&#039;Enseignement Sup\u00e9rieur, indiquent que 114 \u00e9tudiants se sont inscrits et 54 th\u00e8ses ont \u00e9t\u00e9 lues dans le les cinq derni\u00e8res ann\u00e9es.<\/p>\n<p>Un autre facteur \u00e0 noter, pertinent pour la demande potentielle pour le nouveau programme de doctorat en psychologie, concerne la large gamme de dipl\u00f4mes de master officiels avec plusieurs \u00e9ditions et qui comptent un nombre important d&#039;\u00e9tudiants.<\/p>\n<p>Pour illustrer ce point, le nombre d\u2019\u00e9tudiants inscrits dans chacune d\u2019elles au cours de l\u2019ann\u00e9e acad\u00e9mique 2012\/13 est indiqu\u00e9 ci-dessous. La force de cette offre de master indique une demande raisonnable et soutenue des \u00e9tudiants de troisi\u00e8me cycle pour le programme de doctorat, qui, d&#039;autre part, a pour fonction incontournable de r\u00e9pondre \u00e0 cette demande avec les normes de qualit\u00e9 n\u00e9cessaires.<\/p>\n<p>En bref, les donn\u00e9es pr\u00e9sent\u00e9es ci-dessus sont une garantie de la p\u00e9rennit\u00e9 du programme de doctorat en psychologie.<\/p>\n<p>Un potentiel \u00e0 souligner concernant les masters qui y sont enseign\u00e9s est leur capacit\u00e9 \u00e0 attirer des \u00e9tudiants d&#039;Am\u00e9rique latine, dont la pr\u00e9sence se renforce d&#039;ann\u00e9e en ann\u00e9e. Le nombre de th\u00e8ses soutenues au cours des cinq derni\u00e8res ann\u00e9es (54) repr\u00e9sente \u00e9galement un soutien \u00e0 la viabilit\u00e9 du programme doctoral, ainsi que le nombre d&#039;\u00e9tudiants inscrits dans tous les programmes doctoraux int\u00e9gr\u00e9s au nouveau programme doctoral en psychologie (114) .<\/p>\n<p><strong>Chercheur potentiel pour le programme de doctorat en psychologie<\/strong><\/p>\n<p>En ce qui concerne la productivit\u00e9 scientifique d\u00e9montr\u00e9e dans le programme lui-m\u00eame, celle-ci est confirm\u00e9e par la solvabilit\u00e9 de son \u00e9quipe de chercheurs\/doctorants en termes de p\u00e9riodes de six ans et de publications. Plusieurs de ces chercheurs occupent les premi\u00e8res places dans le classement des professeurs en Espagne en termes de productivit\u00e9 scientifique dans les \u00e9tudes couvrant la p\u00e9riode 2004-2009, que nous allons \u00e9num\u00e9rer ci-dessous. D&#039;apr\u00e8s les r\u00e9sultats obtenus par (*) Musi-Lechuga, Olivas-\u00c1vila, Portillo-Reyes et Villalobos-Galvis (2005) dans une \u00e9tude publi\u00e9e dans la revue Psicothema dans laquelle la production scientifique de la psychologie espagnole est analys\u00e9e \u00e0 travers les archives d&#039;articles dans les revues incluses dans la base de donn\u00e9es Web of Science des professeurs (CU) et des professeurs titulaires (PTU) des diff\u00e9rents domaines acad\u00e9miques de psychologie, certains de ces chercheurs figurent parmi les dix professeurs ayant la plus grande production d&#039;articles de revues enregistr\u00e9es sur le Web de la base de donn\u00e9es des sciences dans leurs domaines de connaissances respectifs. Selon l&#039;\u00e9tude r\u00e9alis\u00e9e par (**) Salgado et P\u00e1ez (2007), ils font \u00e9galement partie des dix chercheurs avec le h* le plus \u00e9lev\u00e9 des six domaines de connaissances dans lesquels se divise la psychologie acad\u00e9mique en Espagne.<\/p>\n<p>Plus r\u00e9cemment, selon les r\u00e9sultats obtenus par (*) Olivas-\u00c1vila et Musi-Lechuga (2010) dans une \u00e9tude publi\u00e9e dans la revue Psicothema dans laquelle est analys\u00e9e la production scientifique des professeurs de psychologie fonctionnaires les plus productifs d&#039;Espagne sur le Web Selon la revue Web of Science, bon nombre de ces professeurs figurent parmi les dix premiers professeurs ayant la plus grande production d\u2019articles de revues enregistr\u00e9s dans la base de donn\u00e9es Web of Science dans leurs domaines de connaissances respectifs.<\/p>\n<p>Il convient \u00e9galement de souligner l&#039;importante production de publications issues des th\u00e8ses lues, comme indiqu\u00e9 dans la section 6 des Ressources Humaines. La capacit\u00e9 d&#039;attirer des ressources de recherche est d\u00e9montr\u00e9e par les 14 projets nationaux comp\u00e9titifs qui soutiennent les axes de recherche qui composent le programme de doctorat en psychologie de l&#039;ULL. Enfin, en termes de qualit\u00e9 et de solvabilit\u00e9 des ressources humaines et des \u00e9quipements fournis, le programme est soutenu par le succ\u00e8s des programmes pr\u00e9c\u00e9dents, leur continuit\u00e9 et le fait que trois d&#039;entre eux ont obtenu une Mention de Qualit\u00e9, comme cela a d\u00e9j\u00e0 \u00e9t\u00e9 indiqu\u00e9. le cas. d\u00e9crit.<\/p>\n<p><strong>Int\u00e9gration du programme de doctorat en psychologie \u00e0 l&#039;\u00e9cole doctorale de l&#039;ULL<\/strong><\/p>\n<p>Il est \u00e0 noter que le programme de doctorat en psychologie serait int\u00e9gr\u00e9 \u00e0 l\u2019\u00e9cole doctorale de l\u2019ULL. L&#039;\u00c9cole Doctorale de l&#039;ULL a \u00e9t\u00e9 approuv\u00e9e par le Conseil d&#039;Administration le 26 septembre 2013. Pendant que ce dispositif est pleinement op\u00e9rationnel, des mesures seront prises comme indiqu\u00e9 dans la r\u00e9solution du 17 janvier 2013, qui pr\u00e9voit la publication de la<a href=\"http:\/\/www.gobiernodecanarias.org\/boc\/2009\/031\/007.html\" target=\"_blank\" rel=\"noopener noreferrer\">\u00a0R\u00e8glement des \u00e9tudes doctorales officielles \u00e0 l&#039;Universit\u00e9 de La Laguna.<\/a><\/p>\n<p>Cette r\u00e9solution pose les bases d\u2019une organisation de programmes doctoraux adapt\u00e9s \u00e0 la nouvelle r\u00e9glementation. L\u2019objectif est de maintenir ses indicateurs en termes d\u2019\u00e9tudes doctorales et d\u2019\u00e9tablir une strat\u00e9gie qui lui permettra de valoriser ses r\u00e9sultats de recherche, en les portant au-del\u00e0 de ceux qui existent actuellement.<\/p>\n<p>L&#039;id\u00e9e est que ses nouveaux programmes doctoraux agissent comme moteurs de la recherche d\u00e9velopp\u00e9e dans l&#039;institution, et favorisent une plus grande attention \u00e0 ses chercheurs en formation, tout en r\u00e9gulant les processus d&#039;extinction des programmes doctoraux articul\u00e9s selon les dispositions r\u00e9glementaires ant\u00e9rieures.<\/p>\n<p><strong>Int\u00e9gration du programme doctoral dans la strat\u00e9gie R&amp;D&amp;I de l&#039;ULL<\/strong><\/p>\n<p>Le programme de doctorat en psychologie s&#039;int\u00e8gre dans la strat\u00e9gie de R&amp;D&amp;I de l&#039;ULL, qui comprend le d\u00e9veloppement du Campus Tricontinental Atlantique (CEI-CANARIAS) (Campus International d&#039;Excellence), un espace d&#039;excellence qui doit \u00eatre Depuis 2015, il est devenu un R\u00e9f\u00e9rence atlantique en Europe comme p\u00f4le d\u2019accueil et de catalyse de talents en mati\u00e8re d\u2019enseignement, de recherche, d\u2019innovation et de projets de transfert avec l\u2019Afrique et l\u2019Am\u00e9rique latine, sous le d\u00e9nominateur commun d\u2019un mod\u00e8le global de durabilit\u00e9 pour son d\u00e9veloppement. Le Campus devient d\u00e9j\u00e0 un \u00e9l\u00e9ment indispensable pour le d\u00e9veloppement vers la nouvelle structure \u00e9conomique, productive et sociale des \u00eeles Canaries. L\u2019une des actions du Campus Tricontinental Atlantique susmentionn\u00e9 est directement li\u00e9e aux axes de recherche du programme de doctorat en psychologie. Dans ce cas, nous nous r\u00e9f\u00e9rons \u00e0 l&#039;action n\u00b0 8 (Centre Atlantique de Neurosciences Wolfgang K\u00f6hler) qui a pour principaux objectifs l&#039;int\u00e9gration de lignes de recherche et d&#039;intervention ayant un impact sur la qualit\u00e9 de vie des personnes dans le domaine des neurosciences (cycle troubles vitaux, neurod\u00e9g\u00e9n\u00e9ratifs, groupes \u00e0 risque, etc.) ; la promotion du transfert des r\u00e9sultats dans la conception des strat\u00e9gies d\u2019intervention et le d\u00e9veloppement de la coop\u00e9ration ; ateliers en neurosciences pour les chercheurs du continent africain et d\u2019Am\u00e9rique latine, cr\u00e9ation d\u2019un programme tricontinental de mobilit\u00e9 et de recrutement de talents ; enseignement postuniversitaire, etc. De m\u00eame, des r\u00e9sultats sont attendus en termes d\u2019am\u00e9lioration des syst\u00e8mes de diagnostic et d\u2019intervention en mati\u00e8re de sant\u00e9 mentale et de difficult\u00e9s d\u2019apprentissage, en concevant des strat\u00e9gies d\u2019intervention pour am\u00e9liorer la qualit\u00e9 de vie ; favoriser la mobilit\u00e9 et le recrutement de talents parmi les chercheurs \u00e0 l\u2019\u00e9chelle tricontinentale, etc.<\/p>\n<p>L\u2019am\u00e9lioration de la comp\u00e9titivit\u00e9 s\u2019appuie sur une approche durable et globale, qui renforcera les secteurs cl\u00e9s, favorisera de nouveaux secteurs li\u00e9s aux domaines de sp\u00e9cialisation th\u00e9matique du Campus et contribuera \u00e0 g\u00e9n\u00e9rer des emplois. Ce mod\u00e8le tirera parti de la position g\u00e9ostrat\u00e9gique des \u00eeles Canaries comme pont entre l\u2019Europe et l\u2019Afrique de l\u2019Ouest, la Macaron\u00e9sie et l\u2019Am\u00e9rique latine. C&#039;est pourquoi le Campus Tricontinental Atlantique agira comme un p\u00f4le universitaire dans le cadre du projet national visant \u00e0 renforcer les \u00eeles Canaries en tant que pont strat\u00e9gique tricontinental europ\u00e9en dans l&#039;Atlantique.<\/p>\n<p>Les sous-projets qui le d\u00e9finissent couvrent tous les domaines d\u2019excellence : am\u00e9lioration de l\u2019enseignement, adaptation \u00e0 l\u2019Espace europ\u00e9en de l\u2019enseignement sup\u00e9rieur (EEES), am\u00e9lioration scientifique, innovation et transfert de connaissances, transformation du campus et internationalisation. Le programme de doctorat en psychologie s&#039;inscrit dans ce cadre.<\/p>\n<p>Au CEI-CANARIAS, des plateformes \u00e9ducatives de qualit\u00e9 et d&#039;excellence sont d\u00e9velopp\u00e9es dans le cadre de l&#039;\u00c9cole Internationale d&#039;\u00c9tudes Universitaires de Troisi\u00e8me Cycle, tandis que de grandes infrastructures d&#039;excellence sont renforc\u00e9es. En fait, une s\u00e9rie de Masters universitaires et de programmes de doctorat ont \u00e9t\u00e9 enseign\u00e9s \u00e0 la Facult\u00e9 de psychologie, dont beaucoup avec une mention de qualit\u00e9, et qui sont d\u00e9sormais destin\u00e9s \u00e0 \u00eatre int\u00e9gr\u00e9s dans un seul programme de doctorat en psychologie, ce qui lui a permis de attirer des \u00e9tudiants et d\u2019excellents chercheurs de prestige international. L&#039;effort et le progr\u00e8s de l&#039;ULL ont \u00e9t\u00e9 fondamentaux ces derni\u00e8res ann\u00e9es, en tant que catalyseur de talents \u00e0 travers ses activit\u00e9s de formation, en r\u00e9alisant pr\u00e8s de 80% de la recherche effectu\u00e9e aux \u00eeles Canaries, en transf\u00e9rant les connaissances g\u00e9n\u00e9r\u00e9es \u00e0 la soci\u00e9t\u00e9 et au tissu productif et en faisant de r\u00e9els engagements en faveur d\u2019un mod\u00e8le de production bas\u00e9 sur la connaissance.<\/p>\n<p>L&#039;ULL participe activement au Parc Scientifique et Technologique de Tenerife SA, dont un exemple est le Centre de Recherche Biom\u00e9dicale des Canaries (CIBICAN). Le choix de l&#039;axe mat\u00e9riaux-durabilit\u00e9 comme axe privil\u00e9gi\u00e9 dans les activit\u00e9s de R&amp;D&amp;I \u00e0 d\u00e9velopper dans le futur P\u00f4le Scientifique et Technologique, PCT La Laguna, associ\u00e9 au PCCT a comme arguments fondamentaux, d&#039;une part, les ressources de recherche actuellement disponibles d&#039;une part, par l&#039;Universit\u00e9 de La Laguna et d&#039;autre part, la demande strat\u00e9gique de r\u00e9sultats de recherche dans les domaines susmentionn\u00e9s, tant au niveau public que priv\u00e9.<\/p>\n<p><strong>Contenu du programme<\/strong><\/p>\n<p>Le programme de doctorat en psychologie de l&#039;ULL vise \u00e0 former des docteurs dans diff\u00e9rents domaines de la psychologie. Gr\u00e2ce au programme de doctorat, les \u00e9tudiants pourront acqu\u00e9rir les connaissances th\u00e9oriques, techniques et pratiques n\u00e9cessaires \u00e0 la recherche avanc\u00e9e dans quatre domaines principaux : psychologie clinique et de la sant\u00e9, neurosciences de la cognition et des \u00e9motions, psychologie du langage, \u00e9ducation et m\u00e9thodologie et psychologie familiale, sociale et communautaire. Intervention et M\u00e9diation.<\/p>","protected":false},"excerpt":{"rendered":"<p>Justification du titre Le programme de doctorat en psychologie pr\u00e9sent\u00e9 ici pour \u00eatre enseign\u00e9 conform\u00e9ment au RD 99\/2011, int\u00e8gre les diff\u00e9rents programmes de doctorat, actuels et en extinction, de la Facult\u00e9 de psychologie. dans un seul programme de doctorat. Cette exp\u00e9rience ant\u00e9rieure dans l\u2019enseignement de programmes doctoraux pr\u00e9sentant des caract\u00e9ristiques similaires\u2026<\/p>","protected":false},"author":1,"featured_media":0,"parent":0,"menu_order":0,"comment_status":"closed","ping_status":"closed","template":"","meta":{"_acf_changed":false,"footnotes":""},"class_list":["post-23","page","type-page","status-publish","hentry"],"acf":[],"publishpress_future_action":{"enabled":false,"date":"2026-04-19 07:45:48","action":"change-status","newStatus":"draft","terms":[],"taxonomy":"","extraData":[]},"publishpress_future_workflow_manual_trigger":{"enabledWorkflows":[]},"_links":{"self":[{"href":"https:\/\/www.ull.es\/doctorados\/psicologia\/fr\/wp-json\/wp\/v2\/pages\/23","targetHints":{"allow":["GET"]}}],"collection":[{"href":"https:\/\/www.ull.es\/doctorados\/psicologia\/fr\/wp-json\/wp\/v2\/pages"}],"about":[{"href":"https:\/\/www.ull.es\/doctorados\/psicologia\/fr\/wp-json\/wp\/v2\/types\/page"}],"author":[{"embeddable":true,"href":"https:\/\/www.ull.es\/doctorados\/psicologia\/fr\/wp-json\/wp\/v2\/users\/1"}],"replies":[{"embeddable":true,"href":"https:\/\/www.ull.es\/doctorados\/psicologia\/fr\/wp-json\/wp\/v2\/comments?post=23"}],"version-history":[{"count":4,"href":"https:\/\/www.ull.es\/doctorados\/psicologia\/fr\/wp-json\/wp\/v2\/pages\/23\/revisions"}],"predecessor-version":[{"id":235,"href":"https:\/\/www.ull.es\/doctorados\/psicologia\/fr\/wp-json\/wp\/v2\/pages\/23\/revisions\/235"}],"wp:attachment":[{"href":"https:\/\/www.ull.es\/doctorados\/psicologia\/fr\/wp-json\/wp\/v2\/media?parent=23"}],"curies":[{"name":"wp","href":"https:\/\/api.w.org\/{rel}","templated":true}]}}