{"id":72,"date":"2018-02-22T13:28:20","date_gmt":"2018-02-22T13:28:20","guid":{"rendered":"http:\/\/www.ull.es\/doctorados\/psicologia\/?page_id=72"},"modified":"2025-08-20T08:34:12","modified_gmt":"2025-08-20T08:34:12","slug":"seguimiento-doctorando","status":"publish","type":"page","link":"https:\/\/www.ull.es\/doctorados\/psicologia\/fr\/organizacion-del-programa\/seguimiento-doctorando\/","title":{"rendered":"Suivi du doctorant"},"content":{"rendered":"\n<div class=\"wp-block-stackable-columns alignfull stk-block-columns stk-block stk-2314a6b\" data-block-id=\"2314a6b\"><style>.stk-2314a6b {padding-bottom:0px !important;margin-top:-100px !important;margin-bottom:0px !important;}<\/style><div class=\"stk-row stk-inner-blocks stk-block-content stk-content-align stk-2314a6b-column alignfull\">\n<div class=\"wp-block-stackable-column stk-block-column stk-column stk-block stk-1d1764d\" data-v=\"4\" data-block-id=\"1d1764d\"><div class=\"stk-column-wrapper stk-block-column__content stk-container stk-1d1764d-container stk--no-background stk--no-padding\"><div class=\"stk-block-content stk-inner-blocks stk-1d1764d-inner-blocks\"><style id=\"depicter-1-inline-pre-css\">\n\n.depicter-1:not(.depicter-ready){\n\theight:450px;\n}\n\n\/***** Tablet *****\/\n@media screen and (max-width: 1024px){\n\n.depicter-1:not(.depicter-ready){\n\theight:700px;\n}\n\n}\n\/***** Mobile *****\/\n@media screen and (max-width: 767px){\n\n.depicter-1:not(.depicter-ready){\n\theight:360px;\n}\n\n}\n<\/style>\n<div id=\"depicter-1\" class=\"depicter depicter-document depicter-revert depicter-1 depicter-layout-fullwidth\">\n\n<div class=\"depicter-loading-container depicter-loading dotFlashing-dark\"><div class=\"depicter-loading-dark depicter-dot-flashing\">\n   <span><\/span>\n   <span><\/span>\n   <span><\/span>\n<\/div>\n<\/div>\n<div id=\"depicter-1-section-1\" class=\"depicter-section depicter-1-section-1\" data-name=\"Section 1\" data-type=\"section\" data-local-id=\"section-1\">\n<picture class=\"depicter-bg\">\n<source data-depicter-srcset=\"https:\/\/www.ull.es\/doctorados\/psicologia\/wp-content\/uploads\/sites\/3\/2025\/05\/Headers-Doctorados_Doctorado-Psicologia-768x248.jpg, https:\/\/www.ull.es\/doctorados\/psicologia\/wp-content\/uploads\/sites\/3\/2025\/05\/Headers-Doctorados_Doctorado-Psicologia.jpg 2x\" srcset=\"data:image\/gif;base64,R0lGODlhAQABAIAAAAAAAP\/\/\/yH5BAEAAAAALAAAAAABAAEAAAIBRAA7\" media=\"(max-width: 1024px)\" \/>\n\n<source data-depicter-srcset=\"https:\/\/www.ull.es\/doctorados\/psicologia\/wp-content\/uploads\/sites\/3\/2025\/05\/Headers-Doctorados_Doctorado-Psicologia.jpg, https:\/\/www.ull.es\/doctorados\/psicologia\/wp-content\/uploads\/sites\/3\/2025\/05\/Headers-Doctorados_Doctorado-Psicologia-2000x645.jpg 2x\" srcset=\"data:image\/gif;base64,R0lGODlhAQABAIAAAAAAAP\/\/\/yH5BAEAAAAALAAAAAABAAEAAAIBRAA7\" media=\"(min-width: 1025px)\" \/>\n<img decoding=\"async\" src=\"data:image\/gif;base64,R0lGODlhAQABAIAAAAAAAP\/\/\/yH5BAEAAAAALAAAAAABAAEAAAIBRAA7\" data-ken-burns=\"false\" data-tablet-ken-burns=\"false\" data-mobile-ken-burns=\"false\" alt=\"\" data-depicter-src=\"https:\/\/www.ull.es\/doctorados\/psicologia\/wp-content\/uploads\/sites\/3\/2025\/05\/Headers-Doctorados_Doctorado-Psicologia.jpg\" data-object-fit=\"custom,custom,\" data-object-position=\"center top,,\" data-crop=\"{'focalPoint':{'x':0.5,'y':0.5},'mediaSize':{'width':1395.3488372093024736386723816394805908203125,'height':450}}\" data-tablet-crop=\"{'focalPoint':{'x':0.5,'y':0.5},'mediaSize':{'width':2170.54263565891460530110634863376617431640625,'height':700}}\" data-mobile-crop=\"{'focalPoint':{'x':0.5,'y':0.5},'mediaSize':{'width':2294.57364341085258274688385426998138427734375,'height':740}}\" \/>\n<\/picture>\n\n\n<h1 id=\"depicter-1-element-5\" class=\"depicter-element depicter-layer depicter-1-element-5\" data-type=\"text\" data-wrap=\"true\" data-name=\"Text 2\" data-local-id=\"element-5\" data-offset=\"x:5px;y:140px;origin:tl\" data-tablet-offset=\"x:297px;y:211px;origin:tl\" data-mobile-offset=\"x:6px;y:108px;origin:tl\" data-width=\"1191px,655px,348px\" data-height=\"auto,auto,auto\" data-responsive-scale=\"true,,\">Programa de Doctorado en Psicolog\u00eda<\/h1>\n\n<div id=\"depicter-1-element-10\" class=\"depicter-element depicter-layer depicter-1-element-10\" data-type=\"shape\" data-wrap=\"true\" data-name=\"Shape 1\" data-local-id=\"element-10\" data-offset=\"x:5px;y:318px;origin:tl\" data-tablet-offset=\"x:286px;y:463px;origin:tl\" data-mobile-offset=\"x:6px;y:260px;origin:tl\" data-width=\"952px,479px,296px\" data-height=\"8px,8px,8px\" data-responsive-scale=\"true,,\"><\/div>\n<\/div>\n<\/div>\n<script>\n(window.depicterSetups = window.depicterSetups || []).push(function(){\n\tDepicter.basePath = 'https:\/\/www.ull.es\/doctorados\/psicologia\/wp-content\/plugins\/depicter\/resources\/scripts\/player\/';\n\tconst dpPlayer = Depicter.setup('.depicter-1',\n\t\t{\"width\":[\"1200\",\"1024\",\"360\"],\"height\":[\"450\",\"700\",\"360\"],\"view\":\"basic\",\"keepAspectRatio\":true,\"preload\":0,\"layout\":\"fullwidth\",\"rtl\":false,\"initAfterAppear\":false,\"ajaxApiUrl\":\"https:\\\/\\\/www.ull.es\\\/doctorados\\\/psicologia\\\/wp-admin\\\/admin-ajax.php\",\"mouseSwipe\":true,\"touchSwipe\":true,\"useWatermark\":false}\n\t);\n});\n<\/script><\/div><\/div><\/div>\n<\/div><\/div>\n\n\n\n<div class=\"wp-block-stackable-columns alignfull stk-block-columns stk--hide-mobile stk-block stk-6394276 stk-block-background\" data-block-id=\"6394276\"><style>.stk-6394276 {background-color:#f33f4e !important;padding-top:10px !important;margin-bottom:0px !important;}.stk-6394276:before{background-color:#f33f4e !important;}<\/style><div class=\"stk-row stk-inner-blocks stk-block-content stk-content-align stk-6394276-column alignfull\">\n<div class=\"wp-block-stackable-column stk-block-column stk-column stk-block stk-8a66885\" data-v=\"4\" data-block-id=\"8a66885\"><div class=\"stk-column-wrapper stk-block-column__content stk-container stk-8a66885-container stk--no-background stk--no-padding\"><div class=\"stk-block-content stk-inner-blocks stk-8a66885-inner-blocks\">\n<div class=\"wp-block-stackable-spacer stk-block-spacer stk--no-padding stk-block stk-bc89b3e\" data-block-id=\"bc89b3e\"><style>.stk-bc89b3e {height:0px !important;}<\/style><\/div>\n<\/div><\/div><\/div>\n<\/div><\/div>\n\n\n\n<div class=\"wp-block-stackable-columns stk-block-columns stk-block stk-8b59b96\" data-block-id=\"8b59b96\"><style>.stk-8b59b96 .stk--block-align-8b59b96{align-items:flex-start !important;}.stk-8b59b96 {margin-top:50px !important;}.stk-8b59b96-column{--stk-columns-spacing:0px !important;--stk-column-gap:50px !important;}<\/style><div class=\"stk-row stk-inner-blocks stk--block-align-8b59b96 stk-block-content stk-content-align stk-8b59b96-column\">\n<div class=\"wp-block-stackable-column stk-block-column stk-column stk-block stk-dbb7e15\" data-v=\"4\" data-block-id=\"dbb7e15\"><style>@media screen and (min-width: 768px){.stk-dbb7e15 {flex:var(--stk-flex-grow, 1) 1 66.7% !important;}}<\/style><div class=\"stk-column-wrapper stk-block-column__content stk-container stk-dbb7e15-container stk--no-background stk--no-padding\"><div class=\"stk-block-content stk-inner-blocks stk-dbb7e15-inner-blocks\">\n<div class=\"wp-block-stackable-heading stk-block-heading stk-block-heading--v2 stk-block stk-cc0239e\" id=\"complementos-de-formacion\" data-block-id=\"cc0239e\"><style>.stk-cc0239e .stk-block-heading__text{color:#000000 !important;font-weight:500 !important;}<\/style><h1 class=\"stk-block-heading__text has-text-color\">Seguimiento del doctorando<\/h1><\/div>\n\n\n\n<p>El programa de doctorado sigue las directrices del art\u00edculo 11, Supervisi\u00f3n y seguimiento del doctorando del Real Decreto 99\/2011 y del Reglamento de Ense\u00f1anzas Oficiales de Doctorado de la ULL que en sus art\u00edculos 14, 15 y 16 describe la composici\u00f3n de la Comisi\u00f3n Acad\u00e9mica del programa de doctorado y sus funciones entre las que se cuenta la supervisi\u00f3n y seguimiento del doctorando durante su formaci\u00f3n doctoral. La Comisi\u00f3n Acad\u00e9mica del programa oficial de doctorado estar\u00e1 compuesta por seis personas: cuatro profesores y\/o investigadores correspondientes a cada l\u00ednea de investigaci\u00f3n que conforma el programa de doctorado, un profesor\/investigador miembro de la Comisi\u00f3n de Calidad que har\u00e1 las funciones de secretario\/a y el Coordinador Acad\u00e9mico, que ejercer\u00e1 como presidente de la misma y que cumple los requisitos requeridos tanto en el Real Decreto como en el Reglamento de la ULL.<\/p>\n\n\n\n<p>He aqu\u00ed la transcripci\u00f3n de dichos art\u00edculos:<\/p>\n\n\n\n<p>Art\u00edculo 14.-&nbsp;<strong>La comisi\u00f3n acad\u00e9mica.<\/strong><\/p>\n\n\n\n<p>1. La comisi\u00f3n acad\u00e9mica del programa oficial de doctorado estar\u00e1 compuesta por un m\u00e1ximo de siete profesores y\/o investigadores participantes en el mismo, incluyendo al coordinador acad\u00e9mico, que ejercer\u00e1 como presidente de la misma. En la comisi\u00f3n acad\u00e9mica deber\u00e1 integrarse, al menos, un miembro de cada l\u00ednea de investigaci\u00f3n que conforme el programa de doctorado, respetando el l\u00edmite anterior. En el caso que existan m\u00e1s de siete l\u00edneas de investigaci\u00f3n, a la finalizaci\u00f3n de cada mandato se producir\u00e1 una renovaci\u00f3n de la comisi\u00f3n acad\u00e9mica, integr\u00e1ndose como miembros de la misma, profesores y\/o investigadores de aquellas l\u00edneas que no hubiesen contado con representantes en el anterior mandato. En su caso, se establecer\u00e1 un sistema rotatorio de designaci\u00f3n de miembros por cada l\u00ednea de investigaci\u00f3n, de forma que cada l\u00ednea no cuente con representante en la comisi\u00f3n acad\u00e9mica m\u00e1s de dos mandatos consecutivos.<\/p>\n\n\n\n<p>2. Los miembros de la comisi\u00f3n acad\u00e9mica que sean profesores o investigadores deber\u00e1n reunir los mismos requisitos establecidos para ser director de tesis en el correspondiente programa de doctorado.<\/p>\n\n\n\n<p>3. Adem\u00e1s, podr\u00e1n integrarse como miembros de la comisi\u00f3n acad\u00e9mica representantes de las entidades externas al programa de doctorado que colaboren en su desarrollo, en un n\u00famero no superior a tres. En caso necesario se establecer\u00e1 un sistema rotatorio de designaci\u00f3n de representantes por parte de las entidades externas.<\/p>\n\n\n\n<p>Art\u00edculo 15.-&nbsp;<strong>Funciones de la comisi\u00f3n acad\u00e9mica<\/strong>.<\/p>\n\n\n\n<p>Ser\u00e1n funciones de la comisi\u00f3n acad\u00e9mica las siguientes:<\/p>\n\n\n\n<p>a. Proponer la admisi\u00f3n del alumnado.<\/p>\n\n\n\n<p>b. Establecer los complementos formativos que deba cursar, en su caso, el alumnado admitido en funci\u00f3n de su perfil de acceso, de acuerdo a lo que establezca la memoria de solicitud de verificaci\u00f3n del programa de doctorado.<\/p>\n\n\n\n<p>c. Asignar tutor y director a cada estudiante de nuevo acceso del programa de doctorado.<\/p>\n\n\n\n<p>d. Colaborar con el coordinador acad\u00e9mico en el desarrollo de sus funciones.<\/p>\n\n\n\n<p>e. Evaluar el plan de investigaci\u00f3n y el documento de actividades de cada estudiante del programa en los plazos establecidos para ello.<\/p>\n\n\n\n<p>f. Elegir los doctores que deben de emitir los informes en aquellas tesis doctorales que aspiren al t\u00edtulo de Doctor con Menci\u00f3n internacional.<\/p>\n\n\n\n<p>g. Analizar las tesis doctorales que se presenten para iniciar su tr\u00e1mite de defensa, de cara a la emisi\u00f3n del informe correspondiente, de conformidad a lo dispuesto en el art\u00edculo 26.2.c) del presente reglamento.<\/p>\n\n\n\n<p>h. Formular la propuesta para el nombramiento de los doctores que habr\u00e1n de formar parte del tribunal de tesis.<\/p>\n\n\n\n<p>i. Proponer al Rector\/a el nombramiento de nuevo coordinador acad\u00e9mico una vez se produzca el cese por cumplimiento del periodo establecido en el presente reglamento, o por cualquiera de las circunstancias contempladas en la legislaci\u00f3n vigente para cargos acad\u00e9micos.<\/p>\n\n\n\n<p>j. Comprobar cada curso acad\u00e9mico que los integrantes del programa de doctorado cumplen los requisitos establecidos para ser asignados como directores de tesis. A estos efectos remitir\u00e1n listado actualizado de los mismos a la Escuela de Doctorado antes del comienzo de cada curso acad\u00e9mico.<\/p>\n\n\n\n<p>k. Cualesquiera otras que le asignen los \u00f3rganos competentes.<\/p>\n\n\n\n<p>Art\u00edculo 16.-<strong>&nbsp;Vigencia de la comisi\u00f3n acad\u00e9mica<\/strong>.<\/p>\n\n\n\n<p>1. La condici\u00f3n de miembro de la comisi\u00f3n acad\u00e9mica tendr\u00e1 una duraci\u00f3n de tres cursos acad\u00e9micos desde su nombramiento, siempre que se mantengan las condiciones para ser miembro de la misma. En caso contrario, se producir\u00e1 su cese y sustituci\u00f3n en el curso en el que se haya constatado que no re\u00fane dichos requisitos.<\/p>\n\n\n\n<p>2. Los integrantes de las l\u00edneas de investigaci\u00f3n que conforman el programa de doctorado podr\u00e1n sustituir a los miembros designados por ellos cuando se presenten alguna de las razones contempladas en las normativas que regulan la pertenencia a \u00f3rganos colegiados.<\/p>\n\n\n\n<p>3. La condici\u00f3n de miembro de la comisi\u00f3n acad\u00e9mica puede ser prorrogada por una vez si as\u00ed lo estiman los integrantes de la l\u00ednea de investigaci\u00f3n a la que est\u00e9 adscrito.<\/p>\n\n\n\n<p>Asimismo, dicho Reglamento en su art\u00edculo 23, describe los procedimientos previstos por el programa de doctorado para la supervisi\u00f3n y el seguimiento del doctorando durante su formaci\u00f3n doctoral.<\/p>\n\n\n\n<p>Art\u00edculo 23.-&nbsp;<strong>Supervisi\u00f3n y seguimiento del doctorando<\/strong>.<\/p>\n\n\n\n<p>1. Una vez matriculado el doctorando, el tutor junto con el director establecer\u00e1n su documento de actividades personalizado a efectos del registro individualizado de control a que se refiere el art\u00edculo 2.5 de este reglamento. En el se inscribir\u00e1n todas las actividades de inter\u00e9s para el desarrollo del doctorando, seg\u00fan regule la universidad, la Escuela de Doctorado, el \u00f3rgano responsable del programa de doctorado o la propia comisi\u00f3n acad\u00e9mica y ser\u00e1 regularmente revisado por el tutor y el director de tesis y evaluado por la comisi\u00f3n acad\u00e9mica responsable del programa de doctorado a que se refiere el art\u00edculo 14.<\/p>\n\n\n\n<p>2. Antes de la finalizaci\u00f3n del primer a\u00f1o el doctorando elaborar\u00e1 un Plan de investigaci\u00f3n que incluir\u00e1, al menos, la metodolog\u00eda a utilizar y los objetivos a alcanzar, as\u00ed como los medios y la planificaci\u00f3n temporal para lograrlos. Dicho Plan se podr\u00e1 mejorar y detallar a lo largo de su estancia en el programa y debe estar avalado por el tutor y el director.<\/p>\n\n\n\n<p>3. Anualmente la comisi\u00f3n acad\u00e9mica del programa evaluar\u00e1 el desarrollo del Plan de investigaci\u00f3n y el documento de actividades desarrolladas por el doctorando junto con los informes que, a tal efecto, deber\u00e1n emitir el tutor y el director.<\/p>\n\n\n\n<p>4. La evaluaci\u00f3n positiva ser\u00e1 requisito indispensable para continuar en el programa. En caso de evaluaci\u00f3n negativa, la comisi\u00f3n acad\u00e9mica emitir\u00e1 un informe motivando la misma, en el que se propondr\u00e1n las medidas correctoras oportunas de cara a la siguiente evaluaci\u00f3n. En el caso de evaluaci\u00f3n negativa, el doctorando deber\u00e1 ser de nuevo evaluado en el plazo de seis meses, a cuyo efecto elaborar\u00e1 un nuevo Plan de investigaci\u00f3n. En el supuesto de producirse una nueva evaluaci\u00f3n negativa, el doctorando causar\u00e1 baja definitiva en el programa.<\/p>\n\n\n\n<p>Adem\u00e1s de la asignaci\u00f3n del tutor, los plazos establecidos para dicha asignaci\u00f3n, as\u00ed como el procedimiento establecido para la modificaci\u00f3n de esta asignaci\u00f3n, seg\u00fan el Art\u00edculo 10 del Reglamento de la ULL, puntos 5, 6 y 7, la Comisi\u00f3n Acad\u00e9mica del programa de doctorado procurar\u00e1 una distribuci\u00f3n adecuada y proporcionada de los estudiantes de doctorado entre las l\u00edneas de investigaci\u00f3n que componen el programa de doctorado y los directores, estableciendo una serie de limitaciones a la hora de evitar la acumulaci\u00f3n de trabajos bajo una misma l\u00ednea y direcci\u00f3n, el excesivo alargamiento en la realizaci\u00f3n de la tesis doctoral por causas ajenas al alumnado, o la falta de publicaciones basadas en los resultados de la tesis.<\/p>\n\n\n\n<p>He aqu\u00ed el contenido de dichos puntos 5, 6 y 7 del art\u00edculo 10:<\/p>\n\n\n\n<p>5. La comisi\u00f3n acad\u00e9mica del programa de doctorado procurar\u00e1 una distribuci\u00f3n adecuada y proporcionada de los estudiantes de doctorado entre las l\u00edneas de investigaci\u00f3n que componen el programa de doctorado y los directores. A estos efectos, se establecen las siguientes limitaciones:<\/p>\n\n\n\n<p>a) En un mismo curso acad\u00e9mico no se podr\u00e1 designar un mismo director de tesis a m\u00e1s de tres estudiantes de nuevo acceso con dedicaci\u00f3n a tiempo completo, o equivalente.<\/p>\n\n\n\n<p>b) Se establece que un director no podr\u00e1 dirigir simult\u00e1neamente m\u00e1s de cuatro tesis doctorales que se est\u00e9n realizando en r\u00e9gimen de dedicaci\u00f3n a tiempo completo, o su equivalencia a tiempo parcial. Asimismo, el mismo equipo de director y codirector no podr\u00e1 dirigir m\u00e1s de cuatro tesis simult\u00e1neamente.<\/p>\n\n\n\n<p>c) El l\u00edmite se\u00f1alado en el apartado precedente podr\u00e1 elevarse a ocho en el caso de directores cuyas tesis dirigidas con anterioridad hubiesen originado cada una de ellas, al menos, dos publicaciones en revistas cient\u00edficas con censores internacionales. En todo caso, a partir de la quinta tesis doctoral deber\u00e1 contarse obligatoriamente con codirector, sin perjuicio de lo se\u00f1alado en cuanto a limitaciones en el apartado precedente.<\/p>\n\n\n\n<p>d) Las tesis realizadas bajo la modalidad de cotutela no computar\u00e1n a los efectos se\u00f1alados en este apartado.<\/p>\n\n\n\n<p>e) Por cada tesis que no conste acreditada la recepci\u00f3n de una publicaci\u00f3n, al menos, por parte de la correspondiente entidad editora en un plazo no superior a un a\u00f1o tras su defensa, los l\u00edmites se\u00f1alados para la direcci\u00f3n de tesis en el presente apartado se reducir\u00e1n en uno.<\/p>\n\n\n\n<p>6. La labor de tutela del doctorando y de direcci\u00f3n de tesis ser\u00e1 reconocida como parte de la dedicaci\u00f3n docente e investigadora del profesorado en los t\u00e9rminos que establezca la normativa correspondiente de la Universidad de La Laguna.<\/p>\n\n\n\n<p>7. Aquel director cuyos estudiantes de doctorado defiendan sus tesis en un plazo superior a cuatro a\u00f1os ver\u00e1n minorado el l\u00edmite establecido en el art\u00edculo 10.5.b del presente reglamento a raz\u00f3n de uno por cada tesis defendida en un plazo superior al se\u00f1alado. Lo mismo ser\u00e1 de aplicaci\u00f3n, en t\u00e9rminos temporales equivalentes, a las tesis que se encuentren realiz\u00e1ndose en r\u00e9gimen de dedicaci\u00f3n a tiempo parcial. A estos efectos no se tendr\u00e1n en cuenta los abandonos voluntarios de los doctorandos ni las desvinculaciones de estos, producto de evaluaciones negativas de sus planes de investigaci\u00f3n.<\/p>\n\n\n\n<p>Respecto al procedimiento utilizado para el control del registro de actividades de cada doctorando y la certificaci\u00f3n de sus datos, el programa propone seg\u00fan la actividad formativa de que se trate, que sea el Tutor o el Director, o en su caso ambos los que recojan esta informaci\u00f3n y se la hagan llegar a la Comisi\u00f3n Acad\u00e9mica del programa para que sea certificada ya que seg\u00fan el art\u00edculo 15 del Reglamento de la ULL, arriba rese\u00f1ado, es dicha comisi\u00f3n la que tiene la funci\u00f3n de evaluar anualmente el Plan de investigaci\u00f3n y el Plan de Formaci\u00f3n que contiene el documento de actividades de cada estudiante del programa en los plazos establecidos para ello. Asimismo, dicha comisi\u00f3n debe aprobar la previsi\u00f3n de estancias de los doctorandos en otros centros, nacionales e internacionales, cotutelas y menciones europeas, seg\u00fan el Procedimiento para solicitar la Menci\u00f3n Internacional en una tesis doctoral de la ULL.<\/p>\n\n\n\n<p>Se prev\u00e9 que los estudiantes desde el segundo a\u00f1o puedan realizar al menos una estancia de tres meses (tanto para los de tiempo completo como para los de tiempo parcial distribuida en el tiempo) en otros centros siempre que haya financiaci\u00f3n (est\u00e1 prevista una actividad de formaci\u00f3n en este sentido).<\/p>\n\n\n\n<p>Tambi\u00e9n se favorece la cotutela y las menciones internacionales en las condiciones all\u00ed rese\u00f1adas (ver final apartado 5.1).<\/p>\n\n\n\n<p>Se ha previsto la participaci\u00f3n de expertos internacionales en las tesis con menci\u00f3n internacional tal como se\u00f1ala la normativa existente. Asimismo, se recomienda la presencia de expertos internacionales en el resto de los casos, sobre todo cuando la tem\u00e1tica del trabajo de tesis lo requiera.<\/p>\n<\/div><\/div><\/div>\n\n\n\n<div class=\"wp-block-stackable-column stk-block-column stk-column stk-block stk-53ec762\" data-v=\"4\" data-block-id=\"53ec762\"><style>.stk-53ec762-inner-blocks{row-gap:0px !important;}.stk-53ec762 {padding-top:0px !important;padding-right:0px !important;padding-bottom:0px !important;padding-left:0px !important;}@media screen and (min-width: 768px){.stk-53ec762 {flex:var(--stk-flex-grow, 1) 1 33.3% !important;}}<\/style><div class=\"stk-column-wrapper stk-block-column__content stk-container stk-53ec762-container stk--no-background stk--no-padding\"><div class=\"stk-block-content stk-inner-blocks stk-53ec762-inner-blocks\">\n\n<ul class=\"widget-box\">\n<li class='contacto-header'>Informaci\u00f3n de contacto<\/li><li><i class=\"fa fa-map-marker\"><\/i> Avda. Astrof\u00edsico Francisco S\u00e1nchez, SN. Edificio Calabaza \u2013 AN.2D Apdo. 456 38200 San Crist\u00f3bal de La Laguna<\/li><li><i class=\"fa fa-envelope\"><\/i>  <a href=mailto:doctorado.psicologia@ull.es>doctorado.psicologia@ull.es<\/a><\/li><li><i class=\"fa fa-calendar\"><\/i><a href=\"http:\/\/citaprevia.ull.es\/index.php?s=edpo\"> Cita previa<\/a><\/li>\n<\/ul>\n\n\n<\/div><\/div><\/div>\n<\/div><\/div>\n","protected":false},"excerpt":{"rendered":"<p>Suivi des doctorants Le programme doctoral suit les directives de l&#039;article 11, Encadrement et suivi des doctorants, du d\u00e9cret royal 99\/2011 et du R\u00e8glement des \u00e9tudes doctorales officielles \u00e0 l&#039;ULL, qui dans ses articles 14, 15 et 16 d\u00e9crivent la composition du Comit\u00e9 acad\u00e9mique du programme doctoral et ses fonctions\u2026<\/p>","protected":false},"author":1,"featured_media":0,"parent":27,"menu_order":0,"comment_status":"closed","ping_status":"closed","template":"templates\/template-frontpage.php","meta":{"_acf_changed":false,"footnotes":""},"class_list":["post-72","page","type-page","status-publish","hentry"],"acf":[],"publishpress_future_action":{"enabled":false,"date":"2026-04-19 02:17:23","action":"change-status","newStatus":"draft","terms":[],"taxonomy":"","extraData":[]},"publishpress_future_workflow_manual_trigger":{"enabledWorkflows":[]},"_links":{"self":[{"href":"https:\/\/www.ull.es\/doctorados\/psicologia\/fr\/wp-json\/wp\/v2\/pages\/72","targetHints":{"allow":["GET"]}}],"collection":[{"href":"https:\/\/www.ull.es\/doctorados\/psicologia\/fr\/wp-json\/wp\/v2\/pages"}],"about":[{"href":"https:\/\/www.ull.es\/doctorados\/psicologia\/fr\/wp-json\/wp\/v2\/types\/page"}],"author":[{"embeddable":true,"href":"https:\/\/www.ull.es\/doctorados\/psicologia\/fr\/wp-json\/wp\/v2\/users\/1"}],"replies":[{"embeddable":true,"href":"https:\/\/www.ull.es\/doctorados\/psicologia\/fr\/wp-json\/wp\/v2\/comments?post=72"}],"version-history":[{"count":9,"href":"https:\/\/www.ull.es\/doctorados\/psicologia\/fr\/wp-json\/wp\/v2\/pages\/72\/revisions"}],"predecessor-version":[{"id":407,"href":"https:\/\/www.ull.es\/doctorados\/psicologia\/fr\/wp-json\/wp\/v2\/pages\/72\/revisions\/407"}],"up":[{"embeddable":true,"href":"https:\/\/www.ull.es\/doctorados\/psicologia\/fr\/wp-json\/wp\/v2\/pages\/27"}],"wp:attachment":[{"href":"https:\/\/www.ull.es\/doctorados\/psicologia\/fr\/wp-json\/wp\/v2\/media?parent=72"}],"curies":[{"name":"wp","href":"https:\/\/api.w.org\/{rel}","templated":true}]}}