{"id":82,"date":"2018-02-22T14:14:43","date_gmt":"2018-02-22T14:14:43","guid":{"rendered":"http:\/\/www.ull.es\/doctorados\/psicologia\/?page_id=82"},"modified":"2025-08-20T08:31:21","modified_gmt":"2025-08-20T08:31:21","slug":"movilidad","status":"publish","type":"page","link":"https:\/\/www.ull.es\/doctorados\/psicologia\/fr\/informacion-academica\/movilidad\/","title":{"rendered":"Mobilit\u00e9"},"content":{"rendered":"\n<div class=\"wp-block-stackable-columns alignfull stk-block-columns stk-block stk-2314a6b\" data-block-id=\"2314a6b\"><style>.stk-2314a6b {padding-bottom:0px !important;margin-top:-100px !important;margin-bottom:0px !important;}<\/style><div class=\"stk-row stk-inner-blocks stk-block-content stk-content-align stk-2314a6b-column alignfull\">\n<div class=\"wp-block-stackable-column stk-block-column stk-column stk-block stk-1d1764d\" data-v=\"4\" data-block-id=\"1d1764d\"><div class=\"stk-column-wrapper stk-block-column__content stk-container stk-1d1764d-container stk--no-background stk--no-padding\"><div class=\"stk-block-content stk-inner-blocks stk-1d1764d-inner-blocks\"><style id=\"depicter-1-inline-pre-css\">\n\n.depicter-1:not(.depicter-ready){\n\theight:450px;\n}\n\n\/***** Tablet *****\/\n@media screen and (max-width: 1024px){\n\n.depicter-1:not(.depicter-ready){\n\theight:700px;\n}\n\n}\n\/***** Mobile *****\/\n@media screen and (max-width: 767px){\n\n.depicter-1:not(.depicter-ready){\n\theight:360px;\n}\n\n}\n<\/style>\n<div id=\"depicter-1\" class=\"depicter depicter-document depicter-revert depicter-1 depicter-layout-fullwidth\">\n\n<div class=\"depicter-loading-container depicter-loading dotFlashing-dark\"><div class=\"depicter-loading-dark depicter-dot-flashing\">\n   <span><\/span>\n   <span><\/span>\n   <span><\/span>\n<\/div>\n<\/div>\n<div id=\"depicter-1-section-1\" class=\"depicter-section depicter-1-section-1\" data-name=\"Section 1\" data-type=\"section\" data-local-id=\"section-1\">\n<picture class=\"depicter-bg\">\n<source data-depicter-srcset=\"https:\/\/www.ull.es\/doctorados\/psicologia\/wp-content\/uploads\/sites\/3\/2025\/05\/Headers-Doctorados_Doctorado-Psicologia-768x248.jpg, https:\/\/www.ull.es\/doctorados\/psicologia\/wp-content\/uploads\/sites\/3\/2025\/05\/Headers-Doctorados_Doctorado-Psicologia.jpg 2x\" srcset=\"data:image\/gif;base64,R0lGODlhAQABAIAAAAAAAP\/\/\/yH5BAEAAAAALAAAAAABAAEAAAIBRAA7\" media=\"(max-width: 1024px)\" \/>\n\n<source data-depicter-srcset=\"https:\/\/www.ull.es\/doctorados\/psicologia\/wp-content\/uploads\/sites\/3\/2025\/05\/Headers-Doctorados_Doctorado-Psicologia.jpg, https:\/\/www.ull.es\/doctorados\/psicologia\/wp-content\/uploads\/sites\/3\/2025\/05\/Headers-Doctorados_Doctorado-Psicologia-2000x645.jpg 2x\" srcset=\"data:image\/gif;base64,R0lGODlhAQABAIAAAAAAAP\/\/\/yH5BAEAAAAALAAAAAABAAEAAAIBRAA7\" media=\"(min-width: 1025px)\" \/>\n<img decoding=\"async\" src=\"data:image\/gif;base64,R0lGODlhAQABAIAAAAAAAP\/\/\/yH5BAEAAAAALAAAAAABAAEAAAIBRAA7\" data-ken-burns=\"false\" data-tablet-ken-burns=\"false\" data-mobile-ken-burns=\"false\" alt=\"\" data-depicter-src=\"https:\/\/www.ull.es\/doctorados\/psicologia\/wp-content\/uploads\/sites\/3\/2025\/05\/Headers-Doctorados_Doctorado-Psicologia.jpg\" data-object-fit=\"custom,custom,\" data-object-position=\"center top,,\" data-crop=\"{'focalPoint':{'x':0.5,'y':0.5},'mediaSize':{'width':1395.3488372093024736386723816394805908203125,'height':450}}\" data-tablet-crop=\"{'focalPoint':{'x':0.5,'y':0.5},'mediaSize':{'width':2170.54263565891460530110634863376617431640625,'height':700}}\" data-mobile-crop=\"{'focalPoint':{'x':0.5,'y':0.5},'mediaSize':{'width':2294.57364341085258274688385426998138427734375,'height':740}}\" \/>\n<\/picture>\n\n\n<h1 id=\"depicter-1-element-5\" class=\"depicter-element depicter-layer depicter-1-element-5\" data-type=\"text\" data-wrap=\"true\" data-name=\"Text 2\" data-local-id=\"element-5\" data-offset=\"x:5px;y:140px;origin:tl\" data-tablet-offset=\"x:297px;y:211px;origin:tl\" data-mobile-offset=\"x:6px;y:108px;origin:tl\" data-width=\"1191px,655px,348px\" data-height=\"auto,auto,auto\" data-responsive-scale=\"true,,\">Programa de Doctorado en Psicolog\u00eda<\/h1>\n\n<div id=\"depicter-1-element-10\" class=\"depicter-element depicter-layer depicter-1-element-10\" data-type=\"shape\" data-wrap=\"true\" data-name=\"Shape 1\" data-local-id=\"element-10\" data-offset=\"x:5px;y:318px;origin:tl\" data-tablet-offset=\"x:286px;y:463px;origin:tl\" data-mobile-offset=\"x:6px;y:260px;origin:tl\" data-width=\"952px,479px,296px\" data-height=\"8px,8px,8px\" data-responsive-scale=\"true,,\"><\/div>\n<\/div>\n<\/div>\n<script>\n(window.depicterSetups = window.depicterSetups || []).push(function(){\n\tDepicter.basePath = 'https:\/\/www.ull.es\/doctorados\/psicologia\/wp-content\/plugins\/depicter\/resources\/scripts\/player\/';\n\tconst dpPlayer = Depicter.setup('.depicter-1',\n\t\t{\"width\":[\"1200\",\"1024\",\"360\"],\"height\":[\"450\",\"700\",\"360\"],\"view\":\"basic\",\"keepAspectRatio\":true,\"preload\":0,\"layout\":\"fullwidth\",\"rtl\":false,\"initAfterAppear\":false,\"ajaxApiUrl\":\"https:\\\/\\\/www.ull.es\\\/doctorados\\\/psicologia\\\/wp-admin\\\/admin-ajax.php\",\"mouseSwipe\":true,\"touchSwipe\":true,\"useWatermark\":false}\n\t);\n});\n<\/script><\/div><\/div><\/div>\n<\/div><\/div>\n\n\n\n<div class=\"wp-block-stackable-columns alignfull stk-block-columns stk--hide-mobile stk-block stk-6394276 stk-block-background\" data-block-id=\"6394276\"><style>.stk-6394276 {background-color:#f33f4e !important;padding-top:10px !important;margin-bottom:0px !important;}.stk-6394276:before{background-color:#f33f4e !important;}<\/style><div class=\"stk-row stk-inner-blocks stk-block-content stk-content-align stk-6394276-column alignfull\">\n<div class=\"wp-block-stackable-column stk-block-column stk-column stk-block stk-8a66885\" data-v=\"4\" data-block-id=\"8a66885\"><div class=\"stk-column-wrapper stk-block-column__content stk-container stk-8a66885-container stk--no-background stk--no-padding\"><div class=\"stk-block-content stk-inner-blocks stk-8a66885-inner-blocks\">\n<div class=\"wp-block-stackable-spacer stk-block-spacer stk--no-padding stk-block stk-bc89b3e\" data-block-id=\"bc89b3e\"><style>.stk-bc89b3e {height:0px !important;}<\/style><\/div>\n<\/div><\/div><\/div>\n<\/div><\/div>\n\n\n\n<div class=\"wp-block-stackable-columns stk-block-columns stk-block stk-8b59b96\" data-block-id=\"8b59b96\"><style>.stk-8b59b96 .stk--block-align-8b59b96{align-items:flex-start !important;}.stk-8b59b96 {margin-top:50px !important;}.stk-8b59b96-column{--stk-columns-spacing:0px !important;--stk-column-gap:50px !important;}<\/style><div class=\"stk-row stk-inner-blocks stk--block-align-8b59b96 stk-block-content stk-content-align stk-8b59b96-column\">\n<div class=\"wp-block-stackable-column stk-block-column stk-column stk-block stk-dbb7e15\" data-v=\"4\" data-block-id=\"dbb7e15\"><style>@media screen and (min-width: 768px){.stk-dbb7e15 {flex:var(--stk-flex-grow, 1) 1 66.7% !important;}}<\/style><div class=\"stk-column-wrapper stk-block-column__content stk-container stk-dbb7e15-container stk--no-background stk--no-padding\"><div class=\"stk-block-content stk-inner-blocks stk-dbb7e15-inner-blocks\">\n<div class=\"wp-block-stackable-heading stk-block-heading stk-block-heading--v2 stk-block stk-cc0239e\" id=\"complementos-de-formacion\" data-block-id=\"cc0239e\"><style>.stk-cc0239e .stk-block-heading__text{color:#000000 !important;font-weight:500 !important;}<\/style><h1 class=\"stk-block-heading__text has-text-color\">Movilidad<\/h1><\/div>\n\n\n\n<div class=\"wp-block-stackable-text stk-block-text stk-block stk-01c02f0\" data-block-id=\"01c02f0\"><p class=\"stk-block-text__text\">Se describen las actuaciones de movilidad que llevar\u00e1 a cabo el programa de doctorado en Psicolog\u00eda, as\u00ed como su organizaci\u00f3n, para garantizar la adquisici\u00f3n&nbsp;de las competencias por parte de los doctorandos con dedicaci\u00f3n a tiempo completo y a tiempo parcial en las actividades formativas.<\/p><\/div>\n\n\n\n<p>Se ha subrayado la que corresponde a esta actividad formativa:<\/p>\n\n\n\n<p>1) Actividades formativas que implican necesariamente movilidad siempre que exista financiaci\u00f3n:<\/p>\n\n\n\n<ul class=\"wp-block-list\">\n<li>\u00b7Participaci\u00f3n en congresos: a partir del 1\u00ba a\u00f1o tanto en dedicaci\u00f3n total como parcial.<\/li>\n\n\n\n<li>\u00b7Estancias en centros nacionales o extranjeros: a partir del 2\u00ba a\u00f1o al menos tres meses para dedicaci\u00f3n completa y dos meses para dedicaci\u00f3n parcial.<\/li>\n\n\n\n<li>Solicitud de Financiaci\u00f3n de Beca \/ Proyecto \/ Becas Movilidad: a partir del 1\u00ba a\u00f1o tanto en dedicaci\u00f3n total como parcial.<\/li>\n<\/ul>\n\n\n\n<p>2) Actividades formativas en las que el alumnado podr\u00e1 realizar una actividad similar en otra universidad o instituci\u00f3n o durante su estancia en alg\u00fan&nbsp;centro nacional o internacional:<\/p>\n\n\n\n<ul class=\"wp-block-list\">\n<li>Formaci\u00f3n en t\u00e9cnicas de Neurociencia: 1\u00ba a\u00f1o para dedicaci\u00f3n total y 2\u00ba a\u00f1o para dedicaci\u00f3n parcial.<\/li>\n\n\n\n<li>Formaci\u00f3n Estad\u00edstica Avanzada en Psicolog\u00eda: 1\u00ba a\u00f1o para dedicaci\u00f3n total y 2\u00ba a\u00f1o para dedicaci\u00f3n parcial.<\/li>\n\n\n\n<li>Taller de b\u00fasqueda de informaci\u00f3n, escritura y comunicaci\u00f3n cient\u00edfica: 1\u00ba y 2\u00ba a\u00f1o para dedicaci\u00f3n total y 2 y 3\u00ba a\u00f1o para dedicaci\u00f3n parcial.<\/li>\n\n\n\n<li>Taller de Emprendedur\u00eda: 3\u00ba a\u00f1o para la dedicaci\u00f3n total y 4\u00ba a\u00f1o para dedicaci\u00f3n parcial.<\/li>\n\n\n\n<li>Seminarios y Conferencias relativas a las l\u00edneas de investigaci\u00f3n del programa: A partir del 1\u00ba a\u00f1o para todos.<\/li>\n\n\n\n<li>Publicaci\u00f3n cient\u00edfica: A partir del 2\u00ba a\u00f1o para la dedicaci\u00f3n total y del 3\u00ba a\u00f1o para la dedicaci\u00f3n parcial.<\/li>\n\n\n\n<li>Seminarios internos del grupo de investigaci\u00f3n: A partir del 1\u00ba a\u00f1o para todos.<\/li>\n<\/ul>\n\n\n\n<p><strong>Procedimientos para el aseguramiento del correcto desarrollo de las actuaciones de movilidad.<\/strong><\/p>\n\n\n\n<p>Se seguir\u00e1 lo establecido en el procedimiento PR_06, para la gesti\u00f3n de la movilidad de los estudiantes, incluido en el SGIC de la Facultad de Psicolog\u00eda,&nbsp;en el que se recoge la sistem\u00e1tica a aplicar en la gesti\u00f3n y revisi\u00f3n de los programas de movilidad, adapt\u00e1ndolo a las especificidades de los programas&nbsp;de doctorado.<\/p>\n\n\n\n<p>Para el correcto desarrollo de las actuaciones de movilidad el Centro cuenta con un responsable de los programas de movilidad y con la Comisi\u00f3n de&nbsp;Movilidad, que son los encargados de revisar anualmente la pol\u00edtica y objetivos de movilidad, atendiendo a las convocatorias oficiales.<\/p>\n\n\n\n<p>Las actuaciones de movilidad relativas al Programa de Doctorado en Psicolog\u00eda estar\u00e1n encaminadas a facilitar y potenciar el acceso de los doctorandos&nbsp;a los programas de movilidad ofertados. Se potenciar\u00e1 la colaboraci\u00f3n y la estancia de los doctorandos en centros de investigaci\u00f3n, y de los grupos&nbsp;de investigaci\u00f3n del propio programa en el contexto de los acuerdos que se establezcan con otras universidades, organismos, instituciones o empresas;&nbsp;asimismo se facilitar\u00e1 la asistencia de los doctorandos a congresos, y otros eventos de relevancia para su formaci\u00f3n cient\u00edfica.<\/p>\n\n\n\n<p>En la evaluaci\u00f3n, seguimiento y mejora de las actuaciones de movilidad del programa de doctorado, el Coordinador de Movilidad, la Comisi\u00f3n de Movilidad&nbsp;del centro y la Comisi\u00f3n de Calidad del programa de doctorado recoger\u00e1n, analizar\u00e1n y propondr\u00e1n mejoras, cada curso acad\u00e9mico, a partir de los&nbsp;siguientes indicadores:<\/p>\n\n\n\n<p>Tasa de aprovechamiento: n\u00famero de plazas ocupadas \/ n\u00famero de plazas ofertadas para el desarrollo de programas de movilidad asociados al programa.<\/p>\n\n\n\n<p>Tasa de participaci\u00f3n: n\u00famero de alumnos\/as del programa que participan en programas de movilidad \/\/ n\u00famero de alumnos\/as matriculados en el programa que cumplen los requisitos para participar en un programa de movilidad.<\/p>\n\n\n\n<p>Tasa de rendimiento: n\u00famero de alumnos\/as que terminan un programa \/n\u00famero de alumnos\/as que participan en programas de movilidad.<\/p>\n<\/div><\/div><\/div>\n\n\n\n<div class=\"wp-block-stackable-column stk-block-column stk-column stk-block stk-53ec762\" data-v=\"4\" data-block-id=\"53ec762\"><style>.stk-53ec762-inner-blocks{row-gap:0px !important;}.stk-53ec762 {padding-top:0px !important;padding-right:0px !important;padding-bottom:0px !important;padding-left:0px !important;}@media screen and (min-width: 768px){.stk-53ec762 {flex:var(--stk-flex-grow, 1) 1 33.3% !important;}}<\/style><div class=\"stk-column-wrapper stk-block-column__content stk-container stk-53ec762-container stk--no-background stk--no-padding\"><div class=\"stk-block-content stk-inner-blocks stk-53ec762-inner-blocks\">\n\n<ul class=\"widget-box\">\n<li class='contacto-header'>Informaci\u00f3n de contacto<\/li><li><i class=\"fa fa-map-marker\"><\/i> Avda. Astrof\u00edsico Francisco S\u00e1nchez, SN. Edificio Calabaza \u2013 AN.2D Apdo. 456 38200 San Crist\u00f3bal de La Laguna<\/li><li><i class=\"fa fa-envelope\"><\/i>  <a href=mailto:doctorado.psicologia@ull.es>doctorado.psicologia@ull.es<\/a><\/li><li><i class=\"fa fa-calendar\"><\/i><a href=\"http:\/\/citaprevia.ull.es\/index.php?s=edpo\"> Cita previa<\/a><\/li>\n<\/ul>\n\n\n<\/div><\/div><\/div>\n<\/div><\/div>\n","protected":false},"excerpt":{"rendered":"<p>Mobilit\u00e9\u00a0: Les activit\u00e9s de mobilit\u00e9 men\u00e9es par le programme de doctorat en psychologie sont d\u00e9crites, ainsi que leur organisation, afin de garantir l\u2019acquisition de comp\u00e9tences par les doctorants se consacrant \u00e0 temps plein et \u00e0 temps partiel \u00e0 des activit\u00e9s de formation. La mobilit\u00e9 correspondant \u00e0 cette activit\u00e9 de formation a \u00e9t\u00e9 mise en \u00e9vidence\u00a0:\u2026<\/p>","protected":false},"author":1,"featured_media":0,"parent":17,"menu_order":0,"comment_status":"closed","ping_status":"closed","template":"templates\/template-frontpage.php","meta":{"_acf_changed":false,"footnotes":""},"class_list":["post-82","page","type-page","status-publish","hentry"],"acf":[],"publishpress_future_action":{"enabled":false,"date":"2026-04-19 07:45:54","action":"change-status","newStatus":"draft","terms":[],"taxonomy":"","extraData":[]},"publishpress_future_workflow_manual_trigger":{"enabledWorkflows":[]},"_links":{"self":[{"href":"https:\/\/www.ull.es\/doctorados\/psicologia\/fr\/wp-json\/wp\/v2\/pages\/82","targetHints":{"allow":["GET"]}}],"collection":[{"href":"https:\/\/www.ull.es\/doctorados\/psicologia\/fr\/wp-json\/wp\/v2\/pages"}],"about":[{"href":"https:\/\/www.ull.es\/doctorados\/psicologia\/fr\/wp-json\/wp\/v2\/types\/page"}],"author":[{"embeddable":true,"href":"https:\/\/www.ull.es\/doctorados\/psicologia\/fr\/wp-json\/wp\/v2\/users\/1"}],"replies":[{"embeddable":true,"href":"https:\/\/www.ull.es\/doctorados\/psicologia\/fr\/wp-json\/wp\/v2\/comments?post=82"}],"version-history":[{"count":6,"href":"https:\/\/www.ull.es\/doctorados\/psicologia\/fr\/wp-json\/wp\/v2\/pages\/82\/revisions"}],"predecessor-version":[{"id":402,"href":"https:\/\/www.ull.es\/doctorados\/psicologia\/fr\/wp-json\/wp\/v2\/pages\/82\/revisions\/402"}],"up":[{"embeddable":true,"href":"https:\/\/www.ull.es\/doctorados\/psicologia\/fr\/wp-json\/wp\/v2\/pages\/17"}],"wp:attachment":[{"href":"https:\/\/www.ull.es\/doctorados\/psicologia\/fr\/wp-json\/wp\/v2\/media?parent=82"}],"curies":[{"name":"wp","href":"https:\/\/api.w.org\/{rel}","templated":true}]}}