{"id":21,"date":"2018-02-22T11:07:35","date_gmt":"2018-02-22T11:07:35","guid":{"rendered":"http:\/\/localhost\/ull\/doctorados\/?page_id=21"},"modified":"2018-03-02T13:49:56","modified_gmt":"2018-03-02T13:49:56","slug":"entidades-participantes","status":"publish","type":"page","link":"https:\/\/www.ull.es\/doctorados\/psicologia\/entidades-participantes\/","title":{"rendered":"Entidades participantes"},"content":{"rendered":"<h1>Entidades participantes<\/h1>\n<p><strong>Colaboraciones con convenio<\/strong><\/p>\n<ul>\n<li>Universidad Aut\u00f3noma de Morelos\u00a0(M\u00e9xico)<\/li>\n<li>Universidades de Guayaquil y Casa\u00a0Grande (Ecuador)<\/li>\n<li>Universidad del Valle (Colombia)<\/li>\n<li>Universidad Casa Grande (Ecuador)<\/li>\n<li>Universidad del Norte (Colombia)<\/li>\n<li>Universidad Cat\u00f3lica Sant\u00edsima\u00a0Concepci\u00f3n (UCSC-Chile)<\/li>\n<li>Universidad de Concepci\u00f3n (Chile)<\/li>\n<li>Universidad del Valle (Guatemala)<\/li>\n<li>Universidad Nacional de Colombia<\/li>\n<li>Universidad Central de Ecuador<\/li>\n<\/ul>\n<p><strong>Otras colaboraciones<\/strong><\/p>\n<div>En el contexto de los programas de doctorado que ahora se integran en un \u00fanico Programa de Doctorado en Psicolog\u00eda de la ULL, se han venido estableciendo colaboraciones con otras universidades, organismos o instituciones tanto nacionales como internacionales. Muchas de estas colaboraciones se han regulado mediante convenios de colaboraci\u00f3n que han formalizado tanto la Oficina de Transferencia de Resultados (OTRI) de la ULL, como la Oficina de Relaciones Internacionales (ORI) en estrecha colaboraci\u00f3n con el Vicerrectorado de Internacionalizaci\u00f3n y Excelencia de la ULL. El principal prop\u00f3sito de esta iniciativa no ha sido otro que promover la creaci\u00f3n de redes de intercambio internacional.<\/div>\n<div>\n<div>Esta proyecci\u00f3n internacional del doctorado en la Facultad de Psicolog\u00eda se traduce en el intercambio de personal cient\u00edfico y cooperaci\u00f3n cient\u00edfica y tecnol\u00f3gica tanto en el espacio iberoamericano como norteamericano.<\/div>\n<div>Ejemplos de este esfuerzo en la creaci\u00f3n y participaci\u00f3n de redes de intercambio cient\u00edfico son los siguientes: a) Se ha estado participando en la Red Tem\u00e1tica de Neurociencia Cognitiva subvencionada por el MICINN durante el periodo 2009-2010; b) Se han formalizando convenios de cotutela acad\u00e9mica con la Universidad de Palermo (Italia), y est\u00e1 ahora en tr\u00e1mite con la Universidad de Coimbra (Portugal), Universidad de Guadalajara (M\u00e9xico); c) Se ha venido promoviendo el intercambio de personal cient\u00edfico as\u00ed como cooperaci\u00f3n cient\u00edfica y tecnol\u00f3gica con la Universidad Cat\u00f3lica Sant\u00edsima de la Concepci\u00f3n (Concepci\u00f3n, Chile), con la Universidad del Valle (Guatemala), con la Universidad Casa Grande (Guayaquil, Ecuador), con la Universidad Nacional San Luis Potos\u00ed (M\u00e9xico), con la Universidad Nacional Aut\u00f3noma de M\u00e9xico (UNAM, M\u00e9xico DF), Universidad del Valle (Colombia), Universidad de Rio Grande de Brasil, Universidad de Oregon (EEUU), etc. Todo ello en el contexto de los siguientes proyectos financiados por el programa de Cooperaci\u00f3n Internacional de la Agencia Espa\u00f1ola de Cooperaci\u00f3n con Iberoam\u00e9rica (AECI), que han dado lugar a la formalizaci\u00f3n de convenios que se han tramitado desde la propia ULL<\/div>\n<\/div>\n","protected":false},"excerpt":{"rendered":"<p>Entidades participantes Colaboraciones con convenio Universidad Aut\u00f3noma de Morelos\u00a0(M\u00e9xico) Universidades de Guayaquil y Casa\u00a0Grande (Ecuador) Universidad del Valle (Colombia) Universidad Casa Grande (Ecuador) Universidad del Norte (Colombia) Universidad Cat\u00f3lica Sant\u00edsima\u00a0Concepci\u00f3n (UCSC-Chile) Universidad de Concepci\u00f3n (Chile) Universidad del Valle (Guatemala) Universidad Nacional de Colombia Universidad Central de Ecuador Otras colaboraciones En el contexto de los programas&#8230;<\/p>\n","protected":false},"author":1,"featured_media":0,"parent":0,"menu_order":0,"comment_status":"closed","ping_status":"closed","template":"","meta":{"_acf_changed":false,"footnotes":""},"class_list":["post-21","page","type-page","status-publish","hentry"],"acf":[],"publishpress_future_action":{"enabled":false,"date":"2026-04-19 10:16:37","action":"change-status","newStatus":"draft","terms":[],"taxonomy":"","extraData":[]},"publishpress_future_workflow_manual_trigger":{"enabledWorkflows":[]},"_links":{"self":[{"href":"https:\/\/www.ull.es\/doctorados\/psicologia\/wp-json\/wp\/v2\/pages\/21","targetHints":{"allow":["GET"]}}],"collection":[{"href":"https:\/\/www.ull.es\/doctorados\/psicologia\/wp-json\/wp\/v2\/pages"}],"about":[{"href":"https:\/\/www.ull.es\/doctorados\/psicologia\/wp-json\/wp\/v2\/types\/page"}],"author":[{"embeddable":true,"href":"https:\/\/www.ull.es\/doctorados\/psicologia\/wp-json\/wp\/v2\/users\/1"}],"replies":[{"embeddable":true,"href":"https:\/\/www.ull.es\/doctorados\/psicologia\/wp-json\/wp\/v2\/comments?post=21"}],"version-history":[{"count":2,"href":"https:\/\/www.ull.es\/doctorados\/psicologia\/wp-json\/wp\/v2\/pages\/21\/revisions"}],"predecessor-version":[{"id":155,"href":"https:\/\/www.ull.es\/doctorados\/psicologia\/wp-json\/wp\/v2\/pages\/21\/revisions\/155"}],"wp:attachment":[{"href":"https:\/\/www.ull.es\/doctorados\/psicologia\/wp-json\/wp\/v2\/media?parent=21"}],"curies":[{"name":"wp","href":"https:\/\/api.w.org\/{rel}","templated":true}]}}